{"id":42362,"date":"2023-04-13T19:20:35","date_gmt":"2023-04-13T23:20:35","guid":{"rendered":"https:\/\/www.sisinternational.com\/?page_id=42362"},"modified":"2026-01-26T16:58:36","modified_gmt":"2026-01-26T21:58:36","slug":"pesquisa-de-mercado-de-alimentos-para-animais-de-estimacao","status":"publish","type":"page","link":"https:\/\/www.sisinternational.com\/pt\/pericia\/pesquisa-de-mercado-de-alimentos-para-animais-de-estimacao\/","title":{"rendered":"Pesquisa de mercado de alimentos para animais de estima\u00e7\u00e3o"},"content":{"rendered":"<h1 class=\"wp-block-heading\">Pesquisa de mercado de alimentos para animais de estima\u00e7\u00e3o<\/h1>\n\n\n\n<figure class=\"gb-block-image gb-block-image-15f078a1\"><img loading=\"lazy\" decoding=\"async\" width=\"1456\" height=\"816\" class=\"gb-image gb-image-15f078a1\" src=\"https:\/\/www.sisinternational.com\/wp-content\/uploads\/2025\/08\/Pets-dogs-cats-5.jpg\" alt=\"Pesquisa e Estrat\u00e9gia de Mercado Internacional da SIS\" title=\"Pets dogs cats (5)\" srcset=\"https:\/\/www.sisinternational.com\/wp-content\/uploads\/2025\/08\/Pets-dogs-cats-5.jpg 1456w, https:\/\/www.sisinternational.com\/wp-content\/uploads\/2025\/08\/Pets-dogs-cats-5-300x168.jpg 300w, https:\/\/www.sisinternational.com\/wp-content\/uploads\/2025\/08\/Pets-dogs-cats-5-1024x574.jpg 1024w, https:\/\/www.sisinternational.com\/wp-content\/uploads\/2025\/08\/Pets-dogs-cats-5-768x430.jpg 768w, https:\/\/www.sisinternational.com\/wp-content\/uploads\/2025\/08\/Pets-dogs-cats-5-18x10.jpg 18w\" sizes=\"auto, (max-width: 1456px) 100vw, 1456px\"><\/figure>\n\n\n\n<p><\/p>\n\n\n\n<p>A pesquisa de mercado de alimentos para animais de estima\u00e7\u00e3o \u00e9 um m\u00e9todo met\u00f3dico de coleta, an\u00e1lise e interpreta\u00e7\u00e3o de estat\u00edsticas e informa\u00e7\u00f5es relacionadas \u00e0 ind\u00fastria de alimentos para animais de estima\u00e7\u00e3o. A pesquisa de mercado fornece insights sobre v\u00e1rios aspectos do mercado de alimentos para animais de estima\u00e7\u00e3o, incluindo tamanho do mercado, prefer\u00eancias do consumidor, tend\u00eancias, cen\u00e1rio competitivo, principais players, canais de distribui\u00e7\u00e3o e muito mais. Os dados e estrat\u00e9gias da Pesquisa de Mercado de Alimentos para Animais de Estima\u00e7\u00e3o abrangem a fabrica\u00e7\u00e3o e comercializa\u00e7\u00e3o de produtos aliment\u00edcios para animais de estima\u00e7\u00e3o, principalmente c\u00e3es e gatos, mas tamb\u00e9m incluem alimentos para outros animais de estima\u00e7\u00e3o, como p\u00e1ssaros, peixes e pequenos mam\u00edferos.<\/p>\n\n\n\n<p>Pet <a href=\"https:\/\/www.sisinternational.com\/pt\/solucoes\/pesquisa-de-mercado-de-alimentos-qsr\/\" title=\"Pesquisa de mercado de alimentos QSR\"  data-wpil-monitor-id=\"2310\">food market research<\/a> provides insights to pet food manufacturers, retailers, and other stakeholders to make informed decisions, develop effective marketing strategies, and identify opportunities for growth in the dynamic and competitive pet food market.<\/p>\n\n\n\n<h2 class=\"wp-block-heading\">Vis\u00e3o geral da ind\u00fastria de pesquisa de mercado de alimentos para animais de estima\u00e7\u00e3o<\/h2>\n\n\n\n<p>According to data and strategies in pet <a href=\"https:\/\/www.sisinternational.com\/pt\/pericia\/industrias\/pesquisa-de-mercado-de-alimentos-congelados\/\" title=\"Pesquisa de mercado de alimentos congelados\"  data-wpil-monitor-id=\"3120\">food market research<\/a>, the pet food market worldwide is highly competitive, with several key players dominating the industry. The pet food market has experienced increasing growth in recent years, driven by the growing demands for pet ownership, changing consumer preferences, and evolving pet food trends.<\/p>\n\n\n\n<p>Pet <a href=\"https:\/\/www.sisinternational.com\/pt\/pericia\/industrias\/pesquisa-de-mercado-de-franquias-de-fast-food\/\" title=\"Pesquisa de mercado de franquia de fast food\"  data-wpil-monitor-id=\"3998\">food market research<\/a> provides insights into the industry&#8217;s overall landscape, including its size, segmentation, key players, and trends that can impact its growth. The industry overview of the pet food market, along with the trends that are driving its growth are discussed below.<\/p>\n\n\n\n<h2 class=\"wp-block-heading\">Tipos de produtos<\/h2>\n\n\n\n<figure class=\"gb-block-image gb-block-image-f2693169\"><img loading=\"lazy\" decoding=\"async\" width=\"1456\" height=\"816\" class=\"gb-image gb-image-f2693169\" src=\"https:\/\/www.sisinternational.com\/wp-content\/uploads\/2025\/08\/Pets-dogs-cats-8.jpg\" alt=\"Pesquisa e Estrat\u00e9gia de Mercado Internacional da SIS\" title=\"Pets dogs cats (8)\" srcset=\"https:\/\/www.sisinternational.com\/wp-content\/uploads\/2025\/08\/Pets-dogs-cats-8.jpg 1456w, https:\/\/www.sisinternational.com\/wp-content\/uploads\/2025\/08\/Pets-dogs-cats-8-300x168.jpg 300w, https:\/\/www.sisinternational.com\/wp-content\/uploads\/2025\/08\/Pets-dogs-cats-8-1024x574.jpg 1024w, https:\/\/www.sisinternational.com\/wp-content\/uploads\/2025\/08\/Pets-dogs-cats-8-768x430.jpg 768w, https:\/\/www.sisinternational.com\/wp-content\/uploads\/2025\/08\/Pets-dogs-cats-8-18x10.jpg 18w\" sizes=\"auto, (max-width: 1456px) 100vw, 1456px\"><\/figure>\n\n\n\n<p><\/p>\n\n\n\n<p>Below are some of the categories of pet food that cater to different types of pets and their specific nutritional requirements. Collection of data and strategies in Pet <a href=\"https:\/\/www.sisinternational.com\/pt\/pericia\/industrias\/pesquisa-de-mercado-de-perda-de-peso-de-alimentos-dieteticos\/\" title=\"Pesquisa de mercado de alimentos diet\u00e9ticos e perda de peso\"  data-wpil-monitor-id=\"5657\">Food Market Research<\/a> include some of the common categories of pet food include, but are not limited to, the following:<\/p>\n\n\n\n<p><strong>Ra\u00e7\u00e3o \u00famida para animais de estima\u00e7\u00e3o<\/strong><\/p>\n\n\n\n<p>A ra\u00e7\u00e3o \u00famida para animais de estima\u00e7\u00e3o, tamb\u00e9m conhecida como ra\u00e7\u00e3o enlatada ou \u00famida, tem um teor de umidade mais alto do que a ra\u00e7\u00e3o seca. Geralmente tem textura mais macia e \u00e9 acondicionado em latas ou saquinhos. Os animais de estima\u00e7\u00e3o podem achar a comida \u00famida mais apetitosa e atraente, especialmente aqueles que t\u00eam problemas dent\u00e1rios ou precisam de mais l\u00edquidos.<\/p>\n\n\n\n<p><strong>Ra\u00e7\u00e3o seca para animais de estima\u00e7\u00e3o<\/strong><\/p>\n\n\n\n<p>Normalmente referido como ra\u00e7\u00e3o, \u00e9 o tipo de ra\u00e7\u00e3o para animais de estima\u00e7\u00e3o mais comumente usado e acess\u00edvel. Geralmente vem em pellets secos ou pepitas e tem uma boa vida \u00fatil. A ra\u00e7\u00e3o seca \u00e9 pr\u00e1tica, econ\u00f4mica e proporciona aos animais uma alimenta\u00e7\u00e3o balanceada.<\/p>\n\n\n\n<p><strong>Alimentos para animais de estima\u00e7\u00e3o liofilizados ou desidratados<\/strong><\/p>\n\n\n\n<p>Fazer esse tipo de ra\u00e7\u00e3o envolve retirar a umidade dos componentes crus, geralmente por meio de m\u00e9todos de liofiliza\u00e7\u00e3o ou desidrata\u00e7\u00e3o. Al\u00e9m de oferecer maior prazo de validade e armazenamento mais pr\u00e1tico, preserva o conte\u00fado nutricional dos alimentos crus.<\/p>\n\n\n\n<p><strong>Alimentos crus para animais de estima\u00e7\u00e3o<\/strong><\/p>\n\n\n\n<p>Alimentos crus para animais de estima\u00e7\u00e3o s\u00e3o um tipo espec\u00edfico de alimento para animais de estima\u00e7\u00e3o, frequentemente referido como cru ou BARF (alimento cru biologicamente apropriado). \u00c9 criado a partir de alimentos crus e n\u00e3o cozidos, como carne, ossos e vegetais. \u00c9 muito apreciado pelos donos de animais de estima\u00e7\u00e3o que escolhem um alimento mais natural e n\u00e3o processado para seus animais porque se acredita que imita a dieta natural dos animais de estima\u00e7\u00e3o na natureza.<\/p>\n\n\n\n<p><strong>Alimentos para animais de estima\u00e7\u00e3o org\u00e2nicos ou naturais<\/strong><\/p>\n\n\n\n<p>Esta categoria de alimentos para animais de estima\u00e7\u00e3o \u00e9 produzida sem o uso de conservantes, cores ou sabores artificiais e \u00e9 composta por produtos certificados como org\u00e2nicos ou que passaram por processamento m\u00ednimo. \u00c9 frequentemente promovido como uma solu\u00e7\u00e3o mais saud\u00e1vel e ecol\u00f3gica para animais de estima\u00e7\u00e3o, atraindo donos de animais preocupados com o meio ambiente.<\/p>\n\n\n\n<p><strong>Ra\u00e7\u00e3o para animais de estima\u00e7\u00e3o sem gr\u00e3os ou com ingredientes limitados<\/strong><\/p>\n\n\n\n<p>Animais de estima\u00e7\u00e3o com sensibilidades alimentares, alergias ou restri\u00e7\u00f5es alimentares podem comer ra\u00e7\u00f5es sem gr\u00e3os ou com ingredientes limitados porque s\u00e3o feitas com apenas alguns ingredientes. \u00c9 frequentemente promovido como uma op\u00e7\u00e3o premium ou especial para animais com certas necessidades nutricionais.<\/p>\n\n\n\n<p>Estas s\u00e3o algumas das categorias comuns de alimentos para animais de estima\u00e7\u00e3o dispon\u00edveis no mercado, cada uma atendendo a diferentes esp\u00e9cies de animais de estima\u00e7\u00e3o, necessidades nutricionais e prefer\u00eancias do consumidor. A Pesquisa de Mercado fornece insights sobre a import\u00e2ncia de considerar as necessidades e prefer\u00eancias espec\u00edficas dos animais de estima\u00e7\u00e3o, bem como as prefer\u00eancias dos propriet\u00e1rios de animais de estima\u00e7\u00e3o, ao selecionar a categoria apropriada de alimentos para animais de estima\u00e7\u00e3o para um determinado segmento de mercado ou p\u00fablico-alvo.<\/p>\n\n\n\n<h2 class=\"wp-block-heading\"><strong>Tend\u00eancias que impulsionam a ind\u00fastria de alimentos para animais de estima\u00e7\u00e3o<\/strong><\/h2>\n\n\n\n<figure class=\"gb-block-image gb-block-image-edf6883c\"><img loading=\"lazy\" decoding=\"async\" width=\"1456\" height=\"816\" class=\"gb-image gb-image-edf6883c\" src=\"https:\/\/www.sisinternational.com\/wp-content\/uploads\/2025\/08\/Pets-dogs-cats-3.jpg\" alt=\"Pesquisa e Estrat\u00e9gia de Mercado Internacional da SIS\" title=\"Pets dogs cats (3)\" srcset=\"https:\/\/www.sisinternational.com\/wp-content\/uploads\/2025\/08\/Pets-dogs-cats-3.jpg 1456w, https:\/\/www.sisinternational.com\/wp-content\/uploads\/2025\/08\/Pets-dogs-cats-3-300x168.jpg 300w, https:\/\/www.sisinternational.com\/wp-content\/uploads\/2025\/08\/Pets-dogs-cats-3-1024x574.jpg 1024w, https:\/\/www.sisinternational.com\/wp-content\/uploads\/2025\/08\/Pets-dogs-cats-3-768x430.jpg 768w, https:\/\/www.sisinternational.com\/wp-content\/uploads\/2025\/08\/Pets-dogs-cats-3-18x10.jpg 18w\" sizes=\"auto, (max-width: 1456px) 100vw, 1456px\"><\/figure>\n\n\n\n<p><\/p>\n\n\n\n<p>O progresso do mercado de alimentos para animais de estima\u00e7\u00e3o est\u00e1 sendo acelerado por uma s\u00e9rie de fatores. Os fatores essenciais que impulsionam o crescimento deste mercado din\u00e2mico s\u00e3o explorados.<\/p>\n\n\n\n<p><strong>Humaniza\u00e7\u00e3o de Animais de Estima\u00e7\u00e3o<\/strong><\/p>\n\n\n\n<p>Os donos de animais de estima\u00e7\u00e3o est\u00e3o tratando seus animais como parte da fam\u00edlia com mais frequ\u00eancia e procuram alimentos para animais de estima\u00e7\u00e3o que sejam compar\u00e1veis em termos de nutrientes e qualidade aos alimentos humanos. Esse padr\u00e3o aumentou a demanda por produtos aliment\u00edcios para animais de estima\u00e7\u00e3o totalmente naturais e de alta qualidade, fabricados com ingredientes de qualidade superior e livres de aditivos, conservantes e enchimentos artificiais. Se a comida ajuda na digest\u00e3o, no controle do peso e na sa\u00fade geral, os donos de animais est\u00e3o dispostos a gastar mais com isso para seus animais.<\/p>\n\n\n\n<p><strong>Concentre-se na sa\u00fade e bem-estar dos animais de estima\u00e7\u00e3o<\/strong><\/p>\n\n\n\n<p>A demanda por alimentos para animais de estima\u00e7\u00e3o tem sido impulsionada pelo n\u00famero cada vez maior de propriet\u00e1rios de animais de estima\u00e7\u00e3o em todo o mundo. Desde a pandemia da COVID-19, quando muitas pessoas recorreram \u00e0 posse de animais de estima\u00e7\u00e3o em busca de consolo, os animais de estima\u00e7\u00e3o s\u00e3o agora considerados amigos, oferecendo apoio emocional e companheirismo. Os produtores de alimentos para animais de estima\u00e7\u00e3o t\u00eam agora uma base de clientes mais ampla como resultado da tend\u00eancia de expans\u00e3o da propriedade de animais de estima\u00e7\u00e3o, que melhorou o crescimento do mercado e as vendas.<\/p>\n\n\n\n<p><strong>Aumentando a posse de animais de estima\u00e7\u00e3o<\/strong><\/p>\n\n\n\n<p>O n\u00famero de propriet\u00e1rios de animais de estima\u00e7\u00e3o em todo o mundo tem aumentado constantemente, impulsionando a procura por produtos alimentares para animais de estima\u00e7\u00e3o. Os animais de estima\u00e7\u00e3o s\u00e3o agora considerados companheiros, proporcionando apoio emocional e companheirismo, especialmente durante a pandemia de COVID-19, quando muitas pessoas recorreram \u00e0 posse de animais de estima\u00e7\u00e3o em busca de conforto. A tend\u00eancia crescente de posse de animais de estima\u00e7\u00e3o criou uma base maior de clientes para fabricantes de alimentos para animais de estima\u00e7\u00e3o, levando ao aumento das vendas e ao crescimento do mercado.<\/p>\n\n\n\n<p><strong>Com\u00e9rcio eletr\u00f4nico e marketing digital<\/strong><\/p>\n\n\n\n<p>Devido ao aumento nas compras online de alimentos para animais de estima\u00e7\u00e3o, o setor de alimentos para animais de estima\u00e7\u00e3o sofreu uma mudan\u00e7a consider\u00e1vel em dire\u00e7\u00e3o ao com\u00e9rcio eletr\u00f4nico e ao marketing digital. Os canais de varejo na Internet oferecem conveni\u00eancia, acesso simples a uma variedade de produtos e pre\u00e7os acess\u00edveis. Para atingir e interagir com sucesso com os consumidores, as empresas de alimentos para animais de estima\u00e7\u00e3o est\u00e3o utilizando t\u00e1ticas de marketing digital, como marketing de m\u00eddia social, colabora\u00e7\u00f5es de influenciadores e publicidade online.<\/p>\n\n\n\n<p><strong>Personaliza\u00e7\u00e3o e Personaliza\u00e7\u00e3o<\/strong><\/p>\n\n\n\n<p>Os donos de animais de estima\u00e7\u00e3o procuram alimentos para animais de estima\u00e7\u00e3o formulados para atender \u00e0s demandas, sabores e necessidades nutricionais exclusivas de seus animais. Da\u00ed surgiu a necessidade de ra\u00e7\u00f5es especializadas e customizadas, com alternativas para diversas ra\u00e7as, idades, tamanhos e condi\u00e7\u00f5es de sa\u00fade. As empresas que produzem alimentos para animais de estima\u00e7\u00e3o est\u00e3o usando insights e tecnologia baseados em dados para desenvolver formula\u00e7\u00f5es individualizadas de alimentos para animais de estima\u00e7\u00e3o, tamanhos de por\u00e7\u00f5es e op\u00e7\u00f5es de entrega que atendam \u00e0s necessidades de animais de estima\u00e7\u00e3o espec\u00edficos.<\/p>\n\n\n\n<p><strong>Sobre <a href=\"https:\/\/www.sisinternational.com\/pt\/pericia\/industrias\/pesquisa-de-mercado-de-cuidados-com-animais-de-estimacao\/\" title=\"Pesquisa de mercado de cuidados com animais de estima\u00e7\u00e3o\"  data-wpil-monitor-id=\"6316\">Pesquisa de mercado de alimentos para animais de estima\u00e7\u00e3o<\/a><\/strong><\/p>\n\n\n\n<p>A pesquisa de mercado de alimentos para animais de estima\u00e7\u00e3o \u00e9 crucial para propriet\u00e1rios de empresas de alimentos para animais de estima\u00e7\u00e3o, pois fornece informa\u00e7\u00f5es cr\u00edticas sobre a din\u00e2mica do mercado, prefer\u00eancias do consumidor, tend\u00eancias e concorr\u00eancia, ajudando-os a tomar decis\u00f5es informadas e a desenvolver estrat\u00e9gias de marketing eficazes. Ajuda a identificar oportunidades de mercado, compreender as necessidades dos clientes, otimizar ofertas de produtos, pre\u00e7os e canais de distribui\u00e7\u00e3o e permanecer \u00e0 frente da concorr\u00eancia. A pesquisa de mercado de alimentos para animais de estima\u00e7\u00e3o permite que os propriet\u00e1rios de empresas tomem decis\u00f5es baseadas em dados, minimizem riscos e maximizem suas chances de sucesso na competitiva ind\u00fastria de alimentos para animais de estima\u00e7\u00e3o.<\/p>","protected":false},"excerpt":{"rendered":"<p>A pesquisa de mercado de alimentos para animais de estima\u00e7\u00e3o fornece insights para fabricantes de alimentos para animais de estima\u00e7\u00e3o, varejistas e outras partes interessadas para tomar decis\u00f5es informadas.<\/p>","protected":false},"author":1,"featured_media":63854,"parent":14514,"menu_order":252,"comment_status":"closed","ping_status":"closed","template":"","meta":{"footnotes":""},"class_list":["post-42362","page","type-page","status-publish","has-post-thumbnail"],"_links":{"self":[{"href":"https:\/\/www.sisinternational.com\/pt\/wp-json\/wp\/v2\/pages\/42362","targetHints":{"allow":["GET"]}}],"collection":[{"href":"https:\/\/www.sisinternational.com\/pt\/wp-json\/wp\/v2\/pages"}],"about":[{"href":"https:\/\/www.sisinternational.com\/pt\/wp-json\/wp\/v2\/types\/page"}],"author":[{"embeddable":true,"href":"https:\/\/www.sisinternational.com\/pt\/wp-json\/wp\/v2\/users\/1"}],"replies":[{"embeddable":true,"href":"https:\/\/www.sisinternational.com\/pt\/wp-json\/wp\/v2\/comments?post=42362"}],"version-history":[{"count":8,"href":"https:\/\/www.sisinternational.com\/pt\/wp-json\/wp\/v2\/pages\/42362\/revisions"}],"predecessor-version":[{"id":79899,"href":"https:\/\/www.sisinternational.com\/pt\/wp-json\/wp\/v2\/pages\/42362\/revisions\/79899"}],"up":[{"embeddable":true,"href":"https:\/\/www.sisinternational.com\/pt\/wp-json\/wp\/v2\/pages\/14514"}],"wp:featuredmedia":[{"embeddable":true,"href":"https:\/\/www.sisinternational.com\/pt\/wp-json\/wp\/v2\/media\/63854"}],"wp:attachment":[{"href":"https:\/\/www.sisinternational.com\/pt\/wp-json\/wp\/v2\/media?parent=42362"}],"curies":[{"name":"wp","href":"https:\/\/api.w.org\/{rel}","templated":true}]}}