{"id":42350,"date":"2023-04-13T16:00:35","date_gmt":"2023-04-13T20:00:35","guid":{"rendered":"https:\/\/www.sisinternational.com\/?page_id=42350"},"modified":"2026-03-12T12:42:15","modified_gmt":"2026-03-12T16:42:15","slug":"pesquisa-de-mercado-de-dispositivos-medicos","status":"publish","type":"page","link":"https:\/\/www.sisinternational.com\/pt\/solucoes\/pesquisa-de-mercado-de-saude\/pesquisa-de-mercado-de-dispositivos-medicos\/","title":{"rendered":"Pesquisa de mercado de dispositivos m\u00e9dicos"},"content":{"rendered":"<h1 class=\"wp-block-heading\">Pesquisa de mercado de dispositivos m\u00e9dicos<\/h1>\n\n\n\n<figure class=\"gb-block-image gb-block-image-a6e5b83f\"><img loading=\"lazy\" decoding=\"async\" width=\"1456\" height=\"816\" class=\"gb-image gb-image-a6e5b83f\" src=\"https:\/\/www.sisinternational.com\/wp-content\/uploads\/2025\/08\/Medical-dewvice-2.jpg\" alt=\"Pesquisa e Estrat\u00e9gia de Mercado Internacional da SIS\" title=\"Medical dewvice (2)\" srcset=\"https:\/\/www.sisinternational.com\/wp-content\/uploads\/2025\/08\/Medical-dewvice-2.jpg 1456w, https:\/\/www.sisinternational.com\/wp-content\/uploads\/2025\/08\/Medical-dewvice-2-300x168.jpg 300w, https:\/\/www.sisinternational.com\/wp-content\/uploads\/2025\/08\/Medical-dewvice-2-1024x574.jpg 1024w, https:\/\/www.sisinternational.com\/wp-content\/uploads\/2025\/08\/Medical-dewvice-2-768x430.jpg 768w, https:\/\/www.sisinternational.com\/wp-content\/uploads\/2025\/08\/Medical-dewvice-2-18x10.jpg 18w\" sizes=\"auto, (max-width: 1456px) 100vw, 1456px\"><\/figure>\n\n\n\n<p><\/p>\n\n\n\n<p>Dispositivos m\u00e9dicos s\u00e3o instrumentos, m\u00e1quinas, aparelhos, implantes ou outros artigos semelhantes. Eles s\u00e3o usados para diagnosticar, tratar ou prevenir doen\u00e7as ou outras condi\u00e7\u00f5es m\u00e9dicas. Esses dispositivos incluem ferramentas simples, como term\u00f4metros e monitores de press\u00e3o arterial. Eles tamb\u00e9m podem ser equipamentos complexos, como aparelhos de resson\u00e2ncia magn\u00e9tica e marca-passos.<\/p>\n\n\n\n<p>Os profissionais de sa\u00fade usam dispositivos m\u00e9dicos em diversos ambientes. Eles est\u00e3o em hospitais, cl\u00ednicas, consult\u00f3rios m\u00e9dicos e at\u00e9 na casa de um paciente. V\u00e1rias ag\u00eancias governamentais os regulamentam. Por exemplo, nos EUA, a Food and Drug Administration (FDA) garante que s\u00e3o seguros. Eles tamb\u00e9m cuidam para que sejam adequados ao uso pretendido.<\/p>\n\n\n\n<h3 class=\"wp-block-heading\">Exemplos de dispositivos m\u00e9dicos incluem:<\/h3>\n\n\n\n<ul class=\"wp-block-list\">\n<li>Instrumentos cir\u00fargicos, como pin\u00e7as, bisturis e afastadores<\/li>\n\n\n\n<li>Equipamentos de diagn\u00f3stico, como m\u00e1quinas de raio X, m\u00e1quinas de ultrassom e tom\u00f3grafos<\/li>\n\n\n\n<li>Implantes como marca-passos, articula\u00e7\u00f5es artificiais e dispositivos intrauterinos (DIU)<\/li>\n\n\n\n<li>Pr\u00f3teses, como aparelhos auditivos e membros artificiais<\/li>\n\n\n\n<li>Dispositivos de monitoramento, por exemplo, medidores de glicose no sangue e monitores de frequ\u00eancia card\u00edaca<\/li>\n\n\n\n<li>Dispositivos terap\u00eauticos, como m\u00e1quinas de di\u00e1lise e nebulizadores<\/li>\n<\/ul>\n\n\n\n<p>Os dispositivos m\u00e9dicos desempenham um papel cr\u00edtico na medicina moderna. Seu desenvolvimento e uso continuam a avan\u00e7ar no campo da sa\u00fade.<\/p>\n\n\n\n<h2 class=\"wp-block-heading\">Por que os dispositivos m\u00e9dicos s\u00e3o importantes?<\/h2>\n\n\n\n<p>Os dispositivos m\u00e9dicos s\u00e3o essenciais por v\u00e1rios motivos. Os profissionais de sa\u00fade usam dispositivos m\u00e9dicos para diagnosticar doen\u00e7as e condi\u00e7\u00f5es m\u00e9dicas. Exemplos s\u00e3o m\u00e1quinas de raios X, tom\u00f3grafos e medidores de glicose no sangue.<\/p>\n\n\n\n<p>Eles tamb\u00e9m usam dispositivos m\u00e9dicos para tratar doen\u00e7as e condi\u00e7\u00f5es m\u00e9dicas. Esses dispositivos incluem marca-passos, bombas de insulina e nebulizadores.<\/p>\n\n\n\n<p>Outro uso dos dispositivos m\u00e9dicos \u00e9 verificar os sinais vitais e o estado de sa\u00fade dos pacientes. Esta categoria de dispositivos inclui monitores de frequ\u00eancia card\u00edaca, monitores de press\u00e3o arterial e ox\u00edmetros de pulso.<\/p>\n\n\n\n<p>Os dispositivos m\u00e9dicos melhoraram os resultados dos pacientes. Por exemplo, reduziram as taxas de mortalidade e levaram a estadias hospitalares mais curtas. Eles tamb\u00e9m melhoraram a qualidade de vida dos pacientes. Os dispositivos beneficiam tanto o paciente quanto o profissional de sa\u00fade. Isso resulta em custos mais baixos e maior satisfa\u00e7\u00e3o do paciente.<\/p>\n\n\n\n<p>Os dispositivos m\u00e9dicos desempenham um papel crucial na medicina de precis\u00e3o. Este tipo de medicamento envolve a adapta\u00e7\u00e3o do tratamento m\u00e9dico a cada paciente. Baseia o tratamento em sua composi\u00e7\u00e3o gen\u00e9tica \u00fanica, hist\u00f3rico m\u00e9dico e outros fatores.<\/p>\n\n\n\n<p>O desenvolvimento de dispositivos m\u00e9dicos levou a avan\u00e7os na tecnologia m\u00e9dica. Esses avan\u00e7os transformaram o campo da sa\u00fade e melhoraram o atendimento ao paciente.<\/p>\n\n\n\n<h2 class=\"wp-block-heading\">Principais cargos<\/h2>\n\n\n\n<h3 class=\"wp-block-heading\">Aqui est\u00e3o alguns cargos importantes na ind\u00fastria de dispositivos m\u00e9dicos:<\/h3>\n\n\n\n<figure class=\"gb-block-image gb-block-image-d4ade8f8\"><img loading=\"lazy\" decoding=\"async\" width=\"1456\" height=\"816\" class=\"gb-image gb-image-d4ade8f8\" src=\"https:\/\/www.sisinternational.com\/wp-content\/uploads\/2025\/08\/Medical-dewvice-4.jpg\" alt=\"Pesquisa e Estrat\u00e9gia de Mercado Internacional da SIS\" title=\"Medical dewvice (4)\" srcset=\"https:\/\/www.sisinternational.com\/wp-content\/uploads\/2025\/08\/Medical-dewvice-4.jpg 1456w, https:\/\/www.sisinternational.com\/wp-content\/uploads\/2025\/08\/Medical-dewvice-4-300x168.jpg 300w, https:\/\/www.sisinternational.com\/wp-content\/uploads\/2025\/08\/Medical-dewvice-4-1024x574.jpg 1024w, https:\/\/www.sisinternational.com\/wp-content\/uploads\/2025\/08\/Medical-dewvice-4-768x430.jpg 768w, https:\/\/www.sisinternational.com\/wp-content\/uploads\/2025\/08\/Medical-dewvice-4-18x10.jpg 18w\" sizes=\"auto, (max-width: 1456px) 100vw, 1456px\"><\/figure>\n\n\n\n<ul class=\"wp-block-list\">\n<li>Engenheiro\/Designer de Dispositivos M\u00e9dicos. Respons\u00e1vel por projetar e desenvolver dispositivos m\u00e9dicos, como implantes ou equipamentos de diagn\u00f3stico. Eles colaboram com uma equipe de profissionais, incluindo pesquisadores, engenheiros e m\u00e9dicos.<\/li>\n\n\n\n<li>Gerente de assuntos regulat\u00f3rios. Garante que os dispositivos sigam os regulamentos, pol\u00edticas e leis dos pa\u00edses de venda. Esta posi\u00e7\u00e3o inclui o gerenciamento de registros de produtos, requisitos de rotulagem e aprova\u00e7\u00f5es de ensaios cl\u00ednicos.<\/li>\n\n\n\n<li>Gerente de Garantia de Qualidade. Garantir que a fabrica\u00e7\u00e3o, os testes e a distribui\u00e7\u00e3o de dispositivos m\u00e9dicos sigam os padr\u00f5es regulat\u00f3rios. Eles tamb\u00e9m devem estar alinhados \u00e0s diretrizes do setor e aos sistemas internos de gest\u00e3o da qualidade.<\/li>\n\n\n\n<li>Associa\u00e7\u00e3o de Pesquisa Clinica. Coordenar e gerenciar ensaios cl\u00ednicos para dispositivos m\u00e9dicos. Este associado trabalha com profissionais de sa\u00fade e pacientes. Eles garantem que seguem os protocolos do estudo e coletam dados precisos.<\/li>\n\n\n\n<li>Representante de vendas. Respons\u00e1vel pela promo\u00e7\u00e3o e venda de dispositivos m\u00e9dicos para prestadores de cuidados de sa\u00fade. Por exemplo, eles os vendem para hospitais, cl\u00ednicas e consult\u00f3rios m\u00e9dicos. Freq\u00fcentemente, os representantes de vendas precisam ter um conhecimento profundo de seus produtos. Devem tamb\u00e9m ter a capacidade de construir relacionamentos com os principais decisores.<\/li>\n\n\n\n<li>Engenheiro Biom\u00e9dico. Respons\u00e1vel pelo projeto e desenvolvimento de dispositivos m\u00e9dicos. Este engenheiro tamb\u00e9m analisa e resolve problemas relacionados a equipamentos e sistemas m\u00e9dicos. Os engenheiros biom\u00e9dicos tamb\u00e9m podem trabalhar no desenvolvimento de \u00f3rg\u00e3os artificiais ou pr\u00f3teses.<\/li>\n\n\n\n<li>Escritor t\u00e9cnico. Respons\u00e1vel pela cria\u00e7\u00e3o de manuais de usu\u00e1rio e documenta\u00e7\u00e3o de produtos. Este redator tamb\u00e9m deve produzir outros materiais t\u00e9cnicos relacionados a dispositivos m\u00e9dicos. Os redatores t\u00e9cnicos devem ter um forte conhecimento da terminologia m\u00e9dica. Eles tamb\u00e9m devem ser capazes de traduzir informa\u00e7\u00f5es t\u00e9cnicas complexas em uma linguagem f\u00e1cil de entender.<\/li>\n<\/ul>\n\n\n\n<h2 class=\"wp-block-heading\">Por que as empresas precisam de dispositivos m\u00e9dicos?<\/h2>\n\n\n\n<p>As empresas, especialmente as do setor da sa\u00fade, precisam de dispositivos m\u00e9dicos por v\u00e1rios motivos. Eles usam esses dispositivos para diagnosticar e tratar condi\u00e7\u00f5es m\u00e9dicas. O diagn\u00f3stico e o tratamento s\u00e3o componentes cr\u00edticos dos cuidados de sa\u00fade. Os dispositivos permitem aos pacientes uma gama mais abrangente de op\u00e7\u00f5es de diagn\u00f3stico e tratamento.<\/p>\n\n\n\n<p>No setor de sa\u00fade atual, as empresas precisam permanecer competitivas. O acesso aos mais recentes dispositivos e tecnologias m\u00e9dicas proporciona \u00e0s empresas uma vantagem competitiva. Isso lhes permite atrair e manter pacientes. Tamb\u00e9m os ajuda a competir com outros fornecedores do setor.<\/p>\n\n\n\n<p>Os dispositivos m\u00e9dicos est\u00e3o sujeitos a requisitos regulamentares como os definidos pela FDA. As empresas podem evitar penalidades garantindo que os seus dispositivos m\u00e9dicos cumpram estes regulamentos. Eles tamb\u00e9m podem garantir que seus dispositivos sejam seguros e eficazes para o uso pretendido.<\/p>\n\n\n\n<h2 class=\"wp-block-heading\">Principais fatores de sucesso<\/h2>\n\n\n\n<p>A ind\u00fastria de dispositivos m\u00e9dicos \u00e9 competitiva. V\u00e1rios fatores contribuem para o sucesso das empresas que operam neste setor. Aqui est\u00e3o alguns fatores-chave de sucesso:<\/p>\n\n\n\n<p>Innovation is a critical success factor in the medical device industry. Medical devices are evolving, and researchers are developing new technology. Businesses should invest in obtaining <a href=\"https:\/\/www.sisinternational.com\/pt\/pericia\/industrias\/tecnologia-medica-pesquisa-de-mercado-de-tecnologia-medica\/\" title=\"Pesquisa de mercado de tecnologia m\u00e9dica (Med Tech)\"  data-wpil-monitor-id=\"4163\">pesquisa de mercado de dispositivos m\u00e9dicos<\/a> and learning about the development of medical devices. In that way, they can stay at the forefront of the industry. The needs of patients and healthcare providers are also ever-evolving. Businesses must develop new products to meet these needs and have a better chance of success.<\/p>\n\n\n\n<p>As empresas que investem em I&amp;D e trazem produtos inovadores para o mercado t\u00eam uma vantagem significativa sobre os seus concorrentes. Voc\u00ea tem ideias para dispositivos m\u00e9dicos novos e aprimorados que sejam mais eficazes, mais seguros e mais f\u00e1ceis de usar? Eles podem ajudar sua empresa a ganhar participa\u00e7\u00e3o no mercado e gerar receita.<\/p>\n\n\n\n<p>Conforme mencionado anteriormente, a conformidade com os requisitos regulamentares \u00e9 essencial. Seguir os padr\u00f5es regulat\u00f3rios d\u00e1 \u00e0s empresas uma vantagem competitiva significativa. A conformidade com os regulamentos tamb\u00e9m pode ajudar a construir confian\u00e7a. Melhora a credibilidade junto aos clientes e ag\u00eancias reguladoras.<\/p>\n\n\n\n<p>A qualidade \u00e9 um fator crucial de sucesso na ind\u00fastria de dispositivos m\u00e9dicos. As empresas que produzem dispositivos confi\u00e1veis, dur\u00e1veis e seguros ganham uma vantagem competitiva. Focar na qualidade tamb\u00e9m pode ajudar a fidelizar o cliente e a reputa\u00e7\u00e3o da marca.<\/p>\n\n\n\n<p>O controle de custos \u00e9 outro fator cr\u00edtico de sucesso na ind\u00fastria de dispositivos m\u00e9dicos. As empresas que produzem a um custo menor podem obter uma vantagem competitiva. O controle de custos requer processos de fabrica\u00e7\u00e3o eficientes, gerenciamento eficaz da cadeia de suprimentos e gerenciamento cuidadoso de custos.<\/p>\n\n\n\n<p>O foco no cliente \u00e9 essencial na ind\u00fastria de dispositivos m\u00e9dicos. As empresas devem entender as necessidades de seus clientes. Aqueles que desenvolvem produtos que atendam a essas necessidades t\u00eam uma vantagem significativa. O foco no cliente requer um conhecimento profundo do setor de sa\u00fade. Eles devem trabalhar com prestadores de cuidados de sa\u00fade para criar produtos que atendam \u00e0s suas necessidades.<\/p>\n\n\n\n<p>A distribui\u00e7\u00e3o e o marketing s\u00e3o fatores cr\u00edticos de sucesso na ind\u00fastria de dispositivos m\u00e9dicos. Empresas com redes de distribui\u00e7\u00e3o e estrat\u00e9gias de marketing eficazes podem alcan\u00e7ar mais clientes. Dessa forma, eles podem obter uma vantagem competitiva. Esse fator de sucesso requer a compreens\u00e3o do setor de sa\u00fade, das necessidades dos clientes e de estrat\u00e9gias de marketing eficazes.<\/p>\n\n\n\n<h2 class=\"wp-block-heading\">Sobre a pesquisa de mercado de dispositivos m\u00e9dicos<\/h2>\n\n\n\n<figure class=\"gb-block-image gb-block-image-0c0f8108\"><img loading=\"lazy\" decoding=\"async\" width=\"1456\" height=\"816\" class=\"gb-image gb-image-0c0f8108\" src=\"https:\/\/www.sisinternational.com\/wp-content\/uploads\/2025\/08\/Medical-dewvice-5.jpg\" alt=\"Pesquisa e Estrat\u00e9gia de Mercado Internacional da SIS\" title=\"Medical dewvice (5)\" srcset=\"https:\/\/www.sisinternational.com\/wp-content\/uploads\/2025\/08\/Medical-dewvice-5.jpg 1456w, https:\/\/www.sisinternational.com\/wp-content\/uploads\/2025\/08\/Medical-dewvice-5-300x168.jpg 300w, https:\/\/www.sisinternational.com\/wp-content\/uploads\/2025\/08\/Medical-dewvice-5-1024x574.jpg 1024w, https:\/\/www.sisinternational.com\/wp-content\/uploads\/2025\/08\/Medical-dewvice-5-768x430.jpg 768w, https:\/\/www.sisinternational.com\/wp-content\/uploads\/2025\/08\/Medical-dewvice-5-18x10.jpg 18w\" sizes=\"auto, (max-width: 1456px) 100vw, 1456px\"><\/figure>\n\n\n\n<p><\/p>\n\n\n\n<p>Developing and marketing new medical devices is often complex and risky. Conducting Quantitative and <a class=\"wpil_keyword_link\" href=\"https:\/\/www.sisinternational.com\/pt\/solucoes\/solucoes-de-pesquisa-quantitativa-qualitativa\/\"   title=\"Solu\u00e7\u00f5es de pesquisa qualitativa e quantitativa\" data-wpil-keyword-link=\"linked\"  data-wpil-monitor-id=\"373\">Pesquisa qualitativa de mercado<\/a> can reduce this risk. It can also ensure a successful product launch. UX Market Research is also valuable as it helps you understand the needs of all device users. It gives you the perspective of both the caregiver and the patient.<\/p>\n\n\n\n<p>\u00c9 importante lembrar uma coisa ao fazer pesquisas de mercado de dispositivos m\u00e9dicos. Diferentes quest\u00f5es de pesquisa s\u00e3o mais adequadas para diferentes p\u00fablicos. \u00c9 por isso que ter um fornecedor de Pesquisa de Mercado como a SIS International \u00e9 essencial. Deixe-nos organizar seus Focus Groups e conduzir suas pesquisas e entrevistas. Outra parte de sua Estrat\u00e9gia de Pesquisa de Mercado seria visitar um hospital ou cl\u00ednica. O objetivo da visita \u00e9 observar o dispositivo utilizado. Ou voc\u00ea pode fazer uma breve an\u00e1lise competitiva observando o dispositivo de um concorrente em uso.<\/p>\n\n\n\n<p><a href=\"https:\/\/www.sisinternational.com\/pt\/pericia\/industrias\/pesquisa-de-mercado-de-carne-baseada-em-celulas-de-carne-cultivada\/\" title=\"Pesquisa de mercado de carne cultivada (carne baseada em c\u00e9lulas)\"  data-wpil-monitor-id=\"3176\">Pesquisa de entrada no mercado<\/a> should also form part of your Go-to-Market Strategy. So should <a class=\"wpil_keyword_link\" href=\"https:\/\/www.sisinternational.com\/pt\/solucoes\/consultoria-estrategica\/pesquisa-de-oportunidade-de-mercado\/\"   title=\"Pesquisa de oportunidades de mercado\" data-wpil-keyword-link=\"linked\"  data-wpil-monitor-id=\"698\">Pesquisa de oportunidades de mercado<\/a> and Market Sizing Research. SIS International offers all these research types and much more. Contact us today for a consultation.<\/p>","protected":false},"excerpt":{"rendered":"<p>Os profissionais de sa\u00fade utilizam dispositivos m\u00e9dicos em muitos ambientes. Eles est\u00e3o em hospitais, cl\u00ednicas, consult\u00f3rios m\u00e9dicos e at\u00e9 na casa de um paciente.<\/p>","protected":false},"author":1,"featured_media":63845,"parent":11294,"menu_order":249,"comment_status":"closed","ping_status":"closed","template":"","meta":{"footnotes":""},"class_list":["post-42350","page","type-page","status-publish","has-post-thumbnail"],"_links":{"self":[{"href":"https:\/\/www.sisinternational.com\/pt\/wp-json\/wp\/v2\/pages\/42350","targetHints":{"allow":["GET"]}}],"collection":[{"href":"https:\/\/www.sisinternational.com\/pt\/wp-json\/wp\/v2\/pages"}],"about":[{"href":"https:\/\/www.sisinternational.com\/pt\/wp-json\/wp\/v2\/types\/page"}],"author":[{"embeddable":true,"href":"https:\/\/www.sisinternational.com\/pt\/wp-json\/wp\/v2\/users\/1"}],"replies":[{"embeddable":true,"href":"https:\/\/www.sisinternational.com\/pt\/wp-json\/wp\/v2\/comments?post=42350"}],"version-history":[{"count":7,"href":"https:\/\/www.sisinternational.com\/pt\/wp-json\/wp\/v2\/pages\/42350\/revisions"}],"predecessor-version":[{"id":78272,"href":"https:\/\/www.sisinternational.com\/pt\/wp-json\/wp\/v2\/pages\/42350\/revisions\/78272"}],"up":[{"embeddable":true,"href":"https:\/\/www.sisinternational.com\/pt\/wp-json\/wp\/v2\/pages\/11294"}],"wp:featuredmedia":[{"embeddable":true,"href":"https:\/\/www.sisinternational.com\/pt\/wp-json\/wp\/v2\/media\/63845"}],"wp:attachment":[{"href":"https:\/\/www.sisinternational.com\/pt\/wp-json\/wp\/v2\/media?parent=42350"}],"curies":[{"name":"wp","href":"https:\/\/api.w.org\/{rel}","templated":true}]}}