{"id":42337,"date":"2023-04-12T20:35:49","date_gmt":"2023-04-13T00:35:49","guid":{"rendered":"https:\/\/www.sisinternational.com\/?page_id=42337"},"modified":"2026-01-24T21:08:43","modified_gmt":"2026-01-25T02:08:43","slug":"pesquisa-de-mercado-de-querosene","status":"publish","type":"page","link":"https:\/\/www.sisinternational.com\/pt\/pericia\/pesquisa-de-mercado-de-querosene\/","title":{"rendered":"Pesquisa de mercado de querosene"},"content":{"rendered":"<h1 class=\"wp-block-heading\">Pesquisa de mercado de querosene<\/h1>\n\n\n\n<figure class=\"gb-block-image gb-block-image-aecb47ef\"><img loading=\"lazy\" decoding=\"async\" width=\"1456\" height=\"816\" class=\"gb-image gb-image-aecb47ef\" src=\"https:\/\/www.sisinternational.com\/wp-content\/uploads\/2025\/08\/Oil-1.jpg\" alt=\"Pesquisa e Estrat\u00e9gia de Mercado Internacional da SIS\" title=\"Oil (1)\" srcset=\"https:\/\/www.sisinternational.com\/wp-content\/uploads\/2025\/08\/Oil-1.jpg 1456w, https:\/\/www.sisinternational.com\/wp-content\/uploads\/2025\/08\/Oil-1-300x168.jpg 300w, https:\/\/www.sisinternational.com\/wp-content\/uploads\/2025\/08\/Oil-1-1024x574.jpg 1024w, https:\/\/www.sisinternational.com\/wp-content\/uploads\/2025\/08\/Oil-1-768x430.jpg 768w, https:\/\/www.sisinternational.com\/wp-content\/uploads\/2025\/08\/Oil-1-18x10.jpg 18w\" sizes=\"auto, (max-width: 1456px) 100vw, 1456px\"><\/figure>\n\n\n\n<p><\/p>\n\n\n\n<hr class=\"wp-block-separator has-alpha-channel-opacity is-style-dots\"\/>\n\n\n\n<p>O querosene encontrou uso generalizado em diversos setores, como avia\u00e7\u00e3o, aquecimento e agricultura. \u00c0 medida que a procura global de energia continua a aumentar, o mercado de querosene est\u00e1 preparado para testemunhar um crescimento substancial num futuro pr\u00f3ximo.<\/p>\n\n\n\n<p>Portanto, para obter uma vantagem competitiva e alavancar as perspectivas emergentes, os intervenientes e investidores da ind\u00fastria confiam cada vez mais na pesquisa de mercado do querosene para melhorar as suas decis\u00f5es estrat\u00e9gicas.<\/p>\n\n\n\n<p><\/p>\n\n\n\n<div class=\"wp-block-columns has-global-color-9-color has-text-color has-background has-link-color wp-elements-882d8664f678db2bb428317065c99108 is-layout-flex wp-container-core-columns-is-layout-9d6595d7 wp-block-columns-is-layout-flex\" style=\"background-color:#f7f9fa6e\">\n<div class=\"wp-block-column is-layout-flow wp-block-column-is-layout-flow\" style=\"flex-basis:18%\"><\/div>\n\n\n\n<div class=\"wp-block-column is-vertically-aligned-center is-layout-flow wp-block-column-is-layout-flow\" style=\"flex-basis:71.28%\">\n<div class=\"wp-block-rank-math-toc-block aligncenter has-global-color-9-color has-text-color has-link-color wp-elements-c845c5733136c05186b6e3b59bd6bdff\" style=\"font-size:16px\" id=\"rank-math-toc\"><h2><br><strong>T<\/strong>able of Contents<\/h2><nav><ul><li class=\"\"><a href=\"#what-is-kerosene-market-research\">O que \u00e9 pesquisa de mercado de querosene?<\/a><\/li><li class=\"\"><a href=\"#importance-of-kerosene-market-research\">Import\u00e2ncia da pesquisa de mercado de querosene<\/a><\/li><li class=\"\"><a href=\"#benefits-of-kerosene-market-research\">Benef\u00edcios da pesquisa de mercado de querosene<\/a><\/li><li class=\"\"><a href=\"#limitations\">Limita\u00e7\u00f5es<\/a><\/li><li class=\"\"><a href=\"#future-trends\">Tend\u00eancias futuras<\/a><\/li><\/ul><\/nav><\/div>\n<\/div>\n<\/div>\n\n\n\n<p><\/p>\n\n\n\n<h2 class=\"wp-block-heading\" id=\"what-is-kerosene-market-research\">O que \u00e9 pesquisa de mercado de querosene?<\/h2>\n\n\n\n<p>A pesquisa de mercado de querosene consiste na coleta, an\u00e1lise e interpreta\u00e7\u00e3o eficiente de dados e informa\u00e7\u00f5es aprofundados sobre a produ\u00e7\u00e3o, consumo, distribui\u00e7\u00e3o e demanda de querosene. O principal objetivo deste tipo de estudo \u00e9 fornecer informa\u00e7\u00f5es e recomenda\u00e7\u00f5es valiosas para empresas e investidores que desejam entrar ou expandir-se no mercado de querosene.<\/p>\n\n\n\n<p>Uma compreens\u00e3o profunda das tend\u00eancias do mercado, o reconhecimento das perspectivas de crescimento potencial, a avalia\u00e7\u00e3o do cen\u00e1rio competitivo e a formula\u00e7\u00e3o de estrat\u00e9gias eficazes de marketing e vendas s\u00e3o componentes integrais de uma pesquisa de mercado bem-sucedida na ind\u00fastria de querosene. Esses processos concentram-se na avalia\u00e7\u00e3o de indicadores-chave como tamanho do mercado e tend\u00eancias de crescimento, an\u00e1lise de oferta e demanda, segmenta\u00e7\u00e3o de mercado por aplica\u00e7\u00f5es e regi\u00f5es, e avalia\u00e7\u00e3o do cen\u00e1rio competitivo e perspectivas futuras, entre outros.<\/p>\n\n\n\n<h2 class=\"wp-block-heading\" id=\"importance-of-kerosene-market-research\">Import\u00e2ncia da pesquisa de mercado de querosene<\/h2>\n\n\n\n<ul class=\"wp-block-list\">\n<li>In-depth <a href=\"https:\/\/www.sisinternational.com\/pt\/pericia\/industrias\/pesquisa-de-mercado-de-carne-baseada-em-celulas-de-carne-cultivada\/\" title=\"Pesquisa de mercado de carne cultivada (carne baseada em c\u00e9lulas)\"  data-wpil-monitor-id=\"3184\">research into the kerosene market<\/a> can equip businesses and investors with the necessary insights to recognize potential expansion opportunities, including new applications, unexplored markets, and evolving consumer demands.<\/li>\n\n\n\n<li>Ao realizar pesquisas de mercado de querosene, as empresas podem obter uma compreens\u00e3o profunda das \u00faltimas tend\u00eancias do mercado, incluindo mudan\u00e7as na demanda, pre\u00e7os e pol\u00edticas regulat\u00f3rias.<br>Com a ajuda de uma pesquisa de mercado minuciosa, as partes interessadas podem determinar a quota de mercado de intervenientes proeminentes, avaliar os seus pontos fortes e fracos e discernir as suas estrat\u00e9gias. Com essas informa\u00e7\u00f5es, as empresas podem desenvolver estrat\u00e9gias inovadoras de marketing e vendas que lhes permitam competir de forma eficaz no mercado.<\/li>\n\n\n\n<li>A realiza\u00e7\u00e3o de pesquisas de mercado de querosene ajuda a desenvolver estrat\u00e9gias que realmente repercutam nos clientes-alvo. Ao utilizar os dados e insights fornecidos por esta pesquisa, as empresas podem adaptar os seus esfor\u00e7os de marketing e vendas \u00e0s necessidades e prefer\u00eancias espec\u00edficas do seu p\u00fablico-alvo, impulsionando, em \u00faltima an\u00e1lise, o crescimento e a rentabilidade.<\/li>\n\n\n\n<li>Esta investiga\u00e7\u00e3o equipa as empresas e os investidores com dados e conhecimentos cruciais para facilitar a tomada de decis\u00f5es informadas sobre investimentos, fus\u00f5es e aquisi\u00e7\u00f5es e outras iniciativas estrat\u00e9gicas. Esta abordagem capacita as empresas a mitigar riscos potenciais e, ao mesmo tempo, otimizar os seus retornos, aumentando assim a sua vantagem competitiva num mercado din\u00e2mico.<\/li>\n<\/ul>\n\n\n\n<h2 class=\"wp-block-heading\" id=\"benefits-of-kerosene-market-research\">Benef\u00edcios da pesquisa de mercado de querosene<\/h2>\n\n\n\n<figure class=\"gb-block-image gb-block-image-941c3dd2\"><img loading=\"lazy\" decoding=\"async\" width=\"1456\" height=\"816\" class=\"gb-image gb-image-941c3dd2\" src=\"https:\/\/www.sisinternational.com\/wp-content\/uploads\/2025\/08\/Gas-station-5.jpg\" alt=\"Pesquisa e Estrat\u00e9gia de Mercado Internacional da SIS\" title=\"Gas station (5)\" srcset=\"https:\/\/www.sisinternational.com\/wp-content\/uploads\/2025\/08\/Gas-station-5.jpg 1456w, https:\/\/www.sisinternational.com\/wp-content\/uploads\/2025\/08\/Gas-station-5-300x168.jpg 300w, https:\/\/www.sisinternational.com\/wp-content\/uploads\/2025\/08\/Gas-station-5-1024x574.jpg 1024w, https:\/\/www.sisinternational.com\/wp-content\/uploads\/2025\/08\/Gas-station-5-768x430.jpg 768w, https:\/\/www.sisinternational.com\/wp-content\/uploads\/2025\/08\/Gas-station-5-18x10.jpg 18w\" sizes=\"auto, (max-width: 1456px) 100vw, 1456px\"><\/figure>\n\n\n\n<p><\/p>\n\n\n\n<p>A realiza\u00e7\u00e3o de pesquisas de mercado de querosene apresenta uma infinidade de vantagens para empresas e partes interessadas, abrangendo, mas n\u00e3o se limitando a:<\/p>\n\n\n\n<ul class=\"wp-block-list\">\n<li><strong>Tomada de decis\u00e3o eficaz:<\/strong> Ao aproveitar os mais recentes dados de mercado e insights fornecidos pela pesquisa de mercado de querosene, as partes interessadas podem fazer escolhas informadas que minimizem os riscos e otimizem o retorno dos seus investimentos. Essa tomada de decis\u00e3o informada \u00e9 essencial para manter uma vantagem competitiva na ind\u00fastria e \u00e9 uma marca registrada de empresas e investidores de sucesso.<\/li>\n\n\n\n<li><strong>Identifica\u00e7\u00e3o de \u00e1reas novas e potenciais de crescimento:<\/strong> Esta informa\u00e7\u00e3o valiosa apresenta \u00e0s empresas oportunidades para melhorar o seu alcance no mercado, aumentar os seus fluxos de receitas e manter a sua vantagem competitiva.<\/li>\n\n\n\n<li><strong>Obtenha uma compreens\u00e3o mais detalhada das tend\u00eancias predominantes do mercado:<\/strong> Com a pesquisa de mercado de querosene, as organiza\u00e7\u00f5es podem compreender melhor as mudan\u00e7as na demanda, a din\u00e2mica de pre\u00e7os e as estruturas regulat\u00f3rias. Esta intelig\u00eancia inestim\u00e1vel permite que empresas e investidores ajustem proativamente as suas estrat\u00e9gias e permane\u00e7am \u00e1geis face \u00e0 evolu\u00e7\u00e3o da din\u00e2mica do mercado, melhorando a sua competitividade e refor\u00e7ando os seus resultados financeiros.<\/li>\n\n\n\n<li><strong>Desenvolva estrat\u00e9gias eficazes de marketing e vendas para competir no setor:<\/strong> Ao conduzir uma an\u00e1lise competitiva completa, as empresas podem obter informa\u00e7\u00f5es valiosas sobre a participa\u00e7\u00e3o de mercado, os pontos fortes, os pontos fracos e as estrat\u00e9gias dos principais participantes. Essas informa\u00e7\u00f5es lhes permitem refinar sua abordagem operacional e elevar sua vantagem competitiva no mercado.<\/li>\n\n\n\n<li><strong>Obtenha informa\u00e7\u00f5es valiosas sobre as prefer\u00eancias, comportamentos de compra e din\u00e2mica de tomada de decis\u00e3o de seus clientes:<\/strong> Com este conhecimento, as empresas podem adaptar as suas t\u00e9cnicas de marketing e vendas para satisfazer as necessidades e prefer\u00eancias espec\u00edficas do seu p\u00fablico-alvo, maximizando assim o seu potencial de neg\u00f3cio.<\/li>\n\n\n\n<li><strong>Compreenda o cen\u00e1rio regulat\u00f3rio:<\/strong> Uma pesquisa completa do mercado de querosene pode oferecer insights valiosos sobre as obriga\u00e7\u00f5es regulat\u00f3rias e legais relativas \u00e0 produ\u00e7\u00e3o, distribui\u00e7\u00e3o e uso de querosene.<\/li>\n<\/ul>\n\n\n\n<h2 class=\"wp-block-heading\" id=\"limitations\">Limita\u00e7\u00f5es<\/h2>\n\n\n\n<ul class=\"wp-block-list\">\n<li>O \u00e2mbito da pesquisa de mercado do querosene pode ser limitado pela escassa disponibilidade de dados, especialmente em regi\u00f5es com mercados menos maduros. Isto pode resultar em dados incompletos ou imprecisos, dificultando a obten\u00e7\u00e3o de conclus\u00f5es fi\u00e1veis.<\/li>\n\n\n\n<li>O uso de dados hist\u00f3ricos \u00e9 uma pr\u00e1tica comumente empregada em pesquisas de mercado de querosene para prever tend\u00eancias futuras. No entanto, em mercados em r\u00e1pida evolu\u00e7\u00e3o, os dados hist\u00f3ricos nem sempre servem para prever de forma fi\u00e1vel as tend\u00eancias futuras.<\/li>\n\n\n\n<li>A tarefa de prever a procura de querosene coloca desafios inevit\u00e1veis devido \u00e0 sua susceptibilidade a m\u00faltiplas vari\u00e1veis, tais como flutua\u00e7\u00f5es econ\u00f3micas e instabilidade geopol\u00edtica. Fatores como perturba\u00e7\u00f5es nas pol\u00edticas governamentais, desastres naturais e circunst\u00e2ncias econ\u00f3micas globais podem representar desafios significativos na previs\u00e3o precisa das tend\u00eancias do mercado e na tomada de decis\u00f5es informadas.<\/li>\n<\/ul>\n\n\n\n<p><\/p>\n\n\n\n<!DOCTYPE html>\n<html lang=\"en\">\n<head>\n    <meta charset=\"UTF-8\">\n    <meta name=\"viewport\" content=\"width=device-width, initial-scale=1.0\">\n    <title>AI Blog Banner<\/title>\n    <style>\n        * {\n            margin: 0;\n            padding: 0;\n            box-sizing: border-box;\n        }\n\n        .banner {\n            position: relative;\n            width: 100%;\n            height: 350px;\n            overflow: hidden;\n            display: flex;\n            align-items: center;\n            justify-content: center;\n            font-family: 'Arial', sans-serif;\n            border-radius: 25px;\n        }\n\n        .animated-background {\n            position: absolute;\n            top: 0;\n            left: 0;\n            width: 100%;\n            height: 100%;\n            background: linear-gradient(45deg, #003f6b, #2d5a7b, #003f6b, #2d5a7b);\n            background-size: 400% 400%;\n            animation: gradientMove 8s ease-in-out infinite;\n        }\n\n        .ai-pattern {\n            position: absolute;\n            top: 0;\n            left: 0;\n            width: 100%;\n            height: 100%;\n            opacity: 0.1;\n            background-image: \n                radial-gradient(circle at 20% 20%, rgba(255,255,255,0.3) 2px, transparent 2px),\n                radial-gradient(circle at 80% 80%, rgba(255,255,255,0.2) 1px, transparent 1px),\n                radial-gradient(circle at 40% 60%, rgba(255,255,255,0.15) 1.5px, transparent 1.5px),\n                radial-gradient(circle at 60% 20%, rgba(255,255,255,0.25) 1px, transparent 1px),\n                radial-gradient(circle at 80% 40%, rgba(255,255,255,0.2) 2px, transparent 2px);\n            background-size: 100px 100px, 150px 150px, 80px 80px, 120px 120px, 90px 90px;\n            animation: patternFloat 12s linear infinite;\n        }\n\n        .neural-network {\n            position: absolute;\n            top: 0;\n            left: 0;\n            width: 100%;\n            height: 100%;\n            opacity: 0.08;\n        }\n\n        .neural-line {\n            position: absolute;\n            height: 1px;\n            background: linear-gradient(90deg, transparent, rgba(255,255,255,0.5), transparent);\n            animation: neuralPulse 6s ease-in-out infinite;\n        }\n\n        .neural-line:nth-child(1) {\n            top: 30%;\n            left: 0;\n            width: 60%;\n            animation-delay: 0s;\n        }\n\n        .neural-line:nth-child(2) {\n            top: 50%;\n            right: 0;\n            width: 70%;\n            animation-delay: 2s;\n        }\n\n        .neural-line:nth-child(3) {\n            top: 70%;\n            left: 20%;\n            width: 50%;\n            animation-delay: 4s;\n        }\n\n        .content {\n            position: relative;\n            z-index: 10;\n            text-align: center;\n            color: white !important;\n            max-width: 800px;\n            padding: 30px;\n        }\n\n        .content * {\n            color: white !important;\n        }\n\n        .cta-text {\n            font-size: 1.9rem;\n            font-weight: 700;\n            margin-bottom: 15px;\n            color: white !important;\n            background: linear-gradient(90deg, rgba(255,255,255,0.6), rgba(255,255,255,1), rgba(230,230,230,1), rgba(255,255,255,1), rgba(240,240,240,0.8), rgba(255,255,255,0.6));\n            background-size: 200% 100%;\n            -webkit-background-clip: text;\n            -webkit-text-fill-color: transparent;\n            background-clip: text;\n            animation: shineEffect 10s ease-in-out infinite;\n            line-height: 1.3;\n        }\n\n        .cta-subheading {\n            font-size: 1rem;\n            font-weight: 400;\n            margin-bottom: 25px;\n            color: white !important;\n            line-height: 1.6;\n            opacity: 0.95;\n        }\n\n        .cta-button {\n            background: linear-gradient(135deg, #8a6b0f, #bd9013, #d4a519);\n            border: 2px solid #8a6b0f;\n            color: white !important;\n            padding: 18px 40px;\n            font-size: 1.2rem;\n            font-weight: 600;\n            border-radius: 50px;\n            cursor: pointer;\n            transition: all 0.3s ease;\n            text-decoration: none;\n            display: inline-block;\n            position: relative;\n            overflow: hidden;\n        }\n\n        .cta-button::before {\n            content: '';\n            position: absolute;\n            top: 0;\n            left: -100%;\n            width: 100%;\n            height: 100%;\n            background: linear-gradient(90deg, \n                transparent 0%, \n                rgba(255, 255, 255, 0.3) 25%,\n                rgba(255, 255, 255, 0.6) 50%,\n                rgba(255, 255, 255, 0.3) 75%,\n                transparent 100%);\n            animation: shine 3s ease-in-out infinite;\n        }\n\n        .cta-button:hover {\n            transform: translateY(-3px);\n            box-shadow: 0 10px 25px rgba(0,0,0,0.2);\n            border-color: #bd9013;\n            background: linear-gradient(135deg, #bd9013, #d4a519, #e6b61f);\n        }\n\n        .floating-elements {\n            position: absolute;\n            top: 0;\n            left: 0;\n            width: 100%;\n            height: 100%;\n            pointer-events: none;\n        }\n\n        .floating-circle {\n            position: absolute;\n            border-radius: 50%;\n            background: rgba(255,255,255,0.1);\n            animation: float 8s ease-in-out infinite;\n        }\n\n        .floating-circle:nth-child(1) {\n            width: 80px;\n            height: 80px;\n            top: 20%;\n            left: 10%;\n            animation-delay: 0s;\n        }\n\n        .floating-circle:nth-child(2) {\n            width: 60px;\n            height: 60px;\n            top: 60%;\n            right: 15%;\n            animation-delay: 3s;\n        }\n\n        .floating-circle:nth-child(3) {\n            width: 40px;\n            height: 40px;\n            top: 80%;\n            left: 80%;\n            animation-delay: 6s;\n        }\n\n        .floating-circle:nth-child(4) {\n            width: 70px;\n            height: 70px;\n            top: 10%;\n            right: 20%;\n            animation-delay: 1.5s;\n        }\n\n        .floating-circle:nth-child(5) {\n            width: 50px;\n            height: 50px;\n            top: 75%;\n            left: 30%;\n            animation-delay: 4.5s;\n        }\n\n        @keyframes gradientMove {\n            0% { background-position: 0% 50%; }\n            25% { background-position: 100% 50%; }\n            50% { background-position: 100% 100%; }\n            75% { background-position: 0% 100%; }\n            100% { background-position: 0% 50%; }\n        }\n\n        @keyframes patternFloat {\n            0% { transform: translateX(0) translateY(0); }\n            33% { transform: translateX(30px) translateY(-20px); }\n            66% { transform: translateX(-20px) translateY(10px); }\n            100% { transform: translateX(0) translateY(0); }\n        }\n\n        @keyframes neuralPulse {\n            0%, 100% { opacity: 0.08; }\n            50% { opacity: 0.2; }\n        }\n\n        @keyframes shineEffect {\n            0% { background-position: 200% 0; }\n            100% { background-position: -200% 0; }\n        }\n\n        @keyframes shine {\n            0% {\n                left: -100%;\n            }\n            20%, 100% {\n                left: 100%;\n            }\n        }\n\n        @keyframes float {\n            0%, 100% { transform: translateY(0px) rotate(0deg); }\n            33% { transform: translateY(-30px) rotate(120deg); }\n            66% { transform: translateY(15px) rotate(240deg); }\n        }\n\n        @media (max-width: 768px) {\n            .banner {\n                height: 320px;\n                padding: 30px 0;\n            }\n            \n            .content {\n                padding: 40px 20px;\n            }\n            \n            .cta-text {\n                font-size: 1.3rem;\n                margin-bottom: 12px;\n            }\n            \n            .cta-subheading {\n                font-size: 0.85rem;\n                margin-bottom: 20px;\n            }\n            \n            .cta-button {\n                padding: 14px 28px;\n                font-size: 0.95rem;\n            }\n        }\n    <\/style>\n<\/head>\n<body>\n    <div class=\"banner\">\n        <div class=\"animated-background\"><\/div>\n        \n        <div class=\"ai-pattern\"><\/div>\n        \n        <div class=\"neural-network\">\n            <div class=\"neural-line\"><\/div>\n            <div class=\"neural-line\"><\/div>\n            <div class=\"neural-line\"><\/div>\n        <\/div>\n        \n        <div class=\"floating-elements\">\n            <div class=\"floating-circle\"><\/div>\n            <div class=\"floating-circle\"><\/div>\n            <div class=\"floating-circle\"><\/div>\n            <div class=\"floating-circle\"><\/div>\n            <div class=\"floating-circle\"><\/div>\n        <\/div>\n        \n        <div class=\"content\">\n            <div class=\"cta-text\">Ready to explore the insights that drive smarter decisions?<\/div>\n            <div class=\"cta-subheading\">Contact our Research experts today.<\/div>\n            <a href=\"mailto:Research@sisinternational.com\" class=\"cta-button\">Contact us now!<\/a>\n        <\/div>\n    <\/div>\n<\/body>\n<\/html>\n\n\n\n<p><\/p>\n\n\n\n<h2 class=\"wp-block-heading\" id=\"future-trends\">Tend\u00eancias futuras<\/h2>\n\n\n\n<ul class=\"wp-block-list\">\n<li>Os r\u00e1pidos avan\u00e7os na tecnologia de produ\u00e7\u00e3o de querosene est\u00e3o prestes a marcar o in\u00edcio de uma nova era de maior efici\u00eancia operacional e rentabilidade. Espera-se que estes avan\u00e7os conduzam ao desenvolvimento de processos simplificados de produ\u00e7\u00e3o de querosene, o que resultar\u00e1 inevitavelmente numa redu\u00e7\u00e3o significativa dos pre\u00e7os e num aumento sem precedentes da disponibilidade.<\/li>\n\n\n\n<li>As economias em expans\u00e3o da \u00c1sia-Pac\u00edfico e de \u00c1frica est\u00e3o a impulsionar um aumento na procura de viagens a\u00e9reas e, portanto, de querosene. Espera-se que o mercado de querosene continue a crescer nos mercados emergentes, impulsionado por estes fatores e pela trajet\u00f3ria ascendente do crescimento econ\u00f3mico nestas regi\u00f5es.<\/li>\n\n\n\n<li>O mercado de querosene est\u00e1 preparado para ser significativamente impactado pelas pr\u00f3ximas modifica\u00e7\u00f5es regulat\u00f3rias. Prev\u00ea-se que as regulamenta\u00e7\u00f5es governamentais assumam um papel fundamental na condu\u00e7\u00e3o destas mudan\u00e7as, particularmente no que diz respeito \u00e0 evolu\u00e7\u00e3o das regulamenta\u00e7\u00f5es ambientais e \u00e0s potenciais altera\u00e7\u00f5es nos impostos sobre o consumo de querosene.<\/li>\n\n\n\n<li>A tend\u00eancia atual no mercado do querosene indica uma mudan\u00e7a para a digitaliza\u00e7\u00e3o, na qual se espera que as tecnologias digitais assumam um papel mais significativo. Concentrando-se na tomada de decis\u00f5es informadas, as empresas e os investidores est\u00e3o a aproveitar ferramentas digitais avan\u00e7adas, como a an\u00e1lise de dados, para analisar tend\u00eancias de mercado e obter informa\u00e7\u00f5es valiosas. Esta mudan\u00e7a rumo \u00e0 digitaliza\u00e7\u00e3o no mercado de querosene sublinha a crescente import\u00e2ncia de aproveitar os avan\u00e7os tecnol\u00f3gicos para se manter \u00e0 frente da concorr\u00eancia e impulsionar o crescimento dos neg\u00f3cios.<\/li>\n<\/ul>\n\n\n\n<p>A SIS International oferece Pesquisa Quantitativa, Qualitativa e Estrat\u00e9gica. Fornecemos dados, ferramentas, estrat\u00e9gias, relat\u00f3rios e insights para tomada de decis\u00f5es. Conduzimos entrevistas, pesquisas, grupos focais e muitos outros m\u00e9todos e abordagens de Pesquisa de Mercado. Contate-nos para o seu pr\u00f3ximo projeto de Pesquisa de Mercado.<\/p>\n\n\n<h2>Localiza\u00e7\u00e3o de nossas instala\u00e7\u00f5es em Nova York<\/h2>\n<p><!-- \/wp:post-content --> <!-- wp:html --> <iframe loading=\"lazy\" src=\"https:\/\/www.google.com\/maps\/embed?pb=!1m18!1m12!1m3!1d3022.976188376966!2d-73.99130312499956!3d40.740549471389315!2m3!1f0!2f0!3f0!3m2!1i1024!2i768!4f13.1!3m3!1m2!1s0x89c259a15798c731%3A0xd695d09bdd495f25!2s11%20E%2022nd%20St%20FL%202%2C%20New%20York%2C%20NY%2010010%2C%20USA!5e0!3m2!1sen!2spe!4v1726171763526!5m2!1sen!2spe\" width=\"600\" height=\"450\" allowfullscreen=\"allowfullscreen\" data-mce-fragment=\"1\"><\/iframe> <!-- \/wp:html --> <!-- wp:paragraph --><\/p>\n<h3 class=\"wp-block-heading\">11 E 22nd Street, andar 2, Nova York, NY 10010 T: +1(212) 505-6805<\/h3>\n<hr \/>\n<h2><span style=\"font-weight: 400;\">Sobre SIS Internacional<\/span><\/h2>\n<p><a href=\"https:\/\/www.sisinternational.com\/pt\/\"><span style=\"font-weight: 400;\">SIS Internacional<\/span><\/a><span style=\"font-weight: 400;\"> oferece pesquisa quantitativa, qualitativa e estrat\u00e9gica. Fornecemos dados, ferramentas, estrat\u00e9gias, relat\u00f3rios e insights para a tomada de decis\u00f5es. Tamb\u00e9m realizamos entrevistas, pesquisas, grupos focais e outros m\u00e9todos e abordagens de Pesquisa de Mercado.<\/span><a href=\"https:\/\/www.sisinternational.com\/pt\/sobre-a-sis-international-research\/contact-sis-international-market-research\/\"><span style=\"font-weight: 400;\"> Entre em contato conosco<\/span><\/a><span style=\"font-weight: 400;\"> para o seu pr\u00f3ximo projeto de pesquisa de mercado.<\/span><\/p>","protected":false},"excerpt":{"rendered":"<p>\u00c0 medida que a procura global de energia continua a aumentar, o mercado de querosene est\u00e1 preparado para testemunhar um crescimento substancial num futuro pr\u00f3ximo.<\/p>","protected":false},"author":1,"featured_media":63379,"parent":14514,"menu_order":245,"comment_status":"closed","ping_status":"closed","template":"","meta":{"footnotes":""},"class_list":["post-42337","page","type-page","status-publish","has-post-thumbnail"],"_links":{"self":[{"href":"https:\/\/www.sisinternational.com\/pt\/wp-json\/wp\/v2\/pages\/42337","targetHints":{"allow":["GET"]}}],"collection":[{"href":"https:\/\/www.sisinternational.com\/pt\/wp-json\/wp\/v2\/pages"}],"about":[{"href":"https:\/\/www.sisinternational.com\/pt\/wp-json\/wp\/v2\/types\/page"}],"author":[{"embeddable":true,"href":"https:\/\/www.sisinternational.com\/pt\/wp-json\/wp\/v2\/users\/1"}],"replies":[{"embeddable":true,"href":"https:\/\/www.sisinternational.com\/pt\/wp-json\/wp\/v2\/comments?post=42337"}],"version-history":[{"count":9,"href":"https:\/\/www.sisinternational.com\/pt\/wp-json\/wp\/v2\/pages\/42337\/revisions"}],"predecessor-version":[{"id":77473,"href":"https:\/\/www.sisinternational.com\/pt\/wp-json\/wp\/v2\/pages\/42337\/revisions\/77473"}],"up":[{"embeddable":true,"href":"https:\/\/www.sisinternational.com\/pt\/wp-json\/wp\/v2\/pages\/14514"}],"wp:featuredmedia":[{"embeddable":true,"href":"https:\/\/www.sisinternational.com\/pt\/wp-json\/wp\/v2\/media\/63379"}],"wp:attachment":[{"href":"https:\/\/www.sisinternational.com\/pt\/wp-json\/wp\/v2\/media?parent=42337"}],"curies":[{"name":"wp","href":"https:\/\/api.w.org\/{rel}","templated":true}]}}