{"id":42328,"date":"2023-04-12T17:26:15","date_gmt":"2023-04-12T21:26:15","guid":{"rendered":"https:\/\/www.sisinternational.com\/?page_id=42328"},"modified":"2026-03-12T13:27:35","modified_gmt":"2026-03-12T17:27:35","slug":"pesquisa-de-mercado-de-bebidas-alimentares-saudaveis","status":"publish","type":"page","link":"https:\/\/www.sisinternational.com\/pt\/solucoes\/pesquisa-de-mercado-da-industria-de-bebidas-alimenticias\/pesquisa-de-mercado-de-bebidas-alimentares-saudaveis\/","title":{"rendered":"Pesquisa de mercado de alimentos e bebidas saud\u00e1veis"},"content":{"rendered":"<h1 class=\"wp-block-heading\">Pesquisa de mercado de alimentos e bebidas saud\u00e1veis<\/h1>\n\n\n\n<figure class=\"gb-block-image gb-block-image-b77c985c\"><img loading=\"lazy\" decoding=\"async\" width=\"1456\" height=\"816\" class=\"gb-image gb-image-b77c985c\" src=\"https:\/\/www.sisinternational.com\/wp-content\/uploads\/2025\/08\/Mexican-food-lunch-11.jpg\" alt=\"Pesquisa e Estrat\u00e9gia de Mercado Internacional da SIS\" title=\"Mexican food lunch (11)\" srcset=\"https:\/\/www.sisinternational.com\/wp-content\/uploads\/2025\/08\/Mexican-food-lunch-11.jpg 1456w, https:\/\/www.sisinternational.com\/wp-content\/uploads\/2025\/08\/Mexican-food-lunch-11-300x168.jpg 300w, https:\/\/www.sisinternational.com\/wp-content\/uploads\/2025\/08\/Mexican-food-lunch-11-1024x574.jpg 1024w, https:\/\/www.sisinternational.com\/wp-content\/uploads\/2025\/08\/Mexican-food-lunch-11-768x430.jpg 768w, https:\/\/www.sisinternational.com\/wp-content\/uploads\/2025\/08\/Mexican-food-lunch-11-18x10.jpg 18w\" sizes=\"auto, (max-width: 1456px) 100vw, 1456px\"><\/figure>\n\n\n\n<p><\/p>\n\n\n\n<p>Mercado de alimentos e bebidas saud\u00e1veis A pesquisa pode ser melhor compreendida se compreendermos a Ci\u00eancia da Alimenta\u00e7\u00e3o Saud\u00e1vel. A alimenta\u00e7\u00e3o saud\u00e1vel \u00e9 mais do que apenas uma palavra da moda ou uma tend\u00eancia, mas agora est\u00e1 se tornando mais um estilo de vida. \u00c0 medida que aprendemos mais sobre nutri\u00e7\u00e3o e o seu impacto na nossa sa\u00fade, muitos descobrem como \u00e9 importante fazer escolhas informadas sobre o que comer.<\/p>\n\n\n\n<h2 class=\"wp-block-heading\">Abaixo est\u00e3o alguns fatores-chave que constituem a ci\u00eancia da alimenta\u00e7\u00e3o saud\u00e1vel.<\/h2>\n\n\n\n<ul class=\"wp-block-list\">\n<li><strong>Macronutrientes:<\/strong> as prote\u00ednas, carboidratos e gorduras que constituem a maior parte de nossas dietas. Esses nutrientes fornecem a energia de que precisamos para funcionar, mas nem todas as fontes s\u00e3o criadas iguais. Por exemplo, as fontes de prote\u00edna de origem vegetal s\u00e3o geralmente mais baixas em gordura saturada e ricas em fibras do que as fontes de origem animal, o que as torna uma escolha mais saud\u00e1vel em geral.<\/li>\n\n\n\n<li><strong>Micronutrientes:<\/strong> as vitaminas e minerais que nosso corpo necessita em quantidades menores. Esses nutrientes s\u00e3o essenciais para tudo, desde a sa\u00fade \u00f3ssea at\u00e9 a fun\u00e7\u00e3o imunol\u00f3gica, e obt\u00ea-los em quantidade suficiente \u00e9 fundamental para manter uma boa sa\u00fade. Frutas e vegetais s\u00e3o \u00f3timas fontes de micronutrientes, o que os torna parte essencial de uma dieta saud\u00e1vel.<\/li>\n\n\n\n<li><strong>Densidade Nutricional:<\/strong> isso se refere a quantos nutrientes um alimento cont\u00e9m em rela\u00e7\u00e3o ao seu conte\u00fado cal\u00f3rico. Por exemplo, uma x\u00edcara de espinafre cont\u00e9m muito mais nutrientes do que uma x\u00edcara de refrigerante, embora possam ter contagens de calorias semelhantes. Ao escolher alimentos ricos em nutrientes, podemos obter mais nutrientes de nossas dietas sem sobrecarregar as calorias.<\/li>\n\n\n\n<li><strong>Equil\u00edbrio e modera\u00e7\u00e3o:<\/strong> Embora seja importante escolher alimentos saud\u00e1veis, tamb\u00e9m \u00e9 importante evitar ser muito restritivo ou privar-nos dos alimentos que gostamos. Uma dieta saud\u00e1vel \u00e9 aquela que fornece todos os nutrientes de que necessitamos e ao mesmo tempo nos permite desfrutar das nossas guloseimas favoritas com modera\u00e7\u00e3o.<\/li>\n<\/ul>\n\n\n\n<h2 class=\"wp-block-heading\">Produtos Alimentares Saud\u00e1veis<\/h2>\n\n\n\n<p>Healthy food and <a class=\"wpil_keyword_link\" href=\"https:\/\/www.sisinternational.com\/pt\/pericia\/industrias\/pesquisa-de-mercado-de-bebidas\/\"   title=\"Pesquisa de mercado de bebidas\" data-wpil-keyword-link=\"linked\"  data-wpil-monitor-id=\"699\">pesquisa de mercado de bebidas<\/a> covers a wide-range of products including the following:<\/p>\n\n\n\n<ul class=\"wp-block-list\">\n<li><strong>Frutas e vegetais:<\/strong> Produtos frescos e congelados, bem como frutas e vegetais enlatados e secos, fazem parte da ind\u00fastria de alimentos saud\u00e1veis.<\/li>\n\n\n\n<li><strong>Gr\u00e3os integrais:<\/strong> Isso inclui produtos como p\u00e3o integral, arroz integral, quinoa e aveia.<\/li>\n\n\n\n<li><strong>Prote\u00ednas magras:<\/strong> Alimentos como frango, peixe, tofu e feij\u00e3o s\u00e3o boas fontes de prote\u00edna com baixo teor de gordura saturada.<\/li>\n\n\n\n<li><strong>Nozes e sementes:<\/strong> Eles fornecem gorduras saud\u00e1veis, prote\u00ednas e fibras e podem ser consumidos sozinhos ou adicionados a pratos como saladas e aveia.<\/li>\n\n\n\n<li><strong>Alternativas l\u00e1cteas:<\/strong> Leite n\u00e3o l\u00e1cteo, iogurte e queijo feitos de fontes como soja, am\u00eandoa ou coco s\u00e3o populares na ind\u00fastria de alimentos saud\u00e1veis.<\/li>\n\n\n\n<li><strong>Alternativas de carne \u00e0 base de plantas:<\/strong> Produtos como hamb\u00fargueres vegetarianos, salsichas sem carne e tofu est\u00e3o se tornando mais comuns \u00e0 medida que as pessoas procuram maneiras de reduzir o consumo de carne.<\/li>\n\n\n\n<li><strong>Superalimentos:<\/strong> S\u00e3o alimentos ricos em nutrientes, como couve, mirtilo e salm\u00e3o, que se acredita proporcionarem uma s\u00e9rie de benef\u00edcios \u00e0 sa\u00fade.<\/li>\n\n\n\n<li><strong>Lanches saud\u00e1veis:<\/strong> Op\u00e7\u00f5es como frutas frescas, palitos de vegetais com homus e pipoca estourada s\u00e3o populares na ind\u00fastria de alimentos saud\u00e1veis.<\/li>\n\n\n\n<li><strong>Alimentos org\u00e2nicos e naturais:<\/strong> Esses produtos s\u00e3o cultivados sem o uso de fertilizantes sint\u00e9ticos e muitas vezes s\u00e3o considerados mais saud\u00e1veis e ecologicamente corretos.<\/li>\n<\/ul>\n\n\n\n<h2 class=\"wp-block-heading\">Benef\u00edcios da realiza\u00e7\u00e3o de pesquisas de mercado de alimentos e bebidas saud\u00e1veis<\/h2>\n\n\n\n<figure class=\"gb-block-image gb-block-image-386cfe7e\"><img loading=\"lazy\" decoding=\"async\" width=\"1456\" height=\"816\" class=\"gb-image gb-image-386cfe7e\" src=\"https:\/\/www.sisinternational.com\/wp-content\/uploads\/2025\/08\/Organic-food-4.jpg\" alt=\"Pesquisa e Estrat\u00e9gia de Mercado Internacional da SIS\" title=\"Organic food (4)\" srcset=\"https:\/\/www.sisinternational.com\/wp-content\/uploads\/2025\/08\/Organic-food-4.jpg 1456w, https:\/\/www.sisinternational.com\/wp-content\/uploads\/2025\/08\/Organic-food-4-300x168.jpg 300w, https:\/\/www.sisinternational.com\/wp-content\/uploads\/2025\/08\/Organic-food-4-1024x574.jpg 1024w, https:\/\/www.sisinternational.com\/wp-content\/uploads\/2025\/08\/Organic-food-4-768x430.jpg 768w, https:\/\/www.sisinternational.com\/wp-content\/uploads\/2025\/08\/Organic-food-4-18x10.jpg 18w\" sizes=\"auto, (max-width: 1456px) 100vw, 1456px\"><\/figure>\n\n\n\n<p><\/p>\n\n\n\n<p>Healthy food and <a href=\"https:\/\/www.sisinternational.com\/pt\/solucoes\/pesquisa-de-mercado-da-industria-de-bebidas-alimenticias\/\" title=\"Pesquisa de mercado do setor de alimentos e bebidas\"  data-wpil-monitor-id=\"3648\">pesquisa de mercado de bebidas<\/a> is a powerful tool for businesses that want to thrive in the industry. By conducting regular market research businesses or major key players in the industry can gain the following benefits:<\/p>\n\n\n\n<ol class=\"wp-block-list\">\n<li>Healthy <a href=\"https:\/\/www.sisinternational.com\/pt\/pericia\/industrias\/pesquisa-de-mercado-de-alimentos-e-bebidas-para-jantar\/\" title=\"Pesquisa de mercado de alimentos e bebidas para jantares\"  data-wpil-monitor-id=\"7168\">food and beverage market research<\/a> provides insights that are vital for businesses looking to gain a competitive advantage and achieve long-term success.<\/li>\n\n\n\n<li>A pesquisa de mercado de alimentos e bebidas saud\u00e1veis pode ajudar as empresas a se manterem atualizadas com as mudan\u00e7as em seu setor. Essas informa\u00e7\u00f5es podem ser usadas para identificar novas oportunidades e ficar \u00e0 frente da concorr\u00eancia.<\/li>\n\n\n\n<li>Dados e estrat\u00e9gias em pesquisas de mercado de alimentos e bebidas saud\u00e1veis podem ajudar as empresas a identificar e segmentar seus mercados-alvo com base em fatores como demografia e comportamento, para que possam adaptar seus esfor\u00e7os de marketing e vendas para obter o m\u00e1ximo impacto.<\/li>\n\n\n\n<li>A pesquisa de mercado pode ajudar as empresas a identificar potenciais parceiros e colaboradores, bem como incluir a identifica\u00e7\u00e3o de produtos ou servi\u00e7os complementares que podem ajudar a expandir o alcance do mercado e aumentar as receitas.<\/li>\n\n\n\n<li>A pesquisa de mercado fornece insights sobre o reconhecimento da marca e identifica oportunidades para aumentar a visibilidade da marca e alavancar as m\u00eddias sociais ou outras iniciativas que aumentam o reconhecimento da marca.<\/li>\n<\/ol>\n\n\n\n<h2 class=\"wp-block-heading\">Impulsionadores na pesquisa de mercado de alimentos e bebidas saud\u00e1veis<\/h2>\n\n\n\n<h3 class=\"wp-block-heading\">O mercado de alimentos saud\u00e1veis \u00e9 impactado por uma variedade de fatores, incluindo:<\/h3>\n\n\n\n<ul class=\"wp-block-list\">\n<li><strong>Tend\u00eancias de sa\u00fade e bem-estar: <\/strong>\u00c0 medida que as pessoas se tornam mais interessadas em sa\u00fade e bem-estar, h\u00e1 uma procura crescente por op\u00e7\u00f5es alimentares mais saud\u00e1veis. Os consumidores procuram alimentos com baixo teor de a\u00e7\u00facar, sal e gorduras prejudiciais \u00e0 sa\u00fade e procuram alimentos integrais, dietas \u00e0 base de vegetais e produtos naturais ou org\u00e2nicos.<\/li>\n\n\n\n<li><strong>Pol\u00edticas e Regulamentos: <\/strong>Os organismos reguladores em todo o mundo est\u00e3o a introduzir regulamentos para promover uma alimenta\u00e7\u00e3o mais saud\u00e1vel, tais como requisitos de rotulagem nutricional, impostos sobre bebidas a\u00e7ucaradas e restri\u00e7\u00f5es \u00e0 comercializa\u00e7\u00e3o de alimentos n\u00e3o saud\u00e1veis para crian\u00e7as.<\/li>\n\n\n\n<li><strong>Preocupa\u00e7\u00f5es ambientais: <\/strong>\u00c0 medida que mais indiv\u00edduos se conscientizam do impacto da produ\u00e7\u00e3o de alimentos no meio ambiente, h\u00e1 uma demanda crescente por escolhas alimentares sustent\u00e1veis e \u00e9ticas. Isto inclui alimentos que s\u00e3o produzidos utilizando pr\u00e1ticas amigas do ambiente, bem como aqueles que s\u00e3o produzidos de forma a promover o bem-estar animal.<\/li>\n\n\n\n<li><strong>Inova\u00e7\u00e3o e Tecnologia: <\/strong>As novas tecnologias est\u00e3o mudando a forma como os alimentos s\u00e3o produzidos, processados e distribu\u00eddos. Isto inclui o desenvolvimento de alternativas \u00e0 carne \u00e0 base de plantas, agricultura vertical e novos modelos de distribui\u00e7\u00e3o de alimentos.<\/li>\n<\/ul>\n\n\n\n<h2 class=\"wp-block-heading\">Principais m\u00e9todos usados em pesquisas de mercado de alimentos e bebidas saud\u00e1veis<\/h2>\n\n\n\n<figure class=\"gb-block-image gb-block-image-08a05182\"><img loading=\"lazy\" decoding=\"async\" width=\"1456\" height=\"816\" class=\"gb-image gb-image-08a05182\" src=\"https:\/\/www.sisinternational.com\/wp-content\/uploads\/2025\/08\/japanese-food-suchi-8.jpg\" alt=\"Pesquisa e Estrat\u00e9gia de Mercado Internacional da SIS\" title=\"japanese food suchi (8)\" srcset=\"https:\/\/www.sisinternational.com\/wp-content\/uploads\/2025\/08\/japanese-food-suchi-8.jpg 1456w, https:\/\/www.sisinternational.com\/wp-content\/uploads\/2025\/08\/japanese-food-suchi-8-300x168.jpg 300w, https:\/\/www.sisinternational.com\/wp-content\/uploads\/2025\/08\/japanese-food-suchi-8-1024x574.jpg 1024w, https:\/\/www.sisinternational.com\/wp-content\/uploads\/2025\/08\/japanese-food-suchi-8-768x430.jpg 768w, https:\/\/www.sisinternational.com\/wp-content\/uploads\/2025\/08\/japanese-food-suchi-8-18x10.jpg 18w\" sizes=\"auto, (max-width: 1456px) 100vw, 1456px\"><\/figure>\n\n\n\n<p><\/p>\n\n\n\n<p>Existem v\u00e1rios m\u00e9todos comumente usados em pesquisas de mercado de alimentos e bebidas saud\u00e1veis para dados e estrat\u00e9gias em pesquisas de mercado de alimentos e bebidas saud\u00e1veis. Esses m\u00e9todos incluem:<\/p>\n\n\n\n<ul class=\"wp-block-list\">\n<li>As pesquisas s\u00e3o um dos m\u00e9todos mais comuns usados em pesquisas de mercado. Eles podem ser administrados on-line, pessoalmente ou por telefone e podem ser usados para coletar dados sobre uma ampla gama de t\u00f3picos, como prefer\u00eancias, atitudes e comportamentos dos consumidores.<\/li>\n\n\n\n<li>As entrevistas podem ser feitas pessoalmente ou por telefone e costumam ser usadas para coletar insights aprofundados sobre as prefer\u00eancias, comportamentos e motiva\u00e7\u00f5es do consumidor. As entrevistas tamb\u00e9m podem ser realizadas por meio de grupos focais e s\u00e3o frequentemente usadas para coletar insights qualitativos sobre as opini\u00f5es, atitudes e comportamentos dos consumidores.<\/li>\n\n\n\n<li>A an\u00e1lise online envolve o rastreamento do comportamento do consumidor em sites, plataformas de m\u00eddia social e outros canais online. Isso pode ser usado para coletar dados sobre prefer\u00eancias, comportamentos e tend\u00eancias do consumidor.<\/li>\n\n\n\n<li>A an\u00e1lise de dados de vendas envolve a an\u00e1lise de dados de vendas para obter insights sobre as prefer\u00eancias e comportamentos do consumidor. Isso pode incluir a an\u00e1lise de tend\u00eancias de vendas, a identifica\u00e7\u00e3o de produtos populares e a compreens\u00e3o dos padr\u00f5es de compra dos consumidores.<\/li>\n<\/ul>\n\n\n\n<h2 class=\"wp-block-heading\">Sobre pesquisa de mercado de alimentos e bebidas saud\u00e1veis<\/h2>\n\n\n\n<p>A realiza\u00e7\u00e3o de pesquisas de mercado de alimentos e bebidas saud\u00e1veis pode ajudar as empresas a compreender melhor seus clientes-alvo, suas necessidades e prefer\u00eancias. Os principais participantes do setor podem tomar decis\u00f5es informadas sobre desenvolvimento de produtos, pre\u00e7os e estrat\u00e9gias de marketing. Em \u00faltima an\u00e1lise, tudo isto pode levar a uma maior probabilidade de sucesso no mercado de alimentos saud\u00e1veis e ajudar as empresas a evitar erros dispendiosos.<\/p>","protected":false},"excerpt":{"rendered":"<p>A pesquisa de mercado de alimentos e bebidas saud\u00e1veis fornece insights de neg\u00f3cios vitais porque mais pessoas est\u00e3o interessadas em sa\u00fade e bem-estar.<\/p>","protected":false},"author":1,"featured_media":63963,"parent":22018,"menu_order":241,"comment_status":"closed","ping_status":"closed","template":"","meta":{"footnotes":""},"class_list":["post-42328","page","type-page","status-publish","has-post-thumbnail"],"_links":{"self":[{"href":"https:\/\/www.sisinternational.com\/pt\/wp-json\/wp\/v2\/pages\/42328","targetHints":{"allow":["GET"]}}],"collection":[{"href":"https:\/\/www.sisinternational.com\/pt\/wp-json\/wp\/v2\/pages"}],"about":[{"href":"https:\/\/www.sisinternational.com\/pt\/wp-json\/wp\/v2\/types\/page"}],"author":[{"embeddable":true,"href":"https:\/\/www.sisinternational.com\/pt\/wp-json\/wp\/v2\/users\/1"}],"replies":[{"embeddable":true,"href":"https:\/\/www.sisinternational.com\/pt\/wp-json\/wp\/v2\/comments?post=42328"}],"version-history":[{"count":8,"href":"https:\/\/www.sisinternational.com\/pt\/wp-json\/wp\/v2\/pages\/42328\/revisions"}],"predecessor-version":[{"id":80731,"href":"https:\/\/www.sisinternational.com\/pt\/wp-json\/wp\/v2\/pages\/42328\/revisions\/80731"}],"up":[{"embeddable":true,"href":"https:\/\/www.sisinternational.com\/pt\/wp-json\/wp\/v2\/pages\/22018"}],"wp:featuredmedia":[{"embeddable":true,"href":"https:\/\/www.sisinternational.com\/pt\/wp-json\/wp\/v2\/media\/63963"}],"wp:attachment":[{"href":"https:\/\/www.sisinternational.com\/pt\/wp-json\/wp\/v2\/media?parent=42328"}],"curies":[{"name":"wp","href":"https:\/\/api.w.org\/{rel}","templated":true}]}}