{"id":42322,"date":"2023-04-12T15:09:31","date_gmt":"2023-04-12T19:09:31","guid":{"rendered":"https:\/\/www.sisinternational.com\/?page_id=42322"},"modified":"2026-01-24T21:12:18","modified_gmt":"2026-01-25T02:12:18","slug":"pesquisa-de-mercado-de-consultoria-em-estrategia-de-energia-energetica","status":"publish","type":"page","link":"https:\/\/www.sisinternational.com\/pt\/pericia\/pesquisa-de-mercado-de-consultoria-em-estrategia-de-energia-energetica\/","title":{"rendered":"Pesquisa de mercado de consultoria em estrat\u00e9gia de energia e energia"},"content":{"rendered":"<h1 class=\"wp-block-heading\">Pesquisa de mercado de consultoria em estrat\u00e9gia de energia e energia<\/h1>\n\n\n\n<figure class=\"gb-block-image gb-block-image-f8ee6e2a\"><img loading=\"lazy\" decoding=\"async\" width=\"1456\" height=\"816\" class=\"gb-image gb-image-f8ee6e2a\" src=\"https:\/\/www.sisinternational.com\/wp-content\/uploads\/2025\/09\/Asia-Energy-3.jpg\" alt=\"Pesquisa e Estrat\u00e9gia de Mercado Internacional da SIS\" title=\"Asia Energy (3)\" srcset=\"https:\/\/www.sisinternational.com\/wp-content\/uploads\/2025\/09\/Asia-Energy-3.jpg 1456w, https:\/\/www.sisinternational.com\/wp-content\/uploads\/2025\/09\/Asia-Energy-3-300x168.jpg 300w, https:\/\/www.sisinternational.com\/wp-content\/uploads\/2025\/09\/Asia-Energy-3-1024x574.jpg 1024w, https:\/\/www.sisinternational.com\/wp-content\/uploads\/2025\/09\/Asia-Energy-3-768x430.jpg 768w, https:\/\/www.sisinternational.com\/wp-content\/uploads\/2025\/09\/Asia-Energy-3-18x10.jpg 18w\" sizes=\"auto, (max-width: 1456px) 100vw, 1456px\"><\/figure>\n\n\n\n<p><\/p>\n\n\n\n<p>Energy &amp; Power Strategy Consulting \u00e9 uma \u00e1rea especializada de consultoria. Fornece orienta\u00e7\u00e3o estrat\u00e9gica e experi\u00eancia a clientes nos setores de energia e energia. Esses clientes incluem produtores de energia, concession\u00e1rias e empresas de energia renov\u00e1vel.<\/p>\n\n\n\n<p><a href=\"https:\/\/www.sisinternational.com\/pt\/sistemas-de-automacao-de-processos-nos-eua\/\" title=\"Consultoria em Estrat\u00e9gia de Automa\u00e7\u00e3o\"  data-wpil-monitor-id=\"2698\">Energy and power strategy<\/a> consultants are different from other consultants. They help clients make informed decisions about their energy and power needs. These consultants also educate them about sustainability, regulatory compliance, risk management, and cost optimization. They may also help clients with market research, business planning, and investment analysis.<\/p>\n\n\n\n<h3 class=\"wp-block-heading\">Aqui est\u00e3o algumas \u00e1reas espec\u00edficas de foco para consultoria em estrat\u00e9gia de energia e energia:<\/h3>\n\n\n\n<ul class=\"wp-block-list\">\n<li>efici\u00eancia energ\u00e9tica renov\u00e1vel<\/li>\n\n\n\n<li>captura e armazenamento de carbono<\/li>\n\n\n\n<li>armazenamento de energia<\/li>\n\n\n\n<li>o desenvolvimento de novas tecnologias energ\u00e9ticas<\/li>\n<\/ul>\n\n\n\n<p>Consultants in this field may work for specialized consulting firms. Or they may be part of larger <a class=\"wpil_keyword_link\" href=\"https:\/\/www.sisinternational.com\/pt\/solucoes\/consultoria-estrategica\/empresas-de-consultoria-de-gestao\/\"   title=\"Empresa global de consultoria de gest\u00e3o\" data-wpil-keyword-link=\"linked\"  data-wpil-monitor-id=\"376\">empresas de consultoria de gest\u00e3o<\/a>. Some large firms offer energy and power strategy as one of their practice areas.<\/p>\n\n\n\n<h2 class=\"wp-block-heading\">Por que a consultoria em estrat\u00e9gia de energia e energia \u00e9 importante?<\/h2>\n\n\n\n<p>A Consultoria em Estrat\u00e9gia de Energia e Energia \u00e9 essencial por v\u00e1rios motivos. Primeiro, atende \u00e0 crescente demanda energ\u00e9tica. Esta procura continua a crescer \u00e0 medida que as popula\u00e7\u00f5es aumentam e as economias se desenvolvem. Consultores de estrat\u00e9gia de energia e energia ajudam os clientes a encontrar formas inovadoras de atender a essa demanda. Eles tamb\u00e9m ajudam os clientes a trabalhar em busca de solu\u00e7\u00f5es mais sustent\u00e1veis.<\/p>\n\n\n\n<p>O foco do mundo est\u00e1 agora nas altera\u00e7\u00f5es clim\u00e1ticas e na redu\u00e7\u00e3o das emiss\u00f5es de carbono. Muitas empresas querem mudar para fontes de energia renov\u00e1veis. Consultores de energia e estrat\u00e9gia de energia podem ajudar os clientes a navegar pelas op\u00e7\u00f5es de energia renov\u00e1vel. Eles tamb\u00e9m podem ajudar os clientes a desenvolver estrat\u00e9gias para integrar essas op\u00e7\u00f5es em suas opera\u00e7\u00f5es.<\/p>\n\n\n\n<p>Os governos regulam a energia e a ind\u00fastria de energia. Est\u00e1 sujeito a v\u00e1rios riscos. Por exemplo, pode passar por volatilidade de pre\u00e7os, tens\u00f5es geopol\u00edticas e desastres naturais. Consultores de estrat\u00e9gia de energia e energia podem ajudar os clientes a gerenciar esses riscos. Eles fornecem intelig\u00eancia de mercado e estrat\u00e9gias de gerenciamento de risco.<br>Consultores de energia e estrat\u00e9gia de energia podem ajudar os clientes a otimizar seu uso de energia. Eles tamb\u00e9m os ajudam a aumentar a efici\u00eancia. O resultado \u00e9 economia de custos e redu\u00e7\u00e3o de emiss\u00f5es de carbono.<\/p>\n\n\n\n<p>A ind\u00fastria de energia e energia est\u00e1 evoluindo. Novas tecnologias e solu\u00e7\u00f5es surgem constantemente. Consultores de energia e energia podem ajudar os clientes a ficarem atualizados sobre esses desenvolvimentos. Eles tamb\u00e9m podem ajudar os clientes a identificar oportunidades de inova\u00e7\u00e3o e crescimento. Por exemplo, podem desenvolver novos produtos ou servi\u00e7os utilizando fontes de energia renov\u00e1veis.<\/p>\n\n\n\n<h2 class=\"wp-block-heading\">Principais cargos<\/h2>\n\n\n\n<figure class=\"gb-block-image gb-block-image-2cec471d\"><img loading=\"lazy\" decoding=\"async\" width=\"1456\" height=\"816\" class=\"gb-image gb-image-2cec471d\" src=\"https:\/\/www.sisinternational.com\/wp-content\/uploads\/2025\/09\/Asia-Energy-6.jpg\" alt=\"Pesquisa e Estrat\u00e9gia de Mercado Internacional da SIS\" title=\"Asia Energy (6)\" srcset=\"https:\/\/www.sisinternational.com\/wp-content\/uploads\/2025\/09\/Asia-Energy-6.jpg 1456w, https:\/\/www.sisinternational.com\/wp-content\/uploads\/2025\/09\/Asia-Energy-6-300x168.jpg 300w, https:\/\/www.sisinternational.com\/wp-content\/uploads\/2025\/09\/Asia-Energy-6-1024x574.jpg 1024w, https:\/\/www.sisinternational.com\/wp-content\/uploads\/2025\/09\/Asia-Energy-6-768x430.jpg 768w, https:\/\/www.sisinternational.com\/wp-content\/uploads\/2025\/09\/Asia-Energy-6-18x10.jpg 18w\" sizes=\"auto, (max-width: 1456px) 100vw, 1456px\"><\/figure>\n\n\n\n<p><\/p>\n\n\n\n<h3 class=\"wp-block-heading\">Alguns cargos essenciais em consultoria de estrat\u00e9gia de energia e energia incluem:<\/h3>\n\n\n\n<p><strong>Consultor de Energia:<\/strong> Fornece consultoria e experi\u00eancia em gest\u00e3o de energia e efici\u00eancia energ\u00e9tica. Eles tamb\u00e9m fornecem orienta\u00e7\u00f5es sobre solu\u00e7\u00f5es de energia renov\u00e1vel. Esses consultores podem trabalhar com clientes para desenvolver pol\u00edticas energ\u00e9ticas. Eles tamb\u00e9m identificam oportunidades de redu\u00e7\u00e3o de custos e recomendam solu\u00e7\u00f5es energ\u00e9ticas sustent\u00e1veis.<\/p>\n\n\n\n<p><strong>Consultor de energia:<\/strong> Desenvolve e gerencia instala\u00e7\u00f5es de gera\u00e7\u00e3o de energia, sistemas de transmiss\u00e3o e distribui\u00e7\u00e3o. Este consultor \u00e9 tamb\u00e9m respons\u00e1vel pelo desenvolvimento e gest\u00e3o de solu\u00e7\u00f5es de armazenamento de energia. Eles podem ajudar os clientes a identificar novas fontes de energia e otimizar seus sistemas existentes. Eles tamb\u00e9m gerenciam o risco energ\u00e9tico.<\/p>\n\n\n\n<p><strong>Consultor de Energia Renov\u00e1vel:<\/strong> Especializada no desenvolvimento e implementa\u00e7\u00e3o de solu\u00e7\u00f5es de energia renov\u00e1vel. Por exemplo, eles desenvolvem solu\u00e7\u00f5es de energia solar, e\u00f3lica, hidrel\u00e9trica e geot\u00e9rmica. Eles podem trabalhar com clientes para avaliar a viabilidade de projetos de energia renov\u00e1vel. Eles tamb\u00e9m fornecem aconselhamento sobre requisitos regulamentares e identificam op\u00e7\u00f5es de financiamento.<\/p>\n\n\n\n<p><strong>Analista de Energia:<\/strong> Coleta e analisa dados sobre mercados, tend\u00eancias e tecnologias de energia. Eles podem usar esses dados para fornecer insights e recomenda\u00e7\u00f5es aos clientes. Por exemplo, podem utiliz\u00e1-lo para identificar oportunidades de investimento. Ou podem avaliar o impacto das mudan\u00e7as pol\u00edticas e prever a procura de energia.<\/p>\n\n\n\n<p><strong>Consultor de Sustentabilidade:<\/strong> Ajuda os clientes a reduzir o impacto ambiental da energia e da energia. Eles podem ajudar. clientes para desenvolver estrat\u00e9gias de sustentabilidade e avaliar as pegadas de carbono. Eles tamb\u00e9m os ajudam a instalar pr\u00e1ticas sustent\u00e1veis em todas as suas opera\u00e7\u00f5es.<\/p>\n\n\n\n<p><strong>Gerente de Risco Energ\u00e9tico:<\/strong> Especializada na identifica\u00e7\u00e3o e gerenciamento de riscos de energia e opera\u00e7\u00f5es de energia. Eles podem trabalhar com clientes para desenvolver estrat\u00e9gias de gest\u00e3o de risco. Tamb\u00e9m avaliam a volatilidade do mercado e identificam oportunidades de cobertura.<\/p>\n\n\n\n<p>Esses cargos s\u00e3o apenas alguns exemplos. Muitas outras fun\u00e7\u00f5es est\u00e3o dispon\u00edveis em consultoria estrat\u00e9gica de Energia e Energia. Outros cargos incluem gerente de projetos, gerente de desenvolvimento de neg\u00f3cios e especialista em assuntos regulat\u00f3rios.<\/p>\n\n\n\n<h2 class=\"wp-block-heading\">Por que as empresas precisam de consultoria em estrat\u00e9gia de energia e energia?<\/h2>\n\n\n\n<figure class=\"gb-block-image gb-block-image-69e97f91\"><img loading=\"lazy\" decoding=\"async\" width=\"1456\" height=\"816\" class=\"gb-image gb-image-69e97f91\" src=\"https:\/\/www.sisinternational.com\/wp-content\/uploads\/2025\/09\/Asia-Energy-1.jpg\" alt=\"Pesquisa e Estrat\u00e9gia de Mercado Internacional da SIS\" title=\"Asia Energy (1)\" srcset=\"https:\/\/www.sisinternational.com\/wp-content\/uploads\/2025\/09\/Asia-Energy-1.jpg 1456w, https:\/\/www.sisinternational.com\/wp-content\/uploads\/2025\/09\/Asia-Energy-1-300x168.jpg 300w, https:\/\/www.sisinternational.com\/wp-content\/uploads\/2025\/09\/Asia-Energy-1-1024x574.jpg 1024w, https:\/\/www.sisinternational.com\/wp-content\/uploads\/2025\/09\/Asia-Energy-1-768x430.jpg 768w, https:\/\/www.sisinternational.com\/wp-content\/uploads\/2025\/09\/Asia-Energy-1-18x10.jpg 18w\" sizes=\"auto, (max-width: 1456px) 100vw, 1456px\"><\/figure>\n\n\n\n<p><\/p>\n\n\n\n<p>As empresas precisam de consultoria em estrat\u00e9gia de energia e energia por v\u00e1rios motivos. O primeiro \u00e9 a economia de custos. Os custos de energia e energia podem ser significativos para muitas empresas. Isto \u00e9 especialmente verdadeiro para aqueles que trabalham em ind\u00fastrias com utiliza\u00e7\u00e3o intensiva de energia. Consultores de estrat\u00e9gia de energia e energia podem ajudar as empresas a identificar oportunidades de redu\u00e7\u00e3o de custos. Por exemplo, podem implementar medidas de efici\u00eancia energ\u00e9tica. Ou podem explorar op\u00e7\u00f5es de energia renov\u00e1vel e estrat\u00e9gias otimizadas de aquisi\u00e7\u00e3o de energia.<\/p>\n\n\n\n<p>A ind\u00fastria de energia e energia apresenta v\u00e1rios riscos. Por exemplo, est\u00e1 sujeito \u00e0 volatilidade dos pre\u00e7os, perturba\u00e7\u00f5es na cadeia de abastecimento e altera\u00e7\u00f5es regulamentares. Consultores de estrat\u00e9gia de energia e energia podem ajudar as empresas a gerenciar esses riscos. Eles podem fornecer intelig\u00eancia de mercado, avalia\u00e7\u00f5es de risco e estrat\u00e9gias de gerenciamento de risco.<br>H\u00e1 uma press\u00e3o crescente sobre as empresas para que adotem pr\u00e1ticas sustent\u00e1veis e ambientalmente respons\u00e1veis. Por exemplo, devem reduzir as emiss\u00f5es de carbono e fazer a transi\u00e7\u00e3o para fontes de energia renov\u00e1veis. Esses consultores podem ajudar as empresas a desenvolver e implementar estrat\u00e9gias de energia sustent\u00e1vel. Essas estrat\u00e9gias devem estar alinhadas com seus objetivos ambientais.<\/p>\n\n\n\n<p>Conforme mencionado anteriormente, os governos regulam a energia e a ind\u00fastria energ\u00e9tica. Possui muitos regulamentos locais, estaduais e federais. Estes regulamentos regem tudo, desde a aquisi\u00e7\u00e3o de energia at\u00e9 \u00e0s normas de emiss\u00f5es. Os consultores de energia e estrat\u00e9gia de energia podem ajudar as empresas a navegar neste complexo cen\u00e1rio regulat\u00f3rio. Eles tamb\u00e9m podem ajudar a garantir a conformidade com os regulamentos relevantes.<\/p>\n\n\n\n<h2 class=\"wp-block-heading\">Principais fatores de sucesso<\/h2>\n\n\n\n<p>Os fatores cr\u00edticos de sucesso na consultoria em energia e estrat\u00e9gia de energia incluem experi\u00eancia. Os consultores de estrat\u00e9gia de energia e energia devem conhecer o setor de energia e energia. Esse conhecimento compreende tend\u00eancias, tecnologias e regulamenta\u00e7\u00f5es. Devem tamb\u00e9m ter experi\u00eancia em energias renov\u00e1veis e efici\u00eancia energ\u00e9tica. A gest\u00e3o de riscos energ\u00e9ticos \u00e9 outra \u00e1rea em que devem ter experi\u00eancia.<\/p>\n\n\n\n<p>Os consultores de energia e estrat\u00e9gia de energia devem ser capazes de analisar dados complexos. Por exemplo, devem saber ler as tend\u00eancias do mercado energ\u00e9tico e as altera\u00e7\u00f5es regulamentares. Eles tamb\u00e9m devem conhecer m\u00e9tricas financeiras. Eles devem ent\u00e3o usar essa an\u00e1lise para fornecer insights e recomenda\u00e7\u00f5es aos clientes.<\/p>\n\n\n\n<p>These <a href=\"https:\/\/www.sisinternational.com\/pt\/pericia\/industrias\/dei-consultoria-de-comunicacao\/\" title=\"Consultoria de Comunica\u00e7\u00e3o DEI\"  data-wpil-monitor-id=\"7186\">consultants must be able to communicate<\/a> their findings and recommendations to clients. Thus, they must know how to speak and write well.<\/p>\n\n\n\n<p>Os consultores devem colaborar com clientes e outras partes interessadas, como \u00f3rg\u00e3os reguladores. Eles t\u00eam que desenvolver e implementar estrat\u00e9gias eficazes de energia e poder. Os consultores de estrat\u00e9gia de energia e energia devem compreender as opera\u00e7\u00f5es de neg\u00f3cios e as m\u00e9tricas financeiras. Eles devem desenvolver estrat\u00e9gias alinhadas aos objetivos de neg\u00f3cios de seus clientes.<\/p>\n\n\n\n<p>Os consultores devem manter-se atualizados sobre as mais recentes tecnologias e tend\u00eancias em energia e energia. Eles tamb\u00e9m devem desenvolver solu\u00e7\u00f5es que atendam \u00e0s necessidades e desafios exclusivos de seus clientes.<\/p>\n\n\n\n<h2 class=\"wp-block-heading\">Sobre Pesquisa de Mercado de Consultoria em Estrat\u00e9gia de Energia e Energia<\/h2>\n\n\n\n<figure class=\"gb-block-image gb-block-image-176d0b7f\"><img loading=\"lazy\" decoding=\"async\" width=\"1456\" height=\"816\" class=\"gb-image gb-image-176d0b7f\" src=\"https:\/\/www.sisinternational.com\/wp-content\/uploads\/2025\/09\/Asia-Energy-7.jpg\" alt=\"Pesquisa e Estrat\u00e9gia de Mercado Internacional da SIS\" title=\"Asia Energy (7)\" srcset=\"https:\/\/www.sisinternational.com\/wp-content\/uploads\/2025\/09\/Asia-Energy-7.jpg 1456w, https:\/\/www.sisinternational.com\/wp-content\/uploads\/2025\/09\/Asia-Energy-7-300x168.jpg 300w, https:\/\/www.sisinternational.com\/wp-content\/uploads\/2025\/09\/Asia-Energy-7-1024x574.jpg 1024w, https:\/\/www.sisinternational.com\/wp-content\/uploads\/2025\/09\/Asia-Energy-7-768x430.jpg 768w, https:\/\/www.sisinternational.com\/wp-content\/uploads\/2025\/09\/Asia-Energy-7-18x10.jpg 18w\" sizes=\"auto, (max-width: 1456px) 100vw, 1456px\"><\/figure>\n\n\n\n<p><\/p>\n\n\n\n<p>SIS Internacional <a href=\"https:\/\/www.sisinternational.com\/pt\/agentic-ai-in-market-research\/\" title=\"Agentic AI in Market Research\"  data-wpil-monitor-id=\"491\">Research provides Energy &amp; Power Strategy Consulting<\/a> Market Research. <a class=\"wpil_keyword_link\" href=\"https:\/\/www.sisinternational.com\/pt\/best-practices-for-quantitative-market-research\/\"   title=\"Melhores pr\u00e1ticas para pesquisa quantitativa de mercado\" data-wpil-keyword-link=\"linked\"  data-wpil-monitor-id=\"700\">Pesquisa Quantitativa de Mercado<\/a> can help shed light on your business or market. Thus, it\u2019s valuable to power companies of any size. We also offer <a href=\"https:\/\/www.sisinternational.com\/pt\/pericia\/industrias\/pesquisa-de-mercado-de-geracao-de-energia\/\" title=\"Pesquisa de mercado de gera\u00e7\u00e3o de energia\"  data-wpil-monitor-id=\"3068\">Pesquisa de dimensionamento de mercado<\/a>, which helps with forecasting and market validation.<\/p>\n\n\n\n<p><a class=\"wpil_keyword_link\" href=\"https:\/\/www.sisinternational.com\/pt\/future-trends-in-qualitative-market-research\/\"   title=\"Future Trends in Qualitative Market Research\" data-wpil-keyword-link=\"linked\"  data-wpil-monitor-id=\"701\">Pesquisa qualitativa de mercado<\/a> is another service provided by SIS. This research provides insights into customer preferences, needs, and behaviors. It helps businesses drive growth and make better decisions. We can also help with UX Market Research, leading to improved customer satisfaction. UX Market research also improves engagement. It enables a better bottom line for your business.<\/p>\n\n\n\n<p>A Pesquisa Estrat\u00e9gica de Mercado \u00e9 outra ferramenta valiosa. As empresas podem us\u00e1-lo para medir como seus esfor\u00e7os afetam seu p\u00fablico-alvo. H\u00e1 tamb\u00e9m An\u00e1lise Competitiva. Esta ferramenta tem como objetivo entender as vantagens e desvantagens dos seus concorrentes. Ele tamb\u00e9m informa sobre suas estrat\u00e9gias de desenvolvimento e recursos de marketing. Com base nesse conhecimento, podemos criar uma estrat\u00e9gia de neg\u00f3cio (ou editar uma j\u00e1 existente).<\/p>\n\n\n\n<p>Successful entry into a new <a href=\"https:\/\/www.sisinternational.com\/pt\/pericia\/industrias\/pesquisa-de-mercado-de-resina\/\" title=\"Pesquisa de mercado de resina\"  data-wpil-monitor-id=\"3199\">market needs careful research<\/a> and consideration. Let SIS conduct <a href=\"https:\/\/www.sisinternational.com\/pt\/pericia\/industrias\/pesquisa-de-mercado-de-web-scraping\/\" title=\"Pesquisa de mercado de raspagem na Web\"  data-wpil-monitor-id=\"3220\">Pesquisa de entrada no mercado<\/a> before you leap into a new market. Build a market entry strategy first. <a class=\"wpil_keyword_link\" href=\"https:\/\/www.sisinternational.com\/pt\/solucoes\/consultoria-estrategica\/pesquisa-de-oportunidade-de-mercado\/\"   title=\"Pesquisa de oportunidades de mercado\" data-wpil-keyword-link=\"linked\"  data-wpil-monitor-id=\"702\">Pesquisa de oportunidades de mercado<\/a> is another strategy used by energy &amp; power companies.<\/p>\n\n\n\n<p>Tamb\u00e9m podemos organizar grupos focais, pesquisas e entrevistas. Essas ferramentas ajudam a informar sua estrat\u00e9gia de entrada no mercado. Contate-nos hoje para uma consulta!<\/p>","protected":false},"excerpt":{"rendered":"<p>Energy &amp; Power Strategy Consulting \u00e9 uma \u00e1rea especializada que fornece orienta\u00e7\u00e3o estrat\u00e9gica e experi\u00eancia a clientes nos setores de energia e energia.<\/p>","protected":false},"author":1,"featured_media":65531,"parent":14514,"menu_order":239,"comment_status":"closed","ping_status":"closed","template":"","meta":{"footnotes":""},"class_list":["post-42322","page","type-page","status-publish","has-post-thumbnail"],"_links":{"self":[{"href":"https:\/\/www.sisinternational.com\/pt\/wp-json\/wp\/v2\/pages\/42322","targetHints":{"allow":["GET"]}}],"collection":[{"href":"https:\/\/www.sisinternational.com\/pt\/wp-json\/wp\/v2\/pages"}],"about":[{"href":"https:\/\/www.sisinternational.com\/pt\/wp-json\/wp\/v2\/types\/page"}],"author":[{"embeddable":true,"href":"https:\/\/www.sisinternational.com\/pt\/wp-json\/wp\/v2\/users\/1"}],"replies":[{"embeddable":true,"href":"https:\/\/www.sisinternational.com\/pt\/wp-json\/wp\/v2\/comments?post=42322"}],"version-history":[{"count":11,"href":"https:\/\/www.sisinternational.com\/pt\/wp-json\/wp\/v2\/pages\/42322\/revisions"}],"predecessor-version":[{"id":80749,"href":"https:\/\/www.sisinternational.com\/pt\/wp-json\/wp\/v2\/pages\/42322\/revisions\/80749"}],"up":[{"embeddable":true,"href":"https:\/\/www.sisinternational.com\/pt\/wp-json\/wp\/v2\/pages\/14514"}],"wp:featuredmedia":[{"embeddable":true,"href":"https:\/\/www.sisinternational.com\/pt\/wp-json\/wp\/v2\/media\/65531"}],"wp:attachment":[{"href":"https:\/\/www.sisinternational.com\/pt\/wp-json\/wp\/v2\/media?parent=42322"}],"curies":[{"name":"wp","href":"https:\/\/api.w.org\/{rel}","templated":true}]}}