{"id":42297,"date":"2023-04-11T18:06:04","date_gmt":"2023-04-11T22:06:04","guid":{"rendered":"https:\/\/www.sisinternational.com\/?page_id=42297"},"modified":"2026-01-25T19:05:38","modified_gmt":"2026-01-26T00:05:38","slug":"cosmeticos-na-pesquisa-de-mercado-do-mexico","status":"publish","type":"page","link":"https:\/\/www.sisinternational.com\/pt\/cobertura\/latin-america\/pesquisa-de-mercado-na-america-latina\/cosmeticos-na-pesquisa-de-mercado-do-mexico\/","title":{"rendered":"Pesquisa de mercado de cosm\u00e9ticos no M\u00e9xico"},"content":{"rendered":"<h1 class=\"wp-block-heading p1\">Pesquisa de mercado de cosm\u00e9ticos no M\u00e9xico<\/h1>\n\n\n<div class=\"wp-block-image\">\n<figure class=\"aligncenter size-large is-resized\"><img loading=\"lazy\" decoding=\"async\" width=\"1024\" height=\"574\" src=\"https:\/\/www.sisinternational.com\/wp-content\/uploads\/2025\/09\/Cosmetics-in-mexico-3-1024x574.jpg\" alt=\"Pesquisa e Estrat\u00e9gia de Mercado Internacional da SIS\" class=\"wp-image-66238\" style=\"width:1350px\" srcset=\"https:\/\/www.sisinternational.com\/wp-content\/uploads\/2025\/09\/Cosmetics-in-mexico-3-1024x574.jpg 1024w, https:\/\/www.sisinternational.com\/wp-content\/uploads\/2025\/09\/Cosmetics-in-mexico-3-300x168.jpg 300w, https:\/\/www.sisinternational.com\/wp-content\/uploads\/2025\/09\/Cosmetics-in-mexico-3-768x430.jpg 768w, https:\/\/www.sisinternational.com\/wp-content\/uploads\/2025\/09\/Cosmetics-in-mexico-3-18x10.jpg 18w, https:\/\/www.sisinternational.com\/wp-content\/uploads\/2025\/09\/Cosmetics-in-mexico-3.jpg 1456w\" sizes=\"auto, (max-width: 1024px) 100vw, 1024px\" \/><\/figure>\n<\/div>\n\n\n<p><\/p>\n\n\n\n<p class=\"p2\">O mercado de cosm\u00e9ticos vem passando por diversas mudan\u00e7as nas \u00faltimas d\u00e9cadas baseadas nas demandas dos consumidores, preocupa\u00e7\u00f5es ambientais, \u00e9tica e lucratividade. Com os consumidores mais informados sobre os cuidados da pele e cosm\u00e9ticos em geral e a crescente consci\u00eancia do impacto no ambiente e nos animais, as empresas t\u00eam de criar produtos e estrat\u00e9gias de marketing inovadores para entrar neste mercado altamente competitivo. Consequentemente, a pesquisa de mercado de cosm\u00e9ticos no M\u00e9xico tornou-se indispens\u00e1vel para qualquer empresa que pretenda seguir um caminho de sucesso neste setor.<\/p>\n\n\n\n<h2 class=\"wp-block-heading p2\">Vis\u00e3o geral da pesquisa de mercado de cosm\u00e9ticos no M\u00e9xico<\/h2>\n\n\n\n<p class=\"p2\">O mundo est\u00e1 mudando e a maioria das empresas est\u00e1 caminhando em uma dire\u00e7\u00e3o mais sustent\u00e1vel. O mesmo acontece com a ind\u00fastria de cosm\u00e9ticos. Em 2021, o Senado do M\u00e9xico votou unanimemente para proibir os testes de cosm\u00e9ticos em animais, o que n\u00e3o foi apenas uma decis\u00e3o hist\u00f3rica, mas o M\u00e9xico tamb\u00e9m se tornou o primeiro pa\u00eds da Am\u00e9rica do Norte a faz\u00ea-lo.<\/p>\n\n\n\n<p class=\"p2\">Cosmetics play a key role in Mexico\u2019s business world, and thus, conducting market <a href=\"https:\/\/www.sisinternational.com\/pt\/pericia\/industrias\/pesquisa-de-personalidade-extrema\/\" title=\"Pesquisa de personalidade extrema\"  data-wpil-monitor-id=\"3367\">research is of extreme<\/a> importance for companies looking to build or expand their presence in the cosmetics industry. The country still attracts investors who have established manufacturing and distribution plants there and who use Mexico as their distribution center for Latin America.<\/p>\n\n\n\n<p class=\"p2\">Mais importante ainda, a classe m\u00e9dia mexicana cresceu consideravelmente nos \u00faltimos anos. O mesmo aconteceu com o seu or\u00e7amento de despesas, e n\u00e3o podemos esquecer o aumento do n\u00edvel do Rendimento Bruto, que provoca um efeito significativo nos padr\u00f5es e tend\u00eancias do consumo.<\/p>\n\n\n\n<h2 class=\"wp-block-heading p2\">Principais tend\u00eancias e motivadores na ind\u00fastria cosm\u00e9tica<\/h2>\n\n\n\n<p class=\"p2\">Cosm\u00e9ticos e cuidados pessoais representam um subsetor essencial de bens de consumo no M\u00e9xico. O pa\u00eds est\u00e1 classificado entre os dez primeiros do mundo em cosm\u00e9ticos e produtos de higiene pessoal. Al\u00e9m disso, \u00e9 um dos maiores mercados de produtos de beleza da Am\u00e9rica Latina.<\/p>\n\n\n\n<p class=\"p2\">O M\u00e9xico tamb\u00e9m importa um grande n\u00famero de produtos de beleza da Coreia do Sul, mas os EUA continuam a ser o principal importador do pa\u00eds.<\/p>\n\n\n\n<h2 class=\"wp-block-heading p2\">Oportunidades na ind\u00fastria cosm\u00e9tica<\/h2>\n\n\n\n<p class=\"p2\"><a href=\"https:\/\/www.sisinternational.com\/pt\/pesquisa-de-mercado-tijuana-mexico\/\" title=\"Pesquisa de mercado em Tijuana, M\u00e9xico\"  data-wpil-monitor-id=\"2539\">Mexico\u2019s cosmetics market<\/a> is expected to grow. Moreover, the increasing demand for organic, non-animal-tested, and cruelty-free products makes the Mexican cosmetics market much more attractive to consumers.<\/p>\n\n\n\n<p class=\"p2\">N\u00e3o s\u00f3 as mulheres, mas tamb\u00e9m os homens realizam um grande n\u00famero de compras de cosm\u00e9ticos e produtos para a pele\/cabelos. Uma crescente consci\u00eancia da beleza e uma maior variedade de marcas levam os clientes do sexo masculino a fazer mais compras online e em lojas especializadas, supermercados, farm\u00e1cias, etc.<\/p>\n\n\n\n<p class=\"p2\">No M\u00e9xico, as diversas empresas de beleza e cuidados s\u00e3o altamente competitivas, o que impulsiona muitas estrat\u00e9gias de neg\u00f3cios diferentes para atrair e manter a clientela; por exemplo, inova\u00e7\u00f5es de produtos, expans\u00e3o, fus\u00f5es, parcerias e aquisi\u00e7\u00f5es. Construir uma presen\u00e7a online com um site pessoal ou oferecer produtos nas principais plataformas de varejo online, como a Amazon, tamb\u00e9m desempenha um papel essencial.<\/p>\n\n\n\n<p class=\"p2\">No que diz respeito \u00e0 distribui\u00e7\u00e3o, a venda direta det\u00e9m a maior quota de mercado, seguida de perto pelos supermercados. No que diz respeito aos an\u00fancios, a publicidade agressiva e o patroc\u00ednio de programas s\u00e3o os m\u00e9todos mais comuns.<\/p>\n\n\n\n<h2 class=\"wp-block-heading p2\">Desafios nos cosm\u00e9ticos no M\u00e9xico<\/h2>\n\n\n\n<p class=\"p2\">Although Mexico\u2019s free trade agreements with most countries are essentially a good thing, they can present a challenge. Thanks to the free trade agreements, consumers can buy cosmetics and skin care products from Europe, North America, and Asia, and as a result, they have a large selection to choose from. This leads to intense competition for any company that is looking at exports to Mexico. The list of companies such as Procter &amp; Gamble, Unilever, Colgate-Palmolive, Est\u00e9e Lauder, Betterware de Mexico, L\u2019OREAL, and more may provide a testing environment for a new enterprise. Consequently, it requires <a href=\"https:\/\/www.sisinternational.com\/pt\/pericia\/industrias\/pesquisa-de-mercado-de-maquinas-pesadas\/\" title=\"Pesquisa de mercado de m\u00e1quinas pesadas\"  data-wpil-monitor-id=\"5393\">heavy investment in marketing<\/a>, online as well as offline. That being said, there is still ample opportunity for international players to enter this market.<\/p>\n\n\n\n<p class=\"p2\">Em geral, os consumidores mexicanos gastam muito dinheiro em produtos de beleza. Tendo uma vasta escolha dispon\u00edvel e com muitos dos produtos produzidos localmente, os compradores t\u00eam acesso a pre\u00e7os mais baixos, o que muitas vezes pode deixar nas prateleiras produtos importados mais caros. Os compradores geralmente procuram os produtos com melhor pre\u00e7o. Mesmo assim, grande parte dos consumidores mexicanos tamb\u00e9m est\u00e1 disposta a investir em grandes marcas internacionais e\/ou tend\u00eancias atuais. Apesar da tend\u00eancia de procura de produtos baratos, ainda existe uma grande procura por marcas premium e de luxo, principalmente entre a classe m\u00e9dia alta.<\/p>\n\n\n\n<h2 class=\"wp-block-heading p2\">Clusters de inova\u00e7\u00e3o para analisar cosm\u00e9ticos no M\u00e9xico<\/h2>\n\n\n\n<p class=\"p2\">A ind\u00fastria cosm\u00e9tica est\u00e1 em ascens\u00e3o no M\u00e9xico e, apesar da forte concorr\u00eancia, uma grande procura por cosm\u00e9ticos e produtos de beleza gera mais oportunidades.<\/p>\n\n\n\n<p class=\"p2\">Os cuidados com a pele e os cosm\u00e9ticos para homens s\u00e3o um nicho promissor, uma vez que o interesse dos homens em parecerem bem tratados e jovens aumentou consideravelmente. Produtos essenciais como protetor labial, lo\u00e7\u00e3o para as m\u00e3os, creme para os olhos, toner, limpador, protetor solar, entre outros, s\u00e3o muito procurados nesse mercado.<\/p>\n\n\n\n<p class=\"p2\">Barbearias e lojas especializadas que atendem \u00e0s necessidades da pele e do cabelo dos homens surgiram em todos os lugares nos \u00faltimos anos, oferecendo uma variedade de produtos.<\/p>\n\n\n\n<p class=\"p2\">Al\u00e9m disso, uma maior conscientiza\u00e7\u00e3o sobre a exposi\u00e7\u00e3o solar tamb\u00e9m levou a mais compras de produtos com FPS. Hoje em dia, os consumidores prestam mais aten\u00e7\u00e3o aos cosm\u00e9ticos que protegem a pele. Portanto, espera-se que a popularidade dos protetores solares e dos cosm\u00e9ticos com protetor solar aumente nos pr\u00f3ximos anos.<\/p>\n\n\n\n<p class=\"p2\">Al\u00e9m disso, os cosm\u00e9ticos coloridos (incluindo esmaltes e produtos para unhas em geral) est\u00e3o muito na moda e apresentam uma boa oportunidade de investimento. Mesmo com ampla concorr\u00eancia, \u00e9 poss\u00edvel chegar aos consumidores com tend\u00eancias atraentes e pre\u00e7os competitivos. Os consumidores tamb\u00e9m tendem a descobrir novas marcas (mexicanas e internacionais) atrav\u00e9s de tutoriais em v\u00eddeo e blogs.<\/p>\n\n\n\n<p class=\"p2\">Finalmente, a import\u00e2ncia dos produtos org\u00e2nicos e naturais n\u00e3o pode ser subestimada. Devido a uma maior compreens\u00e3o dos seus benef\u00edcios para a sa\u00fade, esses produtos s\u00e3o muito procurados. Al\u00e9m disso, o mercado vegano tamb\u00e9m est\u00e1 a crescer exponencialmente, uma vez que cada vez mais consumidores est\u00e3o a tomar consci\u00eancia da crueldade contra os animais e dos direitos dos animais e querem fazer compras eticamente respons\u00e1veis. A procura por produtos que n\u00e3o sejam testados em animais e que nem sequer contenham ingredientes de origem animal est\u00e1 a aumentar significativamente.<\/p>\n\n\n\n<h2 class=\"wp-block-heading p3\">Perspectivas futuras dos cosm\u00e9ticos no M\u00e9xico<\/h2>\n\n\n\n<p class=\"p2\">O valor do mercado de cosm\u00e9ticos permaneceu est\u00e1vel nos \u00faltimos anos e espera-se que cres\u00e7a. Os consumidores mexicanos gastam uma quantia substancial por ano em cosm\u00e9ticos, e espera-se que a crescente demanda por produtos naturais, org\u00e2nicos, n\u00e3o testados em animais, livres de crueldade e embalagens ecol\u00f3gicas impulsione ainda mais a ind\u00fastria. Apesar do mercado altamente competitivo, oferece oportunidade de investimentos, novos lan\u00e7amentos e expans\u00e3o.<\/p>\n\n\n\n<p class=\"p2\">A SIS International oferece Pesquisa Quantitativa, Qualitativa e Estrat\u00e9gica. Fornecemos dados, ferramentas, estrat\u00e9gias, relat\u00f3rios e insights para a tomada de decis\u00f5es. Conduzimos entrevistas, pesquisas, grupos focais e outros m\u00e9todos e abordagens de Pesquisa de Mercado. Contate-nos para o seu pr\u00f3ximo projeto de Pesquisa de Mercado.<span class=\"Apple-converted-space\">&nbsp;<\/span><\/p>","protected":false},"excerpt":{"rendered":"<p>Os cosm\u00e9ticos desempenham um papel fundamental no mundo empresarial do M\u00e9xico; portanto, realizar pesquisas de mercado \u00e9 extremamente importante.<\/p>","protected":false},"author":1,"featured_media":66238,"parent":14351,"menu_order":28,"comment_status":"closed","ping_status":"closed","template":"","meta":{"footnotes":""},"class_list":["post-42297","page","type-page","status-publish","has-post-thumbnail"],"_links":{"self":[{"href":"https:\/\/www.sisinternational.com\/pt\/wp-json\/wp\/v2\/pages\/42297","targetHints":{"allow":["GET"]}}],"collection":[{"href":"https:\/\/www.sisinternational.com\/pt\/wp-json\/wp\/v2\/pages"}],"about":[{"href":"https:\/\/www.sisinternational.com\/pt\/wp-json\/wp\/v2\/types\/page"}],"author":[{"embeddable":true,"href":"https:\/\/www.sisinternational.com\/pt\/wp-json\/wp\/v2\/users\/1"}],"replies":[{"embeddable":true,"href":"https:\/\/www.sisinternational.com\/pt\/wp-json\/wp\/v2\/comments?post=42297"}],"version-history":[{"count":6,"href":"https:\/\/www.sisinternational.com\/pt\/wp-json\/wp\/v2\/pages\/42297\/revisions"}],"predecessor-version":[{"id":79177,"href":"https:\/\/www.sisinternational.com\/pt\/wp-json\/wp\/v2\/pages\/42297\/revisions\/79177"}],"up":[{"embeddable":true,"href":"https:\/\/www.sisinternational.com\/pt\/wp-json\/wp\/v2\/pages\/14351"}],"wp:featuredmedia":[{"embeddable":true,"href":"https:\/\/www.sisinternational.com\/pt\/wp-json\/wp\/v2\/media\/66238"}],"wp:attachment":[{"href":"https:\/\/www.sisinternational.com\/pt\/wp-json\/wp\/v2\/media?parent=42297"}],"curies":[{"name":"wp","href":"https:\/\/api.w.org\/{rel}","templated":true}]}}