{"id":42293,"date":"2023-04-11T17:18:02","date_gmt":"2023-04-11T21:18:02","guid":{"rendered":"https:\/\/www.sisinternational.com\/?page_id=42293"},"modified":"2026-03-12T13:26:58","modified_gmt":"2026-03-12T17:26:58","slug":"pesquisa-de-mercado-de-milho","status":"publish","type":"page","link":"https:\/\/www.sisinternational.com\/pt\/solucoes\/pesquisa-de-mercado-da-industria-de-bebidas-alimenticias\/pesquisa-de-mercado-de-milho\/","title":{"rendered":"Pesquisa de mercado de milho"},"content":{"rendered":"<h1 class=\"wp-block-heading\">Pesquisa de mercado de milho<\/h1>\n\n\n\n<figure class=\"gb-block-image gb-block-image-eb595c56\"><img loading=\"lazy\" decoding=\"async\" width=\"1456\" height=\"816\" class=\"gb-image gb-image-eb595c56\" src=\"https:\/\/www.sisinternational.com\/wp-content\/uploads\/2025\/08\/Corn-1.jpg\" alt=\"Pesquisa e Estrat\u00e9gia de Mercado Internacional da SIS\" title=\"Corn (1)\" srcset=\"https:\/\/www.sisinternational.com\/wp-content\/uploads\/2025\/08\/Corn-1.jpg 1456w, https:\/\/www.sisinternational.com\/wp-content\/uploads\/2025\/08\/Corn-1-300x168.jpg 300w, https:\/\/www.sisinternational.com\/wp-content\/uploads\/2025\/08\/Corn-1-1024x574.jpg 1024w, https:\/\/www.sisinternational.com\/wp-content\/uploads\/2025\/08\/Corn-1-768x430.jpg 768w, https:\/\/www.sisinternational.com\/wp-content\/uploads\/2025\/08\/Corn-1-18x10.jpg 18w\" sizes=\"auto, (max-width: 1456px) 100vw, 1456px\"><\/figure>\n\n\n\n<p><\/p>\n\n\n\n<p class=\"p1\">A pesquisa de mercado de milho \u00e9 a coleta, an\u00e1lise e interpreta\u00e7\u00e3o met\u00f3dica de dados e informa\u00e7\u00f5es relativos \u00e0 produ\u00e7\u00e3o, consumo e distribui\u00e7\u00e3o de milho e produtos \u00e0 base de milho. A pesquisa de mercado do milho fornece insights sobre as tend\u00eancias do mercado, o comportamento do consumidor e os fatores competitivos que influenciam a ind\u00fastria do milho.<\/p>\n\n\n\n<p class=\"p1\">A pesquisa sobre o mercado de milho pode ser realizada em diversas etapas de produ\u00e7\u00e3o e distribui\u00e7\u00e3o, desde o cultivo do milho nas fazendas at\u00e9 a venda de produtos \u00e0 base de milho em supermercados. Tamb\u00e9m pode ser conduzido por cultivadores, processadores, distribuidores e varejistas, entre outras partes interessadas do setor.<\/p>\n\n\n\n<p>Sendo o milho uma cultura muito procurada, a ind\u00fastria agr\u00edcola global depende fortemente dele. No entanto, \u00e0 medida que a concorr\u00eancia se torna ainda mais intensa no mercado do milho devido \u00e0s mudan\u00e7as nos gostos e exig\u00eancias dos clientes, as empresas neste espa\u00e7o precisam de estar um passo \u00e0 frente, tendo uma compreens\u00e3o profunda destas tend\u00eancias.<\/p>\n\n\n\n<p>Portanto, a pesquisa de mercado do milho \u00e9 uma ferramenta cr\u00edtica para ajudar as empresas a tomar decis\u00f5es estrat\u00e9gicas, identificar novas oportunidades e maximizar o potencial de crescimento. Ao recolher e analisar dados sobre a ind\u00fastria do milho \u2013 como o comportamento do consumidor, a atividade da concorr\u00eancia e as tend\u00eancias do mercado \u2013 as empresas podem obter informa\u00e7\u00f5es valiosas para informar as suas estrat\u00e9gias, melhorar as suas ofertas de servi\u00e7os e acelerar o crescimento das receitas.<\/p>\n\n\n\n<h2 class=\"wp-block-heading p1\">Vis\u00e3o geral do produto de pesquisa de mercado de milho<\/h2>\n\n\n\n<h3 class=\"wp-block-heading p2\">O milho \u00e9 uma cultura vers\u00e1til com in\u00fameras utiliza\u00e7\u00f5es, incluindo ra\u00e7\u00e3o animal, etanol e produtos culin\u00e1rios e industriais. As tr\u00eas categorias mais importantes de produtos de milho s\u00e3o:<\/h3>\n\n\n\n<p class=\"p2\"><strong>Alimenta\u00e7\u00e3o animal<\/strong><\/p>\n\n\n\n<p class=\"p2\">O milho \u00e9 o principal ingrediente da alimenta\u00e7\u00e3o animal. O crescimento populacional, os n\u00edveis de rendimento e as mudan\u00e7as alimentares afectam a procura de alimenta\u00e7\u00e3o animal. Nos pa\u00edses em desenvolvimento, onde a procura de carne e produtos l\u00e1cteos est\u00e1 a aumentar, prev\u00ea-se que a procura de alimenta\u00e7\u00e3o animal aumente substancialmente.<\/p>\n\n\n\n<p class=\"p2\"><strong>Biocombust\u00edvel<\/strong><\/p>\n\n\n\n<p class=\"p2\">O milho tamb\u00e9m \u00e9 uma importante fonte de biocombust\u00edvel etanol, que \u00e9 misturado \u00e0 gasolina para reduzir as emiss\u00f5es de carbono. Os mandatos e incentivos governamentais, bem como as preocupa\u00e7\u00f5es com as altera\u00e7\u00f5es clim\u00e1ticas e a seguran\u00e7a energ\u00e9tica, impulsionam a procura de etanol.<span class=\"Apple-converted-space\">&nbsp;<\/span><\/p>\n\n\n\n<p class=\"p2\"><strong>Produtos aliment\u00edcios<\/strong><\/p>\n\n\n\n<p class=\"p2\">Corn is utilized in a vast array of food products, including breakfast cereals, nibble foods, sweeteners, and cooking oil. Population growth, urbanization, and shifting dietary preferences all affect the demand for corn-based food products. Data and strategies in corn market <a href=\"https:\/\/www.sisinternational.com\/pt\/pesquisa-de-mercado-no-oriente-medio\/\" title=\"Pesquisa de mercado no Oriente M\u00e9dio\"  data-wpil-monitor-id=\"7326\">pesquisar<\/a> show that in developing countries with an expanding middle class, the demand for processed and convenience foods is anticipated to increase.<\/p>\n\n\n\n<h2 class=\"wp-block-heading\">Vis\u00e3o geral do mercado e a import\u00e2ncia da pesquisa de mercado do milho<\/h2>\n\n\n\n<p>O milho \u00e9 uma mercadoria global n\u00e3o apenas para a sua utiliza\u00e7\u00e3o na produ\u00e7\u00e3o de alimentos, mas tamb\u00e9m para alimenta\u00e7\u00e3o animal, biocombust\u00edveis e aplica\u00e7\u00f5es industriais \u2013 e a procura por todas as formas deste produto vers\u00e1til \u00e9 cada vez maior. mudan\u00e7a, influenciada por uma s\u00e9rie de for\u00e7as externas, desde padr\u00f5es clim\u00e1ticos e rendimentos agr\u00edcolas at\u00e9 din\u00e2micas de oferta e procura e pol\u00edticas governamentais. Estas flutua\u00e7\u00f5es no mercado podem ter implica\u00e7\u00f5es importantes para diversas ind\u00fastrias, desde a produ\u00e7\u00e3o de alimentos e pecu\u00e1ria at\u00e9 \u00e0 produ\u00e7\u00e3o de etanol.<\/p>\n\n\n\n<p>Com a pesquisa de mercado do milho, as empresas se mant\u00eam atualizadas e podem descobrir as \u00faltimas tend\u00eancias e se adaptar \u00e0s necessidades em constante mudan\u00e7a dos consumidores. Por exemplo, tal an\u00e1lise pode revelar que os clientes procuram cada vez mais produtos org\u00e2nicos e n\u00e3o OGM (organismos geneticamente modificados).<\/p>\n\n\n\n<h2 class=\"wp-block-heading\">Oportunidades para expans\u00e3o do mercado de milho<\/h2>\n\n\n\n<figure class=\"gb-block-image gb-block-image-dcb6181d\"><img loading=\"lazy\" decoding=\"async\" width=\"1456\" height=\"816\" class=\"gb-image gb-image-dcb6181d\" src=\"https:\/\/www.sisinternational.com\/wp-content\/uploads\/2025\/08\/Corn-4.jpg\" alt=\"Pesquisa e Estrat\u00e9gia de Mercado Internacional da SIS\" title=\"Corn (4)\" srcset=\"https:\/\/www.sisinternational.com\/wp-content\/uploads\/2025\/08\/Corn-4.jpg 1456w, https:\/\/www.sisinternational.com\/wp-content\/uploads\/2025\/08\/Corn-4-300x168.jpg 300w, https:\/\/www.sisinternational.com\/wp-content\/uploads\/2025\/08\/Corn-4-1024x574.jpg 1024w, https:\/\/www.sisinternational.com\/wp-content\/uploads\/2025\/08\/Corn-4-768x430.jpg 768w, https:\/\/www.sisinternational.com\/wp-content\/uploads\/2025\/08\/Corn-4-18x10.jpg 18w\" sizes=\"auto, (max-width: 1456px) 100vw, 1456px\"><\/figure>\n\n\n\n<p><\/p>\n\n\n\n<p>Aproveitar as oportunidades no mercado global de milho pode ser um investimento lucrativo para as partes interessadas. Ao capitalizar estas oportunidades, as empresas n\u00e3o s\u00f3 permanecer\u00e3o competitivas e satisfazer\u00e3o a procura dos seus produtos, mas tamb\u00e9m expandir\u00e3o o seu alcance para ganhar mais quota de mercado. Tamb\u00e9m oferece mais algumas oportunidades, como:<\/p>\n\n\n\n<ul class=\"wp-block-list\">\n<li><strong>Desenvolvimento de produtos de milho com valor agregado:<\/strong> As empresas t\u00eam a oportunidade de abrir novos mercados e expandir os seus fluxos de receitas atrav\u00e9s da cria\u00e7\u00e3o de produtos de milho com valor acrescentado. Podem ser t\u00e3o simples como lanches deliciosos ou ingredientes mais complexos para a ind\u00fastria de alimentos e bebidas, como farinha sem gl\u00faten. Ao aproveitar a pesquisa de mercado do milho e desenvolver itens inovadores que atendam \u00e0s tend\u00eancias e prefer\u00eancias dos consumidores, as empresas podem aproveitar esta oportunidade \u00fanica de crescimento.<\/li>\n\n\n\n<li><strong>Expans\u00e3o em mercados emergentes:<\/strong> Businesses can expand their markets significantly by targeting emerging regions, especially in Asia-Pacific, Africa, and South America with the help of <a href=\"https:\/\/www.sisinternational.com\/pt\/cobertura\/as-americas\/cobertura-dos-eua\/pesquisa-de-mercado-em-dakota-do-sul\/\" title=\"Pesquisa de mercado em Dakota do Sul\"  data-wpil-monitor-id=\"5474\">pesquisa de mercado de milho<\/a>. This presents an awesome opportunity for business owners to focus on these areas as the demand for corn products increases, allowing them to grow their global presence while expanding their market share even further.<\/li>\n\n\n\n<li><strong>Colabora\u00e7\u00e3o com agricultores e cooperativas locais:<\/strong> Ao unir for\u00e7as com agricultores e cooperativas locais, as empresas abrem as suas portas a um mundo de possibilidades. Atrav\u00e9s da estreita colabora\u00e7\u00e3o com a comunidade agr\u00edcola, as organiza\u00e7\u00f5es podem garantir um acesso est\u00e1vel ao fornecimento de milho, bem como melhores processos de gest\u00e3o das culturas para uma produ\u00e7\u00e3o sustent\u00e1vel. Al\u00e9m disso, estas parcerias podem ajudar as empresas a cumprir as leis regionais, a explorar mais facilmente novos mercados e a desenvolver rela\u00e7\u00f5es duradouras nas comunidades vizinhas onde est\u00e3o estabelecidas.<\/li>\n\n\n\n<li><strong>Research and development in <a href=\"https:\/\/www.sisinternational.com\/pt\/pericia\/industrias\/pesquisa-de-mercado-do-metaverso\/\" title=\"Pesquisa de mercado do metaverso\"  data-wpil-monitor-id=\"4782\">corn<\/a> breeding and crop management:<\/strong> Investir em esfor\u00e7os de I&amp;D relacionados com o melhoramento do milho e a gest\u00e3o das culturas pode render muitas recompensas, como o alargamento do mercado. Al\u00e9m disso, a investiga\u00e7\u00e3o sobre m\u00e9todos agr\u00edcolas avan\u00e7ados, como a agricultura de precis\u00e3o ou a biotecnologia, pode resultar em pr\u00e1ticas agr\u00edcolas mais eficazes que conduzam a melhores n\u00fameros de colheitas.<\/li>\n<\/ul>\n\n\n\n<h2 class=\"wp-block-heading\">Desafios do mercado<\/h2>\n\n\n\n<p>\u00c0 medida que o mercado do milho continua a expandir-se, proporcionando in\u00fameras oportunidades \u00e0s partes interessadas, permanecem alguns desafios que precisam de ser enfrentados. Assim, \u00e9 essencial que as empresas reconhe\u00e7am e compreendam estes obst\u00e1culos para desenvolver estrat\u00e9gias eficazes que as ajudem a navegar pelas complexidades do crescente mercado do milho.<\/p>\n\n\n\n<ul class=\"wp-block-list\">\n<li><strong>Pre\u00e7os flutuantes do milho:<\/strong> Os intervenientes no mercado do milho s\u00e3o continuamente confrontados com um desafio assustador \u2013 a incerteza dos pre\u00e7os do milho. Esta variabilidade \u00e9 causada principalmente por factores como a oferta e a procura globais, as condi\u00e7\u00f5es clim\u00e1ticas e as tens\u00f5es geopol\u00edticas. \u00c9 dif\u00edcil prever lucros potenciais ou conceber t\u00e1ticas de neg\u00f3cios quando enfrentamos estas oscila\u00e7\u00f5es vol\u00e1teis de pre\u00e7os.<\/li>\n\n\n\n<li><strong>Mudan\u00e7as clim\u00e1ticas e seu impacto na produ\u00e7\u00e3o de milho:<\/strong> As altera\u00e7\u00f5es clim\u00e1ticas t\u00eam o potencial de reduzir drasticamente as colheitas de milho e, consequentemente, ter um s\u00e9rio efeito nos rendimentos globais. Estudos indicam que mesmo pequenas altera\u00e7\u00f5es nos padr\u00f5es clim\u00e1ticos podem levar \u00e0 diminui\u00e7\u00e3o da produ\u00e7\u00e3o de milho devido a eventos extremos, como inunda\u00e7\u00f5es, secas e ondas de calor.<\/li>\n\n\n\n<li><strong>Regulamenta\u00e7\u00f5es rigorosas sobre OGM e uso de pesticidas:<\/strong> \u00c0 medida que mais e mais pessoas se conscientizam dos perigos que os OGM, os pesticidas sint\u00e9ticos e outras subst\u00e2ncias representam para o ambiente e a sa\u00fade humana, \u00e9 necess\u00e1rio estabelecer regulamentos. Infelizmente para as empresas envolvidas com o mercado do milho, cumprir estas regras pode ser uma tarefa dif\u00edcil. Eles n\u00e3o apenas precisam mudar suas t\u00e9cnicas de produ\u00e7\u00e3o, mas tamb\u00e9m investir em variedades de milho n\u00e3o-OGM ou, em vez disso, usar estrat\u00e9gias alternativas de manejo de pragas. No entanto, a pesquisa do mercado de milho pode ajudar as empresas a compreender as mais recentes regulamenta\u00e7\u00f5es do setor.<\/li>\n<\/ul>\n\n\n\n<h2 class=\"wp-block-heading p1\">M\u00e9todos de pesquisa de mercado de milho<\/h2>\n\n\n\n<figure class=\"gb-block-image gb-block-image-988ea680\"><img loading=\"lazy\" decoding=\"async\" width=\"1456\" height=\"816\" class=\"gb-image gb-image-988ea680\" src=\"https:\/\/www.sisinternational.com\/wp-content\/uploads\/2025\/08\/Corn-3.jpg\" alt=\"Pesquisa e Estrat\u00e9gia de Mercado Internacional da SIS\" title=\"Corn (3)\" srcset=\"https:\/\/www.sisinternational.com\/wp-content\/uploads\/2025\/08\/Corn-3.jpg 1456w, https:\/\/www.sisinternational.com\/wp-content\/uploads\/2025\/08\/Corn-3-300x168.jpg 300w, https:\/\/www.sisinternational.com\/wp-content\/uploads\/2025\/08\/Corn-3-1024x574.jpg 1024w, https:\/\/www.sisinternational.com\/wp-content\/uploads\/2025\/08\/Corn-3-768x430.jpg 768w, https:\/\/www.sisinternational.com\/wp-content\/uploads\/2025\/08\/Corn-3-18x10.jpg 18w\" sizes=\"auto, (max-width: 1456px) 100vw, 1456px\"><\/figure>\n\n\n\n<p><\/p>\n\n\n\n<p class=\"p2\">It&#8217;s crucial to employ the right research techniques when performing the study in order to collect precise data and strategies in <a href=\"https:\/\/www.sisinternational.com\/pt\/pericia\/industrias\/q-pesquisa-de-mercado-de-comercio\/\" title=\"Pesquisa de mercado Q-Commerce\"  data-wpil-monitor-id=\"4824\">corn<\/a> market research.<span class=\"Apple-converted-space\">&nbsp; <\/span>A seguir est\u00e3o algumas das principais t\u00e9cnicas de pesquisa:<\/p>\n\n\n\n<p class=\"p2\">Quantitativo <a href=\"https:\/\/www.sisinternational.com\/pt\/pericia\/industrias\/pesquisa-de-mercado-de-resina\/\" title=\"Pesquisa de mercado de resina\"  data-wpil-monitor-id=\"3203\">research methods in corn market<\/a> research involve the use of numerical data to measure and analyze different aspects of the industry. Here are some of the most common quantitative <a href=\"https:\/\/www.sisinternational.com\/pt\/pericia\/industrias\/pesquisa-de-mercado-de-web-scraping\/\" title=\"Pesquisa de mercado de raspagem na Web\"  data-wpil-monitor-id=\"3224\">research methods used in corn market<\/a> research, along with specific examples:<\/p>\n\n\n\n<ul class=\"wp-block-list ul1\">\n<li>As pesquisas envolvem fazer perguntas espec\u00edficas a uma amostra consider\u00e1vel da popula\u00e7\u00e3o. Por exemplo, um inqu\u00e9rito pode ser utilizado para compreender a procura de v\u00e1rios produtos \u00e0 base de milho ou para identificar as vari\u00e1veis que afectam as decis\u00f5es de compra dos consumidores.<\/li>\n\n\n\n<li>Experimentos s\u00e3o frequentemente usados para avaliar a efic\u00e1cia de novos produtos de milho, processos de fabrica\u00e7\u00e3o ou planos de marketing. Por exemplo, poderia ser feito um teste para ver at\u00e9 que ponto uma nova t\u00e9cnica de protec\u00e7\u00e3o das culturas afecta o rendimento do milho.<\/li>\n\n\n\n<li>Uma abordagem eficaz para analisar dados quantitativos na pesquisa de mercado de milho \u00e9 a an\u00e1lise estat\u00edstica. Para encontrar padr\u00f5es e tend\u00eancias, devem ser utilizadas abordagens estat\u00edsticas para analisar conjuntos de dados massivos. Por exemplo, a an\u00e1lise estat\u00edstica poderia ser usada para identificar as vari\u00e1veis que afectam o pre\u00e7o do milho ou projectar a procura futura do produto de milho.<\/li>\n\n\n\n<li>A <a href=\"https:\/\/www.sisinternational.com\/pt\/universidade-taylor\/\" title=\"Estudo de pesquisa de mercado de curr\u00edculo universit\u00e1rio\"  data-wpil-monitor-id=\"6268\">case study<\/a> is an in-depth analysis of a particular condition or pattern in the grain market. For instance, it could be carried out to examine how government policies have affected the corn sector in a particular area or to comprehend the dynamics of the corn industry&#8217;s supply chain.<\/li>\n\n\n\n<li>A identifica\u00e7\u00e3o da associa\u00e7\u00e3o entre dois ou mais fatores do mercado de milho \u00e9 o objetivo da an\u00e1lise de correla\u00e7\u00e3o. Por exemplo, a an\u00e1lise de correla\u00e7\u00e3o poderia ser utilizada para compreender a liga\u00e7\u00e3o entre os padr\u00f5es clim\u00e1ticos e os rendimentos do milho ou para identificar as vari\u00e1veis que afectam os pre\u00e7os dos produtos de milho.<\/li>\n<\/ul>\n\n\n\n<p class=\"p2\">Qualitativo <a href=\"https:\/\/www.sisinternational.com\/pt\/cobertura\/as-americas\/pesquisa-de-mercado-no-caribe\/pesquisa-de-mercado-montserrat\/\" title=\"Pesquisa de mercado em Montserrat\"  data-wpil-monitor-id=\"3246\">research methods in corn market<\/a> research involve the collection and analysis of non-numerical data, such as opinions, attitudes, and beliefs. Here are some of the most common qualitative <a href=\"https:\/\/www.sisinternational.com\/pt\/cobertura\/as-americas\/pesquisa-de-mercado-na-america-latina\/pesquisa-de-mercado-rio-de-janeiro\/\" title=\"Pesquisa de Mercado no Rio de Janeiro\"  data-wpil-monitor-id=\"3273\">research methods used in corn market<\/a> research, along with specific examples:<\/p>\n\n\n\n<ul class=\"wp-block-list ul1\">\n<li>Observa\u00e7\u00e3o sistem\u00e1tica e documenta\u00e7\u00e3o de a\u00e7\u00f5es e intera\u00e7\u00f5es dentro da ind\u00fastria do milho. Por exemplo, poderiam ser feitas observa\u00e7\u00f5es para compreender a produ\u00e7\u00e3o de milho ou para detectar inefici\u00eancias na cadeia de abastecimento.<\/li>\n\n\n\n<li>A <a href=\"https:\/\/www.sisinternational.com\/pt\/aumentando-a-penetracao-no-mercado-atraves-de-um-plano-de-marketing-abrangente\/\" title=\"Aumentando a penetra\u00e7\u00e3o no mercado por meio de um plano de marketing abrangente\"  data-wpil-monitor-id=\"6543\">case study<\/a> is an in-depth examination of a particular circumstance or pattern in the grain market. For instance, a case study could be carried out to examine how government policies have affected the corn sector in a particular area or to comprehend the dynamics of the corn industry&#8217;s supply chain.<\/li>\n\n\n\n<li>Nas entrevistas, uma amostra menor de indiv\u00edduos com conhecimento da ind\u00fastria do milho, como agricultores, processadores ou distribuidores, \u00e9 questionada em profundidade. Podem ser realizadas entrevistas, por exemplo, para conhecer as dificuldades que os agricultores de milho enfrentam ou para identificar mercados potenciais para novos produtos de milho.<\/li>\n\n\n\n<li>A an\u00e1lise de conte\u00fado envolve o exame met\u00f3dico de dados escritos ou visuais, como postagens em m\u00eddias sociais ou an\u00fancios. Por exemplo, a an\u00e1lise de conte\u00fado poderia ser usada para examinar o feedback dos clientes sobre produtos \u00e0 base de milho ou para compreender o significado dos esfor\u00e7os de marketing de produtos de milho.<\/li>\n<\/ul>\n\n\n\n<h2 class=\"wp-block-heading\">Perspectivas e proje\u00e7\u00f5es futuras<\/h2>\n\n\n\n<p>O futuro do mercado global de milho parece brilhante, com tend\u00eancias cont\u00ednuas e oportunidades potenciais apresentando in\u00fameras possibilidades para participantes experientes do mercado. Ao avan\u00e7arem nas percep\u00e7\u00f5es emergentes sobre este sector, os l\u00edderes empresariais podem posicionar-se melhor para tirar partido de aberturas lucrativas na ind\u00fastria.<\/p>\n\n\n\n<ul class=\"wp-block-list\">\n<li><strong>Impacto das tend\u00eancias em curso no mercado de milho:<\/strong> The global corn market is likely to experience immense progress due to the increasing public interest in <a href=\"https:\/\/www.sisinternational.com\/pt\/agricultura-sustentavel-2\/\" title=\"Pesquisa de Mercado de Agricultura Sustent\u00e1vel\"  data-wpil-monitor-id=\"2434\">Agricultura sustent\u00e1vel<\/a> practices, non-GMO products, and cutting-edge agricultural technologies. All of these advancements will lead to higher crop yields, more opportunities for growth within the industry, and greater innovation.<\/li>\n\n\n\n<li><strong>Potenciais amea\u00e7as e oportunidades:<\/strong> Corn market research reveals that businesses facing potential threats like climate change, corn pricing fluctuations, and regulatory difficulties can be daunting. But they also bring possibilities for innovators to conduct research and development as well as utilize fresh technologies and practices that could bolster the sustainability of the <a href=\"https:\/\/www.sisinternational.com\/pt\/pericia\/industrias\/pesquisa-de-mercado-de-vacuo\/\" title=\"Pesquisa de mercado de v\u00e1cuo\"  data-wpil-monitor-id=\"4855\">corn<\/a> market.<\/li>\n\n\n\n<li><strong>Crescimento previsto do mercado e varia\u00e7\u00f5es regionais:<\/strong> Projeta-se que o mercado global de milho experimente um crescimento baseado em uma variedade de fatores, como o crescimento populacional, a crescente necessidade de milho em m\u00faltiplas ind\u00fastrias e iniciativas governamentais que promovam sua produ\u00e7\u00e3o. Contudo, as diferen\u00e7as regionais n\u00e3o devem ser ignoradas; mercados emergentes como a \u00c1sia-Pac\u00edfico, \u00c1frica e Am\u00e9rica do Sul t\u00eam um imenso potencial devido ao aumento da popula\u00e7\u00e3o de classe m\u00e9dia com mais rendimentos dispon\u00edveis.<\/li>\n<\/ul>\n\n\n\n<h2 class=\"wp-block-heading p1\">Sobre a pesquisa de mercado de milho<\/h2>\n\n\n\n<p class=\"p2\">A pesquisa de mercado fornece insights aos principais participantes do setor para que possam compreender melhor as tend\u00eancias do mercado, o comportamento do cliente e a din\u00e2mica competitiva que afeta o neg\u00f3cio do milho. Uma pesquisa de mercado consistente pode ajudar as partes interessadas a fazer escolhas s\u00e1bias em rela\u00e7\u00e3o \u00e0s estrat\u00e9gias de produ\u00e7\u00e3o, pre\u00e7os, marketing e distribui\u00e7\u00e3o que podem melhorar a sua competitividade no mercado. Al\u00e9m disso, os dados e estrat\u00e9gias na investiga\u00e7\u00e3o do mercado do milho podem ajudar a identificar oportunidades de inova\u00e7\u00e3o e expans\u00e3o, tais como novos produtos ou designs de embalagens que possam adaptar-se \u00e0s mudan\u00e7as nos gostos dos consumidores ou t\u00e9cnicas de produ\u00e7\u00e3o de ponta que possam aumentar a produtividade e a sustentabilidade. A pesquisa do mercado de milho \u00e9 uma ferramenta essencial para que as partes interessadas da ind\u00fastria se mantenham atualizadas sobre as tend\u00eancias do mercado e as novas aberturas para inova\u00e7\u00e3o e expans\u00e3o.<\/p>\n\n\n\n<p>A SIS International oferece Pesquisa Quantitativa, Qualitativa e Estrat\u00e9gica. Fornecemos dados, ferramentas, estrat\u00e9gias, relat\u00f3rios e insights para tomada de decis\u00f5es. Conduzimos entrevistas, pesquisas, grupos focais e muitos outros m\u00e9todos e abordagens de Pesquisa de Mercado. Contate-nos para o seu pr\u00f3ximo projeto de Pesquisa de Mercado.<\/p>\n\n\n\n<p><\/p>","protected":false},"excerpt":{"rendered":"<p>O milho \u00e9 uma commodity global n\u00e3o apenas pelo seu uso na produ\u00e7\u00e3o de alimentos, mas tamb\u00e9m para alimenta\u00e7\u00e3o animal, biocombust\u00edvel e aplica\u00e7\u00f5es industriais.<\/p>","protected":false},"author":1,"featured_media":64259,"parent":22018,"menu_order":235,"comment_status":"closed","ping_status":"closed","template":"","meta":{"footnotes":""},"class_list":["post-42293","page","type-page","status-publish","has-post-thumbnail"],"_links":{"self":[{"href":"https:\/\/www.sisinternational.com\/pt\/wp-json\/wp\/v2\/pages\/42293","targetHints":{"allow":["GET"]}}],"collection":[{"href":"https:\/\/www.sisinternational.com\/pt\/wp-json\/wp\/v2\/pages"}],"about":[{"href":"https:\/\/www.sisinternational.com\/pt\/wp-json\/wp\/v2\/types\/page"}],"author":[{"embeddable":true,"href":"https:\/\/www.sisinternational.com\/pt\/wp-json\/wp\/v2\/users\/1"}],"replies":[{"embeddable":true,"href":"https:\/\/www.sisinternational.com\/pt\/wp-json\/wp\/v2\/comments?post=42293"}],"version-history":[{"count":16,"href":"https:\/\/www.sisinternational.com\/pt\/wp-json\/wp\/v2\/pages\/42293\/revisions"}],"predecessor-version":[{"id":80973,"href":"https:\/\/www.sisinternational.com\/pt\/wp-json\/wp\/v2\/pages\/42293\/revisions\/80973"}],"up":[{"embeddable":true,"href":"https:\/\/www.sisinternational.com\/pt\/wp-json\/wp\/v2\/pages\/22018"}],"wp:featuredmedia":[{"embeddable":true,"href":"https:\/\/www.sisinternational.com\/pt\/wp-json\/wp\/v2\/media\/64259"}],"wp:attachment":[{"href":"https:\/\/www.sisinternational.com\/pt\/wp-json\/wp\/v2\/media?parent=42293"}],"curies":[{"name":"wp","href":"https:\/\/api.w.org\/{rel}","templated":true}]}}