{"id":42283,"date":"2023-04-11T16:21:46","date_gmt":"2023-04-11T20:21:46","guid":{"rendered":"https:\/\/www.sisinternational.com\/?page_id=42283"},"modified":"2026-01-27T16:48:52","modified_gmt":"2026-01-27T21:48:52","slug":"pesquisa-de-mercado-de-butano","status":"publish","type":"page","link":"https:\/\/www.sisinternational.com\/pt\/pericia\/pesquisa-de-mercado-de-butano\/","title":{"rendered":"Pesquisa de mercado de butano"},"content":{"rendered":"<h1 class=\"wp-block-heading\">Pesquisa de mercado de butano<\/h1>\n\n\n\n<figure class=\"gb-block-image gb-block-image-40b83240\"><img loading=\"lazy\" decoding=\"async\" width=\"1456\" height=\"816\" class=\"gb-image gb-image-40b83240\" src=\"https:\/\/www.sisinternational.com\/wp-content\/uploads\/2025\/08\/Butane-4.jpg\" alt=\"Pesquisa e Estrat\u00e9gia de Mercado Internacional da SIS\" title=\"Butane (4)\" srcset=\"https:\/\/www.sisinternational.com\/wp-content\/uploads\/2025\/08\/Butane-4.jpg 1456w, https:\/\/www.sisinternational.com\/wp-content\/uploads\/2025\/08\/Butane-4-300x168.jpg 300w, https:\/\/www.sisinternational.com\/wp-content\/uploads\/2025\/08\/Butane-4-1024x574.jpg 1024w, https:\/\/www.sisinternational.com\/wp-content\/uploads\/2025\/08\/Butane-4-768x430.jpg 768w, https:\/\/www.sisinternational.com\/wp-content\/uploads\/2025\/08\/Butane-4-18x10.jpg 18w\" sizes=\"auto, (max-width: 1456px) 100vw, 1456px\"><\/figure>\n\n\n\n<p><\/p>\n\n\n\n<p>O mercado do butano \u00e9 uma parte vital da estrutura energ\u00e9tica global, e a procura de butano tem vindo a crescer exponencialmente em todo o mundo devido a um n\u00famero crescente de clientes de diferentes sectores. Como resultado, hoje, a pesquisa de mercado do butano \u00e9 essencial para se manter a par das tend\u00eancias atuais e obter conhecimentos valiosos nesta ind\u00fastria, incluindo os seus desafios, oportunidades, perspetivas futuras, novas tecnologias, entre muitos outros fatores.<\/p>\n\n\n\n<h2 class=\"wp-block-heading\">Import\u00e2ncia de realizar pesquisas de mercado de butano<\/h2>\n\n\n\n<p>A pesquisa de mercado do butano \u00e9 crucial para uma tomada de decis\u00e3o eficaz. Ele fornece as informa\u00e7\u00f5es necess\u00e1rias sobre tend\u00eancias, dificuldades e perspectivas atuais que as organiza\u00e7\u00f5es podem usar para criar ou refinar suas estrat\u00e9gias de neg\u00f3cios. Com estes dados, as empresas podem impulsionar o seu processo de tomada de decis\u00e3o e avan\u00e7ar com confian\u00e7a e dire\u00e7\u00e3o.<\/p>\n\n\n\n<p>Al\u00e9m disso, a pesquisa de mercado do butano auxilia as empresas a descobrir seus principais concorrentes e a compreender o tamanho da participa\u00e7\u00e3o de mercado. Ao obter esta informa\u00e7\u00e3o sobre o cen\u00e1rio competitivo, as empresas podem ter sucesso num ambiente altamente competitivo com intervenientes importantes como a ExxonMobil, a British Petroleum, a Royal Dutch Shell e a Chevron, entre outros.<\/p>\n\n\n\n<p>Da mesma forma, a realiza\u00e7\u00e3o de pesquisas de mercado permite que as empresas compreendam as prefer\u00eancias dos clientes, as caracter\u00edsticas dos produtos e os pre\u00e7os. Permite que os participantes do mercado personalizem as suas ofertas de forma mais eficaz, levando n\u00e3o s\u00f3 a uma melhor satisfa\u00e7\u00e3o, mas tamb\u00e9m a uma maior reten\u00e7\u00e3o de clientes a longo prazo.<\/p>\n\n\n\n<h2 class=\"wp-block-heading\">Principais tend\u00eancias e motivadores<\/h2>\n\n\n\n<figure class=\"gb-block-image gb-block-image-6131841b\"><img loading=\"lazy\" decoding=\"async\" width=\"1456\" height=\"816\" class=\"gb-image gb-image-6131841b\" src=\"https:\/\/www.sisinternational.com\/wp-content\/uploads\/2025\/08\/Butane-2.jpg\" alt=\"Pesquisa e Estrat\u00e9gia de Mercado Internacional da SIS\" title=\"Butane (2)\" srcset=\"https:\/\/www.sisinternational.com\/wp-content\/uploads\/2025\/08\/Butane-2.jpg 1456w, https:\/\/www.sisinternational.com\/wp-content\/uploads\/2025\/08\/Butane-2-300x168.jpg 300w, https:\/\/www.sisinternational.com\/wp-content\/uploads\/2025\/08\/Butane-2-1024x574.jpg 1024w, https:\/\/www.sisinternational.com\/wp-content\/uploads\/2025\/08\/Butane-2-768x430.jpg 768w, https:\/\/www.sisinternational.com\/wp-content\/uploads\/2025\/08\/Butane-2-18x10.jpg 18w\" sizes=\"auto, (max-width: 1456px) 100vw, 1456px\"><\/figure>\n\n\n\n<p><\/p>\n\n\n\n<h3 class=\"wp-block-heading\">V\u00e1rias tend\u00eancias e motivadores importantes est\u00e3o moldando o mercado de butano hoje, incluindo:<\/h3>\n\n\n\n<ul class=\"wp-block-list\">\n<li>\u00c9 impulsionado pela crescente procura de G\u00e1s Liquefeito de Petr\u00f3leo (GPL) nas economias emergentes, principalmente na regi\u00e3o \u00c1sia-Pac\u00edfico e em \u00c1frica. O GLP tem m\u00faltiplas aplica\u00e7\u00f5es, como aquecimento, cozinha e transporte, o que o torna hoje um produto crucial para v\u00e1rios pa\u00edses.<\/li>\n\n\n\n<li>The petrochemical industry&#8217;s growth is largely due to the surging demand for Butane-derived chemicals such as Ethylene, Propylene, and Butadiene. These products are vital in industries like automotive and construction, hence fueling the expansion of the <a href=\"https:\/\/www.sisinternational.com\/pt\/pericia\/industrias\/pesquisa-de-mercado-de-transporte-de-combustivel\/\" title=\"Pesquisa de mercado de transporte de combust\u00edvel\"  data-wpil-monitor-id=\"3362\">pesquisa de mercado de butano<\/a> even further.<\/li>\n\n\n\n<li>A transi\u00e7\u00e3o para uma fonte de energia mais verde e sustent\u00e1vel \u00e9 inevit\u00e1vel. Por conseguinte, o mercado do butano enfrenta a concorr\u00eancia de fontes renov\u00e1veis, como a energia solar e e\u00f3lica \u2013 e os governos globais est\u00e3o a promulgar regulamenta\u00e7\u00f5es mais rigorosas que favorecem fontes de energia mais limpas. Isto provavelmente ter\u00e1 consequ\u00eancias de longo alcance no mercado de butano, particularmente no que diz respeito \u00e0 procura de GPL e de produtos petroqu\u00edmicos.<\/li>\n\n\n\n<li>Booming economies across Asia Pacific, Africa, and the <a href=\"https:\/\/www.sisinternational.com\/pt\/pesquisa-de-mercado-no-oriente-medio\/\" title=\"Pesquisa de mercado no Oriente M\u00e9dio\"  data-wpil-monitor-id=\"2923\">Oriente M\u00e9dio<\/a> are showing more interest in Butane market research as their markets grow. With companies investing heavily in new production sites and distribution networks, these locations are projected to be a key driving force behind the global growth of the Butane market in upcoming years.<\/li>\n\n\n\n<li>A tecnologia est\u00e1 emergindo como uma \u00e1rea cr\u00edtica de explora\u00e7\u00e3o para a pesquisa de mercado de butano, particularmente nas \u00e1reas de produ\u00e7\u00e3o, armazenamento e transporte. As empresas procuram ativamente formas de alavancar novas tecnologias que possam aumentar os n\u00edveis de efici\u00eancia, ao mesmo tempo que reduzem custos e melhoram os padr\u00f5es de seguran\u00e7a relacionados com o manuseamento deste hidrocarboneto.<\/li>\n<\/ul>\n\n\n\n<h2 class=\"wp-block-heading\">Oportunidades de pesquisa de mercado de butano<\/h2>\n\n\n\n<ul class=\"wp-block-list\">\n<li>Atrav\u00e9s de uma pesquisa abrangente de mercado de butano, as empresas podem descobrir e capitalizar oportunidades de crescimento rent\u00e1veis, tais como a descoberta de novos mercados ou linhas de produtos para diversificar o seu portf\u00f3lio.<\/li>\n\n\n\n<li>Com a ajuda da pesquisa de mercado, as empresas podem obter informa\u00e7\u00f5es valiosas sobre seu cen\u00e1rio competitivo. Essas informa\u00e7\u00f5es detalhadas ajudam as organiza\u00e7\u00f5es a desenvolver estrat\u00e9gias personalizadas, como planos de pre\u00e7os e t\u00e1ticas promocionais, que ir\u00e3o diferenci\u00e1-las de seus concorrentes.<\/li>\n\n\n\n<li>Atrav\u00e9s da pesquisa de mercado do butano, as empresas podem aceder a informa\u00e7\u00f5es inestim\u00e1veis dos clientes \u2013 desde caracter\u00edsticas do produto at\u00e9 pre\u00e7os e embalagens. Isto n\u00e3o s\u00f3 permite que as empresas personalizem as suas ofertas para satisfazer as exig\u00eancias dos clientes, mas tamb\u00e9m ajuda a construir um n\u00edvel mais elevado de satisfa\u00e7\u00e3o, bem como a aumentar o crescimento das vendas.<\/li>\n\n\n\n<li>Ajuda as empresas a identificar e compreender tend\u00eancias, problemas e oportunidades para tomar melhores decis\u00f5es sobre a sua estrat\u00e9gia para minimizar o risco quando se trata de investir em mercados, produtos ou tecnologias que podem n\u00e3o produzir um retorno sobre o investimento (ROI).<\/li>\n\n\n\n<li>As empresas podem se estabelecer como especialistas do setor no mercado de butano, interagindo com clientes e conduzindo pesquisas de mercado.<\/li>\n<\/ul>\n\n\n\n<h2 class=\"wp-block-heading\">Desafios do mercado de butano<\/h2>\n\n\n\n<figure class=\"gb-block-image gb-block-image-e3d1eb3e\"><img loading=\"lazy\" decoding=\"async\" width=\"1456\" height=\"816\" class=\"gb-image gb-image-e3d1eb3e\" src=\"https:\/\/www.sisinternational.com\/wp-content\/uploads\/2025\/08\/Butane-3.jpg\" alt=\"Pesquisa e Estrat\u00e9gia de Mercado Internacional da SIS\" title=\"Butane (3)\" srcset=\"https:\/\/www.sisinternational.com\/wp-content\/uploads\/2025\/08\/Butane-3.jpg 1456w, https:\/\/www.sisinternational.com\/wp-content\/uploads\/2025\/08\/Butane-3-300x168.jpg 300w, https:\/\/www.sisinternational.com\/wp-content\/uploads\/2025\/08\/Butane-3-1024x574.jpg 1024w, https:\/\/www.sisinternational.com\/wp-content\/uploads\/2025\/08\/Butane-3-768x430.jpg 768w, https:\/\/www.sisinternational.com\/wp-content\/uploads\/2025\/08\/Butane-3-18x10.jpg 18w\" sizes=\"auto, (max-width: 1456px) 100vw, 1456px\"><\/figure>\n\n\n\n<ul class=\"wp-block-list\">\n<li>O com\u00e9rcio de butano tem uma rede de abastecimento complexa, o que torna dif\u00edcil obter dados precisos sobre produ\u00e7\u00e3o, circula\u00e7\u00e3o e custos. Isto pode levar a disparidades nos dados de mercado, complicando o processo de obten\u00e7\u00e3o de conclus\u00f5es fundamentadas para fins comerciais.<\/li>\n\n\n\n<li>O setor do butano \u00e9 influenciado por uma ampla gama de regulamentos e pol\u00edticas, que podem diferir de um mercado para outro. Isto muitas vezes torna dif\u00edcil para as empresas de consultoria navegar neste complexo ambiente jur\u00eddico. Consequentemente, as empresas que trabalham nesta ind\u00fastria devem identificar formas de negociar com sucesso estas barreiras regulamentares para permanecerem competitivas.<\/li>\n\n\n\n<li>Com a constante mudan\u00e7a dos pre\u00e7os do butano e dos seus derivados, pode ser dif\u00edcil para as empresas determinar a procura futura e tomar decis\u00f5es estrat\u00e9gicas. A volatilidade tamb\u00e9m pode criar incerteza no seu planeamento de mercado.<\/li>\n\n\n\n<li>O avan\u00e7o tecnol\u00f3gico \u00e9 uma constante no mercado de butano, especialmente para GLP e petroqu\u00edmicos. Lidar com estas mudan\u00e7as pode ser assustador para as pequenas empresas, que podem n\u00e3o ter recursos para investir em ferramentas de ponta.<\/li>\n<\/ul>\n\n\n\n<h2 class=\"wp-block-heading\">Perspectiva futura<\/h2>\n\n\n\n<h3 class=\"wp-block-heading\">Espera-se que o mercado de butano cres\u00e7a nos pr\u00f3ximos anos, impulsionado por diversos fatores, incluindo os seguintes:<\/h3>\n\n\n\n<figure class=\"gb-block-image gb-block-image-c41dc4b9\"><img loading=\"lazy\" decoding=\"async\" width=\"1456\" height=\"816\" class=\"gb-image gb-image-c41dc4b9\" src=\"https:\/\/www.sisinternational.com\/wp-content\/uploads\/2025\/08\/Butane-1.jpg\" alt=\"Pesquisa e Estrat\u00e9gia de Mercado Internacional da SIS\" title=\"Butane (1)\" srcset=\"https:\/\/www.sisinternational.com\/wp-content\/uploads\/2025\/08\/Butane-1.jpg 1456w, https:\/\/www.sisinternational.com\/wp-content\/uploads\/2025\/08\/Butane-1-300x168.jpg 300w, https:\/\/www.sisinternational.com\/wp-content\/uploads\/2025\/08\/Butane-1-1024x574.jpg 1024w, https:\/\/www.sisinternational.com\/wp-content\/uploads\/2025\/08\/Butane-1-768x430.jpg 768w, https:\/\/www.sisinternational.com\/wp-content\/uploads\/2025\/08\/Butane-1-18x10.jpg 18w\" sizes=\"auto, (max-width: 1456px) 100vw, 1456px\"><\/figure>\n\n\n\n<ul class=\"wp-block-list\">\n<li>As the need for petrochemicals expands, the demand for butane market research will rise accordingly to meet this growing requirement. Petrochemicals have a variety of applications that span from plastics and <a class=\"wpil_keyword_link\" href=\"https:\/\/www.sisinternational.com\/pt\/pericia\/industrias\/pesquisa-de-mercado-de-tintas-revestimentos-e-tintas-de-impressao\/\"   title=\"Pesquisa de mercado de tintas, revestimentos e tintas de impress\u00e3o\" data-wpil-keyword-link=\"linked\"  data-wpil-monitor-id=\"377\">paints<\/a> to textiles and beyond. Therefore, an increased demand for butane is expected as its necessity increases within the petrochemical industry.<\/li>\n\n\n\n<li>\u00c0 medida que a popula\u00e7\u00e3o mundial se expande, especialmente nos pa\u00edses em desenvolvimento, prev\u00ea-se que a procura de GPL aumente. Esta exig\u00eancia crescente causar\u00e1 um aumento significativo na pesquisa de mercado do butano, uma vez que o butano \u00e9 um dos principais componentes do GLP.<\/li>\n\n\n\n<li>To foster a more sustainable butane market, companies are actively exploring the latest technologies and processes to lessen emissions and enhance sustainability. This shift towards greater sustainability is projected to continue and impact the <a href=\"https:\/\/www.sisinternational.com\/pt\/biocombustiveis-na-industria-aerea\/\" title=\"Pesquisa de mercado de sustentabilidade em companhias a\u00e9reas\"  data-wpil-monitor-id=\"6848\">pesquisa de mercado de butano<\/a> in forthcoming years.<\/li>\n\n\n\n<li>The butane market <a href=\"https:\/\/www.sisinternational.com\/pt\/mercado-fmcg-no-vietna\/\" title=\"Mercado FMCG no Vietn\u00e3\"  data-wpil-monitor-id=\"7595\">pesquisar<\/a> is projected to skyrocket in emerging markets, particularly those situated in the Asia Pacific, Africa, and Middle East regions. Thus, companies are investing heavily in new production facilities as well as broadening their distribution channels.<\/li>\n<\/ul>\n\n\n\n<p>A SIS International oferece Pesquisa Quantitativa, Qualitativa e Estrat\u00e9gica. Fornecemos dados, ferramentas, estrat\u00e9gias, relat\u00f3rios e insights para tomada de decis\u00f5es. Conduzimos entrevistas, pesquisas, grupos focais e muitos outros m\u00e9todos e abordagens de Pesquisa de Mercado. Contate-nos para o seu pr\u00f3ximo projeto de Pesquisa de Mercado.<\/p>\n\n\n\n<p><\/p>","protected":false},"excerpt":{"rendered":"<p>O mercado do butano \u00e9 uma parte vital da estrutura energ\u00e9tica global e a procura de butano tem vindo a crescer exponencialmente em todo o mundo.<\/p>","protected":false},"author":1,"featured_media":63925,"parent":14514,"menu_order":234,"comment_status":"closed","ping_status":"closed","template":"","meta":{"footnotes":""},"class_list":["post-42283","page","type-page","status-publish","has-post-thumbnail"],"_links":{"self":[{"href":"https:\/\/www.sisinternational.com\/pt\/wp-json\/wp\/v2\/pages\/42283","targetHints":{"allow":["GET"]}}],"collection":[{"href":"https:\/\/www.sisinternational.com\/pt\/wp-json\/wp\/v2\/pages"}],"about":[{"href":"https:\/\/www.sisinternational.com\/pt\/wp-json\/wp\/v2\/types\/page"}],"author":[{"embeddable":true,"href":"https:\/\/www.sisinternational.com\/pt\/wp-json\/wp\/v2\/users\/1"}],"replies":[{"embeddable":true,"href":"https:\/\/www.sisinternational.com\/pt\/wp-json\/wp\/v2\/comments?post=42283"}],"version-history":[{"count":8,"href":"https:\/\/www.sisinternational.com\/pt\/wp-json\/wp\/v2\/pages\/42283\/revisions"}],"predecessor-version":[{"id":81218,"href":"https:\/\/www.sisinternational.com\/pt\/wp-json\/wp\/v2\/pages\/42283\/revisions\/81218"}],"up":[{"embeddable":true,"href":"https:\/\/www.sisinternational.com\/pt\/wp-json\/wp\/v2\/pages\/14514"}],"wp:featuredmedia":[{"embeddable":true,"href":"https:\/\/www.sisinternational.com\/pt\/wp-json\/wp\/v2\/media\/63925"}],"wp:attachment":[{"href":"https:\/\/www.sisinternational.com\/pt\/wp-json\/wp\/v2\/media?parent=42283"}],"curies":[{"name":"wp","href":"https:\/\/api.w.org\/{rel}","templated":true}]}}