{"id":42278,"date":"2023-04-11T15:40:39","date_gmt":"2023-04-11T19:40:39","guid":{"rendered":"https:\/\/www.sisinternational.com\/?page_id=42278"},"modified":"2026-01-26T19:01:45","modified_gmt":"2026-01-27T00:01:45","slug":"pesquisa-de-mercado-de-hoteis-boutique","status":"publish","type":"page","link":"https:\/\/www.sisinternational.com\/pt\/pericia\/pesquisa-de-mercado-de-hoteis-boutique\/","title":{"rendered":"Pesquisa de mercado de hot\u00e9is boutique"},"content":{"rendered":"<h1 class=\"wp-block-heading\">Pesquisa de mercado de hot\u00e9is boutique<\/h1>\n\n\n\n<figure class=\"gb-block-image gb-block-image-53ee1902\"><img loading=\"lazy\" decoding=\"async\" width=\"1456\" height=\"816\" class=\"gb-image gb-image-53ee1902\" src=\"https:\/\/www.sisinternational.com\/wp-content\/uploads\/2025\/08\/hotel-14.jpg\" alt=\"Pesquisa e Estrat\u00e9gia de Mercado Internacional da SIS\" title=\"hotel (14)\" srcset=\"https:\/\/www.sisinternational.com\/wp-content\/uploads\/2025\/08\/hotel-14.jpg 1456w, https:\/\/www.sisinternational.com\/wp-content\/uploads\/2025\/08\/hotel-14-300x168.jpg 300w, https:\/\/www.sisinternational.com\/wp-content\/uploads\/2025\/08\/hotel-14-1024x574.jpg 1024w, https:\/\/www.sisinternational.com\/wp-content\/uploads\/2025\/08\/hotel-14-768x430.jpg 768w, https:\/\/www.sisinternational.com\/wp-content\/uploads\/2025\/08\/hotel-14-18x10.jpg 18w\" sizes=\"auto, (max-width: 1456px) 100vw, 1456px\"><\/figure>\n\n\n\n<p><\/p>\n\n\n\n<p>Destacar-se no setor de hot\u00e9is boutique \u00e9 mais importante do que nunca, \u00e0 medida que os gostos dos viajantes se tornam mais espec\u00edficos e a concorr\u00eancia aumenta. Assim, os hot\u00e9is boutique devem se esfor\u00e7ar para oferecer uma experi\u00eancia personalizada que leve em conta as tend\u00eancias modernas, mantendo ao mesmo tempo sua atmosfera elegante e comodidades de alta qualidade.<\/p>\n\n\n\n<p>The key to success lies not only in understanding what customers are searching for but also in being able to anticipate these needs before they arise. With boutique <a href=\"https:\/\/www.sisinternational.com\/pt\/solucoes\/consultoria-em-hotelaria-e-turismo-em-viagens\/pesquisa-de-mercado-de-rede-hoteleira\/\" title=\"Pesquisa de mercado de cadeia hoteleira\"  data-wpil-monitor-id=\"3008\">pesquisa de mercado hoteleiro<\/a>, hotels can maintain a competitive edge and thrive in this competitive industry.<\/p>\n\n\n\n<h2 class=\"wp-block-heading\">O que \u00e9 pesquisa de mercado de hot\u00e9is boutique?<\/h2>\n\n\n\n<p>Boutique <a href=\"https:\/\/www.sisinternational.com\/pt\/pericia\/industrias\/pesquisa-de-mercado-de-moveis-para-hoteis\/\" title=\"Pesquisa de mercado de m\u00f3veis para hot\u00e9is\"  data-wpil-monitor-id=\"3834\">pesquisa de mercado hoteleiro<\/a> helps businesses gain a competitive edge by uncovering valuable information about the industry such as consumer preferences, competition analysis, and emerging trends. This data is used to inform strategic decisions that fuel revenue growth, improve service offerings, and ultimately position businesses for success in this ever-evolving sector.<\/p>\n\n\n\n<p>Por <a href=\"https:\/\/www.sisinternational.com\/pt\/pericia\/industrias\/pesquisa-de-mercado-de-resina\/\" title=\"Pesquisa de mercado de resina\"  data-wpil-monitor-id=\"3207\">researching the boutique hotel market<\/a>, companies can gain critical insights into customer demographics, tastes, and needs. Additionally, current trends in technology advancements, shifting consumer habits, and local economic conditions are gathered to identify potential areas of growth and development as well as ways to inform pricing schemes for maximum profitability.<\/p>\n\n\n\n<h2 class=\"wp-block-heading\">Import\u00e2ncia da pesquisa de mercado de hot\u00e9is boutique<\/h2>\n\n\n\n<p>Boutique <a href=\"https:\/\/www.sisinternational.com\/pt\/pericia\/industrias\/pesquisa-de-mercado-de-remodelacao-hoteleira\/\" title=\"Pesquisa de mercado de redesenvolvimento hoteleiro\"  data-wpil-monitor-id=\"5703\">pesquisa de mercado hoteleiro<\/a> equips entrepreneurs with a wealth of information about customer behavior and expectations. By collecting data on guest demographics, industry segmentation, as well as customer satisfaction surveys, boutique hotels gain invaluable knowledge which leads to improvement opportunities and improved decision-making in terms of pricing strategies and service offers.<\/p>\n\n\n\n<p>Furthermore, boutique <a href=\"https:\/\/www.sisinternational.com\/pt\/pericia\/industrias\/pesquisa-de-mercado-hoteleira\/\" title=\"Pesquisa de mercado de pesquisa hoteleira\"  data-wpil-monitor-id=\"7203\">pesquisa de mercado hoteleiro<\/a> unveils the competitive environment, allowing hotel owners and investors to comprehend their standing in the industry and determine methods to make themselves stand out from other competitors in a business landscape dominated by players such as Ace Hotels, Kimpton Hotels, Morgans Hotel Group, and The Hoxton.<\/p>\n\n\n\n<p>Por fim, a pesquisa de mercado de hot\u00e9is boutique ajuda a desenvolver novos servi\u00e7os, atingir segmentos exatos de clientes e adotar tecnologias de ponta para melhorar a experi\u00eancia do h\u00f3spede.<\/p>\n\n\n\n<h2 class=\"wp-block-heading\">Tend\u00eancias da ind\u00fastria hoteleira boutique<\/h2>\n\n\n\n<p>\u00c0 medida que os viajantes procuram experi\u00eancias mais memor\u00e1veis e personalizadas, a ind\u00fastria dos hot\u00e9is boutique est\u00e1 em r\u00e1pida expans\u00e3o. Os hot\u00e9is boutique s\u00e3o conhecidos por sua atmosfera chique, design diferenciado, servi\u00e7o amig\u00e1vel e comodidades luxuosas \u2013 tudo isso cuidadosamente elaborado para criar uma estadia inesquec\u00edvel.<\/p>\n\n\n\n<p>Portanto, para permanecerem competitivos, a pesquisa de mercado de hot\u00e9is boutique est\u00e1 em constante adapta\u00e7\u00e3o para satisfazer os desejos atuais dos consumidores, responder \u00e0s mudan\u00e7as nas condi\u00e7\u00f5es do mercado e aproveitar as tecnologias avan\u00e7adas. Aqui est\u00e3o algumas dessas \u00faltimas tend\u00eancias disruptivas:<\/p>\n\n\n\n<ul class=\"wp-block-list\">\n<li><strong>Personaliza\u00e7\u00e3o e customiza\u00e7\u00e3o:<\/strong> Procurando proporcionar experi\u00eancias not\u00e1veis e personalizadas, adaptadas \u00e0s necessidades e prefer\u00eancias individuais dos h\u00f3spedes, a ind\u00fastria dos hot\u00e9is boutique evoluiu imensamente. Desde check-ins pessoais e quartos personaliz\u00e1veis at\u00e9 viagens locais selecionadas, estes hot\u00e9is est\u00e3o totalmente empenhados em garantir que os seus visitantes tenham sempre servi\u00e7os \u00fanicos.<\/li>\n\n\n\n<li><strong>Imers\u00e3o local e experi\u00eancias aut\u00eanticas:<\/strong> Os h\u00f3spedes que preferem hot\u00e9is boutique buscam encontros marcantes e aut\u00eanticos que lhes permitam mergulhar na cultura local. Como resultado, esta ind\u00fastria tende a proporcionar aos visitantes experi\u00eancias personalizadas, como degustar iguarias e bebidas regionais, vivenciar passeios culturais ou visitar exposi\u00e7\u00f5es de arte.<\/li>\n\n\n\n<li><strong>Sa\u00fade e bem estar:<\/strong> \u00c0 medida que as pessoas se tornam cada vez mais conscientes da sua sa\u00fade e bem-estar, a ind\u00fastria dos hot\u00e9is boutique tem respondido na mesma moeda, oferecendo uma gama cada vez maior de op\u00e7\u00f5es de viagens de bem-estar. Desde aulas de ioga at\u00e9 sele\u00e7\u00f5es de refei\u00e7\u00f5es saud\u00e1veis, esses servi\u00e7os est\u00e3o se tornando mais populares entre os viajantes que priorizam um estilo de vida equilibrado quando est\u00e3o fora de casa.<\/li>\n<\/ul>\n\n\n\n<h2 class=\"wp-block-heading\">Pesquisa de mercado de hot\u00e9is boutique: oportunidades e desafios<\/h2>\n\n\n\n<p>Para quem trabalha no setor de hot\u00e9is boutique, a pesquisa de mercado oferece uma s\u00e9rie de oportunidades e obst\u00e1culos. Algumas dessas principais oportunidades e desafios que surgem com a an\u00e1lise da ind\u00fastria de hot\u00e9is boutique s\u00e3o os seguintes:<\/p>\n\n\n\n<h3 class=\"wp-block-heading\">Oportunidades<\/h3>\n\n\n\n<ul class=\"wp-block-list\">\n<li><strong>Identifica\u00e7\u00e3o do p\u00fablico-alvo:<\/strong> A pesquisa de mercado de hot\u00e9is boutique \u00e9 essencial para determinar o p\u00fablico-alvo e ajustar servi\u00e7os e ofertas de acordo com as necessidades dos clientes.<\/li>\n\n\n\n<li><strong>Melhorando a experi\u00eancia do h\u00f3spede:<\/strong> A pesquisa de mercado de hot\u00e9is boutique tamb\u00e9m oferece aos hot\u00e9is a oportunidade de reconhecer \u00e1reas onde necessitam de melhorias para oferecer uma experi\u00eancia extraordin\u00e1ria, incluindo qualidade de servi\u00e7o, comodidades, servi\u00e7os personalizados e muito mais.<\/li>\n\n\n\n<li><strong>Developing effective <\/strong><a href=\"https:\/\/www.sisinternational.com\/pt\/desenvolvimento-da-cidade-de-hartford-connecticut\/\" title=\"Pesquisa de mercado em Hartford, Connecticut\"  data-wpil-monitor-id=\"1770\">marketing strategies: Boutique hotels<\/a> can capitalize on market research to craft tailored marketing campaigns that will truly speak to their target audience.<\/li>\n\n\n\n<li><strong>Expans\u00e3o para novos mercados:<\/strong> Delving into boutique hotel market research can reveal opportunities for hotels to develop fresh services, <a href=\"https:\/\/www.sisinternational.com\/pt\/solucoes\/grupos-de-foco\/focus-groups-in-the-uk\/\" title=\"Focus Groups in the uk\"  data-wpil-monitor-id=\"1376\">focus on particular demographic groups<\/a>, and even expand into new areas.<\/li>\n<\/ul>\n\n\n\n<h3 class=\"wp-block-heading\">Desafios<\/h3>\n\n\n\n<ul class=\"wp-block-list\">\n<li><strong>Concorr\u00eancia de acomoda\u00e7\u00f5es alternativas e novos participantes:<\/strong> \u00c0 medida que mais e mais plataformas de partilha de casas, alugueres de f\u00e9rias e novos participantes entram no mercado, os hot\u00e9is boutique est\u00e3o a ser pressionados para enfrentar um cen\u00e1rio competitivo cada vez maior.<\/li>\n\n\n\n<li><strong>Volatilidade econ\u00f3mica e incertezas de mercado:<\/strong> A mudan\u00e7a das condi\u00e7\u00f5es econ\u00f3micas e a volatilidade do mercado podem reduzir significativamente a procura e o rendimento da ind\u00fastria hoteleira boutique.<\/li>\n\n\n\n<li><strong>Manter a diferencia\u00e7\u00e3o e reputa\u00e7\u00e3o da marca:<\/strong> Com o aumento dos hot\u00e9is boutique, pode ser dif\u00edcil se destacar da concorr\u00eancia e manter uma reputa\u00e7\u00e3o de alto n\u00edvel. Portanto, os hot\u00e9is boutique devem se manter atualizados e manter uma proposta de valor bem definida e uma marca que ressoe com seu p\u00fablico-alvo.<\/li>\n<\/ul>\n\n\n\n<h2 class=\"wp-block-heading\">Perspectivas futuras e previs\u00f5es para a ind\u00fastria hoteleira boutique<\/h2>\n\n\n\n<p>Impulsionada pela pesquisa de mercado de hot\u00e9is boutique e pela evolu\u00e7\u00e3o das prefer\u00eancias dos consumidores, a ind\u00fastria de hot\u00e9is boutique est\u00e1 preparada para experimentar um crescimento not\u00e1vel nos pr\u00f3ximos anos. Aqui est\u00e1 um vislumbre do que as empresas podem esperar deste setor em expans\u00e3o:<\/p>\n\n\n\n<ul class=\"wp-block-list\">\n<li><strong>Crescimento cont\u00ednuo:<\/strong> A ind\u00fastria hoteleira boutique est\u00e1 preparada para um crescimento cont\u00ednuo, especialmente na \u00c1sia-Pac\u00edfico e no M\u00e9dio Oriente. Gra\u00e7as ao aumento do rendimento dispon\u00edvel, a um maior apetite por experi\u00eancias de viagem e a uma predile\u00e7\u00e3o por estadias de f\u00e9rias \u00fanicas e personalizadas, este setor dever\u00e1 crescer num futuro pr\u00f3ximo.<\/li>\n\n\n\n<li><strong>Integra\u00e7\u00e3o da sustentabilidade:<\/strong> Os consumidores est\u00e3o cada vez mais conscientes da sustentabilidade, o que implica que os hot\u00e9is boutique devem continuar a adotar pr\u00e1ticas sustent\u00e1veis, como a utiliza\u00e7\u00e3o de materiais ecol\u00f3gicos e a redu\u00e7\u00e3o do consumo de energia.<\/li>\n\n\n\n<li><strong>Experi\u00eancias personalizadas:<\/strong> Os h\u00f3spedes dos hot\u00e9is boutique buscam experi\u00eancias exclusivas e personalizadas que atendam exatamente \u00e0s suas necessidades. Espera-se que a ind\u00fastria de hot\u00e9is boutique aproveite dados e tecnologia para fornecer servi\u00e7os e ofertas ainda mais personalizados.<\/li>\n\n\n\n<li><strong>Ascens\u00e3o das viagens experienciais:<\/strong> Prev\u00ea-se que o sucesso das viagens experienciais persista, com hot\u00e9is boutique oferecendo encontros locais exclusivos, explora\u00e7\u00f5es culturais e atividades incomuns.<\/li>\n<\/ul>\n\n\n\n<p>A SIS International oferece Pesquisa Quantitativa, Qualitativa e Estrat\u00e9gica. Fornecemos dados, ferramentas, estrat\u00e9gias, relat\u00f3rios e insights para tomada de decis\u00f5es. Conduzimos entrevistas, pesquisas, grupos focais e muitos outros m\u00e9todos e abordagens de Pesquisa de Mercado. Contate-nos para o seu pr\u00f3ximo projeto de Pesquisa de Mercado.<\/p>","protected":false},"excerpt":{"rendered":"<p>A pesquisa de mercado de hot\u00e9is boutique ajuda as empresas a obter vantagem ao analisar as prefer\u00eancias do consumidor, a an\u00e1lise da concorr\u00eancia e as tend\u00eancias emergentes.<\/p>","protected":false},"author":1,"featured_media":63514,"parent":14514,"menu_order":233,"comment_status":"closed","ping_status":"closed","template":"","meta":{"footnotes":""},"class_list":["post-42278","page","type-page","status-publish","has-post-thumbnail"],"_links":{"self":[{"href":"https:\/\/www.sisinternational.com\/pt\/wp-json\/wp\/v2\/pages\/42278","targetHints":{"allow":["GET"]}}],"collection":[{"href":"https:\/\/www.sisinternational.com\/pt\/wp-json\/wp\/v2\/pages"}],"about":[{"href":"https:\/\/www.sisinternational.com\/pt\/wp-json\/wp\/v2\/types\/page"}],"author":[{"embeddable":true,"href":"https:\/\/www.sisinternational.com\/pt\/wp-json\/wp\/v2\/users\/1"}],"replies":[{"embeddable":true,"href":"https:\/\/www.sisinternational.com\/pt\/wp-json\/wp\/v2\/comments?post=42278"}],"version-history":[{"count":10,"href":"https:\/\/www.sisinternational.com\/pt\/wp-json\/wp\/v2\/pages\/42278\/revisions"}],"predecessor-version":[{"id":80766,"href":"https:\/\/www.sisinternational.com\/pt\/wp-json\/wp\/v2\/pages\/42278\/revisions\/80766"}],"up":[{"embeddable":true,"href":"https:\/\/www.sisinternational.com\/pt\/wp-json\/wp\/v2\/pages\/14514"}],"wp:featuredmedia":[{"embeddable":true,"href":"https:\/\/www.sisinternational.com\/pt\/wp-json\/wp\/v2\/media\/63514"}],"wp:attachment":[{"href":"https:\/\/www.sisinternational.com\/pt\/wp-json\/wp\/v2\/media?parent=42278"}],"curies":[{"name":"wp","href":"https:\/\/api.w.org\/{rel}","templated":true}]}}