{"id":42274,"date":"2023-04-11T14:02:22","date_gmt":"2023-04-11T18:02:22","guid":{"rendered":"https:\/\/www.sisinternational.com\/?page_id=42274"},"modified":"2026-01-24T21:18:06","modified_gmt":"2026-01-25T02:18:06","slug":"pesquisa-de-mercado-de-solucoes-de-energia-de-backup","status":"publish","type":"page","link":"https:\/\/www.sisinternational.com\/pt\/pericia\/pesquisa-de-mercado-de-solucoes-de-energia-de-backup\/","title":{"rendered":"Pesquisa de mercado de solu\u00e7\u00f5es de energia de backup"},"content":{"rendered":"<h1 class=\"wp-block-heading\">Pesquisa de mercado de solu\u00e7\u00f5es de energia de backup<\/h1>\n\n\n\n<figure class=\"gb-block-image gb-block-image-28abcd56\"><img loading=\"lazy\" decoding=\"async\" width=\"1456\" height=\"816\" class=\"gb-image gb-image-28abcd56\" src=\"https:\/\/www.sisinternational.com\/wp-content\/uploads\/2025\/08\/Backup-Power-Solutions-6.jpg\" alt=\"Pesquisa e Estrat\u00e9gia de Mercado Internacional da SIS\" title=\"Backup Power Solutions (6)\" srcset=\"https:\/\/www.sisinternational.com\/wp-content\/uploads\/2025\/08\/Backup-Power-Solutions-6.jpg 1456w, https:\/\/www.sisinternational.com\/wp-content\/uploads\/2025\/08\/Backup-Power-Solutions-6-300x168.jpg 300w, https:\/\/www.sisinternational.com\/wp-content\/uploads\/2025\/08\/Backup-Power-Solutions-6-1024x574.jpg 1024w, https:\/\/www.sisinternational.com\/wp-content\/uploads\/2025\/08\/Backup-Power-Solutions-6-768x430.jpg 768w, https:\/\/www.sisinternational.com\/wp-content\/uploads\/2025\/08\/Backup-Power-Solutions-6-18x10.jpg 18w\" sizes=\"auto, (max-width: 1456px) 100vw, 1456px\"><\/figure>\n\n\n\n<p><\/p>\n\n\n\n<hr class=\"wp-block-separator has-alpha-channel-opacity is-style-dots\"\/>\n\n\n\n<p>As solu\u00e7\u00f5es de energia de reserva referem-se a sistemas ou dispositivos que fornecem energia el\u00e9trica. Eles entram em a\u00e7\u00e3o durante uma queda de energia ou outra interrup\u00e7\u00e3o na fonte de energia prim\u00e1ria. Usamos essas solu\u00e7\u00f5es em resid\u00eancias, empresas e diversos ambientes. Eles garantem que sistemas e equipamentos cr\u00edticos possam continuar funcionando durante uma falha de energia.<\/p>\n\n\n\n<p>Muitos tipos de solu\u00e7\u00f5es de energia de reserva est\u00e3o dispon\u00edveis. Eles incluem sistemas de fonte de alimenta\u00e7\u00e3o ininterrupta (UPS), standby e geradores port\u00e1teis. Usamos sistemas UPS para fornecer energia de reserva para dispositivos individuais. Por exemplo, eles s\u00e3o \u00f3timos para computadores ou servidores. Em contraste, geradores port\u00e1teis e de reserva alimentam \u00e1reas maiores ou edif\u00edcios inteiros.<\/p>\n\n\n\n<p>As solu\u00e7\u00f5es de energia de reserva s\u00e3o essenciais em ambientes espec\u00edficos. Nesses ambientes, quedas de energia podem causar interrup\u00e7\u00f5es significativas. Por exemplo, a energia de reserva \u00e9 obrigat\u00f3ria em hospitais, data centers e outras infraestruturas cr\u00edticas. A energia ininterrupta \u00e9 essencial para manter opera\u00e7\u00f5es cr\u00edticas nessas configura\u00e7\u00f5es. Eles tamb\u00e9m podem ser \u00fateis para propriet\u00e1rios propensos a cortes de energia devido a condi\u00e7\u00f5es clim\u00e1ticas adversas ou outros fatores.<\/p>\n\n\n\n<p><\/p>\n\n\n\n<div class=\"wp-block-columns has-global-color-9-color has-text-color has-background has-link-color wp-elements-3c89ad5eb08a8ea64fe3c769ed26464a is-layout-flex wp-container-core-columns-is-layout-9d6595d7 wp-block-columns-is-layout-flex\" style=\"background-color:#f7f9fa6e\">\n<div class=\"wp-block-column is-layout-flow wp-block-column-is-layout-flow\" style=\"flex-basis:18%\"><\/div>\n\n\n\n<div class=\"wp-block-column is-vertically-aligned-center is-layout-flow wp-block-column-is-layout-flow\" style=\"flex-basis:71.28%\">\n<div class=\"wp-block-rank-math-toc-block aligncenter has-global-color-9-color has-text-color has-link-color wp-elements-2b82640a2d1eec330b554632846f343e\" style=\"font-size:16px\" id=\"rank-math-toc\"><h2><br><strong>T<\/strong>able of Contents<\/h2><nav><ul><li class=\"\"><a href=\"#why-are-backup-power-solutions-important\">Por que as solu\u00e7\u00f5es de energia de backup s\u00e3o importantes?<\/a><\/li><li class=\"\"><a href=\"#key-job-titles\">Principais cargos<\/a><\/li><li class=\"\"><a href=\"#why-do-businesses-need-backup-power-solutions\">Por que as empresas precisam de solu\u00e7\u00f5es de energia de backup?<\/a><\/li><li class=\"\"><a href=\"#key-success-factors\">Principais fatores de sucesso<\/a><\/li><li class=\"\"><a href=\"#about-backup-power-solutions-market-research\">Sobre a pesquisa de mercado de solu\u00e7\u00f5es de energia de backup<\/a><\/li><\/ul><\/nav><\/div>\n<\/div>\n<\/div>\n\n\n\n<p><\/p>\n\n\n\n<h2 class=\"wp-block-heading\" id=\"why-are-backup-power-solutions-important\">Por que as solu\u00e7\u00f5es de energia de backup s\u00e3o importantes?<\/h2>\n\n\n\n<h3 class=\"wp-block-heading\">As solu\u00e7\u00f5es de energia de reserva s\u00e3o essenciais por v\u00e1rios motivos.<\/h3>\n\n\n\n<p>Eles garantem a continuidade de opera\u00e7\u00f5es cr\u00edticas. Sistemas e equipamentos cr\u00edticos funcionam mesmo durante uma queda de energia.<\/p>\n\n\n\n<p>Muitas empresas e organiza\u00e7\u00f5es dependem da energia para suas opera\u00e7\u00f5es. Eles podem sofrer perdas financeiras significativas e interrup\u00e7\u00f5es de produtividade durante cortes de energia. Solu\u00e7\u00f5es de energia de reserva podem ajudar a reduzir essas perdas. Eles fornecem uma fonte de energia confi\u00e1vel para manter as opera\u00e7\u00f5es em funcionamento.<\/p>\n\n\n\n<p>Quedas de energia podem causar perda de dados e danos a dispositivos eletr\u00f4nicos. Eles podem ser desastrosos para computadores e servidores. Portanto, outra vantagem das solu\u00e7\u00f5es de energia de backup \u00e9 que elas podem ajudar a proteger contra perda de dados. Eles fornecem uma fonte de energia confi\u00e1vel para manter esses dispositivos funcionando durante uma interrup\u00e7\u00e3o.<\/p>\n\n\n\n<p>Em resid\u00eancias e ambientes residenciais, tamb\u00e9m s\u00e3o necess\u00e1rias solu\u00e7\u00f5es de energia de reserva. Eles podem ajudar a garantir a seguran\u00e7a e o conforto dos residentes durante quedas de energia. A energia de reserva pode manter os aparelhos essenciais funcionando. Por exemplo, alimenta frigor\u00edficos, sistemas de aquecimento e refrigera\u00e7\u00e3o e ilumina\u00e7\u00e3o.<\/p>\n\n\n\n<h2 class=\"wp-block-heading\" id=\"key-job-titles\">Principais cargos<\/h2>\n\n\n\n<figure class=\"gb-block-image gb-block-image-3fc554e9\"><img loading=\"lazy\" decoding=\"async\" width=\"1456\" height=\"816\" class=\"gb-image gb-image-3fc554e9\" src=\"https:\/\/www.sisinternational.com\/wp-content\/uploads\/2025\/08\/Backup-Power-Solutions-4.jpg\" alt=\"Pesquisa e Estrat\u00e9gia de Mercado Internacional da SIS\" title=\"Backup Power Solutions (4)\" srcset=\"https:\/\/www.sisinternational.com\/wp-content\/uploads\/2025\/08\/Backup-Power-Solutions-4.jpg 1456w, https:\/\/www.sisinternational.com\/wp-content\/uploads\/2025\/08\/Backup-Power-Solutions-4-300x168.jpg 300w, https:\/\/www.sisinternational.com\/wp-content\/uploads\/2025\/08\/Backup-Power-Solutions-4-1024x574.jpg 1024w, https:\/\/www.sisinternational.com\/wp-content\/uploads\/2025\/08\/Backup-Power-Solutions-4-768x430.jpg 768w, https:\/\/www.sisinternational.com\/wp-content\/uploads\/2025\/08\/Backup-Power-Solutions-4-18x10.jpg 18w\" sizes=\"auto, (max-width: 1456px) 100vw, 1456px\"><\/figure>\n\n\n\n<p><\/p>\n\n\n\n<h3 class=\"wp-block-heading\">Aqui est\u00e3o alguns cargos importantes relacionados a solu\u00e7\u00f5es de energia de backup:<\/h3>\n\n\n\n<ol class=\"wp-block-list\">\n<li>Engenheiro de energia de backup: projeta, implementa e mant\u00e9m sistemas de energia de backup para diversas aplica\u00e7\u00f5es. Seu escopo de trabalho inclui ambientes comerciais, industriais e residenciais.<\/li>\n\n\n\n<li>T\u00e9cnico de Gerador: Instala, mant\u00e9m e repara geradores de reserva e port\u00e1teis para diversas aplica\u00e7\u00f5es.<\/li>\n\n\n\n<li>T\u00e9cnico UPS: Instala, mant\u00e9m e repara sistemas de fonte de alimenta\u00e7\u00e3o ininterrupta (UPS). Esses sistemas fornecem energia de reserva para equipamentos e dispositivos cr\u00edticos.<\/li>\n\n\n\n<li>Engenheiro Eletr\u00f4nico de Pot\u00eancia: Projeta e desenvolve sistemas eletr\u00f4nicos de pot\u00eancia, incluindo solu\u00e7\u00f5es de energia de backup.<\/li>\n\n\n\n<li>Engenheiro El\u00e9trico: Projeta, desenvolve e mant\u00e9m sistemas el\u00e9tricos, incluindo solu\u00e7\u00f5es de energia de reserva.<\/li>\n\n\n\n<li>Especialista em Sistemas de Energia: Especializado em projetar, desenvolver e manter sistemas de energia. Eles tamb\u00e9m criam, desenvolvem e mant\u00eam solu\u00e7\u00f5es de energia de backup para diversas aplica\u00e7\u00f5es.<\/li>\n\n\n\n<li>Engenheiro de armazenamento de energia: Projeta e desenvolve sistemas de armazenamento de energia, incluindo solu\u00e7\u00f5es de backup de bateria.<\/li>\n\n\n\n<li>Gerente de Projetos \u2013 Solu\u00e7\u00f5es de Backup Power. Este gerente supervisiona o projeto, o desenvolvimento e a implementa\u00e7\u00e3o de solu\u00e7\u00f5es de energia de backup. Eles fazem isso para diversas aplica\u00e7\u00f5es comerciais, industriais e residenciais.<\/li>\n<\/ol>\n\n\n\n<h2 class=\"wp-block-heading\" id=\"why-do-businesses-need-backup-power-solutions\">Por que as empresas precisam de solu\u00e7\u00f5es de energia de backup?<\/h2>\n\n\n\n<p>As empresas precisam de solu\u00e7\u00f5es de energia reserva por v\u00e1rios motivos. Em primeiro lugar, estas solu\u00e7\u00f5es reduzem o tempo de inatividade. Uma queda de energia pode causar uma perda significativa de produtividade e receita. As solu\u00e7\u00f5es de energia de reserva podem ajudar as empresas a continuar as suas opera\u00e7\u00f5es sem interrup\u00e7\u00f5es. Assim, reduzem o tempo de inatividade durante quedas de energia.<\/p>\n\n\n\n<p>Quedas de energia podem causar perda de dados, cuja recupera\u00e7\u00e3o pode ser cara e demorada. As solu\u00e7\u00f5es de energia de reserva podem garantir que sistemas e equipamentos cr\u00edticos permane\u00e7am operacionais. Eles protegem sistemas como servidores e data centers contra perda de dados.<\/p>\n\n\n\n<p>Outro perigo das interrup\u00e7\u00f5es de energia \u00e9 que elas podem interromper os servi\u00e7os e causar transtornos aos clientes. As solu\u00e7\u00f5es de energia de backup podem ajudar as empresas a manter a satisfa\u00e7\u00e3o do cliente. Estas solu\u00e7\u00f5es garantem que os servi\u00e7os essenciais permane\u00e7am operacionais durante cortes de energia. Por exemplo, os clientes perder\u00e3o a conectividade com a Internet quando n\u00e3o houver energia.<\/p>\n\n\n\n<p>A lei exige que algumas empresas tenham solu\u00e7\u00f5es de energia de reserva. Por exemplo, o setor da sa\u00fade deve ter estes sistemas em funcionamento. Se sua empresa n\u00e3o seguir essas regulamenta\u00e7\u00f5es, isso poder\u00e1 resultar em multas ou a\u00e7\u00f5es legais.<\/p>\n\n\n\n<p>As solu\u00e7\u00f5es de energia de reserva tamb\u00e9m podem proteger contra picos e flutua\u00e7\u00f5es de energia. Esses eventos podem danificar o equipamento e causar tempo de inatividade.<\/p>\n\n\n\n<h2 class=\"wp-block-heading\" id=\"key-success-factors\">Principais fatores de sucesso<\/h2>\n\n\n\n<figure class=\"gb-block-image gb-block-image-45779661\"><img loading=\"lazy\" decoding=\"async\" width=\"1456\" height=\"816\" class=\"gb-image gb-image-45779661\" src=\"https:\/\/www.sisinternational.com\/wp-content\/uploads\/2025\/08\/Backup-Power-Solutions-1.jpg\" alt=\"Pesquisa e Estrat\u00e9gia de Mercado Internacional da SIS\" title=\"Backup Power Solutions (1)\" srcset=\"https:\/\/www.sisinternational.com\/wp-content\/uploads\/2025\/08\/Backup-Power-Solutions-1.jpg 1456w, https:\/\/www.sisinternational.com\/wp-content\/uploads\/2025\/08\/Backup-Power-Solutions-1-300x168.jpg 300w, https:\/\/www.sisinternational.com\/wp-content\/uploads\/2025\/08\/Backup-Power-Solutions-1-1024x574.jpg 1024w, https:\/\/www.sisinternational.com\/wp-content\/uploads\/2025\/08\/Backup-Power-Solutions-1-768x430.jpg 768w, https:\/\/www.sisinternational.com\/wp-content\/uploads\/2025\/08\/Backup-Power-Solutions-1-18x10.jpg 18w\" sizes=\"auto, (max-width: 1456px) 100vw, 1456px\"><\/figure>\n\n\n\n<p><\/p>\n\n\n\n<p>O fator de sucesso mais cr\u00edtico para solu\u00e7\u00f5es de energia de backup \u00e9 a confiabilidade. As solu\u00e7\u00f5es de energia de reserva devem fornecer uma fonte de alimenta\u00e7\u00e3o confi\u00e1vel e ininterrupta. Al\u00e9m disso, estas solu\u00e7\u00f5es devem fazer funcionar equipamentos e sistemas essenciais durante cortes de energia.<\/p>\n\n\n\n<p>Os backups devem ser escalon\u00e1veis e adapt\u00e1veis \u00e0s novas necessidades de uma empresa. Al\u00e9m disso, devem ser capazes de suportar novos equipamentos e sistemas \u00e0 medida que a empresa cresce e evolui.<\/p>\n\n\n\n<p>A manuten\u00e7\u00e3o regular de solu\u00e7\u00f5es de energia de reserva \u00e9 crucial. Afeta sua confiabilidade e efic\u00e1cia a longo prazo.<\/p>\n\n\n\n<p>Os t\u00e9cnicos devem realizar manuten\u00e7\u00e3o e testes programados para garantir que as solu\u00e7\u00f5es de energia de reserva funcionem.<\/p>\n\n\n\n<p>As solu\u00e7\u00f5es de energia de reserva devem ser compat\u00edveis com os sistemas e equipamentos el\u00e9tricos existentes. Problemas de compatibilidade podem resultar em falhas do sistema e tempo de inatividade.<\/p>\n\n\n\n<p>As solu\u00e7\u00f5es de energia de backup devem ser econ\u00f4micas e agregar valor ao dinheiro gasto. Seria \u00fatil considerar o custo total de propriedade ao selecionar solu\u00e7\u00f5es de energia de reserva. Inclua os custos de instala\u00e7\u00e3o, manuten\u00e7\u00e3o e opera\u00e7\u00e3o em seus c\u00e1lculos.<\/p>\n\n\n\n<p>Integre solu\u00e7\u00f5es de energia de backup \u00e0 estrat\u00e9gia de gerenciamento de energia do seu neg\u00f3cio. Eles devem fazer parte de um plano abrangente. Este plano deve incluir medidas de efici\u00eancia energ\u00e9tica, fontes de energia renov\u00e1veis e conectividade \u00e0 rede.<\/p>\n\n\n\n<p>Voc\u00ea deve treinar seus funcion\u00e1rios para operar e manter solu\u00e7\u00f5es de energia de reserva. A forma\u00e7\u00e3o pode garantir a utiliza\u00e7\u00e3o eficaz de solu\u00e7\u00f5es de energia de reserva. Pode ajudar a reduzir o tempo de inatividade durante quedas de energia.<\/p>\n\n\n\n<p>Esses fatores cr\u00edticos de sucesso podem garantir que as empresas tenham energia durante interrup\u00e7\u00f5es. Assim, eles podem manter opera\u00e7\u00f5es essenciais e proteger contra perda de dados.<\/p>\n\n\n\n<h2 class=\"wp-block-heading\" id=\"about-backup-power-solutions-market-research\">Sobre a pesquisa de mercado de solu\u00e7\u00f5es de energia de backup<\/h2>\n\n\n\n<p><a class=\"wpil_keyword_link\" href=\"https:\/\/www.sisinternational.com\/pt\/solucoes\/solucoes-de-pesquisa-quantitativa-qualitativa\/\"   title=\"Solu\u00e7\u00f5es de pesquisa qualitativa e quantitativa\" data-wpil-keyword-link=\"linked\"  data-wpil-monitor-id=\"704\">Pesquisa Quantitativa de Mercado<\/a> is efficient. It allows busy entrepreneurs to collect large volumes of data fast. Quantitative Research also provides a general view of your target demographic. It goes beyond the participants of your Surveys. In contrast, <a class=\"wpil_keyword_link\" href=\"https:\/\/www.sisinternational.com\/pt\/future-trends-in-qualitative-market-research\/\"   title=\"Future Trends in Qualitative Market Research\" data-wpil-keyword-link=\"linked\"  data-wpil-monitor-id=\"703\">Pesquisa qualitativa de mercado<\/a> focuses on how people feel. It tells you what they think and why they make their choices. This method includes Focus Groups and direct one-on-one Interviews.<\/p>\n\n\n\n<p>UX Market <a href=\"https:\/\/www.sisinternational.com\/pt\/pericia\/industrias\/pesquisa-de-mercado-de-energia-nuclear\/\" title=\"Pesquisa de mercado de energia nuclear\"  data-wpil-monitor-id=\"3309\">Pesquisar<\/a> lets you identify how consumers use your backup power solutions. <a href=\"https:\/\/www.sisinternational.com\/pt\/pericia\/industrias\/pesquisa-de-mercado-de-geracao-de-energia\/\" title=\"Pesquisa de mercado de gera\u00e7\u00e3o de energia\"  data-wpil-monitor-id=\"3072\">Pesquisa de entrada no mercado<\/a> and Strategy Market Research allow you to reduce risk. They also show you opportunities when entering an unknown market. Keep in mind that these markets might become your target audience.<\/p>\n\n\n\n<p>It\u2019s also essential to do <a href=\"https:\/\/www.sisinternational.com\/pt\/pericia\/industrias\/pesquisa-de-mercado-de-resina\/\" title=\"Pesquisa de mercado de resina\"  data-wpil-monitor-id=\"3210\">Pesquisa de dimensionamento de mercado<\/a>. This research estimates how much profit you can make from your business. You\u2019ll also need to do a Competitive Analysis. This analysis will help you understand your competitors\u2019 strengths and weaknesses. It also allows you to find gaps in the market.<\/p>\n\n\n\n<p>A SIS International Research fornece ajuda em todas essas categorias. Somos especializados em ajudar nossos clientes a tirar o m\u00e1ximo proveito da pesquisa de mercado. Saiba mais sobre nossas estrat\u00e9gias para empresas de Backup Power Solutions. Ajudaremos voc\u00ea a encontrar as melhores maneiras de continuar a expandir seu neg\u00f3cio!<\/p>\n\n\n<h2>Localiza\u00e7\u00e3o de nossas instala\u00e7\u00f5es em Nova York<\/h2>\n<p><!-- \/wp:post-content --> <!-- wp:html --> <iframe loading=\"lazy\" src=\"https:\/\/www.google.com\/maps\/embed?pb=!1m18!1m12!1m3!1d3022.976188376966!2d-73.99130312499956!3d40.740549471389315!2m3!1f0!2f0!3f0!3m2!1i1024!2i768!4f13.1!3m3!1m2!1s0x89c259a15798c731%3A0xd695d09bdd495f25!2s11%20E%2022nd%20St%20FL%202%2C%20New%20York%2C%20NY%2010010%2C%20USA!5e0!3m2!1sen!2spe!4v1726171763526!5m2!1sen!2spe\" width=\"600\" height=\"450\" allowfullscreen=\"allowfullscreen\" data-mce-fragment=\"1\"><\/iframe> <!-- \/wp:html --> <!-- wp:paragraph --><\/p>\n<h3 class=\"wp-block-heading\">11 E 22nd Street, andar 2, Nova York, NY 10010 T: +1(212) 505-6805<\/h3>\n<hr \/>\n<h2><span style=\"font-weight: 400;\">Sobre SIS Internacional<\/span><\/h2>\n<p><a href=\"https:\/\/www.sisinternational.com\/pt\/\"><span style=\"font-weight: 400;\">SIS Internacional<\/span><\/a><span style=\"font-weight: 400;\"> oferece pesquisa quantitativa, qualitativa e estrat\u00e9gica. Fornecemos dados, ferramentas, estrat\u00e9gias, relat\u00f3rios e insights para a tomada de decis\u00f5es. Tamb\u00e9m realizamos entrevistas, pesquisas, grupos focais e outros m\u00e9todos e abordagens de Pesquisa de Mercado.<\/span><a href=\"https:\/\/www.sisinternational.com\/pt\/sobre-a-sis-international-research\/contact-sis-international-market-research\/\"><span style=\"font-weight: 400;\"> Entre em contato conosco<\/span><\/a><span style=\"font-weight: 400;\"> para o seu pr\u00f3ximo projeto de pesquisa de mercado.<\/span><\/p>\n<p><!-- wp:heading --><\/p><!-- \/wp:heading -->","protected":false},"excerpt":{"rendered":"<p>As solu\u00e7\u00f5es de energia de reserva referem-se a sistemas ou dispositivos que fornecem energia el\u00e9trica. Eles entram em a\u00e7\u00e3o durante quedas de energia ou outras interrup\u00e7\u00f5es.<\/p>","protected":false},"author":1,"featured_media":64741,"parent":14514,"menu_order":232,"comment_status":"closed","ping_status":"closed","template":"","meta":{"footnotes":""},"class_list":["post-42274","page","type-page","status-publish","has-post-thumbnail"],"_links":{"self":[{"href":"https:\/\/www.sisinternational.com\/pt\/wp-json\/wp\/v2\/pages\/42274","targetHints":{"allow":["GET"]}}],"collection":[{"href":"https:\/\/www.sisinternational.com\/pt\/wp-json\/wp\/v2\/pages"}],"about":[{"href":"https:\/\/www.sisinternational.com\/pt\/wp-json\/wp\/v2\/types\/page"}],"author":[{"embeddable":true,"href":"https:\/\/www.sisinternational.com\/pt\/wp-json\/wp\/v2\/users\/1"}],"replies":[{"embeddable":true,"href":"https:\/\/www.sisinternational.com\/pt\/wp-json\/wp\/v2\/comments?post=42274"}],"version-history":[{"count":9,"href":"https:\/\/www.sisinternational.com\/pt\/wp-json\/wp\/v2\/pages\/42274\/revisions"}],"predecessor-version":[{"id":77571,"href":"https:\/\/www.sisinternational.com\/pt\/wp-json\/wp\/v2\/pages\/42274\/revisions\/77571"}],"up":[{"embeddable":true,"href":"https:\/\/www.sisinternational.com\/pt\/wp-json\/wp\/v2\/pages\/14514"}],"wp:featuredmedia":[{"embeddable":true,"href":"https:\/\/www.sisinternational.com\/pt\/wp-json\/wp\/v2\/media\/64741"}],"wp:attachment":[{"href":"https:\/\/www.sisinternational.com\/pt\/wp-json\/wp\/v2\/media?parent=42274"}],"curies":[{"name":"wp","href":"https:\/\/api.w.org\/{rel}","templated":true}]}}