{"id":41922,"date":"2023-03-19T16:07:57","date_gmt":"2023-03-19T20:07:57","guid":{"rendered":"https:\/\/www.sisinternational.com\/?page_id=41922"},"modified":"2026-03-12T13:26:42","modified_gmt":"2026-03-12T17:26:42","slug":"pesquisa-de-mercado-de-soja","status":"publish","type":"page","link":"https:\/\/www.sisinternational.com\/pt\/solucoes\/pesquisa-de-mercado-da-industria-de-bebidas-alimenticias\/pesquisa-de-mercado-de-soja\/","title":{"rendered":"Pesquisa de mercado de soja"},"content":{"rendered":"<h1 class=\"wp-block-heading\">Pesquisa de mercado de soja<\/h1>\n\n\n\n<figure class=\"gb-block-image gb-block-image-650cd381\"><img loading=\"lazy\" decoding=\"async\" width=\"1456\" height=\"816\" class=\"gb-image gb-image-650cd381\" src=\"https:\/\/www.sisinternational.com\/wp-content\/uploads\/2025\/08\/Bean-soybean-8.jpg\" alt=\"Pesquisa e Estrat\u00e9gia de Mercado Internacional da SIS\" title=\"Bean soybean (8)\" srcset=\"https:\/\/www.sisinternational.com\/wp-content\/uploads\/2025\/08\/Bean-soybean-8.jpg 1456w, https:\/\/www.sisinternational.com\/wp-content\/uploads\/2025\/08\/Bean-soybean-8-300x168.jpg 300w, https:\/\/www.sisinternational.com\/wp-content\/uploads\/2025\/08\/Bean-soybean-8-1024x574.jpg 1024w, https:\/\/www.sisinternational.com\/wp-content\/uploads\/2025\/08\/Bean-soybean-8-768x430.jpg 768w, https:\/\/www.sisinternational.com\/wp-content\/uploads\/2025\/08\/Bean-soybean-8-18x10.jpg 18w\" sizes=\"auto, (max-width: 1456px) 100vw, 1456px\"><\/figure>\n\n\n\n<p><\/p>\n\n\n\n<p>A pesquisa de mercado da soja coleta e analisa dados relacionados \u00e0 ind\u00fastria da soja, incluindo oferta, demanda, pre\u00e7os e tend\u00eancias de mercado. O objetivo da pesquisa de mercado da soja \u00e9 entender melhor o mercado da soja e as diversas ofertas de produtos da ind\u00fastria. A pesquisa de mercado da soja fornece insights sobre os diversos fatores que a impactam, como as mudan\u00e7as na demanda do consumidor, as mudan\u00e7as clim\u00e1ticas, a implementa\u00e7\u00e3o de diretrizes regulat\u00f3rias e as interrup\u00e7\u00f5es na cadeia de abastecimento.<\/p>\n\n\n\n<h2 class=\"wp-block-heading\">Segmenta\u00e7\u00e3o do Mercado de Soja<\/h2>\n\n\n\n<p>A ind\u00fastria da soja pode ser agrupada em v\u00e1rios segmentos com base em diferentes crit\u00e9rios. Aqui est\u00e3o algumas maneiras comuns de categorizar a ind\u00fastria da soja:<\/p>\n\n\n\n<h3 class=\"wp-block-heading\">Classifica\u00e7\u00e3o de produto<\/h3>\n\n\n\n<p>Os produtos de soja s\u00e3o classificados de acordo com o uso e processamento do produto. Soja integral, farelo de soja, \u00f3leo de soja e isolados de prote\u00edna de soja s\u00e3o exemplos disso.<\/p>\n\n\n\n<h3 class=\"wp-block-heading\">Aplica\u00e7\u00e3o em outras ind\u00fastrias<\/h3>\n\n\n\n<figure class=\"gb-block-image gb-block-image-8c2be954\"><img loading=\"lazy\" decoding=\"async\" width=\"1456\" height=\"816\" class=\"gb-image gb-image-8c2be954\" src=\"https:\/\/www.sisinternational.com\/wp-content\/uploads\/2025\/08\/Bean-soybean-3.jpg\" alt=\"Pesquisa e Estrat\u00e9gia de Mercado Internacional da SIS\" title=\"Bean soybean (3)\" srcset=\"https:\/\/www.sisinternational.com\/wp-content\/uploads\/2025\/08\/Bean-soybean-3.jpg 1456w, https:\/\/www.sisinternational.com\/wp-content\/uploads\/2025\/08\/Bean-soybean-3-300x168.jpg 300w, https:\/\/www.sisinternational.com\/wp-content\/uploads\/2025\/08\/Bean-soybean-3-1024x574.jpg 1024w, https:\/\/www.sisinternational.com\/wp-content\/uploads\/2025\/08\/Bean-soybean-3-768x430.jpg 768w, https:\/\/www.sisinternational.com\/wp-content\/uploads\/2025\/08\/Bean-soybean-3-18x10.jpg 18w\" sizes=\"auto, (max-width: 1456px) 100vw, 1456px\"><\/figure>\n\n\n\n<p><\/p>\n\n\n\n<p>Os produtos de soja podem ser classificados de acordo com sua aplica\u00e7\u00e3o em diversas ind\u00fastrias, como alimentos e bebidas, ra\u00e7\u00e3o animal, biocombust\u00edveis e produtos industriais.<\/p>\n\n\n\n<h3 class=\"wp-block-heading\">Canais de distribui\u00e7\u00e3o<\/h3>\n\n\n\n<p>Isto incluir\u00e1 os canais de distribui\u00e7\u00e3o atrav\u00e9s dos quais s\u00e3o vendidos. Os canais de varejo, como supermercados e lojas especializadas, bem como os canais comerciais, como restaurantes e fabricantes de alimentos, enquadram-se nesta categoria.<\/p>\n\n\n\n<h3 class=\"wp-block-heading\">Geografia<\/h3>\n\n\n\n<p>A ind\u00fastria da soja pode ser dividida em v\u00e1rias \u00e1reas onde \u00e9 produzida localmente. Al\u00e9m disso, isto incluir\u00e1 pa\u00edses que exportam globalmente soja e seus subprodutos.<\/p>\n\n\n\n<h3 class=\"wp-block-heading\">Produto final<\/h3>\n\n\n\n<figure class=\"gb-block-image gb-block-image-8b4b9f0f\"><img loading=\"lazy\" decoding=\"async\" width=\"1456\" height=\"816\" class=\"gb-image gb-image-8b4b9f0f\" src=\"https:\/\/www.sisinternational.com\/wp-content\/uploads\/2025\/08\/Bean-soybean-1.jpg\" alt=\"Pesquisa e Estrat\u00e9gia de Mercado Internacional da SIS\" title=\"Bean soybean (1)\" srcset=\"https:\/\/www.sisinternational.com\/wp-content\/uploads\/2025\/08\/Bean-soybean-1.jpg 1456w, https:\/\/www.sisinternational.com\/wp-content\/uploads\/2025\/08\/Bean-soybean-1-300x168.jpg 300w, https:\/\/www.sisinternational.com\/wp-content\/uploads\/2025\/08\/Bean-soybean-1-1024x574.jpg 1024w, https:\/\/www.sisinternational.com\/wp-content\/uploads\/2025\/08\/Bean-soybean-1-768x430.jpg 768w, https:\/\/www.sisinternational.com\/wp-content\/uploads\/2025\/08\/Bean-soybean-1-18x10.jpg 18w\" sizes=\"auto, (max-width: 1456px) 100vw, 1456px\"><\/figure>\n\n\n\n<p><\/p>\n\n\n\n<p>Os produtos de soja podem ser categorizados de acordo com a utiliza\u00e7\u00e3o pretendida. Isso incluir\u00e1, mas n\u00e3o est\u00e1 limitado ao seguinte:<\/p>\n\n\n\n<ul class=\"wp-block-list\">\n<li>Ingredientes em produtos aliment\u00edcios como tofu, leite de soja, molho de soja e substitutos de carne<\/li>\n\n\n\n<li>Alimentos de origem animal, como o farelo de soja, fornecem uma fonte de prote\u00ednas e amino\u00e1cidos essenciais de alta qualidade para a nutri\u00e7\u00e3o animal.<\/li>\n\n\n\n<li>O \u00f3leo de soja \u00e9 usado em diversas aplica\u00e7\u00f5es industriais, inclusive como lubrificante, em tintas de impress\u00e3o e na fabrica\u00e7\u00e3o de biodiesel.<\/li>\n\n\n\n<li>A prote\u00edna isolada de soja \u00e9 frequentemente usada como suplemento nutricional, principalmente para atletas e fisiculturistas que necessitam de uma alta ingest\u00e3o de prote\u00ednas.<\/li>\n\n\n\n<li>Soybean oil is used in a variety of <a href=\"https:\/\/www.sisinternational.com\/pt\/pericia\/curriculos-de-experiencia\/pesquisa-de-mercado-de-produtos-de-higiene-pessoal\/\" title=\"Pesquisa de mercado de produtos de cuidados pessoais\"  data-wpil-monitor-id=\"8109\">personal care products<\/a>, such as conditioners, moisturizers, and skincare products.<\/li>\n<\/ul>\n\n\n\n<h2 class=\"wp-block-heading\">Fatores que impactam a pesquisa de mercado da soja<\/h2>\n\n\n\n<p>The soybean <a href=\"https:\/\/www.sisinternational.com\/pt\/solucoes\/solucoes-de-branding-e-pesquisa-de-clientes\/pesquisa-de-mercado-de-influenciadores\/\" title=\"Pesquisa de mercado de influenciadores\"  data-wpil-monitor-id=\"8112\">market is influenced<\/a> by a wide range of factors that can impact prices, supply and demand, and overall industry performance. Here are some of the <a href=\"https:\/\/www.sisinternational.com\/pt\/pericia\/industrias\/pesquisa-de-mercado-over-the-top-media-ott\/\" title=\"Pesquisa de mercado de m\u00eddia superior (OTT)\"  data-wpil-monitor-id=\"6211\">top impacting factors in soybean market research:<\/a><\/p>\n\n\n\n<ul class=\"wp-block-list\">\n<li><strong>Demanda global:<\/strong> A soja \u00e9 uma fonte significativa de prote\u00edna e \u00f3leo para ra\u00e7\u00e3o animal, alimentos e biocombust\u00edveis. A procura global destes produtos pode ter um impacto significativo nos pre\u00e7os e na produ\u00e7\u00e3o da soja.<\/li>\n\n\n\n<li><strong>Clima:<\/strong> Weather conditions such as droughts, floods, and extreme temperatures can affect soybean yields and quality. This can impact supply and <a href=\"https:\/\/www.sisinternational.com\/pt\/solucoes\/pesquisa-de-consultoria-em-estrategia-fintech\/pesquisa-de-mercado-de-precos\/\" title=\"Pesquisa de mercado de pre\u00e7os\"  data-wpil-monitor-id=\"8113\">prices in the soybean market<\/a>.<\/li>\n\n\n\n<li><strong>Pol\u00edticas comerciais:<\/strong> As pol\u00edticas comerciais internacionais podem afectar o fluxo de soja e produtos de soja entre pa\u00edses. Acordos comerciais e tarifas podem impactar a demanda e os pre\u00e7os da soja.<\/li>\n\n\n\n<li><strong>Pol\u00edticas governamentais:<\/strong> Pol\u00edticas governamentais como subs\u00eddios, mandatos e regulamenta\u00e7\u00f5es podem afectar a produ\u00e7\u00e3o e a procura de soja. Por exemplo, os mandatos de biocombust\u00edveis podem aumentar a procura de soja, enquanto as regulamenta\u00e7\u00f5es ambientais podem ter impacto nas pr\u00e1ticas de produ\u00e7\u00e3o.<\/li>\n\n\n\n<li><strong>Concorr\u00eancia de outras culturas:<\/strong> A soja enfrenta a concorr\u00eancia de outras culturas, como milho, trigo e canola. Mudan\u00e7as nos pre\u00e7os e na produ\u00e7\u00e3o das culturas podem afectar os pre\u00e7os e a procura da soja.<\/li>\n\n\n\n<li><strong>Avan\u00e7os tecnol\u00f3gicos:<\/strong> Os avan\u00e7os tecnol\u00f3gicos em gen\u00e9tica de culturas, agricultura de precis\u00e3o e processamento podem melhorar o rendimento, a qualidade e a efici\u00eancia da soja. Esses avan\u00e7os podem impactar os custos de produ\u00e7\u00e3o e a oferta no mercado de soja.<\/li>\n\n\n\n<li><strong>Tend\u00eancias de consumo:<\/strong> As mudan\u00e7as nas prefer\u00eancias e tend\u00eancias dos consumidores podem afectar a procura de produtos de soja, como o tofu, o leite de soja e o molho de soja. Isto pode impactar os pre\u00e7os e a produ\u00e7\u00e3o de soja e produtos de soja.<\/li>\n<\/ul>\n\n\n\n<h2 class=\"wp-block-heading\">M\u00e9todos Utilizados para Pesquisa de Mercado de Soja<\/h2>\n\n\n\n<p>A pesquisa de mercado da soja envolve a coleta e an\u00e1lise de dados relacionados \u00e0 ind\u00fastria da soja, incluindo oferta, demanda, pre\u00e7os e tend\u00eancias de mercado.<\/p>\n\n\n\n<h3 class=\"wp-block-heading\">Aqui est\u00e3o as etapas gerais envolvidas na realiza\u00e7\u00e3o de pesquisas de mercado de soja:<\/h3>\n\n\n\n<ul class=\"wp-block-list\">\n<li>\u00c9 imperativo que os objetivos da pesquisa estejam claramente definidos. Isso orientar\u00e1 os rumos da pesquisa de mercado da soja.<br>Data and <a href=\"https:\/\/www.sisinternational.com\/pt\/o-papel-do-desenvolvimento-de-processos-e-sistemas-no-sucesso-organizacional\/\" title=\"Pesquisa de mercado de design organizacional\"  data-wpil-monitor-id=\"8108\">strategies in soybean market<\/a> industry can be collected from credible sources, such as commercial and government reports and industry publications.<\/li>\n\n\n\n<li>Implementation of different research methods such as surveys, interviews, and focus <a href=\"https:\/\/www.sisinternational.com\/pt\/cobertura\/europa\/pesquisa-de-mercado-em-liverpool-reino-unido\/\" title=\"Pesquisa de Mercado em Liverpool | Grupos focais e coleta de dados no Reino Unido\"  data-wpil-monitor-id=\"8114\">groups can also be used to collect<\/a> data directly from farmers, consumers, and industry experts.<\/li>\n\n\n\n<li><a href=\"https:\/\/www.sisinternational.com\/pt\/estudo-de-caso-sis-em-insights-de-lojas-em-todo-o-mundo\/\" title=\"Insights do comprador na loja \u2013 estudo de caso de pesquisa de mercado\"  data-wpil-monitor-id=\"8111\">Market Research provides insights<\/a> that are analyzed to identify patterns, trends, and relationships between different aspects of the industry.<\/li>\n<\/ul>\n\n\n\n<h2 class=\"wp-block-heading\">Principais players da ind\u00fastria de soja<\/h2>\n\n\n\n<figure class=\"gb-block-image gb-block-image-78ee92e6\"><img loading=\"lazy\" decoding=\"async\" width=\"1456\" height=\"816\" class=\"gb-image gb-image-78ee92e6\" src=\"https:\/\/www.sisinternational.com\/wp-content\/uploads\/2025\/08\/Bean-soybean-4.jpg\" alt=\"Pesquisa e Estrat\u00e9gia de Mercado Internacional da SIS\" title=\"Bean soybean (4)\" srcset=\"https:\/\/www.sisinternational.com\/wp-content\/uploads\/2025\/08\/Bean-soybean-4.jpg 1456w, https:\/\/www.sisinternational.com\/wp-content\/uploads\/2025\/08\/Bean-soybean-4-300x168.jpg 300w, https:\/\/www.sisinternational.com\/wp-content\/uploads\/2025\/08\/Bean-soybean-4-1024x574.jpg 1024w, https:\/\/www.sisinternational.com\/wp-content\/uploads\/2025\/08\/Bean-soybean-4-768x430.jpg 768w, https:\/\/www.sisinternational.com\/wp-content\/uploads\/2025\/08\/Bean-soybean-4-18x10.jpg 18w\" sizes=\"auto, (max-width: 1456px) 100vw, 1456px\"><\/figure>\n\n\n\n<p><\/p>\n\n\n\n<p>A ind\u00fastria da soja \u00e9 grande e diversificada, com muitos participantes importantes operando em v\u00e1rios segmentos. Aqui est\u00e3o alguns dos principais players da ind\u00fastria da soja:<\/p>\n\n\n\n<ul class=\"wp-block-list\">\n<li>Archer-Daniels-Midland Co. (\u00f3leos de soja)<\/li>\n\n\n\n<li>Cargill, Inc (\u00f3leo de soja)<\/li>\n\n\n\n<li>CHS Inc. (\u00f3leo de soja)<\/li>\n\n\n\n<li>Danone Am\u00e9rica do Norte (farinha de soja)<\/li>\n\n\n\n<li>DuPont de Nemours, Inc. (produtos de soja)<\/li>\n\n\n\n<li>Fuji Oil Group (produtos\/ingredientes \u00e0 base de soja)<\/li>\n\n\n\n<li>House Foods Corporation (tofu n\u00e3o transg\u00eanico)<\/li>\n\n\n\n<li>Kerry Group plc (solu\u00e7\u00e3o alimentar \u00e0 base de plantas)<\/li>\n\n\n\n<li>Nordic Soya Oy (concentrado de prote\u00edna de soja)<\/li>\n\n\n\n<li>Scoular (leite de soja)<\/li>\n<\/ul>\n\n\n\n<p>These companies are involved in different segments of the soybean industry, including production, processing, distribution, and marketing. They have a significant presence in other regions worldwide and play an essential role in shaping the soybean <a href=\"https:\/\/www.sisinternational.com\/pt\/solucoes\/consultoria-estrategica\/pesquisa-de-mercado-de-produto-minimo-viavel\/\" title=\"Pesquisa de mercado de produto m\u00ednimo vi\u00e1vel\"  data-wpil-monitor-id=\"8115\">market through their production<\/a> and pricing decisions. Additionally, many smaller companies and farmers are involved in the soybean industry, particularly in developing countries where soybeans are a significant crop for smallholder farmers.<\/p>\n\n\n\n<h2 class=\"wp-block-heading\">Benef\u00edcios de realizar pesquisas de mercado de soja<\/h2>\n\n\n\n<p>A Pesquisa de Mercado de Soja fornece insights ben\u00e9ficos pelos seguintes motivos:<\/p>\n\n\n\n<ul class=\"wp-block-list\">\n<li>A pesquisa de mercado da soja ajuda as empresas a compreender as tend\u00eancias atuais do mercado, incluindo mudan\u00e7as na demanda, oferta e pre\u00e7os.<\/li>\n\n\n\n<li>Ao analisar os dados de mercado, as empresas podem identificar novas oportunidades na ind\u00fastria da soja, tais como mercados emergentes, novas aplica\u00e7\u00f5es ou potenciais colabora\u00e7\u00f5es com outras empresas.<\/li>\n\n\n\n<li>A pesquisa do mercado da soja pode ajudar as empresas a identificar riscos e desafios potenciais, tais como mudan\u00e7as nas regulamenta\u00e7\u00f5es, eventos clim\u00e1ticos ou interrup\u00e7\u00f5es na cadeia de abastecimento. Ao compreender estes riscos, as empresas podem tomar medidas proativas para os gerir e mitigar o seu impacto.<\/li>\n\n\n\n<li>By understanding the <a href=\"https:\/\/www.sisinternational.com\/pt\/global-beverage-market\/\" title=\"Global Beverage Market: Market Dynamics, Growth Projections &amp; Consumer Insights\"  data-wpil-monitor-id=\"8110\">market dynamics and consumer<\/a> preferences, businesses can develop more competitive products and services that meet the needs of their customers.<\/li>\n<\/ul>\n\n\n\n<h2 class=\"wp-block-heading\">Sobre a Pesquisa de Mercado da Soja<\/h2>\n\n\n\n<p>Os resultados da pesquisa podem ser comunicados \u00e0s partes interessadas por meio de relat\u00f3rios, apresenta\u00e7\u00f5es e visualiza\u00e7\u00f5es. A pesquisa de mercado da soja fornece insights que tamb\u00e9m podem ser usados para informar discuss\u00f5es do setor e decis\u00f5es pol\u00edticas. Os dados e estrat\u00e9gias da ind\u00fastria do mercado de soja podem orientar os principais participantes da ind\u00fastria na tomada de decis\u00f5es informadas. V\u00e1rios setores e empresas podem otimizar suas estrat\u00e9gias de produ\u00e7\u00e3o, pre\u00e7os e marketing, o que pode levar ao aumento da lucratividade e do crescimento.<\/p>","protected":false},"excerpt":{"rendered":"<p>A pesquisa de mercado da soja fornece insights sobre a demanda do consumidor, mudan\u00e7as clim\u00e1ticas, diretrizes regulat\u00f3rias e interrup\u00e7\u00f5es na cadeia de abastecimento.<\/p>","protected":false},"author":1,"featured_media":63775,"parent":22018,"menu_order":228,"comment_status":"closed","ping_status":"closed","template":"","meta":{"footnotes":""},"class_list":["post-41922","page","type-page","status-publish","has-post-thumbnail"],"_links":{"self":[{"href":"https:\/\/www.sisinternational.com\/pt\/wp-json\/wp\/v2\/pages\/41922","targetHints":{"allow":["GET"]}}],"collection":[{"href":"https:\/\/www.sisinternational.com\/pt\/wp-json\/wp\/v2\/pages"}],"about":[{"href":"https:\/\/www.sisinternational.com\/pt\/wp-json\/wp\/v2\/types\/page"}],"author":[{"embeddable":true,"href":"https:\/\/www.sisinternational.com\/pt\/wp-json\/wp\/v2\/users\/1"}],"replies":[{"embeddable":true,"href":"https:\/\/www.sisinternational.com\/pt\/wp-json\/wp\/v2\/comments?post=41922"}],"version-history":[{"count":5,"href":"https:\/\/www.sisinternational.com\/pt\/wp-json\/wp\/v2\/pages\/41922\/revisions"}],"predecessor-version":[{"id":81366,"href":"https:\/\/www.sisinternational.com\/pt\/wp-json\/wp\/v2\/pages\/41922\/revisions\/81366"}],"up":[{"embeddable":true,"href":"https:\/\/www.sisinternational.com\/pt\/wp-json\/wp\/v2\/pages\/22018"}],"wp:featuredmedia":[{"embeddable":true,"href":"https:\/\/www.sisinternational.com\/pt\/wp-json\/wp\/v2\/media\/63775"}],"wp:attachment":[{"href":"https:\/\/www.sisinternational.com\/pt\/wp-json\/wp\/v2\/media?parent=41922"}],"curies":[{"name":"wp","href":"https:\/\/api.w.org\/{rel}","templated":true}]}}