{"id":41915,"date":"2023-03-18T22:53:00","date_gmt":"2023-03-19T02:53:00","guid":{"rendered":"https:\/\/www.sisinternational.com\/?page_id=41915"},"modified":"2025-10-20T23:43:35","modified_gmt":"2025-10-21T03:43:35","slug":"pesquisa-de-mercado-de-transporte-e-logistica","status":"publish","type":"page","link":"https:\/\/www.sisinternational.com\/pt\/pericia\/pesquisa-de-mercado-de-transporte-e-logistica\/","title":{"rendered":"Pesquisa de mercado de transporte e log\u00edstica"},"content":{"rendered":"<h1 class=\"wp-block-heading\">Pesquisa de mercado de transporte e log\u00edstica<\/h1>\n\n\n\n<figure class=\"gb-block-image gb-block-image-d6a35eda\"><img loading=\"lazy\" decoding=\"async\" width=\"1456\" height=\"816\" class=\"gb-image gb-image-d6a35eda\" src=\"https:\/\/www.sisinternational.com\/wp-content\/uploads\/2025\/08\/Dropshipping-1.jpg\" alt=\"Pesquisa e Estrat\u00e9gia de Mercado Internacional da SIS\" title=\"Dropshipping (1)\" srcset=\"https:\/\/www.sisinternational.com\/wp-content\/uploads\/2025\/08\/Dropshipping-1.jpg 1456w, https:\/\/www.sisinternational.com\/wp-content\/uploads\/2025\/08\/Dropshipping-1-300x168.jpg 300w, https:\/\/www.sisinternational.com\/wp-content\/uploads\/2025\/08\/Dropshipping-1-1024x574.jpg 1024w, https:\/\/www.sisinternational.com\/wp-content\/uploads\/2025\/08\/Dropshipping-1-768x430.jpg 768w, https:\/\/www.sisinternational.com\/wp-content\/uploads\/2025\/08\/Dropshipping-1-18x10.jpg 18w\" sizes=\"auto, (max-width: 1456px) 100vw, 1456px\"><\/figure>\n\n\n\n<p><\/p>\n\n\n\n<p>Ao realizar pesquisas de mercado abrangentes sobre o setor de transporte e log\u00edstica, as empresas obt\u00eam informa\u00e7\u00f5es valiosas sobre as principais tend\u00eancias, estrat\u00e9gias competitivas, potenciais de desenvolvimento e obst\u00e1culos.<\/p>\n\n\n\n<p>Este tipo de pesquisa de mercado \u00e9 essencial para qualquer empresa que opera neste setor, permitindo-lhes tomar decis\u00f5es informadas sobre as suas opera\u00e7\u00f5es e prevenir potenciais riscos num setor altamente competitivo.<\/p>\n\n\n\n<h2 class=\"wp-block-heading\">Import\u00e2ncia da pesquisa de mercado de transporte e log\u00edstica<\/h2>\n\n\n\n<p>Shipping and logistics market research is a vital tool for businesses within this industry because it allows them to obtain in-depth data that assist decision-makers. Here are a few reasons why shipping and <a href=\"https:\/\/www.sisinternational.com\/pt\/pericia\/industrias\/pesquisa-de-mercado-de-logistica-de-terceiros\/\" title=\"Pesquisa de mercado de log\u00edstica de terceiros\"  data-wpil-monitor-id=\"4761\">logistics market research<\/a> is so important:<\/p>\n\n\n\n<ul class=\"wp-block-list\">\n<li>Through exhaustive <a href=\"https:\/\/www.sisinternational.com\/pt\/pericia\/industrias\/pesquisa-de-mercado-de-frete\/\" title=\"Pesquisa de mercado de frete \u2013 agenciamento e remessa de frete\"  data-wpil-monitor-id=\"6484\">pesquisa de mercado de transporte e log\u00edstica<\/a>, businesses can correct the course of their operations and strategies by recognizing shifts in customer needs, technology breakthroughs, and fluctuations in demand. Being aware of these changes gives an organization a competitive edge that will subsequently result in higher returns.<\/li>\n\n\n\n<li>A pesquisa de mercado de transporte e log\u00edstica pode dar uma vantagem \u00e0s empresas, determinando os pontos fortes, fracos e a participa\u00e7\u00e3o de mercado de seus concorrentes. Esta informa\u00e7\u00e3o \u00e9 essencial para conceber planos de marketing bem-sucedidos que ajudar\u00e3o as empresas globais a obter uma vantagem revolucion\u00e1ria.<\/li>\n\n\n\n<li>A pesquisa de mercado revela neg\u00f3cios com \u00e1reas com alto potencial de crescimento, como novos mercados, tecnologias inovadoras e servi\u00e7os inovadores. Esses dados podem ajudar as empresas a desenvolver suas opera\u00e7\u00f5es e, ao mesmo tempo, aumentar seus fluxos de receita.<\/li>\n\n\n\n<li>A pesquisa de mercado de transporte e log\u00edstica ajuda as empresas a reconhecer potenciais amea\u00e7as e quest\u00f5es como mudan\u00e7as regulat\u00f3rias, crises econ\u00f3micas e perturba\u00e7\u00f5es na cadeia de abastecimento. Esta informa\u00e7\u00e3o concede \u00e0s empresas a capacidade de criar planos de conting\u00eancia e proteger-se contra perigos.<\/li>\n<\/ul>\n\n\n\n<h2 class=\"wp-block-heading\">Melhores pr\u00e1ticas para conduzir pesquisas de mercado de transporte e log\u00edstica<\/h2>\n\n\n\n<figure class=\"gb-block-image gb-block-image-84ccc661\"><img loading=\"lazy\" decoding=\"async\" width=\"1456\" height=\"816\" class=\"gb-image gb-image-84ccc661\" src=\"https:\/\/www.sisinternational.com\/wp-content\/uploads\/2025\/08\/Dropshipping-3.jpg\" alt=\"Pesquisa e Estrat\u00e9gia de Mercado Internacional da SIS\" title=\"Dropshipping (3)\" srcset=\"https:\/\/www.sisinternational.com\/wp-content\/uploads\/2025\/08\/Dropshipping-3.jpg 1456w, https:\/\/www.sisinternational.com\/wp-content\/uploads\/2025\/08\/Dropshipping-3-300x168.jpg 300w, https:\/\/www.sisinternational.com\/wp-content\/uploads\/2025\/08\/Dropshipping-3-1024x574.jpg 1024w, https:\/\/www.sisinternational.com\/wp-content\/uploads\/2025\/08\/Dropshipping-3-768x430.jpg 768w, https:\/\/www.sisinternational.com\/wp-content\/uploads\/2025\/08\/Dropshipping-3-18x10.jpg 18w\" sizes=\"auto, (max-width: 1456px) 100vw, 1456px\"><\/figure>\n\n\n\n<ul class=\"wp-block-list\">\n<li>Para obter uma compreens\u00e3o completa do mercado de transporte mar\u00edtimo e log\u00edstico, \u00e9 aconselh\u00e1vel considerar v\u00e1rios m\u00e9todos de pesquisa, como pesquisas, grupos focais e entrevistas. Ao combinar diferentes abordagens no processo de pesquisa, as empresas podem obter uma imagem mais clara do que est\u00e1 acontecendo na ind\u00fastria.<\/li>\n\n\n\n<li>Compreender os padr\u00f5es e regulamenta\u00e7\u00f5es mundiais \u00e9 necess\u00e1rio para garantir um projeto de pesquisa bem-sucedido neste espa\u00e7o. Ficar de olho nas tend\u00eancias internacionais pode at\u00e9 conter insights relevantes que s\u00e3o cr\u00edticos para o sucesso no transporte mar\u00edtimo ou na log\u00edstica.<\/li>\n\n\n\n<li>Ao trabalhar ao lado de profissionais especializados em transporte mar\u00edtimo e log\u00edstica, as empresas podem aproveitar sua expertise para garantir que a pesquisa seja relevante e precisa.<\/li>\n\n\n\n<li>O setor de transporte mar\u00edtimo e log\u00edstico est\u00e1 em constante mudan\u00e7a, com tecnologias de ponta tendo um efeito imenso sobre ele. Acompanhar esses avan\u00e7os pode ajudar as organiza\u00e7\u00f5es a encontrar oportunidades inovadoras, bem como perigos potenciais.<\/li>\n\n\n\n<li>Ao utilizar ferramentas de visualiza\u00e7\u00e3o de dados, informa\u00e7\u00f5es complexas podem ser apresentadas de forma eficaz e compreendidas com mais facilidade. Isto pode revelar-se inestim\u00e1vel na discuss\u00e3o dos resultados da investiga\u00e7\u00e3o com as partes interessadas.<\/li>\n<\/ul>\n\n\n\n<h2 class=\"wp-block-heading\">Tend\u00eancias de mercado em pesquisas de mercado de transporte e log\u00edstica<\/h2>\n\n\n\n<p>As pesquisas de mercado de transporte e log\u00edstica revelam diversas tend\u00eancias que est\u00e3o redefinindo este setor. Aqui est\u00e3o algumas de suas tend\u00eancias mais significativas:<\/p>\n\n\n\n<ul class=\"wp-block-list\">\n<li>O tremendo crescimento do com\u00e9rcio eletr\u00f4nico resultou em uma necessidade extraordin\u00e1ria de servi\u00e7os de transporte e log\u00edstica para atender \u00e0s necessidades dos consumidores. De acordo com as tend\u00eancias atuais do mercado, os consumidores esperam que as suas compras online sejam entregues rapidamente. Para atender a esse aumento na demanda, as empresas de entrega est\u00e3o dedicando esfor\u00e7os para investir em avan\u00e7os tecnol\u00f3gicos, bem como no desenvolvimento de infraestrutura.<\/li>\n\n\n\n<li>H\u00e1 um foco maior na sustentabilidade \u00e0 medida que clientes e reguladores investem mais na redu\u00e7\u00e3o dos impactos ambientais do transporte mar\u00edtimo. Para atender a essa demanda, as empresas de log\u00edstica inovaram ao utilizar combust\u00edveis alternativos e diminuir as emiss\u00f5es.<\/li>\n\n\n\n<li>Ao integrarem tecnologia, transporte mar\u00edtimo e log\u00edstica, as empresas n\u00e3o s\u00f3 est\u00e3o a aumentar os seus n\u00edveis de efici\u00eancia, mas tamb\u00e9m a reduzir custos. A an\u00e1lise de dados tamb\u00e9m \u00e9 usada atualmente para otimizar cadeias de suprimentos, enquanto a automa\u00e7\u00e3o simplifica as opera\u00e7\u00f5es.<\/li>\n\n\n\n<li>As empresas est\u00e3o recorrendo cada vez mais a fornecedores terceirizados de log\u00edstica para reduzir custos e aumentar a efici\u00eancia. Pesquisas de mercado confirmam que esta \u00e9 uma tend\u00eancia crescente no mundo dos neg\u00f3cios.<\/li>\n\n\n\n<li>As empresas do setor de transporte e log\u00edstica entendem que a experi\u00eancia do cliente \u00e9 fundamental para o sucesso. Portanto, eles est\u00e3o investindo pesadamente no fornecimento de rastreamento de remessas em tempo real, op\u00e7\u00f5es de entrega personalizadas e servi\u00e7os especializados adaptados \u00e0s necessidades individuais dos clientes.<\/li>\n<\/ul>\n\n\n\n<h2 class=\"wp-block-heading\">O cen\u00e1rio competitivo no setor de transporte e log\u00edstica<\/h2>\n\n\n\n<p>O transporte mar\u00edtimo e a log\u00edstica s\u00e3o um mercado altamente competitivo, com in\u00fameros concorrentes disputando a aten\u00e7\u00e3o do consumidor \u2013 e entre os participantes mais proeminentes nesta ind\u00fastria lucrativa est\u00e3o:<\/p>\n\n\n\n<ul class=\"wp-block-list\">\n<li><strong>DHL<\/strong> oferece solu\u00e7\u00f5es abrangentes, incluindo transporte a\u00e9reo e mar\u00edtimo de carga, servi\u00e7os de armazenamento e distribui\u00e7\u00e3o. Com a sua presen\u00e7a robusta nesta ind\u00fastria, a DHL capacita as empresas a entregar os seus produtos em todo o mundo com confian\u00e7a.<\/li>\n\n\n\n<li><strong>FedEx<\/strong> \u00e9 uma empresa internacional de servi\u00e7os de entrega de correio que fornece um conjunto completo de solu\u00e7\u00f5es de remessa e log\u00edstica em 220 pa\u00edses em todo o mundo. Do correio expresso ao agenciamento de carga, as possibilidades com a FedEx s\u00e3o infinitas.<\/li>\n\n\n\n<li><strong>UPS<\/strong> \u00e9 uma empresa de entrega de pacotes e gerenciamento da cadeia de suprimentos de renome internacional que oferece uma gama abrangente de servi\u00e7os, que v\u00e3o desde solu\u00e7\u00f5es comerciais em grande escala at\u00e9 atendimento ao cliente em pequena escala.<\/li>\n\n\n\n<li><strong>Maersk<\/strong> \u00e9 uma empresa de transporte mar\u00edtimo dinamarquesa que oferece transporte de cont\u00eaineres e gerenciamento da cadeia de suprimentos e criou uma extensa rede globalmente.<\/li>\n<\/ul>\n\n\n\n<h2 class=\"wp-block-heading\">Oportunidades e desafios no setor de transporte e log\u00edstica<\/h2>\n\n\n\n<figure class=\"gb-block-image gb-block-image-4ceea4dd\"><img loading=\"lazy\" decoding=\"async\" width=\"1456\" height=\"816\" class=\"gb-image gb-image-4ceea4dd\" src=\"https:\/\/www.sisinternational.com\/wp-content\/uploads\/2025\/08\/Dropshipping-2.jpg\" alt=\"Pesquisa e Estrat\u00e9gia de Mercado Internacional da SIS\" title=\"Dropshipping (2)\" srcset=\"https:\/\/www.sisinternational.com\/wp-content\/uploads\/2025\/08\/Dropshipping-2.jpg 1456w, https:\/\/www.sisinternational.com\/wp-content\/uploads\/2025\/08\/Dropshipping-2-300x168.jpg 300w, https:\/\/www.sisinternational.com\/wp-content\/uploads\/2025\/08\/Dropshipping-2-1024x574.jpg 1024w, https:\/\/www.sisinternational.com\/wp-content\/uploads\/2025\/08\/Dropshipping-2-768x430.jpg 768w, https:\/\/www.sisinternational.com\/wp-content\/uploads\/2025\/08\/Dropshipping-2-18x10.jpg 18w\" sizes=\"auto, (max-width: 1456px) 100vw, 1456px\"><\/figure>\n\n\n\n<p><\/p>\n\n\n\n<p>As pesquisas de mercado de transporte e log\u00edstica mostram uma s\u00e9rie de tend\u00eancias que atualmente facilitam ou dificultam a atua\u00e7\u00e3o das empresas deste setor. Algumas das oportunidades e desafios mais importantes s\u00e3o as seguintes:<\/p>\n\n\n\n<h3 class=\"wp-block-heading\">Oportunidades<\/h3>\n\n\n\n<ul class=\"wp-block-list\">\n<li>\u00c0 medida que o mundo procura solu\u00e7\u00f5es para as altera\u00e7\u00f5es clim\u00e1ticas, o investimento em pr\u00e1ticas de transporte e log\u00edstica ecol\u00f3gicas torna-se cada vez mais importante. As empresas que optarem por ve\u00edculos com baixas emiss\u00f5es ou fontes de energia renov\u00e1veis ganhar\u00e3o uma vantagem sobre os seus concorrentes, criando uma forte oportunidade de crescimento neste setor.<\/li>\n\n\n\n<li><a href=\"https:\/\/www.sisinternational.com\/pt\/solucoes\/pesquisa-de-mercado-de-ia-e-consultoria-estrategica\/consultoria-de-ia-em-automacao-de-logistica-de-transporte\/\" title=\"Automa\u00e7\u00e3o de transporte e log\u00edstica e consultoria de IA\"  data-wpil-monitor-id=\"4377\">Shipping and logistics market research<\/a> reveal that companies that leverage automation, AI, and analytics can reduce operational costs while increasing productivity. By investing in these technological advancements, businesses will be well-prepared to compete in this industry.<\/li>\n\n\n\n<li>Com a crescente demanda por com\u00e9rcio eletr\u00f4nico, as empresas especializadas em remessas no mesmo dia t\u00eam uma oportunidade de ouro para capitalizar. Al\u00e9m disso, as empresas que fazem parte da ind\u00fastria do com\u00e9rcio eletr\u00f3nico podem investir na sua pr\u00f3pria rede log\u00edstica para obter mais controlo sobre o processo da cadeia de abastecimento.<\/li>\n\n\n\n<li>As empresas que investem agora em mercados emergentes estar\u00e3o perfeitamente posicionadas para recompensar o crescimento a longo prazo. Isto se deve \u00e0 crescente demanda por bens e servi\u00e7os das economias em desenvolvimento.<\/li>\n\n\n\n<li>A satisfa\u00e7\u00e3o do cliente est\u00e1 aumentando rapidamente como a principal prioridade em transporte e log\u00edstica. Os clientes exigem visibilidade total de suas remessas, com \u00eanfase na confiabilidade. As empresas que oferecem uma experi\u00eancia de primeira linha aos clientes ser\u00e3o capazes de se diferenciar e, ao mesmo tempo, criar uma base de consumidores fi\u00e9is.<\/li>\n<\/ul>\n\n\n\n<h3 class=\"wp-block-heading\">Desafios<\/h3>\n\n\n\n<ul class=\"wp-block-list\">\n<li>Existem v\u00e1rios regulamentos neste setor e as empresas devem cumpri-los. O n\u00e3o cumprimento dessas regulamenta\u00e7\u00f5es pode resultar em multas dispendiosas, atrasos prolongados e perda de oportunidades de neg\u00f3cios.<\/li>\n\n\n\n<li>Pode ser dispendioso atualizar e adquirir novas tecnologias para se manter \u00e0 frente da concorr\u00eancia. Isso significa utilizar sistemas sofisticados de gerenciamento de transporte, otimizar processos de automa\u00e7\u00e3o de armaz\u00e9ns e aproveitar an\u00e1lises baseadas em dados.<\/li>\n\n\n\n<li>Infraestrutura deficiente e limita\u00e7\u00f5es de capacidade podem prejudicar gravemente o setor de transporte mar\u00edtimo e log\u00edstico. Portos, estradas e outras instala\u00e7\u00f5es de transporte desatualizadas ou inadequadas frequentemente resultam em cobran\u00e7as extras para os clientes, bem como em atrasos nas remessas.<\/li>\n\n\n\n<li>A pesquisa de mercado de transporte e log\u00edstica revela que as regulamenta\u00e7\u00f5es ambientais est\u00e3o se tornando mais rigorosas e as empresas do setor de transporte e log\u00edstica devem garantir que elas cumpram. Isto inclui a utiliza\u00e7\u00e3o de combust\u00edveis mais limpos, o investimento em tecnologias energeticamente eficientes e a redu\u00e7\u00e3o de res\u00edduos.<\/li>\n<\/ul>\n\n\n\n<p>A SIS International oferece Pesquisa Quantitativa, Qualitativa e Estrat\u00e9gica. Fornecemos dados, ferramentas, estrat\u00e9gias, relat\u00f3rios e insights para tomada de decis\u00f5es. Conduzimos entrevistas, pesquisas, grupos focais e muitos outros m\u00e9todos e abordagens de Pesquisa de Mercado. Contate-nos para o seu pr\u00f3ximo projeto de Pesquisa de Mercado.<\/p>","protected":false},"excerpt":{"rendered":"<p>A pesquisa de mercado de transporte e log\u00edstica fornece insights sobre as principais tend\u00eancias, estrat\u00e9gias competitivas, potenciais de desenvolvimento e obst\u00e1culos.<\/p>","protected":false},"author":1,"featured_media":64793,"parent":14514,"menu_order":225,"comment_status":"closed","ping_status":"closed","template":"","meta":{"footnotes":""},"class_list":["post-41915","page","type-page","status-publish","has-post-thumbnail"],"_links":{"self":[{"href":"https:\/\/www.sisinternational.com\/pt\/wp-json\/wp\/v2\/pages\/41915","targetHints":{"allow":["GET"]}}],"collection":[{"href":"https:\/\/www.sisinternational.com\/pt\/wp-json\/wp\/v2\/pages"}],"about":[{"href":"https:\/\/www.sisinternational.com\/pt\/wp-json\/wp\/v2\/types\/page"}],"author":[{"embeddable":true,"href":"https:\/\/www.sisinternational.com\/pt\/wp-json\/wp\/v2\/users\/1"}],"replies":[{"embeddable":true,"href":"https:\/\/www.sisinternational.com\/pt\/wp-json\/wp\/v2\/comments?post=41915"}],"version-history":[{"count":6,"href":"https:\/\/www.sisinternational.com\/pt\/wp-json\/wp\/v2\/pages\/41915\/revisions"}],"predecessor-version":[{"id":80067,"href":"https:\/\/www.sisinternational.com\/pt\/wp-json\/wp\/v2\/pages\/41915\/revisions\/80067"}],"up":[{"embeddable":true,"href":"https:\/\/www.sisinternational.com\/pt\/wp-json\/wp\/v2\/pages\/14514"}],"wp:featuredmedia":[{"embeddable":true,"href":"https:\/\/www.sisinternational.com\/pt\/wp-json\/wp\/v2\/media\/64793"}],"wp:attachment":[{"href":"https:\/\/www.sisinternational.com\/pt\/wp-json\/wp\/v2\/media?parent=41915"}],"curies":[{"name":"wp","href":"https:\/\/api.w.org\/{rel}","templated":true}]}}