{"id":41907,"date":"2023-03-18T21:27:05","date_gmt":"2023-03-19T01:27:05","guid":{"rendered":"https:\/\/www.sisinternational.com\/?page_id=41907"},"modified":"2026-01-27T16:38:48","modified_gmt":"2026-01-27T21:38:48","slug":"pesquisa-de-mercado-de-geracao-de-energia","status":"publish","type":"page","link":"https:\/\/www.sisinternational.com\/pt\/pericia\/pesquisa-de-mercado-de-geracao-de-energia\/","title":{"rendered":"Pesquisa de mercado de gera\u00e7\u00e3o de energia"},"content":{"rendered":"<h1 class=\"wp-block-heading\">Pesquisa de mercado de gera\u00e7\u00e3o de energia<\/h1>\n\n\n\n<figure class=\"gb-block-image gb-block-image-7c498d99\"><img loading=\"lazy\" decoding=\"async\" width=\"1456\" height=\"816\" class=\"gb-image gb-image-7c498d99\" src=\"https:\/\/www.sisinternational.com\/wp-content\/uploads\/2025\/08\/Energy-Power-3.jpg\" alt=\"Pesquisa e Estrat\u00e9gia de Mercado Internacional da SIS\" title=\"Energy &amp; Power (3)\" srcset=\"https:\/\/www.sisinternational.com\/wp-content\/uploads\/2025\/08\/Energy-Power-3.jpg 1456w, https:\/\/www.sisinternational.com\/wp-content\/uploads\/2025\/08\/Energy-Power-3-300x168.jpg 300w, https:\/\/www.sisinternational.com\/wp-content\/uploads\/2025\/08\/Energy-Power-3-1024x574.jpg 1024w, https:\/\/www.sisinternational.com\/wp-content\/uploads\/2025\/08\/Energy-Power-3-768x430.jpg 768w, https:\/\/www.sisinternational.com\/wp-content\/uploads\/2025\/08\/Energy-Power-3-18x10.jpg 18w\" sizes=\"auto, (max-width: 1456px) 100vw, 1456px\"><\/figure>\n\n\n\n<p><\/p>\n\n\n\n<p>\u00c0 medida que a necessidade de energia aumenta a n\u00edvel mundial e a sustentabilidade e as fontes renov\u00e1veis de energia se tornam mais vitais do que nunca, as empresas e as partes interessadas no sector da energia precisam de utilizar a investiga\u00e7\u00e3o do mercado de produ\u00e7\u00e3o de energia. Atrav\u00e9s da recolha e an\u00e1lise de dados, este tipo de investiga\u00e7\u00e3o revela tend\u00eancias da ind\u00fastria, avalia os n\u00edveis de concorr\u00eancia, bem como reconhece quaisquer oportunidades ou riscos potenciais que possam existir.<\/p>\n\n\n\n<h2 class=\"wp-block-heading\">Import\u00e2ncia da pesquisa de mercado de gera\u00e7\u00e3o de energia<\/h2>\n\n\n\n<p>Ao realizar pesquisas de mercado de gera\u00e7\u00e3o de energia, as empresas e as partes interessadas obt\u00eam informa\u00e7\u00f5es valiosas que auxiliam nos seus processos de tomada de decis\u00e3o. Isto \u00e9 conseguido atrav\u00e9s da recolha e an\u00e1lise de dados relativos \u00e0 produ\u00e7\u00e3o, distribui\u00e7\u00e3o e consumo de eletricidade de diversas fontes, como combust\u00edveis f\u00f3sseis, energia nuclear ou formas renov\u00e1veis.<\/p>\n\n\n\n<p>Ele permite que as empresas obtenham uma melhor compreens\u00e3o das tend\u00eancias atuais do setor, juntamente com seu cen\u00e1rio competitivo, bem como as prefer\u00eancias e comportamentos dos clientes.<\/p>\n\n\n\n<h3 class=\"wp-block-heading\">Por estas raz\u00f5es, existem in\u00fameras raz\u00f5es pelas quais pesquisar o mercado de gera\u00e7\u00e3o de energia \u00e9 essencial.<\/h3>\n\n\n\n<ul class=\"wp-block-list\">\n<li>Companies and investors are consistently seeking to keep up with the most recent market trends, develop creative strategies and uncover emerging opportunities. Power <a href=\"https:\/\/www.sisinternational.com\/pt\/pesquisa-de-mercado-de-geracao-de-leads-b2b\/\" title=\"Pesquisa de mercado de gera\u00e7\u00e3o de leads B2B\"  data-wpil-monitor-id=\"1353\">generation market research<\/a> enables stakeholders to stay informed about industry performance, consumer behavior, and changes in demand.<\/li>\n\n\n\n<li>Through the use of power <a href=\"https:\/\/www.sisinternational.com\/pt\/solucoes\/pesquisa-de-mercado-de-ia-e-consultoria-estrategica\/pesquisa-de-mercado-generativa-de-ia\/\" title=\"Pesquisa de mercado de IA generativa\"  data-wpil-monitor-id=\"2025\">generation market research<\/a>, businesses can obtain a competitive edge and refine their marketing tactics, optimize operations and set themselves apart from competing businesses.<\/li>\n\n\n\n<li>By conducting <a href=\"https:\/\/www.sisinternational.com\/pt\/pericia\/industrias\/pesquisa-de-mercado-de-energia-nuclear\/\" title=\"Pesquisa de mercado de energia nuclear\"  data-wpil-monitor-id=\"3307\">market research in the power<\/a> generation sector, businesses can identify their customers\u2019 behaviors and needs. This includes learning how they use energy sources and gauging what they are willing to pay for different types of energy solutions. With this knowledge, companies can devise products and services that satisfy their consumers&#8217; demands and desires.<\/li>\n\n\n\n<li>By conducting <a href=\"https:\/\/www.sisinternational.com\/pt\/pericia\/industrias\/pesquisa-de-mercado-de-ferramentas-eletricas\/\" title=\"Pesquisa de mercado de ferramentas el\u00e9tricas\"  data-wpil-monitor-id=\"4050\">pesquisa de mercado de gera\u00e7\u00e3o de energia<\/a>, businesses can identify potential risks and challenges ahead of time. This could involve changes in regulations or shifts in consumer demand that may pose hazards if left unchecked. With this knowledge, companies have the opportunity to create strategic plans to counter these issues before they arise \u2013 thus allowing for a more stable future down the line.<\/li>\n<\/ul>\n\n\n\n<h2 class=\"wp-block-heading\">Tend\u00eancias atuais da pesquisa de mercado de gera\u00e7\u00e3o de energia<\/h2>\n\n\n\n<figure class=\"gb-block-image gb-block-image-06ab0b56\"><img loading=\"lazy\" decoding=\"async\" width=\"1456\" height=\"816\" class=\"gb-image gb-image-06ab0b56\" src=\"https:\/\/www.sisinternational.com\/wp-content\/uploads\/2025\/08\/NUclear-plant-nuclear-power-3.jpg\" alt=\"Pesquisa e Estrat\u00e9gia de Mercado Internacional da SIS\" title=\"NUclear plant nuclear power (3)\" srcset=\"https:\/\/www.sisinternational.com\/wp-content\/uploads\/2025\/08\/NUclear-plant-nuclear-power-3.jpg 1456w, https:\/\/www.sisinternational.com\/wp-content\/uploads\/2025\/08\/NUclear-plant-nuclear-power-3-300x168.jpg 300w, https:\/\/www.sisinternational.com\/wp-content\/uploads\/2025\/08\/NUclear-plant-nuclear-power-3-1024x574.jpg 1024w, https:\/\/www.sisinternational.com\/wp-content\/uploads\/2025\/08\/NUclear-plant-nuclear-power-3-768x430.jpg 768w, https:\/\/www.sisinternational.com\/wp-content\/uploads\/2025\/08\/NUclear-plant-nuclear-power-3-18x10.jpg 18w\" sizes=\"auto, (max-width: 1456px) 100vw, 1456px\"><\/figure>\n\n\n\n<ul class=\"wp-block-list\">\n<li>\u00c0 medida que a comunidade global se mobiliza para mitigar as altera\u00e7\u00f5es clim\u00e1ticas e reduzir as emiss\u00f5es de carbono, as fontes de energia renov\u00e1veis est\u00e3o a receber uma aten\u00e7\u00e3o substancial. A energia e\u00f3lica, os pain\u00e9is solares e a energia hidroel\u00e9ctrica tornaram-se elementos b\u00e1sicos nas pesquisas de mercado, \u00e0 medida que os especialistas da ind\u00fastria examinam o seu potencial para a gera\u00e7\u00e3o de electricidade.<\/li>\n\n\n\n<li>A ind\u00fastria de gera\u00e7\u00e3o de energia est\u00e1 passando por um per\u00edodo de transforma\u00e7\u00e3o devido ao surgimento de tecnologias inovadoras como redes inteligentes, dispositivos de armazenamento de energia e ve\u00edculos el\u00e9tricos. Est\u00e3o em curso iniciativas de pesquisa de mercado para avaliar o impacto destes novos desenvolvimentos nas empresas deste sector e descobrir oportunidades lucrativas para elas.<\/li>\n\n\n\n<li>Government regulations and policies present a major influence on the power generation sector. To better understand these changes, power <a href=\"https:\/\/www.sisinternational.com\/pt\/publicacoes\/pesquisa-de-mercado-geracao-alfa\/\" title=\"Pesquisa de mercado da gera\u00e7\u00e3o Alpha\"  data-wpil-monitor-id=\"6657\">generation market research<\/a> analyzes the regulatory environment and pinpoint any impending shifts in regulation that could have an impact on the industry.<\/li>\n\n\n\n<li>As empresas est\u00e3o a investir em mercados emergentes \u00e0 medida que testemunham um crescimento significativo na produ\u00e7\u00e3o de energia devido ao desenvolvimento econ\u00f3mico. Para capitalizar estas oportunidades e enfrentar quaisquer desafios, a pesquisa de mercado de gera\u00e7\u00e3o de energia \u00e9 fundamental para as empresas que procuram sucesso nestes mercados.<\/li>\n<\/ul>\n\n\n\n<h2 class=\"wp-block-heading\">Principais players e cen\u00e1rio competitivo no mercado de gera\u00e7\u00e3o de energia<\/h2>\n\n\n\n<h3 class=\"wp-block-heading\">A ind\u00fastria de gera\u00e7\u00e3o de energia \u00e9 uma arena intensamente competitiva, com uma infinidade de organiza\u00e7\u00f5es proeminentes disputando sua parcela de mercado. Aqui est\u00e3o alguns jogadores mais not\u00e1veis em campo:<\/h3>\n\n\n\n<ul class=\"wp-block-list\">\n<li>General Electric (GE): GE stands as a giant in the power generation market, offering innovative products and services that span multiple energy sources. From conventional to renewable-based <a href=\"https:\/\/www.sisinternational.com\/pt\/foi-com-o-vento-a-crise-financeira-e-a-energia-eolica\/\" title=\"E o Vento Levou? A crise financeira e a energia e\u00f3lica\"  data-wpil-monitor-id=\"7491\">energies such as wind<\/a>, solar, and hydropower.<\/li>\n\n\n\n<li>Siemens: A Siemens \u00e9 l\u00edder do setor quando se trata de gera\u00e7\u00e3o de energia, fornecendo equipamentos e servi\u00e7os confi\u00e1veis para fontes de energia tradicionais e renov\u00e1veis. Isto inclui turbinas a g\u00e1s, turbinas a vapor, turbinas e\u00f3licas, bem como solu\u00e7\u00f5es relacionadas \u00e0 energia solar.<\/li>\n\n\n\n<li>ABB: ABB \u00e9 especializada em rob\u00f3tica, energia e tecnologia de automa\u00e7\u00e3o; oferecendo uma ampla sele\u00e7\u00e3o de solu\u00e7\u00f5es de gera\u00e7\u00e3o de energia de alto desempenho, incluindo turbinas a g\u00e1s, turbinas a vapor e geradores, bem como sistemas el\u00e9tricos.<\/li>\n<\/ul>\n\n\n\n<h2 class=\"wp-block-heading\">Oportunidades para pesquisa de mercado de gera\u00e7\u00e3o de energia<\/h2>\n\n\n\n<ul class=\"wp-block-list\">\n<li>Atrav\u00e9s da pesquisa de mercado de gera\u00e7\u00e3o de energia, as empresas podem obter uma vantagem estrat\u00e9gica ao descobrir grupos de clientes e mercados inexplorados. Ao compreender seus padr\u00f5es, prefer\u00eancias e comportamentos espec\u00edficos de uso de energia, as empresas podem selecionar estrategicamente produtos e servi\u00e7os que atendam \u00e0s necessidades desses segmentos.<\/li>\n\n\n\n<li>As empresas podem avaliar melhor potenciais novas fontes de energia, como energia solar, e\u00f3lica e hidrel\u00e9trica, com a ajuda de pesquisas de mercado de gera\u00e7\u00e3o de energia. Ao diversificar o seu portef\u00f3lio energ\u00e9tico atrav\u00e9s destas tecnologias emergentes, podem reduzir a depend\u00eancia dos combust\u00edveis f\u00f3sseis tradicionais, ao mesmo tempo que minimizam os riscos e avan\u00e7am nos objectivos de sustentabilidade.<\/li>\n\n\n\n<li>As empresas podem obter informa\u00e7\u00f5es valiosas sobre seus clientes e us\u00e1-las para desenvolver produtos e servi\u00e7os criativos que atendam \u00e0s suas necessidades em constante mudan\u00e7a. Por exemplo, solu\u00e7\u00f5es energ\u00e9ticas inteligentes, como sistemas de armazenamento de energia ou tecnologia de automa\u00e7\u00e3o residencial, est\u00e3o a tornar-se mais populares como resultado deste tipo de investiga\u00e7\u00e3o.<\/li>\n\n\n\n<li>Ao aproveitar a pesquisa de mercado de gera\u00e7\u00e3o de energia, as empresas podem descobrir quaisquer inefici\u00eancias nas suas opera\u00e7\u00f5es \u2013 e, portanto, melhorar o consumo de energia e, ao mesmo tempo, reduzir os custos.<\/li>\n\n\n\n<li>A pesquisa de mercado de gera\u00e7\u00e3o de energia \u00e9 fundamental para se manter atualizado com as regulamenta\u00e7\u00f5es e regras ambientais. Atrav\u00e9s do acompanhamento cuidadoso do desenvolvimento regulamentar, as empresas podem n\u00e3o s\u00f3 proteger-se de quaisquer riscos potenciais, mas tamb\u00e9m garantir a sua longevidade a longo prazo.<\/li>\n<\/ul>\n\n\n\n<h2 class=\"wp-block-heading\">Limita\u00e7\u00f5es da pesquisa de mercado de gera\u00e7\u00e3o de energia<\/h2>\n\n\n\n<figure class=\"gb-block-image gb-block-image-b21d7a4e\"><img loading=\"lazy\" decoding=\"async\" width=\"1456\" height=\"816\" class=\"gb-image gb-image-b21d7a4e\" src=\"https:\/\/www.sisinternational.com\/wp-content\/uploads\/2025\/08\/Energy-Power-2.jpg\" alt=\"Pesquisa e Estrat\u00e9gia de Mercado Internacional da SIS\" title=\"Energy &amp; Power (2)\" srcset=\"https:\/\/www.sisinternational.com\/wp-content\/uploads\/2025\/08\/Energy-Power-2.jpg 1456w, https:\/\/www.sisinternational.com\/wp-content\/uploads\/2025\/08\/Energy-Power-2-300x168.jpg 300w, https:\/\/www.sisinternational.com\/wp-content\/uploads\/2025\/08\/Energy-Power-2-1024x574.jpg 1024w, https:\/\/www.sisinternational.com\/wp-content\/uploads\/2025\/08\/Energy-Power-2-768x430.jpg 768w, https:\/\/www.sisinternational.com\/wp-content\/uploads\/2025\/08\/Energy-Power-2-18x10.jpg 18w\" sizes=\"auto, (max-width: 1456px) 100vw, 1456px\"><\/figure>\n\n\n\n<ul class=\"wp-block-list\">\n<li>Pode ser dif\u00edcil obter uma imagem fi\u00e1vel do consumo e da produ\u00e7\u00e3o de energia nos pa\u00edses em desenvolvimento ou nas regi\u00f5es com infra-estruturas inadequadas.<\/li>\n\n\n\n<li>A pesquisa de mercado pode ser um problema financeiro para pequenas empresas ou startups cujos or\u00e7amentos s\u00e3o limitados. Antes de realizar a investiga\u00e7\u00e3o, as empresas devem considerar cuidadosamente o custo de implementa\u00e7\u00e3o e as suas potenciais vantagens.<\/li>\n\n\n\n<li>Sem acesso aos dados atuais, as empresas podem ser equivocadas na tomada de decis\u00f5es no mercado de gera\u00e7\u00e3o de energia. As informa\u00e7\u00f5es e tend\u00eancias hist\u00f3ricas podem criar uma imagem enganosa do que est\u00e1 acontecendo ou do que provavelmente acontecer\u00e1. Para que as empresas possam fazer escolhas informadas, devem garantir que as suas an\u00e1lises incorporam n\u00fameros e insights atualizados.<\/li>\n\n\n\n<li>O setor energ\u00e9tico est\u00e1 em constante transforma\u00e7\u00e3o devido \u00e0s tecnologias inovadoras e \u00e0s prefer\u00eancias dos consumidores. Isto torna dif\u00edcil antecipar corretamente as tend\u00eancias futuras e fazer investimentos s\u00e1bios a longo prazo.<\/li>\n<\/ul>\n\n\n\n<p>A SIS International oferece Pesquisa Quantitativa, Qualitativa e Estrat\u00e9gica. Fornecemos dados, ferramentas, estrat\u00e9gias, relat\u00f3rios e insights para tomada de decis\u00f5es. Conduzimos entrevistas, pesquisas, grupos focais e muitos outros m\u00e9todos e abordagens de Pesquisa de Mercado. Contate-nos para o seu pr\u00f3ximo projeto de Pesquisa de Mercado.<\/p>","protected":false},"excerpt":{"rendered":"<p>A pesquisa de mercado de gera\u00e7\u00e3o de energia estuda a produ\u00e7\u00e3o e o consumo de eletricidade a partir de combust\u00edveis f\u00f3sseis, energia nuclear ou formas renov\u00e1veis.<\/p>","protected":false},"author":1,"featured_media":64806,"parent":14514,"menu_order":223,"comment_status":"closed","ping_status":"closed","template":"","meta":{"footnotes":""},"class_list":["post-41907","page","type-page","status-publish","has-post-thumbnail"],"_links":{"self":[{"href":"https:\/\/www.sisinternational.com\/pt\/wp-json\/wp\/v2\/pages\/41907","targetHints":{"allow":["GET"]}}],"collection":[{"href":"https:\/\/www.sisinternational.com\/pt\/wp-json\/wp\/v2\/pages"}],"about":[{"href":"https:\/\/www.sisinternational.com\/pt\/wp-json\/wp\/v2\/types\/page"}],"author":[{"embeddable":true,"href":"https:\/\/www.sisinternational.com\/pt\/wp-json\/wp\/v2\/users\/1"}],"replies":[{"embeddable":true,"href":"https:\/\/www.sisinternational.com\/pt\/wp-json\/wp\/v2\/comments?post=41907"}],"version-history":[{"count":9,"href":"https:\/\/www.sisinternational.com\/pt\/wp-json\/wp\/v2\/pages\/41907\/revisions"}],"predecessor-version":[{"id":81117,"href":"https:\/\/www.sisinternational.com\/pt\/wp-json\/wp\/v2\/pages\/41907\/revisions\/81117"}],"up":[{"embeddable":true,"href":"https:\/\/www.sisinternational.com\/pt\/wp-json\/wp\/v2\/pages\/14514"}],"wp:featuredmedia":[{"embeddable":true,"href":"https:\/\/www.sisinternational.com\/pt\/wp-json\/wp\/v2\/media\/64806"}],"wp:attachment":[{"href":"https:\/\/www.sisinternational.com\/pt\/wp-json\/wp\/v2\/media?parent=41907"}],"curies":[{"name":"wp","href":"https:\/\/api.w.org\/{rel}","templated":true}]}}