{"id":41904,"date":"2023-03-18T20:35:22","date_gmt":"2023-03-19T00:35:22","guid":{"rendered":"https:\/\/www.sisinternational.com\/?page_id=41904"},"modified":"2026-01-27T16:50:37","modified_gmt":"2026-01-27T21:50:37","slug":"pesquisa-de-mercado-avicola","status":"publish","type":"page","link":"https:\/\/www.sisinternational.com\/pt\/pericia\/pesquisa-de-mercado-avicola\/","title":{"rendered":"Pesquisa de mercado av\u00edcola"},"content":{"rendered":"<h1 class=\"wp-block-heading\">Pesquisa de mercado av\u00edcola<\/h1>\n\n\n\n<figure class=\"gb-block-image gb-block-image-0cd30143\"><img loading=\"lazy\" decoding=\"async\" width=\"1456\" height=\"816\" class=\"gb-image gb-image-0cd30143\" src=\"https:\/\/www.sisinternational.com\/wp-content\/uploads\/2025\/08\/Poultry-chicken-3.jpg\" alt=\"Pesquisa e Estrat\u00e9gia de Mercado Internacional da SIS\" title=\"Poultry chicken (3)\" srcset=\"https:\/\/www.sisinternational.com\/wp-content\/uploads\/2025\/08\/Poultry-chicken-3.jpg 1456w, https:\/\/www.sisinternational.com\/wp-content\/uploads\/2025\/08\/Poultry-chicken-3-300x168.jpg 300w, https:\/\/www.sisinternational.com\/wp-content\/uploads\/2025\/08\/Poultry-chicken-3-1024x574.jpg 1024w, https:\/\/www.sisinternational.com\/wp-content\/uploads\/2025\/08\/Poultry-chicken-3-768x430.jpg 768w, https:\/\/www.sisinternational.com\/wp-content\/uploads\/2025\/08\/Poultry-chicken-3-18x10.jpg 18w\" sizes=\"auto, (max-width: 1456px) 100vw, 1456px\"><\/figure>\n\n\n\n<p><\/p>\n\n\n\n<p>A pesquisa de mercado av\u00edcola fornece insights sobre o comportamento do consumidor, tend\u00eancias de mercado e outros fatores que podem afetar a demanda e a oferta de produtos av\u00edcolas. A pesquisa normalmente envolve o uso de v\u00e1rios m\u00e9todos, como pesquisas e an\u00e1lise de dados, para citar alguns.<\/p>\n\n\n\n<p>Dados e estrat\u00e9gias na ind\u00fastria do mercado av\u00edcola podem ser usados por empresas e outras partes interessadas para tomar decis\u00f5es informadas sobre desenvolvimento de produtos, marketing, distribui\u00e7\u00e3o e outras estrat\u00e9gias de neg\u00f3cios. A pesquisa de mercado av\u00edcola tamb\u00e9m pode ajudar a identificar novas oportunidades e \u00e1reas de crescimento na ind\u00fastria av\u00edcola.<\/p>\n\n\n\n<h2 class=\"wp-block-heading\">Compreendendo o mercado av\u00edcola<\/h2>\n\n\n\n<p>O mercado av\u00edcola inclui aves domesticadas criadas pela sua carne, ovos ou penas. As esp\u00e9cies de aves mais comumente cultivadas incluem galinhas, perus, patos, gansos e codornas. Essas aves s\u00e3o normalmente criadas em instala\u00e7\u00f5es especializadas ou fazendas onde recebem ra\u00e7\u00e3o, \u00e1gua e abrigo.<\/p>\n\n\n\n<p>Nas pesquisas de mercado av\u00edcola, o foco principal \u00e9 a utiliza\u00e7\u00e3o de aves para produ\u00e7\u00e3o de carne, sendo os frangos a esp\u00e9cie mais popular criada para esse fim. A carne de aves \u00e9 uma fonte significativa de prote\u00edna para pessoas em todo o mundo e \u00e9 consumida de diversas formas, como aves inteiras, partes, carne mo\u00edda e produtos processados, como salsichas e nuggets.<\/p>\n\n\n\n<p>No entanto, a ind\u00fastria av\u00edcola produz uma variedade de produtos finais que s\u00e3o utilizados para diversos fins. Aqui est\u00e3o alguns dos principais produtos finais da ind\u00fastria av\u00edcola:<\/p>\n\n\n\n<h3 class=\"wp-block-heading\">Carne de Aves<\/h3>\n\n\n\n<figure class=\"gb-block-image gb-block-image-4cc87ead\"><img loading=\"lazy\" decoding=\"async\" width=\"1456\" height=\"816\" class=\"gb-image gb-image-4cc87ead\" src=\"https:\/\/www.sisinternational.com\/wp-content\/uploads\/2025\/08\/Poultry-chicken-5.jpg\" alt=\"Pesquisa e Estrat\u00e9gia de Mercado Internacional da SIS\" title=\"Poultry chicken (5)\" srcset=\"https:\/\/www.sisinternational.com\/wp-content\/uploads\/2025\/08\/Poultry-chicken-5.jpg 1456w, https:\/\/www.sisinternational.com\/wp-content\/uploads\/2025\/08\/Poultry-chicken-5-300x168.jpg 300w, https:\/\/www.sisinternational.com\/wp-content\/uploads\/2025\/08\/Poultry-chicken-5-1024x574.jpg 1024w, https:\/\/www.sisinternational.com\/wp-content\/uploads\/2025\/08\/Poultry-chicken-5-768x430.jpg 768w, https:\/\/www.sisinternational.com\/wp-content\/uploads\/2025\/08\/Poultry-chicken-5-18x10.jpg 18w\" sizes=\"auto, (max-width: 1456px) 100vw, 1456px\"><\/figure>\n\n\n\n<p><\/p>\n\n\n\n<p>O principal produto final da ind\u00fastria av\u00edcola \u00e9 a carne, que \u00e9 consumida como fonte de prote\u00edna. As carnes de aves mais comumente produzidas incluem frango, peru, pato e ganso. A carne de aves \u00e9 comercializada em diversas formas, como aves inteiras, partes (pernas, asas e peitos), carne mo\u00edda e produtos processados, como salsichas e nuggets.<\/p>\n\n\n\n<h3 class=\"wp-block-heading\">Ovos<\/h3>\n\n\n\n<p>Outro produto final essencial da ind\u00fastria av\u00edcola s\u00e3o os ovos, que s\u00e3o utilizados em diversos produtos aliment\u00edcios e consumidos puros como fonte de prote\u00edna. Os ovos de galinha s\u00e3o os mais produzidos na ind\u00fastria, mas outras aves, como patos e codornas, tamb\u00e9m s\u00e3o criadas para produzir seus ovos.<\/p>\n\n\n\n<h3 class=\"wp-block-heading\">Penas<\/h3>\n\n\n\n<p>As penas de aves s\u00e3o outro produto final da ind\u00fastria usado para diversos fins, como isolamento, roupas de cama e itens decorativos. As penas tamb\u00e9m podem ser processadas em ra\u00e7\u00e3o animal rica em prote\u00ednas.<\/p>\n\n\n\n<h3 class=\"wp-block-heading\">Estrume<\/h3>\n\n\n\n<p>O esterco de aves \u00e9 um subproduto valioso que pode ser usado como fertilizante na agricultura. O estrume \u00e9 rico em nutrientes que podem ajudar a melhorar a fertilidade do solo e, por sua vez, impactar o rendimento das colheitas.<\/p>\n\n\n\n<h3 class=\"wp-block-heading\">Biog\u00e1s<\/h3>\n\n\n\n<p>Os res\u00edduos de aves podem ser transformados em biog\u00e1s e utilizados como fonte de energia renov\u00e1vel. Um processo chamado digest\u00e3o anaer\u00f3bica \u00e9 usado para produzir biog\u00e1s, no qual microrganismos decomp\u00f5em a mat\u00e9ria org\u00e2nica na aus\u00eancia de oxig\u00eanio.<\/p>\n\n\n\n<h2 class=\"wp-block-heading\">Cobertura da pesquisa de mercado av\u00edcola<\/h2>\n\n\n\n<figure class=\"gb-block-image gb-block-image-30b35eb2\"><img loading=\"lazy\" decoding=\"async\" width=\"1456\" height=\"816\" class=\"gb-image gb-image-30b35eb2\" src=\"https:\/\/www.sisinternational.com\/wp-content\/uploads\/2025\/08\/Poultry-chicken-1.jpg\" alt=\"Pesquisa e Estrat\u00e9gia de Mercado Internacional da SIS\" title=\"Poultry chicken (1)\" srcset=\"https:\/\/www.sisinternational.com\/wp-content\/uploads\/2025\/08\/Poultry-chicken-1.jpg 1456w, https:\/\/www.sisinternational.com\/wp-content\/uploads\/2025\/08\/Poultry-chicken-1-300x168.jpg 300w, https:\/\/www.sisinternational.com\/wp-content\/uploads\/2025\/08\/Poultry-chicken-1-1024x574.jpg 1024w, https:\/\/www.sisinternational.com\/wp-content\/uploads\/2025\/08\/Poultry-chicken-1-768x430.jpg 768w, https:\/\/www.sisinternational.com\/wp-content\/uploads\/2025\/08\/Poultry-chicken-1-18x10.jpg 18w\" sizes=\"auto, (max-width: 1456px) 100vw, 1456px\"><\/figure>\n\n\n\n<p><\/p>\n\n\n\n<p>The collection of data and <a href=\"https:\/\/www.sisinternational.com\/pt\/o-papel-do-desenvolvimento-de-processos-e-sistemas-no-sucesso-organizacional\/\" title=\"Pesquisa de mercado de design organizacional\"  data-wpil-monitor-id=\"8124\">strategies in poultry market<\/a> industry aims to understand consumer preferences and behavior, as well as the attitudes and behavior of industry players. Poultry market research may cover a range of topics, such as the following:<\/p>\n\n\n\n<ul class=\"wp-block-list\">\n<li>avicultura e m\u00e9todos de produ\u00e7\u00e3o<\/li>\n\n\n\n<li>pre\u00e7os de produtos av\u00edcolas e estrat\u00e9gia de pre\u00e7os<\/li>\n\n\n\n<li>diferentes canais de distribui\u00e7\u00e3o e an\u00e1lise da cadeia de abastecimento<\/li>\n\n\n\n<li>influence of labeling and <a href=\"https:\/\/www.sisinternational.com\/pt\/solucoes\/pesquisa-de-bens-de-consumo-embalados\/\" title=\"Pesquisa de bens de consumo embalados\"  data-wpil-monitor-id=\"8125\">packaging on consumer<\/a> percep\u00e7\u00f5es<\/li>\n\n\n\n<li>tamanho do mercado e potencial de crescimento<\/li>\n\n\n\n<li>cen\u00e1rio competitivo dos principais players da ind\u00fastria av\u00edcola<\/li>\n\n\n\n<li>demanda por produtos av\u00edcolas em v\u00e1rios grupos demogr\u00e1ficos<\/li>\n\n\n\n<li>impacto das preocupa\u00e7\u00f5es com a seguran\u00e7a alimentar na demanda do consumidor<\/li>\n<\/ul>\n\n\n\n<h2 class=\"wp-block-heading\">Mercado-alvo para pesquisa de mercado av\u00edcola<\/h2>\n\n\n\n<p>The target <a href=\"https:\/\/www.sisinternational.com\/pt\/pericia\/curriculos-de-experiencia\/pesquisa-de-mercado-de-produtos-de-higiene-pessoal\/\" title=\"Pesquisa de mercado de produtos de cuidados pessoais\"  data-wpil-monitor-id=\"8126\">market for poultry products<\/a> includes a wide range of consumers, such as individuals, families, restaurants, food processors, and retailers.<\/p>\n\n\n\n<p>Here are some key segments of the target <a href=\"https:\/\/www.sisinternational.com\/pt\/solucoes\/consultoria-estrategica\/pesquisa-de-mercado-de-produto-minimo-viavel\/\" title=\"Pesquisa de mercado de produto m\u00ednimo vi\u00e1vel\"  data-wpil-monitor-id=\"8127\">market for poultry products<\/a>:<\/p>\n\n\n\n<h3 class=\"wp-block-heading\">Indiv\u00edduos e fam\u00edlias<\/h3>\n\n\n\n<p>Produtos av\u00edcolas, como frango e peru, s\u00e3o consumidos por pessoas de todas as idades e n\u00edveis de renda. Esses produtos s\u00e3o frequentemente adquiridos por indiv\u00edduos e fam\u00edlias por seu valor nutricional, sabor e conveni\u00eancia.<\/p>\n\n\n\n<h3 class=\"wp-block-heading\">Restaurantes e prestadores de servi\u00e7os de alimenta\u00e7\u00e3o<\/h3>\n\n\n\n<p>Os produtos av\u00edcolas s\u00e3o amplamente utilizados em restaurantes e outras opera\u00e7\u00f5es de servi\u00e7os de alimenta\u00e7\u00e3o, como lanchonetes, empresas de catering e hot\u00e9is. Essas empresas compram produtos av\u00edcolas a granel para uso em itens do card\u00e1pio, como sandu\u00edches, saladas e pratos principais.<\/p>\n\n\n\n<h3 class=\"wp-block-heading\">Processadores e fabricantes de alimentos<\/h3>\n\n\n\n<p>Os produtos av\u00edcolas s\u00e3o um ingrediente crucial em muitos produtos aliment\u00edcios processados, como salsichas, cachorros-quentes e refei\u00e7\u00f5es congeladas. Os processadores e fabricantes de alimentos compram produtos av\u00edcolas em grandes quantidades para uso em seus produtos.<\/p>\n\n\n\n<h3 class=\"wp-block-heading\">Revendedores<\/h3>\n\n\n\n<p>Os produtos av\u00edcolas s\u00e3o vendidos em uma variedade de ambientes de varejo, como supermercados, lojas especializadas e varejistas on-line. Os varejistas t\u00eam como alvo uma ampla gama de consumidores, desde compradores preocupados com o or\u00e7amento at\u00e9 aqueles que est\u00e3o dispostos a pagar mais por produtos av\u00edcolas org\u00e2nicos e de alta qualidade.<\/p>\n\n\n\n<h3 class=\"wp-block-heading\">Mercados internacionais<\/h3>\n\n\n\n<p>Poultry <a href=\"https:\/\/www.sisinternational.com\/pt\/pericia\/industrias\/pesquisa-de-mercado-de-produtos-nasais\/\" title=\"Pesquisa de mercado de produtos nasais\"  data-wpil-monitor-id=\"8128\">products are also exported to global markets<\/a>, where they are consumed by a diverse range of consumers.<\/p>\n\n\n\n<h2 class=\"wp-block-heading\">Benef\u00edcios da pesquisa de mercado av\u00edcola<\/h2>\n\n\n\n<p>A pesquisa de mercado av\u00edcola oferece v\u00e1rios benef\u00edcios \u00e0s empresas e aos principais players da ind\u00fastria av\u00edcola. Aqui est\u00e3o alguns deles:<\/p>\n\n\n\n<ul class=\"wp-block-list\">\n<li>Poultry market research can provide knowledge and understanding on the needs and purchasing behavior of their target consumers. This information can help individuals and businesses to gather data and <a href=\"https:\/\/www.sisinternational.com\/pt\/solucoes\/sis-crescimento-global\/consultoria-estrategica-em-mercados-emergentes\/\" title=\"Consultoria em Estrat\u00e9gia para Mercados Emergentes\"  data-wpil-monitor-id=\"8129\">strategies in poultry market<\/a> industry that can result to higher profitability.<\/li>\n\n\n\n<li>A pesquisa de mercado fornece insights sobre tend\u00eancias de mercado que podem ajudar as empresas a identificar oportunidades futuras, como mudan\u00e7as nas prefer\u00eancias dos consumidores, mudan\u00e7as nos canais de distribui\u00e7\u00e3o e avan\u00e7os na tecnologia. Essas informa\u00e7\u00f5es podem ajudar as empresas a se manterem competitivas e a se adaptarem \u00e0s mudan\u00e7as do mercado.<\/li>\n\n\n\n<li>Businesses can determine the optimal <a href=\"https:\/\/www.sisinternational.com\/pt\/solucoes\/pesquisa-de-consultoria-em-estrategia-fintech\/estrategia-de-precos\/\" title=\"Pesquisa de estrat\u00e9gia de pre\u00e7os\"  data-wpil-monitor-id=\"8130\">pricing and promotion strategies<\/a> for their products. By understanding the pricing sensitivities and promotional preferences of their target consumers, companies can develop pricing and promotion strategies that maximize their revenue and profitability.<\/li>\n<\/ul>\n\n\n\n<h2 class=\"wp-block-heading\">Sobre a pesquisa de mercado av\u00edcola<\/h2>\n\n\n\n<figure class=\"gb-block-image gb-block-image-440e5979\"><img loading=\"lazy\" decoding=\"async\" width=\"1456\" height=\"816\" class=\"gb-image gb-image-440e5979\" src=\"https:\/\/www.sisinternational.com\/wp-content\/uploads\/2025\/08\/Poultry-chicken-6.jpg\" alt=\"Pesquisa e Estrat\u00e9gia de Mercado Internacional da SIS\" title=\"Poultry chicken (6)\" srcset=\"https:\/\/www.sisinternational.com\/wp-content\/uploads\/2025\/08\/Poultry-chicken-6.jpg 1456w, https:\/\/www.sisinternational.com\/wp-content\/uploads\/2025\/08\/Poultry-chicken-6-300x168.jpg 300w, https:\/\/www.sisinternational.com\/wp-content\/uploads\/2025\/08\/Poultry-chicken-6-1024x574.jpg 1024w, https:\/\/www.sisinternational.com\/wp-content\/uploads\/2025\/08\/Poultry-chicken-6-768x430.jpg 768w, https:\/\/www.sisinternational.com\/wp-content\/uploads\/2025\/08\/Poultry-chicken-6-18x10.jpg 18w\" sizes=\"auto, (max-width: 1456px) 100vw, 1456px\"><\/figure>\n\n\n\n<p><\/p>\n\n\n\n<p>The gathered data and <a href=\"https:\/\/www.sisinternational.com\/pt\/estrategia-de-marketing-multicanal-b2b\/\" title=\"Estrat\u00e9gia de Marketing Multicanal B2B\"  data-wpil-monitor-id=\"8131\">strategies in the poultry market<\/a> industry are vital to the success of businesses or key players. As market research provides insights into consumer preferences, market trends, pricing and promotion strategies, product development, and other business aspects, it will enable businesses to create informed decisions that can result in increased sales, profitability, and market share.<\/p>\n\n\n\n<p>With the growing demand for poultry products around the world, businesses that invest in poultry market research are better equipped to capitalize on new opportunities and adapt to changing market conditions. As the poultry industry faces new challenges related to sustainability, animal welfare, and food safety, market research can help businesses stay ahead of these trends and develop <a href=\"https:\/\/www.sisinternational.com\/pt\/saude-inteligente\/\" title=\"Pesquisa de mercado de sa\u00fade inteligente\"  data-wpil-monitor-id=\"7623\">innovative solutions<\/a> that meet the needs of consumers and society as a whole.<\/p>","protected":false},"excerpt":{"rendered":"<p>A pesquisa de mercado av\u00edcola fornece insights sobre o comportamento do consumidor, tend\u00eancias de mercado e outros fatores que afetam a oferta e a demanda av\u00edcola.<\/p>","protected":false},"author":1,"featured_media":64447,"parent":14514,"menu_order":222,"comment_status":"closed","ping_status":"closed","template":"","meta":{"footnotes":""},"class_list":["post-41904","page","type-page","status-publish","has-post-thumbnail"],"_links":{"self":[{"href":"https:\/\/www.sisinternational.com\/pt\/wp-json\/wp\/v2\/pages\/41904","targetHints":{"allow":["GET"]}}],"collection":[{"href":"https:\/\/www.sisinternational.com\/pt\/wp-json\/wp\/v2\/pages"}],"about":[{"href":"https:\/\/www.sisinternational.com\/pt\/wp-json\/wp\/v2\/types\/page"}],"author":[{"embeddable":true,"href":"https:\/\/www.sisinternational.com\/pt\/wp-json\/wp\/v2\/users\/1"}],"replies":[{"embeddable":true,"href":"https:\/\/www.sisinternational.com\/pt\/wp-json\/wp\/v2\/comments?post=41904"}],"version-history":[{"count":5,"href":"https:\/\/www.sisinternational.com\/pt\/wp-json\/wp\/v2\/pages\/41904\/revisions"}],"predecessor-version":[{"id":81368,"href":"https:\/\/www.sisinternational.com\/pt\/wp-json\/wp\/v2\/pages\/41904\/revisions\/81368"}],"up":[{"embeddable":true,"href":"https:\/\/www.sisinternational.com\/pt\/wp-json\/wp\/v2\/pages\/14514"}],"wp:featuredmedia":[{"embeddable":true,"href":"https:\/\/www.sisinternational.com\/pt\/wp-json\/wp\/v2\/media\/64447"}],"wp:attachment":[{"href":"https:\/\/www.sisinternational.com\/pt\/wp-json\/wp\/v2\/media?parent=41904"}],"curies":[{"name":"wp","href":"https:\/\/api.w.org\/{rel}","templated":true}]}}