{"id":41893,"date":"2023-03-18T19:23:11","date_gmt":"2023-03-18T23:23:11","guid":{"rendered":"https:\/\/www.sisinternational.com\/?page_id=41893"},"modified":"2026-01-24T21:12:24","modified_gmt":"2026-01-25T02:12:24","slug":"pesquisa-de-mercado-de-plasticos","status":"publish","type":"page","link":"https:\/\/www.sisinternational.com\/pt\/pericia\/pesquisa-de-mercado-de-plasticos\/","title":{"rendered":"Pesquisa de mercado de pl\u00e1sticos"},"content":{"rendered":"<h1 class=\"wp-block-heading\">Pesquisa de mercado de pl\u00e1sticos<\/h1>\n\n\n\n<figure class=\"gb-block-image gb-block-image-c5f7ee09\"><img loading=\"lazy\" decoding=\"async\" width=\"1456\" height=\"816\" class=\"gb-image gb-image-c5f7ee09\" src=\"https:\/\/www.sisinternational.com\/wp-content\/uploads\/2025\/08\/Plastics-4.jpg\" alt=\"Pesquisa e Estrat\u00e9gia de Mercado Internacional da SIS\" title=\"Plastics (4)\" srcset=\"https:\/\/www.sisinternational.com\/wp-content\/uploads\/2025\/08\/Plastics-4.jpg 1456w, https:\/\/www.sisinternational.com\/wp-content\/uploads\/2025\/08\/Plastics-4-300x168.jpg 300w, https:\/\/www.sisinternational.com\/wp-content\/uploads\/2025\/08\/Plastics-4-1024x574.jpg 1024w, https:\/\/www.sisinternational.com\/wp-content\/uploads\/2025\/08\/Plastics-4-768x430.jpg 768w, https:\/\/www.sisinternational.com\/wp-content\/uploads\/2025\/08\/Plastics-4-18x10.jpg 18w\" sizes=\"auto, (max-width: 1456px) 100vw, 1456px\"><\/figure>\n\n\n\n<p><\/p>\n\n\n\n<p>Os pl\u00e1sticos s\u00e3o um grupo de materiais sint\u00e9ticos ou semissint\u00e9ticos feitos de pol\u00edmeros. Os pol\u00edmeros s\u00e3o mol\u00e9culas grandes compostas de unidades repetidas chamadas mon\u00f4meros. Os fabricantes de pl\u00e1stico podem moldar e moldar seus produtos em v\u00e1rios formatos. Portanto, eles s\u00e3o \u00fateis em muitas aplica\u00e7\u00f5es diferentes.<\/p>\n\n\n\n<p>The majority of plastics come from petrochemicals such as <a href=\"https:\/\/www.sisinternational.com\/pt\/pericia\/industrias\/pesquisa-de-mercado-de-petroleo-e-gas\/\" title=\"Pesquisa de mercado de petr\u00f3leo e g\u00e1s\"  data-wpil-monitor-id=\"9876\">oil and natural gas<\/a>. Some are also made from renewable sources like cornstarch or sugarcane. We can classify plastics into two main categories: thermoplastics and thermosetting plastics.<\/p>\n\n\n\n<p>Podemos derreter e remodelar termopl\u00e1sticos v\u00e1rias vezes quando aquecidos. Em contraste, os pl\u00e1sticos termoendurec\u00edveis tornam-se r\u00edgidos depois de formados. N\u00e3o podemos remodel\u00e1-los depois disso.<\/p>\n\n\n\n<p>Alguns tipos comuns de pl\u00e1sticos incluem polietileno, polipropileno e cloreto de polivinila (PVC). Poliestireno e tereftalato de polietileno (PET) s\u00e3o dois outros tipos populares de pl\u00e1sticos.<\/p>\n\n\n\n<p>Os pl\u00e1sticos t\u00eam muitas propriedades valiosas. Por exemplo, s\u00e3o leves, dur\u00e1veis e resistentes \u00e0 umidade e produtos qu\u00edmicos. Mas tamb\u00e9m t\u00eam impactos negativos no meio ambiente. Contribuem para a polui\u00e7\u00e3o, o lixo e a acumula\u00e7\u00e3o de micropl\u00e1sticos nos ecossistemas.<\/p>\n\n\n\n<h2 class=\"wp-block-heading\">Por que os pl\u00e1sticos s\u00e3o importantes?<\/h2>\n\n\n\n<p>Os pl\u00e1sticos s\u00e3o importantes por v\u00e1rios motivos. Para come\u00e7ar, s\u00e3o materiais vers\u00e1teis. Podemos mold\u00e1-los e mold\u00e1-los em uma ampla gama de produtos. N\u00f3s os utilizamos em diversos setores, como embalagens e constru\u00e7\u00e3o. Eles tamb\u00e9m s\u00e3o valiosos para os setores automotivo, de sa\u00fade e eletr\u00f4nico.<\/p>\n\n\n\n<p>Os pl\u00e1sticos s\u00e3o materiais dur\u00e1veis que podem resistir ao desgaste. Assim, s\u00e3o ideais para produtos de longa dura\u00e7\u00e3o como cachimbos, brinquedos e m\u00f3veis. Os pl\u00e1sticos tamb\u00e9m s\u00e3o mais baratos que outros materiais, como metal e vidro. Assim, s\u00e3o uma op\u00e7\u00e3o atrativa para fabricantes e consumidores.<\/p>\n\n\n\n<p>Os pl\u00e1sticos s\u00e3o leves, o que reduz os custos de transporte e o consumo de energia durante o transporte. Os pl\u00e1sticos tamb\u00e9m s\u00e3o \u00fateis na preserva\u00e7\u00e3o de recursos, uma vez que podem ser feitos de materiais reciclados. Eles tamb\u00e9m podem ajudar a reduzir o desperd\u00edcio de alimentos, prolongando a vida \u00fatil dos produtos.<\/p>\n\n\n\n<p>\u00c9 f\u00e1cil ver que os pl\u00e1sticos t\u00eam muitos benef\u00edcios. Por\u00e9m, seu descarte inadequado tamb\u00e9m pode impactar negativamente o meio ambiente. Por exemplo, pode causar polui\u00e7\u00e3o, lixo e danos \u00e0 vida selvagem. Assim, ser respons\u00e1vel na gest\u00e3o do uso e descarte do pl\u00e1stico \u00e9 essencial. O uso e descarte adequados reduzir\u00e3o seus impactos negativos no meio ambiente.<\/p>\n\n\n\n<h2 class=\"wp-block-heading\">Principais cargos<\/h2>\n\n\n\n<p>Existem v\u00e1rios cargos importantes na ind\u00fastria de pl\u00e1sticos, incluindo:<\/p>\n\n\n\n<ol class=\"wp-block-list\">\n<li><strong>Cientista\/Qu\u00edmico de Pol\u00edmeros:<\/strong> desenvolve novos materiais polim\u00e9ricos e melhora os existentes.<\/li>\n\n\n\n<li><strong>Engenheiro de Processo:<\/strong> projeta, desenvolve e otimiza os processos usados para produzir produtos pl\u00e1sticos.<\/li>\n\n\n\n<li><strong>Gerente de controle de qualidade:<\/strong> Garante que os produtos pl\u00e1sticos atendam aos padr\u00f5es e regulamentos de qualidade.<\/li>\n\n\n\n<li><strong>Engenheiro de Ferramentas:<\/strong> projeta e constr\u00f3i moldes e matrizes utilizados em processos de fabrica\u00e7\u00e3o de pl\u00e1sticos.<\/li>\n\n\n\n<li><strong>Gerente de Produ\u00e7\u00e3o:<\/strong> supervisiona todo o processo de produ\u00e7\u00e3o, desde a mat\u00e9ria-prima at\u00e9 o produto acabado.<\/li>\n\n\n\n<li><strong>Sales and <\/strong><a href=\"https:\/\/www.sisinternational.com\/pt\/solucoes\/pesquisa-de-consultoria-em-estrategia-fintech\/consultoria-em-estrategia-de-pesquisa-de-mercado-em-gestao-de-mudancas-em-servicos-financeiros\/\" title=\"Pesquisa de mercado e consultoria estrat\u00e9gica em gest\u00e3o de mudan\u00e7as em servi\u00e7os financeiros\"  data-wpil-monitor-id=\"9870\">Marketing Manager: develops and implements strategies<\/a> to sell plastic products. The Sales and <a href=\"https:\/\/www.sisinternational.com\/pt\/publicidade-de-choque-e-marketing-de-choque\/\" title=\"Publicidade de choque e marketing de choque\"  data-wpil-monitor-id=\"9869\">Marketing Manager also builds brand<\/a> awareness.<\/li>\n\n\n\n<li><strong>Engenheiro ambiental:<\/strong> projeta e implementa processos para gerenciar o impacto ambiental. Eles promovem a fabrica\u00e7\u00e3o e o descarte de pl\u00e1stico verde.<\/li>\n\n\n\n<li><strong>Engenheiro de Projeto:<\/strong> usa software de design auxiliado por computador (CAD) para desenvolver novos produtos pl\u00e1sticos.<\/li>\n\n\n\n<li><strong>Operador de m\u00e1quinas:<\/strong> opera e mant\u00e9m as m\u00e1quinas utilizadas nos processos de fabrica\u00e7\u00e3o de pl\u00e1sticos.<\/li>\n\n\n\n<li><strong>Gerente de pesquisa e Desenvolvimento:<\/strong> <a href=\"https:\/\/www.sisinternational.com\/pt\/pesquisa-de-mercado-de-geracao-de-leads-b2b\/\" title=\"Pesquisa de mercado de gera\u00e7\u00e3o de leads B2B\"  data-wpil-monitor-id=\"9873\">leads<\/a> research efforts to develop new plastic materials. They also help come up with technologies and products.<\/li>\n<\/ol>\n\n\n\n<h2 class=\"wp-block-heading\">Por que as empresas precisam de pl\u00e1sticos<\/h2>\n\n\n\n<p>As empresas precisam de pl\u00e1sticos por v\u00e1rios motivos. Como mencionamos anteriormente, eles s\u00e3o econ\u00f4micos. Os pl\u00e1sticos s\u00e3o geralmente mais baratos que o metal, o vidro ou a madeira. Assim, s\u00e3o uma op\u00e7\u00e3o atrativa para empresas que buscam redu\u00e7\u00e3o de custos.<\/p>\n\n\n\n<p>Os pl\u00e1sticos s\u00e3o f\u00e1ceis de limpar e desinfetar. Portanto, este material \u00e9 ideal para aplica\u00e7\u00f5es que exigem elevados n\u00edveis de higiene. Eles s\u00e3o comumente usados para equipamentos m\u00e9dicos e embalagens de alimentos.<\/p>\n\n\n\n<p>A ind\u00fastria desenvolveu novos materiais e tecnologias pl\u00e1sticas. Essas inova\u00e7\u00f5es levaram \u00e0 cria\u00e7\u00e3o de novos produtos e iniciativas. Exemplos s\u00e3o impress\u00e3o 3D e pl\u00e1sticos biodegrad\u00e1veis.<\/p>\n\n\n\n<p>Os pl\u00e1sticos fornecem \u00e0s empresas um material econ\u00f4mico, vers\u00e1til e dur\u00e1vel. Eles podem ser usados em uma ampla gama de aplica\u00e7\u00f5es.<\/p>\n\n\n\n<h2 class=\"wp-block-heading\">Principais fatores de sucesso<\/h2>\n\n\n\n<p>The main critical success factor in the plastics industry is innovation. The ability to develop new plastic materials and technologies is crucial for success. Companies that invest in research and <a href=\"https:\/\/www.sisinternational.com\/pt\/desenvolver-uma-vantagem-competitiva-sustentavel\/\" title=\"Desenvolvendo uma vantagem competitiva sustent\u00e1vel\"  data-wpil-monitor-id=\"9871\">development have a competitive advantage<\/a>. Why? Because they can bring innovative <a href=\"https:\/\/www.sisinternational.com\/pt\/pericia\/curriculos-de-experiencia\/pesquisa-de-mercado-de-produtos-de-higiene-pessoal\/\" title=\"Pesquisa de mercado de produtos de cuidados pessoais\"  data-wpil-monitor-id=\"9874\">products to market<\/a>.<\/p>\n\n\n\n<p>A qualidade tamb\u00e9m \u00e9 cr\u00edtica na ind\u00fastria de pl\u00e1sticos. As empresas devem produzir produtos de alta qualidade que atendam aos requisitos dos clientes e aos padr\u00f5es regulat\u00f3rios. Essas empresas t\u00eam mais chances de sucesso.<\/p>\n\n\n\n<p>Firms must be able to produce plastic products at a lower cost than competitors. That is important for success. Companies that have efficient manufacturing processes can achieve cost savings. So can <a href=\"https:\/\/www.sisinternational.com\/pt\/solucoes\/legal-market-research\/law-firm-technology-integration\/\" title=\"Law Firm Technology Integration\u00a0\u00a0\u00a0\"  data-wpil-monitor-id=\"9875\">firms that use automation and technology<\/a> and optimize their supply chain.<\/p>\n\n\n\n<p>As empresas devem compreender e atender \u00e0s necessidades e prefer\u00eancias dos clientes. Essas empresas t\u00eam maior probabilidade de sucesso. Assim, eles devem projetar e produzir produtos que atendam aos requisitos do cliente. Eles tamb\u00e9m precisam fornecer um excelente atendimento ao cliente. A chave \u00e9 construir relacionamentos fortes com os clientes.<\/p>\n\n\n\n<p>A sustentabilidade est\u00e1 se tornando cada vez mais importante na ind\u00fastria de pl\u00e1sticos. As empresas precisam adotar pr\u00e1ticas sustent\u00e1veis. As empresas que utilizam materiais reciclados e reduzem o desperd\u00edcio t\u00eam maior probabilidade de sucesso a longo prazo.<\/p>\n\n\n\n<p>A ind\u00fastria de pl\u00e1sticos requer uma for\u00e7a de trabalho qualificada com experi\u00eancia em ci\u00eancia dos materiais. Tamb\u00e9m precisa de especialistas em engenharia, design e fabrica\u00e7\u00e3o. As empresas devem investir nos seus colaboradores e proporcionar oportunidades de forma\u00e7\u00e3o e desenvolvimento. Essas empresas t\u00eam maior probabilidade de atrair e reter trabalhadores qualificados.<\/p>\n\n\n\n<p>A ind\u00fastria de pl\u00e1sticos est\u00e1 sujeita a diversas regulamenta\u00e7\u00f5es. Deve seguir aquelas relacionadas \u00e0 seguran\u00e7a dos produtos, prote\u00e7\u00e3o ambiental e gest\u00e3o de res\u00edduos. As empresas que seguem as leis aplic\u00e1veis e gerenciam os riscos t\u00eam maior probabilidade de sucesso.<\/p>\n\n\n\n<h2 class=\"wp-block-heading\">Sobre a pesquisa de mercado de pl\u00e1sticos<\/h2>\n\n\n\n<p>SIS International can conduct your <a class=\"wpil_keyword_link\" href=\"https:\/\/www.sisinternational.com\/pt\/tools-and-resources-for-qualitative-market-research\/\"   title=\"Tools and Resources for Qualitative Market Research\" data-wpil-keyword-link=\"linked\"  data-wpil-monitor-id=\"708\">Pesquisa qualitativa de mercado<\/a>. We can help you determine if investing in Plastics is right for you. Our <a href=\"https:\/\/www.sisinternational.com\/pt\/solucoes\/pesquisa-de-mercado-em-grupo-focal\/\" title=\"Pesquisa de mercado com grupo focal\"  data-wpil-monitor-id=\"9872\">research includes organizing Focus Groups<\/a>, Surveys, and Interviews. As part of your Qualitative research, you can also receive a Competitive Analysis. We can help you to come up with your Go to Market Strategy. We help you break into new <a href=\"https:\/\/www.sisinternational.com\/pt\/pericia\/industrias\/pesquisa-de-mercado-de-web-scraping\/\" title=\"Pesquisa de mercado de raspagem na Web\"  data-wpil-monitor-id=\"3238\">markets with Market Entry Research<\/a> and Market Sizing Research. SIS also offers UX Market Research and Strategy Market Research. Contact us today for a consultation.<\/p>","protected":false},"excerpt":{"rendered":"<p>Os pl\u00e1sticos moldam e d\u00e3o forma a muitos produtos. N\u00f3s os usamos nas ind\u00fastrias de embalagens, constru\u00e7\u00e3o, automotiva, de sa\u00fade e eletr\u00f4nica.<\/p>","protected":false},"author":1,"featured_media":64328,"parent":14514,"menu_order":220,"comment_status":"closed","ping_status":"closed","template":"","meta":{"footnotes":""},"class_list":["post-41893","page","type-page","status-publish","has-post-thumbnail"],"_links":{"self":[{"href":"https:\/\/www.sisinternational.com\/pt\/wp-json\/wp\/v2\/pages\/41893","targetHints":{"allow":["GET"]}}],"collection":[{"href":"https:\/\/www.sisinternational.com\/pt\/wp-json\/wp\/v2\/pages"}],"about":[{"href":"https:\/\/www.sisinternational.com\/pt\/wp-json\/wp\/v2\/types\/page"}],"author":[{"embeddable":true,"href":"https:\/\/www.sisinternational.com\/pt\/wp-json\/wp\/v2\/users\/1"}],"replies":[{"embeddable":true,"href":"https:\/\/www.sisinternational.com\/pt\/wp-json\/wp\/v2\/comments?post=41893"}],"version-history":[{"count":7,"href":"https:\/\/www.sisinternational.com\/pt\/wp-json\/wp\/v2\/pages\/41893\/revisions"}],"predecessor-version":[{"id":81639,"href":"https:\/\/www.sisinternational.com\/pt\/wp-json\/wp\/v2\/pages\/41893\/revisions\/81639"}],"up":[{"embeddable":true,"href":"https:\/\/www.sisinternational.com\/pt\/wp-json\/wp\/v2\/pages\/14514"}],"wp:featuredmedia":[{"embeddable":true,"href":"https:\/\/www.sisinternational.com\/pt\/wp-json\/wp\/v2\/media\/64328"}],"wp:attachment":[{"href":"https:\/\/www.sisinternational.com\/pt\/wp-json\/wp\/v2\/media?parent=41893"}],"curies":[{"name":"wp","href":"https:\/\/api.w.org\/{rel}","templated":true}]}}