{"id":41885,"date":"2023-03-18T18:37:37","date_gmt":"2023-03-18T22:37:37","guid":{"rendered":"https:\/\/www.sisinternational.com\/?page_id=41885"},"modified":"2026-01-24T21:18:04","modified_gmt":"2026-01-25T02:18:04","slug":"pesquisa-de-mercado-de-medicamentos-orfaos","status":"publish","type":"page","link":"https:\/\/www.sisinternational.com\/pt\/pericia\/pesquisa-de-mercado-de-medicamentos-orfaos\/","title":{"rendered":"Pesquisa de mercado de medicamentos \u00f3rf\u00e3os"},"content":{"rendered":"<h1 class=\"wp-block-heading\">Pesquisa de mercado de medicamentos \u00f3rf\u00e3os<\/h1>\n\n\n\n<figure class=\"gb-block-image gb-block-image-e7ba8c3f\"><img loading=\"lazy\" decoding=\"async\" width=\"1456\" height=\"816\" class=\"gb-image gb-image-e7ba8c3f\" src=\"https:\/\/www.sisinternational.com\/wp-content\/uploads\/2025\/08\/Nutritional-supplement-8.jpg\" alt=\"Pesquisa e Estrat\u00e9gia de Mercado Internacional da SIS\" title=\"Nutritional supplement (8)\" srcset=\"https:\/\/www.sisinternational.com\/wp-content\/uploads\/2025\/08\/Nutritional-supplement-8.jpg 1456w, https:\/\/www.sisinternational.com\/wp-content\/uploads\/2025\/08\/Nutritional-supplement-8-300x168.jpg 300w, https:\/\/www.sisinternational.com\/wp-content\/uploads\/2025\/08\/Nutritional-supplement-8-1024x574.jpg 1024w, https:\/\/www.sisinternational.com\/wp-content\/uploads\/2025\/08\/Nutritional-supplement-8-768x430.jpg 768w, https:\/\/www.sisinternational.com\/wp-content\/uploads\/2025\/08\/Nutritional-supplement-8-18x10.jpg 18w\" sizes=\"auto, (max-width: 1456px) 100vw, 1456px\"><\/figure>\n\n\n\n<p><\/p>\n\n\n\n<h2 class=\"wp-block-heading\">O que \u00e9 um medicamento \u00f3rf\u00e3o?<\/h2>\n\n\n\n<p>Os medicamentos \u00f3rf\u00e3os diagnosticam, previnem e tratam doen\u00e7as \u00f3rf\u00e3s. Uma doen\u00e7a \u00f3rf\u00e3 \u00e9 uma doen\u00e7a ou condi\u00e7\u00e3o rara. Tal doen\u00e7a afeta menos de 200.000 pessoas nos Estados Unidos. As doen\u00e7as \u00f3rf\u00e3s s\u00e3o frequentemente graves ou mortais. Na verdade, o governo dos EUA aprovou uma lei chamada Lei dos Medicamentos \u00d3rf\u00e3os em 1983. Esta lei promove a produ\u00e7\u00e3o de medicamentos \u00f3rf\u00e3os seguros e eficazes. D\u00e1 \u00e0s empresas farmac\u00eauticas certos benef\u00edcios financeiros pelo seu trabalho nestes medicamentos.<\/p>\n\n\n\n<p>A FDA prioriza a pesquisa de doen\u00e7as raras. Assim, apoia a investiga\u00e7\u00e3o e o desenvolvimento de novos tratamentos para doen\u00e7as raras. Outro ponto fundamental \u00e9 que ter o estatuto de Medicamento \u00d3rf\u00e3o qualifica os patrocinadores para incentivos, incluindo:<\/p>\n\n\n\n<ul class=\"wp-block-list\">\n<li>Isen\u00e7\u00e3o de taxas de utiliza\u00e7\u00e3o<\/li>\n\n\n\n<li>Cr\u00e9ditos fiscais para ensaios cl\u00ednicos qualificados<\/li>\n\n\n\n<li>Potenciais sete anos de direitos exclusivos de mercado ap\u00f3s aprova\u00e7\u00e3o<\/li>\n<\/ul>\n\n\n\n<h2 class=\"wp-block-heading\">Por que os medicamentos \u00f3rf\u00e3os s\u00e3o importantes?<\/h2>\n\n\n\n<p>Um estudo recente do MIT observou que as doen\u00e7as raras n\u00e3o s\u00e3o t\u00e3o raras. Estas doen\u00e7as afectam um total de cerca de 25 a 30 milh\u00f5es de americanos. Mais da metade das pessoas afetadas s\u00e3o crian\u00e7as. Muitas destas doen\u00e7as ou condi\u00e7\u00f5es s\u00e3o mortais ou limitam a vida. Os pacientes, bem como os cuidadores deste grupo, enfrentam muitos desafios. A falta de conhecimento sobre sua condi\u00e7\u00e3o, mesmo por parte dos m\u00e9dicos, \u00e9 um dos maiores obst\u00e1culos.<\/p>\n\n\n\n<p>A maioria dos pacientes com uma doen\u00e7a rara nunca conhecer\u00e1 algu\u00e9m com a mesma condi\u00e7\u00e3o. Assim, eles e suas fam\u00edlias devem enfrentar a situa\u00e7\u00e3o sozinhos. Esse isolamento pode ser estressante para os pacientes. Pacientes com doen\u00e7as raras n\u00e3o podem ficar \u00e0 margem. A ci\u00eancia e a medicina fizeram grandes avan\u00e7os no \u00faltimo s\u00e9culo. \u00c9 hora de esses pacientes receberem uma parte do bolo. Eles t\u00eam os mesmos direitos ao tratamento que qualquer outro paciente.<\/p>\n\n\n\n<h2 class=\"wp-block-heading\">Por que as empresas precisam investir em pesquisas de mercado de medicamentos \u00f3rf\u00e3os<\/h2>\n\n\n\n<figure class=\"gb-block-image gb-block-image-0303615c\"><img loading=\"lazy\" decoding=\"async\" width=\"1456\" height=\"816\" class=\"gb-image gb-image-0303615c\" src=\"https:\/\/www.sisinternational.com\/wp-content\/uploads\/2025\/08\/Nutritional-supplement-6.jpg\" alt=\"Pesquisa e Estrat\u00e9gia de Mercado Internacional da SIS\" title=\"Nutritional supplement (6)\" srcset=\"https:\/\/www.sisinternational.com\/wp-content\/uploads\/2025\/08\/Nutritional-supplement-6.jpg 1456w, https:\/\/www.sisinternational.com\/wp-content\/uploads\/2025\/08\/Nutritional-supplement-6-300x168.jpg 300w, https:\/\/www.sisinternational.com\/wp-content\/uploads\/2025\/08\/Nutritional-supplement-6-1024x574.jpg 1024w, https:\/\/www.sisinternational.com\/wp-content\/uploads\/2025\/08\/Nutritional-supplement-6-768x430.jpg 768w, https:\/\/www.sisinternational.com\/wp-content\/uploads\/2025\/08\/Nutritional-supplement-6-18x10.jpg 18w\" sizes=\"auto, (max-width: 1456px) 100vw, 1456px\"><\/figure>\n\n\n\n<p>O futuro est\u00e1 aberto ao investimento em projectos de medicamentos \u00f3rf\u00e3os. Os medicamentos s\u00f3 est\u00e3o dispon\u00edveis para cerca de 5% das doen\u00e7as raras. Os benef\u00edcios de investir em medicamentos \u00f3rf\u00e3os s\u00e3o m\u00faltiplos. A concorr\u00eancia \u00e9 quase inexistente. Outro benef\u00edcio s\u00e3o os longos per\u00edodos de prote\u00e7\u00e3o de patentes. A FDA concede a esses medicamentos sete anos de direitos exclusivos a partir da data de aprova\u00e7\u00e3o.<\/p>\n\n\n\n<p>Os medicamentos \u00f3rf\u00e3os tornaram-se lucrativos. Centenas de novos tratamentos para doen\u00e7as raras entraram no mercado nos \u00faltimos tempos. Os medicamentos \u00f3rf\u00e3os t\u00eam frequentemente pre\u00e7os muito elevados. Por que? Devido \u00e0 sua natureza rara e falta de concorr\u00eancia. Outro fator cr\u00edtico a considerar \u00e9 o tempo de aprova\u00e7\u00e3o, que \u00e9 mais r\u00e1pido. A aprova\u00e7\u00e3o r\u00e1pida \u00e9 uma enorme vantagem para obter o estatuto de Medicamento \u00d3rf\u00e3o. As empresas est\u00e3o trabalhando com a FDA para levar esses tratamentos que mudam vidas a milh\u00f5es de pessoas.<\/p>\n\n\n\n<h2 class=\"wp-block-heading\">Principais cargos<\/h2>\n\n\n\n<ul class=\"wp-block-list\">\n<li><strong>Assistente de Pesquisa de Medicamentos \u00d3rf\u00e3os:<\/strong> Essa pessoa processa documentos regulat\u00f3rios e atua como assessor de pesquisadores<\/li>\n\n\n\n<li><strong>Especialista em Apoio ao Paciente:<\/strong> fornece aos pacientes e cuidadores informa\u00e7\u00f5es sobre op\u00e7\u00f5es de tratamento<\/li>\n\n\n\n<li><strong>Gerente de Ensaios Cl\u00ednicos:<\/strong> Essa pessoa realiza e gerencia estudos cl\u00ednicos. Al\u00e9m disso, impulsionam o processo de desenvolvimento de medicamentos para tratar pessoas com doen\u00e7as raras.<\/li>\n<\/ul>\n\n\n\n<h2 class=\"wp-block-heading\">Principais fatores de sucesso<\/h2>\n\n\n\n<p>O desenvolvimento de medicamentos no \u00e2mbito das doen\u00e7as raras pode ser bem-sucedido quando abordado corretamente. Os grandes players do setor devem unir for\u00e7as para que isso aconte\u00e7a. Eles podem ent\u00e3o aproveitar o poder dos dados para ajudar a impulsionar poss\u00edveis op\u00e7\u00f5es de tratamento. A McKinsey identificou quatro pilares estrat\u00e9gicos para lan\u00e7amentos bem-sucedidos de medicamentos \u00f3rf\u00e3os:<\/p>\n\n\n\n<ol class=\"wp-block-list\">\n<li>Um compromisso com a comunidade das doen\u00e7as raras<\/li>\n\n\n\n<li>Uso de m\u00e9todos de \u00faltima gera\u00e7\u00e3o para identificar pacientes<\/li>\n\n\n\n<li>Uso de uma abordagem t\u00e1tica para acesso do paciente<\/li>\n\n\n\n<li>Amplo suporte para pacientes e cuidadores dentro do sistema de sa\u00fade.<\/li>\n<\/ol>\n\n\n\n<h2 class=\"wp-block-heading\">Sobre a pesquisa de mercado de medicamentos \u00f3rf\u00e3os<\/h2>\n\n\n\n<p>A Pesquisa de Mercado de Medicamentos \u00d3rf\u00e3os exige Pesquisa de Mercado Qualitativa. As empresas farmac\u00eauticas devem descobrir as necessidades dos pacientes. Eles tamb\u00e9m precisam gerar ideias para melhorar os produtos e expandir os existentes. Estas empresas devem esclarecer ainda mais o mix de marketing. Eles tamb\u00e9m devem compreender como o medicamento se ajustar\u00e1 ao estilo de vida dos clientes. Os medicamentos \u00f3rf\u00e3os tamb\u00e9m exigem<\/p>\n\n\n\n<p><a class=\"wpil_keyword_link\" href=\"https:\/\/www.sisinternational.com\/pt\/solucoes\/solucoes-de-pesquisa-quantitativa-qualitativa\/\"   title=\"Solu\u00e7\u00f5es de pesquisa qualitativa e quantitativa\" data-wpil-keyword-link=\"linked\"  data-wpil-monitor-id=\"711\">Pesquisa Quantitativa de Mercado<\/a>. The most popular Quantitative method is Surveys. One-on-one Interviews are another popular method. You can use them to gauge the need for Orphan Drugs.<\/p>\n\n\n\n<p>SIS Internacional <a href=\"https:\/\/www.sisinternational.com\/pt\/cobertura\/as-americas\/pesquisa-de-mercado-no-caribe\/pesquisa-de-mercado-montserrat\/\" title=\"Pesquisa de mercado em Montserrat\"  data-wpil-monitor-id=\"3248\">Research serves the Orphan Drug market<\/a>. We provide Quantitative and Qualitative Market Research. We also offer UX Market Research and Competitive Analysis. Furthermore, we can work out your Go to Market Strategy with you. Another service provided by SIS is <a href=\"https:\/\/www.sisinternational.com\/pt\/cobertura\/as-americas\/pesquisa-de-mercado-na-america-latina\/pesquisa-de-mercado-rio-de-janeiro\/\" title=\"Pesquisa de Mercado no Rio de Janeiro\"  data-wpil-monitor-id=\"3275\">Pesquisa de entrada no mercado<\/a>. We also do Strategy Market Research and Market Sizing Research. We can also offer Focus Groups to aid in your <a href=\"https:\/\/www.sisinternational.com\/pt\/cobertura\/pesquisa-de-mercado-asia\/pesquisa-de-mercado-em-krong-siem-reap\/\" title=\"Pesquisa de mercado em Krong Siem Reap\"  data-wpil-monitor-id=\"3304\">Pesquisa de entrada no mercado<\/a>.<\/p>","protected":false},"excerpt":{"rendered":"<p>A Pesquisa de Mercado de Medicamentos \u00d3rf\u00e3os ajuda as empresas farmac\u00eauticas a descobrir as necessidades dos pacientes e a gerar ideias para melhorar os produtos e expandir os existentes.<\/p>","protected":false},"author":1,"featured_media":64093,"parent":14514,"menu_order":218,"comment_status":"closed","ping_status":"closed","template":"","meta":{"footnotes":""},"class_list":["post-41885","page","type-page","status-publish","has-post-thumbnail"],"_links":{"self":[{"href":"https:\/\/www.sisinternational.com\/pt\/wp-json\/wp\/v2\/pages\/41885","targetHints":{"allow":["GET"]}}],"collection":[{"href":"https:\/\/www.sisinternational.com\/pt\/wp-json\/wp\/v2\/pages"}],"about":[{"href":"https:\/\/www.sisinternational.com\/pt\/wp-json\/wp\/v2\/types\/page"}],"author":[{"embeddable":true,"href":"https:\/\/www.sisinternational.com\/pt\/wp-json\/wp\/v2\/users\/1"}],"replies":[{"embeddable":true,"href":"https:\/\/www.sisinternational.com\/pt\/wp-json\/wp\/v2\/comments?post=41885"}],"version-history":[{"count":7,"href":"https:\/\/www.sisinternational.com\/pt\/wp-json\/wp\/v2\/pages\/41885\/revisions"}],"predecessor-version":[{"id":77565,"href":"https:\/\/www.sisinternational.com\/pt\/wp-json\/wp\/v2\/pages\/41885\/revisions\/77565"}],"up":[{"embeddable":true,"href":"https:\/\/www.sisinternational.com\/pt\/wp-json\/wp\/v2\/pages\/14514"}],"wp:featuredmedia":[{"embeddable":true,"href":"https:\/\/www.sisinternational.com\/pt\/wp-json\/wp\/v2\/media\/64093"}],"wp:attachment":[{"href":"https:\/\/www.sisinternational.com\/pt\/wp-json\/wp\/v2\/media?parent=41885"}],"curies":[{"name":"wp","href":"https:\/\/api.w.org\/{rel}","templated":true}]}}