{"id":41882,"date":"2023-03-18T18:21:14","date_gmt":"2023-03-18T22:21:14","guid":{"rendered":"https:\/\/www.sisinternational.com\/?page_id=41882"},"modified":"2026-01-24T18:41:17","modified_gmt":"2026-01-24T23:41:17","slug":"pesquisa-de-mercado-de-produtos-quimicos-organicos","status":"publish","type":"page","link":"https:\/\/www.sisinternational.com\/pt\/pericia\/pesquisa-de-mercado-de-produtos-quimicos-organicos\/","title":{"rendered":"Pesquisa de mercado de produtos qu\u00edmicos org\u00e2nicos"},"content":{"rendered":"<h1 class=\"wp-block-heading\">Pesquisa de mercado de produtos qu\u00edmicos org\u00e2nicos<\/h1>\n\n\n\n<figure class=\"gb-block-image gb-block-image-7463948d\"><img loading=\"lazy\" decoding=\"async\" width=\"1456\" height=\"816\" class=\"gb-image gb-image-7463948d\" src=\"https:\/\/www.sisinternational.com\/wp-content\/uploads\/2025\/09\/Chemicals-1-1.jpg\" alt=\"Pesquisa e Estrat\u00e9gia de Mercado Internacional da SIS\" title=\"Chemicals (1)\" srcset=\"https:\/\/www.sisinternational.com\/wp-content\/uploads\/2025\/09\/Chemicals-1-1.jpg 1456w, https:\/\/www.sisinternational.com\/wp-content\/uploads\/2025\/09\/Chemicals-1-1-300x168.jpg 300w, https:\/\/www.sisinternational.com\/wp-content\/uploads\/2025\/09\/Chemicals-1-1-1024x574.jpg 1024w, https:\/\/www.sisinternational.com\/wp-content\/uploads\/2025\/09\/Chemicals-1-1-768x430.jpg 768w, https:\/\/www.sisinternational.com\/wp-content\/uploads\/2025\/09\/Chemicals-1-1-18x10.jpg 18w\" sizes=\"auto, (max-width: 1456px) 100vw, 1456px\"><\/figure>\n\n\n\n<p><\/p>\n\n\n\n<p>Produtos qu\u00edmicos org\u00e2nicos s\u00e3o mol\u00e9culas compostas de \u00e1tomos de carbono. Eles cont\u00eam hidrog\u00eanio, oxig\u00eanio, nitrog\u00eanio, enxofre e outros \u00e1tomos de carbono. Eles tamb\u00e9m s\u00e3o chamados de compostos org\u00e2nicos e constituem a base de todos os organismos vivos da Terra.<\/p>\n\n\n\n<p>Voc\u00ea pode encontrar produtos qu\u00edmicos org\u00e2nicos na natureza, como plantas e animais. Os cientistas tamb\u00e9m podem produzir produtos qu\u00edmicos org\u00e2nicos sint\u00e9ticos em laborat\u00f3rios. Exemplos de produtos qu\u00edmicos org\u00e2nicos naturais incluem a\u00e7\u00facares, gorduras, prote\u00ednas e DNA. Os produtos qu\u00edmicos org\u00e2nicos sint\u00e9ticos incluem pl\u00e1sticos, pesticidas, produtos farmac\u00eauticos e muitos outros produtos.<\/p>\n\n\n\n<p>Usamos produtos qu\u00edmicos org\u00e2nicos na ind\u00fastria, na agricultura e na vida cotidiana. Eles t\u00eam diversas propriedades e aplica\u00e7\u00f5es. Por\u00e9m, alguns produtos qu\u00edmicos org\u00e2nicos podem prejudicar a sa\u00fade humana e o meio ambiente. Por exemplo, certos pesticidas e poluentes s\u00e3o t\u00f3xicos. Portanto, o uso e descarte adequado desses produtos qu\u00edmicos s\u00e3o essenciais. Dessa forma, voc\u00ea pode reduzir seu impacto no meio ambiente e na sa\u00fade humana.<\/p>\n\n\n\n<h2 class=\"wp-block-heading\">Por que os produtos qu\u00edmicos org\u00e2nicos s\u00e3o importantes?<\/h2>\n\n\n\n<p>Os produtos qu\u00edmicos org\u00e2nicos s\u00e3o essenciais por v\u00e1rios motivos. Por exemplo, eles s\u00e3o importantes para a vida. Os produtos qu\u00edmicos org\u00e2nicos s\u00e3o os blocos de constru\u00e7\u00e3o da vida. Todo organismo vivo no mundo \u00e9 composto de compostos org\u00e2nicos. At\u00e9 mesmo carboidratos, lip\u00eddios, prote\u00ednas e \u00e1cidos nucl\u00e9icos comp\u00f5em esses produtos qu\u00edmicos. Sem produtos qu\u00edmicos org\u00e2nicos, a vida como a conhecemos n\u00e3o existiria.<\/p>\n\n\n\n<p>Os produtos qu\u00edmicos org\u00e2nicos desempenham um papel crucial na agricultura moderna. Eles est\u00e3o em fertilizantes, pesticidas e herbicidas. Assim, aumentam o rendimento das colheitas e protegem as colheitas de pragas e doen\u00e7as.<\/p>\n\n\n\n<p>Os fabricantes utilizam produtos qu\u00edmicos org\u00e2nicos na produ\u00e7\u00e3o de uma ampla gama de materiais. Por exemplo, eles est\u00e3o em pl\u00e1sticos, fibras sint\u00e9ticas e borracha. Eles tamb\u00e9m s\u00e3o usados para fabricar produtos farmac\u00eauticos, corantes e outros produtos.<\/p>\n\n\n\n<p>Os produtos qu\u00edmicos org\u00e2nicos s\u00e3o uma fonte essencial de energia. Os combust\u00edveis f\u00f3sseis, como o g\u00e1s natural e o petr\u00f3leo, compreendem compostos org\u00e2nicos formados ao longo de milh\u00f5es de anos. Al\u00e9m disso, utilizamo-los para alimentar ve\u00edculos, gerar eletricidade e aquecer edif\u00edcios.<br>Os produtos qu\u00edmicos org\u00e2nicos desempenham um papel crucial no meio ambiente. Eles servem como nutrientes para plantas e animais. Eles tamb\u00e9m fazem parte dos ciclos biogeoqu\u00edmicos.<\/p>\n\n\n\n<h2 class=\"wp-block-heading\">Principais cargos<\/h2>\n\n\n\n<h3 class=\"wp-block-heading\">Aqui est\u00e3o alguns cargos importantes relacionados a v\u00e1rios campos e setores:<\/h3>\n\n\n\n<ol class=\"wp-block-list\">\n<li>Desenvolvedor de software: Desenvolve aplicativos de software para sistemas de computador.<\/li>\n\n\n\n<li>Contador: gerencia registros financeiros e prepara relat\u00f3rios financeiros para indiv\u00edduos ou organiza\u00e7\u00f5es.<\/li>\n\n\n\n<li>Marketing Manager: Plans and directs <a href=\"https:\/\/www.sisinternational.com\/pt\/pericia\/curriculos-de-experiencia\/pesquisa-de-mercado-de-produtos-de-higiene-pessoal\/\" title=\"Pesquisa de mercado de produtos de cuidados pessoais\"  data-wpil-monitor-id=\"10128\">marketing campaigns to promote products<\/a> or services.<\/li>\n\n\n\n<li>Engenheiro Civil: Projeta, constr\u00f3i e mant\u00e9m infraestrutura, como edif\u00edcios, pontes e estradas.<\/li>\n\n\n\n<li><a href=\"https:\/\/www.sisinternational.com\/pt\/solucoes\/pesquisa-de-mercado-de-ia-e-consultoria-estrategica\/consultoria-de-inteligencia-artificial-em-automacao-de-gerenciamento-de-talentos-de-recursos-humanos\/\" title=\"Automa\u00e7\u00e3o de Recursos Humanos e Gest\u00e3o de Talentos e Consultoria em IA\"  data-wpil-monitor-id=\"10127\">Human Resources Manager<\/a>: Oversees hiring, training, and management of personnel in an organization.<\/li>\n\n\n\n<li>M\u00e9dico: Diagnostica e trata doen\u00e7as e les\u00f5es em pacientes.<\/li>\n\n\n\n<li>Advogado: Fornece aconselhamento jur\u00eddico e representa\u00e7\u00e3o a indiv\u00edduos ou organiza\u00e7\u00f5es.<\/li>\n\n\n\n<li>Designer Gr\u00e1fico: Projeta ideias visuais manualmente ou usando software de computador. Esse profissional comunica conceitos que informam, inspiram ou cativam os consumidores.<\/li>\n\n\n\n<li>Cientista de Dados: Usa an\u00e1lise estat\u00edstica, modelagem de dados e aprendizado de m\u00e1quina. Esse profissional extrai insights e conhecimento dos dados.<\/li>\n\n\n\n<li>Cientista Ambiental: Estuda o ambiente natural e identifica potenciais riscos ambientais. Desenvolve solu\u00e7\u00f5es para minimizar o impacto negativo ao meio ambiente.<\/li>\n<\/ol>\n\n\n\n<h2 class=\"wp-block-heading\">Por que as empresas precisam de produtos qu\u00edmicos org\u00e2nicos<\/h2>\n\n\n\n<p>As empresas precisam de produtos qu\u00edmicos org\u00e2nicos para a fabrica\u00e7\u00e3o. Os produtos qu\u00edmicos org\u00e2nicos s\u00e3o essenciais no processo de fabrica\u00e7\u00e3o de muitos produtos. Algumas ind\u00fastrias usam produtos qu\u00edmicos org\u00e2nicos como mat\u00e9ria-prima para criar seus produtos. Ou os utilizam como solventes, catalisadores ou outros agentes no processo de fabrica\u00e7\u00e3o.<\/p>\n\n\n\n<p>Businesses may use <a href=\"https:\/\/www.sisinternational.com\/pt\/pericia\/industrias\/pesquisa-de-mercado-de-organizacoes-de-pesquisa-contratada\/\" title=\"Pesquisa de mercado de organiza\u00e7\u00f5es de pesquisa de contrato\"  data-wpil-monitor-id=\"10130\">organic chemicals in their research<\/a> and development activities. For example, they use them to create or improve new products. Pharmaceutical companies often use organic chemicals as a starting point for developing new drugs.<br>Produtos qu\u00edmicos org\u00e2nicos s\u00e3o frequentemente usados em testes ambientais. Eles detectam e medem poluentes do ar, da \u00e1gua e do solo, o que \u00e9 essencial para empresas que operam em setores com alto impacto ambiental. Por exemplo, as ind\u00fastrias de minera\u00e7\u00e3o, petr\u00f3leo e extra\u00e7\u00e3o de g\u00e1s os utilizam.<\/p>\n\n\n\n<h2 class=\"wp-block-heading\">Principais fatores de sucesso<\/h2>\n\n\n\n<h3 class=\"wp-block-heading\">As empresas de produtos qu\u00edmicos org\u00e2nicos devem concentrar-se em v\u00e1rios factores cr\u00edticos de sucesso. Como acontece com qualquer outro neg\u00f3cio, isso garante sucesso e lucratividade a longo prazo.<\/h3>\n\n\n\n<p>The first essential factor of success for organic chemical businesses is innovation. Successful <a href=\"https:\/\/www.sisinternational.com\/pt\/criacao-de-orgaos-por-impressoras-3d\/\" title=\"Cria\u00e7\u00e3o de \u00f3rg\u00e3os e pesquisa de mercado de impressoras 3D\"  data-wpil-monitor-id=\"2307\">organic chemical<\/a> enterprises are often at the forefront of research and development. They explore new applications and develop new products. Innovation is critical to staying ahead of competitors and meeting customers\u2019 needs.<\/p>\n\n\n\n<p>As empresas de produtos qu\u00edmicos org\u00e2nicos devem garantir que seus produtos atendam a r\u00edgidos padr\u00f5es de qualidade. Dessa forma, eles mant\u00eam a satisfa\u00e7\u00e3o do cliente e protegem sua reputa\u00e7\u00e3o. Al\u00e9m disso, o controle de qualidade deve existir em todas as fases do processo de produ\u00e7\u00e3o. Vai desde a origem da mat\u00e9ria-prima at\u00e9 a entrega do produto final.<\/p>\n\n\n\n<p>Efficiency is another <a href=\"https:\/\/www.sisinternational.com\/pt\/principais-fatores-de-sucesso-na-pesquisa-de-mercado-automotivo\/\" title=\"Principais fatores de sucesso na pesquisa de mercado automotivo\"  data-wpil-monitor-id=\"10124\">key success factor<\/a>. Organic chemical businesses need to be efficient and cost-effective in making their products, which requires effective supply chain management and lean manufacturing processes. Your company also needs to follow various regulations and standards. Look up the standards related to health, safety, and environmental protection. Compliance with these regulations is necessary for legal reasons. It also protects the health and safety of employees and the environment.<\/p>\n\n\n\n<p>Essas empresas devem considerar o impacto de suas opera\u00e7\u00f5es no meio ambiente. Eles tamb\u00e9m precisam analisar seu efeito na sociedade. As empresas devem se comprometer com pr\u00e1ticas sustent\u00e1veis. Devem tamb\u00e9m ser transparentes sobre o seu impacto social e ambiental. Essas empresas t\u00eam maior probabilidade de sucesso no longo prazo.<\/p>\n\n\n\n<p>As empresas de produtos qu\u00edmicos org\u00e2nicos bem-sucedidas concentram-se nas necessidades e prefer\u00eancias de seus clientes. Portanto, voc\u00ea precisa prestar muita aten\u00e7\u00e3o aos clientes. Isso ajuda voc\u00ea a entender seus requisitos. Tamb\u00e9m permite fornecer solu\u00e7\u00f5es personalizadas que atendam \u00e0s suas necessidades espec\u00edficas.<\/p>\n\n\n\n<h2 class=\"wp-block-heading\">Sobre a pesquisa de mercado de produtos qu\u00edmicos org\u00e2nicos<\/h2>\n\n\n\n<p>Are you running an organic chemicals business? Then you must learn about your customers, competitors, and industry. <a href=\"https:\/\/www.sisinternational.com\/pt\/tools-and-resources-for-qualitative-market-research\/\" title=\"Tools and Resources for Qualitative Market Research\"  data-wpil-monitor-id=\"10115\">Pesquisa qualitativa de mercado<\/a> involves asking the right questions to the right people in the right way. Let <a href=\"https:\/\/www.sisinternational.com\/pt\/entre-em-contato-com-a-sis-international-market-research\/\" title=\"Contate-nos\"  data-wpil-monitor-id=\"10111\">SIS International research<\/a> help you do that with Focus Groups, Interviews, and Surveys. We also conduct <a href=\"https:\/\/www.sisinternational.com\/pt\/solucoes\/solucoes-de-pesquisa-quantitativa-qualitativa\/pesquisa-de-mercado-qualitativa\/\" title=\"Pesquisa qualitativa de mercado\"  data-wpil-monitor-id=\"10118\">Pesquisa qualitativa de mercado<\/a>. We can do your Competitive Analyses, UX Market Research, and <a href=\"https:\/\/www.sisinternational.com\/pt\/b2b-market-research-strategies-and-techniques\/\" title=\"B2B Market Research Strategies and Techniques\"  data-wpil-monitor-id=\"10122\">Estrat\u00e9gia de Pesquisa de Mercado<\/a> to take you further in your quest for success. Also available are <a href=\"https:\/\/www.sisinternational.com\/pt\/pericia\/pesquisa-de-mercado-de-produtos-quimicos-a-granel\/\" title=\"Pesquisa de mercado de produtos qu\u00edmicos a granel\"  data-wpil-monitor-id=\"2115\">Pesquisa de entrada no mercado<\/a>, Market Opportunity Research, and Market Sizing Research. Contact us today to work out your Go to Market Strategy!<\/p>","protected":false},"excerpt":{"rendered":"<p>Os produtos qu\u00edmicos org\u00e2nicos desempenham um papel crucial na agricultura moderna. Eles aumentam o rendimento das colheitas e as protegem de pragas e doen\u00e7as.<\/p>","protected":false},"author":1,"featured_media":67290,"parent":14514,"menu_order":217,"comment_status":"closed","ping_status":"closed","template":"","meta":{"footnotes":""},"class_list":["post-41882","page","type-page","status-publish","has-post-thumbnail"],"_links":{"self":[{"href":"https:\/\/www.sisinternational.com\/pt\/wp-json\/wp\/v2\/pages\/41882","targetHints":{"allow":["GET"]}}],"collection":[{"href":"https:\/\/www.sisinternational.com\/pt\/wp-json\/wp\/v2\/pages"}],"about":[{"href":"https:\/\/www.sisinternational.com\/pt\/wp-json\/wp\/v2\/types\/page"}],"author":[{"embeddable":true,"href":"https:\/\/www.sisinternational.com\/pt\/wp-json\/wp\/v2\/users\/1"}],"replies":[{"embeddable":true,"href":"https:\/\/www.sisinternational.com\/pt\/wp-json\/wp\/v2\/comments?post=41882"}],"version-history":[{"count":6,"href":"https:\/\/www.sisinternational.com\/pt\/wp-json\/wp\/v2\/pages\/41882\/revisions"}],"predecessor-version":[{"id":81675,"href":"https:\/\/www.sisinternational.com\/pt\/wp-json\/wp\/v2\/pages\/41882\/revisions\/81675"}],"up":[{"embeddable":true,"href":"https:\/\/www.sisinternational.com\/pt\/wp-json\/wp\/v2\/pages\/14514"}],"wp:featuredmedia":[{"embeddable":true,"href":"https:\/\/www.sisinternational.com\/pt\/wp-json\/wp\/v2\/media\/67290"}],"wp:attachment":[{"href":"https:\/\/www.sisinternational.com\/pt\/wp-json\/wp\/v2\/media?parent=41882"}],"curies":[{"name":"wp","href":"https:\/\/api.w.org\/{rel}","templated":true}]}}