{"id":41879,"date":"2023-03-18T18:04:53","date_gmt":"2023-03-18T22:04:53","guid":{"rendered":"https:\/\/www.sisinternational.com\/?page_id=41879"},"modified":"2026-01-24T21:27:16","modified_gmt":"2026-01-25T02:27:16","slug":"pesquisa-de-mercado-de-plataformas-de-petroleo","status":"publish","type":"page","link":"https:\/\/www.sisinternational.com\/pt\/pericia\/pesquisa-de-mercado-de-plataformas-de-petroleo\/","title":{"rendered":"Pesquisa de mercado de plataformas petrol\u00edferas"},"content":{"rendered":"<h1 class=\"wp-block-heading\">Pesquisa de mercado de plataformas petrol\u00edferas<\/h1>\n\n\n\n<figure class=\"gb-block-image gb-block-image-bd226ce0\"><img loading=\"lazy\" decoding=\"async\" width=\"1456\" height=\"816\" class=\"gb-image gb-image-bd226ce0\" src=\"https:\/\/www.sisinternational.com\/wp-content\/uploads\/2025\/08\/Oit-petroleum-petrochemical-8.jpg\" alt=\"Pesquisa e Estrat\u00e9gia de Mercado Internacional da SIS\" title=\"Oit petroleum petrochemical (8)\" srcset=\"https:\/\/www.sisinternational.com\/wp-content\/uploads\/2025\/08\/Oit-petroleum-petrochemical-8.jpg 1456w, https:\/\/www.sisinternational.com\/wp-content\/uploads\/2025\/08\/Oit-petroleum-petrochemical-8-300x168.jpg 300w, https:\/\/www.sisinternational.com\/wp-content\/uploads\/2025\/08\/Oit-petroleum-petrochemical-8-1024x574.jpg 1024w, https:\/\/www.sisinternational.com\/wp-content\/uploads\/2025\/08\/Oit-petroleum-petrochemical-8-768x430.jpg 768w, https:\/\/www.sisinternational.com\/wp-content\/uploads\/2025\/08\/Oit-petroleum-petrochemical-8-18x10.jpg 18w\" sizes=\"auto, (max-width: 1456px) 100vw, 1456px\"><\/figure>\n\n\n\n<hr class=\"wp-block-separator has-alpha-channel-opacity is-style-dots\"\/>\n\n\n\n<p>A ind\u00fastria petrol\u00edfera \u00e9 uma das maiores do mundo, ao lado de outros intervenientes importantes, como finan\u00e7as, imobili\u00e1rio e constru\u00e7\u00e3o. A maioria dos produtos e servi\u00e7os depende fortemente desta ind\u00fastria, desde o transporte at\u00e9 \u00e0 fabrica\u00e7\u00e3o de produtos.<\/p>\n\n\n\n<p>A ind\u00fastria petrol\u00edfera global arrecada bili\u00f5es de d\u00f3lares anualmente, o que a torna um investimento atraente. Os contribuintes relevantes para esta ind\u00fastria s\u00e3o as plataformas petrol\u00edferas.<\/p>\n\n\n\n<p>In the United States alone, there are at least a thousand oil rigs\u2014offshore and onshore, making it the top country with the highest number of rigs.<\/p>\n\n\n\n<p>With the continuous demand for fuel, investment in oil rigs will continue to soar. However, investing in the oil rigs market attracts an array of issues, which challenge investors in navigating through it.<\/p>\n\n\n\n<h2 class=\"wp-block-heading\">O que \u00e9 plataforma petrol\u00edfera?<\/h2>\n\n\n\n<p>Oil rigs, also known as oil platforms, are equipment or structures of extraordinary size that drill oil wells, extract petroleum and natural gases found beneath the seabed, and process them.<\/p>\n\n\n\n<p>Esta estrutura faz parte de m\u00faltiplas instala\u00e7\u00f5es, atendendo a diversos instrumentos e trabalhadores. Embora tenha um objetivo, existem diferentes tipos e designs de plataformas petrol\u00edferas \u2013 geralmente levando em considera\u00e7\u00e3o a localiza\u00e7\u00e3o do po\u00e7o de petr\u00f3leo.<\/p>\n\n\n\n<h3 class=\"wp-block-heading\">Aqui est\u00e3o alguns tipos de plataformas de petr\u00f3leo encontradas em todo o mundo:<\/h3>\n\n\n\n<ul class=\"wp-block-list\">\n<li><strong>Plataformas Fixas:<\/strong>&nbsp;possui pernas grossas de concreto e\/ou a\u00e7o, constru\u00eddas diretamente no fundo do mar; funciona melhor para uso a longo prazo.<\/li>\n\n\n\n<li><strong>Plataformas de perfura\u00e7\u00e3o elevat\u00f3rias:<\/strong>&nbsp;projetado para se deslocar de um lugar para outro; adequado para profundidades de \u00e1gua de at\u00e9 390 p\u00e9s.<\/li>\n\n\n\n<li><strong>Plataformas Spar:<\/strong>&nbsp;amarrado ao fundo do mar; utiliza principalmente cabos de amarra\u00e7\u00e3o convencionais.<\/li>\n\n\n\n<li><strong>Plataformas de pernas tensionadas (TLP):<\/strong>&nbsp;ideal para descobertas em \u00e1guas profundas; ideal para profundidades de \u00e1gua de at\u00e9 6.600 p\u00e9s.<\/li>\n\n\n\n<li><strong>Estrutura baseada na gravidade:<\/strong>&nbsp;ancorado no fundo do mar; funciona bem em fiordes.<\/li>\n<\/ul>\n\n\n\n<p>A escolha da plataforma petrol\u00edfera certa tamb\u00e9m depende se o po\u00e7o de petr\u00f3leo est\u00e1 offshore ou onshore. As plataformas petrol\u00edferas offshore escavam sob o fundo do mar, enquanto as plataformas petrol\u00edferas onshore extraem abaixo das camadas de terra.<\/p>\n\n\n\n<h2 class=\"wp-block-heading\">Benef\u00edcios da pesquisa de mercado de plataformas petrol\u00edferas<\/h2>\n\n\n\n<p>A ind\u00fastria petrol\u00edfera \u00e9 uma \u00e1rea de investimento complicada de entender. Curiosamente, a maioria dos investidores entregar\u00e1 o seu dinheiro nestes mercados de plataformas petrol\u00edferas porque tem sido consistentemente tratado como lucrativo.<\/p>\n\n\n\n<p>However, it is not always the case as this market is also susceptible to economic downturns. To avoid taking a costly misstep, well-rounded <a href=\"https:\/\/www.sisinternational.com\/pt\/solucoes\/pesquisa-de-mercado-de-oleodutos-e-gasodutos\/\" title=\"Pesquisa de mercado de oleodutos e gasodutos\"  data-wpil-monitor-id=\"2166\">pesquisa de mercado de plataformas de petr\u00f3leo<\/a> comes into play.<\/p>\n\n\n\n<p>For first-time investors, this research&#8217;s primary benefit is understanding how the <a href=\"https:\/\/www.sisinternational.com\/pt\/pericia\/industrias\/pesquisa-de-mercado-de-petroleo-e-gas\/\" title=\"Pesquisa de mercado de petr\u00f3leo e g\u00e1s\"  data-wpil-monitor-id=\"3089\">oil rig<\/a> market works. It answers the questions from how oil rigs are conceptualized to their everyday drilling routine.<\/p>\n\n\n\n<p>O <a href=\"https:\/\/www.sisinternational.com\/pt\/pericia\/industrias\/pesquisa-de-mercado-de-oleo-vegetal\/\" title=\"Pesquisa de mercado de \u00f3leos vegetais\"  data-wpil-monitor-id=\"3222\">pesquisa de mercado de plataformas de petr\u00f3leo<\/a> also guides investors in comprehending the difference between each oil rig and what are their financial standings. It aims to assure investors about the potential returns they can receive and to warn them of the possible issues and troubles of investing.<\/p>\n\n\n\n<p>O <a href=\"https:\/\/www.sisinternational.com\/pt\/pericia\/industrias\/pesquisa-de-mercado-de-oleo-de-palma\/\" title=\"Pesquisa de mercado de \u00f3leo de palma\"  data-wpil-monitor-id=\"3456\">pesquisa de mercado de plataformas de petr\u00f3leo<\/a> will also widen the perspective of investors, giving them a bird&#8217;s eye view from the side of the business and shareholders.<\/p>\n\n\n\n<p>Deve-se notar que esta pesquisa tamb\u00e9m \u00e9 \u00fatil para propriet\u00e1rios de empresas. A maioria dos empres\u00e1rios precisa disso como uma ferramenta para garantir que as decis\u00f5es de neg\u00f3cios tomadas estejam alinhadas com os interesses da empresa.<\/p>\n\n\n\n<p>Ao mesmo tempo, pode proporcionar uma vantagem competitiva, sendo pioneira em novas etapas, designs e procedimentos para uma produ\u00e7\u00e3o mais eficaz. E o mais importante, a pesquisa de mercado de plataformas petrol\u00edferas far\u00e1 com que as empresas realizem a gest\u00e3o de dados de risco.<\/p>\n\n\n\n<h2 class=\"wp-block-heading\">Tend\u00eancias e oportunidades para o mercado de plataformas petrol\u00edferas<\/h2>\n\n\n\n<p>O mercado de plataformas petrol\u00edferas existe h\u00e1 um s\u00e9culo, mantendo um crescimento constante ao longo de todo o processo. Provou manter valor e \u00e9 tratado como uma reserva por diversos pa\u00edses desenvolvidos e ricos.<\/p>\n\n\n\n<p>Investidores e empres\u00e1rios podem estar interessados em saber mais sobre as tend\u00eancias e oportunidades que os aguardam no mercado.<\/p>\n\n\n\n<ul class=\"wp-block-list\">\n<li>Ao contr\u00e1rio da cren\u00e7a popular, investir em plataformas petrol\u00edferas n\u00e3o \u00e9 apenas para os ricos. Muitas empresas petrol\u00edferas oferecem suas a\u00e7\u00f5es ao p\u00fablico, atendendo a um p\u00fablico mais amplo.<\/li>\n\n\n\n<li>Espera-se que o mercado de plataformas petrol\u00edferas cres\u00e7a mesmo com obst\u00e1culos econ\u00f3micos inesperados devido \u00e0 procura cont\u00ednua de combust\u00edveis e produtos \u00e0 base de combust\u00edveis.<\/li>\n\n\n\n<li>Prev\u00ea-se que as empresas expandam os seus neg\u00f3cios, aumentando a procura de trabalhadores qualificados. Tamb\u00e9m se traduz na constru\u00e7\u00e3o de novas plataformas petrol\u00edferas, afectando no processo os sectores da constru\u00e7\u00e3o, financeiro e imobili\u00e1rio.<\/li>\n\n\n\n<li>As plataformas petrol\u00edferas offshore no exterior continuar\u00e3o a crescer \u00e0 medida que novas descobertas forem localizadas e estudadas.<\/li>\n<\/ul>\n\n\n\n<h2 class=\"wp-block-heading\">Problemas com o mercado de plataformas petrol\u00edferas<\/h2>\n\n\n\n<p>Semelhante a outras ind\u00fastrias, o mercado de plataformas petrol\u00edferas tem muitos problemas associados. Ela varia de pol\u00edticas ambientais a governamentais. Embora esteja rodeado de preocupa\u00e7\u00f5es intimidadoras, os investidores sentem-se bastante confort\u00e1veis em colocar o seu dinheiro numa empresa.<\/p>\n\n\n\n<p>O mercado de plataformas petrol\u00edferas \u00e9 visto como invenc\u00edvel com a demanda cont\u00ednua por produtos combust\u00edveis, mas n\u00e3o garante a sustentabilidade do neg\u00f3cio. As pessoas ainda precisam observar as quest\u00f5es que envolvem o mercado e avaliar se \u00e9 algo que pode funcionar para elas no longo prazo.<\/p>\n\n\n\n<ul class=\"wp-block-list\">\n<li><strong>Problemas ambientais:<\/strong> Esta quest\u00e3o \u00e9 um problema bastante comum levantado contra a ind\u00fastria. As plataformas petrol\u00edferas extraem combust\u00edvel utilizado em servi\u00e7os e produtos que contribuem para o crescente problema da polui\u00e7\u00e3o e do efeito estufa. Infelizmente, mesmo o processo de extra\u00e7\u00e3o de po\u00e7os de petr\u00f3leo produz polui\u00e7\u00e3o t\u00f3xica na \u00e1gua e no ar.<\/li>\n\n\n\n<li><strong>Perturba\u00e7\u00e3o da vida selvagem:<\/strong> Besides pollution, the techniques and drilling of oil wells disrupted marine ecosystems and land quality. If the impact is not rehabilitated quickly, it can lead to further habitat destruction.<\/li>\n\n\n\n<li><strong>Pol\u00edticas e Regulamentos Governamentais:<\/strong> Cada pa\u00eds possui regras espec\u00edficas quanto \u00e0 opera\u00e7\u00e3o de plataformas petrol\u00edferas. Pode haver tamb\u00e9m uma restri\u00e7\u00e3o de cidadania sobre quem pode investir neles. Portanto, estrangeiros que desejam investir podem n\u00e3o ser permitidos.<\/li>\n\n\n\n<li><strong>Preocupa\u00e7\u00f5es com a sa\u00fade:<\/strong> Requisitos e protocolos de sa\u00fade rigorosos s\u00e3o aplicados para proteger a seguran\u00e7a e a sa\u00fade dos funcion\u00e1rios das plataformas petrol\u00edferas. No entanto, a exposi\u00e7\u00e3o constante \u00e0 fuma\u00e7a e aos vapores t\u00f3xicos tem efeitos adversos inevit\u00e1veis. \u00c9 um desafio para as empresas provar que todos os funcion\u00e1rios s\u00e3o supervisionados e bem cuidados para, pelo menos, minimizar qualquer risco potencial para a sa\u00fade.<\/li>\n<\/ul>","protected":false},"excerpt":{"rendered":"<p>Existem pelo menos mil plataformas petrol\u00edferas nos Estados Unidos \u2013 offshore e onshore. Eles t\u00eam o maior n\u00famero de plataformas do mundo.<\/p>","protected":false},"author":1,"featured_media":64292,"parent":14514,"menu_order":216,"comment_status":"closed","ping_status":"closed","template":"","meta":{"footnotes":""},"class_list":["post-41879","page","type-page","status-publish","has-post-thumbnail"],"_links":{"self":[{"href":"https:\/\/www.sisinternational.com\/pt\/wp-json\/wp\/v2\/pages\/41879","targetHints":{"allow":["GET"]}}],"collection":[{"href":"https:\/\/www.sisinternational.com\/pt\/wp-json\/wp\/v2\/pages"}],"about":[{"href":"https:\/\/www.sisinternational.com\/pt\/wp-json\/wp\/v2\/types\/page"}],"author":[{"embeddable":true,"href":"https:\/\/www.sisinternational.com\/pt\/wp-json\/wp\/v2\/users\/1"}],"replies":[{"embeddable":true,"href":"https:\/\/www.sisinternational.com\/pt\/wp-json\/wp\/v2\/comments?post=41879"}],"version-history":[{"count":8,"href":"https:\/\/www.sisinternational.com\/pt\/wp-json\/wp\/v2\/pages\/41879\/revisions"}],"predecessor-version":[{"id":77668,"href":"https:\/\/www.sisinternational.com\/pt\/wp-json\/wp\/v2\/pages\/41879\/revisions\/77668"}],"up":[{"embeddable":true,"href":"https:\/\/www.sisinternational.com\/pt\/wp-json\/wp\/v2\/pages\/14514"}],"wp:featuredmedia":[{"embeddable":true,"href":"https:\/\/www.sisinternational.com\/pt\/wp-json\/wp\/v2\/media\/64292"}],"wp:attachment":[{"href":"https:\/\/www.sisinternational.com\/pt\/wp-json\/wp\/v2\/media?parent=41879"}],"curies":[{"name":"wp","href":"https:\/\/api.w.org\/{rel}","templated":true}]}}