{"id":41876,"date":"2023-03-18T16:38:40","date_gmt":"2023-03-18T20:38:40","guid":{"rendered":"https:\/\/www.sisinternational.com\/?page_id=41876"},"modified":"2026-01-24T21:27:17","modified_gmt":"2026-01-25T02:27:17","slug":"pesquisa-de-mercado-de-petroleo-e-gas","status":"publish","type":"page","link":"https:\/\/www.sisinternational.com\/pt\/pericia\/pesquisa-de-mercado-de-petroleo-e-gas\/","title":{"rendered":"Pesquisa de mercado de petr\u00f3leo e g\u00e1s"},"content":{"rendered":"<h1 class=\"wp-block-heading\">Pesquisa de mercado de petr\u00f3leo e g\u00e1s<\/h1>\n\n\n\n<figure class=\"gb-block-image gb-block-image-1a0e7a6f\"><img loading=\"lazy\" decoding=\"async\" width=\"1456\" height=\"816\" class=\"gb-image gb-image-1a0e7a6f\" src=\"https:\/\/www.sisinternational.com\/wp-content\/uploads\/2025\/08\/Oil-3.jpg\" alt=\"Pesquisa e Estrat\u00e9gia de Mercado Internacional da SIS\" title=\"Oil (3)\" srcset=\"https:\/\/www.sisinternational.com\/wp-content\/uploads\/2025\/08\/Oil-3.jpg 1456w, https:\/\/www.sisinternational.com\/wp-content\/uploads\/2025\/08\/Oil-3-300x168.jpg 300w, https:\/\/www.sisinternational.com\/wp-content\/uploads\/2025\/08\/Oil-3-1024x574.jpg 1024w, https:\/\/www.sisinternational.com\/wp-content\/uploads\/2025\/08\/Oil-3-768x430.jpg 768w, https:\/\/www.sisinternational.com\/wp-content\/uploads\/2025\/08\/Oil-3-18x10.jpg 18w\" sizes=\"auto, (max-width: 1456px) 100vw, 1456px\"><\/figure>\n\n\n\n<p><\/p>\n\n\n\n<p>O petr\u00f3leo e o g\u00e1s continuam a ser dois dos recursos mais influentes do mundo, impulsionando a expans\u00e3o econ\u00f3mica e alimentando simultaneamente ind\u00fastrias importantes. Ao analisar minuciosamente os dados, este tipo de investiga\u00e7\u00e3o fornece \u00e0s partes interessadas informa\u00e7\u00f5es essenciais sobre investimentos, opera\u00e7\u00f5es, pol\u00edticas e muito mais; permitindo-lhes tomar decis\u00f5es informadas em conformidade.<\/p>\n\n\n\n<h2 class=\"wp-block-heading\">O que \u00e9 pesquisa de mercado de petr\u00f3leo e g\u00e1s?<\/h2>\n\n\n\n<p>A pesquisa de mercado de petr\u00f3leo e g\u00e1s examina o cen\u00e1rio global de petr\u00f3leo e g\u00e1s para obter uma compreens\u00e3o hol\u00edstica das tend\u00eancias do mercado, perspectivas de crescimento e riscos potenciais. Esta an\u00e1lise foi projetada para fornecer insights para aqueles do setor que buscam tomar decis\u00f5es informadas sobre seus investimentos, estrat\u00e9gias e pol\u00edticas. Com recomenda\u00e7\u00f5es baseadas em investiga\u00e7\u00e3o em m\u00e3os, as empresas que operam neste setor estar\u00e3o bem equipadas com o conhecimento necess\u00e1rio para maximizar os seus retornos num mercado em constante evolu\u00e7\u00e3o.<\/p>\n\n\n\n<p>Organizations that specialize in oil and gas market analysis such as consulting firms, industry associations, and <a href=\"https:\/\/www.sisinternational.com\/pt\/pericia\/industrias\/pesquisa-de-mercado-smartphones-novos-dispositivos-moveis\/\" title=\"Pesquisa de mercado de smartphones\"  data-wpil-monitor-id=\"3252\">research companies can conduct comprehensive market<\/a> research. This includes exploring supply-and-demand dynamics, price movements, governmental regulations, emerging technology developments, plus environmental worries to name a few key areas of investigation.<\/p>\n\n\n\n<h2 class=\"wp-block-heading\">Import\u00e2ncia de compreender as tend\u00eancias e desenvolvimentos na ind\u00fastria de petr\u00f3leo e g\u00e1s<\/h2>\n\n\n\n<p>O mercado do petr\u00f3leo e do g\u00e1s \u00e9 ferozmente competitivo, com as grandes empresas \u2013 ExxonMobil, Royal Dutch Shell, Chevron e BP \u2013 a liderar o caminho. Estes gigantes da ind\u00fastria dominam as reservas globais de petr\u00f3leo e g\u00e1s, \u00e0 medida que continuam a investir fortemente em investiga\u00e7\u00e3o e desenvolvimento para se manterem \u00e0 frente das tend\u00eancias. Consequentemente, \u00e9 fundamental possuir dados precisos e atualizados para se manter competitivo e enfrentar as grandes empresas do setor.<\/p>\n\n\n\n<p>Portanto, manter-se informado sobre factores geopol\u00edticos, tais como a pol\u00edtica global e as pol\u00edticas econ\u00f3micas, \u00e9 relevante para a ind\u00fastria do petr\u00f3leo e do g\u00e1s, uma vez que as altera\u00e7\u00f5es nas regulamenta\u00e7\u00f5es governamentais, acordos comerciais ou outros eventos podem ter um efeito importante nas suas opera\u00e7\u00f5es.<\/p>\n\n\n\n<p>Da mesma forma, para acompanhar a escalada das necessidades energ\u00e9ticas, especialmente em pa\u00edses em desenvolvimento como a \u00cdndia e a China, \u00e9 crucial explorar as tend\u00eancias e necessidades da ind\u00fastria do petr\u00f3leo e do g\u00e1s. Com uma popula\u00e7\u00e3o crescente que continua a urbanizar-se em todo o mundo, garantir a disponibilidade de recursos suficientes torna-se ainda mais cr\u00edtico se quisermos satisfazer esta procura crescente. Assim, compreender estes padr\u00f5es \u00e9 vital para fornecer uma infraestrutura adequada capaz de cumprir as previs\u00f5es atuais.<\/p>\n\n\n\n<h2 class=\"wp-block-heading\">Tend\u00eancias em pesquisas de mercado de petr\u00f3leo e g\u00e1s<\/h2>\n\n\n\n<figure class=\"gb-block-image gb-block-image-cfbeeeea\"><img loading=\"lazy\" decoding=\"async\" width=\"1456\" height=\"816\" class=\"gb-image gb-image-cfbeeeea\" src=\"https:\/\/www.sisinternational.com\/wp-content\/uploads\/2025\/08\/Gas-station-1.jpg\" alt=\"Pesquisa e Estrat\u00e9gia de Mercado Internacional da SIS\" title=\"Gas station (1)\" srcset=\"https:\/\/www.sisinternational.com\/wp-content\/uploads\/2025\/08\/Gas-station-1.jpg 1456w, https:\/\/www.sisinternational.com\/wp-content\/uploads\/2025\/08\/Gas-station-1-300x168.jpg 300w, https:\/\/www.sisinternational.com\/wp-content\/uploads\/2025\/08\/Gas-station-1-1024x574.jpg 1024w, https:\/\/www.sisinternational.com\/wp-content\/uploads\/2025\/08\/Gas-station-1-768x430.jpg 768w, https:\/\/www.sisinternational.com\/wp-content\/uploads\/2025\/08\/Gas-station-1-18x10.jpg 18w\" sizes=\"auto, (max-width: 1456px) 100vw, 1456px\"><\/figure>\n\n\n\n<p><\/p>\n\n\n\n<p><a href=\"https:\/\/www.sisinternational.com\/pt\/solucoes\/pesquisa-de-mercado-de-oleodutos-e-gasodutos\/\" title=\"Pesquisa de mercado de oleodutos e gasodutos\"  data-wpil-monitor-id=\"2138\">Oil and gas market research<\/a> are vital for companies in the sector to stay abreast of trends and advancements. As this industry progresses, there are new possibilities and risks.<\/p>\n\n\n\n<ul class=\"wp-block-list\">\n<li>Gra\u00e7as ao desenvolvimento de tecnologias de ponta, as empresas de petr\u00f3leo e g\u00e1s s\u00e3o agora capazes de aceder aos recursos de forma mais eficiente e econ\u00f3mica. A intelig\u00eancia artificial, a automa\u00e7\u00e3o e a rob\u00f3tica tornaram-se amplamente utilizadas nesta ind\u00fastria \u2013 e estes avan\u00e7os permitem \u00e0s empresas reduzir despesas ao mesmo tempo que otimizam a efic\u00e1cia e fortalecem os protocolos de seguran\u00e7a.<\/li>\n\n\n\n<li>O foco mundial nas fontes de energia renov\u00e1veis \u00e9 um divisor de \u00e1guas para a ind\u00fastria de petr\u00f3leo e g\u00e1s. As empresas est\u00e3o agora a investir em solu\u00e7\u00f5es sustent\u00e1veis como energia e\u00f3lica, solar e hidroel\u00e9trica para acompanhar esta mudan\u00e7a; criando assim novas perspectivas na diversifica\u00e7\u00e3o de opera\u00e7\u00f5es e potencial de ganhos.<\/li>\n\n\n\n<li>As altera\u00e7\u00f5es clim\u00e1ticas tornaram-se um foco importante para as empresas de petr\u00f3leo e g\u00e1s, \u00e0 medida que enfrentam uma press\u00e3o crescente para diminuir as emiss\u00f5es de carbono.<\/li>\n\n\n\n<li>Emerging markets have become key consumers, and <a href=\"https:\/\/www.sisinternational.com\/pt\/pericia\/industrias\/pesquisa-de-mercado-de-plataformas-de-petroleo\/\" title=\"Pesquisa de mercado de plataformas petrol\u00edferas\"  data-wpil-monitor-id=\"3084\">pesquisa de mercado de petr\u00f3leo e g\u00e1s<\/a> is providing invaluable insights about these changes to assist those seeking to capitalize on them.<\/li>\n\n\n\n<li>Complying with the ever-evolving geopolitical environment is essential for organizations in this industry. <a href=\"https:\/\/www.sisinternational.com\/pt\/pericia\/industrias\/pesquisa-de-mercado-de-oleo-vegetal\/\" title=\"Pesquisa de mercado de \u00f3leos vegetais\"  data-wpil-monitor-id=\"3225\">Oil and gas market research<\/a> can provide insight into international trade agreements, government policies, and other factors that could potentially affect their business operations.<\/li>\n<\/ul>\n\n\n\n<h2 class=\"wp-block-heading\">Benef\u00edcios da pesquisa de mercado de petr\u00f3leo e g\u00e1s<\/h2>\n\n\n\n<ul class=\"wp-block-list\">\n<li>Ao analisar as tend\u00eancias e desenvolvimentos do mercado, as empresas podem procurar ativamente oportunidades emergentes no setor do petr\u00f3leo e do g\u00e1s. Isto proporciona-lhes uma vantagem sobre os seus concorrentes, permitindo-lhes identificar mercados inexplorados e com grande potencial.<\/li>\n\n\n\n<li>A pesquisa de mercado fornece \u00e0s empresas insights vitais sobre as prefer\u00eancias, comportamentos e h\u00e1bitos de compra de seus clientes para criar servi\u00e7os e produtos personalizados que atendam precisamente ao seu mercado-alvo. Com um profundo entendimento das necessidades de seus clientes, uma empresa pode obter uma vantagem competitiva imbat\u00edvel no mercado.<\/li>\n\n\n\n<li>To remain competitive in the oil and gas industry, it is important to assess the market competition. Through researching competitors&#8217; strengths and weaknesses via <a href=\"https:\/\/www.sisinternational.com\/pt\/cobertura\/as-americas\/pesquisa-de-mercado-na-america-latina\/pesquisa-de-mercado-rio-de-janeiro\/\" title=\"Pesquisa de Mercado no Rio de Janeiro\"  data-wpil-monitor-id=\"3282\">oil and gas market<\/a> research, companies can gain a better understanding of their competitors.<\/li>\n\n\n\n<li>Uncontrollable variables such as political instability, environmental laws, and the ever-changing oil market can easily affect your business. To protect companies from potential dangers and devise a backup plan for any situation, it is critical to conduct thorough <a href=\"https:\/\/www.sisinternational.com\/pt\/pericia\/industrias\/pesquisa-de-mercado-de-oleo-de-palma\/\" title=\"Pesquisa de mercado de \u00f3leo de palma\"  data-wpil-monitor-id=\"3458\">pesquisa de mercado de petr\u00f3leo e g\u00e1s<\/a>.<\/li>\n<\/ul>\n\n\n\n<h2 class=\"wp-block-heading\">Limita\u00e7\u00f5es da pesquisa de mercado de petr\u00f3leo e g\u00e1s<\/h2>\n\n\n\n<p><a href=\"https:\/\/www.sisinternational.com\/pt\/venezuela-oil-mining-industry-potential-strategic-forecast-2026-2036\/\" title=\"Venezuela Oil &amp; Mining Industry Potential: Strategic Forecast 2026-2036\"  data-wpil-monitor-id=\"6916\">Oil and gas market research<\/a> can be a valuable asset for understanding industry trends and making appropriate business decisions. Yet, it is essential to consider some limitations in this industry such as:<\/p>\n\n\n\n<ul class=\"wp-block-list\">\n<li>Garantir uma imagem completa da ind\u00fastria de petr\u00f3leo e g\u00e1s pode ser complexo devido \u00e0 sua natureza confidencial ou propriet\u00e1ria. Partes significativas dos dados da ind\u00fastria permanecem indispon\u00edveis.<\/li>\n\n\n\n<li>Com uma hist\u00f3ria de mercados vol\u00e1teis e imprevis\u00edveis, juntamente com um cen\u00e1rio pol\u00edtico em constante mudan\u00e7a, prever as tend\u00eancias futuras na ind\u00fastria do petr\u00f3leo e do g\u00e1s n\u00e3o \u00e9 uma tarefa f\u00e1cil. Mesmo com modelos altamente sofisticados aplicados a padr\u00f5es e projec\u00e7\u00f5es econ\u00f3micas, prever o que est\u00e1 por vir pode revelar-se dif\u00edcil.<\/li>\n\n\n\n<li>A consciencializa\u00e7\u00e3o e a preocupa\u00e7\u00e3o do p\u00fablico relativamente \u00e0s repercuss\u00f5es ambientais das empresas de petr\u00f3leo e g\u00e1s est\u00e3o a aumentar, prejudicando potencialmente a reputa\u00e7\u00e3o destas empresas.<\/li>\n\n\n\n<li>Operando num ambiente geopoliticamente vol\u00e1til, a ind\u00fastria do petr\u00f3leo e do g\u00e1s est\u00e1 frequentemente exposta a riscos como conflitos e rela\u00e7\u00f5es internacionais que podem facilmente perturbar as opera\u00e7\u00f5es.<\/li>\n<\/ul>\n\n\n\n<h2 class=\"wp-block-heading\">Perspectivas futuras da pesquisa de mercado de petr\u00f3leo e g\u00e1s<\/h2>\n\n\n\n<figure class=\"gb-block-image gb-block-image-7c36bc2a\"><img loading=\"lazy\" decoding=\"async\" width=\"1456\" height=\"816\" class=\"gb-image gb-image-7c36bc2a\" src=\"https:\/\/www.sisinternational.com\/wp-content\/uploads\/2025\/08\/Oil-1.jpg\" alt=\"Pesquisa e Estrat\u00e9gia de Mercado Internacional da SIS\" title=\"Oil (1)\" srcset=\"https:\/\/www.sisinternational.com\/wp-content\/uploads\/2025\/08\/Oil-1.jpg 1456w, https:\/\/www.sisinternational.com\/wp-content\/uploads\/2025\/08\/Oil-1-300x168.jpg 300w, https:\/\/www.sisinternational.com\/wp-content\/uploads\/2025\/08\/Oil-1-1024x574.jpg 1024w, https:\/\/www.sisinternational.com\/wp-content\/uploads\/2025\/08\/Oil-1-768x430.jpg 768w, https:\/\/www.sisinternational.com\/wp-content\/uploads\/2025\/08\/Oil-1-18x10.jpg 18w\" sizes=\"auto, (max-width: 1456px) 100vw, 1456px\"><\/figure>\n\n\n\n<p><\/p>\n\n\n\n<p>Com o mundo a mudar gradualmente para fontes de energia verdes, a ind\u00fastria do petr\u00f3leo e do g\u00e1s dever\u00e1 enfrentar algumas altera\u00e7\u00f5es e dificuldades.<\/p>\n\n\n\n<p>A sustentabilidade tornou-se uma \u00e1rea de foco especialmente crucial nos \u00faltimos tempos; reduzindo as pegadas de carbono. Este interesse em alternativas ecol\u00f3gicas, como os recursos renov\u00e1veis, tem ganhado for\u00e7a de forma constante. Como resultado, as empresas de petr\u00f3leo e g\u00e1s est\u00e3o a investir fortemente em esfor\u00e7os de I&amp;D que tornam as suas atividades mais ecol\u00f3gicas e, ao mesmo tempo, aumentam as m\u00e9tricas de efici\u00eancia.<\/p>\n\n\n\n<p>Felizmente, \u00e0 medida que a tecnologia continua a evoluir, a digitaliza\u00e7\u00e3o e a automa\u00e7\u00e3o est\u00e3o se tornando mais difundidas na ind\u00fastria. Pode reduzir custos e aumentar a seguran\u00e7a, ao mesmo tempo que otimiza as opera\u00e7\u00f5es.<\/p>\n\n\n\n<p>A SIS International oferece Pesquisa Quantitativa, Qualitativa e Estrat\u00e9gica. Fornecemos dados, ferramentas, estrat\u00e9gias, relat\u00f3rios e insights para tomada de decis\u00f5es. Conduzimos entrevistas, pesquisas, grupos focais e muitos outros m\u00e9todos e abordagens de Pesquisa de Mercado. Contate-nos para o seu pr\u00f3ximo projeto de Pesquisa de Mercado.<\/p>","protected":false},"excerpt":{"rendered":"<p>A pesquisa do mercado de petr\u00f3leo e g\u00e1s obt\u00e9m insights hol\u00edsticos sobre tend\u00eancias de mercado, perspectivas de crescimento e riscos potenciais do setor global de petr\u00f3leo e g\u00e1s.<\/p>","protected":false},"author":1,"featured_media":63381,"parent":14514,"menu_order":215,"comment_status":"closed","ping_status":"closed","template":"","meta":{"footnotes":""},"class_list":["post-41876","page","type-page","status-publish","has-post-thumbnail"],"_links":{"self":[{"href":"https:\/\/www.sisinternational.com\/pt\/wp-json\/wp\/v2\/pages\/41876","targetHints":{"allow":["GET"]}}],"collection":[{"href":"https:\/\/www.sisinternational.com\/pt\/wp-json\/wp\/v2\/pages"}],"about":[{"href":"https:\/\/www.sisinternational.com\/pt\/wp-json\/wp\/v2\/types\/page"}],"author":[{"embeddable":true,"href":"https:\/\/www.sisinternational.com\/pt\/wp-json\/wp\/v2\/users\/1"}],"replies":[{"embeddable":true,"href":"https:\/\/www.sisinternational.com\/pt\/wp-json\/wp\/v2\/comments?post=41876"}],"version-history":[{"count":10,"href":"https:\/\/www.sisinternational.com\/pt\/wp-json\/wp\/v2\/pages\/41876\/revisions"}],"predecessor-version":[{"id":80486,"href":"https:\/\/www.sisinternational.com\/pt\/wp-json\/wp\/v2\/pages\/41876\/revisions\/80486"}],"up":[{"embeddable":true,"href":"https:\/\/www.sisinternational.com\/pt\/wp-json\/wp\/v2\/pages\/14514"}],"wp:featuredmedia":[{"embeddable":true,"href":"https:\/\/www.sisinternational.com\/pt\/wp-json\/wp\/v2\/media\/63381"}],"wp:attachment":[{"href":"https:\/\/www.sisinternational.com\/pt\/wp-json\/wp\/v2\/media?parent=41876"}],"curies":[{"name":"wp","href":"https:\/\/api.w.org\/{rel}","templated":true}]}}