{"id":41873,"date":"2023-03-18T16:21:34","date_gmt":"2023-03-18T20:21:34","guid":{"rendered":"https:\/\/www.sisinternational.com\/?page_id=41873"},"modified":"2026-01-24T20:58:33","modified_gmt":"2026-01-25T01:58:33","slug":"pesquisa-de-mercado-de-energia-nuclear","status":"publish","type":"page","link":"https:\/\/www.sisinternational.com\/pt\/pericia\/pesquisa-de-mercado-de-energia-nuclear\/","title":{"rendered":"Pesquisa de mercado de energia nuclear"},"content":{"rendered":"<h1 class=\"wp-block-heading\">Pesquisa de mercado de energia nuclear<\/h1>\n\n\n\n<figure class=\"gb-block-image gb-block-image-e2318f3c\"><img loading=\"lazy\" decoding=\"async\" width=\"1456\" height=\"816\" class=\"gb-image gb-image-e2318f3c\" src=\"https:\/\/www.sisinternational.com\/wp-content\/uploads\/2025\/08\/NUclear-plant-nuclear-power-4.jpg\" alt=\"Pesquisa e Estrat\u00e9gia de Mercado Internacional da SIS\" title=\"NUclear plant nuclear power (4)\" srcset=\"https:\/\/www.sisinternational.com\/wp-content\/uploads\/2025\/08\/NUclear-plant-nuclear-power-4.jpg 1456w, https:\/\/www.sisinternational.com\/wp-content\/uploads\/2025\/08\/NUclear-plant-nuclear-power-4-300x168.jpg 300w, https:\/\/www.sisinternational.com\/wp-content\/uploads\/2025\/08\/NUclear-plant-nuclear-power-4-1024x574.jpg 1024w, https:\/\/www.sisinternational.com\/wp-content\/uploads\/2025\/08\/NUclear-plant-nuclear-power-4-768x430.jpg 768w, https:\/\/www.sisinternational.com\/wp-content\/uploads\/2025\/08\/NUclear-plant-nuclear-power-4-18x10.jpg 18w\" sizes=\"auto, (max-width: 1456px) 100vw, 1456px\"><\/figure>\n\n\n\n<p><\/p>\n\n\n\n<p>No mundo actual de procuras energ\u00e9ticas cada vez maiores e de necessidade de recursos mais sustent\u00e1veis, os que trabalham no sector da produ\u00e7\u00e3o de energia devem realizar pesquisas de mercado regulares para se manterem competitivos no mercado.<\/p>\n\n\n\n<p>Em particular, ao recolher e analisar dados, as empresas podem descobrir tend\u00eancias da ind\u00fastria, avaliar os n\u00edveis de concorr\u00eancia e reconhecer potenciais oportunidades ou riscos no mercado da energia nuclear.<\/p>\n\n\n\n<h2 class=\"wp-block-heading\">O que \u00e9 pesquisa de mercado de energia nuclear e por que \u00e9 importante?<\/h2>\n\n\n\n<p>By delving into nuclear power market research, businesses, policymakers, and other key players in the industry can make smart choices about investments, strategies, and policies. This research examines current as well as future <a href=\"https:\/\/www.sisinternational.com\/pt\/empresa-de-previsao-de-tendencias-da-industria-b2b\/\" title=\"Empresa de previs\u00e3o das principais tend\u00eancias da ind\u00fastria B2B\"  data-wpil-monitor-id=\"9978\">trends for the industry<\/a> to give an understanding of opportunities and threats alike that could impact decisions made by these stakeholders.<\/p>\n\n\n\n<h2 class=\"wp-block-heading\">Import\u00e2ncia de realizar pesquisas de mercado de energia nuclear<\/h2>\n\n\n\n<p>\u00c9 fundamental manter-se atualizado sobre as \u00faltimas tend\u00eancias e avan\u00e7os no setor de energia nuclear. Este entendimento permite que as empresas e os investidores tomem melhores decis\u00f5es relativamente \u00e0s oportunidades de investimento, tais como a constru\u00e7\u00e3o de novas centrais nucleares ou a melhor forma de gerir as centrais nucleares existentes.<\/p>\n\n\n\n<p>By conducting thorough nuclear <a href=\"https:\/\/www.sisinternational.com\/pt\/pericia\/industrias\/pesquisa-de-mercado-de-geracao-de-energia\/\" title=\"Pesquisa de mercado de gera\u00e7\u00e3o de energia\"  data-wpil-monitor-id=\"3048\">power market research<\/a>, companies discover the existing and potential trends of this industry, enabling them to identify risks that may be lurking on the horizon while also uncovering opportunities.<\/p>\n\n\n\n<p>Tamb\u00e9m pode identificar dados sobre o desempenho, a demanda e as regulamenta\u00e7\u00f5es das usinas de energia nuclear. Como resultado, as suas conclus\u00f5es s\u00e3o utilizadas para decidir como ir\u00e3o moldar os seus investimentos futuros em novas instala\u00e7\u00f5es ou desmantelamento de centrais mais antigas.<\/p>\n\n\n\n<p>Furthermore, nuclear <a href=\"https:\/\/www.sisinternational.com\/pt\/pericia\/industrias\/pesquisa-de-mercado-de-ferramentas-eletricas\/\" title=\"Pesquisa de mercado de ferramentas el\u00e9tricas\"  data-wpil-monitor-id=\"4043\">power market research<\/a> assists businesses to make appropriate decisions about the nuclear power industry, including safety protocols, waste disposal practices, and plant licensing requirements. Energy planners need to have a clear view of the demand for nuclear energy throughout its lifetime to ensure it is an economically viable option that will not compromise public health or harm our environment.<\/p>\n\n\n\n<h2 class=\"wp-block-heading\">Tend\u00eancias atuais da pesquisa de mercado de energia nuclear<\/h2>\n\n\n\n<figure class=\"gb-block-image gb-block-image-0afe848d\"><img loading=\"lazy\" decoding=\"async\" width=\"1456\" height=\"816\" class=\"gb-image gb-image-0afe848d\" src=\"https:\/\/www.sisinternational.com\/wp-content\/uploads\/2025\/08\/NUclear-plant-nuclear-power-3.jpg\" alt=\"Pesquisa e Estrat\u00e9gia de Mercado Internacional da SIS\" title=\"NUclear plant nuclear power (3)\" srcset=\"https:\/\/www.sisinternational.com\/wp-content\/uploads\/2025\/08\/NUclear-plant-nuclear-power-3.jpg 1456w, https:\/\/www.sisinternational.com\/wp-content\/uploads\/2025\/08\/NUclear-plant-nuclear-power-3-300x168.jpg 300w, https:\/\/www.sisinternational.com\/wp-content\/uploads\/2025\/08\/NUclear-plant-nuclear-power-3-1024x574.jpg 1024w, https:\/\/www.sisinternational.com\/wp-content\/uploads\/2025\/08\/NUclear-plant-nuclear-power-3-768x430.jpg 768w, https:\/\/www.sisinternational.com\/wp-content\/uploads\/2025\/08\/NUclear-plant-nuclear-power-3-18x10.jpg 18w\" sizes=\"auto, (max-width: 1456px) 100vw, 1456px\"><\/figure>\n\n\n\n<p><\/p>\n\n\n\n<p>Numerosos factores influenciam a evolu\u00e7\u00e3o da investiga\u00e7\u00e3o do mercado de energia nuclear, tais como progress\u00f5es tecnol\u00f3gicas, situa\u00e7\u00f5es econ\u00f3micas, regulamenta\u00e7\u00f5es governamentais e preocupa\u00e7\u00f5es ecol\u00f3gicas. Aqui est\u00e3o algumas das tend\u00eancias mais recentes neste campo:<\/p>\n\n\n\n<ul class=\"wp-block-list\">\n<li>Foco em pequenos reactores modulares: \u00c0 medida que a procura de energia continua a aumentar, os pequenos reactores modulares est\u00e3o a tornar-se cada vez mais populares devido ao seu menor tamanho e maior velocidade e acessibilidade em compara\u00e7\u00e3o com os reactores tradicionais de grande escala.<\/li>\n\n\n\n<li>Aumento do interesse na fus\u00e3o nuclear: Cientistas de todo o mundo est\u00e3o a investigar formas de criar reactores de fus\u00e3o nuclear comercialmente vi\u00e1veis. Os benef\u00edcios potenciais de um tal processo seriam infinitos porque poderia proporcionar acesso a um maior fornecimento de energia limpa sem emiss\u00f5es de carbono.<\/li>\n\n\n\n<li>\u00canfase na seguran\u00e7a e protec\u00e7\u00e3o: A investiga\u00e7\u00e3o do mercado da energia nuclear centrou-se agora nas novas tecnologias relacionadas com estas \u00e1reas, bem como na sua procura esperada no mercado.<\/li>\n\n\n\n<li>Changing regulatory landscape: As the laws and regulations impacting nuclear power become increasingly stringent, market analysis is delving into how these changes will influence the <a href=\"https:\/\/www.sisinternational.com\/pt\/venezuela-oil-mining-industry-potential-strategic-forecast-2026-2036\/\" title=\"Venezuela Oil &amp; Mining Industry Potential: Strategic Forecast 2026-2036\"  data-wpil-monitor-id=\"9980\">industry in terms of potential<\/a> opportunities and looming obstacles.<\/li>\n\n\n\n<li>Crescente interesse pela energia nuclear nos pa\u00edses em desenvolvimento: \u00c0 medida que a procura de energia nos pa\u00edses emergentes continua a aumentar, a energia nuclear surge como uma solu\u00e7\u00e3o vi\u00e1vel e lucrativa. A investiga\u00e7\u00e3o de mercado est\u00e1 a examinar atentamente os mercados potenciais destas na\u00e7\u00f5es para a energia nuclear, bem como a viabilidade econ\u00f3mica da constru\u00e7\u00e3o de novas centrais.<\/li>\n<\/ul>\n\n\n\n<h2 class=\"wp-block-heading\">Benef\u00edcios da pesquisa de mercado de energia nuclear<\/h2>\n\n\n\n<ul class=\"wp-block-list\">\n<li>Ao aproveitar a pesquisa do mercado de energia nuclear, as empresas podem descobrir novas perspectivas e tend\u00eancias, tais como novos mercados que est\u00e3o em ascens\u00e3o ou a evolu\u00e7\u00e3o das necessidades dos clientes.<\/li>\n\n\n\n<li>Through the <a href=\"https:\/\/www.sisinternational.com\/pt\/cobertura\/pesquisa-de-mercado-asia\/analise-competitiva-chinesa\/\" title=\"An\u00e1lise Competitiva na China\"  data-wpil-monitor-id=\"9981\">analysis of the competitive<\/a> landscape of the nuclear power industry, businesses can propel themselves ahead and create unrivaled strategies, products, and services.<\/li>\n\n\n\n<li>Atrav\u00e9s de uma pesquisa abrangente do mercado de energia nuclear, as empresas podem identificar riscos e descobrir potenciais desafios na ind\u00fastria, como altera\u00e7\u00f5es regulamentares ou preocupa\u00e7\u00f5es de seguran\u00e7a. Dessa forma, as empresas podem construir conting\u00eancias que as ajudar\u00e3o a reduzir poss\u00edveis riscos.<\/li>\n\n\n\n<li>Com acesso a dados e insights precisos, os principais tomadores de decis\u00e3o podem tomar decis\u00f5es informadas com seguran\u00e7a sobre investimentos, pol\u00edticas e regulamenta\u00e7\u00f5es.<\/li>\n\n\n\n<li>A investiga\u00e7\u00e3o do mercado da energia nuclear tem o potencial de desencadear a inova\u00e7\u00e3o e encorajar o surgimento de novas tecnologias, produtos e servi\u00e7os que se alinhem com precis\u00e3o com as necessidades em constante evolu\u00e7\u00e3o dos consumidores.<\/li>\n<\/ul>\n\n\n\n<h2 class=\"wp-block-heading\">Limita\u00e7\u00f5es da pesquisa de mercado de energia nuclear<\/h2>\n\n\n\n<ul class=\"wp-block-list\">\n<li>Com a ind\u00fastria da energia nuclear t\u00e3o estritamente regulamentada, o acesso aos dados \u00e9 muitas vezes restringido devido a quest\u00f5es de seguran\u00e7a e confidencialidade. A obten\u00e7\u00e3o de dados e conhecimentos fi\u00e1veis para investiga\u00e7\u00e3o pode ser bastante dif\u00edcil devido a esta disponibilidade limitada de informa\u00e7\u00e3o.<\/li>\n\n\n\n<li>Navegar na ind\u00fastria da energia nuclear pode ser uma tarefa dif\u00edcil devido aos seus extensos componentes t\u00e9cnicos e regulamentares. A complexidade deste setor apresenta desafios \u00fanicos que devem ser superados para o sucesso.<\/li>\n\n\n\n<li>Undertaking <a href=\"https:\/\/www.sisinternational.com\/pt\/quais-sao-algumas-tendencias-no-setor-de-pesquisa-de-mercado\/\" title=\"Quais s\u00e3o algumas tend\u00eancias no setor de pesquisa de mercado?\"  data-wpil-monitor-id=\"9984\">research into the nuclear power industry<\/a> can be costly, particularly if it involves conducting surveys or gathering data from a wide spectrum of stakeholders. This creates an obstacle for smaller businesses and organizations that have limited budgets.<\/li>\n\n\n\n<li>A ind\u00fastria nuclear est\u00e1 sujeita a flutua\u00e7\u00f5es pol\u00edticas, o que torna dif\u00edcil analisar com precis\u00e3o o mercado e fazer proje\u00e7\u00f5es precisas. Mudan\u00e7as inesperadas nas regulamenta\u00e7\u00f5es governamentais ou na opini\u00e3o p\u00fablica podem perturbar significativamente a estabilidade deste sector, criando um ambiente imprevis\u00edvel que requer monitoriza\u00e7\u00e3o.<\/li>\n<\/ul>\n\n\n\n<h2 class=\"wp-block-heading\">Perspectivas futuras da pesquisa de mercado de energia nuclear<\/h2>\n\n\n\n<figure class=\"gb-block-image gb-block-image-0a9a93fc\"><img loading=\"lazy\" decoding=\"async\" width=\"1456\" height=\"816\" class=\"gb-image gb-image-0a9a93fc\" src=\"https:\/\/www.sisinternational.com\/wp-content\/uploads\/2025\/08\/NUclear-plant-nuclear-power-1.jpg\" alt=\"Pesquisa e Estrat\u00e9gia de Mercado Internacional da SIS\" title=\"NUclear plant nuclear power (1)\" srcset=\"https:\/\/www.sisinternational.com\/wp-content\/uploads\/2025\/08\/NUclear-plant-nuclear-power-1.jpg 1456w, https:\/\/www.sisinternational.com\/wp-content\/uploads\/2025\/08\/NUclear-plant-nuclear-power-1-300x168.jpg 300w, https:\/\/www.sisinternational.com\/wp-content\/uploads\/2025\/08\/NUclear-plant-nuclear-power-1-1024x574.jpg 1024w, https:\/\/www.sisinternational.com\/wp-content\/uploads\/2025\/08\/NUclear-plant-nuclear-power-1-768x430.jpg 768w, https:\/\/www.sisinternational.com\/wp-content\/uploads\/2025\/08\/NUclear-plant-nuclear-power-1-18x10.jpg 18w\" sizes=\"auto, (max-width: 1456px) 100vw, 1456px\"><\/figure>\n\n\n\n<ul class=\"wp-block-list\">\n<li>The nuclear power industry is quickly advancing with new developments to enhance security, effectiveness, and performance. The nuclear energy <a href=\"https:\/\/www.sisinternational.com\/pt\/solucoes\/pesquisa-de-mercado-de-ia-e-consultoria-estrategica\/ia-inteligencia-artificial\/\" title=\"Pesquisa de mercado de intelig\u00eancia artificial\"  data-wpil-monitor-id=\"9976\">market is additionally attempting out artificial intelligence<\/a> along with machine learning to boost the safety measures and efficiency of all existing plants. Such explorations broaden potential applications for this revolutionary technology within our society.<\/li>\n\n\n\n<li>A energia nuclear est\u00e1 a ganhar for\u00e7a face aos desafios actuais devido \u00e0 sua baixa pegada de carbono e \u00e0 produ\u00e7\u00e3o consistente de energia. Como tal, a investiga\u00e7\u00e3o sobre as vantagens econ\u00f3micas da energia nuclear e o impacto ambiental global continuar\u00e1 a ser fundamental num futuro pr\u00f3ximo. Al\u00e9m disso, existe um enorme potencial de crescimento nesta \u00e1rea \u00e0 medida que o interesse p\u00fablico continua a crescer.<\/li>\n\n\n\n<li>Compreender as potenciais consequ\u00eancias das mudan\u00e7as regulamentares \u00e9 fundamental para qualquer pessoa envolvida na ind\u00fastria da energia nuclear. Tais modifica\u00e7\u00f5es podem alterar drasticamente a forma como as empresas operam, proporcionando uma abund\u00e2ncia de oportunidades de investiga\u00e7\u00e3o e an\u00e1lise a serem realizadas.<\/li>\n\n\n\n<li>\u00c0 medida que a necessidade mundial de energia continua a crescer, tamb\u00e9m aumenta a procura de fontes de energia novas e inovadoras. Isto proporciona uma oportunidade excepcional para explorar ainda mais a energia nuclear e a sua poss\u00edvel contribui\u00e7\u00e3o para satisfazer a procura energ\u00e9tica global.<\/li>\n<\/ul>\n\n\n\n<p><a href=\"https:\/\/www.sisinternational.com\/pt\/sis-revela-plataforma-de-ciencia-de-dados-e-analise-quantitativa\/\" title=\"SIS revela plataforma de ci\u00eancia de dados e an\u00e1lise quantitativa\"  data-wpil-monitor-id=\"9973\">SIS International offers Quantitative<\/a>, Qualitative, and Strategy Research. We provide data, tools, strategies, reports and insights for decision-making. We conduct interviews, surveys, <a href=\"https:\/\/www.sisinternational.com\/pt\/solucoes\/pesquisa-de-mercado-em-grupo-focal\/\" title=\"Pesquisa de mercado com grupo focal\"  data-wpil-monitor-id=\"9974\">focus groups and many other Market Research<\/a> methods and approaches. Contact us for your <a href=\"https:\/\/www.sisinternational.com\/pt\/pericia\/industrias\/pesquisa-de-mercado-de-tecnologias-de-proxima-geracao\/\" title=\"Pesquisa de mercado de tecnologias de pr\u00f3xima gera\u00e7\u00e3o\"  data-wpil-monitor-id=\"9975\">next Market Research<\/a> projeto.<\/p>","protected":false},"excerpt":{"rendered":"<p>Ao permanecerem \u00e0 frente dos mais recentes avan\u00e7os na energia nuclear, as empresas e os investidores ganham oportunidades para melhores decis\u00f5es de investimento.<\/p>","protected":false},"author":1,"featured_media":64085,"parent":14514,"menu_order":214,"comment_status":"closed","ping_status":"closed","template":"","meta":{"footnotes":""},"class_list":["post-41873","page","type-page","status-publish","has-post-thumbnail"],"_links":{"self":[{"href":"https:\/\/www.sisinternational.com\/pt\/wp-json\/wp\/v2\/pages\/41873","targetHints":{"allow":["GET"]}}],"collection":[{"href":"https:\/\/www.sisinternational.com\/pt\/wp-json\/wp\/v2\/pages"}],"about":[{"href":"https:\/\/www.sisinternational.com\/pt\/wp-json\/wp\/v2\/types\/page"}],"author":[{"embeddable":true,"href":"https:\/\/www.sisinternational.com\/pt\/wp-json\/wp\/v2\/users\/1"}],"replies":[{"embeddable":true,"href":"https:\/\/www.sisinternational.com\/pt\/wp-json\/wp\/v2\/comments?post=41873"}],"version-history":[{"count":6,"href":"https:\/\/www.sisinternational.com\/pt\/wp-json\/wp\/v2\/pages\/41873\/revisions"}],"predecessor-version":[{"id":81652,"href":"https:\/\/www.sisinternational.com\/pt\/wp-json\/wp\/v2\/pages\/41873\/revisions\/81652"}],"up":[{"embeddable":true,"href":"https:\/\/www.sisinternational.com\/pt\/wp-json\/wp\/v2\/pages\/14514"}],"wp:featuredmedia":[{"embeddable":true,"href":"https:\/\/www.sisinternational.com\/pt\/wp-json\/wp\/v2\/media\/64085"}],"wp:attachment":[{"href":"https:\/\/www.sisinternational.com\/pt\/wp-json\/wp\/v2\/media?parent=41873"}],"curies":[{"name":"wp","href":"https:\/\/api.w.org\/{rel}","templated":true}]}}