{"id":41859,"date":"2023-03-18T14:59:44","date_gmt":"2023-03-18T18:59:44","guid":{"rendered":"https:\/\/www.sisinternational.com\/?page_id=41859"},"modified":"2026-01-24T21:16:21","modified_gmt":"2026-01-25T02:16:21","slug":"pesquisa-de-mercado-de-exibicao-de-teste-de-filme","status":"publish","type":"page","link":"https:\/\/www.sisinternational.com\/pt\/pericia\/pesquisa-de-mercado-de-exibicao-de-teste-de-filme\/","title":{"rendered":"Pesquisa de mercado de exibi\u00e7\u00e3o de testes de filmes"},"content":{"rendered":"<h1 class=\"wp-block-heading\">Pesquisa de mercado de exibi\u00e7\u00e3o de testes de filmes<\/h1>\n\n\n\n<figure class=\"gb-block-image gb-block-image-144c4ca7\"><img loading=\"lazy\" decoding=\"async\" width=\"1456\" height=\"816\" class=\"gb-image gb-image-144c4ca7\" src=\"https:\/\/www.sisinternational.com\/wp-content\/uploads\/2025\/08\/Movie-cinema-3.jpg\" alt=\"Pesquisa e Estrat\u00e9gia de Mercado Internacional da SIS\" title=\"Movie cinema (3)\" srcset=\"https:\/\/www.sisinternational.com\/wp-content\/uploads\/2025\/08\/Movie-cinema-3.jpg 1456w, https:\/\/www.sisinternational.com\/wp-content\/uploads\/2025\/08\/Movie-cinema-3-300x168.jpg 300w, https:\/\/www.sisinternational.com\/wp-content\/uploads\/2025\/08\/Movie-cinema-3-1024x574.jpg 1024w, https:\/\/www.sisinternational.com\/wp-content\/uploads\/2025\/08\/Movie-cinema-3-768x430.jpg 768w, https:\/\/www.sisinternational.com\/wp-content\/uploads\/2025\/08\/Movie-cinema-3-18x10.jpg 18w\" sizes=\"auto, (max-width: 1456px) 100vw, 1456px\"><\/figure>\n\n\n\n<p><\/p>\n\n\n\n<h2 class=\"wp-block-heading\">O que \u00e9 exibi\u00e7\u00e3o de teste de filme?<\/h2>\n\n\n\n<p>A Movie Test Screening is a film preview. Studios host Test Screenings before the film\u2019s general release to gauge audience reaction. Researchers select the preview audience from a cross-section of the population. They ask these viewers to provide feedback in some form, usually in a questionnaire. <a href=\"https:\/\/www.sisinternational.com\/pt\/product-testing-that-turns-ideas-into-market-ready-success\/\" title=\"Product Testing That Turns Ideas into Market-Ready Success\"  data-wpil-monitor-id=\"9994\">Test Screenings are always a good idea<\/a>. The movie\u2019s backers and distributors need this data to see how they can maximize returns. But, few directors take solace in the brutal feedback a group of strangers may give their baby.<\/p>\n\n\n\n<p>The idea of a Movie Test Screening is to get some fresh eyeballs on the project. Screenings ask for input from a select group. This group does not have an emotional attachment to the project. Moreover, it\u2019s a way for creators and financiers to see what\u2019s working and what\u2019s not. It can be tempting to brief your audience with some context, but it\u2019s best to let them develop their perception. There\u2019s another <a href=\"https:\/\/www.sisinternational.com\/pt\/solucoes\/solucoes-de-pesquisa-quantitativa-qualitativa\/testes-de-locais-centrais-na-cidade-de-nova-york\/\" title=\"Testes de locais centrais na cidade de Nova York: benef\u00edcios para testes de produtos\"  data-wpil-monitor-id=\"9992\">benefit to watching the Movie Test<\/a> Screening with your audience. You somehow view it through their eyes when you\u2019re with them. You absorb their energy and can now sense when something is off.<\/p>\n\n\n\n<h2 class=\"wp-block-heading\">Por que a exibi\u00e7\u00e3o do teste de filme \u00e9 importante?<\/h2>\n\n\n\n<figure class=\"gb-block-image gb-block-image-ced1c402\"><img loading=\"lazy\" decoding=\"async\" width=\"1456\" height=\"816\" class=\"gb-image gb-image-ced1c402\" src=\"https:\/\/www.sisinternational.com\/wp-content\/uploads\/2025\/08\/Movie-cinema-5.jpg\" alt=\"Pesquisa e Estrat\u00e9gia de Mercado Internacional da SIS\" title=\"Movie cinema (5)\" srcset=\"https:\/\/www.sisinternational.com\/wp-content\/uploads\/2025\/08\/Movie-cinema-5.jpg 1456w, https:\/\/www.sisinternational.com\/wp-content\/uploads\/2025\/08\/Movie-cinema-5-300x168.jpg 300w, https:\/\/www.sisinternational.com\/wp-content\/uploads\/2025\/08\/Movie-cinema-5-1024x574.jpg 1024w, https:\/\/www.sisinternational.com\/wp-content\/uploads\/2025\/08\/Movie-cinema-5-768x430.jpg 768w, https:\/\/www.sisinternational.com\/wp-content\/uploads\/2025\/08\/Movie-cinema-5-18x10.jpg 18w\" sizes=\"auto, (max-width: 1456px) 100vw, 1456px\"><\/figure>\n\n\n\n<p><\/p>\n\n\n\n<p>As exibi\u00e7\u00f5es de teste s\u00e3o uma \u00f3tima maneira de ver o que o p\u00fablico pensa do seu filme. Ajuda os cineastas a entender quem s\u00e3o os primeiros a adotar seus filmes. Dessa forma, eles podem tomar melhores decis\u00f5es sobre o seu lan\u00e7amento. \u00c9 uma boa fonte para se ter uma ideia da resposta do p\u00fablico a um corte preliminar. O cineasta pode usar o feedback de uma exibi\u00e7\u00e3o de teste para alterar o filme antes da data de lan\u00e7amento.<\/p>\n\n\n\n<p>As exibi\u00e7\u00f5es de testes de filmes podem dizer se sua com\u00e9dia \u00e9 engra\u00e7ada ou se seu terror \u00e9 assustador. Isso ajudar\u00e1 voc\u00ea, seu produtor e seu est\u00fadio. Voc\u00ea poder\u00e1 decidir como fazer com que o filme atraia o maior n\u00famero poss\u00edvel de espectadores. Sem exibi\u00e7\u00f5es de teste, as \u00e1reas problem\u00e1ticas do filme ficam desmarcadas. Mas escolha seu p\u00fablico com cuidado. Triagens de testes ruins significam que as \u00e1reas problem\u00e1ticas podem permanecer incontestadas. Ou pior ainda, seu trabalho pode ser destru\u00eddo por pessoas que n\u00e3o s\u00e3o os melhores jurados de cinema.<\/p>\n\n\n\n<h2 class=\"wp-block-heading\">Por que os est\u00fadios precisam de exibi\u00e7\u00e3o de teste de filme<\/h2>\n\n\n\n<figure class=\"gb-block-image gb-block-image-9c7a79a3\"><img loading=\"lazy\" decoding=\"async\" width=\"1456\" height=\"816\" class=\"gb-image gb-image-9c7a79a3\" src=\"https:\/\/www.sisinternational.com\/wp-content\/uploads\/2025\/08\/Movie-cinema-6.jpg\" alt=\"Pesquisa e Estrat\u00e9gia de Mercado Internacional da SIS\" title=\"Movie cinema (6)\" srcset=\"https:\/\/www.sisinternational.com\/wp-content\/uploads\/2025\/08\/Movie-cinema-6.jpg 1456w, https:\/\/www.sisinternational.com\/wp-content\/uploads\/2025\/08\/Movie-cinema-6-300x168.jpg 300w, https:\/\/www.sisinternational.com\/wp-content\/uploads\/2025\/08\/Movie-cinema-6-1024x574.jpg 1024w, https:\/\/www.sisinternational.com\/wp-content\/uploads\/2025\/08\/Movie-cinema-6-768x430.jpg 768w, https:\/\/www.sisinternational.com\/wp-content\/uploads\/2025\/08\/Movie-cinema-6-18x10.jpg 18w\" sizes=\"auto, (max-width: 1456px) 100vw, 1456px\"><\/figure>\n\n\n\n<p><\/p>\n\n\n\n<p>In the past, filmmakers tended to revile Test Screenings. They resented how studio execs would use them to exact changes to their visions. Directors and producers now seem to find comfort in them. Test Screenings have become an integral part of filmmaking in the last few years. Large studios do them, and so do indie producers. Testing methods have become further advanced as more players come onto the scene. <a href=\"https:\/\/www.sisinternational.com\/pt\/pericia\/industrias\/pesquisa-de-mercado-de-filme-de-filme-de-tv\/\" title=\"Pesquisa de mercado de TV, cinema e cinema\"  data-wpil-monitor-id=\"9985\">Market Research often begins before the film<\/a> receives the green light.<\/p>\n\n\n\n<p>Studios altered mega-hits like E.T. \u2013 The Extra-Terrestrial, following Test Screenings. Fatal Attraction and Pretty Woman also underwent many changes after their screenings. Furthermore, the practice has been around for decades \u2013 1939\u2019s The Wizard of Oz had a Test Screening. Comedies benefit from testing more than other genres. These screenings offer many alternate endings and jokes at different levels. Most studios use an outside <a href=\"https:\/\/www.sisinternational.com\/pt\/pericia\/industrias\/solucoes-de-pesquisa-de-mercado-de-saude\/\" title=\"Empresa de pesquisa de mercado no setor de sa\u00fade\"  data-wpil-monitor-id=\"9983\">Market Research firm<\/a> to run the event. This firm also recruits audience members.<\/p>\n\n\n\n<h2 class=\"wp-block-heading\">Principais fatores de sucesso para exibi\u00e7\u00e3o de testes de filmes<\/h2>\n\n\n\n<p>Several <a href=\"https:\/\/www.sisinternational.com\/pt\/principais-fatores-de-sucesso-na-pesquisa-de-mercado-automotivo\/\" title=\"Principais fatores de sucesso na pesquisa de mercado automotivo\"  data-wpil-monitor-id=\"9990\">factors can influence a movie\u2019s success<\/a>. These factors include the producer, distributor, story, and genre. The promotion frequency, leading actors, and film rating also affect it. The most popular <a href=\"https:\/\/www.sisinternational.com\/pt\/solucoes\/solucoes-de-branding-e-pesquisa-de-clientes\/pesquisa-de-mercado-para-testes-de-produtos\/new-product-concept-testing-methods\/\" title=\"New Product Concept Testing Methods\"  data-wpil-monitor-id=\"9988\">method for testing<\/a> your film is organizing a theatrical screening. You then invite people to watch it through promotions and giveaways. The drawback is that theatrical screening is the most expensive option. Are you an indie filmmaker trying to save a few thousand bucks? The next best option is organizing an online Movie Test Screening.<\/p>\n\n\n\n<h2 class=\"wp-block-heading\">Sobre pesquisa de exibi\u00e7\u00e3o de teste de filme<\/h2>\n\n\n\n<figure class=\"gb-block-image gb-block-image-d946dadd\"><img loading=\"lazy\" decoding=\"async\" width=\"1456\" height=\"816\" class=\"gb-image gb-image-d946dadd\" src=\"https:\/\/www.sisinternational.com\/wp-content\/uploads\/2025\/08\/Movie-cinema-4.jpg\" alt=\"Pesquisa e Estrat\u00e9gia de Mercado Internacional da SIS\" title=\"Movie cinema (4)\" srcset=\"https:\/\/www.sisinternational.com\/wp-content\/uploads\/2025\/08\/Movie-cinema-4.jpg 1456w, https:\/\/www.sisinternational.com\/wp-content\/uploads\/2025\/08\/Movie-cinema-4-300x168.jpg 300w, https:\/\/www.sisinternational.com\/wp-content\/uploads\/2025\/08\/Movie-cinema-4-1024x574.jpg 1024w, https:\/\/www.sisinternational.com\/wp-content\/uploads\/2025\/08\/Movie-cinema-4-768x430.jpg 768w, https:\/\/www.sisinternational.com\/wp-content\/uploads\/2025\/08\/Movie-cinema-4-18x10.jpg 18w\" sizes=\"auto, (max-width: 1456px) 100vw, 1456px\"><\/figure>\n\n\n\n<p><\/p>\n\n\n\n<p>Movie Test Screening is a form of <a href=\"https:\/\/www.sisinternational.com\/pt\/tools-and-resources-for-qualitative-market-research\/\" title=\"Tools and Resources for Qualitative Market Research\"  data-wpil-monitor-id=\"9979\">Pesquisa qualitativa de mercado<\/a>. Your audience, in this case, is like a Focus Group, and your questionnaire is like a survey. As with Focus Groups, your Movie Test Screening will have a moderator. You can also view Movie Test Screening as <a href=\"https:\/\/www.sisinternational.com\/pt\/pericia\/industrias\/pesquisa-de-mercado-smartphones-novos-dispositivos-moveis\/\" title=\"Pesquisa de mercado de smartphones\"  data-wpil-monitor-id=\"3264\">Pesquisa de entrada no mercado<\/a>. Any tweaks made to your film will become part of your Go-to-Market Strategy.<\/p>\n\n\n\n<p><a href=\"https:\/\/www.sisinternational.com\/pt\/entre-em-contato-com-a-sis-international-market-research\/\" title=\"Contate-nos\"  data-wpil-monitor-id=\"9977\">A SIS International Research<\/a> provides Movie Test Screening Research. Contact us today to learn more about this and other types of <a href=\"https:\/\/www.sisinternational.com\/pt\/cobertura\/as-americas\/pesquisa-de-mercado-na-america-latina\/pesquisa-de-mercado-rio-de-janeiro\/\" title=\"Pesquisa de Mercado no Rio de Janeiro\"  data-wpil-monitor-id=\"3290\">Pesquisa de oportunidades de mercado<\/a>.<\/p>","protected":false},"excerpt":{"rendered":"<p>Uma exibi\u00e7\u00e3o de teste de filme coloca novos olhos em um projeto para obter informa\u00e7\u00f5es. Criadores e financiadores veem o que funciona e o que n\u00e3o funciona.<\/p>","protected":false},"author":1,"featured_media":63991,"parent":14514,"menu_order":211,"comment_status":"closed","ping_status":"closed","template":"","meta":{"footnotes":""},"class_list":["post-41859","page","type-page","status-publish","has-post-thumbnail"],"_links":{"self":[{"href":"https:\/\/www.sisinternational.com\/pt\/wp-json\/wp\/v2\/pages\/41859","targetHints":{"allow":["GET"]}}],"collection":[{"href":"https:\/\/www.sisinternational.com\/pt\/wp-json\/wp\/v2\/pages"}],"about":[{"href":"https:\/\/www.sisinternational.com\/pt\/wp-json\/wp\/v2\/types\/page"}],"author":[{"embeddable":true,"href":"https:\/\/www.sisinternational.com\/pt\/wp-json\/wp\/v2\/users\/1"}],"replies":[{"embeddable":true,"href":"https:\/\/www.sisinternational.com\/pt\/wp-json\/wp\/v2\/comments?post=41859"}],"version-history":[{"count":6,"href":"https:\/\/www.sisinternational.com\/pt\/wp-json\/wp\/v2\/pages\/41859\/revisions"}],"predecessor-version":[{"id":81653,"href":"https:\/\/www.sisinternational.com\/pt\/wp-json\/wp\/v2\/pages\/41859\/revisions\/81653"}],"up":[{"embeddable":true,"href":"https:\/\/www.sisinternational.com\/pt\/wp-json\/wp\/v2\/pages\/14514"}],"wp:featuredmedia":[{"embeddable":true,"href":"https:\/\/www.sisinternational.com\/pt\/wp-json\/wp\/v2\/media\/63991"}],"wp:attachment":[{"href":"https:\/\/www.sisinternational.com\/pt\/wp-json\/wp\/v2\/media?parent=41859"}],"curies":[{"name":"wp","href":"https:\/\/api.w.org\/{rel}","templated":true}]}}