{"id":41856,"date":"2023-03-17T23:18:21","date_gmt":"2023-03-18T03:18:21","guid":{"rendered":"https:\/\/www.sisinternational.com\/?page_id=41856"},"modified":"2026-01-24T21:07:06","modified_gmt":"2026-01-25T02:07:06","slug":"pesquisa-de-mercado-de-moodboard","status":"publish","type":"page","link":"https:\/\/www.sisinternational.com\/pt\/pericia\/pesquisa-de-mercado-de-moodboard\/","title":{"rendered":"Pesquisa de mercado do Mood Board"},"content":{"rendered":"<h1 class=\"wp-block-heading\">Pesquisa de mercado do Mood Board<\/h1>\n\n\n\n<figure class=\"gb-block-image gb-block-image-acefab1b\"><img loading=\"lazy\" decoding=\"async\" width=\"1456\" height=\"816\" class=\"gb-image gb-image-acefab1b\" src=\"https:\/\/www.sisinternational.com\/wp-content\/uploads\/2025\/08\/Optimizing-Multi-Channel-Marketing-Strategies-4.jpg\" alt=\"Pesquisa e Estrat\u00e9gia de Mercado Internacional da SIS\" title=\"Optimizing Multi-Channel Marketing Strategies (4)\" srcset=\"https:\/\/www.sisinternational.com\/wp-content\/uploads\/2025\/08\/Optimizing-Multi-Channel-Marketing-Strategies-4.jpg 1456w, https:\/\/www.sisinternational.com\/wp-content\/uploads\/2025\/08\/Optimizing-Multi-Channel-Marketing-Strategies-4-300x168.jpg 300w, https:\/\/www.sisinternational.com\/wp-content\/uploads\/2025\/08\/Optimizing-Multi-Channel-Marketing-Strategies-4-1024x574.jpg 1024w, https:\/\/www.sisinternational.com\/wp-content\/uploads\/2025\/08\/Optimizing-Multi-Channel-Marketing-Strategies-4-768x430.jpg 768w, https:\/\/www.sisinternational.com\/wp-content\/uploads\/2025\/08\/Optimizing-Multi-Channel-Marketing-Strategies-4-18x10.jpg 18w\" sizes=\"auto, (max-width: 1456px) 100vw, 1456px\"><\/figure>\n\n\n\n<hr class=\"wp-block-separator has-alpha-channel-opacity is-style-dots\"\/>\n\n\n\n<p>Um mood board \u00e9 uma representa\u00e7\u00e3o visual de um conceito ou ideia, composto por imagens, cores, texturas e tipografia. Consequentemente, a pesquisa de mercado do mood board envolve o uso dessas representa\u00e7\u00f5es visuais para coletar feedback dos consumidores e ajudar no processo de tomada de decis\u00e3o.<\/p>\n\n\n\n<p>Hoje, a pesquisa de mercado de mood board tornou-se uma ferramenta cada vez mais popular para empresas que buscam entender as prefer\u00eancias de seu p\u00fablico-alvo \u2013 e projetar produtos que se alinhem com essas prefer\u00eancias.<\/p>\n\n\n\n<h2 class=\"wp-block-heading\">O que \u00e9 pesquisa de mercado de mood board?<\/h2>\n\n\n\n<p><a href=\"https:\/\/www.sisinternational.com\/pt\/publicacoes\/inteligencia-de-humor-da-irma\/\" title=\"Pesquisa de mercado de humor\"  data-wpil-monitor-id=\"6719\">Mood board market research<\/a> is a tool for gathering feedback from consumers on product concepts, design ideas, or marketing materials using visual mood boards. By presenting a collection of images, colors, textures, and typography that represent the brand, product, or idea; mood boards can elicit emotional responses and help consumers articulate their thoughts and preferences.<\/p>\n\n\n\n<p>Esse tipo de pesquisa de mercado \u00e9 frequentemente usado nos est\u00e1gios iniciais do desenvolvimento de produtos porque as empresas podem coletar feedback sobre projetos ou recursos potenciais do produto antes de investir tempo e recursos significativos no processo de desenvolvimento. O objetivo \u00e9 coletar feedback e insights do consumidor que possam informar o desenvolvimento de produtos, refinar mensagens de marketing ou melhorar a experi\u00eancia geral do cliente.<\/p>\n\n\n\n<p>Os insights obtidos com a pesquisa de mercado do mood board podem ajudar as empresas a tomar decis\u00f5es baseadas em dados e a criar produtos que repercutam em seu p\u00fablico-alvo.<\/p>\n\n\n\n<h2 class=\"wp-block-heading\">Import\u00e2ncia da pesquisa de mercado do mood board<\/h2>\n\n\n\n<p>Ao aproveitar os pain\u00e9is de humor, as empresas podem obter uma compreens\u00e3o mais profunda das prefer\u00eancias do consumidor e usar essa percep\u00e7\u00e3o para criar produtos que ressoem com seu p\u00fablico-alvo.<\/p>\n\n\n\n<p>Esse feedback pode ajudar as empresas a refinar seus designs ou mensagens de marketing para melhor alinh\u00e1-los com as prefer\u00eancias de seu p\u00fablico-alvo \u2013 e isso resulta em um melhor ROI e em produtos que podem permanecer no mercado por mais tempo.<\/p>\n\n\n\n<p>A pesquisa de mercado do Mood Board tamb\u00e9m pode ajudar as empresas a identificar tend\u00eancias emergentes e antecipar a demanda do consumidor. As empresas podem identificar padr\u00f5es nas prefer\u00eancias dos consumidores e antecipar o que poder\u00e1 ser popular no futuro.<\/p>\n\n\n\n<p>Pode reduzir o risco de falha do produto porque as empresas podem identificar potenciais problemas com os seus designs ou caracter\u00edsticas do produto antes de investirem tempo e recursos significativos no processo de desenvolvimento.<\/p>\n\n\n\n<h2 class=\"wp-block-heading\">Benef\u00edcios da pesquisa de mercado do mood board<\/h2>\n\n\n\n<ul class=\"wp-block-list\">\n<li><strong>Melhor desenvolvimento de produto:<\/strong> A pesquisa de mercado do Mood Board pode melhorar o desenvolvimento de produtos, fornecendo insights sobre tend\u00eancias emergentes e a demanda dos clientes. Ao coletar feedback sobre poss\u00edveis designs ou recursos de produtos, as empresas podem identificar padr\u00f5es nas prefer\u00eancias dos consumidores e antecipar o que poder\u00e1 ser popular no futuro. Essas informa\u00e7\u00f5es podem informar estrat\u00e9gias de desenvolvimento de produtos, permitindo que as empresas criem produtos com maior probabilidade de sucesso no mercado.<\/li>\n\n\n\n<li><strong>Feedback mais preciso e acion\u00e1vel:<\/strong> Pode provocar respostas emocionais e ajudar os consumidores a articular seus pensamentos e prefer\u00eancias com mais precis\u00e3o. Ao apresentar aos consumidores uma representa\u00e7\u00e3o visual de um produto ou marca, as empresas podem obter feedback mais detalhado e pr\u00e1tico que pode informar o desenvolvimento de produtos e estrat\u00e9gias de marketing.<\/li>\n\n\n\n<li><strong>Custo-beneficio:<\/strong> A pesquisa de mercado do Mood Board pode ser uma forma econ\u00f4mica para as empresas obterem feedback dos consumidores. Com esta ferramenta de pesquisa, as empresas podem obter feedback de v\u00e1rios consumidores de forma r\u00e1pida e eficiente, sem incorrer nos elevados custos associados aos m\u00e9todos tradicionais de pesquisa de mercado.<\/li>\n<\/ul>\n\n\n\n<h2 class=\"wp-block-heading\">Limita\u00e7\u00f5es da pesquisa de mercado do mood board<\/h2>\n\n\n\n<p>Embora a pesquisa de mercado do mood board possa ser uma ferramenta \u00fatil para coletar feedback dos consumidores, existem v\u00e1rias limita\u00e7\u00f5es das quais as empresas devem estar cientes.<\/p>\n\n\n\n<ul class=\"wp-block-list\">\n<li><strong>Contexto limitado do mundo real:<\/strong> Apresenta um produto ou marca num formato simplificado e est\u00e1tico, que pode n\u00e3o refletir com precis\u00e3o como os consumidores interagiriam com o produto ou marca no mundo real. Isso pode limitar a efic\u00e1cia da pesquisa do mood board na previs\u00e3o do comportamento real do consumidor.<\/li>\n\n\n\n<li><a href=\"https:\/\/www.sisinternational.com\/pt\/pericia\/industrias\/pesquisa-de-mercado-para-pequenas-e-medias-empresas\/\" title=\"Pesquisa de mercado para pequenas e m\u00e9dias empresas\"  data-wpil-monitor-id=\"3152\">Small sample size: Mood board market research<\/a> is typically conducted with a small group of participants, which may not be representative of the target audience as a whole. This can limit the generalizability of the research findings and the ability to make broad conclusions about consumer preferences.<\/li>\n\n\n\n<li><strong>Insights restritos sobre a tomada de decis\u00f5es:<\/strong> A pesquisa do Mood Board pode n\u00e3o fornecer uma compreens\u00e3o completa do processo de tomada de decis\u00e3o pelo qual os consumidores passam ao avaliar um produto ou marca. Outros fatores, como pre\u00e7o, qualidade e reputa\u00e7\u00e3o da marca, podem desempenhar um papel significativo no processo de tomada de decis\u00e3o que n\u00e3o \u00e9 capturado na pesquisa do mood board.<\/li>\n\n\n\n<li><strong>Feedback limitado sobre recursos espec\u00edficos:<\/strong> A pesquisa do Mood Board pode n\u00e3o fornecer feedback detalhado sobre caracter\u00edsticas ou aspectos espec\u00edficos de um produto ou marca. Os participantes podem concentrar-se nas impress\u00f5es gerais em vez de detalhes espec\u00edficos, o que pode limitar a utilidade da investiga\u00e7\u00e3o na informa\u00e7\u00e3o de estrat\u00e9gias de desenvolvimento de produtos.<\/li>\n<\/ul>\n\n\n\n<h2 class=\"wp-block-heading\">Perspectivas futuras e tend\u00eancias na pesquisa de mercado do mood board<\/h2>\n\n\n\n<p>The mood board market research industry is constantly evolving and changing, driven by advancements in technology, changing consumer behaviors, and emerging design trends. Here are some potential future outlooks and trends for the <a href=\"https:\/\/www.sisinternational.com\/pt\/pericia\/industrias\/pesquisa-de-mercado-automotivo\/futuro-dos-veiculos-eletricos-nos-eua\/\" title=\"The Future of Electric Vehicles in the USA &#8211; The Next 5 Years\"  data-wpil-monitor-id=\"1863\">pesquisa de mercado de moodboard<\/a> industry in the next few years:<\/p>\n\n\n\n<ul class=\"wp-block-list\">\n<li><strong>Maior ado\u00e7\u00e3o de ferramentas digitais:<\/strong> Com o surgimento de ferramentas e plataformas digitais, a ind\u00fastria de pesquisa de mercado de mood board provavelmente ver\u00e1 uma mudan\u00e7a em dire\u00e7\u00e3o a ferramentas e t\u00e9cnicas mais digitais. Isso incluir\u00e1 o uso de ferramentas de realidade virtual e aumentada para criar pain\u00e9is de humor imersivos e ferramentas de design 3D que permitem visualiza\u00e7\u00f5es mais realistas.<\/li>\n\n\n\n<li><strong>Demanda crescente por personaliza\u00e7\u00e3o:<\/strong> Os consumidores procuram cada vez mais produtos e servi\u00e7os personalizados de acordo com os seus gostos e prefer\u00eancias. Isso provavelmente levar\u00e1 a um aumento no uso de pain\u00e9is de humor no desenvolvimento de produtos e em campanhas de marketing para ajudar as marcas a criar mensagens personalizadas e direcionadas.<\/li>\n\n\n\n<li><strong>\u00canfase na sustentabilidade:<\/strong> Com preocupa\u00e7\u00f5es crescentes sobre o meio ambiente e a sustentabilidade, a ind\u00fastria de pesquisa de mercado de pain\u00e9is de humor provavelmente ver\u00e1 uma \u00eanfase maior em materiais e pr\u00e1ticas sustent\u00e1veis. Isto incluir\u00e1 o uso de materiais ecol\u00f3gicos na cria\u00e7\u00e3o de pain\u00e9is de humor e um foco na cria\u00e7\u00e3o de designs que sejam mais ecol\u00f3gicos.<\/li>\n\n\n\n<li><strong>Colabora\u00e7\u00e3o e cocria\u00e7\u00e3o:<\/strong> \u00c0 medida que a ind\u00fastria de pesquisa de mercado de pain\u00e9is de humor continua a evoluir, provavelmente haver\u00e1 uma \u00eanfase maior na colabora\u00e7\u00e3o e na cocria\u00e7\u00e3o. Isto envolver\u00e1 reunir designers, consumidores e outras partes interessadas para criar pain\u00e9is de humor e solu\u00e7\u00f5es de design que atendam \u00e0s necessidades de todos os envolvidos.<\/li>\n\n\n\n<li><strong>Integra\u00e7\u00e3o com IA e aprendizado de m\u00e1quina:<\/strong> Com os avan\u00e7os na IA e no aprendizado de m\u00e1quina, a ind\u00fastria de pesquisa de mercado de mood boards provavelmente ver\u00e1 uma maior integra\u00e7\u00e3o dessas tecnologias na cria\u00e7\u00e3o e an\u00e1lise de mood boards. Isto permitir\u00e1 uma an\u00e1lise mais sofisticada do comportamento e das prefer\u00eancias do consumidor, bem como processos de cria\u00e7\u00e3o de mood boards mais automatizados e simplificados.<\/li>\n<\/ul>\n\n\n<h2>Localiza\u00e7\u00e3o de nossas instala\u00e7\u00f5es em Nova York<\/h2>\n<p><!-- \/wp:post-content --> <!-- wp:html --> <iframe loading=\"lazy\" src=\"https:\/\/www.google.com\/maps\/embed?pb=!1m18!1m12!1m3!1d3022.976188376966!2d-73.99130312499956!3d40.740549471389315!2m3!1f0!2f0!3f0!3m2!1i1024!2i768!4f13.1!3m3!1m2!1s0x89c259a15798c731%3A0xd695d09bdd495f25!2s11%20E%2022nd%20St%20FL%202%2C%20New%20York%2C%20NY%2010010%2C%20USA!5e0!3m2!1sen!2spe!4v1726171763526!5m2!1sen!2spe\" width=\"600\" height=\"450\" allowfullscreen=\"allowfullscreen\" data-mce-fragment=\"1\"><\/iframe> <!-- \/wp:html --> <!-- wp:paragraph --><\/p>\n<h3 class=\"wp-block-heading\">11 E 22nd Street, andar 2, Nova York, NY 10010 T: +1(212) 505-6805<\/h3>\n<hr \/>\n<h2><span style=\"font-weight: 400;\">Sobre SIS Internacional<\/span><\/h2>\n<p><a href=\"https:\/\/www.sisinternational.com\/pt\/\"><span style=\"font-weight: 400;\">SIS Internacional<\/span><\/a><span style=\"font-weight: 400;\"> oferece pesquisa quantitativa, qualitativa e estrat\u00e9gica. Fornecemos dados, ferramentas, estrat\u00e9gias, relat\u00f3rios e insights para a tomada de decis\u00f5es. Tamb\u00e9m realizamos entrevistas, pesquisas, grupos focais e outros m\u00e9todos e abordagens de Pesquisa de Mercado.<\/span><a href=\"https:\/\/www.sisinternational.com\/pt\/sobre-a-sis-international-research\/contact-sis-international-market-research\/\"><span style=\"font-weight: 400;\"> Entre em contato conosco<\/span><\/a><span style=\"font-weight: 400;\"> para o seu pr\u00f3ximo projeto de pesquisa de mercado.<\/span><\/p>\n<\/p>","protected":false},"excerpt":{"rendered":"<p>Um mood board \u00e9 uma representa\u00e7\u00e3o visual de um conceito ou ideia composta por imagens, cores, texturas e tipografia. <\/p>","protected":false},"author":1,"featured_media":64897,"parent":14514,"menu_order":210,"comment_status":"closed","ping_status":"closed","template":"","meta":{"footnotes":""},"class_list":["post-41856","page","type-page","status-publish","has-post-thumbnail"],"_links":{"self":[{"href":"https:\/\/www.sisinternational.com\/pt\/wp-json\/wp\/v2\/pages\/41856","targetHints":{"allow":["GET"]}}],"collection":[{"href":"https:\/\/www.sisinternational.com\/pt\/wp-json\/wp\/v2\/pages"}],"about":[{"href":"https:\/\/www.sisinternational.com\/pt\/wp-json\/wp\/v2\/types\/page"}],"author":[{"embeddable":true,"href":"https:\/\/www.sisinternational.com\/pt\/wp-json\/wp\/v2\/users\/1"}],"replies":[{"embeddable":true,"href":"https:\/\/www.sisinternational.com\/pt\/wp-json\/wp\/v2\/comments?post=41856"}],"version-history":[{"count":8,"href":"https:\/\/www.sisinternational.com\/pt\/wp-json\/wp\/v2\/pages\/41856\/revisions"}],"predecessor-version":[{"id":80301,"href":"https:\/\/www.sisinternational.com\/pt\/wp-json\/wp\/v2\/pages\/41856\/revisions\/80301"}],"up":[{"embeddable":true,"href":"https:\/\/www.sisinternational.com\/pt\/wp-json\/wp\/v2\/pages\/14514"}],"wp:featuredmedia":[{"embeddable":true,"href":"https:\/\/www.sisinternational.com\/pt\/wp-json\/wp\/v2\/media\/64897"}],"wp:attachment":[{"href":"https:\/\/www.sisinternational.com\/pt\/wp-json\/wp\/v2\/media?parent=41856"}],"curies":[{"name":"wp","href":"https:\/\/api.w.org\/{rel}","templated":true}]}}