{"id":41853,"date":"2023-03-17T22:37:16","date_gmt":"2023-03-18T02:37:16","guid":{"rendered":"https:\/\/www.sisinternational.com\/?page_id=41853"},"modified":"2026-01-24T21:16:20","modified_gmt":"2026-01-25T02:16:20","slug":"pesquisa-de-mercado-de-microesferas-de-micromoldagem","status":"publish","type":"page","link":"https:\/\/www.sisinternational.com\/pt\/pericia\/pesquisa-de-mercado-de-microesferas-de-micromoldagem\/","title":{"rendered":"Pesquisa de mercado de micromoldagem e microesferas"},"content":{"rendered":"<h1 class=\"wp-block-heading\">Pesquisa de mercado de micromoldagem e microesferas<\/h1>\n\n\n\n<figure class=\"gb-block-image gb-block-image-28cbaea8\"><img loading=\"lazy\" decoding=\"async\" width=\"1456\" height=\"816\" class=\"gb-image gb-image-28cbaea8\" src=\"https:\/\/www.sisinternational.com\/wp-content\/uploads\/2025\/08\/Micromolding-1.jpg\" alt=\"Pesquisa e Estrat\u00e9gia de Mercado Internacional da SIS\" title=\"Micromolding (1)\" srcset=\"https:\/\/www.sisinternational.com\/wp-content\/uploads\/2025\/08\/Micromolding-1.jpg 1456w, https:\/\/www.sisinternational.com\/wp-content\/uploads\/2025\/08\/Micromolding-1-300x168.jpg 300w, https:\/\/www.sisinternational.com\/wp-content\/uploads\/2025\/08\/Micromolding-1-1024x574.jpg 1024w, https:\/\/www.sisinternational.com\/wp-content\/uploads\/2025\/08\/Micromolding-1-768x430.jpg 768w, https:\/\/www.sisinternational.com\/wp-content\/uploads\/2025\/08\/Micromolding-1-18x10.jpg 18w\" sizes=\"auto, (max-width: 1456px) 100vw, 1456px\"><\/figure>\n\n\n\n<p><\/p>\n\n\n\n<p>Micromoldagem e microesferas se relacionam entre si. Ainda. eles se referem a coisas diferentes.<\/p>\n\n\n\n<p>A micromoldagem \u00e9 um processo de fabrica\u00e7\u00e3o para produzir pe\u00e7as pl\u00e1sticas pequenas e precisas. Suas dimens\u00f5es s\u00e3o da ordem de micr\u00f4metros ou mil\u00edmetros. Um t\u00e9cnico injeta pl\u00e1stico derretido em uma cavidade de molde sob alta press\u00e3o. O pl\u00e1stico ent\u00e3o esfria e solidifica para formar a pe\u00e7a desejada. As ind\u00fastrias de dispositivos m\u00e9dicos, eletr\u00f4nicos e automotivos usam micromoldagem para produzir pe\u00e7as pequenas e complexas.<\/p>\n\n\n\n<p>Microesferas s\u00e3o min\u00fasculas part\u00edculas esf\u00e9ricas com di\u00e2metros que variam de nan\u00f4metros a mil\u00edmetros. Seus fabricantes utilizam diversos materiais para produzi-los. Esses materiais incluem vidro, pol\u00edmeros, metais e cer\u00e2mica. As microesferas t\u00eam muitas aplica\u00e7\u00f5es em diferentes campos. As ind\u00fastrias de cosm\u00e9ticos, distribui\u00e7\u00e3o de medicamentos e ci\u00eancia de materiais s\u00e3o alguns exemplos. Por exemplo, a ind\u00fastria cosm\u00e9tica utiliza microesferas como esfoliantes. Eles tamb\u00e9m servem como transportadores de ingredientes ativos. A entrega de medicamentos \u00e9 outro exemplo, onde as microesferas podem encapsular medicamentos e controlar a sua liberta\u00e7\u00e3o ao longo do tempo.<\/p>\n\n\n\n<p>Em alguns casos, a micromoldagem pode produzir microesferas. Por exemplo, existe um processo conhecido como moldagem por microinje\u00e7\u00e3o. Envolve a inje\u00e7\u00e3o de pol\u00edmero fundido em uma cavidade do molde menor que um mil\u00edmetro. A parte resultante \u00e9 uma microesfera com tamanho e formato precisos.<\/p>\n\n\n\n<h2 class=\"wp-block-heading\">Por que a micromoldagem e as microesferas s\u00e3o importantes?<\/h2>\n\n\n\n<p>Micromoldagem e microesferas s\u00e3o essenciais por v\u00e1rios motivos. Eles desempenham pap\u00e9is importantes em v\u00e1rios setores. Eles permitem a produ\u00e7\u00e3o de pe\u00e7as pequenas e precisas. Tanto a micromoldagem quanto as microesferas melhoram o desempenho de materiais e produtos.<\/p>\n\n\n\n<p>A micromoldagem permite a produ\u00e7\u00e3o de pe\u00e7as pequenas e complexas com alta precis\u00e3o e exatid\u00e3o. \u00c9 essencial em ind\u00fastrias como dispositivos m\u00e9dicos e eletr\u00f4nicos. Tamanhos pequenos e medi\u00e7\u00f5es precisas s\u00e3o essenciais nessas ind\u00fastrias.<br>\u00c9 um m\u00e9todo econ\u00f4mico para produzir pe\u00e7as pequenas em grandes quantidades. Com ele, os fabricantes podem fabricar pe\u00e7as de forma r\u00e1pida e eficiente, utilizando processos automatizados e equipamentos de alta velocidade.<\/p>\n\n\n\n<p>Permite a customiza\u00e7\u00e3o de pe\u00e7as para atender necessidades espec\u00edficas. Os fabricantes podem criar pe\u00e7as com formatos, tamanhos e propriedades mec\u00e2nicas espec\u00edficas. Eles precisam apenas ajustar o design do molde e as propriedades do material.<\/p>\n\n\n\n<p>As microesferas t\u00eam muitas aplica\u00e7\u00f5es, incluindo administra\u00e7\u00e3o de medicamentos, cosm\u00e9ticos e ci\u00eancia de materiais. Os fabricantes podem usar v\u00e1rios materiais para produzi-los. Eles tamb\u00e9m podem projet\u00e1-los para terem propriedades espec\u00edficas. Por exemplo, eles podem ter libera\u00e7\u00e3o controlada ou propriedades magn\u00e9ticas.<\/p>\n\n\n\n<p>Microspheres can further improve the performance of materials and products. They do so by adding new properties or functionalities. For example, adding microspheres to <a class=\"wpil_keyword_link\" href=\"https:\/\/www.sisinternational.com\/pt\/pericia\/industrias\/pesquisa-de-mercado-de-tintas-revestimentos-e-tintas-de-impressao\/\"   title=\"Pesquisa de mercado de tintas, revestimentos e tintas de impress\u00e3o\" data-wpil-keyword-link=\"linked\"  data-wpil-monitor-id=\"712\">coatings<\/a> can improve their scratch resistance. Adding them to composites can improve their strength and stiffness.<\/p>\n\n\n\n<h2 class=\"wp-block-heading\">Principais cargos<\/h2>\n\n\n\n<h3 class=\"wp-block-heading\">Aqui est\u00e3o alguns cargos importantes nas \u00e1reas de micromoldagem e microesferas:<\/h3>\n\n\n\n<figure class=\"gb-block-image gb-block-image-88cf0ee2\"><img loading=\"lazy\" decoding=\"async\" width=\"1456\" height=\"816\" class=\"gb-image gb-image-88cf0ee2\" src=\"https:\/\/www.sisinternational.com\/wp-content\/uploads\/2025\/08\/Micromolding-4.jpg\" alt=\"Pesquisa e Estrat\u00e9gia de Mercado Internacional da SIS\" title=\"Micromolding (4)\" srcset=\"https:\/\/www.sisinternational.com\/wp-content\/uploads\/2025\/08\/Micromolding-4.jpg 1456w, https:\/\/www.sisinternational.com\/wp-content\/uploads\/2025\/08\/Micromolding-4-300x168.jpg 300w, https:\/\/www.sisinternational.com\/wp-content\/uploads\/2025\/08\/Micromolding-4-1024x574.jpg 1024w, https:\/\/www.sisinternational.com\/wp-content\/uploads\/2025\/08\/Micromolding-4-768x430.jpg 768w, https:\/\/www.sisinternational.com\/wp-content\/uploads\/2025\/08\/Micromolding-4-18x10.jpg 18w\" sizes=\"auto, (max-width: 1456px) 100vw, 1456px\"><\/figure>\n\n\n\n<ol class=\"wp-block-list\">\n<li>Engenheiro de Micro Moldagem. Um engenheiro de micromoldagem trabalha com projetistas de moldes para desenvolver pe\u00e7as pl\u00e1sticas de tamanho micro. Eles tamb\u00e9m trabalham com equipes de produ\u00e7\u00e3o para criar e otimizar processos de micromoldagem.<\/li>\n\n\n\n<li>Qu\u00edmico de S\u00edntese de Microesferas. Esse tipo de qu\u00edmico projeta e sintetiza microesferas com propriedades espec\u00edficas. Eles projetam essas microesferas para diversas aplica\u00e7\u00f5es. Os qu\u00edmicos de s\u00edntese de microesferas trabalham em laborat\u00f3rios para desenvolver e otimizar m\u00e9todos de s\u00edntese. Eles tamb\u00e9m podem trabalhar com equipes de produ\u00e7\u00e3o para ampliar a produ\u00e7\u00e3o de microesferas.<\/li>\n\n\n\n<li>T\u00e9cnico em Moldagem por Micro Inje\u00e7\u00e3o. Este t\u00e9cnico monta e opera m\u00e1quinas de moldagem por microinje\u00e7\u00e3o para produzir pequenas pe\u00e7as pl\u00e1sticas. Eles trabalham com designers de moldes e equipes de produ\u00e7\u00e3o. Juntos, eles garantem que as pe\u00e7as atendam \u00e0s especifica\u00e7\u00f5es exigidas.<\/li>\n\n\n\n<li>Cientista de Aplica\u00e7\u00f5es de Microesferas. Um cientista de aplica\u00e7\u00f5es de microesferas trabalha com clientes. Como o t\u00edtulo do trabalho sugere, eles identificam aplica\u00e7\u00f5es para microesferas. Eles tamb\u00e9m desenvolvem novas aplica\u00e7\u00f5es baseadas nas propriedades das microesferas. Eles podem trabalhar com equipes de desenvolvimento de produtos para colocar microesferas em novos produtos.<\/li>\n\n\n\n<li>Engenheiro de Controle de Qualidade. Um engenheiro de controle de qualidade garante que as pe\u00e7as micromoldadas e microesferas atendam \u00e0s especifica\u00e7\u00f5es e padr\u00f5es de qualidade exigidos. Eles desenvolvem e implementam processos de controle de qualidade. Eles tamb\u00e9m trabalham com equipes de produ\u00e7\u00e3o para identificar e corrigir problemas de qualidade.<\/li>\n<\/ol>\n\n\n\n<h2 class=\"wp-block-heading\">Por que as empresas precisam de micromoldagem e microesferas?<\/h2>\n\n\n\n<p>As empresas precisam de micromoldagem e microesferas por v\u00e1rios motivos. Essas empresas podem obter uma vantagem competitiva. Tudo o que eles precisam fazer \u00e9 produzir pe\u00e7as personalizadas de alta qualidade que atendam a necessidades espec\u00edficas. Fazer isso pode levar ao aumento da satisfa\u00e7\u00e3o e fidelidade do cliente.<\/p>\n\n\n\n<p>As empresas tamb\u00e9m precisam de micromoldagem e microesferas para melhorar seus processos de fabrica\u00e7\u00e3o. Eles tamb\u00e9m os usam para criar produtos personalizados. Al\u00e9m disso, essas tecnologias permitem que as empresas atendam \u00e0s necessidades dos clientes com pe\u00e7as precisas e de alta qualidade.<\/p>\n\n\n\n<h2 class=\"wp-block-heading\">Principais fatores de sucesso<\/h2>\n\n\n\n<figure class=\"gb-block-image gb-block-image-3e2c08aa\"><img loading=\"lazy\" decoding=\"async\" width=\"1456\" height=\"816\" class=\"gb-image gb-image-3e2c08aa\" src=\"https:\/\/www.sisinternational.com\/wp-content\/uploads\/2025\/08\/Micromolding-3.jpg\" alt=\"Pesquisa e Estrat\u00e9gia de Mercado Internacional da SIS\" title=\"Micromolding (3)\" srcset=\"https:\/\/www.sisinternational.com\/wp-content\/uploads\/2025\/08\/Micromolding-3.jpg 1456w, https:\/\/www.sisinternational.com\/wp-content\/uploads\/2025\/08\/Micromolding-3-300x168.jpg 300w, https:\/\/www.sisinternational.com\/wp-content\/uploads\/2025\/08\/Micromolding-3-1024x574.jpg 1024w, https:\/\/www.sisinternational.com\/wp-content\/uploads\/2025\/08\/Micromolding-3-768x430.jpg 768w, https:\/\/www.sisinternational.com\/wp-content\/uploads\/2025\/08\/Micromolding-3-18x10.jpg 18w\" sizes=\"auto, (max-width: 1456px) 100vw, 1456px\"><\/figure>\n\n\n\n<p><\/p>\n\n\n\n<p>O sucesso em micromoldagem e microesferas requer conhecimento t\u00e9cnico. Os campos exigem experi\u00eancia em ci\u00eancia de materiais, qu\u00edmica, engenharia e fabrica\u00e7\u00e3o. Essa experi\u00eancia \u00e9 necess\u00e1ria para processos de micromoldagem e s\u00edntese de microesferas.<\/p>\n\n\n\n<p>O sucesso na micromoldagem e nas microesferas tamb\u00e9m requer inova\u00e7\u00e3o. Essa inova\u00e7\u00e3o \u00e9 mais evidente na ci\u00eancia dos materiais, na qu\u00edmica e nos processos de fabrica\u00e7\u00e3o. \u00c9 necess\u00e1rio desenvolver novos m\u00e9todos de micromoldagem e s\u00edntese de microesferas. A inova\u00e7\u00e3o tamb\u00e9m \u00e9 essencial para aplicar estas tecnologias a novas aplica\u00e7\u00f5es e mercados.<\/p>\n\n\n\n<p>Esses campos exigem processos rigorosos de controle de qualidade. Esses processos garantem que as pe\u00e7as e microesferas produzidas atendam \u00e0s especifica\u00e7\u00f5es exigidas. Eles tamb\u00e9m devem seguir padr\u00f5es de qualidade. Por exemplo, devem implementar processos de controlo de qualidade em todas as fases do processo de fabrico. As empresas tamb\u00e9m precisam fazer monitoramento cont\u00ednuo para melhorar esses processos.<\/p>\n\n\n\n<p>Micromoldagem e microesferas precisam de colabora\u00e7\u00e3o entre as partes interessadas. Essas partes interessadas incluem engenheiros, qu\u00edmicos, cientistas de materiais e equipes de produ\u00e7\u00e3o. Esta colabora\u00e7\u00e3o \u00e9 necess\u00e1ria para desenvolver e otimizar processos de micromoldagem e microesferas. Tamb\u00e9m ajuda na resolu\u00e7\u00e3o de desafios t\u00e9cnicos durante a fabrica\u00e7\u00e3o.<\/p>\n\n\n\n<p>Outra regra para o sucesso \u00e9 uma abordagem de desenvolvimento e fabrica\u00e7\u00e3o de produtos focada no cliente. Essa abordagem envolve a compreens\u00e3o das necessidades dos clientes. Os fabricantes tamb\u00e9m precisam desenvolver produtos que atendam a essas necessidades. Al\u00e9m disso, eles devem fornecer excelente atendimento e suporte ao cliente para garantir a satisfa\u00e7\u00e3o do cliente.<\/p>\n\n\n\n<p>As empresas precisam se concentrar nesses fatores cr\u00edticos de sucesso. Dessa forma, eles podem desenvolver e produzir pe\u00e7as e microesferas precisas e de alta qualidade. Essas pe\u00e7as e microesferas atender\u00e3o \u00e0s necessidades de seus clientes. Eles tamb\u00e9m proporcionar\u00e3o uma vantagem competitiva em seus respectivos mercados.<\/p>\n\n\n\n<h2 class=\"wp-block-heading\">Sobre pesquisa de mercado de micromoldagem e microesferas<\/h2>\n\n\n\n<p>A pesquisa de mercado \u00e9 outro fator cr\u00edtico de sucesso em micromoldagem e microesferas. Por exemplo, as empresas podem usar pesquisas quantitativas de pesquisa de mercado. Estas pesquisas podem fornecer um roteiro para o futuro. A pesquisa qualitativa de mercado tamb\u00e9m \u00e9 essencial.<\/p>\n\n\n\n<p>At SIS International Research, we\u2019ll provide a thorough Competitive Analysis. With this analysis, you can design a Go to Market Strategy. We also offer Strategy <a href=\"https:\/\/www.sisinternational.com\/pt\/cobertura\/as-americas\/pesquisa-de-mercado-no-caribe\/pesquisa-de-mercado-montserrat\/\" title=\"Pesquisa de mercado em Montserrat\"  data-wpil-monitor-id=\"3267\">Pesquisa de mercado<\/a>, Market Opportunity Research, and Market Sizing Research. SIS can set up Focus Groups and Interviews for <a href=\"https:\/\/www.sisinternational.com\/pt\/cobertura\/as-americas\/pesquisa-de-mercado-no-caribe\/pesquisa-de-mercado-em-sao-cristovao-nevis\/\" title=\"Pesquisa de mercado em S\u00e3o Crist\u00f3v\u00e3o e Nevis\"  data-wpil-monitor-id=\"3287\">Pesquisa de entrada no mercado<\/a>. We also help you discover how consumers feel about a product already on the market.<\/p>\n\n\n\n<p>Entre em contato com a SIS hoje para uma consulta.<\/p>","protected":false},"excerpt":{"rendered":"<p>A micromoldagem e as microesferas desempenham pap\u00e9is vitais em muitas ind\u00fastrias. Eles ajudam a produzir pe\u00e7as min\u00fasculas e precisas e a melhorar materiais e produtos.<\/p>","protected":false},"author":1,"featured_media":64822,"parent":14514,"menu_order":209,"comment_status":"closed","ping_status":"closed","template":"","meta":{"footnotes":""},"class_list":["post-41853","page","type-page","status-publish","has-post-thumbnail"],"_links":{"self":[{"href":"https:\/\/www.sisinternational.com\/pt\/wp-json\/wp\/v2\/pages\/41853","targetHints":{"allow":["GET"]}}],"collection":[{"href":"https:\/\/www.sisinternational.com\/pt\/wp-json\/wp\/v2\/pages"}],"about":[{"href":"https:\/\/www.sisinternational.com\/pt\/wp-json\/wp\/v2\/types\/page"}],"author":[{"embeddable":true,"href":"https:\/\/www.sisinternational.com\/pt\/wp-json\/wp\/v2\/users\/1"}],"replies":[{"embeddable":true,"href":"https:\/\/www.sisinternational.com\/pt\/wp-json\/wp\/v2\/comments?post=41853"}],"version-history":[{"count":6,"href":"https:\/\/www.sisinternational.com\/pt\/wp-json\/wp\/v2\/pages\/41853\/revisions"}],"predecessor-version":[{"id":77552,"href":"https:\/\/www.sisinternational.com\/pt\/wp-json\/wp\/v2\/pages\/41853\/revisions\/77552"}],"up":[{"embeddable":true,"href":"https:\/\/www.sisinternational.com\/pt\/wp-json\/wp\/v2\/pages\/14514"}],"wp:featuredmedia":[{"embeddable":true,"href":"https:\/\/www.sisinternational.com\/pt\/wp-json\/wp\/v2\/media\/64822"}],"wp:attachment":[{"href":"https:\/\/www.sisinternational.com\/pt\/wp-json\/wp\/v2\/media?parent=41853"}],"curies":[{"name":"wp","href":"https:\/\/api.w.org\/{rel}","templated":true}]}}