{"id":41839,"date":"2023-03-17T18:38:42","date_gmt":"2023-03-17T22:38:42","guid":{"rendered":"https:\/\/www.sisinternational.com\/?page_id=41839"},"modified":"2025-10-22T00:10:33","modified_gmt":"2025-10-22T04:10:33","slug":"pesquisa-de-mercado-com-mapa-de-calor","status":"publish","type":"page","link":"https:\/\/www.sisinternational.com\/pt\/pericia\/pesquisa-de-mercado-com-mapa-de-calor\/","title":{"rendered":"Pesquisa de mercado com mapa de calor"},"content":{"rendered":"<h1 class=\"wp-block-heading\">Pesquisa de mercado com mapa de calor<\/h1>\n\n\n\n<figure class=\"gb-block-image gb-block-image-5d3a09e3\"><img loading=\"lazy\" decoding=\"async\" width=\"1456\" height=\"816\" class=\"gb-image gb-image-5d3a09e3\" src=\"https:\/\/www.sisinternational.com\/wp-content\/uploads\/2025\/08\/Heatamp-2.jpg\" alt=\"Pesquisa e Estrat\u00e9gia de Mercado Internacional da SIS\" title=\"Heatamp (2)\" srcset=\"https:\/\/www.sisinternational.com\/wp-content\/uploads\/2025\/08\/Heatamp-2.jpg 1456w, https:\/\/www.sisinternational.com\/wp-content\/uploads\/2025\/08\/Heatamp-2-300x168.jpg 300w, https:\/\/www.sisinternational.com\/wp-content\/uploads\/2025\/08\/Heatamp-2-1024x574.jpg 1024w, https:\/\/www.sisinternational.com\/wp-content\/uploads\/2025\/08\/Heatamp-2-768x430.jpg 768w, https:\/\/www.sisinternational.com\/wp-content\/uploads\/2025\/08\/Heatamp-2-18x10.jpg 18w\" sizes=\"auto, (max-width: 1456px) 100vw, 1456px\"><\/figure>\n\n\n\n<p><\/p>\n\n\n\n<p>Ao se envolverem em pesquisas de mercado com mapas de calor, as empresas podem obter informa\u00e7\u00f5es valiosas sobre o comportamento e as prefer\u00eancias de seus clientes. Esta ferramenta \u00e9 particularmente vantajosa ao monitorar o design do site, a experi\u00eancia do usu\u00e1rio e as campanhas de marketing.<\/p>\n\n\n\n<p>Como resultado, ao compreender as suas aplica\u00e7\u00f5es potenciais, as organiza\u00e7\u00f5es podem compreender melhor a sua base de clientes e, ao mesmo tempo, tomar decis\u00f5es informadas que promover\u00e3o o crescimento e o sucesso.<\/p>\n\n\n\n<h2 class=\"wp-block-heading\">O que \u00e9 pesquisa de mercado com mapa de calor?<\/h2>\n\n\n\n<p>Heat map market research is an innovative approach to understand consumer behavior and preferences. It utilizes visual depictions of data to uncover what consumers are truly paying attention to. It does this by showcasing the information in such a way that it highlights areas with high or low engagement, helping companies analyze user experience, website design as <a href=\"https:\/\/www.sisinternational.com\/pt\/solucoes\/pesquisa-de-mercado-de-produtos-de-beleza\/pesquisa-de-mercado-de-bem-estar-dos-baby-boomers\/\" title=\"Pesquisa de mercado de bem-estar dos Baby Boomers\"  data-wpil-monitor-id=\"8587\">well as marketing<\/a> campaigns and product development.<\/p>\n\n\n\n<p>Furthermore, it provides valuable insights into consumer behavior because by examining the data produced by heat maps, businesses can recognize patterns in customer conduct that will inform strategic decisions towards <a href=\"https:\/\/www.sisinternational.com\/pt\/solucoes\/consultoria-estrategica\/consultoria-em-estrategia-de-pesquisa-de-mercado-de-responsabilidade-do-produto\/\" title=\"Pesquisa de mercado de responsabilidade do produto e consultoria estrat\u00e9gica\"  data-wpil-monitor-id=\"8585\">product development and marketing strategies<\/a>.<\/p>\n\n\n\n<h2 class=\"wp-block-heading\">Tipos de pesquisa de mercado com mapa de calor<\/h2>\n\n\n\n<p>There are different types of heat <a href=\"https:\/\/www.sisinternational.com\/pt\/solucoes\/consultoria-estrategica\/pesquisa-de-mercado-de-mapeamento-de-oportunidades\/\" title=\"Pesquisa de mercado de mapeamento de oportunidades\"  data-wpil-monitor-id=\"8581\">maps used in market research<\/a>, such as eye-tracking heat maps, click heat maps, scroll heat maps, attention heat maps, engagement heat maps, and emotion heat maps. From its sophisticated technology to a distinctive methodology, each heat map generates and displays data in an attractive visual format. For instance:<\/p>\n\n\n\n<ul class=\"wp-block-list\">\n<li><strong>Clique em mapas de calor:<\/strong> Por meio de mapas de calor de cliques, \u00e9 mais f\u00e1cil rastrear o comportamento do usu\u00e1rio em sites e aplicativos. Ao utilizar o c\u00f3digo de cores para indicar onde ocorre a maioria dos cliques ou toques, \u00e9 simples descobrir quais \u00e1reas envolvem os usu\u00e1rios ou quais partes apresentam poss\u00edveis problemas.<\/li>\n\n\n\n<li><strong>Rolar mapas de calor:<\/strong> Por meio do mapeamento t\u00e9rmico de rolagem, as empresas podem observar at\u00e9 que ponto os visitantes est\u00e3o rolando para baixo na p\u00e1gina e determinar quais partes dela consideram mais cativantes. Dessa forma, eles evitam que algum elemento passe despercebido ou seja ignorado.<\/li>\n\n\n\n<li><strong>Mapas de calor de rastreamento ocular:<\/strong> Os mapas de calor com rastreamento ocular permitem que as empresas monitorem onde os usu\u00e1rios est\u00e3o olhando em uma p\u00e1gina da web, identificando \u00e1reas que chamam mais aten\u00e7\u00e3o e ajudando-os a criar designs de sites mais eficientes. Com esses insights perspicazes sobre o comportamento do usu\u00e1rio, as empresas podem garantir que seu site esteja gerando o m\u00e1ximo envolvimento dos visitantes.<\/li>\n\n\n\n<li><strong>Mapas t\u00e9rmicos de rastreamento do mouse:<\/strong> Essa forma de mapa de calor registra os movimentos do ponteiro do mouse conforme os usu\u00e1rios interagem com uma p\u00e1gina da web e, em seguida, usa esses dados para gerar recursos visuais que demonstram quais \u00e1reas est\u00e3o atraindo mais aten\u00e7\u00e3o deles.<\/li>\n<\/ul>\n\n\n\n<h2 class=\"wp-block-heading\">Benef\u00edcios da pesquisa de mercado com mapa de calor<\/h2>\n\n\n\n<figure class=\"gb-block-image gb-block-image-08de3c36\"><img loading=\"lazy\" decoding=\"async\" width=\"1456\" height=\"816\" class=\"gb-image gb-image-08de3c36\" src=\"https:\/\/www.sisinternational.com\/wp-content\/uploads\/2025\/08\/Heatamp-4.jpg\" alt=\"Pesquisa e Estrat\u00e9gia de Mercado Internacional da SIS\" title=\"Heatamp (4)\" srcset=\"https:\/\/www.sisinternational.com\/wp-content\/uploads\/2025\/08\/Heatamp-4.jpg 1456w, https:\/\/www.sisinternational.com\/wp-content\/uploads\/2025\/08\/Heatamp-4-300x168.jpg 300w, https:\/\/www.sisinternational.com\/wp-content\/uploads\/2025\/08\/Heatamp-4-1024x574.jpg 1024w, https:\/\/www.sisinternational.com\/wp-content\/uploads\/2025\/08\/Heatamp-4-768x430.jpg 768w, https:\/\/www.sisinternational.com\/wp-content\/uploads\/2025\/08\/Heatamp-4-18x10.jpg 18w\" sizes=\"auto, (max-width: 1456px) 100vw, 1456px\"><\/figure>\n\n\n\n<p>Os mapas de calor fornecem uma representa\u00e7\u00e3o gr\u00e1fica dos dados f\u00e1cil de entender. \u00c9 f\u00e1cil de entender mesmo por quem n\u00e3o tem experi\u00eancia em an\u00e1lise.<\/p>\n\n\n\n<p>A pesquisa de mercado com mapas de calor permite que as empresas obtenham uma compreens\u00e3o exaustiva dos desejos de seus clientes, exibindo elementos-chave de suas p\u00e1ginas web.<\/p>\n\n\n\n<p>Com mapas de calor, as empresas podem entender rapidamente como os visitantes interagem com suas p\u00e1ginas da web ou com campanhas de marketing inteiras. Esse feedback imediato permite adaptar a experi\u00eancia do usu\u00e1rio e o envolvimento para maximizar os resultados.<\/p>\n\n\n\n<p>A pesquisa de mercado com mapa de calor \u00e9 uma forma econ\u00f4mica de obter insights sobre o comportamento e as prefer\u00eancias do cliente, em compara\u00e7\u00e3o com os m\u00e9todos tradicionais mais caros, como pesquisas e grupos focais.<\/p>\n\n\n\n<p>Ao aproveitar os mapas de calor, as empresas podem obter evid\u00eancias irrefut\u00e1veis do comportamento do usu\u00e1rio e eliminar qualquer preconceito ou subjetividade potencial tradicionalmente encontrada em outros m\u00e9todos de pesquisa.<\/p>\n\n\n\n<h2 class=\"wp-block-heading\">Limita\u00e7\u00f5es da pesquisa de mercado com mapa de calor<\/h2>\n\n\n\n<ul class=\"wp-block-list\">\n<li>Heat maps offer a wealth of data about user behavior. However, without taking into account the reasons for certain usage patterns, businesses may struggle to use heat map information effectively. Further research on <a href=\"https:\/\/www.sisinternational.com\/pt\/estudo-de-caso-hipotetico-de-analise-de-consumo-eharmony\/\" title=\"An\u00e1lise do consumidor: estudo de caso hipot\u00e9tico da eHarmony\"  data-wpil-monitor-id=\"8574\">consumidor<\/a> inclinations and motivations could enable them to gain an even deeper understanding of their analytics to make more informed decisions.<\/li>\n\n\n\n<li>Tamanhos de amostra limitados muitas vezes dificultam a pesquisa de mapas de calor, restringindo a generaliza\u00e7\u00e3o de quaisquer observa\u00e7\u00f5es feitas. Consequentemente, isso pode limitar a utilidade dos insights obtidos com a utiliza\u00e7\u00e3o de mapas de calor.<\/li>\n\n\n\n<li>Os mapas de calor monitoram efetivamente o comportamento do usu\u00e1rio online. Por\u00e9m, eles n\u00e3o fornecem nenhuma vis\u00e3o sobre os h\u00e1bitos ou prefer\u00eancias daqueles que est\u00e3o offline.<\/li>\n\n\n\n<li>Heat maps are determined by <a href=\"https:\/\/www.sisinternational.com\/pt\/cobertura\/europa\/pesquisa-de-mercado-em-liverpool-reino-unido\/\" title=\"Pesquisa de Mercado em Liverpool | Grupos focais e coleta de dados no Reino Unido\"  data-wpil-monitor-id=\"8583\">data collected from particular user groups<\/a>, making them susceptible to the potential of sampling or response bias.<\/li>\n<\/ul>\n\n\n\n<h2 class=\"wp-block-heading\">Tend\u00eancias atuais da pesquisa de mercado de mapas de calor<\/h2>\n\n\n\n<p>A ind\u00fastria de pesquisa de mercado com mapas de calor est\u00e1 em um estado de crescimento cont\u00ednuo, impulsionada por tecnologia de ponta e por mudan\u00e7as nas tend\u00eancias do consumidor. Aqui est\u00e3o algumas tend\u00eancias atuais que se destacam neste setor:<\/p>\n\n\n\n<ul class=\"wp-block-list\">\n<li>\u00c0 medida que o design centrado no usu\u00e1rio e a import\u00e2ncia da experi\u00eancia do usu\u00e1rio continuam a evoluir, o setor de pesquisa de mercado com mapas de calor est\u00e1 respondendo colocando maior \u00eanfase na compreens\u00e3o do comportamento e das prefer\u00eancias do cliente. Os mapas de calor s\u00e3o cada vez mais utilizados para avaliar como os usu\u00e1rios interagem com sites, aplicativos m\u00f3veis e outras plataformas digitais para identificar quais \u00e1reas precisam de melhorias.<\/li>\n\n\n\n<li>Atrav\u00e9s da integra\u00e7\u00e3o de mapas de calor e outras ferramentas de an\u00e1lise de dados, como pesquisas, dados de fluxo de cliques e testes de usu\u00e1rios, as empresas podem obter uma avalia\u00e7\u00e3o mais abrangente das prefer\u00eancias dos clientes.<\/li>\n\n\n\n<li>Os mapas de calor podem ser usados para determinar como os usu\u00e1rios interagem com a interface para identificar \u00e1reas de melhoria e garantir uma jornada de usu\u00e1rio excepcional. Essas informa\u00e7\u00f5es coletadas do mapeamento t\u00e9rmico s\u00e3o fundamentais para ajudar os propriet\u00e1rios de lojas a determinar a coloca\u00e7\u00e3o de produtos e as estrat\u00e9gias de layout de design mais eficazes para suas lojas.<\/li>\n<\/ul>\n\n\n\n<h2 class=\"wp-block-heading\">Perspectivas futuras da pesquisa de mercado de mapas de calor<\/h2>\n\n\n\n<p>As technology continues to evolve, the future of heat map market research is promising. Here are a few potential prospects on the horizon for using heat map <a href=\"https:\/\/www.sisinternational.com\/pt\/pericia\/industrias\/tecnologia-de-alimentos-e-bebidas-pesquisa-de-mercado-tecnologia-de-alimentos\/\" title=\"Pesquisa de mercado de tecnologia de alimentos e bebidas | Tecnologia de Alimentos\"  data-wpil-monitor-id=\"8579\">technology in market research<\/a>:<\/p>\n\n\n\n<ul class=\"wp-block-list\">\n<li>Ao aproveitar a intelig\u00eancia artificial e o aprendizado de m\u00e1quina para analisar dados de mapas de calor, as empresas podem descobrir insights inestim\u00e1veis sobre os h\u00e1bitos e escolhas dos clientes. Essas informa\u00e7\u00f5es \u00fateis podem ent\u00e3o ser usadas para otimiza\u00e7\u00e3o do design do site, execu\u00e7\u00e3o de campanhas de marketing mais eficazes e cria\u00e7\u00e3o de produtos superiores para os clientes. Por exemplo, algoritmos de aprendizado de m\u00e1quina podem ser utilizados para inspecionar dados de mapas de calor e detectar padr\u00f5es que podem n\u00e3o ser evidentes para analistas humanos na inspe\u00e7\u00e3o inicial.<\/li>\n\n\n\n<li>A pesquisa de mercado com mapas de calor fornecer\u00e1 dados em tempo real, permitindo que as empresas tomem melhores decis\u00f5es e ajam rapidamente em resposta a mercados em r\u00e1pida mudan\u00e7a.<\/li>\n\n\n\n<li>\u00c0 medida que a tecnologia avan\u00e7a, os mapas de calor tornar-se-\u00e3o cada vez mais sofisticados e visualmente apelativos. Atrav\u00e9s da incorpora\u00e7\u00e3o de imagens 3D, sequ\u00eancias de anima\u00e7\u00e3o e componentes interativos.<\/li>\n<\/ul>\n\n\n\n<p>SIS International offers Quantitative, Qualitative, and Strategy Research. We provide data, tools, strategies, reports and insights for decision-making. We conduct interviews, surveys, <a href=\"https:\/\/www.sisinternational.com\/pt\/solucoes\/pesquisa-de-mercado-em-grupo-focal\/\" title=\"Pesquisa de mercado com grupo focal\"  data-wpil-monitor-id=\"8576\">focus groups and many other Market Research<\/a> methods and approaches. Contact us for your <a href=\"https:\/\/www.sisinternational.com\/pt\/pericia\/industrias\/pesquisa-de-mercado-de-tecnologias-de-proxima-geracao\/\" title=\"Pesquisa de mercado de tecnologias de pr\u00f3xima gera\u00e7\u00e3o\"  data-wpil-monitor-id=\"8577\">next Market Research<\/a> projeto.<\/p>","protected":false},"excerpt":{"rendered":"<p>Uma ferramenta de mapa de calor \u00e9 particularmente vantajosa ao monitorar o design do site, a experi\u00eancia do usu\u00e1rio e as campanhas de marketing.<\/p>","protected":false},"author":1,"featured_media":63697,"parent":14514,"menu_order":208,"comment_status":"closed","ping_status":"closed","template":"","meta":{"footnotes":""},"class_list":["post-41839","page","type-page","status-publish","has-post-thumbnail"],"_links":{"self":[{"href":"https:\/\/www.sisinternational.com\/pt\/wp-json\/wp\/v2\/pages\/41839","targetHints":{"allow":["GET"]}}],"collection":[{"href":"https:\/\/www.sisinternational.com\/pt\/wp-json\/wp\/v2\/pages"}],"about":[{"href":"https:\/\/www.sisinternational.com\/pt\/wp-json\/wp\/v2\/types\/page"}],"author":[{"embeddable":true,"href":"https:\/\/www.sisinternational.com\/pt\/wp-json\/wp\/v2\/users\/1"}],"replies":[{"embeddable":true,"href":"https:\/\/www.sisinternational.com\/pt\/wp-json\/wp\/v2\/comments?post=41839"}],"version-history":[{"count":4,"href":"https:\/\/www.sisinternational.com\/pt\/wp-json\/wp\/v2\/pages\/41839\/revisions"}],"predecessor-version":[{"id":81439,"href":"https:\/\/www.sisinternational.com\/pt\/wp-json\/wp\/v2\/pages\/41839\/revisions\/81439"}],"up":[{"embeddable":true,"href":"https:\/\/www.sisinternational.com\/pt\/wp-json\/wp\/v2\/pages\/14514"}],"wp:featuredmedia":[{"embeddable":true,"href":"https:\/\/www.sisinternational.com\/pt\/wp-json\/wp\/v2\/media\/63697"}],"wp:attachment":[{"href":"https:\/\/www.sisinternational.com\/pt\/wp-json\/wp\/v2\/media?parent=41839"}],"curies":[{"name":"wp","href":"https:\/\/api.w.org\/{rel}","templated":true}]}}