{"id":41834,"date":"2023-03-17T18:13:46","date_gmt":"2023-03-17T22:13:46","guid":{"rendered":"https:\/\/www.sisinternational.com\/?page_id=41834"},"modified":"2026-01-24T21:18:07","modified_gmt":"2026-01-25T02:18:07","slug":"pesquisa-de-mercado-de-materiais-de-construcao-verdes","status":"publish","type":"page","link":"https:\/\/www.sisinternational.com\/pt\/pericia\/pesquisa-de-mercado-de-materiais-de-construcao-verdes\/","title":{"rendered":"Pesquisa de mercado de materiais de constru\u00e7\u00e3o verdes"},"content":{"rendered":"<h1 class=\"wp-block-heading\">Pesquisa de mercado de materiais de constru\u00e7\u00e3o verdes<\/h1>\n\n\n\n<figure class=\"gb-block-image gb-block-image-a0f737f5\"><img loading=\"lazy\" decoding=\"async\" width=\"1456\" height=\"816\" class=\"gb-image gb-image-a0f737f5\" src=\"https:\/\/www.sisinternational.com\/wp-content\/uploads\/2025\/10\/Green-building-3.jpg\" alt=\"Pesquisa e Estrat\u00e9gia de Mercado Internacional da SIS\" title=\"Green building (3)\" srcset=\"https:\/\/www.sisinternational.com\/wp-content\/uploads\/2025\/10\/Green-building-3.jpg 1456w, https:\/\/www.sisinternational.com\/wp-content\/uploads\/2025\/10\/Green-building-3-300x168.jpg 300w, https:\/\/www.sisinternational.com\/wp-content\/uploads\/2025\/10\/Green-building-3-1024x574.jpg 1024w, https:\/\/www.sisinternational.com\/wp-content\/uploads\/2025\/10\/Green-building-3-768x430.jpg 768w, https:\/\/www.sisinternational.com\/wp-content\/uploads\/2025\/10\/Green-building-3-18x10.jpg 18w\" sizes=\"auto, (max-width: 1456px) 100vw, 1456px\"><\/figure>\n\n\n\n<p><\/p>\n\n\n\n<p>Os materiais de constru\u00e7\u00e3o verdes s\u00e3o sustent\u00e1veis, ecol\u00f3gicos e energeticamente eficientes. Utilizamos esses materiais para construir edif\u00edcios com m\u00ednimo impacto ambiental. Eles reduzem o consumo de energia e promovem uma vida saud\u00e1vel. Os materiais de constru\u00e7\u00e3o verdes prov\u00eam de recursos renov\u00e1veis ou materiais reciclados. Eles s\u00e3o duradouros e de baixa manuten\u00e7\u00e3o.<\/p>\n\n\n\n<h2 class=\"wp-block-heading\">Exemplos de materiais de constru\u00e7\u00e3o verdes incluem:<\/h2>\n\n\n\n<ol class=\"wp-block-list\">\n<li>Madeira: extra\u00edda de florestas certificadas<\/li>\n\n\n\n<li>Bambu: material renov\u00e1vel que pode substituir a madeira na constru\u00e7\u00e3o civil<\/li>\n\n\n\n<li>A\u00e7o reciclado: feito de materiais reciclados com menor pegada de carbono<\/li>\n\n\n\n<li>Pl\u00e1stico reciclado: pl\u00e1stico feito de materiais reciclados, como garrafas PET<\/li>\n\n\n\n<li>Isolamento natural: feito de materiais como l\u00e3, algod\u00e3o e celulose<\/li>\n\n\n\n<li>Piso de baixa emiss\u00e3o: feito de materiais com baixo teor de compostos org\u00e2nicos vol\u00e1teis (VOC). Exemplos s\u00e3o bambu, corti\u00e7a e lin\u00f3leo<\/li>\n\n\n\n<li>Pain\u00e9is solares: pain\u00e9is solares que produzem energia renov\u00e1vel e reduzem o consumo de energia<\/li>\n\n\n\n<li>Acess\u00f3rios com baixo consumo de \u00e1gua que reduzem o uso de \u00e1gua, como vasos sanit\u00e1rios, chuveiros e torneiras de baixo fluxo.<\/li>\n<\/ol>\n\n\n\n<p>A utiliza\u00e7\u00e3o de materiais de constru\u00e7\u00e3o ecol\u00f3gicos \u00e9 essencial para a cria\u00e7\u00e3o de edif\u00edcios sustent\u00e1veis e energeticamente eficientes. Outra grande vantagem desses materiais \u00e9 que eles mant\u00eam m\u00ednimo o impacto no meio ambiente.<\/p>\n\n\n\n<h2 class=\"wp-block-heading\">Por que os materiais de constru\u00e7\u00e3o verdes s\u00e3o importantes?<\/h2>\n\n\n\n<figure class=\"gb-block-image gb-block-image-1280df73\"><img loading=\"lazy\" decoding=\"async\" width=\"1456\" height=\"816\" class=\"gb-image gb-image-1280df73\" src=\"https:\/\/www.sisinternational.com\/wp-content\/uploads\/2025\/10\/Green-building-2.jpg\" alt=\"Pesquisa e Estrat\u00e9gia de Mercado Internacional da SIS\" title=\"Green building (2)\" srcset=\"https:\/\/www.sisinternational.com\/wp-content\/uploads\/2025\/10\/Green-building-2.jpg 1456w, https:\/\/www.sisinternational.com\/wp-content\/uploads\/2025\/10\/Green-building-2-300x168.jpg 300w, https:\/\/www.sisinternational.com\/wp-content\/uploads\/2025\/10\/Green-building-2-1024x574.jpg 1024w, https:\/\/www.sisinternational.com\/wp-content\/uploads\/2025\/10\/Green-building-2-768x430.jpg 768w, https:\/\/www.sisinternational.com\/wp-content\/uploads\/2025\/10\/Green-building-2-18x10.jpg 18w\" sizes=\"auto, (max-width: 1456px) 100vw, 1456px\"><\/figure>\n\n\n\n<p><\/p>\n\n\n\n<p>Green building materials are essential. They help to create <a href=\"https:\/\/www.sisinternational.com\/pt\/solucoes\/pesquisa-de-mercado-de-ia-e-consultoria-estrategica\/meio-ambiente-sustentabilidade-automacao-consultoria-em-inteligencia-artificial\/\" title=\"Consultoria em Automa\u00e7\u00e3o Ambiental e Sustentabilidade e Intelig\u00eancia Artificial\"  data-wpil-monitor-id=\"10004\">sustainable<\/a> buildings that are easy on the environment. They are also healthier for occupants. Here are some more of the critical reasons why green building materials are essential:<\/p>\n\n\n\n<p>Os materiais de constru\u00e7\u00e3o verdes s\u00e3o sustent\u00e1veis e t\u00eam um impacto ambiental m\u00ednimo. Freq\u00fcentemente, s\u00e3o feitos de recursos renov\u00e1veis, reciclados ou naturais.<\/p>\n\n\n\n<p>As empresas devem colh\u00ea-los de forma ambientalmente respons\u00e1vel. Este processo ajuda a reduzir o desperd\u00edcio, conservar os recursos naturais e diminuir a polui\u00e7\u00e3o.<br>Outro ponto importante \u00e9 que muitos materiais de constru\u00e7\u00e3o verdes s\u00e3o energeticamente eficientes. Na verdade, ajudam a reduzir o consumo de energia e a diminuir a pegada de carbono dos edif\u00edcios. Por exemplo, os pain\u00e9is solares podem gerar energia renov\u00e1vel. O isolamento de materiais naturais pode reduzir ainda mais os custos de aquecimento e resfriamento.<\/p>\n\n\n\n<p>Os materiais de constru\u00e7\u00e3o verdes podem contribuir para ambientes de vida mais saud\u00e1veis. Muitas vezes s\u00e3o feitos de materiais n\u00e3o t\u00f3xicos. Em outras palavras, esses materiais t\u00eam menos probabilidade de liberar produtos qu\u00edmicos nocivos no ar. Este recurso pode melhorar a qualidade do ar interno. Tamb\u00e9m reduz o risco de problemas de sa\u00fade associados \u00e0 m\u00e1 qualidade do ar interior.<\/p>\n\n\n\n<p>Embora os materiais de constru\u00e7\u00e3o verdes possam ser mais caros no in\u00edcio, eles podem economizar dinheiro no longo prazo. Por exemplo, materiais energeticamente eficientes podem ajudar a reduzir as contas de servi\u00e7os p\u00fablicos. Materiais dur\u00e1veis podem reduzir os custos de manuten\u00e7\u00e3o ao longo do tempo.<\/p>\n\n\n\n<p>The use of green building materials can benefit property owners. It allows their structures to achieve green building certification. For example, they can become compliant with LEED (Leadership in Energy and Environmental Design). Furthermore, green building certification can increase <a href=\"https:\/\/www.sisinternational.com\/pt\/solucoes\/sis-crescimento-global\/pesquisa-internacional-de-propriedade-intelectual\/\" title=\"Pesquisa de mercado de propriedade intelectual\"  data-wpil-monitor-id=\"9991\">property value and improve marketability<\/a>. It also shows a commitment to sustainability.<\/p>\n\n\n\n<p>Em suma, a utiliza\u00e7\u00e3o de materiais de constru\u00e7\u00e3o verdes \u00e9 essencial. Estimula a cria\u00e7\u00e3o de edif\u00edcios sustent\u00e1veis, energeticamente eficientes e com impacto ambiental m\u00ednimo. Tamb\u00e9m promove ambientes de vida mais saud\u00e1veis e economia de custos.<\/p>\n\n\n\n<h2 class=\"wp-block-heading\">Principais cargos<\/h2>\n\n\n\n<figure class=\"gb-block-image gb-block-image-ce97f7ac\"><img loading=\"lazy\" decoding=\"async\" width=\"1456\" height=\"816\" class=\"gb-image gb-image-ce97f7ac\" src=\"https:\/\/www.sisinternational.com\/wp-content\/uploads\/2025\/10\/Green-building-3.jpg\" alt=\"Pesquisa e Estrat\u00e9gia de Mercado Internacional da SIS\" title=\"Green building (3)\" srcset=\"https:\/\/www.sisinternational.com\/wp-content\/uploads\/2025\/10\/Green-building-3.jpg 1456w, https:\/\/www.sisinternational.com\/wp-content\/uploads\/2025\/10\/Green-building-3-300x168.jpg 300w, https:\/\/www.sisinternational.com\/wp-content\/uploads\/2025\/10\/Green-building-3-1024x574.jpg 1024w, https:\/\/www.sisinternational.com\/wp-content\/uploads\/2025\/10\/Green-building-3-768x430.jpg 768w, https:\/\/www.sisinternational.com\/wp-content\/uploads\/2025\/10\/Green-building-3-18x10.jpg 18w\" sizes=\"auto, (max-width: 1456px) 100vw, 1456px\"><\/figure>\n\n\n\n<p><\/p>\n\n\n\n<h3 class=\"wp-block-heading\">Aqui est\u00e3o alguns cargos importantes relacionados a materiais de constru\u00e7\u00e3o verdes:<\/h3>\n\n\n\n<ol class=\"wp-block-list\">\n<li><strong>Arquiteto de Design Sustent\u00e1vel:<\/strong> respons\u00e1vel por projetar edif\u00edcios sustent\u00e1veis, energeticamente eficientes e ecol\u00f3gicos. Eles trabalham com clientes e engenheiros, bem como empreiteiros. Juntos, eles criam estruturas projetadas para atender aos padr\u00f5es de certifica\u00e7\u00e3o de edif\u00edcios verdes.<\/li>\n\n\n\n<li><strong>Profissional credenciado LEED:<\/strong> LEED \u00e9 um programa de certifica\u00e7\u00e3o de edif\u00edcios verdes. Profissionais credenciados LEED (AP) foram aprovados no exame LEED AP. Eles compreenderam profundamente as pr\u00e1ticas, princ\u00edpios e padr\u00f5es de constru\u00e7\u00e3o verde.<\/li>\n\n\n\n<li><strong>Consultor de Constru\u00e7\u00e3o Verde:<\/strong> fornecer orienta\u00e7\u00e3o e aconselhamento aos clientes. Eles os ajudam a projetar, construir e manter edif\u00edcios sustent\u00e1veis e com efici\u00eancia energ\u00e9tica. O consultor pode fornecer avalia\u00e7\u00f5es de estruturas existentes ou recomendar materiais de constru\u00e7\u00e3o ecol\u00f3gicos. Eles tamb\u00e9m ajudam os clientes a obter a certifica\u00e7\u00e3o de constru\u00e7\u00e3o verde.<\/li>\n\n\n\n<li><strong>Coordenador de Sustentabilidade:<\/strong> gerenciar e implementar iniciativas de sustentabilidade dentro das organiza\u00e7\u00f5es. Por exemplo, desenvolvem planos de sustentabilidade e monitorizam a utiliza\u00e7\u00e3o de energia e recursos. Eles tamb\u00e9m promovem pr\u00e1ticas sustent\u00e1veis.<\/li>\n\n\n\n<li><strong>Engenheiro ambiental:<\/strong> garantir que os edif\u00edcios tenham um impacto ambiental m\u00ednimo. Eles podem trabalhar em projetos de conserva\u00e7\u00e3o de \u00e1gua, gest\u00e3o de res\u00edduos e efici\u00eancia energ\u00e9tica.<\/li>\n\n\n\n<li><strong>Fabricante de materiais de constru\u00e7\u00e3o verdes:<\/strong> produz materiais de constru\u00e7\u00e3o ecol\u00f3gicos. Por exemplo, fabricam a\u00e7o reciclado, isolamento natural e pisos de baixa emiss\u00e3o. Eles trabalham para criar materiais que sejam sustent\u00e1veis e eficientes em termos energ\u00e9ticos. Eles garantem que esses materiais sejam saud\u00e1veis para os ocupantes do edif\u00edcio.<\/li>\n\n\n\n<li><strong>Auditor de Energia:<\/strong> avaliar a efici\u00eancia energ\u00e9tica dos edif\u00edcios. Eles tamb\u00e9m fornecem recomenda\u00e7\u00f5es para reduzir o consumo de energia. Eles podem inspecionar instala\u00e7\u00f5es, analisar contas de energia e recomendar tecnologias e pr\u00e1ticas de efici\u00eancia energ\u00e9tica.<\/li>\n<\/ol>\n\n\n\n<p>Estes s\u00e3o apenas alguns cargos relacionados a materiais de constru\u00e7\u00e3o verdes. Muitas outras profiss\u00f5es e cargos desempenham um papel na cria\u00e7\u00e3o de edif\u00edcios verdes.<\/p>\n\n\n\n<h2 class=\"wp-block-heading\">Por que as empresas precisam de materiais de constru\u00e7\u00e3o verdes<\/h2>\n\n\n\n<p><a href=\"https:\/\/www.sisinternational.com\/pt\/publicacoes\/pesquisa-de-mercado-de-negocios-escalaveis-7-maneiras-de-construir-um-negocio-escalavel\/\" title=\"Pesquisa de mercado de neg\u00f3cios escal\u00e1veis: 7 maneiras de construir um neg\u00f3cio escal\u00e1vel\"  data-wpil-monitor-id=\"10003\">Businesses need green building<\/a> materials for several reasons. Again, cost savings come into play. Green building materials can help companies to save money in the long run. Energy-efficient materials, such as low-emitting insulation and LED lighting, can reduce energy costs. Moreover, durable materials can reduce maintenance costs over time.<\/p>\n\n\n\n<p>Green buildings are becoming more popular among consumers. The modern <a href=\"https:\/\/www.sisinternational.com\/pt\/pericia\/industrias\/pesquisa-de-mercado-automotivo\/quais-sao-as-preocupacoes-dos-consumidores-sobre-carros-autonomos\/\" title=\"What Are Consumers&#8217; Concerns About Self-Driving Cars?\"  data-wpil-monitor-id=\"9999\">consumer tends to show concern<\/a> for the environment. Businesses that use green building materials can differentiate themselves from competitors. For instance, they can appeal to customers who value sustainability.<br>Muitos governos locais e estaduais estabeleceram c\u00f3digos e regulamentos de constru\u00e7\u00e3o. Algumas dessas leis est\u00e3o relacionadas \u00e0 efici\u00eancia energ\u00e9tica e \u00e0 sustentabilidade ambiental. As empresas que utilizam materiais de constru\u00e7\u00e3o verdes podem seguir estes regulamentos e evitar penalidades.<\/p>\n\n\n\n<p>Os materiais de constru\u00e7\u00e3o ecol\u00f3gicos podem contribuir para um ambiente de trabalho mais saud\u00e1vel para os funcion\u00e1rios. Por exemplo, tinta com baixo teor de VOC e isolamento natural podem melhorar a qualidade do ar interior. Eles tamb\u00e9m podem reduzir o risco de problemas de sa\u00fade associados \u00e0 m\u00e1 qualidade do ar interior.<\/p>\n\n\n\n<h2 class=\"wp-block-heading\">Principais fatores de sucesso<\/h2>\n\n\n\n<p>Os materiais de constru\u00e7\u00e3o ecol\u00f3gicos devem ser sustent\u00e1veis e ter um impacto ambiental m\u00ednimo. Al\u00e9m disso, os fabricantes devem utilizar recursos renov\u00e1veis ou materiais reciclados. Ou podem pelo menos utilizar materiais naturais colhidos de forma ambientalmente respons\u00e1vel. Devem tamb\u00e9m ter uma vida \u00fatil longa e ser f\u00e1ceis de reciclar ou reaproveitar no final da sua vida \u00fatil.<\/p>\n\n\n\n<p>Muitos materiais de constru\u00e7\u00e3o verdes s\u00e3o energeticamente eficientes. Ajudam a reduzir o consumo de energia e a diminuir a pegada de carbono dos edif\u00edcios. Esses materiais devem ser capazes de isolar edif\u00edcios. Assim, podem reduzir a necessidade de aquecimento, refrigera\u00e7\u00e3o e ilumina\u00e7\u00e3o.<\/p>\n\n\n\n<p>Os materiais de constru\u00e7\u00e3o ecol\u00f3gicos devem ser dur\u00e1veis e capazes de resistir aos elementos. Eles tamb\u00e9m devem resistir ao desgaste ao longo do tempo. Da mesma forma, esses materiais devem ser resistentes \u00e0 umidade, pragas e decomposi\u00e7\u00e3o. Devem tamb\u00e9m manter a sua integridade estrutural durante um longo per\u00edodo.<\/p>\n\n\n\n<p>Os materiais de constru\u00e7\u00e3o verdes podem ser mais caros no in\u00edcio. Mas eles devem ser econ\u00f4micos ao longo de sua vida \u00fatil. Dever\u00e3o ser capazes de poupar dinheiro atrav\u00e9s da efici\u00eancia energ\u00e9tica. Os usu\u00e1rios tamb\u00e9m desfrutar\u00e3o de custos de manuten\u00e7\u00e3o reduzidos e de melhor sa\u00fade e produtividade dos ocupantes.<\/p>\n\n\n\n<h3 class=\"wp-block-heading\">Seguran\u00e7a e Sustentabilidade<\/h3>\n\n\n\n<figure class=\"gb-block-image gb-block-image-f99fbf88\"><img loading=\"lazy\" decoding=\"async\" width=\"1456\" height=\"816\" class=\"gb-image gb-image-f99fbf88\" src=\"https:\/\/www.sisinternational.com\/wp-content\/uploads\/2025\/10\/Green-building-1.jpg\" alt=\"Pesquisa e Estrat\u00e9gia de Mercado Internacional da SIS\" title=\"Green building (1)\" srcset=\"https:\/\/www.sisinternational.com\/wp-content\/uploads\/2025\/10\/Green-building-1.jpg 1456w, https:\/\/www.sisinternational.com\/wp-content\/uploads\/2025\/10\/Green-building-1-300x168.jpg 300w, https:\/\/www.sisinternational.com\/wp-content\/uploads\/2025\/10\/Green-building-1-1024x574.jpg 1024w, https:\/\/www.sisinternational.com\/wp-content\/uploads\/2025\/10\/Green-building-1-768x430.jpg 768w, https:\/\/www.sisinternational.com\/wp-content\/uploads\/2025\/10\/Green-building-1-18x10.jpg 18w\" sizes=\"auto, (max-width: 1456px) 100vw, 1456px\"><\/figure>\n\n\n\n<p><\/p>\n\n\n\n<p>Os materiais de constru\u00e7\u00e3o verdes devem ser seguros para o ambiente e para os ocupantes do edif\u00edcio. Os fabricantes devem cri\u00e1-los com materiais n\u00e3o t\u00f3xicos. Esses materiais n\u00e3o devem liberar produtos qu\u00edmicos nocivos no ar. Eles tamb\u00e9m devem ser f\u00e1ceis de manter e limpar para evitar o ac\u00famulo de mofo e outros al\u00e9rgenos.<\/p>\n\n\n\n<p>Uma organiza\u00e7\u00e3o terceirizada respeit\u00e1vel deve certificar seus materiais de constru\u00e7\u00e3o ecol\u00f3gicos. Um exemplo de tal organiza\u00e7\u00e3o \u00e9 o Forest Stewardship Council (FSC). Ou voc\u00ea pode fazer com que Cradle to Cradle (C2C) fa\u00e7a a certifica\u00e7\u00e3o. Esta etapa garante que seus materiais de constru\u00e7\u00e3o atendam aos padr\u00f5es ambientais e de sustentabilidade.<\/p>\n\n\n\n<p>Em suma, o sucesso dos materiais de constru\u00e7\u00e3o verdes depende da sua sustentabilidade. Eles tamb\u00e9m devem ser energeticamente eficientes, dur\u00e1veis e econ\u00f4micos. Esses materiais devem atender aos padr\u00f5es de sa\u00fade e seguran\u00e7a e voc\u00ea deve certific\u00e1-los. Voc\u00ea est\u00e1 selecionando materiais de constru\u00e7\u00e3o ecol\u00f3gicos para seus projetos? Considere esses fatores antes de fazer sua sele\u00e7\u00e3o final.<\/p>\n\n\n\n<h2 class=\"wp-block-heading\">Sobre a pesquisa de mercado de materiais de constru\u00e7\u00e3o verdes<\/h2>\n\n\n\n<p>Is your company looking to <a href=\"https:\/\/www.sisinternational.com\/pt\/solucoes\/consultoria-estrategica\/pesquisa-de-oportunidade-de-entrada-no-mercado\/a-eficacia-dos-testes-de-produtos-em-nova-york-para-entrar-no-mercado-americano\/\" title=\"A efic\u00e1cia dos testes de produtos em Nova York para entrar no mercado americano\"  data-wpil-monitor-id=\"10002\">enter the Green Building Materials market<\/a>? You must conduct Quantitative and Qualitative Market Research in detail. <a href=\"https:\/\/www.sisinternational.com\/pt\/pericia\/industrias\/pesquisa-de-concorrentes\/\" title=\"Pesquisa de concorrentes\"  data-wpil-monitor-id=\"9995\">Research provides insight into your competitors<\/a>, market, products, and customers. You\u2019ll need to set up Focus Groups coupled with Surveys and Interviews. You\u2019ll also need UX Market Research. It will tell you how your product fits people\u2019s wants, needs, and abilities.<\/p>\n\n\n\n<p><a href=\"https:\/\/www.sisinternational.com\/pt\/solucoes\/solucoes-de-branding-e-pesquisa-de-clientes\/pesquisa-de-mercado-para-testes-de-produtos\/sis-internationals-teste-de-sabor-de-comida\/\" title=\"O que torna a SIS International Research a TOP empresa de pesquisa de mercado para testes de sabor de alimentos na cidade de Nova York\"  data-wpil-monitor-id=\"9987\">SIS International offers all these research<\/a> options. We also provide Strategy <a href=\"https:\/\/www.sisinternational.com\/pt\/pericia\/industrias\/pesquisa-de-mercado-de-nanoparticulas\/\" title=\"Pesquisa de mercado de nanopart\u00edculas\"  data-wpil-monitor-id=\"3313\">Pesquisa de mercado<\/a>, Competitive Analysis, and Market Entry Research. SIS does <a href=\"https:\/\/www.sisinternational.com\/pt\/pericia\/industrias\/pesquisa-de-mercado-de-doces\/\" title=\"Pesquisa de mercado de doces\"  data-wpil-monitor-id=\"3330\">Pesquisa de oportunidades de mercado<\/a> and Market Sizing Research. We can help you <a href=\"https:\/\/www.sisinternational.com\/pt\/pericia\/industrias\/pesquisa-de-mercado-de-desenvolvimento-de-baixo-codigo\/\" title=\"Pesquisa de mercado de desenvolvimento de baixo c\u00f3digo\"  data-wpil-monitor-id=\"9997\">develop a winning Go to Market<\/a> Strategy. Contact us today for a consultation!<\/p>","protected":false},"excerpt":{"rendered":"<p>Os materiais de constru\u00e7\u00e3o verdes s\u00e3o sustent\u00e1veis, ecol\u00f3gicos e energeticamente eficientes. Eles s\u00e3o duradouros e de baixa manuten\u00e7\u00e3o.<\/p>","protected":false},"author":1,"featured_media":72084,"parent":14514,"menu_order":207,"comment_status":"closed","ping_status":"closed","template":"","meta":{"footnotes":""},"class_list":["post-41834","page","type-page","status-publish","has-post-thumbnail"],"_links":{"self":[{"href":"https:\/\/www.sisinternational.com\/pt\/wp-json\/wp\/v2\/pages\/41834","targetHints":{"allow":["GET"]}}],"collection":[{"href":"https:\/\/www.sisinternational.com\/pt\/wp-json\/wp\/v2\/pages"}],"about":[{"href":"https:\/\/www.sisinternational.com\/pt\/wp-json\/wp\/v2\/types\/page"}],"author":[{"embeddable":true,"href":"https:\/\/www.sisinternational.com\/pt\/wp-json\/wp\/v2\/users\/1"}],"replies":[{"embeddable":true,"href":"https:\/\/www.sisinternational.com\/pt\/wp-json\/wp\/v2\/comments?post=41834"}],"version-history":[{"count":7,"href":"https:\/\/www.sisinternational.com\/pt\/wp-json\/wp\/v2\/pages\/41834\/revisions"}],"predecessor-version":[{"id":81655,"href":"https:\/\/www.sisinternational.com\/pt\/wp-json\/wp\/v2\/pages\/41834\/revisions\/81655"}],"up":[{"embeddable":true,"href":"https:\/\/www.sisinternational.com\/pt\/wp-json\/wp\/v2\/pages\/14514"}],"wp:featuredmedia":[{"embeddable":true,"href":"https:\/\/www.sisinternational.com\/pt\/wp-json\/wp\/v2\/media\/72084"}],"wp:attachment":[{"href":"https:\/\/www.sisinternational.com\/pt\/wp-json\/wp\/v2\/media?parent=41834"}],"curies":[{"name":"wp","href":"https:\/\/api.w.org\/{rel}","templated":true}]}}