{"id":41831,"date":"2023-03-17T17:36:15","date_gmt":"2023-03-17T21:36:15","guid":{"rendered":"https:\/\/www.sisinternational.com\/?page_id=41831"},"modified":"2026-03-25T01:15:52","modified_gmt":"2026-03-25T05:15:52","slug":"pesquisa-de-mercado-de-alimentos-congelados","status":"publish","type":"page","link":"https:\/\/www.sisinternational.com\/pt\/solucoes\/pesquisa-de-mercado-da-industria-de-bebidas-alimenticias\/pesquisa-de-mercado-de-alimentos-congelados\/","title":{"rendered":"Pesquisa de mercado de alimentos congelados"},"content":{"rendered":"<h1 class=\"wp-block-heading\">Pesquisa de mercado de alimentos congelados<\/h1>\n\n\n\n<figure class=\"gb-block-image gb-block-image-02e492c6\"><img loading=\"lazy\" decoding=\"async\" width=\"1456\" height=\"816\" class=\"gb-image gb-image-02e492c6\" src=\"https:\/\/www.sisinternational.com\/wp-content\/uploads\/2025\/08\/Refrigarator-2.jpg\" alt=\"Pesquisa e Estrat\u00e9gia de Mercado Internacional da SIS\" title=\"Refrigarator (2)\" srcset=\"https:\/\/www.sisinternational.com\/wp-content\/uploads\/2025\/08\/Refrigarator-2.jpg 1456w, https:\/\/www.sisinternational.com\/wp-content\/uploads\/2025\/08\/Refrigarator-2-300x168.jpg 300w, https:\/\/www.sisinternational.com\/wp-content\/uploads\/2025\/08\/Refrigarator-2-1024x574.jpg 1024w, https:\/\/www.sisinternational.com\/wp-content\/uploads\/2025\/08\/Refrigarator-2-768x430.jpg 768w, https:\/\/www.sisinternational.com\/wp-content\/uploads\/2025\/08\/Refrigarator-2-18x10.jpg 18w\" sizes=\"auto, (max-width: 1456px) 100vw, 1456px\"><\/figure>\n\n\n\n<p><\/p>\n\n\n\n<p>A pesquisa de mercado de alimentos congelados \u00e9 \u00fatil para descobrir tend\u00eancias e coletar dados e estrat\u00e9gias que as empresas podem usar. Os resultados da pesquisa de mercado fornecem informa\u00e7\u00f5es sobre os diferentes componentes dos setores de alimentos congelados, incluindo a produ\u00e7\u00e3o de bens, distribui\u00e7\u00e3o de produtos e os v\u00e1rios estabelecimentos envolvidos, tais como restaurantes, lojas de conveni\u00eancia e retalhistas locais e internacionais.<\/p>\n\n\n\n<p>Esta pesquisa de mercado tamb\u00e9m revela como v\u00e1rias empresas no mercado de alimentos congelados se comparam aos seus concorrentes em termos de ofertas de produtos, qualidade do produto, vendas e marketing. As estat\u00edsticas e abordagens no sector dos alimentos congelados podem orientar as empresas e os principais intervenientes na tomada de decis\u00f5es, bem como fornecer detalhes actualizados sobre o clima de neg\u00f3cios.<\/p>\n\n\n\n<h2 class=\"wp-block-heading\">Definida pesquisa de mercado de alimentos congelados<\/h2>\n\n\n\n<p>Alimentos e bebidas conservados por congelamento e armazenados no freezer antes do preparo s\u00e3o considerados alimentos congelados. Inicialmente, os produtos congelados n\u00e3o precisam de conservantes extras porque as bact\u00e9rias n\u00e3o crescem abaixo de 15 \u00b0F, o suficiente para evitar a deteriora\u00e7\u00e3o dos alimentos. Para a preserva\u00e7\u00e3o do produto a longo prazo, pode ser necess\u00e1rio armazenar os alimentos a temperaturas ainda mais baixas.<\/p>\n\n\n\n<p>Freezing is one of the earliest and most extensively utilized ways of food preservation. It offers the best preservation technique for retaining the original&nbsp;flavor, texture, and nutritional content. The freezing process combines the advantageous effects of low temperatures at which microorganisms cannot grow, slow chemical processes, and postpone cellular metabolic reactions.<\/p>\n\n\n\n<p>O congelamento \u00e9 um excelente m\u00e9todo de preserva\u00e7\u00e3o de alimentos porque as bact\u00e9rias que causam a deteriora\u00e7\u00e3o dos alimentos s\u00e3o destru\u00eddas ou n\u00e3o aumentam rapidamente a baixas temperaturas; portanto, os alimentos congelados s\u00e3o populares entre os consumidores devido ao seu longo prazo de validade, aumentando a conveni\u00eancia.<\/p>\n\n\n\n<h2 class=\"wp-block-heading\">Segmenta\u00e7\u00e3o de pesquisa de mercado de alimentos congelados<\/h2>\n\n\n\n<figure class=\"gb-block-image gb-block-image-6d81bc40\"><img loading=\"lazy\" decoding=\"async\" width=\"1456\" height=\"816\" class=\"gb-image gb-image-6d81bc40\" src=\"https:\/\/www.sisinternational.com\/wp-content\/uploads\/2025\/08\/Mexican-food-lunch-17.jpg\" alt=\"Pesquisa e Estrat\u00e9gia de Mercado Internacional da SIS\" title=\"Mexican food lunch (17)\" srcset=\"https:\/\/www.sisinternational.com\/wp-content\/uploads\/2025\/08\/Mexican-food-lunch-17.jpg 1456w, https:\/\/www.sisinternational.com\/wp-content\/uploads\/2025\/08\/Mexican-food-lunch-17-300x168.jpg 300w, https:\/\/www.sisinternational.com\/wp-content\/uploads\/2025\/08\/Mexican-food-lunch-17-1024x574.jpg 1024w, https:\/\/www.sisinternational.com\/wp-content\/uploads\/2025\/08\/Mexican-food-lunch-17-768x430.jpg 768w, https:\/\/www.sisinternational.com\/wp-content\/uploads\/2025\/08\/Mexican-food-lunch-17-18x10.jpg 18w\" sizes=\"auto, (max-width: 1456px) 100vw, 1456px\"><\/figure>\n\n\n\n<p><\/p>\n\n\n\n<p>Frozen <a href=\"https:\/\/www.sisinternational.com\/pt\/solucoes\/pesquisa-de-mercado-de-alimentos-qsr\/\" title=\"Pesquisa de mercado de alimentos QSR\"  data-wpil-monitor-id=\"2316\">Food Market Research<\/a> provides insights that include several main aspects of the industry that play crucial role in the industry\u2019s growth and dynamics. Below are some of the segmentation included in the research and development of data and strategies in <a href=\"https:\/\/www.sisinternational.com\/pt\/pericia\/industrias\/pesquisa-de-mercado-de-nanoparticulas\/\" title=\"Pesquisa de mercado de nanopart\u00edculas\"  data-wpil-monitor-id=\"3318\">frozen food<\/a> market industry.<\/p>\n\n\n\n<h3 class=\"wp-block-heading\">Tipo de produto para mercado de alimentos congelados<\/h3>\n\n\n\n<ul class=\"wp-block-list\">\n<li>Frutas e Legumes Congelados<\/li>\n\n\n\n<li>Carne congelada<\/li>\n\n\n\n<li>Peixe e Marisco Congelados<\/li>\n\n\n\n<li>Refei\u00e7\u00f5es Prontas Congeladas<\/li>\n\n\n\n<li>Sobremesas Congeladas<\/li>\n\n\n\n<li>Salgadinhos Congelados<\/li>\n\n\n\n<li>Sobremesas Congeladas<\/li>\n\n\n\n<li>Produtos congelados de panifica\u00e7\u00e3o ou pastelaria<\/li>\n<\/ul>\n\n\n\n<h3 class=\"wp-block-heading\">Categorias de mercado de alimentos congelados<\/h3>\n\n\n\n<ul class=\"wp-block-list\">\n<li>Pronto para cozinhar<\/li>\n\n\n\n<li>Pronto para beber<\/li>\n\n\n\n<li>Pronto para comer<\/li>\n<\/ul>\n\n\n\n<h3 class=\"wp-block-heading\">Processo de congelamento do mercado de alimentos congelados<\/h3>\n\n\n\n<ul class=\"wp-block-list\">\n<li>Congelamento R\u00e1pido Individual (IQF)<\/li>\n\n\n\n<li>Congelamento explosivo<\/li>\n\n\n\n<li>Congelamento da correia<\/li>\n\n\n\n<li>Congeladores de contato indireto<\/li>\n\n\n\n<li>Outras t\u00e9cnicas de congelamento<\/li>\n<\/ul>\n\n\n\n<h3 class=\"wp-block-heading\">Canal de distribui\u00e7\u00e3o do mercado de alimentos congelados<\/h3>\n\n\n\n<ul class=\"wp-block-list\">\n<li>Plantas de processamento de alimentos<\/li>\n\n\n\n<li>Supermercados e Hipermercados<\/li>\n\n\n\n<li>Lojas de conveni\u00eancia<\/li>\n\n\n\n<li>Mercados P\u00fablicos<\/li>\n\n\n\n<li>Canais Online de Lojas Locais<\/li>\n\n\n\n<li>Outros canais de distribui\u00e7\u00e3o<\/li>\n<\/ul>\n\n\n\n<h2 class=\"wp-block-heading\">An\u00e1lise do mercado de alimentos congelados<\/h2>\n\n\n\n<p>In recent years, the global <a href=\"https:\/\/www.sisinternational.com\/pt\/solucoes\/pesquisa-de-mercado-da-industria-de-bebidas-alimenticias\/pesquisa-de-mercado-de-iogurte-congelado\/\" title=\"Pesquisa de mercado de iogurte congelado\"  data-wpil-monitor-id=\"11455\">market for frozen<\/a> food has expanded. The need for easy-to-prepare and ready meals is favorably influencing the frozen food industry. According to a comprehensive analysis, the global market for frozen meals is anticipated to expand continuously.<\/p>\n\n\n\n<p>Al\u00e9m disso, v\u00e1rios fatores tamb\u00e9m impulsionam o crescimento do mercado de alimentos congelados. Dados e estrat\u00e9gias na ind\u00fastria do mercado de alimentos congelados descobriram que as empresas est\u00e3o oferecendo uma ampla variedade de alimentos congelados, transformando uma ind\u00fastria tradicionalmente conhecida por refei\u00e7\u00f5es instant\u00e2neas em um dos maiores e mais populares segmentos da ind\u00fastria alimentar global.<\/p>\n\n\n\n<p>A ascens\u00e3o do mercado de alimentos congelados resultou no fornecimento aos consumidores de mais op\u00e7\u00f5es, variedade e conveni\u00eancia do que nunca. Os produtores de alimentos congelados tamb\u00e9m est\u00e3o introduzindo novos itens para dar aos consumidores uma sensa\u00e7\u00e3o de novidade. Parcerias, marketing aprimorado, acordos de licen\u00e7a e novas op\u00e7\u00f5es contribuem para o crescimento acelerado do mercado de alimentos congelados.<\/p>\n\n\n\n<h2 class=\"wp-block-heading\">Fatores que impactam a pesquisa de mercado de alimentos congelados<\/h2>\n\n\n\n<h3 class=\"wp-block-heading\">Investimento de capital para o neg\u00f3cio de alimentos congelados<\/h3>\n\n\n\n<p>Nos pa\u00edses em desenvolvimento, congelar alimentos \u00e9 vantajoso por v\u00e1rios motivos. Primeiro, o congelamento \u00e9 um dos m\u00e9todos de preserva\u00e7\u00e3o mais pr\u00e1ticos e simples em compara\u00e7\u00e3o com outros processos comerciais. Nos pa\u00edses em desenvolvimento, o investimento substancial de capital na ind\u00fastria de congelados desempenha normalmente um papel significativo na viabilidade econ\u00f3mica de todo o processo de mercado de alimentos congelados.<\/p>\n\n\n\n<h3 class=\"wp-block-heading\">A mudan\u00e7a na demanda do consumidor nas na\u00e7\u00f5es em desenvolvimento<\/h3>\n\n\n\n<p>O aumento da popula\u00e7\u00e3o e o aumento do consumo de alimentos exigiram a produ\u00e7\u00e3o comercial em grande escala de produtos alimentares. Devido \u00e0 mudan\u00e7a no perfil do cliente, o neg\u00f3cio de alimentos congelados passou por uma tremenda transforma\u00e7\u00e3o. O desenvolvimento mais significativo no comportamento do consumidor nos \u00faltimos cinquenta anos foi o aumento do n\u00famero de mulheres trabalhadoras e a queda no tamanho das fam\u00edlias. Esses dois elementos reduziram o tempo necess\u00e1rio para o preparo dos alimentos.<\/p>\n\n\n\n<h3 class=\"wp-block-heading\">Tend\u00eancias emergentes de alimentos congelados para consumidores preocupados com a sa\u00fade<\/h3>\n\n\n\n<p>\u00c0 medida que os clientes se tornam mais preocupados com a sa\u00fade, h\u00e1 uma necessidade crescente de op\u00e7\u00f5es de alimentos congelados com baixo teor de calorias, gordura e a\u00e7\u00facar. Outra tend\u00eancia que est\u00e1 sendo impulsionada por indiv\u00edduos preocupados com a sa\u00fade e pela crescente popularidade da dieta vegana \u00e9 o desejo crescente por op\u00e7\u00f5es de alimentos congelados \u00e0 base de plantas. Isso inclui itens como hamb\u00fargueres de vegetais e alternativas de alimentos congelados sem carne.<\/p>\n\n\n\n<h3 class=\"wp-block-heading\">Tend\u00eancias atuais e futuras em tecnologias de congelamento<\/h3>\n\n\n\n<p>O mercado de alimentos congelados foi moldado pelo desenvolvimento hist\u00f3rico de tecnologias comerciais de congelamento concebidas para produtos alimentares espec\u00edficos. O setor de alimentos congelados depende fortemente de ci\u00eancia e tecnologia de ponta. H\u00e1 uma demanda crescente por refei\u00e7\u00f5es fixas e a expans\u00e3o dos neg\u00f3cios depende principalmente da capacidade dos processadores de alimentos em melhorar as t\u00e9cnicas de processamento e a qualidade do produto. Somente concentrando-se em novas tecnologias e explorando vari\u00e1veis pouco compreendidas que afetam a qualidade dos produtos aliment\u00edcios congelados \u00e9 que poder\u00e3o ser feitos avan\u00e7os.<\/p>\n\n\n\n<h3 class=\"wp-block-heading\">Mudan\u00e7as e Desenvolvimento na Log\u00edstica da Cadeia de Frio<\/h3>\n\n\n\n<figure class=\"gb-block-image gb-block-image-4b078337\"><img loading=\"lazy\" decoding=\"async\" width=\"1456\" height=\"816\" class=\"gb-image gb-image-4b078337\" src=\"https:\/\/www.sisinternational.com\/wp-content\/uploads\/2025\/09\/Food-safety-6.jpg\" alt=\"Pesquisa e Estrat\u00e9gia de Mercado Internacional da SIS\" title=\"Food safety (6)\" srcset=\"https:\/\/www.sisinternational.com\/wp-content\/uploads\/2025\/09\/Food-safety-6.jpg 1456w, https:\/\/www.sisinternational.com\/wp-content\/uploads\/2025\/09\/Food-safety-6-300x168.jpg 300w, https:\/\/www.sisinternational.com\/wp-content\/uploads\/2025\/09\/Food-safety-6-1024x574.jpg 1024w, https:\/\/www.sisinternational.com\/wp-content\/uploads\/2025\/09\/Food-safety-6-768x430.jpg 768w, https:\/\/www.sisinternational.com\/wp-content\/uploads\/2025\/09\/Food-safety-6-18x10.jpg 18w\" sizes=\"auto, (max-width: 1456px) 100vw, 1456px\"><\/figure>\n\n\n\n<p><\/p>\n\n\n\n<p>Depois de serem retirados do armazenamento refrigerado inicial, os produtos congelados apresentam o risco mais consider\u00e1vel de contamina\u00e7\u00e3o por bact\u00e9rias e apodrecimento se n\u00e3o forem armazenados adequadamente. Caminh\u00f5es especializados devem ser utilizados para entregar esses alimentos em atmosfera controlada.<br>Muitos fornecedores n\u00e3o possuem ve\u00edculos espec\u00edficos para o transporte de produtos congelados; eles entregam todas as variedades de alimentos congelados nos mesmos caminh\u00f5es ou outros ve\u00edculos. Para aumentar os seus lucros, um grande n\u00famero de fabricantes est\u00e1 a tentar iniciar tamb\u00e9m as suas opera\u00e7\u00f5es log\u00edsticas.<\/p>\n\n\n\n<h2 class=\"wp-block-heading\">Sobre a pesquisa de mercado de alimentos congelados<\/h2>\n\n\n\n<p>Este relat\u00f3rio examina abrangentemente estat\u00edsticas e estrat\u00e9gias no neg\u00f3cio do mercado de alimentos congelados, incluindo o tamanho do mercado e a taxa composta de crescimento anual. Explica a atractiva oferta de investimento para este mercado e as poss\u00edveis oportunidades de receitas em diferentes segmentos do mercado de alimentos congelados.<\/p>\n\n\n\n<p>Frozen <a href=\"https:\/\/www.sisinternational.com\/pt\/pericia\/industrias\/pesquisa-de-mercado-de-franquias-de-fast-food\/\" title=\"Pesquisa de mercado de franquia de fast food\"  data-wpil-monitor-id=\"4002\">Food Market Research<\/a> provides insights that include information regarding market drivers, restraints, opportunities, new product launches or approvals, geographical outlook, and competitive strategies implemented by leading competitors. The study profiles key worldwide frozen food market participants regarding corporate overview, financial performance, product portfolio, geographical presence, distribution tactics, key developments and strategies, and future plans.<\/p>\n\n\n\n<p>Dados e estrat\u00e9gias na ind\u00fastria do mercado de alimentos congelados permitir\u00e3o que os profissionais de marketing e a administra\u00e7\u00e3o da empresa tomem decis\u00f5es informadas sobre futuros lan\u00e7amentos de produtos, atualiza\u00e7\u00f5es tecnol\u00f3gicas, expans\u00e3o de mercado e estrat\u00e9gias de marketing. No geral, as informa\u00e7\u00f5es recolhidas podem ser utilizadas para analisar a ind\u00fastria global de alimentos congelados e ajudar os principais intervenientes e partes interessadas da ind\u00fastria a tomarem decis\u00f5es que afetem os seus neg\u00f3cios e crescimento.<\/p>","protected":false},"excerpt":{"rendered":"<p>O mercado global de alimentos congelados cresceu. Refei\u00e7\u00f5es prontas e f\u00e1ceis de preparar est\u00e3o impactando favoravelmente a ind\u00fastria de alimentos congelados.<\/p>","protected":false},"author":1,"featured_media":64858,"parent":22018,"menu_order":206,"comment_status":"closed","ping_status":"closed","template":"","meta":{"footnotes":""},"class_list":["post-41831","page","type-page","status-publish","has-post-thumbnail"],"_links":{"self":[{"href":"https:\/\/www.sisinternational.com\/pt\/wp-json\/wp\/v2\/pages\/41831","targetHints":{"allow":["GET"]}}],"collection":[{"href":"https:\/\/www.sisinternational.com\/pt\/wp-json\/wp\/v2\/pages"}],"about":[{"href":"https:\/\/www.sisinternational.com\/pt\/wp-json\/wp\/v2\/types\/page"}],"author":[{"embeddable":true,"href":"https:\/\/www.sisinternational.com\/pt\/wp-json\/wp\/v2\/users\/1"}],"replies":[{"embeddable":true,"href":"https:\/\/www.sisinternational.com\/pt\/wp-json\/wp\/v2\/comments?post=41831"}],"version-history":[{"count":7,"href":"https:\/\/www.sisinternational.com\/pt\/wp-json\/wp\/v2\/pages\/41831\/revisions"}],"predecessor-version":[{"id":85069,"href":"https:\/\/www.sisinternational.com\/pt\/wp-json\/wp\/v2\/pages\/41831\/revisions\/85069"}],"up":[{"embeddable":true,"href":"https:\/\/www.sisinternational.com\/pt\/wp-json\/wp\/v2\/pages\/22018"}],"wp:featuredmedia":[{"embeddable":true,"href":"https:\/\/www.sisinternational.com\/pt\/wp-json\/wp\/v2\/media\/64858"}],"wp:attachment":[{"href":"https:\/\/www.sisinternational.com\/pt\/wp-json\/wp\/v2\/media?parent=41831"}],"curies":[{"name":"wp","href":"https:\/\/api.w.org\/{rel}","templated":true}]}}