{"id":41813,"date":"2023-03-16T16:03:44","date_gmt":"2023-03-16T20:03:44","guid":{"rendered":"https:\/\/www.sisinternational.com\/?page_id=41813"},"modified":"2026-01-24T21:18:10","modified_gmt":"2026-01-25T02:18:10","slug":"o-que-e-equipamento-de-perfuracao-e-extracao","status":"publish","type":"page","link":"https:\/\/www.sisinternational.com\/pt\/pericia\/o-que-e-equipamento-de-perfuracao-e-extracao\/","title":{"rendered":"Pesquisa de mercado de equipamentos de perfura\u00e7\u00e3o e extra\u00e7\u00e3o"},"content":{"rendered":"<h1 class=\"wp-block-heading\">Pesquisa de mercado de equipamentos de perfura\u00e7\u00e3o e extra\u00e7\u00e3o<\/h1>\n\n\n\n<figure class=\"gb-block-image gb-block-image-61d75828\"><img loading=\"lazy\" decoding=\"async\" width=\"1456\" height=\"816\" class=\"gb-image gb-image-61d75828\" src=\"https:\/\/www.sisinternational.com\/wp-content\/uploads\/2025\/08\/Drilling-and-Extraction-1.jpg\" alt=\"Pesquisa e Estrat\u00e9gia de Mercado Internacional da SIS\" title=\"Drilling and Extraction (1)\" srcset=\"https:\/\/www.sisinternational.com\/wp-content\/uploads\/2025\/08\/Drilling-and-Extraction-1.jpg 1456w, https:\/\/www.sisinternational.com\/wp-content\/uploads\/2025\/08\/Drilling-and-Extraction-1-300x168.jpg 300w, https:\/\/www.sisinternational.com\/wp-content\/uploads\/2025\/08\/Drilling-and-Extraction-1-1024x574.jpg 1024w, https:\/\/www.sisinternational.com\/wp-content\/uploads\/2025\/08\/Drilling-and-Extraction-1-768x430.jpg 768w, https:\/\/www.sisinternational.com\/wp-content\/uploads\/2025\/08\/Drilling-and-Extraction-1-18x10.jpg 18w\" sizes=\"auto, (max-width: 1456px) 100vw, 1456px\"><\/figure>\n\n\n\n<p><\/p>\n\n\n\n<p>Equipamentos de perfura\u00e7\u00e3o e extra\u00e7\u00e3o s\u00e3o m\u00e1quinas utilizadas para extrair recursos naturais. Por exemplo, as empresas utilizam este equipamento para retirar petr\u00f3leo, g\u00e1s e minerais da terra. Eles tamb\u00e9m o utilizam na ind\u00fastria da constru\u00e7\u00e3o.<\/p>\n\n\n\n<h3 class=\"wp-block-heading\">Existem v\u00e1rios tipos de equipamentos de perfura\u00e7\u00e3o e extra\u00e7\u00e3o, incluindo:<\/h3>\n\n\n\n<ul class=\"wp-block-list\">\n<li>Plataformas de perfura\u00e7\u00e3o: Essas m\u00e1quinas fazem furos para explorar ou extrair petr\u00f3leo, g\u00e1s ou minerais. Existem v\u00e1rios tipos de plataformas de perfura\u00e7\u00e3o, como terrestres, offshore e m\u00f3veis.<\/li>\n\n\n\n<li>Pumpjacks: S\u00e3o m\u00e1quinas utilizadas para extrair petr\u00f3leo de po\u00e7os. Eles consistem em um motor que aciona uma s\u00e9rie de hastes presas a uma bomba no fundo do po\u00e7o. A bomba move o fluido para a superf\u00edcie \u00e0 medida que as hastes se movem para cima e para baixo.<br>Escavadeiras s\u00e3o m\u00e1quinas pesadas que escavam e removem grandes quantidades de solo ou rocha. Eles s\u00e3o comuns na minera\u00e7\u00e3o e na constru\u00e7\u00e3o.<\/li>\n\n\n\n<li>Carregadoras: Essas m\u00e1quinas movem materiais de um lugar para outro. Eles tamb\u00e9m s\u00e3o comuns na minera\u00e7\u00e3o e na constru\u00e7\u00e3o.<\/li>\n\n\n\n<li>Trituradores: Essas m\u00e1quinas quebram pedras grandes em pedras menores. Os trituradores facilitam o manuseio e o transporte.<\/li>\n\n\n\n<li>Pumps: These machines move fluids such as water, oil, and gas. They are common in the <a href=\"https:\/\/www.sisinternational.com\/pt\/pericia\/industrias\/pesquisa-de-mercado-de-petroleo-e-gas\/\" title=\"Pesquisa de mercado de petr\u00f3leo e g\u00e1s\"  data-wpil-monitor-id=\"8201\">oil and gas<\/a> industry to move liquids from the well to the surface.<\/li>\n\n\n\n<li>Compressores: Essas m\u00e1quinas aumentam a press\u00e3o do ar ou do g\u00e1s natural. A ind\u00fastria de petr\u00f3leo e g\u00e1s os utiliza para transportar g\u00e1s do po\u00e7o at\u00e9 a planta de processamento.<\/li>\n<\/ul>\n\n\n\n<h2 class=\"wp-block-heading\">Por que os equipamentos de perfura\u00e7\u00e3o e extra\u00e7\u00e3o s\u00e3o importantes?<\/h2>\n\n\n\n<h3 class=\"wp-block-heading\">Os equipamentos de perfura\u00e7\u00e3o e extra\u00e7\u00e3o s\u00e3o essenciais por v\u00e1rios motivos.<\/h3>\n\n\n\n<p>Primeiro, d\u00e1 \u00e0s empresas acesso a recursos naturais enterrados na terra. Estes recursos s\u00e3o essenciais para alimentar as economias modernas. Eles tamb\u00e9m s\u00e3o vitais para atender \u00e0s demandas de diversos setores.<\/p>\n\n\n\n<p>Al\u00e9m disso, a extrac\u00e7\u00e3o de recursos naturais gera benef\u00edcios econ\u00f3micos significativos. Por exemplo, proporciona empregos e aumenta as receitas fiscais. Tamb\u00e9m promove o desenvolvimento de ind\u00fastrias de apoio. O equipamento utilizado neste processo garante uma extra\u00e7\u00e3o eficiente e econ\u00f4mica. Assim, maximiza os benef\u00edcios econ\u00f3micos.<\/p>\n\n\n\n<p>Outro ponto fundamental \u00e9 que os equipamentos de perfura\u00e7\u00e3o e extra\u00e7\u00e3o s\u00e3o fundamentais para manter a seguran\u00e7a energ\u00e9tica. Muitos pa\u00edses procuram reduzir a sua depend\u00eancia do petr\u00f3leo e do g\u00e1s estrangeiros. Assim, ter os equipamentos necess\u00e1rios para extrair recursos dom\u00e9sticos \u00e9 essencial.<\/p>\n\n\n\n<p>Pelo menos, houve muitos avan\u00e7os nos equipamentos de perfura\u00e7\u00e3o e extra\u00e7\u00e3o. Os m\u00e9todos de extra\u00e7\u00e3o tornaram-se mais eficientes e ecol\u00f3gicos, o que ajudou a reduzir o impacto da extra\u00e7\u00e3o de recursos no meio ambiente. Al\u00e9m disso, as t\u00e9cnicas melhoradas permitem \u00e0s empresas aceder a recursos de dif\u00edcil acesso. Alguns destes recursos teriam sido demasiado dif\u00edceis ou caros de extrair no passado.<\/p>\n\n\n\n<h2 class=\"wp-block-heading\">Principais cargos<\/h2>\n\n\n\n<figure class=\"gb-block-image gb-block-image-b1138752\"><img loading=\"lazy\" decoding=\"async\" width=\"1456\" height=\"816\" class=\"gb-image gb-image-b1138752\" src=\"https:\/\/www.sisinternational.com\/wp-content\/uploads\/2025\/08\/Drilling-and-Extraction-2.jpg\" alt=\"Pesquisa e Estrat\u00e9gia de Mercado Internacional da SIS\" title=\"Drilling and Extraction (2)\" srcset=\"https:\/\/www.sisinternational.com\/wp-content\/uploads\/2025\/08\/Drilling-and-Extraction-2.jpg 1456w, https:\/\/www.sisinternational.com\/wp-content\/uploads\/2025\/08\/Drilling-and-Extraction-2-300x168.jpg 300w, https:\/\/www.sisinternational.com\/wp-content\/uploads\/2025\/08\/Drilling-and-Extraction-2-1024x574.jpg 1024w, https:\/\/www.sisinternational.com\/wp-content\/uploads\/2025\/08\/Drilling-and-Extraction-2-768x430.jpg 768w, https:\/\/www.sisinternational.com\/wp-content\/uploads\/2025\/08\/Drilling-and-Extraction-2-18x10.jpg 18w\" sizes=\"auto, (max-width: 1456px) 100vw, 1456px\"><\/figure>\n\n\n\n<p><\/p>\n\n\n\n<h3 class=\"wp-block-heading\">Aqui est\u00e3o alguns cargos importantes relacionados a equipamentos de perfura\u00e7\u00e3o e extra\u00e7\u00e3o:<\/h3>\n\n\n\n<ol class=\"wp-block-list\">\n<li><strong>Engenheiro de perfura\u00e7\u00e3o.<\/strong> Projeta, planeja e supervisiona as opera\u00e7\u00f5es de perfura\u00e7\u00e3o para explora\u00e7\u00e3o e produ\u00e7\u00e3o de petr\u00f3leo, g\u00e1s e minerais.<\/li>\n\n\n\n<li><strong>Gerente da plataforma:<\/strong> Supervisiona a opera\u00e7\u00e3o de plataformas de perfura\u00e7\u00e3o. O trabalho inclui a manuten\u00e7\u00e3o de equipamentos. Tamb\u00e9m prev\u00ea a supervis\u00e3o da equipe de perfura\u00e7\u00e3o.<\/li>\n\n\n\n<li><strong>Engenheiro petrol\u00edfero.<\/strong> Projeta e desenvolve t\u00e9cnicas de extra\u00e7\u00e3o de petr\u00f3leo e g\u00e1s de reservat\u00f3rios subterr\u00e2neos. Eles trabalham para melhorar a efici\u00eancia e a lucratividade das opera\u00e7\u00f5es de extra\u00e7\u00e3o.<\/li>\n\n\n\n<li><strong>Ge\u00f3logo:<\/strong> Estuda as propriedades f\u00edsicas e os processos da terra. O ge\u00f3logo tamb\u00e9m identifica potenciais dep\u00f3sitos de petr\u00f3leo, g\u00e1s e minerais. Eles trabalham para determinar a localiza\u00e7\u00e3o, o tamanho e a qualidade desses recursos.<\/li>\n\n\n\n<li><strong>Engenheiro de produ\u00e7\u00e3o.<\/strong> Projeta e opera sistemas para produ\u00e7\u00e3o de petr\u00f3leo, g\u00e1s e minerais. Este engenheiro tamb\u00e9m projeta e opera equipamentos utilizados no processamento e transporte.<\/li>\n\n\n\n<li><strong>Gerente de Opera\u00e7\u00f5es:<\/strong> Supervisiona as opera\u00e7\u00f5es di\u00e1rias de locais de extra\u00e7\u00e3o de petr\u00f3leo, g\u00e1s e minerais. Outra fun\u00e7\u00e3o desse profissional \u00e9 garantir que o local atenda \u00e0s metas de produ\u00e7\u00e3o. Eles tamb\u00e9m garantem que todos os equipamentos e pessoal sejam seguros e eficientes.<\/li>\n\n\n\n<li><strong>Engenheiro ambiental.<\/strong> Garante que as opera\u00e7\u00f5es de perfura\u00e7\u00e3o e extra\u00e7\u00e3o sigam as regulamenta\u00e7\u00f5es ambientais. Desenvolve estrat\u00e9gias para mitigar o impacto ambiental dessas opera\u00e7\u00f5es.<\/li>\n\n\n\n<li><strong>T\u00e9cnico de manuten\u00e7\u00e3o:<\/strong> Executa manuten\u00e7\u00e3o e reparos de rotina em equipamentos de perfura\u00e7\u00e3o e extra\u00e7\u00e3o. Garante que esteja funcionando de forma segura e eficiente.<\/li>\n\n\n\n<li><strong>Engenheiro de seguran\u00e7a:<\/strong> Desenvolve e implementa procedimentos de seguran\u00e7a. Este profissional garante que os locais de perfura\u00e7\u00e3o e extra\u00e7\u00e3o sejam seguros para todo o pessoal.<\/li>\n<\/ol>\n\n\n\n<h2 class=\"wp-block-heading\">Principais fatores de sucesso na pesquisa de mercado de equipamentos de perfura\u00e7\u00e3o e extra\u00e7\u00e3o<\/h2>\n\n\n\n<figure class=\"gb-block-image gb-block-image-c77fc030\"><img loading=\"lazy\" decoding=\"async\" width=\"1456\" height=\"816\" class=\"gb-image gb-image-c77fc030\" src=\"https:\/\/www.sisinternational.com\/wp-content\/uploads\/2025\/08\/Drilling-and-Extraction-4.jpg\" alt=\"Pesquisa e Estrat\u00e9gia de Mercado Internacional da SIS\" title=\"Drilling and Extraction (4)\" srcset=\"https:\/\/www.sisinternational.com\/wp-content\/uploads\/2025\/08\/Drilling-and-Extraction-4.jpg 1456w, https:\/\/www.sisinternational.com\/wp-content\/uploads\/2025\/08\/Drilling-and-Extraction-4-300x168.jpg 300w, https:\/\/www.sisinternational.com\/wp-content\/uploads\/2025\/08\/Drilling-and-Extraction-4-1024x574.jpg 1024w, https:\/\/www.sisinternational.com\/wp-content\/uploads\/2025\/08\/Drilling-and-Extraction-4-768x430.jpg 768w, https:\/\/www.sisinternational.com\/wp-content\/uploads\/2025\/08\/Drilling-and-Extraction-4-18x10.jpg 18w\" sizes=\"auto, (max-width: 1456px) 100vw, 1456px\"><\/figure>\n\n\n\n<p><\/p>\n\n\n\n<p>O conhecimento e a experi\u00eancia do pessoal que opera o equipamento s\u00e3o cruciais. Permite opera\u00e7\u00f5es de perfura\u00e7\u00e3o e extra\u00e7\u00e3o bem-sucedidas. A melhor pr\u00e1tica \u00e9 contratar trabalhadores experientes e qualificados. Sua empresa tamb\u00e9m deve fornecer treinamento cont\u00ednuo para garantir a opera\u00e7\u00e3o segura e eficiente do equipamento.<\/p>\n\n\n\n<p>A manuten\u00e7\u00e3o regular dos equipamentos de perfura\u00e7\u00e3o e extra\u00e7\u00e3o \u00e9 fundamental para evitar paralisa\u00e7\u00f5es. Tamb\u00e9m maximiza a vida \u00fatil do equipamento. A manuten\u00e7\u00e3o inclui verifica\u00e7\u00f5es de rotina, reparos e substitui\u00e7\u00f5es de pe\u00e7as desgastadas. Esta manuten\u00e7\u00e3o visa garantir que o equipamento esteja sempre em \u00f3timas condi\u00e7\u00f5es de funcionamento.<\/p>\n\n\n\n<p>Garantir a seguran\u00e7a do pessoal \u00e9 um fator cr\u00edtico de sucesso. A ades\u00e3o estrita aos protocolos de seguran\u00e7a \u00e9 crucial. O mesmo ocorre com o uso de equipamentos de prote\u00e7\u00e3o adequados. O treinamento cont\u00ednuo em seguran\u00e7a tamb\u00e9m \u00e9 essencial para prevenir acidentes e les\u00f5es.<\/p>\n\n\n\n<p>Cumprir as regulamenta\u00e7\u00f5es ambientais \u00e9 essencial. O impacto das opera\u00e7\u00f5es de perfura\u00e7\u00e3o e extrac\u00e7\u00e3o no ambiente deve ser m\u00ednimo. Ajuda as empresas a manter uma imagem p\u00fablica positiva. Tamb\u00e9m evita poss\u00edveis consequ\u00eancias jur\u00eddicas e financeiras.<\/p>\n\n\n\n<p>Adopting new <a href=\"https:\/\/www.sisinternational.com\/pt\/solucoes\/inovacao-tecnologica\/\" title=\"SIS Technology &amp; Innovation Solutions\"  data-wpil-monitor-id=\"8196\">technologies and innovative solutions<\/a> can increase efficiency. It also reduces costs in drilling and extraction operations. Thus, continuous <a href=\"https:\/\/www.sisinternational.com\/pt\/pericia\/industrias\/pesquisa-de-mercado-de-desenvolvimento-de-baixo-codigo\/\" title=\"Pesquisa de mercado de desenvolvimento de baixo c\u00f3digo\"  data-wpil-monitor-id=\"8203\">research and development<\/a> are essential in this field.<\/p>\n\n\n\n<p>A colabora\u00e7\u00e3o entre diferentes equipes \u00e9 essencial para o sucesso das opera\u00e7\u00f5es de perfura\u00e7\u00e3o e extra\u00e7\u00e3o. Por exemplo, engenheiros, ge\u00f3logos e operadores de equipamentos devem poder trabalhar juntos. Comunica\u00e7\u00e3o eficaz e trabalho em equipe podem ajudar. Ele garante opera\u00e7\u00f5es coordenadas, eficientes e eficazes.<\/p>\n\n\n\n<h2 class=\"wp-block-heading\">Sobre a pesquisa de mercado de equipamentos de perfura\u00e7\u00e3o e extra\u00e7\u00e3o<\/h2>\n\n\n\n<p>Qualitative and <a href=\"https:\/\/www.sisinternational.com\/pt\/top-5-benefits-of-conducting-quantitative-market-research\/\" title=\"Top 5 Benefits of Conducting Quantitative Market Research\"  data-wpil-monitor-id=\"8195\">Pesquisa Quantitativa de Mercado<\/a> is vital. They should be core components of your Drilling and&nbsp;Extraction Equipment business. It will help you find and <a href=\"https:\/\/www.sisinternational.com\/pt\/solucoes\/solucoes-de-branding-e-pesquisa-de-clientes\/pesquisa-de-mercado-para-contar-historias\/\" title=\"Pesquisa de mercado para contar hist\u00f3rias\"  data-wpil-monitor-id=\"8199\">tell a compelling story<\/a> from vast data. It also lets you see what\u2019s most meaningful in your data to be efficient and strategic in acting upon it.<\/p>\n\n\n\n<p>SIS International provides all the insights you <a href=\"https:\/\/www.sisinternational.com\/pt\/analysis-b2b\/\" title=\"What Business Leaders Need to Know Right Now\"  data-wpil-monitor-id=\"8205\">need to take your business<\/a> forward. We offer UX Market Research, <a href=\"https:\/\/www.sisinternational.com\/pt\/o-papel-do-desenvolvimento-de-processos-e-sistemas-no-sucesso-organizacional\/\" title=\"Pesquisa de mercado de design organizacional\"  data-wpil-monitor-id=\"8194\">Estrat\u00e9gia de Pesquisa de Mercado<\/a>, and Competitive Analysis. We also do <a href=\"https:\/\/www.sisinternational.com\/pt\/pericia\/industrias\/pesquisa-de-mercado-de-nanoparticulas\/\" title=\"Pesquisa de mercado de nanopart\u00edculas\"  data-wpil-monitor-id=\"3326\">Pesquisa de entrada no mercado<\/a>, Market Opportunity Research, and Market Sizing Research. Focus Groups, Surveys, and Interviews are other services <a href=\"https:\/\/www.sisinternational.com\/pt\/pascoa-e-o-inevitavel-coelhinho-de-chocolate\/\" title=\"Pesquisa de mercado de P\u00e1scoa\"  data-wpil-monitor-id=\"8197\">SIS<\/a> offers to help you with your Go to Market Strategy. Contact us today!<\/p>","protected":false},"excerpt":{"rendered":"<p>Equipamentos de perfura\u00e7\u00e3o e extra\u00e7\u00e3o s\u00e3o m\u00e1quinas usadas para extrair recursos naturais como petr\u00f3leo, g\u00e1s e minerais da terra.<\/p>","protected":false},"author":1,"featured_media":64789,"parent":14514,"menu_order":205,"comment_status":"closed","ping_status":"closed","template":"","meta":{"footnotes":""},"class_list":["post-41813","page","type-page","status-publish","has-post-thumbnail"],"_links":{"self":[{"href":"https:\/\/www.sisinternational.com\/pt\/wp-json\/wp\/v2\/pages\/41813","targetHints":{"allow":["GET"]}}],"collection":[{"href":"https:\/\/www.sisinternational.com\/pt\/wp-json\/wp\/v2\/pages"}],"about":[{"href":"https:\/\/www.sisinternational.com\/pt\/wp-json\/wp\/v2\/types\/page"}],"author":[{"embeddable":true,"href":"https:\/\/www.sisinternational.com\/pt\/wp-json\/wp\/v2\/users\/1"}],"replies":[{"embeddable":true,"href":"https:\/\/www.sisinternational.com\/pt\/wp-json\/wp\/v2\/comments?post=41813"}],"version-history":[{"count":5,"href":"https:\/\/www.sisinternational.com\/pt\/wp-json\/wp\/v2\/pages\/41813\/revisions"}],"predecessor-version":[{"id":81378,"href":"https:\/\/www.sisinternational.com\/pt\/wp-json\/wp\/v2\/pages\/41813\/revisions\/81378"}],"up":[{"embeddable":true,"href":"https:\/\/www.sisinternational.com\/pt\/wp-json\/wp\/v2\/pages\/14514"}],"wp:featuredmedia":[{"embeddable":true,"href":"https:\/\/www.sisinternational.com\/pt\/wp-json\/wp\/v2\/media\/64789"}],"wp:attachment":[{"href":"https:\/\/www.sisinternational.com\/pt\/wp-json\/wp\/v2\/media?parent=41813"}],"curies":[{"name":"wp","href":"https:\/\/api.w.org\/{rel}","templated":true}]}}