{"id":41809,"date":"2023-03-16T15:30:24","date_gmt":"2023-03-16T19:30:24","guid":{"rendered":"https:\/\/www.sisinternational.com\/?page_id=41809"},"modified":"2026-01-24T21:18:11","modified_gmt":"2026-01-25T02:18:11","slug":"pesquisa-de-mercado-de-desinfetantes-conservantes","status":"publish","type":"page","link":"https:\/\/www.sisinternational.com\/pt\/pericia\/pesquisa-de-mercado-de-desinfetantes-conservantes\/","title":{"rendered":"Pesquisa de mercado de desinfetantes e conservantes"},"content":{"rendered":"<h1>Pesquisa de mercado de desinfetantes e conservantes<\/h1>\n<p><img loading=\"lazy\" decoding=\"async\" class=\"aligncenter size-full wp-image-41810\" src=\"https:\/\/www.sisinternational.com\/wp-content\/uploads\/2023\/03\/Disinfectants-and-Preservatives-Market-Research.jpg\" alt=\"Pesquisa de mercado de desinfetantes e conservantes\" width=\"1140\" height=\"760\" \/><\/p>\n<p>Desinfetantes e conservantes s\u00e3o produtos qu\u00edmicos usados em diversas ind\u00fastrias. Eles impedem o crescimento e a propaga\u00e7\u00e3o de microorganismos nocivos. Os desinfetantes matam ou eliminam bact\u00e9rias, v\u00edrus e outros pat\u00f3genos das superf\u00edcies. Os conservantes cont\u00eam o crescimento de microrganismos em alimentos, cosm\u00e9ticos e outros produtos.<\/p>\n<p>Researchers expect growth in the global <a href=\"https:\/\/www.sisinternational.com\/pt\/cobertura\/as-americas\/pesquisa-de-mercado-no-caribe\/pesquisa-de-mercado-antigua-barbuda\/\" title=\"Pesquisa de mercado em Ant\u00edgua e Barbuda\"  data-wpil-monitor-id=\"3787\">disinfectants and preservatives<\/a> market. These products have shown increasing demand. This demand is particularly evident in healthcare, food processing, and other industries. The COVID-19 pandemic has also led to a surge in demand for disinfectants and sanitizers. The pandemic has further boosted market growth.<\/p>\n<p>BASF SE, Lonza Group Ltd. e Clariant AG s\u00e3o participantes importantes neste setor. O mesmo acontece com a DowDuPont Inc. e a Ashland Global Holdings. Essas empresas oferecem uma ampla gama de desinfetantes e produtos conservantes. Eles est\u00e3o constantemente inovando para atender \u00e0s novas demandas do mercado.<\/p>\n<p>O que impulsionar\u00e1 o crescimento do mercado nos pr\u00f3ximos anos? Fatores como o aumento da conscientiza\u00e7\u00e3o sobre higiene e saneamento e o crescimento da popula\u00e7\u00e3o. A crescente demanda por alimentos e bebidas embalados tamb\u00e9m impactar\u00e1 positivamente o crescimento do mercado.<\/p>\n<p>No entanto, o mercado tamb\u00e9m enfrenta desafios. Por exemplo, h\u00e1 o desenvolvimento de microrganismos resistentes a medicamentos. Outro desafio \u00e9 o aumento das preocupa\u00e7\u00f5es com a seguran\u00e7a. As pessoas t\u00eam questionado o impacto ambiental de certos desinfetantes e conservantes.<\/p>\n<p>Apesar destes desafios, o mercado de desinfetantes e conservantes provavelmente continuar\u00e1 a crescer nos pr\u00f3ximos anos. A demanda por esses produtos est\u00e1 aumentando em v\u00e1rios setores.<\/p>\n<h2>Por que os desinfetantes e conservantes s\u00e3o importantes?<\/h2>\n<p>Desinfetantes e conservantes s\u00e3o essenciais por v\u00e1rios motivos. Por um lado, oferecem prote\u00e7\u00e3o contra microorganismos nocivos. Por outro lado, ajudam a proteger contra a propaga\u00e7\u00e3o de doen\u00e7as e enfermidades infecciosas.<br \/>\nOs conservantes prolongam a vida \u00fatil de produtos como alimentos e cosm\u00e9ticos. Eles ajudam a reduzir o desperd\u00edcio e a economizar dinheiro.<\/p>\n<p>Desinfetantes e conservantes mant\u00eam a qualidade dos produtos. Eles evitam a contamina\u00e7\u00e3o e a deteriora\u00e7\u00e3o, o que ajuda a garantir que os produtos atendam aos requisitos regulat\u00f3rios e \u00e0s expectativas dos consumidores.<\/p>\n<p>Um dos efeitos da contamina\u00e7\u00e3o dos produtos s\u00e3o perdas financeiras significativas para as empresas. Dado que os desinfectantes e os conservantes ajudam a prevenir a contamina\u00e7\u00e3o e a deteriora\u00e7\u00e3o, tamb\u00e9m ajudam a reduzir as perdas econ\u00f3micas.<\/p>\n<p>Os profissionais de sa\u00fade usam desinfetantes em hospitais e cl\u00ednicas. Eles tamb\u00e9m os utilizam em outras instala\u00e7\u00f5es de sa\u00fade para prevenir a propaga\u00e7\u00e3o de infec\u00e7\u00f5es. Eles tamb\u00e9m s\u00e3o usados em resid\u00eancias e espa\u00e7os p\u00fablicos para manter a limpeza e higiene.<\/p>\n<h2>Principais cargos<\/h2>\n<p>Os principais cargos na ind\u00fastria de desinfetantes e conservantes podem variar. Depende do campo, setor e empresa espec\u00edficos. Mas, alguns cargos padr\u00e3o neste setor podem incluir:<\/p>\n<ol>\n<li><strong>Qu\u00edmico de Pesquisa e Desenvolvimento (P&amp;D).<\/strong> Desenvolver e testar novos desinfetantes e conservantes. Melhorar os produtos existentes para atender \u00e0s demandas do mercado.<\/li>\n<li><strong>Gerente de Controle de Qualidade (CQ).<\/strong> Garantir a qualidade dos desinfetantes e conservantes. Verificar processos de produ\u00e7\u00e3o e realizar testes e inspe\u00e7\u00f5es. Al\u00e9m disso, implemente medidas de garantia de qualidade.<\/li>\n<li><strong>Gerente de Produ\u00e7\u00e3o.<\/strong> Supervisionar a produ\u00e7\u00e3o de desinfetantes e conservantes e gerenciar cronogramas de produ\u00e7\u00e3o. Al\u00e9m disso, garanta a efici\u00eancia dos processos de produ\u00e7\u00e3o.<\/li>\n<li><strong>Gerente de vendas.<\/strong> Desenvolver estrat\u00e9gias de vendas e gerenciar equipes de vendas. Al\u00e9m disso, promova desinfetantes e conservantes para clientes em potencial.<\/li>\n<li><strong>Especialista em Assuntos Regulat\u00f3rios.<\/strong> Garanta a conformidade com os requisitos regulat\u00f3rios, como regulamentos da EPA e FDA. Revisar e preparar documentos de registro e submiss\u00e3o de produtos.<\/li>\n<li><strong>Gerente de Sa\u00fade e Seguran\u00e7a Ambiental (EHS).<\/strong> Desenvolva e implemente protocolos de seguran\u00e7a. Garantir a conformidade com os regulamentos de seguran\u00e7a e ambientais.<\/li>\n<li><strong>Gerente de marketing.<\/strong> Desenvolva planos e campanhas de marketing e promova desinfetantes e conservantes nos mercados-alvo.<\/li>\n<li><strong>Especialista em Suporte T\u00e9cnico.<\/strong> Fornecer suporte t\u00e9cnico, ajudar clientes e equipes de vendas e solucionar problemas t\u00e9cnicos relacionados a desinfetantes e conservantes.<\/li>\n<li><strong>Gerente da Cadeia de Suprimentos.<\/strong> Gerenciar a cadeia de suprimentos e log\u00edstica de desinfetantes e conservantes. Fornecimento de mat\u00e9rias-primas, gerenciamento de estoque e coordena\u00e7\u00e3o de distribui\u00e7\u00e3o.<\/li>\n<li><strong>Engenheiro de Embalagem.<\/strong> Desenvolver e projetar solu\u00e7\u00f5es de embalagens para desinfetantes e conservantes. Certifique-se de que sejam seguros, eficazes e atendam aos requisitos regulamentares.<\/li>\n<\/ol>\n<h2>Por que as empresas precisam de desinfetantes e conservantes<\/h2>\n<p>As empresas precisam de desinfetantes e conservantes por v\u00e1rios motivos. Muitas ind\u00fastrias est\u00e3o sujeitas a regulamentos e padr\u00f5es. Muitas vezes, estas regras exigem desinfetantes e conservantes. Por que? Porque estas subst\u00e2ncias garantem a seguran\u00e7a e a qualidade dos produtos. Por exemplo, a ind\u00fastria de alimentos e bebidas exige o uso de conservantes. As raz\u00f5es s\u00e3o simples. Os conservantes evitam o crescimento de microorganismos nocivos. Eles tamb\u00e9m prolongam a vida \u00fatil dos produtos.<\/p>\n<p>Desinfetantes e conservantes protegem a sa\u00fade p\u00fablica. Eles evitam a propaga\u00e7\u00e3o de doen\u00e7as infecciosas e enfermidades, o que \u00e9 particularmente importante nas instala\u00e7\u00f5es de sa\u00fade. Al\u00e9m disso, estas instala\u00e7\u00f5es utilizam desinfetantes para prevenir a propaga\u00e7\u00e3o de infe\u00e7\u00f5es. Eles ajudam a manter pacientes e profissionais de sa\u00fade seguros.<\/p>\n<p>Os conservantes prolongam a vida \u00fatil de produtos como cosm\u00e9ticos, produtos farmac\u00eauticos e alimentos. Al\u00e9m disso, ajudam a preservar a qualidade do produto e a prevenir a deteriora\u00e7\u00e3o, essencial para as empresas. Ajuda a reduzir o desperd\u00edcio e a melhorar a satisfa\u00e7\u00e3o do cliente.<\/p>\n<p>O uso de desinfetantes e conservantes pode ajudar as empresas a economizar custos. Eles reduzem a necessidade de limpeza e higieniza\u00e7\u00e3o frequentes.<\/p>\n<p>O uso de desinfetantes e conservantes pode ajudar a melhorar a reputa\u00e7\u00e3o da marca de uma empresa. Demonstra compromisso com seguran\u00e7a, qualidade e higiene.<\/p>\n<h2>Principais fatores de sucesso<\/h2>\n<p>Um dos fatores cr\u00edticos de sucesso na ind\u00fastria de desinfetantes e conservantes \u00e9 a qualidade do produto. Determina a sua efic\u00e1cia em matar ou eliminar microorganismos nocivos e prevenir a deteriora\u00e7\u00e3o.<\/p>\n<p>A pesquisa e o desenvolvimento cont\u00ednuos de novos desinfetantes e conservantes s\u00e3o outro fator de sucesso. Melhorias nos produtos existentes s\u00e3o essenciais para atender \u00e0s demandas do mercado. Tamb\u00e9m ajuda as empresas a ficarem \u00e0 frente dos concorrentes.<\/p>\n<p>A conformidade com os requisitos regulamentares, como os regulamentos da EPA e da FDA, \u00e9 crucial. Garante a seguran\u00e7a e efic\u00e1cia de desinfetantes e conservantes. Tamb\u00e9m ajuda as empresas a evitar penalidades regulat\u00f3rias.<br \/>\nA gest\u00e3o eficaz da cadeia de abastecimento \u00e9 essencial. As empresas devem adquirir mat\u00e9rias-primas, gerenciar estoques e coordenar a distribui\u00e7\u00e3o. Estas a\u00e7\u00f5es garantem a entrega oportuna e eficiente de desinfetantes e conservantes.<\/p>\n<p>Estrat\u00e9gias eficazes de marketing e branding podem aumentar a visibilidade do produto e promover o reconhecimento da marca. Isso leva ao aumento das vendas e da participa\u00e7\u00e3o no mercado.<\/p>\n<p>Fornecer excelente atendimento ao cliente e suporte t\u00e9cnico \u00e9 crucial. Pode ajudar a construir lealdade e satisfa\u00e7\u00e3o. Tamb\u00e9m leva \u00e0 repeti\u00e7\u00e3o de recomenda\u00e7\u00f5es comerciais e boca a boca positivas.<\/p>\n<p>O uso de ingredientes e materiais de embalagem sustent\u00e1veis est\u00e1 se tornando crucial. Por que? Porque os consumidores est\u00e3o se tornando mais conscientes do meio ambiente.<\/p>\n<h2>Sobre a pesquisa de mercado de desinfetantes e conservantes<\/h2>\n<p>Focus Groups, Surveys, and Interviews have significant value. So do Qualitative, and Quantitative Market Research reports. At SIS International, you can access all this. We also provide <a href=\"https:\/\/www.sisinternational.com\/pt\/cobertura\/as-americas\/pesquisa-de-mercado-no-caribe\/pesquisa-de-mercado-em-sao-cristovao-nevis\/\" title=\"Pesquisa de mercado em S\u00e3o Crist\u00f3v\u00e3o e Nevis\"  data-wpil-monitor-id=\"3291\">Pesquisa de entrada no mercado<\/a>, Competitive Analysis, and UX Market Research. We help you to keep abreast of changing trends and investigate new markets.<\/p>\n<p>If you\u2019ve discovered a great business idea, test it against what\u2019s already on the market. For this, you may need <a href=\"https:\/\/www.sisinternational.com\/pt\/pericia\/industrias\/pesquisa-de-mercado-de-nanoparticulas\/\" title=\"Pesquisa de mercado de nanopart\u00edculas\"  data-wpil-monitor-id=\"3328\">Pesquisa de oportunidades de mercado<\/a>, Market Sizing Research, and Strategy Market Research. Contact us today! We will help with you Go to Market Strategy.<\/p>","protected":false},"excerpt":{"rendered":"<p>O mercado global de desinfetantes e conservantes tem crescido efetivamente nos setores de sa\u00fade, processamento de alimentos e outros setores.<\/p>","protected":false},"author":1,"featured_media":0,"parent":14514,"menu_order":204,"comment_status":"closed","ping_status":"closed","template":"","meta":{"footnotes":""},"class_list":["post-41809","page","type-page","status-publish"],"_links":{"self":[{"href":"https:\/\/www.sisinternational.com\/pt\/wp-json\/wp\/v2\/pages\/41809","targetHints":{"allow":["GET"]}}],"collection":[{"href":"https:\/\/www.sisinternational.com\/pt\/wp-json\/wp\/v2\/pages"}],"about":[{"href":"https:\/\/www.sisinternational.com\/pt\/wp-json\/wp\/v2\/types\/page"}],"author":[{"embeddable":true,"href":"https:\/\/www.sisinternational.com\/pt\/wp-json\/wp\/v2\/users\/1"}],"replies":[{"embeddable":true,"href":"https:\/\/www.sisinternational.com\/pt\/wp-json\/wp\/v2\/comments?post=41809"}],"version-history":[{"count":4,"href":"https:\/\/www.sisinternational.com\/pt\/wp-json\/wp\/v2\/pages\/41809\/revisions"}],"predecessor-version":[{"id":77975,"href":"https:\/\/www.sisinternational.com\/pt\/wp-json\/wp\/v2\/pages\/41809\/revisions\/77975"}],"up":[{"embeddable":true,"href":"https:\/\/www.sisinternational.com\/pt\/wp-json\/wp\/v2\/pages\/14514"}],"wp:attachment":[{"href":"https:\/\/www.sisinternational.com\/pt\/wp-json\/wp\/v2\/media?parent=41809"}],"curies":[{"name":"wp","href":"https:\/\/api.w.org\/{rel}","templated":true}]}}