{"id":41805,"date":"2023-03-16T13:27:25","date_gmt":"2023-03-16T17:27:25","guid":{"rendered":"https:\/\/www.sisinternational.com\/?page_id=41805"},"modified":"2026-03-12T13:31:54","modified_gmt":"2026-03-12T17:31:54","slug":"pesquisa-de-mercado-de-sobremesas","status":"publish","type":"page","link":"https:\/\/www.sisinternational.com\/pt\/solucoes\/pesquisa-de-mercado-da-industria-de-bebidas-alimenticias\/pesquisa-de-mercado-de-sobremesas\/","title":{"rendered":"Pesquisa de mercado de sobremesas"},"content":{"rendered":"<h1 class=\"wp-block-heading\">Pesquisa de mercado de sobremesas<\/h1>\n\n\n\n<figure class=\"gb-block-image gb-block-image-c729c457\"><img loading=\"lazy\" decoding=\"async\" width=\"1456\" height=\"816\" class=\"gb-image gb-image-c729c457\" src=\"https:\/\/www.sisinternational.com\/wp-content\/uploads\/2025\/08\/Dessert-4.jpg\" alt=\"Pesquisa e Estrat\u00e9gia de Mercado Internacional da SIS\" title=\"Dessert (4)\" srcset=\"https:\/\/www.sisinternational.com\/wp-content\/uploads\/2025\/08\/Dessert-4.jpg 1456w, https:\/\/www.sisinternational.com\/wp-content\/uploads\/2025\/08\/Dessert-4-300x168.jpg 300w, https:\/\/www.sisinternational.com\/wp-content\/uploads\/2025\/08\/Dessert-4-1024x574.jpg 1024w, https:\/\/www.sisinternational.com\/wp-content\/uploads\/2025\/08\/Dessert-4-768x430.jpg 768w, https:\/\/www.sisinternational.com\/wp-content\/uploads\/2025\/08\/Dessert-4-18x10.jpg 18w\" sizes=\"auto, (max-width: 1456px) 100vw, 1456px\"><\/figure>\n\n\n\n<p><\/p>\n\n\n\n<p>A pesquisa de mercado de sobremesas fornece insights sobre v\u00e1rios processos de neg\u00f3cios e setores vitais para a produ\u00e7\u00e3o e distribui\u00e7\u00e3o de produtos e servi\u00e7os nessa ind\u00fastria. O mercado de sobremesas, por fazer parte da ind\u00fastria aliment\u00edcia, tem uma previs\u00e3o otimista no longo prazo porque \u00e9 um tipo de alimento que quase todo mundo gosta e tem dificuldade em dizer n\u00e3o.<\/p>\n\n\n\n<p>The dessert market is very competitive, and with competition comes obstacles that include already well-established dessert products as well as new discoveries, all vying for consumers&#8217; attention. Dessert market research provides insights for businesses with customized and&nbsp;data-driven&nbsp;information on the different aspects of the&nbsp;dessert industry. This is to assist them in gaining a deeper understanding of <a href=\"https:\/\/www.sisinternational.com\/pt\/publicacoes\/comportamento-do-comprador-apos-coronavirus-novo-consumidor\/\" title=\"Comportamento do comprador ap\u00f3s o coronav\u00edrus \u2013 Pesquisa de mercado de consumo\"  data-wpil-monitor-id=\"10010\">consumers and market<\/a> trends in order to&nbsp;remain&nbsp;creative, thrive despite competition, and grow&nbsp;their brands.<\/p>\n\n\n\n<p>Typically, dessert food sector is divided by product category, sales channel, and local marker. The <a class=\"wpil_keyword_link\" href=\"https:\/\/www.sisinternational.com\/pt\/pericia\/industrias\/pesquisa-de-mercado-de-laticinios\/\"   title=\"Pesquisa de mercado de latic\u00ednios\" data-wpil-keyword-link=\"linked\"  data-wpil-monitor-id=\"385\">pesquisa de mercado de latic\u00ednios<\/a> includes essential data and projections on market size and value for the industry&#8217;s major segments.<\/p>\n\n\n\n<h2 class=\"wp-block-heading\">O que s\u00e3o sobremesas?<\/h2>\n\n\n\n<figure class=\"gb-block-image gb-block-image-46116073\"><img loading=\"lazy\" decoding=\"async\" width=\"1456\" height=\"816\" class=\"gb-image gb-image-46116073\" src=\"https:\/\/www.sisinternational.com\/wp-content\/uploads\/2025\/08\/Dessert-2.jpg\" alt=\"Pesquisa e Estrat\u00e9gia de Mercado Internacional da SIS\" title=\"Dessert (2)\" srcset=\"https:\/\/www.sisinternational.com\/wp-content\/uploads\/2025\/08\/Dessert-2.jpg 1456w, https:\/\/www.sisinternational.com\/wp-content\/uploads\/2025\/08\/Dessert-2-300x168.jpg 300w, https:\/\/www.sisinternational.com\/wp-content\/uploads\/2025\/08\/Dessert-2-1024x574.jpg 1024w, https:\/\/www.sisinternational.com\/wp-content\/uploads\/2025\/08\/Dessert-2-768x430.jpg 768w, https:\/\/www.sisinternational.com\/wp-content\/uploads\/2025\/08\/Dessert-2-18x10.jpg 18w\" sizes=\"auto, (max-width: 1456px) 100vw, 1456px\"><\/figure>\n\n\n\n<p><\/p>\n\n\n\n<p>Normalmente, as sobremesas s\u00e3o servidas como prato final de uma refei\u00e7\u00e3o. No entanto, globalmente, as sobremesas s\u00e3o produtos alimentares ou bebidas que t\u00eam principalmente sabor doce e consistem em diferentes varia\u00e7\u00f5es de texturas e apar\u00eancias.<\/p>\n\n\n\n<p>Numerosas culturas t\u00eam variedades distintas de sobremesas. Hoje em dia, os v\u00e1rios tipos de sobremesas foram transmitidos ou derivados de locais espec\u00edficos. Este \u00e9 um fator que contribui para a variedade de sobremesas.<\/p>\n\n\n\n<h3 class=\"wp-block-heading\">Abaixo est\u00e3o algumas das sobremesas mais populares:<\/h3>\n\n\n\n<ul class=\"wp-block-list\">\n<li>Bolos<\/li>\n\n\n\n<li>Doces<\/li>\n\n\n\n<li>Tortas<\/li>\n\n\n\n<li>Confec\u00e7\u00e3o<\/li>\n\n\n\n<li>Cremes e Pudins<\/li>\n\n\n\n<li>Sobremesas fritas<\/li>\n\n\n\n<li>Sobremesas congeladas<\/li>\n\n\n\n<li>Gelatina<\/li>\n\n\n\n<li>Frutas<\/li>\n\n\n\n<li>Bebidas como shakes de frutas, vinhos doces e coquet\u00e9is cremosos<\/li>\n<\/ul>\n\n\n\n<p>Al\u00e9m de satisfazer nossos desejos por doces, as sobremesas podem trazer benef\u00edcios \u00e0 sa\u00fade. Elementos essenciais como vitaminas, minerais e antioxidantes s\u00e3o encontrados nos diversos ingredientes utilizados na prepara\u00e7\u00e3o de sobremesas e s\u00e3o vitais para a sa\u00fade geral. Al\u00e9m disso, muitos doces s\u00e3o ricos em fibras, o que nos ajuda a sentir-nos saciados por longos per\u00edodos de tempo. Devido ao seu teor natural de a\u00e7\u00facar, as sobremesas tamb\u00e9m s\u00e3o fant\u00e1sticos impulsionadores de energia.<\/p>\n\n\n\n<p>Al\u00e9m dos benef\u00edcios para a sa\u00fade dos doces, deliciar-se com eles tamb\u00e9m pode ajudar a diminuir o estresse e a ansiedade. As sobremesas podem provocar boas emo\u00e7\u00f5es, como felicidade e contentamento, elevando a disposi\u00e7\u00e3o. Deliciar-se com a sobremesa tamb\u00e9m pode ser uma ocasi\u00e3o de relaxamento e prazer.<\/p>\n\n\n\n<h2 class=\"wp-block-heading\">Metodologias de pesquisa de mercado de sobremesas<\/h2>\n\n\n\n<p>A pesquisa de mercado fornece insights sobre v\u00e1rias tend\u00eancias, previs\u00f5es e problemas de marketing na ind\u00fastria de sobremesas. Existem v\u00e1rias fontes prim\u00e1rias para coletar dados e estrat\u00e9gias na ind\u00fastria de sobremesas. Esses m\u00e9todos incluem o seguinte:<\/p>\n\n\n\n<h2 class=\"wp-block-heading\">Estudo de pesquisa de p\u00fablico-alvo<\/h2>\n\n\n\n<p>Pesquisas aprofundadas com clientes investigam a influ\u00eancia de fatores sociais, econ\u00f4micos, culturais e psicol\u00f3gicos nas atitudes e decis\u00f5es de compra. A combina\u00e7\u00e3o de investiga\u00e7\u00e3o prim\u00e1ria exclusiva e dados distribu\u00eddos produz uma avalia\u00e7\u00e3o precisa e distinta. Os m\u00e9todos incluem:<\/p>\n\n\n\n<ul class=\"wp-block-list\">\n<li>Utiliza\u00e7\u00e3o de quest\u00f5es prim\u00e1rias de pesquisa para entrevistas, pesquisas e enquetes on-line para coleta e an\u00e1lise de dados.<\/li>\n\n\n\n<li>Usando amostras de entrevistados categorizados por sexo, idade, renda familiar e \u00e1rea.<\/li>\n\n\n\n<li>A utiliza\u00e7\u00e3o de um p\u00fablico-alvo ou de pain\u00e9is especializados para recolher respostas de grupos demogr\u00e1ficos dif\u00edceis de alcan\u00e7ar.<\/li>\n\n\n\n<li>Collecting data and strategies from other reputable consumer <a href=\"https:\/\/www.sisinternational.com\/pt\/pericia\/curriculos-de-experiencia\/curriculo-de-experiencia-na-industria-automotiva\/\" title=\"Empresa de pesquisa de mercado da ind\u00fastria automotiva\"  data-wpil-monitor-id=\"10006\">research companies in the dessert industry<\/a>.<\/li>\n<\/ul>\n\n\n\n<h3 class=\"wp-block-heading\">Pesquisa de mercado de sobremesas sobre concorrentes<\/h3>\n\n\n\n<figure class=\"gb-block-image gb-block-image-7575fdcf\"><img loading=\"lazy\" decoding=\"async\" width=\"1456\" height=\"816\" class=\"gb-image gb-image-7575fdcf\" src=\"https:\/\/www.sisinternational.com\/wp-content\/uploads\/2025\/08\/Dessert-5.jpg\" alt=\"Pesquisa e Estrat\u00e9gia de Mercado Internacional da SIS\" title=\"Dessert (5)\" srcset=\"https:\/\/www.sisinternational.com\/wp-content\/uploads\/2025\/08\/Dessert-5.jpg 1456w, https:\/\/www.sisinternational.com\/wp-content\/uploads\/2025\/08\/Dessert-5-300x168.jpg 300w, https:\/\/www.sisinternational.com\/wp-content\/uploads\/2025\/08\/Dessert-5-1024x574.jpg 1024w, https:\/\/www.sisinternational.com\/wp-content\/uploads\/2025\/08\/Dessert-5-768x430.jpg 768w, https:\/\/www.sisinternational.com\/wp-content\/uploads\/2025\/08\/Dessert-5-18x10.jpg 18w\" sizes=\"auto, (max-width: 1456px) 100vw, 1456px\"><\/figure>\n\n\n\n<p><\/p>\n\n\n\n<p>Trade <a href=\"https:\/\/www.sisinternational.com\/pt\/pericia\/industrias\/pesquisa-de-mercado-de-nanoparticulas\/\" title=\"Pesquisa de mercado de nanopart\u00edculas\"  data-wpil-monitor-id=\"3329\">research for dessert market<\/a> entails engaging essential companies in the sector to collect information about their operations and perspectives on strategic issues pertinent to the market being studied. This way, any end user of the market research report can address current operation and marketing issues. To assure precision, only seasoned industry representatives can analyze the collected data and strategies in the dessert industry.<\/p>\n\n\n\n<p>Para certos estudos, a pesquisa comercial \u00e9 conduzida empregando pesquisadores com experi\u00eancia e conhecimento na ind\u00fastria de sobremesas. Consiste em perguntas completas de entrevistas de mercado e cita\u00e7\u00f5es diretas de fontes confi\u00e1veis, que s\u00e3o ent\u00e3o analisadas por profissionais do assunto e incorporadas ao relat\u00f3rio. Isso fornece excelentes ideias vi\u00e1veis em v\u00e1rias situa\u00e7\u00f5es sobre os desafios atuais e o que est\u00e1 acontecendo no cen\u00e1rio de neg\u00f3cios. A pesquisa de mercado fornece insights contendo cita\u00e7\u00f5es que transmitem perspectivas significativas sobre v\u00e1rios quadros sobre os problemas atuais do setor.<\/p>\n\n\n\n<h3 class=\"wp-block-heading\">Previs\u00e3o de tend\u00eancias de marketing a partir de dados passados e presentes<\/h3>\n\n\n\n<p>The power of historical information to predict the future <a href=\"https:\/\/www.sisinternational.com\/pt\/cobertura\/as-americas\/cobertura-dos-eua\/pesquisa-de-mercado-do-estado-de-nova-york\/\" title=\"Pesquisa de mercado do estado de Nova York\"  data-wpil-monitor-id=\"10011\">state of markets<\/a> is limited. Thus, rich qualitative inputs from industry experts regarding past and future events that may have an impact on the market play a vital role in our post-statistical modeling evaluation process. In addition, analyzing the past <a href=\"https:\/\/www.sisinternational.com\/pt\/pericia\/industrias\/pesquisa-de-mercado-de-assistente-de-enfermagem-virtual\/\" title=\"Pesquisa de mercado de assistente de enfermagem virtual\"  data-wpil-monitor-id=\"10012\">market and the current year&#8217;s data assists<\/a> in determining the likelihood of various scenarios for estimating the market value of desserts over the following couple of years.<\/p>\n\n\n\n<p>A previs\u00e3o estat\u00edstica da pesquisa de mercado de sobremesas permite fatores adicionais fora da capacidade de an\u00e1lise de dados. Utilizando um rigoroso processo estat\u00edstico complementado por profundo conhecimento e experi\u00eancia do mercado, os resultados podem desempenhar um papel crucial na interpreta\u00e7\u00e3o de tend\u00eancias que podem impactar o futuro da ind\u00fastria de sobremesas.<\/p>\n\n\n\n<h2 class=\"wp-block-heading\">Benef\u00edcios da pesquisa de mercado de sobremesas<\/h2>\n\n\n\n<ul class=\"wp-block-list\">\n<li>Learn about significant <a href=\"https:\/\/www.sisinternational.com\/pt\/future-trends-in-qualitative-market-research\/\" title=\"Future Trends in Qualitative Market Research\"  data-wpil-monitor-id=\"10007\">market trends that can impact the future<\/a> of doing business.<\/li>\n\n\n\n<li>Identifique riscos e vantagens no lan\u00e7amento de novos produtos ou no planejamento de campanhas de marketing.<\/li>\n\n\n\n<li>Tenha refer\u00eancias s\u00f3lidas antes de tomar decis\u00f5es de marketing, estrat\u00e9gia e planejamento.<\/li>\n\n\n\n<li>Construa instantaneamente intelig\u00eancia competitiva que voc\u00ea pode usar imediatamente<\/li>\n\n\n\n<li>A pesquisa de mercado de sobremesas fornece insights sobre informa\u00e7\u00f5es de v\u00e1rios setores de neg\u00f3cios para auxiliar no planejamento e nas decis\u00f5es estrat\u00e9gicas.<\/li>\n\n\n\n<li>Gives you a greater comprehension of industry rivalry and the <a href=\"https:\/\/www.sisinternational.com\/pt\/solucoes\/pesquisa-de-consultoria-em-estrategia-fintech\/pesquisa-de-mercado-financeiro-da-cadeia-de-suprimentos\/\" title=\"Pesquisa de mercado financeiro da cadeia de suprimentos\"  data-wpil-monitor-id=\"10008\">supply chain<\/a> by allowing you to comprehend market dynamics.<\/li>\n\n\n\n<li>Analisa par\u00e2metros operacionais e de desempenho importantes para que voc\u00ea possa avaliar sua empresa em rela\u00e7\u00e3o \u00e0 sua, aos seus clientes e aos seus concorrentes.<\/li>\n<\/ul>\n\n\n\n<h2 class=\"wp-block-heading\">Sobre a pesquisa de mercado de sobremesas<\/h2>\n\n\n\n<figure class=\"gb-block-image gb-block-image-530fa7e3\"><img loading=\"lazy\" decoding=\"async\" width=\"1456\" height=\"816\" class=\"gb-image gb-image-530fa7e3\" src=\"https:\/\/www.sisinternational.com\/wp-content\/uploads\/2025\/08\/Dessert-1.jpg\" alt=\"Pesquisa e Estrat\u00e9gia de Mercado Internacional da SIS\" title=\"Dessert (1)\" srcset=\"https:\/\/www.sisinternational.com\/wp-content\/uploads\/2025\/08\/Dessert-1.jpg 1456w, https:\/\/www.sisinternational.com\/wp-content\/uploads\/2025\/08\/Dessert-1-300x168.jpg 300w, https:\/\/www.sisinternational.com\/wp-content\/uploads\/2025\/08\/Dessert-1-1024x574.jpg 1024w, https:\/\/www.sisinternational.com\/wp-content\/uploads\/2025\/08\/Dessert-1-768x430.jpg 768w, https:\/\/www.sisinternational.com\/wp-content\/uploads\/2025\/08\/Dessert-1-18x10.jpg 18w\" sizes=\"auto, (max-width: 1456px) 100vw, 1456px\"><\/figure>\n\n\n\n<p><\/p>\n\n\n\n<p>Dessert Market Research delivers a comprehensive analysis of your market, including market drivers and segmentation, consumer attitudes and behaviors, a summary of brand activity and innovation, and market potential. Each study includes data and strategies in the dessert industry that categorizes <a href=\"https:\/\/www.sisinternational.com\/pt\/solucoes\/pesquisa-de-mercado-consumidor\/\" title=\"Consumer Market Research Services for Smarter Business Decisions\"  data-wpil-monitor-id=\"10009\">consumer research by demographic and a business<\/a> summary that showcases the report&#8217;s primary findings.<\/p>\n\n\n\n<p>Dessert Market Research provides insights to clients, executive business personnel, and key industry experts into an objective, <a href=\"https:\/\/www.sisinternational.com\/pt\/analise-de-satisfacao-do-cliente\/\" title=\"8 maneiras de aumentar a satisfa\u00e7\u00e3o do cliente no varejo\"  data-wpil-monitor-id=\"10005\">custom view of the consumer<\/a> market and a clear roadmap for navigating it. Each study combines original research, reliable market data, and expert analysis to provide you with the tools you need to expand your business.<\/p>","protected":false},"excerpt":{"rendered":"<p>O mercado de sobremesas tem uma previs\u00e3o otimista no longo prazo porque \u00e9 o alimento que quase todo mundo gosta e ao qual tem dificuldade em dizer n\u00e3o.<\/p>","protected":false},"author":1,"featured_media":64770,"parent":22018,"menu_order":203,"comment_status":"closed","ping_status":"closed","template":"","meta":{"footnotes":""},"class_list":["post-41805","page","type-page","status-publish","has-post-thumbnail"],"_links":{"self":[{"href":"https:\/\/www.sisinternational.com\/pt\/wp-json\/wp\/v2\/pages\/41805","targetHints":{"allow":["GET"]}}],"collection":[{"href":"https:\/\/www.sisinternational.com\/pt\/wp-json\/wp\/v2\/pages"}],"about":[{"href":"https:\/\/www.sisinternational.com\/pt\/wp-json\/wp\/v2\/types\/page"}],"author":[{"embeddable":true,"href":"https:\/\/www.sisinternational.com\/pt\/wp-json\/wp\/v2\/users\/1"}],"replies":[{"embeddable":true,"href":"https:\/\/www.sisinternational.com\/pt\/wp-json\/wp\/v2\/comments?post=41805"}],"version-history":[{"count":6,"href":"https:\/\/www.sisinternational.com\/pt\/wp-json\/wp\/v2\/pages\/41805\/revisions"}],"predecessor-version":[{"id":81656,"href":"https:\/\/www.sisinternational.com\/pt\/wp-json\/wp\/v2\/pages\/41805\/revisions\/81656"}],"up":[{"embeddable":true,"href":"https:\/\/www.sisinternational.com\/pt\/wp-json\/wp\/v2\/pages\/22018"}],"wp:featuredmedia":[{"embeddable":true,"href":"https:\/\/www.sisinternational.com\/pt\/wp-json\/wp\/v2\/media\/64770"}],"wp:attachment":[{"href":"https:\/\/www.sisinternational.com\/pt\/wp-json\/wp\/v2\/media?parent=41805"}],"curies":[{"name":"wp","href":"https:\/\/api.w.org\/{rel}","templated":true}]}}