{"id":41801,"date":"2023-03-16T12:45:05","date_gmt":"2023-03-16T16:45:05","guid":{"rendered":"https:\/\/www.sisinternational.com\/?page_id=41801"},"modified":"2026-03-12T13:31:41","modified_gmt":"2026-03-12T17:31:41","slug":"pesquisa-de-mercado-de-carne-baseada-em-celulas-de-carne-cultivada","status":"publish","type":"page","link":"https:\/\/www.sisinternational.com\/pt\/solucoes\/pesquisa-de-mercado-da-industria-de-bebidas-alimenticias\/pesquisa-de-mercado-de-carne-baseada-em-celulas-de-carne-cultivada\/","title":{"rendered":"Pesquisa de mercado de carne cultivada (carne baseada em c\u00e9lulas)"},"content":{"rendered":"<h1 class=\"wp-block-heading\">Pesquisa de mercado de carne cultivada (carne baseada em c\u00e9lulas)<\/h1>\n\n\n\n<figure class=\"gb-block-image gb-block-image-e3eef122\"><img loading=\"lazy\" decoding=\"async\" width=\"1456\" height=\"816\" class=\"gb-image gb-image-e3eef122\" src=\"https:\/\/www.sisinternational.com\/wp-content\/uploads\/2025\/10\/Meat-5.jpg\" alt=\"Pesquisa e Estrat\u00e9gia de Mercado Internacional da SIS\" title=\"Meat (5)\" srcset=\"https:\/\/www.sisinternational.com\/wp-content\/uploads\/2025\/10\/Meat-5.jpg 1456w, https:\/\/www.sisinternational.com\/wp-content\/uploads\/2025\/10\/Meat-5-300x168.jpg 300w, https:\/\/www.sisinternational.com\/wp-content\/uploads\/2025\/10\/Meat-5-1024x574.jpg 1024w, https:\/\/www.sisinternational.com\/wp-content\/uploads\/2025\/10\/Meat-5-768x430.jpg 768w, https:\/\/www.sisinternational.com\/wp-content\/uploads\/2025\/10\/Meat-5-18x10.jpg 18w\" sizes=\"auto, (max-width: 1456px) 100vw, 1456px\"><\/figure>\n\n\n\n<p><\/p>\n\n\n\n<p>A produ\u00e7\u00e3o de carne tem estado sob os holofotes por suas quest\u00f5es \u00e9ticas e impacto ambiental h\u00e1 anos. Acres de terra s\u00e3o dedicados \u00e0 cria\u00e7\u00e3o de gado e gado, o que pode afectar a produ\u00e7\u00e3o agr\u00edcola e a fertilidade da terra.<\/p>\n\n\n\n<p>Consequentemente, o mercado introduziu a Carne Cultivada ou \u00e0 Base de C\u00e9lulas para criar mudan\u00e7as e introduzir novas melhorias na ind\u00fastria da carne. No entanto, o Mercado de Carne Cultivada recebeu uma rea\u00e7\u00e3o mista dos produtores e consumidores de carne.<\/p>\n\n\n\n<p>Although with a rocky start, this market is <a href=\"https:\/\/www.sisinternational.com\/pt\/what-to-expect-in-your-first-year-entering-a-new-market-5-essential-strategies\/\" title=\"What to Expect in Your First Year Entering a New Market: 5 Essential Strategies\"  data-wpil-monitor-id=\"10102\">expected<\/a> to grow in the coming years as it gathers more interest with the promise of producing meat and other proteins with minimal resources needed and lesser chances of getting foodborne illnesses.<\/p>\n\n\n\n<h2 class=\"wp-block-heading\">O que \u00e9 carne cultivada?<\/h2>\n\n\n\n<p>A Carne Cultivada, tamb\u00e9m conhecida como Carne Baseada em C\u00e9lulas, \u00e9 produzida pelo cultivo direto de c\u00e9lulas animais para produzir carne animal real e outras prote\u00ednas. As c\u00e9lulas utilizadas prov\u00eam de c\u00e9lulas-tronco animais, que s\u00e3o ent\u00e3o organizadas de forma semelhante ao tecido do animal.<\/p>\n\n\n\n<p>Este arranjo permite que a Carne Cultivada retenha a textura, o sabor e o valor nutricional de uma prote\u00edna animal normal. Empresas e laborat\u00f3rios recriam com sucesso prote\u00ednas de diferentes animais, garantindo uma sele\u00e7\u00e3o mais ampla para consumo p\u00fablico.<\/p>\n\n\n\n<h2 class=\"wp-block-heading\">Benef\u00edcios da pesquisa de mercado de carne cultivada<\/h2>\n\n\n\n<figure class=\"gb-block-image gb-block-image-c68a5439\"><img loading=\"lazy\" decoding=\"async\" width=\"1456\" height=\"816\" class=\"gb-image gb-image-c68a5439\" src=\"https:\/\/www.sisinternational.com\/wp-content\/uploads\/2025\/10\/Meat-1.jpg\" alt=\"Pesquisa e Estrat\u00e9gia de Mercado Internacional da SIS\" title=\"Meat (1)\" srcset=\"https:\/\/www.sisinternational.com\/wp-content\/uploads\/2025\/10\/Meat-1.jpg 1456w, https:\/\/www.sisinternational.com\/wp-content\/uploads\/2025\/10\/Meat-1-300x168.jpg 300w, https:\/\/www.sisinternational.com\/wp-content\/uploads\/2025\/10\/Meat-1-1024x574.jpg 1024w, https:\/\/www.sisinternational.com\/wp-content\/uploads\/2025\/10\/Meat-1-768x430.jpg 768w, https:\/\/www.sisinternational.com\/wp-content\/uploads\/2025\/10\/Meat-1-18x10.jpg 18w\" sizes=\"auto, (max-width: 1456px) 100vw, 1456px\"><\/figure>\n\n\n\n<p><\/p>\n\n\n\n<p>O mercado de carne cultivada cai na \u00e1rea cinzenta da ind\u00fastria aliment\u00edcia, j\u00e1 que a prote\u00edna cultivada em laborat\u00f3rio \u00e9 altamente incomum. \u00c9 aqui que entra a Pesquisa de Mercado de Carne Cultivada para fornecer dados e informa\u00e7\u00f5es criteriosas para os investidores determinarem a viabilidade do mercado.<\/p>\n\n\n\n<p>Basicamente, beneficia esses empres\u00e1rios, ajudando-os a compreender como funciona o Mercado de Carnes Cultivadas e como ele pode se adaptar a cada lugar, levando em considera\u00e7\u00e3o os consumidores, o meio ambiente e as pol\u00edticas impostas. Para explicar melhor, aqui est\u00e1 um detalhamento dos benef\u00edcios que uma pesquisa de mercado de carne cultivada tem:<\/p>\n\n\n\n<ul class=\"wp-block-list\">\n<li>Discover whether there is a demand in the area &#8211; Lab-grown protein is considered taboo in many countries. Having dedicated <a href=\"https:\/\/www.sisinternational.com\/pt\/pericia\/industrias\/pesquisa-de-mercado-sobre-povos-indigenas\/\" title=\"Pesquisa de mercado de povos ind\u00edgenas\"  data-wpil-monitor-id=\"10100\">research to establish whether people<\/a> are eager or opposed to Cultivated Meat can help investors determine if there is an actual demand.<\/li>\n\n\n\n<li>Pol\u00edticas governamentais que podem ou n\u00e3o intervir na introdu\u00e7\u00e3o do Mercado de Carne Cultivada \u2013 A pesquisa do Mercado de Carne Cultivada permite que os investidores tenham insights sobre pol\u00edticas governamentais que podem restringir ou proibir a produ\u00e7\u00e3o e venda de carne baseada em c\u00e9lulas em seus respectivos territ\u00f3rios.<\/li>\n\n\n\n<li>Thorough understanding of Cultivated Meat and its market &#8211; Investors might be reluctant to enter the Cultivated Meat Market because it is an uncommon niche segment of the <a href=\"https:\/\/www.sisinternational.com\/pt\/solucoes\/pesquisa-de-mercado-da-industria-de-bebidas-alimenticias\/\" title=\"Pesquisa de mercado do setor de alimentos e bebidas\"  data-wpil-monitor-id=\"10096\">food<\/a> industry. The <a href=\"https:\/\/www.sisinternational.com\/pt\/pericia\/industrias\/diretor-de-informacoes-cio-pesquisa-de-mercado\/\" title=\"Diretor de Informa\u00e7\u00f5es (CIO) Pesquisa de Mercado\"  data-wpil-monitor-id=\"10099\">research will help explain and clarify information<\/a> that investors might want to know.<\/li>\n\n\n\n<li>Determine the appropriate <a href=\"https:\/\/www.sisinternational.com\/pt\/pericia\/industrias\/pesquisa-de-mercado-de-condimentos\/\" title=\"Pesquisa de mercado de condimentos\"  data-wpil-monitor-id=\"3333\">marketing strategies &#8211; The research<\/a> is instrumental in guiding entrepreneurs in targeting their audience and effective steps to reach out to them while mitigating any possible mistake.<\/li>\n\n\n\n<li><a href=\"https:\/\/www.sisinternational.com\/pt\/solucoes\/loja-verificar-pesquisa-de-mercado\/\" title=\"Pesquisa de mercado de cheques de loja\"  data-wpil-monitor-id=\"2154\">Check the market competition &#8211; The research<\/a> helps determine the standing of each competitor in the market, which allows investors better position themselves.<\/li>\n<\/ul>\n\n\n\n<h2 class=\"wp-block-heading\">Tend\u00eancias e oportunidades no mercado de carnes cultivadas<\/h2>\n\n\n\n<p>The landscape of the food industry keeps on changing with the introduction of new products, technology, and methodology. It influences the rise and fall of the key players, so it is essential for businesses to keep abreast of any development and <a href=\"https:\/\/www.sisinternational.com\/pt\/pericia\/industrias\/pesquisa-de-mercado-sobre-mudancas-climaticas\/\" title=\"Pesquisa de mercado sobre mudan\u00e7as clim\u00e1ticas\"  data-wpil-monitor-id=\"10098\">changes in the market<\/a>.<\/p>\n\n\n\n<ul class=\"wp-block-list\">\n<li>Prev\u00ea-se que o mercado de carne cultivada cres\u00e7a \u00e0 medida que empresas e laborat\u00f3rios esperam produzir comercialmente prote\u00ednas baseadas em c\u00e9lulas.<\/li>\n\n\n\n<li>Cingapura foi o primeiro pa\u00eds a aprovar Carne Cultivada para venda comercial, acess\u00edvel ao p\u00fablico para compra. O primeiro restaurante a servir Carne Cultivada, o restaurante de 1880, tamb\u00e9m est\u00e1 localizado em Cingapura. Espera-se que outros restaurantes sigam o exemplo com a integra\u00e7\u00e3o de prote\u00ednas de base celular em seu card\u00e1pio.<\/li>\n\n\n\n<li>A Food and Drugs Administration (FDA) autorizou e aprovou a carne cultivada para consumo humano, explicando que ela \u00e9 produzida com seguran\u00e7a em um ambiente controlado. Dizia-se que o cultivo de prote\u00ednas cultivadas em laborat\u00f3rio era semelhante \u00e0 fabrica\u00e7\u00e3o de cerveja.<\/li>\n\n\n\n<li>Geralmente, as prote\u00ednas cultivadas em laborat\u00f3rio s\u00e3o mais saud\u00e1veis e seguras. Por ser feito de c\u00e9lulas-tronco, n\u00e3o existem \u00f3rg\u00e3os internos. Isso significa que a Carne Cultivada evita qualquer contamina\u00e7\u00e3o cruzada, o que \u00e0s vezes acontece no abate da carne. N\u00e3o s\u00e3o injetados agentes de engorda ou horm\u00f4nios de crescimento, pr\u00e1ticas comuns em algumas fazendas de gado e gado.<\/li>\n\n\n\n<li>With FDA greenlighting the Cultivated Meat for human consumption, businesses are more keen to produce better, opening new career opportunities for talented scientists and contributors. Interestingly, it can also boost the demand for <a href=\"https:\/\/www.sisinternational.com\/pt\/pericia\/industrias\/pesquisa-de-mercado-de-chef-de-alimentos-e-bebidas\/\" title=\"Pesquisa de mercado de chefs de alimentos e bebidas\"  data-wpil-monitor-id=\"10101\">food scientists and chefs<\/a> to find ways to mimic the taste, texture, and aroma of the actual animal protein.<\/li>\n\n\n\n<li>O Mercado de Carnes Cultivadas pretende cobrir o m\u00e1ximo poss\u00edvel de prote\u00edna animal, incluindo frutos do mar. Tamb\u00e9m visa atender \u00e0 popula\u00e7\u00e3o que n\u00e3o consome carne.<\/li>\n\n\n\n<li>A carne cultivada requer menos energia e recursos para ser produzida. Consequentemente, significa tamb\u00e9m que emite menos gases com efeito de estufa em compara\u00e7\u00e3o com a carne tradicional, tornando-a uma forma mais sustent\u00e1vel de colher prote\u00edna animal.<\/li>\n<\/ul>\n\n\n\n<h2 class=\"wp-block-heading\">Desafios do Mercado de Carne Cultivada<\/h2>\n\n\n\n<figure class=\"gb-block-image gb-block-image-381ce24f\"><img loading=\"lazy\" decoding=\"async\" width=\"1456\" height=\"816\" class=\"gb-image gb-image-381ce24f\" src=\"https:\/\/www.sisinternational.com\/wp-content\/uploads\/2025\/10\/Meat-3.jpg\" alt=\"Pesquisa e Estrat\u00e9gia de Mercado Internacional da SIS\" title=\"Meat (3)\" srcset=\"https:\/\/www.sisinternational.com\/wp-content\/uploads\/2025\/10\/Meat-3.jpg 1456w, https:\/\/www.sisinternational.com\/wp-content\/uploads\/2025\/10\/Meat-3-300x168.jpg 300w, https:\/\/www.sisinternational.com\/wp-content\/uploads\/2025\/10\/Meat-3-1024x574.jpg 1024w, https:\/\/www.sisinternational.com\/wp-content\/uploads\/2025\/10\/Meat-3-768x430.jpg 768w, https:\/\/www.sisinternational.com\/wp-content\/uploads\/2025\/10\/Meat-3-18x10.jpg 18w\" sizes=\"auto, (max-width: 1456px) 100vw, 1456px\"><\/figure>\n\n\n\n<p><\/p>\n\n\n\n<p>Despite all the <a href=\"https:\/\/www.sisinternational.com\/pt\/solucoes\/consultoria-estrategica\/pesquisa-de-oportunidade-de-mercado\/\" title=\"Pesquisa de oportunidades de mercado\"  data-wpil-monitor-id=\"10097\">opportunities present in the market<\/a>, there are some challenges attached to it. Most of the issues often relate to the meat itself, raising questions about its authenticity as animal meat, its production, and the consequences of its availability to the public.<\/p>\n\n\n\n<p>Hence, the <a href=\"https:\/\/www.sisinternational.com\/pt\/analise-de-acompanhamento-eleitoral-da-estrategia-de-marketing-eleitoral\/\" title=\"Acompanhamento Eleitoral: An\u00e1lise da Estrat\u00e9gia de Marketing Eleitoral\"  data-wpil-monitor-id=\"10103\">market is expected to face the following<\/a> challenges:<\/p>\n\n\n\n<ul class=\"wp-block-list\">\n<li>Pre\u00e7os n\u00e3o competitivos: A carne cultivada requer cientistas e ferramentas especializadas para produzi-la, o que significa custos de fabrica\u00e7\u00e3o mais elevados. Por\u00e9m, existem propostas apresentadas para diminuir o custo da carne baseada em c\u00e9lulas. Uma delas \u00e9 reduzir o fator de crescimento e as prote\u00ednas recombinantes, substituindo-os por alternativas vegetais e fungos.<\/li>\n\n\n\n<li>Produ\u00e7\u00e3o Lenta: Ao contr\u00e1rio da pecu\u00e1ria tradicional, a produ\u00e7\u00e3o de Carne Cultivada inclui bioprocessos que exigem habilidades t\u00e9cnicas para completar a prote\u00edna animal. Este processo torna a produ\u00e7\u00e3o de carne tediosa e indispon\u00edvel para produ\u00e7\u00e3o em massa. Alguns cientistas e investidores se unem para realizar estudos e experimentos para aumentar a capacidade de produ\u00e7\u00e3o e manter a qualidade da Carne Cultivada.<\/li>\n\n\n\n<li>Obten\u00e7\u00e3o de mat\u00e9ria-prima para cada prote\u00edna animal: Nenhuma carne animal tem o mesmo sabor, por isso o desafio \u00e9 encontrar as mat\u00e9rias-primas adequadas para incorporar em cada c\u00e9lula-tronco.<\/li>\n\n\n\n<li>A cr\u00edtica \u00e0 Carne Cultivada: Existem muitas opini\u00f5es sobre a exist\u00eancia da carne baseada em c\u00e9lulas e o seu papel como substituto ou alternativa \u00e0 prote\u00edna animal. Alguns expressam forte oposi\u00e7\u00e3o a ela, alegando diferentes raz\u00f5es, desde o fato de ser antinatural e contra a natureza at\u00e9 a \u00e9tica question\u00e1vel do uso de c\u00e9lulas-tronco para criar prote\u00ednas.<\/li>\n<\/ul>","protected":false},"excerpt":{"rendered":"<p>A carne cultivada (baseada em c\u00e9lulas) \u00e9 produzida pelo cultivo direto de c\u00e9lulas animais para produzir carne animal real e outras prote\u00ednas.<\/p>","protected":false},"author":1,"featured_media":71674,"parent":22018,"menu_order":202,"comment_status":"closed","ping_status":"closed","template":"","meta":{"footnotes":""},"class_list":["post-41801","page","type-page","status-publish","has-post-thumbnail"],"_links":{"self":[{"href":"https:\/\/www.sisinternational.com\/pt\/wp-json\/wp\/v2\/pages\/41801","targetHints":{"allow":["GET"]}}],"collection":[{"href":"https:\/\/www.sisinternational.com\/pt\/wp-json\/wp\/v2\/pages"}],"about":[{"href":"https:\/\/www.sisinternational.com\/pt\/wp-json\/wp\/v2\/types\/page"}],"author":[{"embeddable":true,"href":"https:\/\/www.sisinternational.com\/pt\/wp-json\/wp\/v2\/users\/1"}],"replies":[{"embeddable":true,"href":"https:\/\/www.sisinternational.com\/pt\/wp-json\/wp\/v2\/comments?post=41801"}],"version-history":[{"count":7,"href":"https:\/\/www.sisinternational.com\/pt\/wp-json\/wp\/v2\/pages\/41801\/revisions"}],"predecessor-version":[{"id":81671,"href":"https:\/\/www.sisinternational.com\/pt\/wp-json\/wp\/v2\/pages\/41801\/revisions\/81671"}],"up":[{"embeddable":true,"href":"https:\/\/www.sisinternational.com\/pt\/wp-json\/wp\/v2\/pages\/22018"}],"wp:featuredmedia":[{"embeddable":true,"href":"https:\/\/www.sisinternational.com\/pt\/wp-json\/wp\/v2\/media\/71674"}],"wp:attachment":[{"href":"https:\/\/www.sisinternational.com\/pt\/wp-json\/wp\/v2\/media?parent=41801"}],"curies":[{"name":"wp","href":"https:\/\/api.w.org\/{rel}","templated":true}]}}