{"id":41797,"date":"2023-03-16T12:34:21","date_gmt":"2023-03-16T16:34:21","guid":{"rendered":"https:\/\/www.sisinternational.com\/?page_id=41797"},"modified":"2026-01-26T17:22:31","modified_gmt":"2026-01-26T22:22:31","slug":"pesquisa-de-mercado-de-condimentos","status":"publish","type":"page","link":"https:\/\/www.sisinternational.com\/pt\/pericia\/pesquisa-de-mercado-de-condimentos\/","title":{"rendered":"Pesquisa de mercado de condimentos"},"content":{"rendered":"<h1 class=\"wp-block-heading\">Pesquisa de mercado de condimentos<\/h1>\n\n\n\n<figure class=\"gb-block-image gb-block-image-ae245be1\"><img loading=\"lazy\" decoding=\"async\" width=\"1456\" height=\"816\" class=\"gb-image gb-image-ae245be1\" src=\"https:\/\/www.sisinternational.com\/wp-content\/uploads\/2025\/08\/Saudi-Arabia-33-27.jpg\" alt=\"Pesquisa e Estrat\u00e9gia de Mercado Internacional da SIS\" title=\"Saudi Arabia 33 (27)\" srcset=\"https:\/\/www.sisinternational.com\/wp-content\/uploads\/2025\/08\/Saudi-Arabia-33-27.jpg 1456w, https:\/\/www.sisinternational.com\/wp-content\/uploads\/2025\/08\/Saudi-Arabia-33-27-300x168.jpg 300w, https:\/\/www.sisinternational.com\/wp-content\/uploads\/2025\/08\/Saudi-Arabia-33-27-1024x574.jpg 1024w, https:\/\/www.sisinternational.com\/wp-content\/uploads\/2025\/08\/Saudi-Arabia-33-27-768x430.jpg 768w, https:\/\/www.sisinternational.com\/wp-content\/uploads\/2025\/08\/Saudi-Arabia-33-27-18x10.jpg 18w\" sizes=\"auto, (max-width: 1456px) 100vw, 1456px\"><\/figure>\n\n\n\n<p><\/p>\n\n\n\n<p>A pesquisa de mercado de condimentos examinar\u00e1 as tend\u00eancias e oportunidades atuais na ind\u00fastria de condimentos. A ind\u00fastria de condimentos tem experimentado um crescimento nos \u00faltimos anos, impulsionada por fatores como a mudan\u00e7a nas prefer\u00eancias dos consumidores, o aumento da demanda por alimentos de conveni\u00eancia e a ascens\u00e3o da ind\u00fastria de servi\u00e7os de alimenta\u00e7\u00e3o.<\/p>\n\n\n\n<p>No entanto, com os cont\u00ednuos problemas de sa\u00fade em todo o mundo devido \u00e0s mudan\u00e7as p\u00f3s-pandemia e ao seu impacto na ind\u00fastria alimentar, o mercado de condimentos enfrenta alguns desafios, incluindo perturba\u00e7\u00f5es na cadeia de abastecimento e mudan\u00e7as no comportamento do consumidor.<\/p>\n\n\n\n<p>Condiment Market Research provides insights into the current state of the condiment market, including market size, market segments, and market trends. Additionally, the <a href=\"https:\/\/www.sisinternational.com\/pt\/solucoes\/pesquisa-de-consumo-internacional\/\" title=\"Pesquisa Internacional do Consumidor\"  data-wpil-monitor-id=\"10016\">research will examine consumer<\/a> preferences and behavior when it comes to condiments, including factors such as brand loyalty, ingredient preferences, and packaging choices.<\/p>\n\n\n\n<h2 class=\"wp-block-heading\">O que s\u00e3o condimentos?<\/h2>\n\n\n\n<p>Condimentos s\u00e3o subst\u00e2ncias usadas para real\u00e7ar o sabor, a textura ou a apar\u00eancia dos alimentos. Eles normalmente s\u00e3o adicionados aos alimentos antes ou depois do cozimento e podem ser salgados ou doces. Os condimentos s\u00e3o comumente usados para complementar ou equilibrar o sabor de um prato, adicionar umidade ou fornecer um contraste na textura.<\/p>\n\n\n\n<h3 class=\"wp-block-heading\">Existem muitos tipos diferentes de condimentos e podem ser categorizados de v\u00e1rias maneiras. Aqui est\u00e3o algumas categorias comuns de condimentos:<\/h3>\n\n\n\n<ul class=\"wp-block-list\">\n<li>Molhos s\u00e3o condimentos l\u00edquidos ou semiss\u00f3lidos normalmente derramados ou misturados aos alimentos. Os exemplos incluem molho de tomate, molho de soja e molho.<\/li>\n\n\n\n<li>Molhos s\u00e3o condimentos mais espessos para mergulhar os alimentos. Os exemplos incluem salsa, homus e guacamole.<\/li>\n\n\n\n<li>Spreads s\u00e3o condimentos aplicados ou regados em cima de p\u00e3es ou biscoitos. Os exemplos incluem manteiga, manteiga de amendoim e gel\u00e9ia.<\/li>\n\n\n\n<li>Os temperos s\u00e3o condimentos usados para dar sabor aos alimentos. Exemplos incluem sal, pimenta e ervas.<br>Picles e condimentos s\u00e3o condimentos de frutas ou vegetais em conserva. Os exemplos incluem picles, chutneys e condimentos.<\/li>\n\n\n\n<li>Os molhos s\u00e3o condimentos l\u00edquidos usados para dar sabor a saladas. Os exemplos incluem molhos para salada, vinagretes e maionese.<\/li>\n<\/ul>\n\n\n\n<p>Os condimentos tamb\u00e9m podem ser categorizados por perfis de sabor, como doce, picante ou salgado. Al\u00e9m disso, tamb\u00e9m podem ser distinguidos com base nas suas origens culturais ou regionais, como condimentos italianos, asi\u00e1ticos ou mexicanos.<\/p>\n\n\n\n<h2 class=\"wp-block-heading\">Quais s\u00e3o os principais impulsionadores da ind\u00fastria do mercado de condimentos?<\/h2>\n\n\n\n<figure class=\"gb-block-image gb-block-image-c2a00e1e\"><img loading=\"lazy\" decoding=\"async\" width=\"1456\" height=\"816\" class=\"gb-image gb-image-c2a00e1e\" src=\"https:\/\/www.sisinternational.com\/wp-content\/uploads\/2025\/08\/Saudi-Arabia-33-28.jpg\" alt=\"Pesquisa e Estrat\u00e9gia de Mercado Internacional da SIS\" title=\"Saudi Arabia 33 (28)\" srcset=\"https:\/\/www.sisinternational.com\/wp-content\/uploads\/2025\/08\/Saudi-Arabia-33-28.jpg 1456w, https:\/\/www.sisinternational.com\/wp-content\/uploads\/2025\/08\/Saudi-Arabia-33-28-300x168.jpg 300w, https:\/\/www.sisinternational.com\/wp-content\/uploads\/2025\/08\/Saudi-Arabia-33-28-1024x574.jpg 1024w, https:\/\/www.sisinternational.com\/wp-content\/uploads\/2025\/08\/Saudi-Arabia-33-28-768x430.jpg 768w, https:\/\/www.sisinternational.com\/wp-content\/uploads\/2025\/08\/Saudi-Arabia-33-28-18x10.jpg 18w\" sizes=\"auto, (max-width: 1456px) 100vw, 1456px\"><\/figure>\n\n\n\n<p><\/p>\n\n\n\n<h3 class=\"wp-block-heading\">Existem v\u00e1rios fatores principais que est\u00e3o influenciando atualmente a ind\u00fastria do mercado de condimentos:<\/h3>\n\n\n\n<ul class=\"wp-block-list\">\n<li>Mudando as prefer\u00eancias do consumidor. Os consumidores procuram condimentos mais saud\u00e1veis, naturais e org\u00e2nicos, com baixo teor de a\u00e7\u00facar, gordura e sal. Eles tamb\u00e9m querem uma variedade de sabores e op\u00e7\u00f5es para escolher, incluindo sabores \u00e9tnicos e regionais.<\/li>\n\n\n\n<li>Demanda por conveni\u00eancia. Os consumidores levam estilos de vida cada vez mais ocupados, o que levou a um aumento na procura de condimentos prontos a usar, f\u00e1ceis de armazenar e utilizar.<\/li>\n\n\n\n<li>Growth in the Foodservice Industry. The growth of the <a class=\"wpil_keyword_link\" href=\"https:\/\/www.sisinternational.com\/pt\/industria-de-servicos-de-alimentacao\/\"   title=\"Destaque da Ind\u00fastria de Food Service 2011\" data-wpil-keyword-link=\"linked\"  data-wpil-monitor-id=\"386\">ind\u00fastria de servi\u00e7os de alimenta\u00e7\u00e3o<\/a>, including fast food and casual dining restaurants, has increased the demand for condiments. Restaurants are looking for new and innovative condiment options to differentiate themselves and attract customers.<\/li>\n\n\n\n<li>Expansion of Retail Channels. Retail channels such as supermarkets, hypermarkets, and online platforms have expanded, providing <a href=\"https:\/\/www.sisinternational.com\/pt\/solucoes\/solucoes-de-pesquisa-quantitativa-qualitativa\/enhancing-product-appeal-through-consumer-choice-modeling\/\" title=\"Consumer Choice Modeling\"  data-wpil-monitor-id=\"10021\">consumers with more choices<\/a> and convenience when it comes to purchasing condiments.<br>Crescente consci\u00eancia de sa\u00fade. Com o aumento da consci\u00eancia sobre a sa\u00fade, os consumidores procuram condimentos com poucas calorias e que tenham benef\u00edcios nutricionais adicionais, como vitaminas e minerais.<\/li>\n\n\n\n<li>Aumento da Urbaniza\u00e7\u00e3o. \u00c0 medida que as pessoas se deslocam em massa para as cidades, aumenta a procura por condimentos que possam ser facilmente armazenados e utilizados em espa\u00e7os mais pequenos.<\/li>\n\n\n\n<li>A crescente globaliza\u00e7\u00e3o. \u00c0 medida que o mundo se torna mais conectado, h\u00e1 uma procura crescente por sabores internacionais e regionais, levando a um aumento na procura de condimentos que atendam a diferentes prefer\u00eancias culturais e regionais.<\/li>\n<\/ul>\n\n\n\n<p>Esses principais impulsionadores est\u00e3o moldando a ind\u00fastria do mercado de condimentos e provavelmente continuar\u00e3o a influenci\u00e1-la nos pr\u00f3ximos anos.<\/p>\n\n\n\n<h2 class=\"wp-block-heading\">Metodologia de pesquisa de mercado de condimentos<\/h2>\n\n\n\n<p>Na pesquisa de mercado de condimentos, v\u00e1rios m\u00e9todos podem ser usados para coletar informa\u00e7\u00f5es e insights sobre a ind\u00fastria, consumidores e concorrentes. Aqui est\u00e3o algumas t\u00e9cnicas padr\u00e3o:<\/p>\n\n\n\n<ul class=\"wp-block-list\">\n<li>Pesquisas s\u00e3o realizadas para coletar dados sobre as prefer\u00eancias, atitudes e comportamentos dos consumidores em rela\u00e7\u00e3o aos condimentos.<\/li>\n\n\n\n<li><a href=\"https:\/\/www.sisinternational.com\/pt\/solucoes\/empresa-de-pesquisa-de-mercado-por-amostragem-de-pesquisa-on-line\/\" title=\"Empresa de pesquisa de mercado de amostragem de pesquisa on-line\"  data-wpil-monitor-id=\"10018\">Surveys can be completed online<\/a>, by phone, or in person.<\/li>\n\n\n\n<li>The creation of <a href=\"https:\/\/www.sisinternational.com\/pt\/cobertura\/europa\/pesquisa-de-mercado-em-liverpool-reino-unido\/\" title=\"Pesquisa de Mercado em Liverpool | Grupos focais e coleta de dados no Reino Unido\"  data-wpil-monitor-id=\"10015\">focus groups to gather qualitative data<\/a> about consumer opinions and perceptions of condiments. Participants are typically asked open-ended questions about their experiences with different types of condiments, their feedback, and their preferences.<\/li>\n\n\n\n<li>As entrevistas podem ser realizadas com especialistas do setor, fabricantes de condimentos e outras partes interessadas para coletar insights sobre tend\u00eancias, desafios e oportunidades do setor.<\/li>\n\n\n\n<li>Observational <a href=\"https:\/\/www.sisinternational.com\/pt\/solucoes\/solucoes-de-branding-e-pesquisa-de-clientes\/pesquisa-de-layout-de-loja\/\" title=\"Pesquisa de layout de loja\"  data-wpil-monitor-id=\"6500\">research can involve visiting retail stores<\/a> and food service establishments to gather information about consumer behavior and purchasing patterns related to condiments.<\/li>\n\n\n\n<li>A pesquisa secund\u00e1ria envolve a coleta de dados e informa\u00e7\u00f5es de fontes existentes, como relat\u00f3rios da ind\u00fastria, publica\u00e7\u00f5es governamentais e peri\u00f3dicos acad\u00eamicos.<\/li>\n\n\n\n<li>A escuta nas redes sociais envolve monitorar e analisar plataformas de redes sociais para coletar informa\u00e7\u00f5es sobre as opini\u00f5es, atitudes e comportamentos dos consumidores relacionados aos condimentos.<\/li>\n\n\n\n<li>Online <a href=\"https:\/\/www.sisinternational.com\/pt\/solucoes\/consultoria-estrategica\/analise-de-dados\/\" title=\"Empresa de an\u00e1lise de dados\"  data-wpil-monitor-id=\"10017\">analytics involves analyzing data<\/a> from online sales platforms to gather information about sales trends and consumer purchasing patterns related to condiments.<\/li>\n<\/ul>\n\n\n\n<p>Ao usar uma combina\u00e7\u00e3o desses m\u00e9todos, os pesquisadores de mercado de condimentos podem coletar dados e insights abrangentes sobre a ind\u00fastria, os consumidores e os concorrentes. Essas informa\u00e7\u00f5es podem ser usadas para informar o desenvolvimento de produtos, estrat\u00e9gias de marketing e decis\u00f5es de neg\u00f3cios na ind\u00fastria de condimentos.<\/p>\n\n\n\n<h2 class=\"wp-block-heading\">Sobre a pesquisa de mercado de condimentos<\/h2>\n\n\n\n<p>Os insights desta pesquisa ser\u00e3o \u00fateis para fabricantes, varejistas e distribuidores de condimentos, bem como para outras partes interessadas na ind\u00fastria aliment\u00edcia. As descobertas ajudar\u00e3o a inform\u00e1-los sobre o desenvolvimento de produtos, estrat\u00e9gias de marketing e decis\u00f5es de neg\u00f3cios neste mercado competitivo e em evolu\u00e7\u00e3o.<\/p>\n\n\n\n<p><a href=\"https:\/\/www.sisinternational.com\/pt\/solucoes\/solucoes-de-pesquisa-quantitativa-qualitativa\/quantitative-research-benefits\/\" title=\"Quantitative Research Benefits\"  data-wpil-monitor-id=\"10020\">Benefits of this research<\/a> include but are not limited to:<\/p>\n\n\n\n<ul class=\"wp-block-list\">\n<li>Ajude as empresas a identificar tend\u00eancias de mercado atuais e emergentes<\/li>\n\n\n\n<li>Compreender o comportamento do consumidor em rela\u00e7\u00e3o aos padr\u00f5es de compra relacionados aos condimentos<\/li>\n\n\n\n<li>Identificar as necessidades dos consumidores como base para o desenvolvimento de novos produtos<\/li>\n\n\n\n<li><a href=\"https:\/\/www.sisinternational.com\/pt\/solucoes\/solucoes-de-branding-e-pesquisa-de-clientes\/pesquisa-de-mercado-para-testes-de-produtos\/new-product-concept-testing-methods\/\" title=\"New Product Concept Testing Methods\"  data-wpil-monitor-id=\"10013\">Testing product concepts<\/a> before launching<\/li>\n\n\n\n<li>Identifying potential partnerships to <a href=\"https:\/\/www.sisinternational.com\/pt\/expandindo-o-alcance-do-mercado-por-meio-de-uma-estrategia-de-marketing-multifacetada\/\" title=\"Expandindo o alcance do mercado por meio de uma estrat\u00e9gia de marketing multifacetada\"  data-wpil-monitor-id=\"10014\">expand market reach<\/a><\/li>\n\n\n\n<li>A pesquisa de mercado de condimentos fornece insights que podem ajudar as empresas a entender as necessidades e prefer\u00eancias dos clientes<\/li>\n<\/ul>\n\n\n\n<p>A pesquisa de mercado de condimentos \u00e9 essencial para as empresas que desejam permanecer competitivas e desenvolver produtos e servi\u00e7os que atendam \u00e0s crescentes necessidades dos consumidores. Ao reunir insights e dados sobre a ind\u00fastria, os consumidores e os concorrentes, as empresas podem tomar decis\u00f5es informadas que podem impulsionar o crescimento, a rentabilidade e a resili\u00eancia na ind\u00fastria.<\/p>","protected":false},"excerpt":{"rendered":"<p>As diversas prefer\u00eancias dos consumidores, a demanda por alimentos de conveni\u00eancia e a ascens\u00e3o da ind\u00fastria de servi\u00e7os aliment\u00edcios alimentam o crescimento do mercado de condimentos.<\/p>","protected":false},"author":1,"featured_media":65109,"parent":14514,"menu_order":201,"comment_status":"closed","ping_status":"closed","template":"","meta":{"footnotes":""},"class_list":["post-41797","page","type-page","status-publish","has-post-thumbnail"],"_links":{"self":[{"href":"https:\/\/www.sisinternational.com\/pt\/wp-json\/wp\/v2\/pages\/41797","targetHints":{"allow":["GET"]}}],"collection":[{"href":"https:\/\/www.sisinternational.com\/pt\/wp-json\/wp\/v2\/pages"}],"about":[{"href":"https:\/\/www.sisinternational.com\/pt\/wp-json\/wp\/v2\/types\/page"}],"author":[{"embeddable":true,"href":"https:\/\/www.sisinternational.com\/pt\/wp-json\/wp\/v2\/users\/1"}],"replies":[{"embeddable":true,"href":"https:\/\/www.sisinternational.com\/pt\/wp-json\/wp\/v2\/comments?post=41797"}],"version-history":[{"count":6,"href":"https:\/\/www.sisinternational.com\/pt\/wp-json\/wp\/v2\/pages\/41797\/revisions"}],"predecessor-version":[{"id":81657,"href":"https:\/\/www.sisinternational.com\/pt\/wp-json\/wp\/v2\/pages\/41797\/revisions\/81657"}],"up":[{"embeddable":true,"href":"https:\/\/www.sisinternational.com\/pt\/wp-json\/wp\/v2\/pages\/14514"}],"wp:featuredmedia":[{"embeddable":true,"href":"https:\/\/www.sisinternational.com\/pt\/wp-json\/wp\/v2\/media\/65109"}],"wp:attachment":[{"href":"https:\/\/www.sisinternational.com\/pt\/wp-json\/wp\/v2\/media?parent=41797"}],"curies":[{"name":"wp","href":"https:\/\/api.w.org\/{rel}","templated":true}]}}