{"id":41779,"date":"2023-03-15T21:01:12","date_gmt":"2023-03-16T01:01:12","guid":{"rendered":"https:\/\/www.sisinternational.com\/?page_id=41779"},"modified":"2026-03-13T01:28:15","modified_gmt":"2026-03-13T05:28:15","slug":"teste-de-localizacao-central-pesquisa-de-mercado-clt","status":"publish","type":"page","link":"https:\/\/www.sisinternational.com\/pt\/central-location-tests-clt-page\/teste-de-localizacao-central-pesquisa-de-mercado-clt\/","title":{"rendered":"Pesquisa de Mercado CLT"},"content":{"rendered":"<h1 class=\"wp-block-heading\">Pesquisa de mercado de teste de localiza\u00e7\u00e3o central (CLT)<\/h1>\n\n\n\n<figure class=\"gb-block-image gb-block-image-b43b49ee\"><img loading=\"lazy\" decoding=\"async\" width=\"1456\" height=\"816\" class=\"gb-image gb-image-b43b49ee\" src=\"https:\/\/www.sisinternational.com\/wp-content\/uploads\/2025\/09\/Quantitative-research-1d4-3.jpg\" alt=\"Pesquisa e Estrat\u00e9gia de Mercado Internacional da SIS\" title=\"Quantitative research (1d4) (3)\" srcset=\"https:\/\/www.sisinternational.com\/wp-content\/uploads\/2025\/09\/Quantitative-research-1d4-3.jpg 1456w, https:\/\/www.sisinternational.com\/wp-content\/uploads\/2025\/09\/Quantitative-research-1d4-3-300x168.jpg 300w, https:\/\/www.sisinternational.com\/wp-content\/uploads\/2025\/09\/Quantitative-research-1d4-3-1024x574.jpg 1024w, https:\/\/www.sisinternational.com\/wp-content\/uploads\/2025\/09\/Quantitative-research-1d4-3-768x430.jpg 768w, https:\/\/www.sisinternational.com\/wp-content\/uploads\/2025\/09\/Quantitative-research-1d4-3-18x10.jpg 18w\" sizes=\"auto, (max-width: 1456px) 100vw, 1456px\"><\/figure>\n\n\n\n<p><\/p>\n\n\n\n<p>A pesquisa de mercado CLT \u00e9 um m\u00e9todo de avalia\u00e7\u00e3o das atitudes e comportamentos dos consumidores em um ambiente controlado. Este tipo de pesquisa de mercado \u00e9 realizada em centros de testes para obter insights sobre as escolhas, atitudes e comportamentos dos clientes em tempo real, em um ambiente altamente monitorado, onde os comportamentos podem ser analisados detalhadamente.<\/p>\n\n\n\n<h2 class=\"wp-block-heading\">O que \u00e9 pesquisa de mercado CLT?<\/h2>\n\n\n\n<p>\u00c9 um tipo de pesquisa de mercado realizada em um ambiente pr\u00e9-determinado, como um shopping center ou laborat\u00f3rios de testes, para obter detalhes sobre os h\u00e1bitos e prefer\u00eancias do comprador. Portanto, a pesquisa de mercado CLT deve ser conduzida com a orienta\u00e7\u00e3o de especialistas para excluir preconceitos e garantir um resultado bem-sucedido.<\/p>\n\n\n\n<p>Unlike other varieties of <a title=\"Pesquisa de mercado de pesquisas pol\u00edticas\" href=\"https:\/\/www.sisinternational.com\/pt\/pericia\/industrias\/pesquisa-de-mercado-de-pesquisas-politicas\/\" data-wpil-monitor-id=\"10116\">market research such as online polls<\/a> or in-home usage tests, CLT market research occurs in a managed atmosphere to provide a more authentic depiction of consumer behavior. By collecting data in a supervised environment, CLT market research delivers precise and significant insights into consumer preferences.<\/p>\n\n\n\n<h2 class=\"wp-block-heading\">Benef\u00edcios da pesquisa de mercado CLT<\/h2>\n\n\n\n<ul class=\"wp-block-list\">\n<li>A pesquisa de mercado CLT \u00e9 uma ferramenta cr\u00edtica para obter insights sobre atitudes e comportamentos dos compradores que podem informar decis\u00f5es sobre design de produtos, branding, publicidade e posicionamento de mercado.<\/li>\n\n\n\n<li>Ele fornece conhecimento valioso sobre os h\u00e1bitos e pontos de vista dos compradores, o que pode ajudar a moldar o desenvolvimento de produtos, a marca, a publicidade e as estrat\u00e9gias de posicionamento no mercado.<\/li>\n\n\n\n<li>A pesquisa de mercado CLT ajuda as empresas a aproveitar ao m\u00e1ximo suas opera\u00e7\u00f5es de marketing. Ao compreender os gostos e opini\u00f5es dos clientes, as empresas podem ajustar os seus materiais promocionais e promo\u00e7\u00f5es para satisfazer os desejos do seu mercado-alvo.<\/li>\n\n\n\n<li>It provides a competitive advantage and a thorough understanding of customer behavior and motivations. This data can be utilized to strengthen <a title=\"Como expandir seu neg\u00f3cio\" data-wpil-monitor-id=\"10105\" href=\"https:\/\/www.sisinternational.com\/pt\/como-expandir-seu-negocio\/\">business operations and strategies<\/a>, allowing companies to get an edge in the industry.<\/li>\n\n\n\n<li>A pesquisa de mercado CLT \u00e9 mais econ\u00f4mica do que outros m\u00e9todos de pesquisa de mercado porque a \u00fanica despesa importante \u00e9 o aluguel das instala\u00e7\u00f5es onde a pesquisa ser\u00e1 realizada.<\/li>\n\n\n\n<li>Os CLTs tamb\u00e9m permitem que os pesquisadores coletem dados \u201cbrutos\u201d porque podem observar a linguagem corporal e as express\u00f5es faciais dos participantes.<\/li>\n\n\n\n<li>Researchers can formulate questions in real-time in response to participants&#8217; reactions. As a result, <a title=\"Pesquisa de mercado sensorial\" data-wpil-monitor-id=\"6832\" href=\"https:\/\/www.sisinternational.com\/pt\/pericia\/industrias\/pesquisa-de-mercado-sensorial-2\/\">researchers could capture the sensory<\/a> experiences of the participants.<\/li>\n<\/ul>\n\n\n\n<h2 class=\"wp-block-heading\">Limita\u00e7\u00f5es da pesquisa de mercado CLT<\/h2>\n\n\n\n<ul class=\"wp-block-list\">\n<li>CLT emprega uma amostra relativamente pequena de consumidores, o que pode n\u00e3o ser uma representa\u00e7\u00e3o verdadeira do p\u00fablico-alvo como um todo. Isto poderia potencialmente limitar a validade externa dos resultados e p\u00f4r em causa a precis\u00e3o dos resultados.<\/li>\n\n\n\n<li>Devido \u00e0 natureza do cen\u00e1rio, os participantes podem sentir-se compelidos a fornecer respostas que sejam socialmente desej\u00e1veis, introduzindo assim um enviesamento nos dados.<\/li>\n\n\n\n<li>O ambiente de teste pode n\u00e3o refletir o ambiente de compra t\u00edpico do consumidor, impactando a validade dos resultados.<\/li>\n\n\n\n<li>A natureza urgente de uma pesquisa de mercado CLT, bem como o custo associado \u00e0 realiza\u00e7\u00e3o do teste com v\u00e1rios grupos ou com uma amostra grande, podem limitar o escopo dos dados coletados.<\/li>\n<\/ul>\n\n\n\n<h2 class=\"wp-block-heading\">Metodologias para pesquisa de mercado CLT<\/h2>\n\n\n\n<p><a title=\"Testes de locais centrais na cidade de Nova York: benef\u00edcios para testes de produtos\" href=\"https:\/\/www.sisinternational.com\/pt\/solucoes\/solucoes-de-pesquisa-quantitativa-qualitativa\/testes-de-locais-centrais-na-cidade-de-nova-york\/\" data-wpil-monitor-id=\"10110\">Central location tests<\/a> present various methods of assessing the potential success of a product. The main types of tests include<\/p>\n\n\n\n<ul class=\"wp-block-list\">\n<li>Teste de compara\u00e7\u00e3o pareada: Os participantes comparam dois produtos ao mesmo tempo de acordo com determinados crit\u00e9rios com o objetivo de avaliar qual produto \u00e9 mais aceito.<\/li>\n\n\n\n<li>Teste mon\u00e1dico: Os participantes concentram-se num \u00fanico produto para avaliar o seu desempenho e garantir que o produto \u00e9 aceite publicamente antes de o lan\u00e7ar no mercado.<\/li>\n\n\n\n<li>Teste mon\u00e1dico sequencial: Os participantes avaliam dois produtos, embora em momentos diferentes. Depois de avaliar cada produto, os participantes s\u00e3o convidados a reavali\u00e1-los simultaneamente para comparar as vantagens de ambos os produtos \u2013 e depois tomar uma decis\u00e3o sobre qual deles pode ser mais adequado para o mercado.<\/li>\n\n\n\n<li>Teste protomon\u00e1dico: os participantes avaliam primeiro um produto. Em seguida, eles recebem um produto diferente para comparar com o primeiro produto.<\/li>\n\n\n\n<li>Repita o teste de compara\u00e7\u00e3o pareada: os participantes s\u00e3o instru\u00eddos a comparar um par de produtos v\u00e1rias vezes para garantir que as informa\u00e7\u00f5es iniciais fornecidas n\u00e3o sejam tendenciosas.<\/li>\n<\/ul>\n\n\n\n<p>As diferentes itera\u00e7\u00f5es nos testes visam suprimir qualquer subjetividade e preconceito, apresentando os produtos em diferentes momentos e sequ\u00eancias. Assim, os participantes da pesquisa apresentam resultados consistentes independentemente de quando o produto foi testado.<\/p>\n\n\n\n<h2 class=\"wp-block-heading\">Tend\u00eancias atuais da pesquisa de mercado CLT<\/h2>\n\n\n\n<ul class=\"wp-block-list\">\n<li>The use of virtual and augmented reality, big data, and <a title=\"Pesquisa de mercado de intelig\u00eancia artificial\" data-wpil-monitor-id=\"10120\" href=\"https:\/\/www.sisinternational.com\/pt\/solucoes\/pesquisa-de-mercado-de-ia-e-consultoria-estrategica\/ia-inteligencia-artificial\/\">artificial intelligence are allowing CLT research<\/a> to become more sophisticated and expansive. Researchers are able to simulate real-world scenarios and generate comprehensive data that <a class=\"wpil_keyword_link\" title=\"Pesquisa de mercado de tintas, revestimentos e tintas de impress\u00e3o\" data-wpil-keyword-link=\"linked\" data-wpil-monitor-id=\"715\" href=\"https:\/\/www.sisinternational.com\/pt\/pericia\/industrias\/pesquisa-de-mercado-de-tintas-revestimentos-e-tintas-de-impressao\/\">paints<\/a> an accurate picture of customer behavior and preferences.<\/li>\n\n\n\n<li>H\u00e1 uma tend\u00eancia crescente de empresas trabalharem mais estreitamente com os varejistas para coletar dados sobre o comportamento e as prefer\u00eancias dos clientes. Essa colabora\u00e7\u00e3o permite que as empresas obtenham uma compreens\u00e3o mais completa do consumidor.<\/li>\n\n\n\n<li>A utiliza\u00e7\u00e3o do CLT est\u00e1 a tornar-se mais proeminente na avalia\u00e7\u00e3o da experi\u00eancia do cliente em ambientes do mundo real, concedendo \u00e0s empresas informa\u00e7\u00f5es essenciais sobre como os seus produtos e servi\u00e7os s\u00e3o vistos pelos clientes.<\/li>\n\n\n\n<li>Este m\u00e9todo pode ser utilizado em mercados novos ou emergentes para obter uma compreens\u00e3o das prefer\u00eancias e h\u00e1bitos dos consumidores locais, permitindo assim que as empresas modifiquem as suas opera\u00e7\u00f5es para melhor servir estes consumidores.<\/li>\n\n\n\n<li>O CLT pode ser empregado em conjunto com outras t\u00e9cnicas de pesquisa, como pesquisas e grupos focais, para adquirir um conhecimento mais aprofundado das prefer\u00eancias e comportamentos dos clientes.<\/li>\n<\/ul>\n\n\n\n<h2 class=\"wp-block-heading\">Perspectivas futuras da pesquisa de mercado CLT<\/h2>\n\n\n\n<p>The prospects of CLT market research are looking bright as technology keeps advancing and customers become more and more informed. Companies are seeking to better understand the customer behaviors and preferences, and CLT research will probably remain a key element. In any case, some of the <a title=\"Future Trends in Qualitative Market Research\" href=\"https:\/\/www.sisinternational.com\/pt\/future-trends-in-qualitative-market-research\/\" data-wpil-monitor-id=\"10125\">future trends of this research<\/a> include the following:<\/p>\n\n\n\n<ul class=\"wp-block-list\">\n<li>Utiliza\u00e7\u00e3o de realidade virtual e aumentada. Esta tecnologia permitir\u00e1 \u00e0s empresas replicar cen\u00e1rios da vida real e ter acesso a dados relativos aos gostos dos consumidores num ambiente regulamentado. Isso pode trazer uma melhor compreens\u00e3o do comportamento do cliente, uma vez que a pesquisa pode ser feita em maior escala e com grande rela\u00e7\u00e3o custo-benef\u00edcio.<\/li>\n\n\n\n<li>Aplica\u00e7\u00e3o de big data e intelig\u00eancia artificial. As empresas poder\u00e3o utilizar esta tecnologia para examinar grandes quantidades de dados obtidos em pesquisas CLT, proporcionando uma vis\u00e3o ainda mais precisa do comportamento e das prefer\u00eancias dos clientes.<\/li>\n\n\n\n<li>M\u00e9todos de teste inovadores: A pesquisa de mercado CLT poderia se adaptar e crescer, integrando t\u00e9cnicas de teste inexploradas, como avalia\u00e7\u00f5es biom\u00e9tricas e fisiol\u00f3gicas, para fornecer uma an\u00e1lise mais abrangente do comportamento do consumidor.<\/li>\n<\/ul>\n\n\n\n<p><a title=\"SIS revela plataforma de ci\u00eancia de dados e an\u00e1lise quantitativa\" href=\"https:\/\/www.sisinternational.com\/pt\/sis-revela-plataforma-de-ciencia-de-dados-e-analise-quantitativa\/\" data-wpil-monitor-id=\"10106\">SIS International offers Quantitative<\/a>, Qualitative, and Strategy Research. We provide data, tools, strategies, reports and insights for decision-making. We conduct interviews, surveys, <a title=\"Pesquisa de mercado com grupo focal\" href=\"https:\/\/www.sisinternational.com\/pt\/solucoes\/pesquisa-de-mercado-em-grupo-focal\/\" data-wpil-monitor-id=\"10108\">focus groups and many other Market Research<\/a> methods and approaches. Contact us for your <a title=\"Pesquisa de mercado de tecnologias de pr\u00f3xima gera\u00e7\u00e3o\" href=\"https:\/\/www.sisinternational.com\/pt\/pericia\/industrias\/pesquisa-de-mercado-de-tecnologias-de-proxima-geracao\/\" data-wpil-monitor-id=\"10113\">next Market Research<\/a> projeto.<\/p>\n\n\n\n<p>&nbsp;<\/p>","protected":false},"excerpt":{"rendered":"<p>A pesquisa de mercado CLT fornece insights sobre o comportamento do comprador em rela\u00e7\u00e3o a decis\u00f5es de design de produto, marca, publicidade e posicionamento de mercado.<\/p>","protected":false},"author":1,"featured_media":67013,"parent":84538,"menu_order":199,"comment_status":"closed","ping_status":"closed","template":"","meta":{"footnotes":""},"class_list":["post-41779","page","type-page","status-publish","has-post-thumbnail"],"_links":{"self":[{"href":"https:\/\/www.sisinternational.com\/pt\/wp-json\/wp\/v2\/pages\/41779","targetHints":{"allow":["GET"]}}],"collection":[{"href":"https:\/\/www.sisinternational.com\/pt\/wp-json\/wp\/v2\/pages"}],"about":[{"href":"https:\/\/www.sisinternational.com\/pt\/wp-json\/wp\/v2\/types\/page"}],"author":[{"embeddable":true,"href":"https:\/\/www.sisinternational.com\/pt\/wp-json\/wp\/v2\/users\/1"}],"replies":[{"embeddable":true,"href":"https:\/\/www.sisinternational.com\/pt\/wp-json\/wp\/v2\/comments?post=41779"}],"version-history":[{"count":5,"href":"https:\/\/www.sisinternational.com\/pt\/wp-json\/wp\/v2\/pages\/41779\/revisions"}],"predecessor-version":[{"id":84546,"href":"https:\/\/www.sisinternational.com\/pt\/wp-json\/wp\/v2\/pages\/41779\/revisions\/84546"}],"up":[{"embeddable":true,"href":"https:\/\/www.sisinternational.com\/pt\/wp-json\/wp\/v2\/pages\/84538"}],"wp:featuredmedia":[{"embeddable":true,"href":"https:\/\/www.sisinternational.com\/pt\/wp-json\/wp\/v2\/media\/67013"}],"wp:attachment":[{"href":"https:\/\/www.sisinternational.com\/pt\/wp-json\/wp\/v2\/media?parent=41779"}],"curies":[{"name":"wp","href":"https:\/\/api.w.org\/{rel}","templated":true}]}}