{"id":41776,"date":"2023-03-15T19:50:48","date_gmt":"2023-03-15T23:50:48","guid":{"rendered":"https:\/\/www.sisinternational.com\/?page_id=41776"},"modified":"2025-10-18T17:25:25","modified_gmt":"2025-10-18T21:25:25","slug":"pesquisa-de-mercado-de-doces","status":"publish","type":"page","link":"https:\/\/www.sisinternational.com\/pt\/pericia\/pesquisa-de-mercado-de-doces\/","title":{"rendered":"Pesquisa de mercado de doces"},"content":{"rendered":"<h1 class=\"wp-block-heading\">Pesquisa de mercado de doces<\/h1>\n\n\n\n<figure class=\"gb-block-image gb-block-image-9a8e68c9\"><img loading=\"lazy\" decoding=\"async\" width=\"1456\" height=\"816\" class=\"gb-image gb-image-9a8e68c9\" src=\"https:\/\/www.sisinternational.com\/wp-content\/uploads\/2025\/08\/Candy-1.jpg\" alt=\"Pesquisa e Estrat\u00e9gia de Mercado Internacional da SIS\" title=\"Candy (1)\" srcset=\"https:\/\/www.sisinternational.com\/wp-content\/uploads\/2025\/08\/Candy-1.jpg 1456w, https:\/\/www.sisinternational.com\/wp-content\/uploads\/2025\/08\/Candy-1-300x168.jpg 300w, https:\/\/www.sisinternational.com\/wp-content\/uploads\/2025\/08\/Candy-1-1024x574.jpg 1024w, https:\/\/www.sisinternational.com\/wp-content\/uploads\/2025\/08\/Candy-1-768x430.jpg 768w, https:\/\/www.sisinternational.com\/wp-content\/uploads\/2025\/08\/Candy-1-18x10.jpg 18w\" sizes=\"auto, (max-width: 1456px) 100vw, 1456px\"><\/figure>\n\n\n\n<p><\/p>\n\n\n\n<p>A pesquisa de mercado de doces fornece insights sobre o cen\u00e1rio e as estrat\u00e9gias de marketing das empresas de confeitaria mais populares. A pesquisa de mercado de doces pode detectar campanhas publicit\u00e1rias populares de confeitaria e monitorar as respostas dos clientes por meio de tend\u00eancias de mercado estabelecidas.<\/p>\n\n\n\n<p>The data and strategies in the candy industry are vital to anyone looking to profit from new trends in various market sectors in the confectionery industry. One can see increased success using trustworthy and data-driven discoveries to improve multiple <a href=\"https:\/\/www.sisinternational.com\/pt\/solucoes\/pesquisa-de-consultoria-em-estrategia-fintech\/consultoria-em-estrategia-de-pesquisa-de-mercado-de-seguros-contra-interrupcao-de-negocios\/\" title=\"Pesquisa de mercado de seguros contra interrup\u00e7\u00e3o de neg\u00f3cios e consultoria estrat\u00e9gica\"  data-wpil-monitor-id=\"8611\">business aspects such as marketing strategies<\/a>, implementation, and management.<\/p>\n\n\n\n<p>As \u00faltimas tend\u00eancias de marketing de confeitaria que impactam os clientes tamb\u00e9m est\u00e3o inclu\u00eddas na Candy Marketing Research, que fornece informa\u00e7\u00f5es inestim\u00e1veis para qualquer empresa do setor de doces ou que desempenhe fun\u00e7\u00f5es importantes nesse setor.<\/p>\n\n\n\n<h2 class=\"wp-block-heading\">Descri\u00e7\u00e3o do mercado de doces<\/h2>\n\n\n\n<p>Os doces s\u00e3o compostos principalmente de a\u00e7\u00facar. Voc\u00ea tamb\u00e9m pode ouvir o termo \u201cproduto alimentar doce de confeitaria\u201d usado para se referir a doces. Em peda\u00e7os pequenos ou barras, os doces s\u00e3o normalmente feitos a partir de uma mistura de ingredientes, incluindo chocolate, leite, nozes, frutas e ado\u00e7antes artificiais. Incluir essas op\u00e7\u00f5es de doces em sua rotina de muscula\u00e7\u00e3o pode ser uma maneira divertida e saborosa de obter os nutrientes que voc\u00ea precisa sem gastar muito. Os doces s\u00e3o uma escolha popular entre os consumidores com agendas lotadas, pois s\u00e3o lanches r\u00e1pidos e f\u00e1ceis.<\/p>\n\n\n\n<p>O a\u00e7\u00facar \u00e9 dissolvido em um l\u00edquido, geralmente leite ou \u00e1gua, para criar doces. As texturas dos doces variam de macias e em borracha a duras e quebradi\u00e7as. Ingredientes, concentra\u00e7\u00e3o de a\u00e7\u00facar, tamanho do cristal de a\u00e7\u00facar, tipo de a\u00e7\u00facar, aera\u00e7\u00e3o, temperatura e cor do a\u00e7\u00facar desempenham pap\u00e9is importantes na determina\u00e7\u00e3o do resultado do sabor e da apar\u00eancia do doce. Por outro lado, amido, pectina ou gelatina s\u00e3o apenas alguns dos estabilizantes usados para fazer balas de goma, como gomas e gomas.<\/p>\n\n\n\n<p>Here are the most common types of <a href=\"https:\/\/www.sisinternational.com\/pt\/pericia\/curriculos-de-experiencia\/pesquisa-de-mercado-de-produtos-de-higiene-pessoal\/\" title=\"Pesquisa de mercado de produtos de cuidados pessoais\"  data-wpil-monitor-id=\"8612\">products in the candy market<\/a> industry:<\/p>\n\n\n\n<ul class=\"wp-block-list\">\n<li>Caramelos e Caramelos: Para criar um doce de caramelo, basta combinar o a\u00e7\u00facar e a \u00e1gua e aquecer at\u00e9 formar uma mistura s\u00f3lida e espessa.<\/li>\n\n\n\n<li>Chocolate: Doces de chocolate s\u00e3o doces inteiramente feitos de chocolate ou que apresentam alguma forma de chocolate.<\/li>\n\n\n\n<li>Doces duros: Doces duros, tamb\u00e9m conhecidos como doces cozidos, t\u00eam uma taxa de dissolu\u00e7\u00e3o mais lenta na boca.<\/li>\n\n\n\n<li>Pirulitos: Tipo de bala dura que fica no palito.<\/li>\n\n\n\n<li>Alca\u00e7uz: Doces semimoles pretos, vermelhos ou brancos com sabor de alca\u00e7uz.<\/li>\n\n\n\n<li>Gomas: As gomas s\u00e3o balas mastig\u00e1veis feitas de gelatina que podem ser apresentadas em diversos formatos, cores e sabores.<\/li>\n\n\n\n<li>Gomas de mascar: chiclete, tamb\u00e9m conhecido como chiclete, \u00e9 um tipo de doce mastig\u00e1vel<\/li>\n\n\n\n<li>Algod\u00e3o Doce: O algod\u00e3o doce, produto b\u00e1sico em feiras e parques de divers\u00f5es, \u00e9 preparado inteiramente com a\u00e7\u00facar.<\/li>\n<\/ul>\n\n\n\n<h2 class=\"wp-block-heading\">Drivers de mercado na ind\u00fastria de doces<\/h2>\n\n\n\n<figure class=\"gb-block-image gb-block-image-16bd4f22\"><img loading=\"lazy\" decoding=\"async\" width=\"1456\" height=\"816\" class=\"gb-image gb-image-16bd4f22\" src=\"https:\/\/www.sisinternational.com\/wp-content\/uploads\/2025\/08\/Candy-2.jpg\" alt=\"Pesquisa e Estrat\u00e9gia de Mercado Internacional da SIS\" title=\"Candy (2)\" srcset=\"https:\/\/www.sisinternational.com\/wp-content\/uploads\/2025\/08\/Candy-2.jpg 1456w, https:\/\/www.sisinternational.com\/wp-content\/uploads\/2025\/08\/Candy-2-300x168.jpg 300w, https:\/\/www.sisinternational.com\/wp-content\/uploads\/2025\/08\/Candy-2-1024x574.jpg 1024w, https:\/\/www.sisinternational.com\/wp-content\/uploads\/2025\/08\/Candy-2-768x430.jpg 768w, https:\/\/www.sisinternational.com\/wp-content\/uploads\/2025\/08\/Candy-2-18x10.jpg 18w\" sizes=\"auto, (max-width: 1456px) 100vw, 1456px\"><\/figure>\n\n\n\n<p><\/p>\n\n\n\n<h3 class=\"wp-block-heading\">Aumento das demandas globalmente<\/h3>\n\n\n\n<p>Data and strategies in the candy industry shows the rising demand for candy products worldwide, especially during festive seasons. This is expected to drive the <a href=\"https:\/\/www.sisinternational.com\/pt\/transportadoras-de-baixo-custo-na-industria-da-aviacao\/\" title=\"Pesquisa de mercado de companhias a\u00e9reas de baixo custo\"  data-wpil-monitor-id=\"8608\">global candy market<\/a> to record significant growth throughout the forecast period. This is because candy products are recognized as seasonal and associated with celebrations. Several large corporations have begun looking into the candy industry as a potential investment opportunity. The large selection of candies available has contributed to a rise in demand for sweets all across the world.<\/p>\n\n\n\n<h3 class=\"wp-block-heading\">Disponibilidade de diversos tipos de doces na ind\u00fastria<\/h3>\n\n\n\n<p>A pesquisa de mercado de doces fornece insights sobre a disponibilidade de v\u00e1rios doces e as prefer\u00eancias do consumidor. Os compradores est\u00e3o mais inclinados a fazer compras impulsivas. Isto contribuiu para a popularidade de doces de todos os tipos, incluindo variedades de chocolate e n\u00e3o chocolate. As vendas de doces dispararam em todo o mundo como resultado da mudan\u00e7a nos gostos dos consumidores, especialmente nos mercados emergentes.<\/p>\n\n\n\n<h3 class=\"wp-block-heading\">Aumento do desejo por guloseimas de chocolate<\/h3>\n\n\n\n<p>O chocolate dominou o mercado de doces devido \u00e0 sua enorme popularidade e aos benef\u00edcios percebidos para a sa\u00fade ao com\u00ea-lo. Este tipo de doce \u00e9 um eterno favorito em qualquer idade e espectro social. O aromatizante encontrado no chocolate tem sido associado a v\u00e1rios benef\u00edcios \u00e0 sa\u00fade, incluindo a redu\u00e7\u00e3o nas taxas de mortalidade e o al\u00edvio de sintomas associados a condi\u00e7\u00f5es como depress\u00e3o e estresse. Al\u00e9m disso, o alto teor de cacau dos chocolates amargos proporciona benef\u00edcios \u00e0 sa\u00fade, como sustentar o fluxo sangu\u00edneo e melhorar a fun\u00e7\u00e3o vascular do corpo humano.<\/p>\n\n\n\n<h3 class=\"wp-block-heading\">Aumento na compra de doces sem a\u00e7\u00facar<\/h3>\n\n\n\n<p>Devido \u00e0s crescentes preocupa\u00e7\u00f5es com a obesidade e o diabetes, os doces sem a\u00e7\u00facar t\u00eam se tornado cada vez mais populares nos \u00faltimos anos. Foi relatado um n\u00famero crescente de indiv\u00edduos que experimentam a febre do a\u00e7\u00facar ap\u00f3s consumir chocolates com alto teor de a\u00e7\u00facar. Isto levou a um aumento correspondente na procura de doces sem a\u00e7\u00facar. A crescente popularidade dos doces sem a\u00e7\u00facar \u00e9 um grande fator que pode impulsionar a ind\u00fastria mundial de doces.<\/p>\n\n\n\n<h2 class=\"wp-block-heading\">Pesquisa de mercado fornece insights sobre a ind\u00fastria de doces<\/h2>\n\n\n\n<figure class=\"gb-block-image gb-block-image-82b670d7\"><img loading=\"lazy\" decoding=\"async\" width=\"1456\" height=\"816\" class=\"gb-image gb-image-82b670d7\" src=\"https:\/\/www.sisinternational.com\/wp-content\/uploads\/2025\/08\/Candy-3.jpg\" alt=\"Pesquisa e Estrat\u00e9gia de Mercado Internacional da SIS\" title=\"Candy (3)\" srcset=\"https:\/\/www.sisinternational.com\/wp-content\/uploads\/2025\/08\/Candy-3.jpg 1456w, https:\/\/www.sisinternational.com\/wp-content\/uploads\/2025\/08\/Candy-3-300x168.jpg 300w, https:\/\/www.sisinternational.com\/wp-content\/uploads\/2025\/08\/Candy-3-1024x574.jpg 1024w, https:\/\/www.sisinternational.com\/wp-content\/uploads\/2025\/08\/Candy-3-768x430.jpg 768w, https:\/\/www.sisinternational.com\/wp-content\/uploads\/2025\/08\/Candy-3-18x10.jpg 18w\" sizes=\"auto, (max-width: 1456px) 100vw, 1456px\"><\/figure>\n\n\n\n<p><\/p>\n\n\n\n<p>The report examines the various aspects of the candy industry that can impact or slow down its growth. Below are some of the data and <a href=\"https:\/\/www.sisinternational.com\/pt\/desenvolvimento-da-cidade-de-hartford-connecticut\/\" title=\"Pesquisa de mercado em Hartford, Connecticut\"  data-wpil-monitor-id=\"8609\">strategies<\/a> in the candy industry that are included in the market research:<\/p>\n\n\n\n<ul class=\"wp-block-list\">\n<li>Avalia\u00e7\u00e3o da situa\u00e7\u00e3o atual do mercado, incluindo atividades de mercado localizadas<\/li>\n\n\n\n<li>\u00daltimos desenvolvimentos e padr\u00f5es nos diferentes setores da ind\u00fastria de doces<\/li>\n\n\n\n<li>Cen\u00e1rio de neg\u00f3cios no mercado e abordagens dos principais players<\/li>\n\n\n\n<li>Descobrir \u00e1reas potenciais onde o crescimento tem potencial significativo<\/li>\n\n\n\n<li>Comparando o valor financeiro passado, presente e futuro do mercado para an\u00e1lise estrat\u00e9gica<\/li>\n\n\n\n<li>Detailed and customized <a href=\"https:\/\/www.sisinternational.com\/pt\/pericia\/industrias\/pesquisa-de-produto\/\" title=\"Pesquisa de produto\"  data-wpil-monitor-id=\"8613\">research about the production<\/a> and growth in the candy industry<\/li>\n\n\n\n<li>An\u00e1lise da movimenta\u00e7\u00e3o e distribui\u00e7\u00e3o de produtos doces, incluindo importa\u00e7\u00e3o e exporta\u00e7\u00e3o<\/li>\n\n\n\n<li>Impact of the changes in the candy <a href=\"https:\/\/www.sisinternational.com\/pt\/solucoes\/pesquisa-de-consultoria-em-estrategia-fintech\/pesquisa-de-mercado-de-negociacao-algoritmica\/\" title=\"Pesquisa de mercado de negocia\u00e7\u00e3o algor\u00edtmica\"  data-wpil-monitor-id=\"8614\">market regulations and trade<\/a> policies<\/li>\n\n\n\n<li>Compreender os desenvolvimentos recentes na ind\u00fastria de doces e v\u00e1rios lan\u00e7amentos de produtos<\/li>\n<\/ul>\n\n\n\n<h2 class=\"wp-block-heading\">Sobre a Pesquisa de Mercado de Doces<\/h2>\n\n\n\n<p>The candy market research provides a strategic analysis of the industry&#8217;s most prominent players, as well as data on the micro and macro markets. Together with the gathered data on the business outlook and a review of the market as a whole, the <a href=\"https:\/\/www.sisinternational.com\/pt\/pericia\/industrias\/pesquisa-de-mercado-industrial\/\" title=\"Pesquisa e Estrat\u00e9gia de Mercado Industrial\"  data-wpil-monitor-id=\"8610\">market research provides insights into the industry&#8217;s<\/a> trends in the forecasted time period.<\/p>\n\n\n\n<p>The candy market research is professionally done and comprehensive, covering such topics as primary market drivers, <a href=\"https:\/\/www.sisinternational.com\/pt\/solucoes\/solucoes-de-branding-e-pesquisa-de-clientes\/pesquisa-de-mercado-para-testes-de-produtos\/sis-internationals-teste-de-sabor-de-comida\/\" title=\"O que torna a SIS International Research a TOP empresa de pesquisa de mercado para testes de sabor de alimentos na cidade de Nova York\"  data-wpil-monitor-id=\"8615\">market share of top<\/a> key players, top market categories, and regional breakdowns based on specific factors. The research also examines the industry&#8217;s leading figures, the most significant partnerships, mergers, and acquisitions, the most cutting-edge technologies, and the widely adopted business practices.<\/p>","protected":false},"excerpt":{"rendered":"<p>A pesquisa de mercado de doces fornece insights sobre o cen\u00e1rio e as estrat\u00e9gias de marketing das empresas de confeitaria mais populares.<\/p>","protected":false},"author":1,"featured_media":63935,"parent":14514,"menu_order":198,"comment_status":"closed","ping_status":"closed","template":"","meta":{"footnotes":""},"class_list":["post-41776","page","type-page","status-publish","has-post-thumbnail"],"_links":{"self":[{"href":"https:\/\/www.sisinternational.com\/pt\/wp-json\/wp\/v2\/pages\/41776","targetHints":{"allow":["GET"]}}],"collection":[{"href":"https:\/\/www.sisinternational.com\/pt\/wp-json\/wp\/v2\/pages"}],"about":[{"href":"https:\/\/www.sisinternational.com\/pt\/wp-json\/wp\/v2\/types\/page"}],"author":[{"embeddable":true,"href":"https:\/\/www.sisinternational.com\/pt\/wp-json\/wp\/v2\/users\/1"}],"replies":[{"embeddable":true,"href":"https:\/\/www.sisinternational.com\/pt\/wp-json\/wp\/v2\/comments?post=41776"}],"version-history":[{"count":4,"href":"https:\/\/www.sisinternational.com\/pt\/wp-json\/wp\/v2\/pages\/41776\/revisions"}],"predecessor-version":[{"id":81445,"href":"https:\/\/www.sisinternational.com\/pt\/wp-json\/wp\/v2\/pages\/41776\/revisions\/81445"}],"up":[{"embeddable":true,"href":"https:\/\/www.sisinternational.com\/pt\/wp-json\/wp\/v2\/pages\/14514"}],"wp:featuredmedia":[{"embeddable":true,"href":"https:\/\/www.sisinternational.com\/pt\/wp-json\/wp\/v2\/media\/63935"}],"wp:attachment":[{"href":"https:\/\/www.sisinternational.com\/pt\/wp-json\/wp\/v2\/media?parent=41776"}],"curies":[{"name":"wp","href":"https:\/\/api.w.org\/{rel}","templated":true}]}}