{"id":41770,"date":"2023-03-15T18:11:38","date_gmt":"2023-03-15T22:11:38","guid":{"rendered":"https:\/\/www.sisinternational.com\/?page_id=41770"},"modified":"2026-01-24T21:21:36","modified_gmt":"2026-01-25T02:21:36","slug":"pesquisa-de-mercado-de-produtos-quimicos-a-granel","status":"publish","type":"page","link":"https:\/\/www.sisinternational.com\/pt\/pericia\/pesquisa-de-mercado-de-produtos-quimicos-a-granel\/","title":{"rendered":"Pesquisa de mercado de produtos qu\u00edmicos a granel"},"content":{"rendered":"<h1>Pesquisa de mercado de produtos qu\u00edmicos a granel<\/h1>\n<p><img loading=\"lazy\" decoding=\"async\" class=\"aligncenter size-full wp-image-41772\" src=\"https:\/\/www.sisinternational.com\/wp-content\/uploads\/2023\/03\/Bulk-Chemicals-Market-Research.jpg\" alt=\"Pesquisa de mercado de produtos qu\u00edmicos a granel\" width=\"1140\" height=\"760\" \/><\/p>\n<p>Produtos qu\u00edmicos a granel s\u00e3o produtos qu\u00edmicos produzidos em grandes quantidades. Uma ampla gama de ind\u00fastrias os utiliza para diversos fins. Plantas de grande porte fornecem esses produtos qu\u00edmicos. Eles os vendem em grandes quantidades, a granel ou em embalagens padronizadas, como tambores, sacos ou tanques.<\/p>\n<p>Os produtos qu\u00edmicos a granel incluem uma ampla gama de subst\u00e2ncias. Eles podem ser produtos qu\u00edmicos inorg\u00e2nicos b\u00e1sicos como \u00e1cido sulf\u00farico, hidr\u00f3xido de s\u00f3dio e cloro. Ou tamb\u00e9m podem ser produtos qu\u00edmicos org\u00e2nicos como etileno, propileno, benzeno e tolueno. Eles servem como mat\u00e9ria-prima para a produ\u00e7\u00e3o de uma ampla gama de bens de consumo. Esses produtos incluem pl\u00e1sticos, produtos farmac\u00eauticos, fertilizantes, t\u00eaxteis e muito mais.<\/p>\n<p>Os produtos qu\u00edmicos a granel s\u00e3o frequentemente produzidos atrav\u00e9s de rea\u00e7\u00f5es qu\u00edmicas complexas. A sua produ\u00e7\u00e3o requer quantidades significativas de energia e recursos. Como tal, grandes empresas com instala\u00e7\u00f5es e equipamentos especializados normalmente fornecem produtos qu\u00edmicos a granel.<\/p>\n<h2>Por que os produtos qu\u00edmicos a granel s\u00e3o importantes?<\/h2>\n<p>Os produtos qu\u00edmicos a granel s\u00e3o necess\u00e1rios por v\u00e1rios motivos. S\u00e3o mat\u00e9rias-primas essenciais para a fabrica\u00e7\u00e3o. Por exemplo, a produ\u00e7\u00e3o de pl\u00e1stico requer etileno e propileno. O \u00e1cido sulf\u00farico \u00e9 necess\u00e1rio para produzir fertilizantes. Os produtos qu\u00edmicos a granel tornam poss\u00edvel a fabrica\u00e7\u00e3o desses produtos.<\/p>\n<p>As plantas de processamento produzem produtos qu\u00edmicos a granel em grandes quantidades. Assim, podem fabric\u00e1-los com baixo custo por unidade. Como resultado, os produtos qu\u00edmicos a granel s\u00e3o mais rent\u00e1veis do que a produ\u00e7\u00e3o de pequenas quantidades de produtos qu\u00edmicos especializados.<\/p>\n<p>A produ\u00e7\u00e3o em larga escala de produtos qu\u00edmicos a granel permite maior consist\u00eancia e controle de qualidade. Esses atributos s\u00e3o essenciais para ind\u00fastrias que dependem desses produtos qu\u00edmicos como mat\u00e9ria-prima. Varia\u00e7\u00f5es na qualidade ou textura podem levar a defeitos de fabrica\u00e7\u00e3o ou falhas no produto.<\/p>\n<p>Produtos qu\u00edmicos a granel est\u00e3o dispon\u00edveis globalmente. Empresas de diferentes regi\u00f5es podem assim ter acesso \u00e0s mat\u00e9rias-primas de que necessitam. Portanto, s\u00e3o essenciais para promover o com\u00e9rcio internacional e o crescimento econ\u00f3mico.<\/p>\n<p>Houve avan\u00e7os nas t\u00e9cnicas e tecnologias de produ\u00e7\u00e3o de produtos qu\u00edmicos a granel. Esses avan\u00e7os podem levar ao desenvolvimento de novos produtos e aplica\u00e7\u00f5es. Podem tamb\u00e9m impulsionar a inova\u00e7\u00e3o e o crescimento econ\u00f3mico.<\/p>\n<h2>Principais cargos<\/h2>\n<h3>Existem v\u00e1rios cargos importantes na ind\u00fastria qu\u00edmica, incluindo:<\/h3>\n<ul>\n<li>Engenheiro Qu\u00edmico. Este engenheiro projeta os processos e equipamentos para produzir produtos qu\u00edmicos. Eles garantem a seguran\u00e7a, efici\u00eancia e qualidade dos processos qu\u00edmicos.<\/li>\n<li>Qu\u00edmico Anal\u00edtico. Um qu\u00edmico anal\u00edtico analisa compostos e produtos qu\u00edmicos. Assim, determinam sua composi\u00e7\u00e3o qu\u00edmica e propriedades. Esses qu\u00edmicos usam equipamentos e t\u00e9cnicas especializadas. Eles tamb\u00e9m identificam e medem componentes qu\u00edmicos e impurezas.<\/li>\n<li>Qu\u00edmico de Pesquisa e Desenvolvimento (P&amp;D). Um qu\u00edmico de P&amp;D desenvolve novos compostos e produtos qu\u00edmicos. Esses qu\u00edmicos realizam experimentos e testes para identificar compostos desconhecidos com propriedades espec\u00edficas. Os testes tamb\u00e9m servem para otimizar o desempenho dos j\u00e1 existentes.<\/li>\n<li>Qu\u00edmico de Controle de Qualidade. Um qu\u00edmico de controle de qualidade garante que os produtos qu\u00edmicos atendam aos padr\u00f5es da ind\u00fastria. Os produtos tamb\u00e9m devem seguir normas de seguran\u00e7a, pureza e qualidade. O qu\u00edmico tamb\u00e9m testa e inspeciona produtos qu\u00edmicos em busca de defeitos ou impurezas.<\/li>\n<li>Sales and Marketing Manager. A sales and <a href=\"https:\/\/www.sisinternational.com\/pt\/pericia\/industrias\/pesquisa-de-mercado-de-produtos-quimicos-organicos\/\" title=\"Pesquisa de mercado de produtos qu\u00edmicos org\u00e2nicos\"  data-wpil-monitor-id=\"3311\">marketing manager promotes chemical<\/a> products to potential customers. They also develop sales strategies to increase market share. They work with customers to understand their needs. They then create products that meet their specific requirements.<\/li>\n<li>Gerente de Sa\u00fade e Seguran\u00e7a Ambiental (EHS). Um gerente de EHS garante que os processos e instala\u00e7\u00f5es de produ\u00e7\u00e3o qu\u00edmica atendam aos regulamentos ambientais, de sa\u00fade e de seguran\u00e7a. Eles desenvolvem pol\u00edticas e procedimentos para minimizar riscos. Eles tamb\u00e9m garantem a conformidade com as leis e regulamentos aplic\u00e1veis.<\/li>\n<li>Gerente de Produ\u00e7\u00e3o. Um gerente de produ\u00e7\u00e3o supervisiona as opera\u00e7\u00f5es di\u00e1rias de uma instala\u00e7\u00e3o de produ\u00e7\u00e3o qu\u00edmica. Eles gerenciam cronogramas de produ\u00e7\u00e3o e monitoram os processos de produ\u00e7\u00e3o. Eles tamb\u00e9m atendem \u00e0s metas de produ\u00e7\u00e3o, mantendo os padr\u00f5es de qualidade e seguran\u00e7a.<\/li>\n<\/ul>\n<h2>Por que as empresas precisam de produtos qu\u00edmicos a granel?<\/h2>\n<p>As empresas precisam de produtos qu\u00edmicos a granel por v\u00e1rios motivos. Em primeiro lugar, a produ\u00e7\u00e3o de produtos qu\u00edmicos a granel \u00e9 geralmente mais rent\u00e1vel do que a produ\u00e7\u00e3o de pequenas quantidades de especialidades qu\u00edmicas. Quando os fabricantes produzem grandes quantidades de produtos qu\u00edmicos a granel, isso reduz os custos de produ\u00e7\u00e3o por unidade.<\/p>\n<p>As f\u00e1bricas de produtos qu\u00edmicos em grande escala utilizam equipamentos e processos especializados para produzir produtos qu\u00edmicos a granel, permitindo maior consist\u00eancia e controle de qualidade. A consist\u00eancia \u00e9 essencial para ind\u00fastrias que dependem desses produtos qu\u00edmicos como mat\u00e9ria-prima. Ent\u00e3o, \u00e9 claro, a qualidade tamb\u00e9m.<\/p>\n<p>Os produtos qu\u00edmicos a granel facilitam \u00e0s empresas o aumento da sua produ\u00e7\u00e3o, permitindo-lhes satisfazer o aumento da procura sem se preocuparem com o fornecimento. Eles tamb\u00e9m n\u00e3o precisam transportar pequenas quantidades de produtos qu\u00edmicos.<\/p>\n<h2>Principais fatores de sucesso<\/h2>\n<p>A ind\u00fastria qu\u00edmica tem v\u00e1rios fatores cr\u00edticos de sucesso, incluindo a inova\u00e7\u00e3o de produtos. As empresas qu\u00edmicas a granel precisam sempre de desenvolver produtos qu\u00edmicos novos e inovadores, o que aumenta as suas probabilidades de sucesso no mercado. Assim, eles precisam investir em pesquisa e desenvolvimento. Eles tamb\u00e9m devem ter um conhecimento profundo das necessidades dos clientes e das tend\u00eancias do mercado.<\/p>\n<p>As empresas que conseguem otimizar os seus processos de produ\u00e7\u00e3o qu\u00edmica t\u00eam maior probabilidade de sucesso. Assim, as empresas devem considerar a redu\u00e7\u00e3o de custos, o aumento da efici\u00eancia e a melhoria da qualidade, o que exige investimentos cont\u00ednuos em engenharia de processos, automa\u00e7\u00e3o e tecnologias digitais.<\/p>\n<p>A produ\u00e7\u00e3o qu\u00edmica requer uma cadeia de abastecimento complexa e regulamentada. Essa cadeia inclui mat\u00e9rias-primas, transporte, armazenamento e distribui\u00e7\u00e3o. As empresas devem gerenciar sua cadeia de suprimentos. Assim, eles poder\u00e3o garantir uma produ\u00e7\u00e3o confi\u00e1vel e econ\u00f4mica.<\/p>\n<p>A ind\u00fastria qu\u00edmica tem muitos regulamentos. Esses regulamentos visam garantir seguran\u00e7a, prote\u00e7\u00e3o ambiental e controle de qualidade. As empresas que seguem essas regulamenta\u00e7\u00f5es e ao mesmo tempo mant\u00eam a lucratividade t\u00eam maior probabilidade de sucesso.<\/p>\n<p>A ind\u00fastria qu\u00edmica requer talentos qualificados e especializados. Por exemplo, precisa de engenheiros qu\u00edmicos e de processo e qu\u00edmicos de controle de qualidade. Tamb\u00e9m precisa de pessoas para a gest\u00e3o da sa\u00fade e seguran\u00e7a ambiental.<\/p>\n<p>As empresas que conseguem atrair e reter os melhores talentos t\u00eam maior probabilidade de sucesso.<\/p>\n<p>As empresas qu\u00edmicas devem desenvolver relacionamentos s\u00f3lidos com seus clientes. Aqueles que entendem as necessidades dos clientes t\u00eam maior probabilidade de sucesso. Essas empresas precisam de um conhecimento profundo das necessidades dos clientes, o que requer uma comunica\u00e7\u00e3o eficaz. Tamb\u00e9m requer a capacidade de fornecer produtos e servi\u00e7os de qualidade.<\/p>\n<h2>Sobre a pesquisa de mercado de produtos qu\u00edmicos a granel<\/h2>\n<p>Todas as empresas devem fazer pesquisas de mercado quantitativas e qualitativas para sobreviver. Os fabricantes de produtos qu\u00edmicos a granel n\u00e3o s\u00e3o exce\u00e7\u00e3o. Eles tamb\u00e9m precisam de pesquisa estrat\u00e9gica de mercado porque ela fornece conhecimento e insights. Mercado de experi\u00eancia do usu\u00e1rio<\/p>\n<p>Research will help these companies learn about their customers. Competitive Analysis will tell them what rival companies are doing. <a href=\"https:\/\/www.sisinternational.com\/pt\/pericia\/industrias\/pesquisa-de-mercado-de-condimentos\/\" title=\"Pesquisa de mercado de condimentos\"  data-wpil-monitor-id=\"3339\">Pesquisa de oportunidades de mercado<\/a> will help them find new business opportunities.<\/p>\n<p>SIS International offers all these types of market research and much more. We also provide <a href=\"https:\/\/www.sisinternational.com\/pt\/pericia\/industrias\/pesquisa-de-mercado-sobre-perda-auditiva\/\" title=\"Pesquisa de mercado sobre perda auditiva\u00a0 \u00a0\"  data-wpil-monitor-id=\"3363\">Pesquisa de entrada no mercado<\/a>, Market Sizing Research, Focus Groups, Surveys, and Interviews. We can also help you plan your Go to Market Strategy. Contact us today for a consultation!<\/p>","protected":false},"excerpt":{"rendered":"<p>Os produtos qu\u00edmicos a granel s\u00e3o mat\u00e9rias-primas utilizadas para muitos bens de consumo. Isso inclui pl\u00e1sticos, produtos farmac\u00eauticos, fertilizantes, t\u00eaxteis e muito mais.<\/p>","protected":false},"author":1,"featured_media":0,"parent":14514,"menu_order":197,"comment_status":"closed","ping_status":"closed","template":"","meta":{"footnotes":""},"class_list":["post-41770","page","type-page","status-publish"],"_links":{"self":[{"href":"https:\/\/www.sisinternational.com\/pt\/wp-json\/wp\/v2\/pages\/41770","targetHints":{"allow":["GET"]}}],"collection":[{"href":"https:\/\/www.sisinternational.com\/pt\/wp-json\/wp\/v2\/pages"}],"about":[{"href":"https:\/\/www.sisinternational.com\/pt\/wp-json\/wp\/v2\/types\/page"}],"author":[{"embeddable":true,"href":"https:\/\/www.sisinternational.com\/pt\/wp-json\/wp\/v2\/users\/1"}],"replies":[{"embeddable":true,"href":"https:\/\/www.sisinternational.com\/pt\/wp-json\/wp\/v2\/comments?post=41770"}],"version-history":[{"count":4,"href":"https:\/\/www.sisinternational.com\/pt\/wp-json\/wp\/v2\/pages\/41770\/revisions"}],"predecessor-version":[{"id":77608,"href":"https:\/\/www.sisinternational.com\/pt\/wp-json\/wp\/v2\/pages\/41770\/revisions\/77608"}],"up":[{"embeddable":true,"href":"https:\/\/www.sisinternational.com\/pt\/wp-json\/wp\/v2\/pages\/14514"}],"wp:attachment":[{"href":"https:\/\/www.sisinternational.com\/pt\/wp-json\/wp\/v2\/media?parent=41770"}],"curies":[{"name":"wp","href":"https:\/\/api.w.org\/{rel}","templated":true}]}}