{"id":41766,"date":"2023-03-15T17:44:05","date_gmt":"2023-03-15T21:44:05","guid":{"rendered":"https:\/\/www.sisinternational.com\/?page_id=41766"},"modified":"2026-03-12T19:59:05","modified_gmt":"2026-03-12T23:59:05","slug":"pesquisa-de-mercado-de-rastreamento-de-marca","status":"publish","type":"page","link":"https:\/\/www.sisinternational.com\/pt\/solucoes\/solucoes-de-branding-e-pesquisa-de-clientes\/pesquisa-de-mercado-de-rastreamento-de-marca\/","title":{"rendered":"Pesquisa de mercado de rastreamento de marca"},"content":{"rendered":"<h1 class=\"wp-block-heading\">Pesquisa de mercado de rastreamento de marca<\/h1>\n\n\n\n<figure class=\"gb-block-image gb-block-image-f2e18b77\"><img loading=\"lazy\" decoding=\"async\" width=\"1456\" height=\"816\" class=\"gb-image gb-image-f2e18b77\" src=\"https:\/\/www.sisinternational.com\/wp-content\/uploads\/2025\/08\/Marketing-45-3.jpg\" alt=\"Pesquisa e Estrat\u00e9gia de Mercado Internacional da SIS\" title=\"Marketing 45 (3)\" srcset=\"https:\/\/www.sisinternational.com\/wp-content\/uploads\/2025\/08\/Marketing-45-3.jpg 1456w, https:\/\/www.sisinternational.com\/wp-content\/uploads\/2025\/08\/Marketing-45-3-300x168.jpg 300w, https:\/\/www.sisinternational.com\/wp-content\/uploads\/2025\/08\/Marketing-45-3-1024x574.jpg 1024w, https:\/\/www.sisinternational.com\/wp-content\/uploads\/2025\/08\/Marketing-45-3-768x430.jpg 768w, https:\/\/www.sisinternational.com\/wp-content\/uploads\/2025\/08\/Marketing-45-3-18x10.jpg 18w\" sizes=\"auto, (max-width: 1456px) 100vw, 1456px\"><\/figure>\n\n\n\n<hr class=\"wp-block-separator has-alpha-channel-opacity is-style-dots\"\/>\n\n\n\n<p>Construir e manter uma marca impactante \u00e9 fundamental para o sucesso no complexo clima de neg\u00f3cios de hoje. No entanto, pode ser um desafio para as empresas compreender como os clientes veem a sua marca e como melhorar as suas t\u00e1ticas de branding a longo prazo.<\/p>\n\n\n\n<p>\u00c9 aqui que a pesquisa de mercado de rastreamento de marca desempenha um papel fundamental. \u00c9 crucial coletar dados sobre reconhecimento, posicionamento, patrim\u00f4nio e fidelidade da marca, entre outros elementos. Ao avaliar esta informa\u00e7\u00e3o, as empresas podem tomar decis\u00f5es informadas relativamente \u00e0s suas estrat\u00e9gias de marca e aumentar o desempenho da sua marca ao longo do tempo.<\/p>\n\n\n\n<h2 class=\"wp-block-heading\">O que \u00e9 pesquisa de mercado de rastreamento de marca?<\/h2>\n\n\n\n<p><a href=\"https:\/\/www.sisinternational.com\/pt\/garantindo-que-os-clientes-se-lembrem-de-sua-mensagem\/\" title=\"Pesquisa de mercado de ativa\u00e7\u00e3o de marca\"  data-wpil-monitor-id=\"2285\">Brand tracking market research<\/a> helps businesses monitor and measure the performance of their brand. It gathers data through surveys, interviews, and other forms of qualitative and quantitative research methods to assess brand awareness, perception, and the brand.<\/p>\n\n\n\n<p>Al\u00e9m disso, atrav\u00e9s do rastreamento, as empresas podem identificar mudan\u00e7as nas atitudes e comportamentos dos consumidores, permitindo-lhes ajustar as suas estrat\u00e9gias de forma a fortalecer a sua marca e alcan\u00e7ar maior sucesso.<\/p>\n\n\n\n<h2 class=\"wp-block-heading\">Import\u00e2ncia da pesquisa de mercado de rastreamento de marca para as empresas<\/h2>\n\n\n\n<p>As empresas podem ficar um passo \u00e0 frente da concorr\u00eancia conduzindo regularmente pesquisas de rastreamento de marca. Isso ajuda a identificar tend\u00eancias e padr\u00f5es de comportamento, prefer\u00eancias e atitudes do consumidor em rela\u00e7\u00e3o \u00e0 marca, facilitando a tomada de decis\u00f5es e melhorando as estrat\u00e9gias de branding.<\/p>\n\n\n\n<p>A pesquisa de rastreamento de marca tamb\u00e9m fornece insights valiosos para identificar \u00e1reas de baixo desempenho em uma empresa. Por exemplo, se a pesquisa de uma marca indicar que os consumidores n\u00e3o est\u00e3o cientes das suas ofertas de produtos ou servi\u00e7os, a empresa pode aproveitar estrat\u00e9gias de marketing para aumentar a visibilidade e o reconhecimento da marca.<\/p>\n\n\n\n<p>Atrav\u00e9s do exame cuidadoso dos dados recolhidos, as empresas podem modificar as suas estrat\u00e9gias de marca em tempo real, aumentando a probabilidade de resultados bem-sucedidos.<\/p>\n\n\n\n<h2 class=\"wp-block-heading\">Tend\u00eancias atuais de pesquisa de mercado de rastreamento de marca<\/h2>\n\n\n\n<h3 class=\"wp-block-heading\">Algumas das tend\u00eancias atuais incluem:<\/h3>\n\n\n\n<p><strong>Coleta de dados digitais:<\/strong> \u00c0 medida que mais consumidores mudam o seu comportamento online, muitas empresas est\u00e3o a adotar m\u00e9todos digitais de recolha de dados. Isso inclui o uso de ferramentas como plataformas de m\u00eddia social, an\u00e1lises da web e pesquisas on-line para coletar insights sobre o comportamento e as prefer\u00eancias do consumidor.<\/p>\n\n\n\n<p><strong>Monitoramento em tempo real:<\/strong> Muitas empresas est\u00e3o agora usando ferramentas de monitoramento em tempo real para monitorar continuamente o desempenho da marca. Isso permite que as empresas identifiquem problemas e oportunidades em tempo real e tomem medidas rapidamente.<\/p>\n\n\n\n<p><strong>Integra\u00e7\u00e3o com a experi\u00eancia do cliente:<\/strong> In addition to tracking <a href=\"https:\/\/www.sisinternational.com\/pt\/pesquisa-de-marca-sis-e-fidelizacao-de-clientes\/\" title=\"Pesquisa de mercado de marca e fideliza\u00e7\u00e3o de clientes\"  data-wpil-monitor-id=\"2504\">brand performance, many businesses are now integrating brand tracking market research with customer<\/a> experience data to gain a more holistic view of the customer journey. This allows businesses to identify opportunities to improve the overall customer experience and strengthen the brand\u2019s position in the market.<\/p>\n\n\n\n<p><strong>Concentre-se nas conex\u00f5es emocionais:<\/strong> V\u00e1rias empresas est\u00e3o agora se concentrando em rastrear conex\u00f5es emocionais com suas marcas, pois pesquisas mostram que os consumidores s\u00e3o mais propensos a se envolver e permanecer leais \u00e0s marcas com as quais sentem uma conex\u00e3o emocional.<\/p>\n\n\n\n<p><strong>Inclus\u00e3o e diversidade:<\/strong> In recent years, there has been a growing focus on inclusion and diversity. This includes ensuring that research samples are representative of diverse consumer groups, tracking metrics related to diversity and inclusion, and using <a href=\"https:\/\/www.sisinternational.com\/pt\/pericia\/industrias\/pesquisa-de-mercado-do-metaverso\/\" title=\"Pesquisa de mercado do metaverso\"  data-wpil-monitor-id=\"4785\">research insights to improve brand<\/a> messaging and marketing campaigns in a way that is inclusive and respectful of all consumers.<\/p>\n\n\n\n<h2 class=\"wp-block-heading\">O objetivo de conduzir uma pesquisa de mercado de rastreamento de marca<\/h2>\n\n\n\n<p class=\"p1\">Conduzindo <a href=\"https:\/\/www.sisinternational.com\/pt\/solucoes\/solucoes-de-branding-e-pesquisa-de-clientes\/pesquisa-de-mercado-de-diferenciacao-de-marca\/\" title=\"Pesquisa de mercado de diferencia\u00e7\u00e3o de marca\"  data-wpil-monitor-id=\"2859\">pesquisa de mercado de rastreamento de marca<\/a> offers various advantages. It assists companies in tracking the most significant key brand awareness and metrics effectively. Brand awareness metrics may include perception of loyalty and customer satisfaction, and by consistently measuring these metrics, businesses can determine if their brand strategy is effective and adjust as required.<\/p>\n\n\n\n<p class=\"p1\">The goals of conducting <a href=\"https:\/\/www.sisinternational.com\/pt\/pericia\/industrias\/pesquisa-de-mercado-para-marcas-envelhecidas\/\" title=\"Pesquisa de mercado para marcas envelhecidas\"  data-wpil-monitor-id=\"3713\">pesquisa de mercado de rastreamento de marca<\/a> can differ depending on a company&#8217;s individual needs and aims. Nevertheless, some typical objectives of such research could be:<\/p>\n\n\n\n<ul class=\"wp-block-list\">\n<li>Gain insight into consumer attitudes and opinions toward the brand. Brand <a href=\"https:\/\/www.sisinternational.com\/pt\/pericia\/industrias\/pesquisa-de-mercado-de-rastreamento-de-tendencias\/\" title=\"Pesquisa de mercado de rastreamento de tend\u00eancias\"  data-wpil-monitor-id=\"5443\">tracking market research<\/a> reveals how consumers view the brand in terms of its image and reputation, and how it measures up to competing brands.<\/li>\n\n\n\n<li>Me\u00e7a o grau de lealdade entre os consumidores. Os dados recolhidos podem incluir a percentagem de clientes leais \u00e0 marca, a frequ\u00eancia das suas compras de bens ou servi\u00e7os da marca e a probabilidade de recomendarem a marca a outras pessoas.<\/li>\n\n\n\n<li>Quantifique as flutua\u00e7\u00f5es no valor da marca ao longo do tempo. Na pesquisa de rastreamento de marca, s\u00e3o coletados dados para avaliar o desempenho financeiro da marca, sua participa\u00e7\u00e3o no mercado e sua influ\u00eancia no mercado.<\/li>\n<\/ul>\n\n\n\n<h2 class=\"wp-block-heading p1\">Melhores pr\u00e1ticas para pesquisa de mercado de rastreamento de marca<\/h2>\n\n\n\n<h3 class=\"wp-block-heading p1\">A realiza\u00e7\u00e3o de pesquisas oferece uma s\u00e9rie de benef\u00edcios e oportunidades para as empresas, incluindo:<\/h3>\n\n\n\n<ul class=\"wp-block-list\">\n<li>Estabelecer objetivos de pesquisa claros \u00e9 essencial para garantir que o estudo produza resultados pr\u00e1ticos e relevantes. Isto requer a articula\u00e7\u00e3o das quest\u00f5es exactas que a investiga\u00e7\u00e3o procura responder e os resultados desejados que a organiza\u00e7\u00e3o espera alcan\u00e7ar.<\/li>\n\n\n\n<li>\u00c9 fundamental selecionar uma amostra representativa da popula\u00e7\u00e3o-alvo. Isto exige que o tamanho da amostra seja suficientemente grande para ser estatisticamente significativo e que tamb\u00e9m reflita as caracter\u00edsticas demogr\u00e1ficas do p\u00fablico-alvo.<\/li>\n\n\n\n<li>As empresas podem obter insights valiosos sobre a evolu\u00e7\u00e3o de sua marca e sua percep\u00e7\u00e3o. Ao coletar dados nesses intervalos regulares, as empresas podem monitorar as mudan\u00e7as no desempenho da marca.<\/li>\n\n\n\n<li>Para obter uma vis\u00e3o geral abrangente do desempenho da marca, \u00e9 importante empregar m\u00faltiplas fontes de dados, incluindo pesquisas, an\u00e1lises de m\u00eddias sociais e dados de vendas. Essa abordagem permite que as empresas corroborem os dados e obtenham uma compreens\u00e3o mais completa do desempenho da marca.<\/li>\n\n\n\n<li>\u00c9 fundamental manter a seguran\u00e7a e a confidencialidade de todos os dados coletados no decorrer do estudo de pesquisa. Isto inclui tomar medidas adequadas para evitar qualquer acesso n\u00e3o aprovado aos dados, bem como garantir que os dados sejam utilizados apenas para os fins do estudo.<\/li>\n\n\n\n<li>Brand tracking <a href=\"https:\/\/www.sisinternational.com\/pt\/solucoes\/pesquisa-de-mercado-de-reconhecimento-de-marca-b2b\/\" title=\"Pesquisa de mercado de conscientiza\u00e7\u00e3o da marca B2B\"  data-wpil-monitor-id=\"2315\">market research improves brand awareness<\/a>, therefore helping companies find out the problem areas that need attention and increasing consumer engagement and loyalty.<\/li>\n\n\n\n<li>Para otimizar a aloca\u00e7\u00e3o de recursos para fins de marketing e publicidade, as empresas podem acompanhar a efic\u00e1cia das campanhas ao longo do tempo para determinar quais geram maior ROI.<\/li>\n\n\n\n<li>Ao monitorizar as mudan\u00e7as no comportamento e nas prefer\u00eancias dos consumidores, as empresas podem descobrir \u00e1reas potenciais de crescimento atrav\u00e9s da inova\u00e7\u00e3o ou melhoria.<\/li>\n\n\n\n<li>By using insights gained from <a href=\"https:\/\/www.sisinternational.com\/pt\/pericia\/industrias\/pesquisa-de-mercado-da-marca\/\" title=\"Pesquisa de mercado da marca\"  data-wpil-monitor-id=\"6739\">pesquisa de mercado de rastreamento de marca<\/a>, businesses can make more informed and effective decisions over time. This can help to increase business efficiency and profitability and drive growth and success over the long term.<\/li>\n<\/ul>\n\n\n\n<h2 class=\"wp-block-heading\">Desafios e limita\u00e7\u00f5es<\/h2>\n\n\n\n<p class=\"p1\">Embora a pesquisa de mercado de rastreamento de marca possa fornecer informa\u00e7\u00f5es valiosas sobre o comportamento e as prefer\u00eancias do consumidor, tamb\u00e9m existem v\u00e1rios desafios e limita\u00e7\u00f5es que voc\u00ea deve conhecer.<span class=\"Apple-converted-space\"> Esses incluem:<\/span><\/p>\n\n\n\n<ul class=\"wp-block-list\">\n<li>O custo da pesquisa de mercado de rastreamento de marca pode ser alto e pode representar um desafio para as pequenas empresas que podem n\u00e3o ter recursos or\u00e7ament\u00e1rios para realizar pesquisas de forma consistente.<\/li>\n\n\n\n<li>Os entrevistados podem sentir exaust\u00e3o e apatia em rela\u00e7\u00e3o a perguntas demasiado frequentes ou mon\u00f3tonas, resultando num decl\u00ednio nas taxas de resposta e na precis\u00e3o dos dados.<\/li>\n\n\n\n<li>Os entrevistados podem n\u00e3o ser capazes de oferecer respostas precisas ou verdadeiras quando feitas perguntas sens\u00edveis ou retrospectivas, resultando em um conjunto de dados desequilibrado ou incompleto.<\/li>\n\n\n\n<li>Typically, during <a href=\"https:\/\/www.sisinternational.com\/pt\/monitor-de-marca-de-pneus-nos-alemanha-brasil\/\" title=\"Pesquisa de Marcas de Pneus nos EUA, Alemanha e Brasil\"  data-wpil-monitor-id=\"6591\">branding monitoring research<\/a>, there is an emphasis on some vital branding measurements that could miss out on other factors responsible for shaping customer actions or choices.<\/li>\n\n\n\n<li>As r\u00e1pidas mudan\u00e7as nas prefer\u00eancias dos consumidores e nas condi\u00e7\u00f5es de mercado tornam dif\u00edcil realizar pesquisas de mercado eficazes e, para permanecerem relevantes no mercado, as empresas devem atualizar continuamente as suas metodologias de investiga\u00e7\u00e3o, bem como as t\u00e9cnicas de recolha de dados.<\/li>\n\n\n\n<li>A pesquisa de mercado de rastreamento de marca normalmente se concentra em algumas m\u00e9tricas importantes, como reconhecimento ou percep\u00e7\u00e3o da marca. Embora isto ofere\u00e7a uma vis\u00e3o do desempenho da marca e do comportamento do consumidor, pode n\u00e3o fornecer uma compreens\u00e3o abrangente de todos os fatores relevantes.<\/li>\n\n\n\n<li>A natureza em constante evolu\u00e7\u00e3o do comportamento do consumidor torna dif\u00edcil compreender ou prever as suas prefer\u00eancias ou expectativas. Para captar estas mudan\u00e7as e manter-se \u00e0 frente das mudan\u00e7as nas prefer\u00eancias dos consumidores, as empresas precisam de adaptar as suas metodologias de pesquisa de mercado.<\/li>\n\n\n\n<li>Pode haver uma discrep\u00e2ncia temporal entre o momento em que os dados s\u00e3o coletados e o momento em que s\u00e3o estudados e relatados. Isto poderia ser um impedimento se as empresas precisassem de insights imediatos sobre o desempenho da marca.<\/li>\n\n\n\n<li>Resultados imprecisos ou enganosos podem surgir devido ao vi\u00e9s da amostra na pesquisa de mercado de rastreamento de marca, que depende da metodologia selecionada. N\u00e3o representar adequadamente o p\u00fablico-alvo por meio de amostragem ou ter preconceitos durante a coleta e an\u00e1lise de dados pode levar a esta situa\u00e7\u00e3o.<\/li>\n\n\n\n<li>\u00c0 medida que os canais de marketing digital se tornam cada vez mais predominantes, as empresas podem ter dificuldade em avaliar com precis\u00e3o o sucesso das suas campanhas em todos os canais, especialmente se n\u00e3o tiverem acesso aos dados de cada fonte. As empresas devem desenvolver metodologias para medir e acompanhar estes efeitos a longo prazo, garantindo que as suas estrat\u00e9gias de marca se alinham com os seus objectivos comerciais globais.<\/li>\n<\/ul>\n\n\n\n<h2 class=\"wp-block-heading\">Tend\u00eancias e considera\u00e7\u00f5es futuras<\/h2>\n\n\n\n<ul class=\"wp-block-list\">\n<li>\u00c0 medida que as tecnologias de IA e de aprendizagem autom\u00e1tica continuam a evoluir e a tornar-se mais avan\u00e7adas, est\u00e3o a ser aproveitadas para analisar conjuntos de dados maiores e descobrir informa\u00e7\u00f5es que seriam dif\u00edceis de detetar pelos humanos. A pesquisa de mercado de rastreamento de marca pode ser significativamente aprimorada por essas tecnologias, pois s\u00e3o capazes de detectar padr\u00f5es e tend\u00eancias que, de outra forma, poderiam passar despercebidos usando m\u00e9todos de pesquisa tradicionais.<\/li>\n\n\n\n<li>O monitoramento dos principais indicadores de desempenho (KPIs) de uma marca e das percep\u00e7\u00f5es do consumidor ao longo do tempo permite que as empresas tomem decis\u00f5es informadas e otimizem seus esfor\u00e7os de branding.<\/li>\n\n\n\n<li>A import\u00e2ncia das m\u00eddias sociais \u00e9 ineg\u00e1vel. Plataformas como Facebook, Twitter e Instagram est\u00e3o se tornando fundamentais para o crescimento e promo\u00e7\u00e3o de uma marca. Atrav\u00e9s de pesquisas de mercado, as empresas podem aprender como a sua marca \u00e9 percebida nas redes sociais e determinar formas de melhorar a sua presen\u00e7a nas redes sociais.<\/li>\n\n\n\n<li>\u00c0 medida que os consumidores se tornam mais conscientes dos dados recolhidos pelas empresas, as preocupa\u00e7\u00f5es com a privacidade e seguran\u00e7a dos dados podem aumentar. As empresas que conduzem pesquisas de mercado de rastreamento de marca devem ser transparentes sobre seus m\u00e9todos de coleta de dados e implementar medidas proativas para manter a privacidade do consumidor.<\/li>\n\n\n\n<li>As empresas devem ser capazes de agir rapidamente e responder aos coment\u00e1rios dos clientes. Portanto, eles exigem insights atualizados e em tempo real sobre o desempenho da marca. Para garantir isso, ferramentas de pesquisa especializadas e t\u00e9cnicas de an\u00e1lise de dados devem ser empregadas para fornecer insights quase instant\u00e2neos.<\/li>\n\n\n\n<li>By combining artificial intelligence (AI), machine learning (ML), and big data analytics, companies can improve the efficiency and accuracy of collecting, analyzing, and interpreting data. <\/li>\n\n\n\n<li>O valor do prop\u00f3sito da marca tornou-se cada vez mais evidente, \u00e0 medida que os consumidores procuram marcas que reflitam os seus pr\u00f3prios valores e demonstrem a inten\u00e7\u00e3o de causar um impacto maior do que simplesmente procurar ganhos financeiros.<\/li>\n\n\n\n<li>A sustentabilidade e a responsabilidade social tornar-se-\u00e3o mais significativas no futuro. Monitorizar e gerir o impacto ambiental e social de uma marca est\u00e1 a tornar-se cada vez mais importante \u00e0 medida que os consumidores d\u00e3o prioridade a estes factores na tomada de decis\u00f5es de compra.<\/li>\n\n\n\n<li>A versatilidade da pesquisa de mercado de rastreamento de marca est\u00e1 levando ao aumento de sua ado\u00e7\u00e3o em v\u00e1rios setores. Empresas de todos os setores est\u00e3o percebendo a import\u00e2ncia de compreender o desempenho de suas marcas. O desenvolvimento de metodologias inovadoras de acompanhamento de marcas e a partilha de melhores pr\u00e1ticas ser\u00e3o alcan\u00e7ados atrav\u00e9s da colabora\u00e7\u00e3o entre empresas.<\/li>\n<\/ul>\n\n\n\n<p>A SIS International oferece Pesquisa Quantitativa, Qualitativa e Estrat\u00e9gica. Fornecemos dados, ferramentas, estrat\u00e9gias, relat\u00f3rios e insights para a tomada de decis\u00f5es. Conduzimos entrevistas, pesquisas, grupos focais e muitos outros m\u00e9todos e abordagens de Pesquisa de Mercado. Contate-nos para o seu pr\u00f3ximo projeto de Pesquisa de Mercado.<\/p>\n\n\n\n<p><\/p>","protected":false},"excerpt":{"rendered":"<p>A pesquisa de mercado de rastreamento de marca ajuda as marcas comerciais, conduzindo pesquisas, entrevistas e m\u00e9todos de pesquisa qualitativos e quantitativos.<\/p>","protected":false},"author":1,"featured_media":62846,"parent":14650,"menu_order":196,"comment_status":"closed","ping_status":"closed","template":"","meta":{"footnotes":""},"class_list":["post-41766","page","type-page","status-publish","has-post-thumbnail"],"_links":{"self":[{"href":"https:\/\/www.sisinternational.com\/pt\/wp-json\/wp\/v2\/pages\/41766","targetHints":{"allow":["GET"]}}],"collection":[{"href":"https:\/\/www.sisinternational.com\/pt\/wp-json\/wp\/v2\/pages"}],"about":[{"href":"https:\/\/www.sisinternational.com\/pt\/wp-json\/wp\/v2\/types\/page"}],"author":[{"embeddable":true,"href":"https:\/\/www.sisinternational.com\/pt\/wp-json\/wp\/v2\/users\/1"}],"replies":[{"embeddable":true,"href":"https:\/\/www.sisinternational.com\/pt\/wp-json\/wp\/v2\/comments?post=41766"}],"version-history":[{"count":12,"href":"https:\/\/www.sisinternational.com\/pt\/wp-json\/wp\/v2\/pages\/41766\/revisions"}],"predecessor-version":[{"id":80318,"href":"https:\/\/www.sisinternational.com\/pt\/wp-json\/wp\/v2\/pages\/41766\/revisions\/80318"}],"up":[{"embeddable":true,"href":"https:\/\/www.sisinternational.com\/pt\/wp-json\/wp\/v2\/pages\/14650"}],"wp:featuredmedia":[{"embeddable":true,"href":"https:\/\/www.sisinternational.com\/pt\/wp-json\/wp\/v2\/media\/62846"}],"wp:attachment":[{"href":"https:\/\/www.sisinternational.com\/pt\/wp-json\/wp\/v2\/media?parent=41766"}],"curies":[{"name":"wp","href":"https:\/\/api.w.org\/{rel}","templated":true}]}}