{"id":41732,"date":"2023-03-14T20:35:18","date_gmt":"2023-03-15T00:35:18","guid":{"rendered":"https:\/\/www.sisinternational.com\/?page_id=41732"},"modified":"2026-01-27T16:50:38","modified_gmt":"2026-01-27T21:50:38","slug":"pesquisa-de-mercado-de-servicos-financeiros-na-asia","status":"publish","type":"page","link":"https:\/\/www.sisinternational.com\/pt\/solucoes\/pesquisa-de-consultoria-em-estrategia-fintech\/pesquisa-de-mercado-de-servicos-financeiros-na-asia\/","title":{"rendered":"Pesquisa de mercado de servi\u00e7os financeiros da \u00c1sia"},"content":{"rendered":"<h1 class=\"wp-block-heading\">Pesquisa de mercado de servi\u00e7os financeiros da \u00c1sia<\/h1>\n\n\n\n<figure class=\"gb-block-image gb-block-image-2f219019\"><img loading=\"lazy\" decoding=\"async\" width=\"1456\" height=\"816\" class=\"gb-image gb-image-2f219019\" src=\"https:\/\/www.sisinternational.com\/wp-content\/uploads\/2025\/10\/Asia-Financial-Services-3.jpg\" alt=\"Pesquisa e Estrat\u00e9gia de Mercado Internacional da SIS\" title=\"Asia Financial Services (3)\" srcset=\"https:\/\/www.sisinternational.com\/wp-content\/uploads\/2025\/10\/Asia-Financial-Services-3.jpg 1456w, https:\/\/www.sisinternational.com\/wp-content\/uploads\/2025\/10\/Asia-Financial-Services-3-300x168.jpg 300w, https:\/\/www.sisinternational.com\/wp-content\/uploads\/2025\/10\/Asia-Financial-Services-3-1024x574.jpg 1024w, https:\/\/www.sisinternational.com\/wp-content\/uploads\/2025\/10\/Asia-Financial-Services-3-768x430.jpg 768w, https:\/\/www.sisinternational.com\/wp-content\/uploads\/2025\/10\/Asia-Financial-Services-3-18x10.jpg 18w\" sizes=\"auto, (max-width: 1456px) 100vw, 1456px\"><\/figure>\n\n\n\n<p><\/p>\n\n\n\n<hr class=\"wp-block-separator has-alpha-channel-opacity\"\/>\n\n\n\n<p>Asia financial services market research has undergone major changes in recent years, driven by new markets, technological advances, and evolving customer expectations. Now, if companies want to stay ahead of the curve and meet their customers&#8217; needs, conducting research is essential.<\/p>\n\n\n\n<p>With in-depth research, global companies can understand the Asian financial markets and dramatically increase their chances of success.<\/p>\n\n\n\n<h2 class=\"wp-block-heading\"><strong>Compreendendo a pesquisa de mercado de servi\u00e7os financeiros da \u00c1sia<\/strong><\/h2>\n\n\n\n<p><span style=\"font-weight: 400;\">Asia financial services <a href=\"https:\/\/www.linkedin.com\/pulse\/how-market-research-enables-growth-ruth-stanat-phekf\/\" target=\"_blank\" rel=\"noopener\">pesquisa de mercado<\/a> provides a comprehensive understanding of market dynamics, including economic growth patterns, consumer behavior, and regulatory environments across Asian countries. Moreover, this research identifies growth opportunities within the Asian financial <a href=\"https:\/\/www.sisinternational.com\/pt\/pericia\/industrias\/q-pesquisa-de-mercado-de-comercio\/\" title=\"Pesquisa de mercado Q-Commerce\" data-wpil-monitor-id=\"4839\">Servi\u00e7os<\/a> sector such as underserved market segments, potential for new product offerings, and areas ripe for technological innovation.<\/span><\/p>\n\n\n\n<h2 class=\"wp-block-heading\"><strong>Quais s\u00e3o os benef\u00edcios da pesquisa de mercado de servi\u00e7os financeiros da \u00c1sia?<\/strong><\/h2>\n\n\n\n<figure class=\"wp-block-image\"><img decoding=\"async\" src=\"https:\/\/www.sisinternational.com\/wp-content\/uploads\/2024\/04\/Asia-eCommerce-Consulting.jpg\" alt=\"Consultoria de com\u00e9rcio eletr\u00f4nico na \u00c1sia\" class=\"wp-image-47535\"\/><\/figure>\n\n\n\n<p><\/p>\n\n\n\n<p><span style=\"font-weight: 400;\">The benefits of engaging in Asia <a class=\"wpil_keyword_link\" href=\"https:\/\/www.sisinternational.com\/pt\/solucoes\/pesquisa-de-consultoria-em-estrategia-fintech\/pesquisa-de-mercado-de-servicos-financeiros\/\" title=\"Pesquisa de mercado de servi\u00e7os financeiros\" data-wpil-keyword-link=\"linked\" data-wpil-monitor-id=\"718\">pesquisa de mercado de servi\u00e7os financeiros<\/a> are substantial, especially for businesses looking to enter or expand their presence in this dynamic region. Here\u2019s a detailed look at the advantages:<\/span><\/p>\n\n\n\n<p><b>\u2022 Decis\u00f5es informadas de entrada e expans\u00e3o no mercado<\/b>: This <a href=\"https:\/\/www.sisinternational.com\/pt\/pericia\/industrias\/pesquisa-de-mercado-de-vacuo\/\" title=\"Pesquisa de mercado de v\u00e1cuo\" data-wpil-monitor-id=\"4860\">pesquisar<\/a> provides critical insights into various Asian markets, enabling businesses to make informed decisions about market entry and expansion strategies.<\/span><\/p>\n\n\n\n<p><b>\u2022 Identifica\u00e7\u00e3o de oportunidades emergentes<\/b><span style=\"font-weight: 400;\">: Asia&#8217;s financial markets are rapidly evolving, and this research helps identify emerging trends and opportunities. Businesses can tap into new segments, innovate product offerings, and stay ahead of the competition.<\/span><\/p>\n\n\n\n<p><b>\u2022 Desenvolvimento de produto centrado no cliente<\/b>: Deep insights into <a href=\"https:\/\/www.sisinternational.com\/pt\/servicos-de-pesquisa-de-segmentacao-de-mercado\/\" title=\"Servi\u00e7os de pesquisa de segmenta\u00e7\u00e3o de mercado\" data-wpil-monitor-id=\"2497\">consumidor<\/a> behavior and preferences in different Asian markets enable businesses to develop customer-centric financial products and services, increasing the likelihood of market acceptance and success.<\/span><\/p>\n\n\n\n<p><b>\u2022 Adapta\u00e7\u00e3o \u00e0s Tend\u00eancias Tecnol\u00f3gicas<\/b>: Asia financial <a href=\"https:\/\/www.sisinternational.com\/pt\/solucoes\/solucoes-de-pesquisa-quantitativa-qualitativa\/pesquisa-de-mercado-de-servicos-de-campo\/\" title=\"Pesquisa de mercado de servi\u00e7os de campo\" data-wpil-monitor-id=\"4520\">services market research<\/a> provides insights into the technological advancements shaping the industry such as fintech innovations and digital banking trends. Businesses can use this information to adapt to or lead in technological adoption.<\/span><\/p>\n\n\n\n<p><b>\u2022 Parcerias e Colabora\u00e7\u00f5es Estrat\u00e9gicas<\/b><span style=\"font-weight: 400;\">: Esta investiga\u00e7\u00e3o pode identificar potenciais oportunidades de parceria com intervenientes locais ou regionais, que podem ser cruciais para navegar nas complexidades dos mercados asi\u00e1ticos.<\/span><\/p>\n\n\n\n<h2 class=\"wp-block-heading\">Pesquisa de mercado de servi\u00e7os financeiros na \u00c1sia: por que \u00e9 importante?<\/h2>\n\n\n\n<p>The Asian financial services landscape is dynamic and rapidly growing, encompassing a wide variety of sectors like banking, insurance, asset management, and fintech. At the same time, it possesses a rising population and a rapidly growing middle class, making Asian financial markets attractive to financial institutions and investors seeking growth prospects.<\/p>\n\n\n\n<p>Este mercado tamb\u00e9m \u00e9 conhecido pelo seu alto grau de inova\u00e7\u00e3o e ado\u00e7\u00e3o de tecnologias de ponta, como pagamentos m\u00f3veis, servi\u00e7os banc\u00e1rios digitais e blockchain. No entanto, o setor asi\u00e1tico de servi\u00e7os financeiros \u00e9 muito competitivo e enfrenta in\u00fameras quest\u00f5es, como altera\u00e7\u00f5es regulamentares, riscos geopol\u00edticos e altera\u00e7\u00f5es nas prefer\u00eancias dos clientes.<\/p>\n\n\n\n<p>Therefore, companies must conduct regular <a href=\"https:\/\/www.sisinternational.com\/pt\/oportunidades-de-mercado-no-sudeste-da-asia\/\" title=\"Pesquisa de oportunidades de mercado no Sudeste Asi\u00e1tico\" data-wpil-monitor-id=\"2475\">Asia financial services market research<\/a> to stay ahead of developments and capitalize on new opportunities. This helps them identify and respond to the latest customer demands and preferences, enabling businesses to remain ahead of the competition.<\/p>\n\n\n\n<h2 class=\"wp-block-heading\">Pesquisa de mercado de servi\u00e7os financeiros da \u00c1sia: principais impulsionadores de crescimento<\/h2>\n\n\n\n<p>The Asian financial services industry is experiencing a rapid and substantial expansion in countries such as India, Indonesia, and Vietnam playing an essential role in driving this expansion \u2013 and some of the key drivers are:<\/p>\n\n\n\n<p>\u2022 The proliferation of digital technology and the emergence of forward-thinking financial products and services such as mobile banking and digital payments. This advancement in technology is promoting financial inclusion and allowing more individuals to access financial services.<\/p>\n\n\n\n<p>\u2022 A crescente necessidade de financiamento sustent\u00e1vel tornou-se cada vez mais evidente. Promove o crescimento econ\u00f3mico e, ao mesmo tempo, preserva o ambiente e o bem-estar social.<\/p>\n\n\n\n<p>\u2022 A moderniza\u00e7\u00e3o regulamentar na \u00c1sia est\u00e1 actualmente a ser realizada, aumentando a inova\u00e7\u00e3o e a concorr\u00eancia.<\/p>\n\n\n\n<h2 class=\"wp-block-heading\">Principais Mercados<\/h2>\n\n\n\n<figure class=\"gb-block-image gb-block-image-a402cb54\"><img loading=\"lazy\" decoding=\"async\" width=\"1456\" height=\"816\" class=\"gb-image gb-image-a402cb54\" src=\"https:\/\/www.sisinternational.com\/wp-content\/uploads\/2025\/10\/Asia-Financial-Services-1.jpg\" alt=\"Pesquisa e Estrat\u00e9gia de Mercado Internacional da SIS\" title=\"Asia Financial Services (1)\" srcset=\"https:\/\/www.sisinternational.com\/wp-content\/uploads\/2025\/10\/Asia-Financial-Services-1.jpg 1456w, https:\/\/www.sisinternational.com\/wp-content\/uploads\/2025\/10\/Asia-Financial-Services-1-300x168.jpg 300w, https:\/\/www.sisinternational.com\/wp-content\/uploads\/2025\/10\/Asia-Financial-Services-1-1024x574.jpg 1024w, https:\/\/www.sisinternational.com\/wp-content\/uploads\/2025\/10\/Asia-Financial-Services-1-768x430.jpg 768w, https:\/\/www.sisinternational.com\/wp-content\/uploads\/2025\/10\/Asia-Financial-Services-1-18x10.jpg 18w\" sizes=\"auto, (max-width: 1456px) 100vw, 1456px\"><\/figure>\n\n\n\n<p><\/p>\n\n\n\n<p>O mercado asi\u00e1tico de servi\u00e7os financeiros oferece in\u00fameras perspectivas expansivas para organiza\u00e7\u00f5es financeiras e fintech. Atualmente, alguns dos mercados financeiros que mais crescem incluem:<\/p>\n\n\n\n<p><strong>\u2022China:<\/strong> China&#8217;s financial services market is the most formidable in Asia, reflecting its rapidly expanding economy and growing demand for financial services.&nbsp;<\/p>\n\n\n\n<p><strong>\u2022 Jap\u00e3o:<\/strong> Japan&#8217;s financial services industry is one of the most advanced in Asia, emphasizing asset management, insurance, and banking.&nbsp;<\/p>\n\n\n\n<p><strong>\u2022 \u00cdndia:<\/strong> A ind\u00fastria de servi\u00e7os financeiros da \u00cdndia est\u00e1 a registar um crescimento exponencial, impulsionado pelo crescimento significativo da popula\u00e7\u00e3o e pelo aumento da procura de servi\u00e7os financeiros.<\/p>\n\n\n\n<p><strong>\u2022 Sudeste da \u00c1sia<\/strong>: Os mercados de servi\u00e7os financeiros em todo o Sudeste Asi\u00e1tico t\u00eam vindo a expandir-se rapidamente, guiados por uma popula\u00e7\u00e3o adepta da tecnologia e por uma classe m\u00e9dia em expans\u00e3o. O setor financeiro da regi\u00e3o \u00e9 liderado por grandes institui\u00e7\u00f5es banc\u00e1rias e apoiado pela presen\u00e7a de participantes emergentes em fintech. A Indon\u00e9sia, a Mal\u00e1sia, as Filipinas, Singapura, a Tail\u00e2ndia e o Vietname est\u00e3o todos a contribuir para este fen\u00f3meno.<\/p>\n\n\n\n<h2 class=\"wp-block-heading\"><strong>Resultados esperados da pesquisa de mercado de servi\u00e7os financeiros da \u00c1sia<\/strong><\/h2>\n\n\n\n<p><span style=\"font-weight: 400;\">When engaging in Asia <a href=\"https:\/\/www.sisinternational.com\/pt\/solucoes\/pesquisa-de-consultoria-em-estrategia-fintech\/pesquisa-de-mercado-da-industria-de-servicos-financeiros\/\" title=\"Pesquisa de mercado da ind\u00fastria de servi\u00e7os financeiros\" data-wpil-monitor-id=\"4549\">pesquisa de mercado de servi\u00e7os financeiros<\/a>, there are specific insights and outcomes that businesses can anticipate as this research is tailored to provide a deep understanding of the Asian financial market&#8217;s unique characteristics and opportunities.&nbsp;<\/span><\/p>\n\n\n\n<p><b>An\u00e1lise detalhada do comportamento do consumidor<\/b><span style=\"font-weight: 400;\">: <\/span><span style=\"font-weight: 400;\">Esta pesquisa fornece insights aprofundados sobre os comportamentos, prefer\u00eancias e atitudes dos consumidores em rela\u00e7\u00e3o a produtos e servi\u00e7os financeiros em diferentes mercados asi\u00e1ticos.<\/span><\/p>\n\n\n\n<p><b>Avalia\u00e7\u00e3o Ambiental Regulat\u00f3ria<\/b><span style=\"font-weight: 400;\">: <\/span><span style=\"font-weight: 400;\">A critical component is evaluating the regulatory environment in various Asian countries. This includes understanding regulatory challenges, compliance requirements, and potential impacts on business operations.<\/span><\/p>\n\n\n\n<p><b>Identifica\u00e7\u00e3o de oportunidades de crescimento<\/b>: Asia financial <a href=\"https:\/\/www.sisinternational.com\/pt\/pericia\/industrias\/pesquisa-de-mercado-de-servicos-ambientais\/\" title=\"Pesquisa de mercado de servi\u00e7os ambientais\" data-wpil-monitor-id=\"4838\">services market research<\/a> highlights specific areas of growth and opportunity within the Asian financial services sector such as emerging market segments, untapped consumer bases, or innovative product offerings.<\/span><\/p>\n\n\n\n<p><b>Tend\u00eancias de transforma\u00e7\u00e3o digital<\/b><span style=\"font-weight: 400;\">: <\/span><span style=\"font-weight: 400;\">Dada a lideran\u00e7a da \u00c1sia em servi\u00e7os financeiros digitais, a investiga\u00e7\u00e3o abrange as tend\u00eancias actuais na banca digital, inova\u00e7\u00f5es em fintech e adop\u00e7\u00e3o de tecnologia no sector financeiro.<\/span><\/p>\n\n\n\n<p><b>Recomenda\u00e7\u00f5es Estrat\u00e9gicas Personalizadas<\/b><span style=\"font-weight: 400;\">: <\/span><span style=\"font-weight: 400;\">Com base nos resultados da pesquisa, as empresas recebem recomenda\u00e7\u00f5es personalizadas adaptadas para navegar e capitalizar no mercado asi\u00e1tico de servi\u00e7os financeiros.<\/span><\/p>\n\n\n\n<h2 class=\"wp-block-heading\"><strong>Leading Players in the Asia Financial Services Market<\/strong><\/h2>\n\n\n\n<p><span style=\"font-weight: 400;\">No mercado de servi\u00e7os financeiros da \u00c1sia, uma gama diversificada de intervenientes contribui para a vitalidade e a competitividade do sector \u2013 e compreender estes intervenientes-chave \u00e9 crucial para quem procura navegar eficazmente neste mercado.&nbsp;<\/span><\/p>\n\n\n\n<p><b><strong>- <\/strong>Principais bancos e institui\u00e7\u00f5es financeiras<\/b><span style=\"font-weight: 400;\">: Prominent banks such as HSBC and DBS Bank are pivotal in shaping the financial landscape. These institutions often lead in market share, innovation, and service offerings.<\/span><\/p>\n\n\n\n<p><b><strong>- <\/strong>Empresas Fintech<\/b><span style=\"font-weight: 400;\">: O mercado asi\u00e1tico tem visto um aumento no n\u00famero de players de fintech, com empresas como Ant Financial e Paytm revolucionando pagamentos digitais, empr\u00e9stimos e finan\u00e7as pessoais.<\/span><\/p>\n\n\n\n<p><b><strong>- <\/strong>Seguradoras<\/b><span style=\"font-weight: 400;\">: Significant insurance providers, including AIA Group and China Life Insurance, play a key role in the financial ecosystem and offer a range of insurance products and services.<\/span><\/p>\n\n\n\n<p><b><strong>- <\/strong>\u00d3rg\u00e3os Reguladores<\/b><span style=\"font-weight: 400;\">: Autoridades reguladoras como a Autoridade Monet\u00e1ria de Singapura (MAS), o Banco Popular da China (PBOC) e o Conselho de Valores Mobili\u00e1rios da \u00cdndia (SEBI) s\u00e3o cruciais para estabelecer normas e directrizes regulamentares no sector financeiro.<\/span><\/p>\n\n\n\n<p><b><strong>- <\/strong>Corpora\u00e7\u00f5es multinacionais<\/b>: Corpora\u00e7\u00f5es financeiras globais como JPMorgan Chase, Citibank e Goldman Sachs tamb\u00e9m t\u00eam uma forte presen\u00e7a na \u00c1sia, contribuindo para a din\u00e2mica financeira da regi\u00e3o.<\/p>\n\n\n\n<h2 class=\"wp-block-heading\">Oportunidades e desafios na pesquisa de mercado de servi\u00e7os financeiros da \u00c1sia<\/h2>\n\n\n\n<figure class=\"gb-block-image gb-block-image-4249b8a9\"><img loading=\"lazy\" decoding=\"async\" width=\"1456\" height=\"816\" class=\"gb-image gb-image-4249b8a9\" src=\"https:\/\/www.sisinternational.com\/wp-content\/uploads\/2025\/10\/Asia-Financial-Services-2.jpg\" alt=\"Pesquisa e Estrat\u00e9gia de Mercado Internacional da SIS\" title=\"Asia Financial Services (2)\" srcset=\"https:\/\/www.sisinternational.com\/wp-content\/uploads\/2025\/10\/Asia-Financial-Services-2.jpg 1456w, https:\/\/www.sisinternational.com\/wp-content\/uploads\/2025\/10\/Asia-Financial-Services-2-300x168.jpg 300w, https:\/\/www.sisinternational.com\/wp-content\/uploads\/2025\/10\/Asia-Financial-Services-2-1024x574.jpg 1024w, https:\/\/www.sisinternational.com\/wp-content\/uploads\/2025\/10\/Asia-Financial-Services-2-768x430.jpg 768w, https:\/\/www.sisinternational.com\/wp-content\/uploads\/2025\/10\/Asia-Financial-Services-2-18x10.jpg 18w\" sizes=\"auto, (max-width: 1456px) 100vw, 1456px\"><\/figure>\n\n\n\n<p><\/p>\n\n\n\n<p>The Asia financial <a href=\"https:\/\/www.sisinternational.com\/pt\/pericia\/industrias\/pesquisa-de-mercado-de-servicos-de-comunicacao\/\" title=\"Pesquisa de mercado de servi\u00e7os de comunica\u00e7\u00e3o\" data-wpil-monitor-id=\"5694\">services market research<\/a> presents both challenges and opportunities, including:<\/p>\n\n\n\n<h3 class=\"wp-block-heading\">Oportunidades<\/h3>\n\n\n\n<p>\u2022 \u00c0 medida que as economias asi\u00e1ticas se expandem, a necessidade de servi\u00e7os financeiros, tais como servi\u00e7os banc\u00e1rios, seguros e oportunidades de investimento, torna-se cada vez mais pronunciada.<\/p>\n\n\n\n<p>\u2022 A prolifera\u00e7\u00e3o de servi\u00e7os financeiros digitais oferece oportunidades lucrativas para as empresas fintech fornecerem solu\u00e7\u00f5es avan\u00e7adas e satisfazerem as necessidades dos clientes.<\/p>\n\n\n\n<p>\u2022 O aumento da procura de financiamento sustent\u00e1vel e de investimento de impacto apresenta uma oportunidade \u00fanica para as empresas criarem produtos que satisfa\u00e7am os objectivos \u00e9ticos dos clientes, ao mesmo tempo que t\u00eam em conta os requisitos ambientais e sociais.<\/p>\n\n\n\n<p>\u2022 Partnering and joining forces can provide a unique opportunity to spur progress and widen access to financial services for people in underserved areas. Forging ties between traditional financial establishments and fintech firms in Asia can boost profits while boosting corporate social responsibility.<\/p>\n\n\n\n<h3 class=\"wp-block-heading\">Desafios<\/h3>\n\n\n\n<p>\u2022 Introducing financial services to unbanked communities has proven to be a complex challenge. Thus, it is essential to address the needs of these population segments to ensure that all have access to the resources they need.<\/p>\n\n\n\n<p>\u2022 A implementa\u00e7\u00e3o de servi\u00e7os financeiros digitais envolve riscos emergentes e requer uma gest\u00e3o ativa, especialmente no que diz respeito \u00e0 ciberseguran\u00e7a.<\/p>\n\n\n\n<p>\u2022 Navigating the Asia <a href=\"https:\/\/www.sisinternational.com\/pt\/financial-services-consulting\/robotic-process-automation-in-financial-services\/\" title=\"Robotic Process Automation in Financial Services\" data-wpil-monitor-id=\"1067\">financial services market can be a complex process<\/a>, requiring companies to be aware of the various regulatory frameworks in place. However, understanding these regulations is essential for companies seeking to enter or expand their presence in the region.<\/p>\n\n\n\n<h2 class=\"wp-block-heading\">Perspectivas futuras para a pesquisa de mercado de servi\u00e7os financeiros da \u00c1sia<\/h2>\n\n\n\n<figure class=\"gb-block-image gb-block-image-997aee28\"><img loading=\"lazy\" decoding=\"async\" width=\"1456\" height=\"816\" class=\"gb-image gb-image-997aee28\" src=\"https:\/\/www.sisinternational.com\/wp-content\/uploads\/2025\/10\/Asia-Financial-Services-4.jpg\" alt=\"Pesquisa e Estrat\u00e9gia de Mercado Internacional da SIS\" title=\"Asia Financial Services (4)\" srcset=\"https:\/\/www.sisinternational.com\/wp-content\/uploads\/2025\/10\/Asia-Financial-Services-4.jpg 1456w, https:\/\/www.sisinternational.com\/wp-content\/uploads\/2025\/10\/Asia-Financial-Services-4-300x168.jpg 300w, https:\/\/www.sisinternational.com\/wp-content\/uploads\/2025\/10\/Asia-Financial-Services-4-1024x574.jpg 1024w, https:\/\/www.sisinternational.com\/wp-content\/uploads\/2025\/10\/Asia-Financial-Services-4-768x430.jpg 768w, https:\/\/www.sisinternational.com\/wp-content\/uploads\/2025\/10\/Asia-Financial-Services-4-18x10.jpg 18w\" sizes=\"auto, (max-width: 1456px) 100vw, 1456px\"><\/figure>\n\n\n\n<p><\/p>\n\n\n\n<p>The emergence of several financial trends and innovations is driving the sector&#8217;s growth and development. Consequently, <a href=\"https:\/\/www.sisinternational.com\/pt\/pesquisa-de-mercado-nas-cidades-de-segundo-nivel-da-china\/\" title=\"Pesquisa de mercado nas cidades de segundo n\u00edvel da China\" data-wpil-monitor-id=\"7628\">Asia financial services market research<\/a> is expected to increase in the next few years. Mainly, some of the most important trends impacting the Asian financial markets are:<\/p>\n\n\n\n<p>\u2022 The rapid growth of digital transformation. The financial services landscape in <a href=\"https:\/\/www.sisinternational.com\/pt\/financial-services-consulting\/financial-services-customer-satisfaction\/\" title=\"Financial Services Customer Satisfaction\" data-wpil-monitor-id=\"7497\">\u00c1sia<\/a> will continue to shift to meet customer demands, and fintech organizations are playing a crucial role in providing cutting-edge solutions to Asian consumers.<\/p>\n\n\n\n<p>\u2022 The financial services industry will remain dedicated to providing increased access to financial services for underserved populations through new technologies and strategic collaborations.&nbsp;<\/p>\n\n\n\n<p>\u2022 The increasing interest in sustainability and impact investing is forecasted to prevail. Organizations are expected to provide services that meet customers&#8217; ideals and satisfy ecological and societal requirements.<\/p>\n\n\n\n<p>\u2022 As further regulatory reforms are implemented, financial systems in Asia will modernize. This will stimulate innovation and healthy competition while protecting consumer rights and preserving the integrity of the financial sector.<\/p>\n\n\n\n<h2 class=\"wp-block-heading\">Localiza\u00e7\u00e3o de nossas instala\u00e7\u00f5es em Nova York<\/h2>\n\n\n\n<p>  <iframe loading=\"lazy\" src=\"https:\/\/www.google.com\/maps\/embed?pb=!1m18!1m12!1m3!1d3022.976188376966!2d-73.99130312499956!3d40.740549471389315!2m3!1f0!2f0!3f0!3m2!1i1024!2i768!4f13.1!3m3!1m2!1s0x89c259a15798c731%3A0xd695d09bdd495f25!2s11%20E%2022nd%20St%20FL%202%2C%20New%20York%2C%20NY%2010010%2C%20USA!5e0!3m2!1sen!2spe!4v1726171763526!5m2!1sen!2spe\" width=\"600\" height=\"450\" allowfullscreen=\"allowfullscreen\" data-mce-fragment=\"1\"><\/iframe>  <\/p>\n\n\n\n<h3 class=\"wp-block-heading\">11 E 22nd Street, 2\u00ba andar, Nova York, NY 10010 T: +1(212) 505-6805<\/h3>\n\n\n\n<hr class=\"wp-block-separator has-alpha-channel-opacity\"\/>\n\n\n\n<h2 class=\"wp-block-heading\"><strong>Sobre SIS Internacional<\/strong><\/h2>\n\n\n\n<p><a href=\"https:\/\/www.sisinternational.com\/pt\/\"><span style=\"font-weight: 400;\">SIS Internacional<\/span><\/a><span style=\"font-weight: 400;\"> oferece pesquisa quantitativa, qualitativa e estrat\u00e9gica. Fornecemos dados, ferramentas, estrat\u00e9gias, relat\u00f3rios e insights para a tomada de decis\u00f5es. Tamb\u00e9m realizamos entrevistas, pesquisas, grupos focais e outros m\u00e9todos e abordagens de Pesquisa de Mercado.<\/span><a href=\"https:\/\/www.sisinternational.com\/pt\/sobre-a-sis-international-research\/contact-sis-international-market-research\/\"><span style=\"font-weight: 400;\"> Entre em contato conosco<\/span><\/a><span style=\"font-weight: 400;\"> para o seu pr\u00f3ximo projeto de pesquisa de mercado.<\/span><\/p>\n\n\n\n<p><span style=\"font-weight: 400;\">&nbsp;<\/span><\/p>\n\n\n\n<p><\/p>\n\n\n\n<p><\/p>","protected":false},"excerpt":{"rendered":"<p>Os servi\u00e7os financeiros asi\u00e1ticos s\u00e3o um campo din\u00e2mico e em crescimento que abrange muitos setores como banc\u00e1rio, seguros, gest\u00e3o de ativos e fintech.<\/p>","protected":false},"author":1,"featured_media":71809,"parent":27462,"menu_order":43,"comment_status":"closed","ping_status":"closed","template":"","meta":{"footnotes":""},"class_list":["post-41732","page","type-page","status-publish","has-post-thumbnail"],"_links":{"self":[{"href":"https:\/\/www.sisinternational.com\/pt\/wp-json\/wp\/v2\/pages\/41732","targetHints":{"allow":["GET"]}}],"collection":[{"href":"https:\/\/www.sisinternational.com\/pt\/wp-json\/wp\/v2\/pages"}],"about":[{"href":"https:\/\/www.sisinternational.com\/pt\/wp-json\/wp\/v2\/types\/page"}],"author":[{"embeddable":true,"href":"https:\/\/www.sisinternational.com\/pt\/wp-json\/wp\/v2\/users\/1"}],"replies":[{"embeddable":true,"href":"https:\/\/www.sisinternational.com\/pt\/wp-json\/wp\/v2\/comments?post=41732"}],"version-history":[{"count":22,"href":"https:\/\/www.sisinternational.com\/pt\/wp-json\/wp\/v2\/pages\/41732\/revisions"}],"predecessor-version":[{"id":81251,"href":"https:\/\/www.sisinternational.com\/pt\/wp-json\/wp\/v2\/pages\/41732\/revisions\/81251"}],"up":[{"embeddable":true,"href":"https:\/\/www.sisinternational.com\/pt\/wp-json\/wp\/v2\/pages\/27462"}],"wp:featuredmedia":[{"embeddable":true,"href":"https:\/\/www.sisinternational.com\/pt\/wp-json\/wp\/v2\/media\/71809"}],"wp:attachment":[{"href":"https:\/\/www.sisinternational.com\/pt\/wp-json\/wp\/v2\/media?parent=41732"}],"curies":[{"name":"wp","href":"https:\/\/api.w.org\/{rel}","templated":true}]}}