{"id":41714,"date":"2023-03-14T17:27:24","date_gmt":"2023-03-14T21:27:24","guid":{"rendered":"https:\/\/www.sisinternational.com\/?page_id=41714"},"modified":"2026-01-24T21:21:40","modified_gmt":"2026-01-25T02:21:40","slug":"pesquisa-de-mercado-de-materiais-interiores-avancados","status":"publish","type":"page","link":"https:\/\/www.sisinternational.com\/pt\/pericia\/pesquisa-de-mercado-de-materiais-interiores-avancados\/","title":{"rendered":"Pesquisa avan\u00e7ada de mercado de materiais interiores"},"content":{"rendered":"<h1 class=\"wp-block-heading\">Pesquisa avan\u00e7ada de mercado de materiais interiores<\/h1>\n\n\n\n<figure class=\"gb-block-image gb-block-image-00843c19\"><img loading=\"lazy\" decoding=\"async\" width=\"1456\" height=\"816\" class=\"gb-image gb-image-00843c19\" src=\"https:\/\/www.sisinternational.com\/wp-content\/uploads\/2025\/08\/Interior-design-8.jpg\" alt=\"Pesquisa e Estrat\u00e9gia de Mercado Internacional da SIS\" title=\"Interior design (8)\" srcset=\"https:\/\/www.sisinternational.com\/wp-content\/uploads\/2025\/08\/Interior-design-8.jpg 1456w, https:\/\/www.sisinternational.com\/wp-content\/uploads\/2025\/08\/Interior-design-8-300x168.jpg 300w, https:\/\/www.sisinternational.com\/wp-content\/uploads\/2025\/08\/Interior-design-8-1024x574.jpg 1024w, https:\/\/www.sisinternational.com\/wp-content\/uploads\/2025\/08\/Interior-design-8-768x430.jpg 768w, https:\/\/www.sisinternational.com\/wp-content\/uploads\/2025\/08\/Interior-design-8-18x10.jpg 18w\" sizes=\"auto, (max-width: 1456px) 100vw, 1456px\"><\/figure>\n\n\n\n<p><\/p>\n\n\n\n<hr class=\"wp-block-separator has-alpha-channel-opacity is-style-dots\"\/>\n\n\n\n<p>Advanced interior materials are materials designed to enhance interior spaces. They enhance these spaces\u2019 aesthetics, comfort, functionality, and sustainability. These materials are often high-performance. They can offer superior performance compared to traditional materials.<\/p>\n\n\n\n<p><\/p>\n\n\n\n<div class=\"wp-block-columns has-global-color-9-color has-text-color has-background has-link-color wp-elements-cba6dd583528ca50e4f7446ead6dfcac is-layout-flex wp-container-core-columns-is-layout-9d6595d7 wp-block-columns-is-layout-flex\" style=\"background-color:#f7f9fa6e\">\n<div class=\"wp-block-column is-layout-flow wp-block-column-is-layout-flow\" style=\"flex-basis:18%\"><\/div>\n\n\n\n<div class=\"wp-block-column is-vertically-aligned-center is-layout-flow wp-block-column-is-layout-flow\" style=\"flex-basis:71.28%\">\n<div class=\"wp-block-rank-math-toc-block aligncenter has-global-color-9-color has-text-color has-link-color wp-elements-dabb9a66ff19f133ad196b97184f6011\" style=\"font-size:16px\" id=\"rank-math-toc\"><h2><br><strong>T<\/strong>able of Contents<\/h2><nav><ul><li class=\"\"><a href=\"#here-are-some-examples-of-advanced-interior-materials\">Aqui est\u00e3o alguns exemplos de materiais interiores avan\u00e7ados:<\/a><\/li><li class=\"\"><a href=\"#why-are-advanced-interior-materials-important\">Por que os materiais interiores avan\u00e7ados s\u00e3o importantes?<\/a><\/li><li class=\"\"><a href=\"#key-job-titles\">Principais cargos<\/a><\/li><li class=\"\"><a href=\"#\">\u00a0<\/a><\/li><li class=\"\"><a href=\"#key-success-factors\">Principais fatores de sucesso<\/a><\/li><li class=\"\"><a href=\"#sis-international-will-make-the-difference\">SIS Internacional far\u00e1 a diferen\u00e7a<\/a><\/li><\/ul><\/nav><\/div>\n<\/div>\n<\/div>\n\n\n\n<p><\/p>\n\n\n\n<h2 class=\"wp-block-heading\" id=\"here-are-some-examples-of-advanced-interior-materials\">Aqui est\u00e3o alguns exemplos de materiais interiores avan\u00e7ados:<\/h2>\n\n\n\n<p><strong>1. Smart glass<\/strong> \u2013 This type of glass can switch from transparent to opaque. It provides privacy and light control.<br><strong>2. Carbon fiber <\/strong>\u2013 Furniture manufacturers use this lightweight and robust material. Interior decorators also use it to create wall panels and other decorative elements.<br><strong>3. Bio-based materials <\/strong>\u2013 These are materials made from renewable sources, such as bamboo. These materials don\u2019t harm the environment and can improve indoor air quality.<br><strong>4. Acoustic panels <\/strong>\u2013 These panels reduce noise and improve sound quality in a space. The materials used to make them include fabric, foam, and wood.<br><strong>5. LED lighting \u2013<\/strong> LED lights are energy-efficient and long-lasting. End users can create dynamic and customizable lighting effects with them.<br><strong>6. High-performance textiles<\/strong> \u2013 These fabrics offer durability, stain resistance, and fire-retardant properties. Thus, they are suitable for use in high-traffic areas.<\/p>\n\n\n\n<p>Materiais interiores avan\u00e7ados podem ajudar a criar espa\u00e7os interiores mais confort\u00e1veis, sustent\u00e1veis e funcionais.<\/p>\n\n\n\n<h2 class=\"wp-block-heading\" id=\"why-are-advanced-interior-materials-important\">Por que os materiais interiores avan\u00e7ados s\u00e3o importantes?<\/h2>\n\n\n\n<p>Materiais interiores avan\u00e7ados s\u00e3o essenciais por v\u00e1rios motivos. A primeira \u00e9 a est\u00e9tica. Esses materiais oferecem uma ampla gama de op\u00e7\u00f5es de design. Al\u00e9m disso, permitem que arquitetos e designers criem espa\u00e7os \u00fanicos e com apelo visual.<\/p>\n\n\n\n<p>Muitos materiais interiores avan\u00e7ados aumentam o conforto. Pelo menos eles fornecem melhor isolamento, isolamento ac\u00fastico e controle de qualidade do ar.<\/p>\n\n\n\n<p>Advanced interior materials can further enhance a space&#8217;s functionality. They can offer features such as easy maintenance, durability, and flexibility.<\/p>\n\n\n\n<p>Advanced interior materials can be eco-friendly and sustainable. Thus, they reduce environmental impact and improve occupant health.<\/p>\n\n\n\n<p>Outra grande vantagem dos materiais interiores avan\u00e7ados \u00e9 que eles melhoram a qualidade do ar interior. Assim, reduzem o risco de problemas respirat\u00f3rios e outros problemas de sa\u00fade.<\/p>\n\n\n\n<p>Os materiais interiores avan\u00e7ados costumam ser de alto desempenho, oferecendo funcionalidade superior aos materiais tradicionais. Por exemplo, o vidro inteligente pode fornecer privacidade e controle de luz. Da mesma forma, os pain\u00e9is ac\u00fasticos podem melhorar a qualidade do som num espa\u00e7o.<\/p>\n\n\n\n<p>Materiais interiores avan\u00e7ados s\u00e3o essenciais porque ajudam a criar espa\u00e7os com apelo visual. Eles tamb\u00e9m tornam os quartos confort\u00e1veis, funcionais, sustent\u00e1veis e saud\u00e1veis.<\/p>\n\n\n\n<h2 class=\"wp-block-heading\" id=\"key-job-titles\">Principais cargos<\/h2>\n\n\n\n<figure class=\"gb-block-image gb-block-image-4faa19f3\"><img loading=\"lazy\" decoding=\"async\" width=\"1456\" height=\"816\" class=\"gb-image gb-image-4faa19f3\" src=\"https:\/\/www.sisinternational.com\/wp-content\/uploads\/2025\/08\/Interior-design-2.jpg\" alt=\"Pesquisa e Estrat\u00e9gia de Mercado Internacional da SIS\" title=\"Interior design (2)\" srcset=\"https:\/\/www.sisinternational.com\/wp-content\/uploads\/2025\/08\/Interior-design-2.jpg 1456w, https:\/\/www.sisinternational.com\/wp-content\/uploads\/2025\/08\/Interior-design-2-300x168.jpg 300w, https:\/\/www.sisinternational.com\/wp-content\/uploads\/2025\/08\/Interior-design-2-1024x574.jpg 1024w, https:\/\/www.sisinternational.com\/wp-content\/uploads\/2025\/08\/Interior-design-2-768x430.jpg 768w, https:\/\/www.sisinternational.com\/wp-content\/uploads\/2025\/08\/Interior-design-2-18x10.jpg 18w\" sizes=\"auto, (max-width: 1456px) 100vw, 1456px\"><\/figure>\n\n\n\n<h2 class=\"wp-block-heading\">&nbsp;<\/h2>\n\n\n\n<h3 class=\"wp-block-heading\">Aqui est\u00e3o alguns cargos importantes na \u00e1rea de materiais avan\u00e7ados para interiores:<\/h3>\n\n\n\n<ul class=\"wp-block-list\">\n<li>Engenheiro de Materiais<\/li>\n\n\n\n<li>Cientista de Materiais<\/li>\n\n\n\n<li>Gerente de Desenvolvimento de Produto<\/li>\n\n\n\n<li>Especialista em Pesquisa e Desenvolvimento<\/li>\n\n\n\n<li>Representante T\u00e9cnico de Vendas<\/li>\n\n\n\n<li>Consultor de Sustentabilidade<\/li>\n\n\n\n<li>Especialista em Garantia de Qualidade<\/li>\n\n\n\n<li>Gestor de projeto<\/li>\n\n\n\n<li>Designer de interiores especializado em materiais<\/li>\n\n\n\n<li>Arquiteto especializado em materiais<\/li>\n\n\n\n<li>Especialista em Compras<\/li>\n\n\n\n<li>Gerente de Produ\u00e7\u00e3o<\/li>\n\n\n\n<li>Engenheiro de Manufatura<\/li>\n\n\n\n<li>Gerente de Opera\u00e7\u00f5es<\/li>\n\n\n\n<li>Gerente de Desenvolvimento de Neg\u00f3cios<\/li>\n<\/ul>\n\n\n\n<p>Esses cargos existem em empresas que desenvolvem e fabricam materiais avan\u00e7ados para interiores. Al\u00e9m disso, essas fun\u00e7\u00f5es podem envolver pesquisa e desenvolvimento, design e desenvolvimento de produtos. Outras fun\u00e7\u00f5es incluem produ\u00e7\u00e3o, garantia de qualidade, sustentabilidade e vendas e marketing.<\/p>\n\n\n\n<h2 class=\"wp-block-heading\" id=\"key-success-factors\">Principais fatores de sucesso<\/h2>\n\n\n\n<figure class=\"gb-block-image gb-block-image-4b5dd7d2\"><img loading=\"lazy\" decoding=\"async\" width=\"1456\" height=\"816\" class=\"gb-image gb-image-4b5dd7d2\" src=\"https:\/\/www.sisinternational.com\/wp-content\/uploads\/2025\/08\/Interior-design-8.jpg\" alt=\"Pesquisa e Estrat\u00e9gia de Mercado Internacional da SIS\" title=\"Interior design (8)\" srcset=\"https:\/\/www.sisinternational.com\/wp-content\/uploads\/2025\/08\/Interior-design-8.jpg 1456w, https:\/\/www.sisinternational.com\/wp-content\/uploads\/2025\/08\/Interior-design-8-300x168.jpg 300w, https:\/\/www.sisinternational.com\/wp-content\/uploads\/2025\/08\/Interior-design-8-1024x574.jpg 1024w, https:\/\/www.sisinternational.com\/wp-content\/uploads\/2025\/08\/Interior-design-8-768x430.jpg 768w, https:\/\/www.sisinternational.com\/wp-content\/uploads\/2025\/08\/Interior-design-8-18x10.jpg 18w\" sizes=\"auto, (max-width: 1456px) 100vw, 1456px\"><\/figure>\n\n\n\n<p><\/p>\n\n\n\n<h3 class=\"wp-block-heading\">Aqui est\u00e3o alguns fatores-chave de sucesso na \u00e1rea de materiais interiores avan\u00e7ados:<\/h3>\n\n\n\n<p>The first is innovation. Innovation is a crucial success factor in the development of advanced interior materials. Companies must stay current with the latest technologies and trends. They must also continue innovating to develop new and improved products.<\/p>\n\n\n\n<p>A qualidade dos materiais interiores avan\u00e7ados \u00e9 fundamental para o seu sucesso. Os materiais devem atender aos mais altos padr\u00f5es de desempenho, durabilidade e seguran\u00e7a.<\/p>\n\n\n\n<p>O design \u00e9 um fator essencial de sucesso na ind\u00fastria de design de interiores. Al\u00e9m disso, os materiais interiores avan\u00e7ados devem melhorar a est\u00e9tica do edif\u00edcio. Portanto, eles devem ser adequados para uma ampla variedade de estilos de design.<\/p>\n\n\n\n<p>Outro ponto fundamental \u00e9 o excelente atendimento ao cliente, essencial na ind\u00fastria de materiais avan\u00e7ados para interiores. As empresas devem responder \u00e0s necessidades dos clientes. Por exemplo, eles devem fornecer suporte e ajuda durante todo o processo de projeto e instala\u00e7\u00e3o.<\/p>\n\n\n\n<p>Price is an essential factor in the success of advanced interior materials. Materials must have competitive prices. Companies must also deliver value for money in terms of quality, durability, and functionality.<\/p>\n\n\n\n<p>Companies must produce high-quality Advanced Interior Materials to be successful in this industry. These materials must be innovative, sustainable, well-designed, functional, and competitively priced. Companies must also provide excellent customer service.<\/p>\n\n\n\n<p><\/p>\n\n\n\n<!DOCTYPE html>\n<html lang=\"en\">\n<head>\n    <meta charset=\"UTF-8\">\n    <meta name=\"viewport\" content=\"width=device-width, initial-scale=1.0\">\n    <title>AI Blog Banner<\/title>\n    <style>\n        * {\n            margin: 0;\n            padding: 0;\n            box-sizing: border-box;\n        }\n\n        .banner {\n            position: relative;\n            width: 100%;\n            height: 350px;\n            overflow: hidden;\n            display: flex;\n            align-items: center;\n            justify-content: center;\n            font-family: 'Arial', sans-serif;\n            border-radius: 25px;\n        }\n\n        .animated-background {\n            position: absolute;\n            top: 0;\n            left: 0;\n            width: 100%;\n            height: 100%;\n            background: linear-gradient(45deg, #003f6b, #2d5a7b, #003f6b, #2d5a7b);\n            background-size: 400% 400%;\n            animation: gradientMove 8s ease-in-out infinite;\n        }\n\n        .ai-pattern {\n            position: absolute;\n            top: 0;\n            left: 0;\n            width: 100%;\n            height: 100%;\n            opacity: 0.1;\n            background-image: \n                radial-gradient(circle at 20% 20%, rgba(255,255,255,0.3) 2px, transparent 2px),\n                radial-gradient(circle at 80% 80%, rgba(255,255,255,0.2) 1px, transparent 1px),\n                radial-gradient(circle at 40% 60%, rgba(255,255,255,0.15) 1.5px, transparent 1.5px),\n                radial-gradient(circle at 60% 20%, rgba(255,255,255,0.25) 1px, transparent 1px),\n                radial-gradient(circle at 80% 40%, rgba(255,255,255,0.2) 2px, transparent 2px);\n            background-size: 100px 100px, 150px 150px, 80px 80px, 120px 120px, 90px 90px;\n            animation: patternFloat 12s linear infinite;\n        }\n\n        .neural-network {\n            position: absolute;\n            top: 0;\n            left: 0;\n            width: 100%;\n            height: 100%;\n            opacity: 0.08;\n        }\n\n        .neural-line {\n            position: absolute;\n            height: 1px;\n            background: linear-gradient(90deg, transparent, rgba(255,255,255,0.5), transparent);\n            animation: neuralPulse 6s ease-in-out infinite;\n        }\n\n        .neural-line:nth-child(1) {\n            top: 30%;\n            left: 0;\n            width: 60%;\n            animation-delay: 0s;\n        }\n\n        .neural-line:nth-child(2) {\n            top: 50%;\n            right: 0;\n            width: 70%;\n            animation-delay: 2s;\n        }\n\n        .neural-line:nth-child(3) {\n            top: 70%;\n            left: 20%;\n            width: 50%;\n            animation-delay: 4s;\n        }\n\n        .content {\n            position: relative;\n            z-index: 10;\n            text-align: center;\n            color: white !important;\n            max-width: 800px;\n            padding: 30px;\n        }\n\n        .content * {\n            color: white !important;\n        }\n\n        .cta-text {\n            font-size: 1.9rem;\n            font-weight: 700;\n            margin-bottom: 15px;\n            color: white !important;\n            background: linear-gradient(90deg, rgba(255,255,255,0.6), rgba(255,255,255,1), rgba(230,230,230,1), rgba(255,255,255,1), rgba(240,240,240,0.8), rgba(255,255,255,0.6));\n            background-size: 200% 100%;\n            -webkit-background-clip: text;\n            -webkit-text-fill-color: transparent;\n            background-clip: text;\n            animation: shineEffect 10s ease-in-out infinite;\n            line-height: 1.3;\n        }\n\n        .cta-subheading {\n            font-size: 1rem;\n            font-weight: 400;\n            margin-bottom: 25px;\n            color: white !important;\n            line-height: 1.6;\n            opacity: 0.95;\n        }\n\n        .cta-button {\n            background: linear-gradient(135deg, #8a6b0f, #bd9013, #d4a519);\n            border: 2px solid #8a6b0f;\n            color: white !important;\n            padding: 18px 40px;\n            font-size: 1.2rem;\n            font-weight: 600;\n            border-radius: 50px;\n            cursor: pointer;\n            transition: all 0.3s ease;\n            text-decoration: none;\n            display: inline-block;\n            position: relative;\n            overflow: hidden;\n        }\n\n        .cta-button::before {\n            content: '';\n            position: absolute;\n            top: 0;\n            left: -100%;\n            width: 100%;\n            height: 100%;\n            background: linear-gradient(90deg, \n                transparent 0%, \n                rgba(255, 255, 255, 0.3) 25%,\n                rgba(255, 255, 255, 0.6) 50%,\n                rgba(255, 255, 255, 0.3) 75%,\n                transparent 100%);\n            animation: shine 3s ease-in-out infinite;\n        }\n\n        .cta-button:hover {\n            transform: translateY(-3px);\n            box-shadow: 0 10px 25px rgba(0,0,0,0.2);\n            border-color: #bd9013;\n            background: linear-gradient(135deg, #bd9013, #d4a519, #e6b61f);\n        }\n\n        .floating-elements {\n            position: absolute;\n            top: 0;\n            left: 0;\n            width: 100%;\n            height: 100%;\n            pointer-events: none;\n        }\n\n        .floating-circle {\n            position: absolute;\n            border-radius: 50%;\n            background: rgba(255,255,255,0.1);\n            animation: float 8s ease-in-out infinite;\n        }\n\n        .floating-circle:nth-child(1) {\n            width: 80px;\n            height: 80px;\n            top: 20%;\n            left: 10%;\n            animation-delay: 0s;\n        }\n\n        .floating-circle:nth-child(2) {\n            width: 60px;\n            height: 60px;\n            top: 60%;\n            right: 15%;\n            animation-delay: 3s;\n        }\n\n        .floating-circle:nth-child(3) {\n            width: 40px;\n            height: 40px;\n            top: 80%;\n            left: 80%;\n            animation-delay: 6s;\n        }\n\n        .floating-circle:nth-child(4) {\n            width: 70px;\n            height: 70px;\n            top: 10%;\n            right: 20%;\n            animation-delay: 1.5s;\n        }\n\n        .floating-circle:nth-child(5) {\n            width: 50px;\n            height: 50px;\n            top: 75%;\n            left: 30%;\n            animation-delay: 4.5s;\n        }\n\n        @keyframes gradientMove {\n            0% { background-position: 0% 50%; }\n            25% { background-position: 100% 50%; }\n            50% { background-position: 100% 100%; }\n            75% { background-position: 0% 100%; }\n            100% { background-position: 0% 50%; }\n        }\n\n        @keyframes patternFloat {\n            0% { transform: translateX(0) translateY(0); }\n            33% { transform: translateX(30px) translateY(-20px); }\n            66% { transform: translateX(-20px) translateY(10px); }\n            100% { transform: translateX(0) translateY(0); }\n        }\n\n        @keyframes neuralPulse {\n            0%, 100% { opacity: 0.08; }\n            50% { opacity: 0.2; }\n        }\n\n        @keyframes shineEffect {\n            0% { background-position: 200% 0; }\n            100% { background-position: -200% 0; }\n        }\n\n        @keyframes shine {\n            0% {\n                left: -100%;\n            }\n            20%, 100% {\n                left: 100%;\n            }\n        }\n\n        @keyframes float {\n            0%, 100% { transform: translateY(0px) rotate(0deg); }\n            33% { transform: translateY(-30px) rotate(120deg); }\n            66% { transform: translateY(15px) rotate(240deg); }\n        }\n\n        @media (max-width: 768px) {\n            .banner {\n                height: 320px;\n                padding: 30px 0;\n            }\n            \n            .content {\n                padding: 40px 20px;\n            }\n            \n            .cta-text {\n                font-size: 1.3rem;\n                margin-bottom: 12px;\n            }\n            \n            .cta-subheading {\n                font-size: 0.85rem;\n                margin-bottom: 20px;\n            }\n            \n            .cta-button {\n                padding: 14px 28px;\n                font-size: 0.95rem;\n            }\n        }\n    <\/style>\n<\/head>\n<body>\n    <div class=\"banner\">\n        <div class=\"animated-background\"><\/div>\n        \n        <div class=\"ai-pattern\"><\/div>\n        \n        <div class=\"neural-network\">\n            <div class=\"neural-line\"><\/div>\n            <div class=\"neural-line\"><\/div>\n            <div class=\"neural-line\"><\/div>\n        <\/div>\n        \n        <div class=\"floating-elements\">\n            <div class=\"floating-circle\"><\/div>\n            <div class=\"floating-circle\"><\/div>\n            <div class=\"floating-circle\"><\/div>\n            <div class=\"floating-circle\"><\/div>\n            <div class=\"floating-circle\"><\/div>\n        <\/div>\n        \n        <div class=\"content\">\n            <div class=\"cta-text\">Ready to explore the insights that drive smarter decisions?<\/div>\n            <div class=\"cta-subheading\">Contact our Research experts today.<\/div>\n            <a href=\"mailto:Research@sisinternational.com\" class=\"cta-button\">Contact us now!<\/a>\n        <\/div>\n    <\/div>\n<\/body>\n<\/html>\n\n\n\n<p><\/p>\n\n\n\n<h2 class=\"wp-block-heading\" id=\"sis-international-will-make-the-difference\">SIS Internacional far\u00e1 a diferen\u00e7a<\/h2>\n\n\n\n<p>Are you thinking of conducting <a class=\"wpil_keyword_link\" href=\"https:\/\/www.sisinternational.com\/pt\/solucoes\/solucoes-de-pesquisa-quantitativa-qualitativa\/pesquisa-quantitativa-de-mercado-2\/\"   title=\"Pesquisa quantitativa de mercado\" data-wpil-keyword-link=\"linked\"  data-wpil-monitor-id=\"721\">Pesquisa Quantitativa de Mercado<\/a> for Advanced Interior Materials? You must first understand the competitive landscape. You\u2019ll also need to identify key customer segments. SIS International Research can assist you with Competitive Analysis to spot trends and market drivers. You\u2019ll also need to do <a href=\"https:\/\/www.sisinternational.com\/pt\/pericia\/industrias\/pesquisa-de-mercado-de-condimentos\/\" title=\"Pesquisa de mercado de condimentos\"  data-wpil-monitor-id=\"3346\">Pesquisa de entrada no mercado<\/a>. It will help determine the demand and potential for new products and technologies.<\/p>\n\n\n\n<p>SIS International also does Quantitative <a href=\"https:\/\/www.sisinternational.com\/pt\/pericia\/industrias\/pesquisa-de-mercado-de-pesticidas\/\" title=\"Pesquisa de mercado de pesticidas\"  data-wpil-monitor-id=\"3377\">Pesquisa de mercado<\/a>, UX, Strategy, and Market Entry Research. We can also help you plan your Go to Market Strategy. Contact us now for a consultation!<\/p>\n\n\n<h2>Localiza\u00e7\u00e3o de nossas instala\u00e7\u00f5es em Nova York<\/h2>\n<p><!-- \/wp:post-content --> <!-- wp:html --> <iframe loading=\"lazy\" src=\"https:\/\/www.google.com\/maps\/embed?pb=!1m18!1m12!1m3!1d3022.976188376966!2d-73.99130312499956!3d40.740549471389315!2m3!1f0!2f0!3f0!3m2!1i1024!2i768!4f13.1!3m3!1m2!1s0x89c259a15798c731%3A0xd695d09bdd495f25!2s11%20E%2022nd%20St%20FL%202%2C%20New%20York%2C%20NY%2010010%2C%20USA!5e0!3m2!1sen!2spe!4v1726171763526!5m2!1sen!2spe\" width=\"600\" height=\"450\" allowfullscreen=\"allowfullscreen\" data-mce-fragment=\"1\"><\/iframe> <!-- \/wp:html --> <!-- wp:paragraph --><\/p>\n<h3 class=\"wp-block-heading\">11 E 22nd Street, andar 2, Nova York, NY 10010 T: +1(212) 505-6805<\/h3>\n<hr \/>\n<h2><span style=\"font-weight: 400;\">Sobre SIS Internacional<\/span><\/h2>\n<p><a href=\"https:\/\/www.sisinternational.com\/pt\/\"><span style=\"font-weight: 400;\">SIS Internacional<\/span><\/a><span style=\"font-weight: 400;\"> oferece pesquisa quantitativa, qualitativa e estrat\u00e9gica. Fornecemos dados, ferramentas, estrat\u00e9gias, relat\u00f3rios e insights para a tomada de decis\u00f5es. Tamb\u00e9m realizamos entrevistas, pesquisas, grupos focais e outros m\u00e9todos e abordagens de Pesquisa de Mercado.<\/span><a href=\"https:\/\/www.sisinternational.com\/pt\/sobre-a-sis-international-research\/contact-sis-international-market-research\/\"><span style=\"font-weight: 400;\"> Entre em contato conosco<\/span><\/a><span style=\"font-weight: 400;\"> para o seu pr\u00f3ximo projeto de pesquisa de mercado.<\/span><\/p>\n<p>\u00a0<\/p>\n<p><!-- wp:heading --><\/p>\n<p><!-- \/wp:heading --><\/p>","protected":false},"excerpt":{"rendered":"<p>Materiais interiores avan\u00e7ados melhoram os espa\u00e7os interiores e melhoram a est\u00e9tica, o conforto, a funcionalidade e a sustentabilidade.<\/p>","protected":false},"author":1,"featured_media":63201,"parent":14514,"menu_order":191,"comment_status":"closed","ping_status":"closed","template":"","meta":{"footnotes":""},"class_list":["post-41714","page","type-page","status-publish","has-post-thumbnail"],"_links":{"self":[{"href":"https:\/\/www.sisinternational.com\/pt\/wp-json\/wp\/v2\/pages\/41714","targetHints":{"allow":["GET"]}}],"collection":[{"href":"https:\/\/www.sisinternational.com\/pt\/wp-json\/wp\/v2\/pages"}],"about":[{"href":"https:\/\/www.sisinternational.com\/pt\/wp-json\/wp\/v2\/types\/page"}],"author":[{"embeddable":true,"href":"https:\/\/www.sisinternational.com\/pt\/wp-json\/wp\/v2\/users\/1"}],"replies":[{"embeddable":true,"href":"https:\/\/www.sisinternational.com\/pt\/wp-json\/wp\/v2\/comments?post=41714"}],"version-history":[{"count":15,"href":"https:\/\/www.sisinternational.com\/pt\/wp-json\/wp\/v2\/pages\/41714\/revisions"}],"predecessor-version":[{"id":77619,"href":"https:\/\/www.sisinternational.com\/pt\/wp-json\/wp\/v2\/pages\/41714\/revisions\/77619"}],"up":[{"embeddable":true,"href":"https:\/\/www.sisinternational.com\/pt\/wp-json\/wp\/v2\/pages\/14514"}],"wp:featuredmedia":[{"embeddable":true,"href":"https:\/\/www.sisinternational.com\/pt\/wp-json\/wp\/v2\/media\/63201"}],"wp:attachment":[{"href":"https:\/\/www.sisinternational.com\/pt\/wp-json\/wp\/v2\/media?parent=41714"}],"curies":[{"name":"wp","href":"https:\/\/api.w.org\/{rel}","templated":true}]}}