{"id":41642,"date":"2023-02-15T02:54:47","date_gmt":"2023-02-15T02:54:47","guid":{"rendered":"https:\/\/www.sisinternational.com\/?page_id=41642"},"modified":"2025-10-19T02:01:01","modified_gmt":"2025-10-19T06:01:01","slug":"pesquisa-de-mercado-de-laticinios","status":"publish","type":"page","link":"https:\/\/www.sisinternational.com\/pt\/pericia\/pesquisa-de-mercado-de-laticinios\/","title":{"rendered":"Pesquisa de mercado de latic\u00ednios"},"content":{"rendered":"<h1 class=\"wp-block-heading\">Pesquisa de mercado de latic\u00ednios<\/h1>\n\n\n\n<figure class=\"gb-block-image gb-block-image-cbaa75a2\"><img loading=\"lazy\" decoding=\"async\" width=\"1456\" height=\"816\" class=\"gb-image gb-image-cbaa75a2\" src=\"https:\/\/www.sisinternational.com\/wp-content\/uploads\/2025\/08\/Dariry-milk-4.jpg\" alt=\"Pesquisa e Estrat\u00e9gia de Mercado Internacional da SIS\" title=\"Dariry milk (4)\" srcset=\"https:\/\/www.sisinternational.com\/wp-content\/uploads\/2025\/08\/Dariry-milk-4.jpg 1456w, https:\/\/www.sisinternational.com\/wp-content\/uploads\/2025\/08\/Dariry-milk-4-300x168.jpg 300w, https:\/\/www.sisinternational.com\/wp-content\/uploads\/2025\/08\/Dariry-milk-4-1024x574.jpg 1024w, https:\/\/www.sisinternational.com\/wp-content\/uploads\/2025\/08\/Dariry-milk-4-768x430.jpg 768w, https:\/\/www.sisinternational.com\/wp-content\/uploads\/2025\/08\/Dariry-milk-4-18x10.jpg 18w\" sizes=\"auto, (max-width: 1456px) 100vw, 1456px\"><\/figure>\n\n\n\n<p><\/p>\n\n\n\n<p>A pesquisa de mercado de latic\u00ednios fornece insights sobre v\u00e1rios processos de neg\u00f3cios e setores vitais para a produ\u00e7\u00e3o e distribui\u00e7\u00e3o de latic\u00ednios. A ind\u00fastria de latic\u00ednios tem uma perspectiva otimista de longo prazo. A demanda por op\u00e7\u00f5es de lanches simples e nutritivos para viagem \u00e9 o principal fator que impulsiona as vendas globais de produtos l\u00e1cteos. Os produtos l\u00e1cteos incluem n\u00edveis naturalmente elevados de c\u00e1lcio e s\u00e3o considerados uma op\u00e7\u00e3o de lanche saud\u00e1vel.<\/p>\n\n\n\n<p>A ind\u00fastria de latic\u00ednios \u00e9 segmentada por tipo de produto, canal de distribui\u00e7\u00e3o e regi\u00e3o. A pesquisa do mercado de latic\u00ednios fornece informa\u00e7\u00f5es e previs\u00f5es cruciais sobre o tamanho e valores do mercado para os diversos segmentos inclu\u00eddos na ind\u00fastria.<\/p>\n\n\n\n<h2 class=\"wp-block-heading\">O que \u00e9 latic\u00ednios?<\/h2>\n\n\n\n<p>Os latic\u00ednios abrangem todos os itens diet\u00e9ticos derivados do leite de v\u00e1rios animais. Isso geralmente inclui vacas, cabras e outros animais para as pessoas. Leite, queijo, creme, iogurte e sorvete s\u00e3o produtos l\u00e1cteos populares.<\/p>\n\n\n\n<p>Os produtos l\u00e1cteos s\u00e3o pot\u00eancias nutricionais e os produtores de leite os produzem da maneira mais ecol\u00f3gica poss\u00edvel. A nutri\u00e7\u00e3o sustent\u00e1vel combina o valor nutricional e as vantagens para a sa\u00fade dos alimentos com o seu impacto no ambiente.<\/p>\n\n\n\n<h2 class=\"wp-block-heading\">Principais tend\u00eancias no mercado de latic\u00ednios<\/h2>\n\n\n\n<figure class=\"gb-block-image gb-block-image-d3d042cb\"><img loading=\"lazy\" decoding=\"async\" width=\"1456\" height=\"816\" class=\"gb-image gb-image-d3d042cb\" src=\"https:\/\/www.sisinternational.com\/wp-content\/uploads\/2025\/08\/Dariry-milk-3.jpg\" alt=\"Pesquisa e Estrat\u00e9gia de Mercado Internacional da SIS\" title=\"Dariry milk (3)\" srcset=\"https:\/\/www.sisinternational.com\/wp-content\/uploads\/2025\/08\/Dariry-milk-3.jpg 1456w, https:\/\/www.sisinternational.com\/wp-content\/uploads\/2025\/08\/Dariry-milk-3-300x168.jpg 300w, https:\/\/www.sisinternational.com\/wp-content\/uploads\/2025\/08\/Dariry-milk-3-1024x574.jpg 1024w, https:\/\/www.sisinternational.com\/wp-content\/uploads\/2025\/08\/Dariry-milk-3-768x430.jpg 768w, https:\/\/www.sisinternational.com\/wp-content\/uploads\/2025\/08\/Dariry-milk-3-18x10.jpg 18w\" sizes=\"auto, (max-width: 1456px) 100vw, 1456px\"><\/figure>\n\n\n\n<p>Consumer demand for dairy products has increased due to their nutritious factors. Most dairy products have the ability to maintain healthy bones and teeth, as well as improve heart health and reduce the risk of type 2 diabetes. Another factor is the consumption of dairy products in nations with growing populations and rising per capita income are driving the expansion of the <a href=\"https:\/\/www.sisinternational.com\/pt\/transportadoras-de-baixo-custo-na-industria-da-aviacao\/\" title=\"Pesquisa de mercado de companhias a\u00e9reas de baixo custo\"  data-wpil-monitor-id=\"8621\">global dairy market<\/a>.<\/p>\n\n\n\n<p>Buyers are developing new preferences for dairy <a href=\"https:\/\/www.sisinternational.com\/pt\/solucoes\/teste-de-sabor\/teste-de-sabor-do-produto\/\" title=\"Teste de sabor do produto\"  data-wpil-monitor-id=\"8628\">products and adjusting their tastes<\/a> over time, which is strengthening the future of the industry. Consequently, the dairy sector is evolving to produce dairy products with various flavors and variants. Also, there is a shift in global demand for local products, such as ghee, as more and more individuals get exposed to other cultures.<\/p>\n\n\n\n<p>Dados e estrat\u00e9gias na ind\u00fastria de latic\u00ednios mostram que as tend\u00eancias recentes no neg\u00f3cio de latic\u00ednios indicam uma demanda crescente por produtos l\u00e1cteos especializados. Essa tend\u00eancia \u00e9 provocada por diversas condi\u00e7\u00f5es m\u00e9dicas, obesidade e incid\u00eancia de intoler\u00e2ncia \u00e0 lactose. O tipo de produtos l\u00e1cteos afetados por essas demandas inclui leite desnatado, leite sem lactose, leite probi\u00f3tico e leite em p\u00f3 desnatado.<\/p>\n\n\n\n<p>Os dados e estrat\u00e9gias na ind\u00fastria de lactic\u00ednios mostram que os produtos l\u00e1cteos s\u00e3o utilizados numa vasta gama de ind\u00fastrias, incluindo dieta m\u00e9dica, nutri\u00e7\u00e3o desportiva e f\u00f3rmulas para rec\u00e9m-nascidos. Al\u00e9m do consumo di\u00e1rio, o aumento da procura dos utilizadores finais, tanto por raz\u00f5es pessoais como m\u00e9dicas, \u00e9 significativo na expans\u00e3o do mercado de lactic\u00ednios.<\/p>\n\n\n\n<h2 class=\"wp-block-heading\">An\u00e1lise do mercado de latic\u00ednios<\/h2>\n\n\n\n<p>Mercado <a href=\"https:\/\/www.sisinternational.com\/pt\/publicacoes\/comportamento-do-comprador-apos-coronavirus-novo-consumidor\/\" title=\"Comportamento do comprador ap\u00f3s o coronav\u00edrus \u2013 Pesquisa de mercado de consumo\"  data-wpil-monitor-id=\"8622\">research provides insights into consumer<\/a> and market trends that will enable businesses, executives, and industry players to comprehend what motivates buyers when selecting specific products. The data gathered can also reveal preferences and other factors that can discover more opportunities to increase dairy profitability.<\/p>\n\n\n\n<h3 class=\"wp-block-heading\">Abaixo est\u00e3o alguns dos principais fatores inclu\u00eddos quando se trata de pesquisa de mercado de latic\u00ednios:<\/h3>\n\n\n\n<h2 class=\"wp-block-heading\">Segmenta\u00e7\u00e3o do mercado de latic\u00ednios com base no tipo de produto<\/h2>\n\n\n\n<h3 class=\"wp-block-heading\">Os produtos l\u00e1cteos mais populares incluem, mas n\u00e3o est\u00e3o limitados a:<\/h3>\n\n\n\n<ol class=\"wp-block-list\">\n<li>Gordura anidra do leite (FMA)<\/li>\n\n\n\n<li>Manteiga<\/li>\n\n\n\n<li>Case\u00edna<\/li>\n\n\n\n<li>Queijo<\/li>\n\n\n\n<li>Creme<\/li>\n\n\n\n<li>Leite Fluido\/UHT\/Aromatizado<\/li>\n\n\n\n<li>ghee<\/li>\n\n\n\n<li>Sorvete<\/li>\n\n\n\n<li>Queijo Indiano (Paneer)<\/li>\n\n\n\n<li>Lactose<\/li>\n\n\n\n<li>Produtos l\u00e1cteos probi\u00f3ticos<\/li>\n\n\n\n<li>Leite em p\u00f3 desnatado\/leite em p\u00f3 desnatado<\/li>\n\n\n\n<li>Whey Protein (P\u00f3 e Concentrado)<\/li>\n\n\n\n<li>Leite em p\u00f3 integral<\/li>\n\n\n\n<li>Iogurte<\/li>\n<\/ol>\n\n\n\n<h2 class=\"wp-block-heading\">Demandas de produtos que afetam a participa\u00e7\u00e3o no mercado de latic\u00ednios<\/h2>\n\n\n\n<figure class=\"gb-block-image gb-block-image-b4250e05\"><img loading=\"lazy\" decoding=\"async\" width=\"1456\" height=\"816\" class=\"gb-image gb-image-b4250e05\" src=\"https:\/\/www.sisinternational.com\/wp-content\/uploads\/2025\/08\/Dariry-milk-6.jpg\" alt=\"Pesquisa e Estrat\u00e9gia de Mercado Internacional da SIS\" title=\"Dariry milk (6)\" srcset=\"https:\/\/www.sisinternational.com\/wp-content\/uploads\/2025\/08\/Dariry-milk-6.jpg 1456w, https:\/\/www.sisinternational.com\/wp-content\/uploads\/2025\/08\/Dariry-milk-6-300x168.jpg 300w, https:\/\/www.sisinternational.com\/wp-content\/uploads\/2025\/08\/Dariry-milk-6-1024x574.jpg 1024w, https:\/\/www.sisinternational.com\/wp-content\/uploads\/2025\/08\/Dariry-milk-6-768x430.jpg 768w, https:\/\/www.sisinternational.com\/wp-content\/uploads\/2025\/08\/Dariry-milk-6-18x10.jpg 18w\" sizes=\"auto, (max-width: 1456px) 100vw, 1456px\"><\/figure>\n\n\n\n<p><\/p>\n\n\n\n<p>A participa\u00e7\u00e3o no mercado de leite l\u00e1cteo \u00e9 o maior segmento do mercado global de produtos l\u00e1cteos, independentemente de ser em creme integral, desnatado, em p\u00f3 ou qualquer outra forma. O consumo de leite \u00e9 um h\u00e1bito di\u00e1rio nas fam\u00edlias de todo o mundo, especialmente entre os mais jovens, independentemente de ser consumido com adi\u00e7\u00e3o de sabores ou cereais.<\/p>\n\n\n\n<p>Cheese is another prominent dairy <a href=\"https:\/\/www.sisinternational.com\/pt\/pericia\/curriculos-de-experiencia\/pesquisa-de-mercado-de-produtos-de-higiene-pessoal\/\" title=\"Pesquisa de mercado de produtos de cuidados pessoais\"  data-wpil-monitor-id=\"8623\">product with a substantial market<\/a> share in the dairy business that is widely utilized in culinary preparations, especially in different kinds of pasta, snack foods, sandwiches, salads, and pizzas.<\/p>\n\n\n\n<p>In addition, butter has numerous applications in baking, making it a large <a href=\"https:\/\/www.sisinternational.com\/pt\/pericia\/industrias\/pesquisa-de-mercado-industrial\/\" title=\"Pesquisa e Estrat\u00e9gia de Mercado Industrial\"  data-wpil-monitor-id=\"8624\">market in the dairy industry<\/a>. According to dairy market data, consumers choose soft cheeses, milk, and yogurt because of their increasing health consciousness.<\/p>\n\n\n\n<p>O sorvete l\u00e1cteo \u00e9 bastante popular e ocupa uma propor\u00e7\u00e3o significativa do mercado de latic\u00ednios devido \u00e0 demanda por pessoas de todas as idades. O sorvete, uma sobremesa popular em todo o mundo, vem em v\u00e1rios sabores e pode ser servido de diversas maneiras.<\/p>\n\n\n\n<h2 class=\"wp-block-heading\">Fatores adicionais que impactam a ind\u00fastria do mercado de latic\u00ednios<\/h2>\n\n\n\n<h3 class=\"wp-block-heading\">Produ\u00e7\u00e3o de Latic\u00ednios<\/h3>\n\n\n\n<p>Developing nations&#8217; contribution to global dairy output has increased. This expansion is primarily attributable to an increase in the total number of producing animals rather than a boost in productivity. In many underdeveloped nations, poor-quality fodder for livestock, illnesses or epidemics, and restricted access to <a href=\"https:\/\/www.sisinternational.com\/pt\/solucoes\/pesquisa-de-consultoria-em-estrategia-fintech\/pesquisa-de-mercado-de-servicos-financeiros\/\" title=\"Pesquisa de mercado de servi\u00e7os financeiros\"  data-wpil-monitor-id=\"8625\">markets and services<\/a> limit dairy production.<\/p>\n\n\n\n<h3 class=\"wp-block-heading\">Transporte e cadeia de suprimentos do mercado de latic\u00ednios<\/h3>\n\n\n\n<p>Em muitos pa\u00edses subdesenvolvidos, estabelecer uma cadeia de abastecimento de produtos l\u00e1cteos que seja eficiente, higi\u00e9nica e econ\u00f3mica \u00e9 uma quest\u00e3o formid\u00e1vel. Entre os fatores contribuintes est\u00e3o os seguintes:<\/p>\n\n\n\n<ul class=\"wp-block-list\">\n<li>dificuldades no desenvolvimento de um sistema rent\u00e1vel de transporte e coleta de leite<\/li>\n\n\n\n<li>quantidade de leite produzida por cada fazenda e o isolamento das instala\u00e7\u00f5es de produ\u00e7\u00e3o<\/li>\n\n\n\n<li>sistema de transporte ruim<\/li>\n\n\n\n<li>falta de experi\u00eancia e tecnologia na coleta e processamento de leite<\/li>\n\n\n\n<li>problemas de qualidade com o leite cru<\/li>\n\n\n\n<li>dist\u00e2ncias entre locais de produ\u00e7\u00e3o, instala\u00e7\u00f5es de processamento e consumidores<\/li>\n\n\n\n<li>problemas com o estabelecimento de instala\u00e7\u00f5es de resfriamento<\/li>\n<\/ul>\n\n\n\n<h2 class=\"wp-block-heading\">A pesquisa do mercado de latic\u00ednios fornece insights sobre o cen\u00e1rio competitivo do mercado de latic\u00ednios<\/h2>\n\n\n\n<figure class=\"gb-block-image gb-block-image-9044d5a5\"><img loading=\"lazy\" decoding=\"async\" width=\"1456\" height=\"816\" class=\"gb-image gb-image-9044d5a5\" src=\"https:\/\/www.sisinternational.com\/wp-content\/uploads\/2025\/08\/Dariry-milk-1.jpg\" alt=\"Pesquisa e Estrat\u00e9gia de Mercado Internacional da SIS\" title=\"Dariry milk (1)\" srcset=\"https:\/\/www.sisinternational.com\/wp-content\/uploads\/2025\/08\/Dariry-milk-1.jpg 1456w, https:\/\/www.sisinternational.com\/wp-content\/uploads\/2025\/08\/Dariry-milk-1-300x168.jpg 300w, https:\/\/www.sisinternational.com\/wp-content\/uploads\/2025\/08\/Dariry-milk-1-1024x574.jpg 1024w, https:\/\/www.sisinternational.com\/wp-content\/uploads\/2025\/08\/Dariry-milk-1-768x430.jpg 768w, https:\/\/www.sisinternational.com\/wp-content\/uploads\/2025\/08\/Dariry-milk-1-18x10.jpg 18w\" sizes=\"auto, (max-width: 1456px) 100vw, 1456px\"><\/figure>\n\n\n\n<p><\/p>\n\n\n\n<p>The dairy <a href=\"https:\/\/www.sisinternational.com\/pt\/pericia\/curriculos-de-experiencia\/curriculo-de-experiencia-na-industria-automotiva\/\" title=\"Empresa de pesquisa de mercado da ind\u00fastria automotiva\"  data-wpil-monitor-id=\"8626\">market is a large industry<\/a> impacting other sectors, such as those in food production. Knowing the key players in the market, such as identifying their business landscape, recent developments as well as expansion <a href=\"https:\/\/www.sisinternational.com\/pt\/solucoes\/consultoria-estrategica\/planejamento-de-cenario\/\" title=\"Consultoria estrat\u00e9gica de planejamento de cen\u00e1rios\"  data-wpil-monitor-id=\"8627\">plans can provide vital data and strategies<\/a> in the dairy industry.<\/p>\n\n\n\n<h3 class=\"wp-block-heading\">Abaixo est\u00e3o alguns dos principais jogadores:<\/h3>\n\n\n\n<ul class=\"wp-block-list\">\n<li>Arla Alimentos<\/li>\n\n\n\n<li>China Mengniu Dairy Company Limited<\/li>\n\n\n\n<li>Produtores de leite da Am\u00e9rica, Inc.<\/li>\n\n\n\n<li>Danone SA<\/li>\n\n\n\n<li>Grupo Cooperativo Fonterra Limited<\/li>\n\n\n\n<li>Grupo Lactalis<\/li>\n\n\n\n<li>Nestl\u00e9 SA<\/li>\n\n\n\n<li>Royal FrieslandCampina NV<\/li>\n\n\n\n<li>Saputo Inc.<\/li>\n<\/ul>\n\n\n\n<h3 class=\"wp-block-heading\">A Pesquisa de Mercado fornece insights com base nas informa\u00e7\u00f5es coletadas sobre essas empresas, que incluem:<\/h3>\n\n\n\n<ul class=\"wp-block-list\">\n<li>Perfis de empresa<\/li>\n\n\n\n<li>Vis\u00e3o Geral da Empresa<\/li>\n\n\n\n<li>Portf\u00f3lio de produto<\/li>\n\n\n\n<li>Alcance demogr\u00e1fico e conquistas<\/li>\n\n\n\n<li>Certifica\u00e7\u00f5es<\/li>\n<\/ul>\n\n\n\n<h2 class=\"wp-block-heading\">Sobre a pesquisa de mercado de latic\u00ednios<\/h2>\n\n\n\n<p>Os latic\u00ednios s\u00e3o um produto altamente nutritivo e vers\u00e1til que pode ser utilizado em toda a cadeia de abastecimento alimentar, tornando o setor l\u00e1cteo essencial para a ind\u00fastria aliment\u00edcia de qualquer na\u00e7\u00e3o. A pesquisa do mercado de latic\u00ednios re\u00fane dados e estrat\u00e9gias da ind\u00fastria de latic\u00ednios para fornecer um estudo completo dos mercados mundiais de latic\u00ednios. As informa\u00e7\u00f5es coletadas incluem solu\u00e7\u00f5es atuais, de curto e longo prazo para apoiar os requisitos comerciais e operacionais. A pesquisa de mercado de latic\u00ednios fornece insights que podem ser uma ferramenta \u00fatil para qualquer pessoa que queira tomar decis\u00f5es informadas sobre produ\u00e7\u00e3o, aplica\u00e7\u00e3o, marketing e planejamento estrat\u00e9gico.<\/p>","protected":false},"excerpt":{"rendered":"<p>A pesquisa de mercado de latic\u00ednios fornece insights sobre v\u00e1rios processos de neg\u00f3cios e setores vitais para a produ\u00e7\u00e3o e distribui\u00e7\u00e3o de latic\u00ednios.<\/p>","protected":false},"author":1,"featured_media":64337,"parent":14514,"menu_order":190,"comment_status":"closed","ping_status":"closed","template":"","meta":{"footnotes":""},"class_list":["post-41642","page","type-page","status-publish","has-post-thumbnail"],"_links":{"self":[{"href":"https:\/\/www.sisinternational.com\/pt\/wp-json\/wp\/v2\/pages\/41642","targetHints":{"allow":["GET"]}}],"collection":[{"href":"https:\/\/www.sisinternational.com\/pt\/wp-json\/wp\/v2\/pages"}],"about":[{"href":"https:\/\/www.sisinternational.com\/pt\/wp-json\/wp\/v2\/types\/page"}],"author":[{"embeddable":true,"href":"https:\/\/www.sisinternational.com\/pt\/wp-json\/wp\/v2\/users\/1"}],"replies":[{"embeddable":true,"href":"https:\/\/www.sisinternational.com\/pt\/wp-json\/wp\/v2\/comments?post=41642"}],"version-history":[{"count":4,"href":"https:\/\/www.sisinternational.com\/pt\/wp-json\/wp\/v2\/pages\/41642\/revisions"}],"predecessor-version":[{"id":81446,"href":"https:\/\/www.sisinternational.com\/pt\/wp-json\/wp\/v2\/pages\/41642\/revisions\/81446"}],"up":[{"embeddable":true,"href":"https:\/\/www.sisinternational.com\/pt\/wp-json\/wp\/v2\/pages\/14514"}],"wp:featuredmedia":[{"embeddable":true,"href":"https:\/\/www.sisinternational.com\/pt\/wp-json\/wp\/v2\/media\/64337"}],"wp:attachment":[{"href":"https:\/\/www.sisinternational.com\/pt\/wp-json\/wp\/v2\/media?parent=41642"}],"curies":[{"name":"wp","href":"https:\/\/api.w.org\/{rel}","templated":true}]}}