{"id":41584,"date":"2023-02-14T20:59:24","date_gmt":"2023-02-14T20:59:24","guid":{"rendered":"https:\/\/www.sisinternational.com\/?page_id=41584"},"modified":"2026-03-12T13:30:32","modified_gmt":"2026-03-12T17:30:32","slug":"pesquisa-de-mercado-de-sushi","status":"publish","type":"page","link":"https:\/\/www.sisinternational.com\/pt\/solucoes\/pesquisa-de-mercado-da-industria-de-bebidas-alimenticias\/pesquisa-de-mercado-de-sushi\/","title":{"rendered":"Pesquisa de mercado de sushi"},"content":{"rendered":"<h1 class=\"wp-block-heading\">Pesquisa de mercado de sushi<\/h1>\n\n\n\n<figure class=\"gb-block-image gb-block-image-bfce47e5\"><img loading=\"lazy\" decoding=\"async\" width=\"1456\" height=\"816\" class=\"gb-image gb-image-bfce47e5\" src=\"https:\/\/www.sisinternational.com\/wp-content\/uploads\/2025\/08\/japanese-food-suchi-13.jpg\" alt=\"Pesquisa e Estrat\u00e9gia de Mercado Internacional da SIS\" title=\"japanese food suchi (13)\" srcset=\"https:\/\/www.sisinternational.com\/wp-content\/uploads\/2025\/08\/japanese-food-suchi-13.jpg 1456w, https:\/\/www.sisinternational.com\/wp-content\/uploads\/2025\/08\/japanese-food-suchi-13-300x168.jpg 300w, https:\/\/www.sisinternational.com\/wp-content\/uploads\/2025\/08\/japanese-food-suchi-13-1024x574.jpg 1024w, https:\/\/www.sisinternational.com\/wp-content\/uploads\/2025\/08\/japanese-food-suchi-13-768x430.jpg 768w, https:\/\/www.sisinternational.com\/wp-content\/uploads\/2025\/08\/japanese-food-suchi-13-18x10.jpg 18w\" sizes=\"auto, (max-width: 1456px) 100vw, 1456px\"><\/figure>\n\n\n\n<p><\/p>\n\n\n\n<p>A pesquisa de mercado de sushi fornece insights sobre diversos processos de neg\u00f3cios e setores vitais para a produ\u00e7\u00e3o do prato. O estudo de mercado de sushi oferece insights sobre os dados e estrat\u00e9gias da ind\u00fastria de sushi, bem como sobre o segmento do setor aliment\u00edcio que abrange a distribui\u00e7\u00e3o de sushi vendido em restaurantes, diversos varejistas e por vendedores ambulantes em todo o mundo.<\/p>\n\n\n\n<p>Market Research provides insights as well on how certain restaurants that serve sushi compare to their competitors in terms of product quality, profits and availability. The Sushi market research&nbsp; can help advise organizations and industry executives in making decisions and creating marketing plans for a more active and profitable business landscape.<\/p>\n\n\n\n<h2 class=\"wp-block-heading\">O que \u00e9 Sushi?<\/h2>\n\n\n\n<p>O cereal mais consumido em todo o mundo \u00e9 o arroz, que foi processado ou mo\u00eddo para retirar o gr\u00e3o das demais partes da planta. Um dos pratos mais populares \u00e0 base de arroz inclui o sushi.<\/p>\n\n\n\n<p>Sushi \u00e9 um prato de arroz b\u00e1sico japon\u00eas que se espalhou pelo mundo e se tornou parte da cultura alimentar global. O sushi vem em uma variedade de formas. O arroz de sushi cozido \u00e9 combinado com vinagre de arroz espec\u00edfico. O arroz \u00e9 ent\u00e3o formado com coberturas diversas, como peixe cru ou outros mariscos. Na varia\u00e7\u00e3o enrolada, o arroz e conte\u00fados como omelete ou pepino s\u00e3o embrulhados em nori, uma fina folha de alga preparada, usando uma esteira especial de bambu.<\/p>\n\n\n\n<h2 class=\"wp-block-heading\">&nbsp;Uma breve vis\u00e3o da ind\u00fastria de restaurantes de sushi<\/h2>\n\n\n\n<figure class=\"gb-block-image gb-block-image-58035a37\"><img loading=\"lazy\" decoding=\"async\" width=\"1456\" height=\"816\" class=\"gb-image gb-image-58035a37\" src=\"https:\/\/www.sisinternational.com\/wp-content\/uploads\/2025\/08\/japanese-food-suchi-5.jpg\" alt=\"Pesquisa e Estrat\u00e9gia de Mercado Internacional da SIS\" title=\"japanese food suchi (5)\" srcset=\"https:\/\/www.sisinternational.com\/wp-content\/uploads\/2025\/08\/japanese-food-suchi-5.jpg 1456w, https:\/\/www.sisinternational.com\/wp-content\/uploads\/2025\/08\/japanese-food-suchi-5-300x168.jpg 300w, https:\/\/www.sisinternational.com\/wp-content\/uploads\/2025\/08\/japanese-food-suchi-5-1024x574.jpg 1024w, https:\/\/www.sisinternational.com\/wp-content\/uploads\/2025\/08\/japanese-food-suchi-5-768x430.jpg 768w, https:\/\/www.sisinternational.com\/wp-content\/uploads\/2025\/08\/japanese-food-suchi-5-18x10.jpg 18w\" sizes=\"auto, (max-width: 1456px) 100vw, 1456px\"><\/figure>\n\n\n\n<p><\/p>\n\n\n\n<p>The most typical sushi restaurants consist primarily of establishments that provide sushi-style dishes to customers who order and are delivered while sitting by wait staff or through conveyor belt-style delivery and pay after eating. Customers may also purchase <a href=\"https:\/\/www.sisinternational.com\/pt\/mystery-shopping-for-alcoholic-beverages\/\" title=\"Mystery Shopping for Alcoholic Beverages\"  data-wpil-monitor-id=\"896\">alcoholic and other beverages<\/a> from these locations.<\/p>\n\n\n\n<p>Prev\u00ea-se que a ind\u00fastria do mercado de Sushi prospere nos pr\u00f3ximos anos. A ind\u00fastria do mercado de sushi, que \u00e9 altamente fragmentada e composta principalmente por pequenas empresas geridas pelos propriet\u00e1rios, teve um bom desempenho, apesar do crescimento de outras lojas de alimentos \u00e9tnicos e do surgimento de pratos inovadores. As mudan\u00e7as nas demandas dos clientes alteraram as opera\u00e7\u00f5es dos operadores da ind\u00fastria de sushi. A cria\u00e7\u00e3o do conceito de sushi sustent\u00e1vel \u00e9 resultado de preocupa\u00e7\u00f5es crescentes com o decl\u00ednio da popula\u00e7\u00e3o de peixes e a degrada\u00e7\u00e3o ambiental. Nos anos subsequentes, prev\u00ea-se que o mercado de sushi continue a expandir-se \u00e0 medida que o ambiente muda. Com o impacto de outros fatores como viagens, comunica\u00e7\u00f5es, m\u00eddias sociais, TV e an\u00fancios impressos, o interesse pela comida japonesa aumentou. Prev\u00ea-se que os operadores significativos da ind\u00fastria se expandam a n\u00edvel mundial para aumentar a sua quota de mercado.<\/p>\n\n\n\n<h2 class=\"wp-block-heading\">Fatores que afetam a pesquisa global do mercado de sushi<\/h2>\n\n\n\n<h3 class=\"wp-block-heading\">Campanhas de marketing e publicidade de sushi<\/h3>\n\n\n\n<p>Rising marketing campaigns are one of the primary factors driving the global sushi restaurant market over the projected period. The restaurant and food service sectors rely heavily on advertising campaigns and product promotions to increase their sales. Therefore, the sellers in these <a href=\"https:\/\/www.sisinternational.com\/pt\/pericia\/industrias\/pesquisa-de-mercado-de-circuitos-eletronicos\/\" title=\"Pesquisa de mercado de circuitos eletr\u00f4nicos\"  data-wpil-monitor-id=\"5049\">markets utilize both electronic<\/a> and print media to advertise their businesses. Due to digitalization and associated advances, the majority of sushi restaurants are concentrating on marketing. Consequently, merchants utilize digital media as a platform for brand promotion. To increase client involvement, they promote enticing promotional offers and images of quick-service cuisine.<\/p>\n\n\n\n<h3 class=\"wp-block-heading\">Pratos de sushi emergentes com ingredientes \u00fanicos<\/h3>\n\n\n\n<figure class=\"gb-block-image gb-block-image-a72e8c62\"><img loading=\"lazy\" decoding=\"async\" width=\"1456\" height=\"816\" class=\"gb-image gb-image-a72e8c62\" src=\"https:\/\/www.sisinternational.com\/wp-content\/uploads\/2025\/08\/japanese-food-suchi-1.jpg\" alt=\"Pesquisa e Estrat\u00e9gia de Mercado Internacional da SIS\" title=\"japanese food suchi (1)\" srcset=\"https:\/\/www.sisinternational.com\/wp-content\/uploads\/2025\/08\/japanese-food-suchi-1.jpg 1456w, https:\/\/www.sisinternational.com\/wp-content\/uploads\/2025\/08\/japanese-food-suchi-1-300x168.jpg 300w, https:\/\/www.sisinternational.com\/wp-content\/uploads\/2025\/08\/japanese-food-suchi-1-1024x574.jpg 1024w, https:\/\/www.sisinternational.com\/wp-content\/uploads\/2025\/08\/japanese-food-suchi-1-768x430.jpg 768w, https:\/\/www.sisinternational.com\/wp-content\/uploads\/2025\/08\/japanese-food-suchi-1-18x10.jpg 18w\" sizes=\"auto, (max-width: 1456px) 100vw, 1456px\"><\/figure>\n\n\n\n<p><\/p>\n\n\n\n<p>Uma das tend\u00eancias significativas que dever\u00e3o impulsionar o crescimento do mercado mundial de restaurantes de sushi ao longo do per\u00edodo projetado \u00e9 a introdu\u00e7\u00e3o de novos e inventivos pratos de sushi. Al\u00e9m disso, os desenvolvimentos tecnol\u00f3gicos nos restaurantes e a crescente popularidade da comida japonesa impulsionar\u00e3o substancialmente a ind\u00fastria mundial de restaurantes de sushi nos pr\u00f3ximos anos.<\/p>\n\n\n\n<h2 class=\"wp-block-heading\">An\u00e1lise do cen\u00e1rio competitivo de pesquisa de mercado de sushi<\/h2>\n\n\n\n<p>Sushi&nbsp; Market Research gathers information, statistics and data through an array of benchmarking tools to gain more corporate insight.&nbsp; Comparison of a business sector closest rival or to a group of comparable-sized enterprises within the same industry can provide valuable data and strategies in the sushi industry.<\/p>\n\n\n\n<h3 class=\"wp-block-heading\">A pesquisa de mercado fornece insights sobre o seguinte:<\/h3>\n\n\n\n<ul class=\"wp-block-list\">\n<li>Vis\u00e3o geral corporativa<\/li>\n\n\n\n<li>Receitas e ativos financeiros<\/li>\n\n\n\n<li>potencial de mercado<\/li>\n\n\n\n<li>investimento em P&amp;D<\/li>\n\n\n\n<li>novas iniciativas de mercado<\/li>\n\n\n\n<li>presen\u00e7a mundial<\/li>\n\n\n\n<li>locais e instala\u00e7\u00f5es de produ\u00e7\u00e3o<\/li>\n\n\n\n<li>capacidade de produ\u00e7\u00e3o<\/li>\n\n\n\n<li>pontos fortes e fracos da empresa<\/li>\n\n\n\n<li>introdu\u00e7\u00e3o do produto<\/li>\n<\/ul>\n\n\n\n<h2 class=\"wp-block-heading\">Fatores demogr\u00e1ficos do mercado global de sushi<\/h2>\n\n\n\n<figure class=\"gb-block-image gb-block-image-c11ef210\"><img loading=\"lazy\" decoding=\"async\" width=\"1456\" height=\"816\" class=\"gb-image gb-image-c11ef210\" src=\"https:\/\/www.sisinternational.com\/wp-content\/uploads\/2025\/08\/japanese-food-suchi-14.jpg\" alt=\"Pesquisa e Estrat\u00e9gia de Mercado Internacional da SIS\" title=\"japanese food suchi (14)\" srcset=\"https:\/\/www.sisinternational.com\/wp-content\/uploads\/2025\/08\/japanese-food-suchi-14.jpg 1456w, https:\/\/www.sisinternational.com\/wp-content\/uploads\/2025\/08\/japanese-food-suchi-14-300x168.jpg 300w, https:\/\/www.sisinternational.com\/wp-content\/uploads\/2025\/08\/japanese-food-suchi-14-1024x574.jpg 1024w, https:\/\/www.sisinternational.com\/wp-content\/uploads\/2025\/08\/japanese-food-suchi-14-768x430.jpg 768w, https:\/\/www.sisinternational.com\/wp-content\/uploads\/2025\/08\/japanese-food-suchi-14-18x10.jpg 18w\" sizes=\"auto, (max-width: 1456px) 100vw, 1456px\"><\/figure>\n\n\n\n<p><\/p>\n\n\n\n<p>The competitive landscape of the sushi restaurant market gives information by competitor as well may it be with the major players or close competitor, or to a sushi industry segment of similar sized companies.&nbsp; The sushi industry&nbsp; is also analyzed as per information provided by country or region. Certain countries play key roles to the growth and development of the sushi industry:<\/p>\n\n\n\n<ul class=\"wp-block-list\">\n<li>A \u00c1sia-Pac\u00edfico domina o mercado de restaurantes de sushi devido \u00e0 exist\u00eancia de empresas importantes e \u00e0 alta demanda por sushi na regi\u00e3o.<\/li>\n\n\n\n<li>Devido ao desejo crescente da regi\u00e3o pela culin\u00e1ria asi\u00e1tica, prev\u00ea-se que a Am\u00e9rica do Norte experimente um crescimento consider\u00e1vel ao longo do per\u00edodo de 2021 a 2028.<\/li>\n<\/ul>\n\n\n\n<h2 class=\"wp-block-heading\">Principais participantes do mercado global de sushi<\/h2>\n\n\n\n<p>O cen\u00e1rio competitivo do mercado de restaurantes de sushi fornece informa\u00e7\u00f5es por concorrente, tamb\u00e9m pode ser com os principais players ou concorrentes pr\u00f3ximos, ou para um segmento da ind\u00fastria de sushi de empresas de porte semelhante.<\/p>\n\n\n\n<p><a href=\"https:\/\/www.sisinternational.com\/pt\/pericia\/industrias\/pesquisa-de-mercado-over-the-top-media-ott\/\" title=\"Pesquisa de mercado de m\u00eddia superior (OTT)\"  data-wpil-monitor-id=\"6213\">Market Research provides insights into the top<\/a> major players in the sushi industry. The comprehensive vendor analysis is aimed at assisting clients enhance their market position, and in accordance with this, this research gives a thorough overview of a number of prominent <a href=\"https:\/\/www.sisinternational.com\/pt\/pericia\/industrias\/q-pesquisa-de-mercado-de-comercio\/\" title=\"Pesquisa de mercado Q-Commerce\"  data-wpil-monitor-id=\"4843\">sushi<\/a> restaurants market suppliers, such as:<\/p>\n\n\n\n<ol class=\"wp-block-list\">\n<li>Feng Sushi<\/li>\n\n\n\n<li>EMPRESAS DE ALIMENTOS E VIDA Ltda.<\/li>\n\n\n\n<li>HAMAZUSHI Co.<\/li>\n\n\n\n<li>Grupo de jantar inovador<\/li>\n\n\n\n<li>Kappa Create Co.<\/li>\n\n\n\n<li>Kura Sushi EUA Inc.<\/li>\n\n\n\n<li>Maxims Catering Ltd.<\/li>\n\n\n\n<li>Paz Jantar Corp.<\/li>\n\n\n\n<li>Sakae Holdings Ltd.<\/li>\n\n\n\n<li>Sushi Wasabi<\/li>\n<\/ol>\n\n\n\n<h2 class=\"wp-block-heading\">Sobre a pesquisa de mercado de sushi<\/h2>\n\n\n\n<figure class=\"gb-block-image gb-block-image-ba6e5e35\"><img loading=\"lazy\" decoding=\"async\" width=\"1456\" height=\"816\" class=\"gb-image gb-image-ba6e5e35\" src=\"https:\/\/www.sisinternational.com\/wp-content\/uploads\/2025\/08\/japanese-food-suchi-12.jpg\" alt=\"Pesquisa e Estrat\u00e9gia de Mercado Internacional da SIS\" title=\"japanese food suchi (12)\" srcset=\"https:\/\/www.sisinternational.com\/wp-content\/uploads\/2025\/08\/japanese-food-suchi-12.jpg 1456w, https:\/\/www.sisinternational.com\/wp-content\/uploads\/2025\/08\/japanese-food-suchi-12-300x168.jpg 300w, https:\/\/www.sisinternational.com\/wp-content\/uploads\/2025\/08\/japanese-food-suchi-12-1024x574.jpg 1024w, https:\/\/www.sisinternational.com\/wp-content\/uploads\/2025\/08\/japanese-food-suchi-12-768x430.jpg 768w, https:\/\/www.sisinternational.com\/wp-content\/uploads\/2025\/08\/japanese-food-suchi-12-18x10.jpg 18w\" sizes=\"auto, (max-width: 1456px) 100vw, 1456px\"><\/figure>\n\n\n\n<p><\/p>\n\n\n\n<p>The sushi market research provides insights into various business sectors vital to the dish&#8217;s production. The <a href=\"https:\/\/www.sisinternational.com\/pt\/pericia\/industrias\/pesquisa-de-mercado-de-condimentos\/\" title=\"Pesquisa de mercado de condimentos\"  data-wpil-monitor-id=\"3350\">research on the market<\/a> for sushi restaurants includes, but not limited to, the following key points:<\/p>\n\n\n\n<ul class=\"wp-block-list\">\n<li>Dimensionamento da ind\u00fastria de estabelecimentos de sushi<\/li>\n\n\n\n<li>Perspectivas de neg\u00f3cios para restaurantes de sushi<\/li>\n\n\n\n<li>Avalia\u00e7\u00e3o do mercado do setor de restaurantes de sushi<\/li>\n<\/ul>\n\n\n\n<p>Os dados e estrat\u00e9gias na ind\u00fastria de sushi ser\u00e3o coletados utilizando uma combina\u00e7\u00e3o objetiva de dados prim\u00e1rios e secund\u00e1rios, bem como feedback dos l\u00edderes da ind\u00fastria. Al\u00e9m de um cen\u00e1rio completo de mercado e fornecedores, a pesquisa fornece uma an\u00e1lise dos principais fornecedores. O resultado da pesquisa fornecer\u00e1 avalia\u00e7\u00f5es de estabilidade financeira, posicionamento estrat\u00e9gico, riscos e oportunidades, entre outros fatores do setor que qualquer empresa ou executivo deve conhecer.<\/p>","protected":false},"excerpt":{"rendered":"<p>A pesquisa de mercado de sushi fornece insights sobre diversos processos de neg\u00f3cios e setores vitais para a produ\u00e7\u00e3o do prato.<\/p>","protected":false},"author":1,"featured_media":63219,"parent":22018,"menu_order":189,"comment_status":"closed","ping_status":"closed","template":"","meta":{"footnotes":""},"class_list":["post-41584","page","type-page","status-publish","has-post-thumbnail"],"_links":{"self":[{"href":"https:\/\/www.sisinternational.com\/pt\/wp-json\/wp\/v2\/pages\/41584","targetHints":{"allow":["GET"]}}],"collection":[{"href":"https:\/\/www.sisinternational.com\/pt\/wp-json\/wp\/v2\/pages"}],"about":[{"href":"https:\/\/www.sisinternational.com\/pt\/wp-json\/wp\/v2\/types\/page"}],"author":[{"embeddable":true,"href":"https:\/\/www.sisinternational.com\/pt\/wp-json\/wp\/v2\/users\/1"}],"replies":[{"embeddable":true,"href":"https:\/\/www.sisinternational.com\/pt\/wp-json\/wp\/v2\/comments?post=41584"}],"version-history":[{"count":8,"href":"https:\/\/www.sisinternational.com\/pt\/wp-json\/wp\/v2\/pages\/41584\/revisions"}],"predecessor-version":[{"id":79798,"href":"https:\/\/www.sisinternational.com\/pt\/wp-json\/wp\/v2\/pages\/41584\/revisions\/79798"}],"up":[{"embeddable":true,"href":"https:\/\/www.sisinternational.com\/pt\/wp-json\/wp\/v2\/pages\/22018"}],"wp:featuredmedia":[{"embeddable":true,"href":"https:\/\/www.sisinternational.com\/pt\/wp-json\/wp\/v2\/media\/63219"}],"wp:attachment":[{"href":"https:\/\/www.sisinternational.com\/pt\/wp-json\/wp\/v2\/media?parent=41584"}],"curies":[{"name":"wp","href":"https:\/\/api.w.org\/{rel}","templated":true}]}}