{"id":41582,"date":"2023-02-14T19:54:39","date_gmt":"2023-02-14T19:54:39","guid":{"rendered":"https:\/\/www.sisinternational.com\/?page_id=41582"},"modified":"2026-03-12T13:30:15","modified_gmt":"2026-03-12T17:30:15","slug":"pesquisa-de-mercado-de-hamburguer","status":"publish","type":"page","link":"https:\/\/www.sisinternational.com\/pt\/solucoes\/pesquisa-de-mercado-da-industria-de-bebidas-alimenticias\/pesquisa-de-mercado-de-hamburguer\/","title":{"rendered":"Pesquisa de mercado de hamb\u00fargueres"},"content":{"rendered":"<h1 class=\"wp-block-heading\">Pesquisa de mercado de hamb\u00fargueres<\/h1>\n\n\n\n<figure class=\"gb-block-image gb-block-image-bdced9f9\"><img loading=\"lazy\" decoding=\"async\" width=\"1456\" height=\"816\" class=\"gb-image gb-image-bdced9f9\" src=\"https:\/\/www.sisinternational.com\/wp-content\/uploads\/2025\/08\/Burger-4.jpg\" alt=\"Pesquisa e Estrat\u00e9gia de Mercado Internacional da SIS\" title=\"Burger (4)\" srcset=\"https:\/\/www.sisinternational.com\/wp-content\/uploads\/2025\/08\/Burger-4.jpg 1456w, https:\/\/www.sisinternational.com\/wp-content\/uploads\/2025\/08\/Burger-4-300x168.jpg 300w, https:\/\/www.sisinternational.com\/wp-content\/uploads\/2025\/08\/Burger-4-1024x574.jpg 1024w, https:\/\/www.sisinternational.com\/wp-content\/uploads\/2025\/08\/Burger-4-768x430.jpg 768w, https:\/\/www.sisinternational.com\/wp-content\/uploads\/2025\/08\/Burger-4-18x10.jpg 18w\" sizes=\"auto, (max-width: 1456px) 100vw, 1456px\"><\/figure>\n\n\n\n<p><\/p>\n\n\n\n<p>A pesquisa de mercado de hamb\u00fargueres ajuda a coletar dados e estrat\u00e9gias na ind\u00fastria de hamb\u00fargueres. A pesquisa de mercado fornece insights sobre a parte espec\u00edfica da ind\u00fastria de fast food que inclui a distribui\u00e7\u00e3o de hamb\u00fargueres preparados e vendidos em restaurantes, food trucks, em diferentes lojas ou por vendedores ambulantes.<\/p>\n\n\n\n<p>Esta pesquisa de mercado tamb\u00e9m fornece insights sobre como restaurantes espec\u00edficos de fast food que oferecem hamb\u00fargueres se comparam aos seus concorrentes em termos de vendas, servi\u00e7o e qualidade de seus produtos. Os dados e estrat\u00e9gias na ind\u00fastria de hamb\u00fargueres podem ajudar a orientar qualquer empresa e os principais intervenientes na sua tomada de decis\u00f5es e tamb\u00e9m fornecer informa\u00e7\u00f5es atualizadas sobre o seu cen\u00e1rio de neg\u00f3cios.<\/p>\n\n\n\n<h2 class=\"wp-block-heading\">Compreendendo a ind\u00fastria de hamb\u00fargueres<\/h2>\n\n\n\n<h3 class=\"wp-block-heading\">O que \u00e9 um hamb\u00farguer?<\/h3>\n\n\n\n<p>Tamb\u00e9m conhecido como hamb\u00farguer, \u00e9 tecnicamente um sandu\u00edche feito de carne mo\u00edda e outros recheios colocados entre 2 fatias de p\u00e3o ou p\u00e3ozinho. Os recheios podem incluir todos ou alguns dos seguintes:<\/p>\n\n\n\n<ul class=\"wp-block-list\">\n<li>Queijo<\/li>\n\n\n\n<li>Cebola<\/li>\n\n\n\n<li>Tomate<\/li>\n\n\n\n<li>Alface<\/li>\n\n\n\n<li>Picles<\/li>\n\n\n\n<li>Piment\u00f5es<\/li>\n\n\n\n<li>Bacon<\/li>\n\n\n\n<li>condimentos como ketchup, mostarda, maionese<\/li>\n\n\n\n<li>molho ou qualquer molho especial<\/li>\n<\/ul>\n\n\n\n<p>Normalmente o hamb\u00farguer do hamb\u00farguer \u00e9 feito de carne mo\u00edda ou de porco ou uma combina\u00e7\u00e3o de ambos. No entanto, a inova\u00e7\u00e3o alimentar e as diferentes prefer\u00eancias alimentares dos indiv\u00edduos tamb\u00e9m provocaram mudan\u00e7as no tipo de carne ou nos ingredientes utilizados na sua prepara\u00e7\u00e3o.<\/p>\n\n\n\n<h3 class=\"wp-block-heading\">Alguns dos ingredientes podem ser usados para fazer um hamb\u00farguer<\/h3>\n\n\n\n<ul class=\"wp-block-list\">\n<li>Frango<\/li>\n\n\n\n<li>Peru<\/li>\n\n\n\n<li>Avestruz<\/li>\n\n\n\n<li>Carne de veado<\/li>\n\n\n\n<li>B\u00fafalo<\/li>\n<\/ul>\n\n\n\n<h2 class=\"wp-block-heading\">A ascens\u00e3o dos hamb\u00fargueres vegetais<\/h2>\n\n\n\n<figure class=\"gb-block-image gb-block-image-c3a855f0\"><img loading=\"lazy\" decoding=\"async\" width=\"1456\" height=\"816\" class=\"gb-image gb-image-c3a855f0\" src=\"https:\/\/www.sisinternational.com\/wp-content\/uploads\/2025\/08\/Burger-3.jpg\" alt=\"Pesquisa e Estrat\u00e9gia de Mercado Internacional da SIS\" title=\"Burger (3)\" srcset=\"https:\/\/www.sisinternational.com\/wp-content\/uploads\/2025\/08\/Burger-3.jpg 1456w, https:\/\/www.sisinternational.com\/wp-content\/uploads\/2025\/08\/Burger-3-300x168.jpg 300w, https:\/\/www.sisinternational.com\/wp-content\/uploads\/2025\/08\/Burger-3-1024x574.jpg 1024w, https:\/\/www.sisinternational.com\/wp-content\/uploads\/2025\/08\/Burger-3-768x430.jpg 768w, https:\/\/www.sisinternational.com\/wp-content\/uploads\/2025\/08\/Burger-3-18x10.jpg 18w\" sizes=\"auto, (max-width: 1456px) 100vw, 1456px\"><\/figure>\n\n\n\n<p><\/p>\n\n\n\n<p>Os hamb\u00fargueres \u00e0 base de plantas est\u00e3o crescendo em popularidade em todo o mundo. As dietas baseadas em plantas tornaram-se comuns e as vendas de alimentos \u00e0 base de plantas aumentaram significativamente. Os consumidores tornaram-se mais conscientes e o desejo de op\u00e7\u00f5es alimentares mais sustent\u00e1veis e saud\u00e1veis est\u00e1 a influenciar o crescimento previsto da ind\u00fastria dos hamb\u00fargueres \u00e0 base de plantas.<\/p>\n\n\n\n<h2 class=\"wp-block-heading\">Fatores determinantes na ind\u00fastria do mercado de hamb\u00fargueres<\/h2>\n\n\n\n<h3 class=\"wp-block-heading\">Comportamento do consumidor e padr\u00f5es de gastos com alimentos<\/h3>\n\n\n\n<p>O aumento do rendimento familiar e o crescimento dos agregados familiares com dois ou mais membros s\u00e3o um dos principais factores que levam os consumidores a jantar mais fora. Al\u00e9m disso, a expans\u00e3o global de v\u00e1rias lojas de servi\u00e7os alimentares est\u00e1 a ganhar popularidade nos mercados desenvolvidos e em desenvolvimento em todo o mundo.<\/p>\n\n\n\n<h3 class=\"wp-block-heading\">Surgimento e Expans\u00e3o de Restaurantes e Fast Food<\/h3>\n\n\n\n<p>With the speedy rise in the popularity of burgers, international <a href=\"https:\/\/www.sisinternational.com\/pt\/pericia\/curriculos-de-experiencia\/curriculo-de-experiencia-na-industria-de-bebidas-fast-food\/\" title=\"Experi\u00eancia em pesquisa de mercado de fast food e bebidas\"  data-wpil-monitor-id=\"8593\">fast food<\/a> chains are targeting both local and overseas markets. Increasing foreign investment, rising household incomes, an expanding population of millennials, a rise in tourism, and shifting consumer consumption patterns all contribute to the expansion of the burger industry.<\/p>\n\n\n\n<h3 class=\"wp-block-heading\">As maiores cadeias alimentares da ind\u00fastria de hamb\u00fargueres<\/h3>\n\n\n\n<figure class=\"gb-block-image gb-block-image-0c18b169\"><img loading=\"lazy\" decoding=\"async\" width=\"1456\" height=\"816\" class=\"gb-image gb-image-0c18b169\" src=\"https:\/\/www.sisinternational.com\/wp-content\/uploads\/2025\/08\/Burger-1.jpg\" alt=\"Pesquisa e Estrat\u00e9gia de Mercado Internacional da SIS\" title=\"Burger (1)\" srcset=\"https:\/\/www.sisinternational.com\/wp-content\/uploads\/2025\/08\/Burger-1.jpg 1456w, https:\/\/www.sisinternational.com\/wp-content\/uploads\/2025\/08\/Burger-1-300x168.jpg 300w, https:\/\/www.sisinternational.com\/wp-content\/uploads\/2025\/08\/Burger-1-1024x574.jpg 1024w, https:\/\/www.sisinternational.com\/wp-content\/uploads\/2025\/08\/Burger-1-768x430.jpg 768w, https:\/\/www.sisinternational.com\/wp-content\/uploads\/2025\/08\/Burger-1-18x10.jpg 18w\" sizes=\"auto, (max-width: 1456px) 100vw, 1456px\"><\/figure>\n\n\n\n<p><\/p>\n\n\n\n<p>`Hamburgers are classic staples of the most popular fast food chains in the world. Due to relatively low production costs, numerous burger chains have achieved great success. The highest-grossing burger chains generate billions of dollars in annual revenue.<\/p>\n\n\n\n<p>A procura de hamb\u00fargueres que sejam servidos de forma r\u00e1pida e acess\u00edvel aos consumidores, num recipiente descart\u00e1vel para levar, tem um grande impacto na ascens\u00e3o das cadeias alimentares de hamb\u00fargueres em todo o mundo. A maioria das lanchonetes usa tempo m\u00ednimo de prepara\u00e7\u00e3o e ingredientes pr\u00e9-aquecidos ou pr\u00e9-cozidos para reduzir o custo e o tempo associados a cada transa\u00e7\u00e3o. Aqui est\u00e3o os principais players da ind\u00fastria de hamb\u00fargueres:<\/p>\n\n\n\n<ol class=\"wp-block-list\">\n<li>McDonald&#039;s<\/li>\n\n\n\n<li>Wendy&#039;s<\/li>\n\n\n\n<li>Burger King<\/li>\n\n\n\n<li>s\u00f4nica<\/li>\n\n\n\n<li>Jack na caixa<\/li>\n\n\n\n<li>Whataburger<\/li>\n\n\n\n<li>Culver&#039;s<\/li>\n\n\n\n<li>Hardee&#039;s<\/li>\n\n\n\n<li>Cinco caras<\/li>\n\n\n\n<li>Carl&#039;s Jr.<\/li>\n\n\n\n<li>Hamb\u00farguer In-N-Out<\/li>\n\n\n\n<li>jogo de damas<\/li>\n\n\n\n<li>Shake Barraca<\/li>\n\n\n\n<li>Creme Congelado e Hamb\u00fargueres Freddy&#039;s<\/li>\n\n\n\n<li>Castelo Branco<\/li>\n<\/ol>\n\n\n\n<h2 class=\"wp-block-heading\">Benef\u00edcios da pesquisa de mercado de hamb\u00fargueres<\/h2>\n\n\n\n<p><a href=\"https:\/\/www.sisinternational.com\/pt\/pericia\/industrias\/pesquisa-de-mercado-de-fundamentos-de-cozinha\/\" title=\"Pesquisa de mercado de fundamentos de cozinha\"  data-wpil-monitor-id=\"8591\">Market research provides insights and essential<\/a> information regarding the burger industry and various business environments. It can reveal how potential customers and target clients view a specific product or business. It can provide a further understanding of how to connect with investors, indicate the status of any particular company compared to the competition, and forecast plans.<\/p>\n\n\n\n<p>The burger market research can also play an essential role in developing, introducing, and <a href=\"https:\/\/www.sisinternational.com\/pt\/solucoes\/pesquisa-de-consultoria-em-estrategia-fintech\/pesquisa-de-mercado-de-servicos-financeiros\/\" title=\"Pesquisa de mercado de servi\u00e7os financeiros\"  data-wpil-monitor-id=\"8596\">marketing products and services<\/a> in the hamburger industry. Listed below are several ways in which <a href=\"https:\/\/www.sisinternational.com\/pt\/desenvolvimento-da-cidade-de-hartford-connecticut\/\" title=\"Pesquisa de mercado em Hartford, Connecticut\"  data-wpil-monitor-id=\"8589\">market research can influence any business strategy<\/a> in the industry:<\/p>\n\n\n\n<ul class=\"wp-block-list\">\n<li>Pode revelar como os clientes e clientes potenciais percebem o neg\u00f3cio e os produtos atuais e se o neg\u00f3cio atende ou n\u00e3o \u00e0s suas necessidades. \u00c9 ainda poss\u00edvel descobrir opini\u00f5es sobre a empresa e\/ou seus produtos que os tomadores de decis\u00e3o e executivos desconhecem.<\/li>\n\n\n\n<li>Based on the performance of similar products in the marketplace, the data gathered can determine whether a new business or <a href=\"https:\/\/www.sisinternational.com\/pt\/product-testing-that-turns-ideas-into-market-ready-success\/\" title=\"Product Testing That Turns Ideas into Market-Ready Success\"  data-wpil-monitor-id=\"8595\">product idea will be successful<\/a> or whether target customers will find it appealing.<\/li>\n\n\n\n<li>Ele pode fornecer uma imagem precisa do neg\u00f3cio de hamb\u00fargueres e do mercado. Voc\u00ea pode determinar como voc\u00ea \u00e9 visto em rela\u00e7\u00e3o aos seus concorrentes e avaliar o que eles est\u00e3o fazendo para atrair clientes.<\/li>\n\n\n\n<li>Pode ajud\u00e1-lo a determinar quem s\u00e3o seus clientes, onde est\u00e3o localizados e quais clientes t\u00eam maior probabilidade de realizar transa\u00e7\u00f5es com uma empresa. A pesquisa de mercado fornece insights para indicar as prefer\u00eancias do cliente potencial ou descobrir o motivo pelo qual ele recusaria.<\/li>\n\n\n\n<li>Dados e estrat\u00e9gias na ind\u00fastria de hamb\u00fargueres podem ajudar na tomada de decis\u00f5es adequadas sobre embalagens e promo\u00e7\u00f5es, bem como na elabora\u00e7\u00e3o de conte\u00fado e mensagens de marketing persuasivas.<\/li>\n\n\n\n<li>Mercado <a href=\"https:\/\/www.sisinternational.com\/pt\/pericia\/industrias\/pesquisa-de-mercado-de-desenvolvimento-de-baixo-codigo\/\" title=\"Pesquisa de mercado de desenvolvimento de baixo c\u00f3digo\"  data-wpil-monitor-id=\"8592\">research is essential to the development<\/a> of marketing strategy for many businesses, as it provides a factual basis for estimating sales and profitability. In fact, it can be the deciding factor between making wise decisions that propel the business forward and making poor decisions that can harm the business.<\/li>\n<\/ul>\n\n\n\n<h2 class=\"wp-block-heading\">Sobre a pesquisa de mercado de hamb\u00fargueres<\/h2>\n\n\n\n<p>A Burger Market Research fornece insights, bem como dados e estrat\u00e9gias na ind\u00fastria de hamb\u00fargueres. Abaixo est\u00e3o algumas das informa\u00e7\u00f5es que podem ser obtidas ao fazer uma pesquisa de mercado de hamb\u00fargueres.<\/p>\n\n\n\n<ul class=\"wp-block-list\">\n<li>What is the size and growth rate of the <a href=\"https:\/\/www.sisinternational.com\/pt\/transportadoras-de-baixo-custo-na-industria-da-aviacao\/\" title=\"Pesquisa de mercado de companhias a\u00e9reas de baixo custo\"  data-wpil-monitor-id=\"8590\">global and regional burger market<\/a> based on a variety of factors?<\/li>\n\n\n\n<li>Qual \u00e9 o tamanho e a taxa de crescimento do mercado Hamb\u00farguer em determinados estados, cidades e na\u00e7\u00f5es?<\/li>\n\n\n\n<li>Durante o per\u00edodo de previs\u00e3o, qual regi\u00e3o ou subsegmento dever\u00e1 impulsionar a ind\u00fastria de hamb\u00fargueres?<\/li>\n\n\n\n<li>Que fatores est\u00e3o previstos para impulsionar e restringir a expans\u00e3o do mercado?<\/li>\n\n\n\n<li>What are the most influential technological and <a href=\"https:\/\/www.sisinternational.com\/pt\/global-beverage-market\/\" title=\"Global Beverage Market: Market Dynamics, Growth Projections &amp; Consumer Insights\"  data-wpil-monitor-id=\"8594\">market trends on the growth and dynamics<\/a> of the burger industry?<\/li>\n\n\n\n<li>Quais s\u00e3o as empresas l\u00edderes do mercado? Qual empresa comandou a maior participa\u00e7\u00e3o de mercado?<\/li>\n<\/ul>\n\n\n\n<p>O relat\u00f3rio de pesquisa de mercado de hamb\u00fargueres fornece insights sobre tend\u00eancias de mercado e destaques significativos para os desenvolvimentos da ind\u00fastria de hamb\u00fargueres. Al\u00e9m dos fatores acima mencionados, as informa\u00e7\u00f5es incluem v\u00e1rios outros que contribu\u00edram para o crescimento do mercado nos \u00faltimos anos.<\/p>\n\n\n\n<p><\/p>","protected":false},"excerpt":{"rendered":"<p>A pesquisa de mercado de hamb\u00fargueres fornece informa\u00e7\u00f5es sobre as ind\u00fastrias de fast food e a distribui\u00e7\u00e3o de hamb\u00fargueres em restaurantes, food trucks, lojas ou vendedores ambulantes.<\/p>","protected":false},"author":1,"featured_media":63921,"parent":22018,"menu_order":188,"comment_status":"closed","ping_status":"closed","template":"","meta":{"footnotes":""},"class_list":["post-41582","page","type-page","status-publish","has-post-thumbnail"],"_links":{"self":[{"href":"https:\/\/www.sisinternational.com\/pt\/wp-json\/wp\/v2\/pages\/41582","targetHints":{"allow":["GET"]}}],"collection":[{"href":"https:\/\/www.sisinternational.com\/pt\/wp-json\/wp\/v2\/pages"}],"about":[{"href":"https:\/\/www.sisinternational.com\/pt\/wp-json\/wp\/v2\/types\/page"}],"author":[{"embeddable":true,"href":"https:\/\/www.sisinternational.com\/pt\/wp-json\/wp\/v2\/users\/1"}],"replies":[{"embeddable":true,"href":"https:\/\/www.sisinternational.com\/pt\/wp-json\/wp\/v2\/comments?post=41582"}],"version-history":[{"count":4,"href":"https:\/\/www.sisinternational.com\/pt\/wp-json\/wp\/v2\/pages\/41582\/revisions"}],"predecessor-version":[{"id":81442,"href":"https:\/\/www.sisinternational.com\/pt\/wp-json\/wp\/v2\/pages\/41582\/revisions\/81442"}],"up":[{"embeddable":true,"href":"https:\/\/www.sisinternational.com\/pt\/wp-json\/wp\/v2\/pages\/22018"}],"wp:featuredmedia":[{"embeddable":true,"href":"https:\/\/www.sisinternational.com\/pt\/wp-json\/wp\/v2\/media\/63921"}],"wp:attachment":[{"href":"https:\/\/www.sisinternational.com\/pt\/wp-json\/wp\/v2\/media?parent=41582"}],"curies":[{"name":"wp","href":"https:\/\/api.w.org\/{rel}","templated":true}]}}