{"id":41574,"date":"2023-02-13T23:18:47","date_gmt":"2023-02-13T23:18:47","guid":{"rendered":"https:\/\/www.sisinternational.com\/?page_id=41574"},"modified":"2025-10-19T22:59:16","modified_gmt":"2025-10-20T02:59:16","slug":"pesquisa-de-mercado-de-fertilizantes-potassicos","status":"publish","type":"page","link":"https:\/\/www.sisinternational.com\/pt\/pericia\/pesquisa-de-mercado-de-fertilizantes-potassicos\/","title":{"rendered":"Pesquisa de mercado de fertilizantes pot\u00e1ssicos"},"content":{"rendered":"<h1 class=\"wp-block-heading\">Pesquisa de mercado de fertilizantes pot\u00e1ssicos<\/h1>\n\n\n\n<figure class=\"gb-block-image gb-block-image-a7a3c298\"><img loading=\"lazy\" decoding=\"async\" width=\"1456\" height=\"816\" class=\"gb-image gb-image-a7a3c298\" src=\"https:\/\/www.sisinternational.com\/wp-content\/uploads\/2025\/08\/Agriculture-15.jpg\" alt=\"Pesquisa e Estrat\u00e9gia de Mercado Internacional da SIS\" title=\"Agriculture (15)\" srcset=\"https:\/\/www.sisinternational.com\/wp-content\/uploads\/2025\/08\/Agriculture-15.jpg 1456w, https:\/\/www.sisinternational.com\/wp-content\/uploads\/2025\/08\/Agriculture-15-300x168.jpg 300w, https:\/\/www.sisinternational.com\/wp-content\/uploads\/2025\/08\/Agriculture-15-1024x574.jpg 1024w, https:\/\/www.sisinternational.com\/wp-content\/uploads\/2025\/08\/Agriculture-15-768x430.jpg 768w, https:\/\/www.sisinternational.com\/wp-content\/uploads\/2025\/08\/Agriculture-15-18x10.jpg 18w\" sizes=\"auto, (max-width: 1456px) 100vw, 1456px\"><\/figure>\n\n\n\n<p><\/p>\n\n\n\n<h2 class=\"wp-block-heading\">As perspectivas do mercado para o pot\u00e1ssio<\/h2>\n\n\n\n<p>Potash fertilizer is a key component of agricultural production. Its production is based on the use of potassium, which is an essential micro-mineral for the proper functioning of the human body and has a high nutritional value. Potassium is also a basic nutrient for plants. Its main commercial use is in the production of fertilizer. Potash <a href=\"https:\/\/www.sisinternational.com\/pt\/pericia\/industrias\/pesquisa-de-mercado-de-agroquimicos-e-fertilizantes\/\" title=\"Pesquisa de mercado de agroqu\u00edmicos e fertilizantes\"  data-wpil-monitor-id=\"8176\">fertilizer is a multi-billion dollar market<\/a> that is attracting the interest of investors worldwide. Its market value is constantly increasing and is considered a valuable asset with high prospects.<\/p>\n\n\n\n<p>O <a href=\"https:\/\/www.sisinternational.com\/pt\/solucoes\/consultoria-estrategica\/pesquisa-de-mercado-de-previsao-de-demanda\/\" title=\"Demand Forecasting Market Consulting\"  data-wpil-monitor-id=\"8175\">forecast for global demand<\/a> is optimistic and is expected to increase steadily. Because potash fertilizer is so closely tied to the entire agricultural sector, any analysis must take into account its pivotal role in the global economy. Agriculture is a major provider of food on a global scale. As such, it is not only beneficial to the economy as a whole but is fundamental to the existence of human life.<\/p>\n\n\n\n<h2 class=\"wp-block-heading\">O mercado global de fertilizantes \u00e0 base de pot\u00e1ssio<\/h2>\n\n\n\n<p>Because agriculture is essential for sustaining life, the demand for agricultural products is mostly inelastic. This fact directly affects the <a href=\"https:\/\/www.sisinternational.com\/pt\/transportadoras-de-baixo-custo-na-industria-da-aviacao\/\" title=\"Pesquisa de mercado de companhias a\u00e9reas de baixo custo\"  data-wpil-monitor-id=\"8172\">global potash fertilizer market<\/a> and ensures a continuous demand for it. On the other hand, current events, such as the Covid-19 pandemic and the Russia-Ukraine war, affect both production and prices. This means that all interested investors should keep a close eye on political and economic <a href=\"https:\/\/www.sisinternational.com\/pt\/solucoes\/consultoria-estrategica\/consultoria-de-execucao-de-desenvolvimento-de-estrategia\/\" title=\"Consultoria de Desenvolvimento e Execu\u00e7\u00e3o de Estrat\u00e9gia\"  data-wpil-monitor-id=\"8178\">developments before deciding on their business strategy<\/a>.<\/p>\n\n\n\n<p>A very important aspect of potash fertilizer is its dominant <a href=\"https:\/\/www.sisinternational.com\/pt\/solucoes\/solucoes-de-branding-e-pesquisa-de-clientes\/pesquisa-de-mercado-de-posicionamento-de-marca\/\" title=\"Pesquisa de mercado de posicionamento de marca\"  data-wpil-monitor-id=\"8177\">position in the global fertilizer market<\/a> as a whole. With a market share of more than two-thirds, it is the undisputed number one fertilizer in the world. The cultivation of arable crops throughout the world relies heavily on potash fertilizers. The expectation that the potash fertilizer market will continue to grow is based on solid arguments, as the need for higher crop productivity is expected to continue to increase.<\/p>\n\n\n\n<h2 class=\"wp-block-heading\">Por que a pesquisa de mercado de fertilizantes \u00e0 base de pot\u00e1ssio \u00e9 importante<\/h2>\n\n\n\n<figure class=\"gb-block-image gb-block-image-0321a0c5\"><img loading=\"lazy\" decoding=\"async\" width=\"1456\" height=\"816\" class=\"gb-image gb-image-0321a0c5\" src=\"https:\/\/www.sisinternational.com\/wp-content\/uploads\/2025\/08\/Agriculture-16.jpg\" alt=\"Pesquisa e Estrat\u00e9gia de Mercado Internacional da SIS\" title=\"Agriculture (16)\" srcset=\"https:\/\/www.sisinternational.com\/wp-content\/uploads\/2025\/08\/Agriculture-16.jpg 1456w, https:\/\/www.sisinternational.com\/wp-content\/uploads\/2025\/08\/Agriculture-16-300x168.jpg 300w, https:\/\/www.sisinternational.com\/wp-content\/uploads\/2025\/08\/Agriculture-16-1024x574.jpg 1024w, https:\/\/www.sisinternational.com\/wp-content\/uploads\/2025\/08\/Agriculture-16-768x430.jpg 768w, https:\/\/www.sisinternational.com\/wp-content\/uploads\/2025\/08\/Agriculture-16-18x10.jpg 18w\" sizes=\"auto, (max-width: 1456px) 100vw, 1456px\"><\/figure>\n\n\n\n<p><\/p>\n\n\n\n<p>Potash fertilizers are a prerequisite for nutritional efficiency in today&#8217;s world. The ever-increasing global population is leading to the extensive use of fertilizers to raise agricultural <a href=\"https:\/\/www.sisinternational.com\/pt\/cobertura\/pesquisa-de-mercado-africa\/pesquisa-de-mercado-de-produtos-nutricionais-na-africa\/\" title=\"Pesquisa de mercado de produtos nutricionais na \u00c1frica\"  data-wpil-monitor-id=\"8179\">production rates to meet nutritional<\/a> needs. The current rise in global inflation is another parameter that could affect the potash fertilizer market. Increased production could shift the demand curve and thus reduce prices. In any case, the importance of potash fertilizer market research is explicitly recognized. It would not be an exaggeration to say that potash fertilizer is a factor of political stability due to its key role in ensuring global food security. In addition, there are other areas of interest regarding the role of potash fertilizer:<\/p>\n\n\n\n<ul class=\"wp-block-list\">\n<li>Redu\u00e7\u00e3o de pragas de insetos nas planta\u00e7\u00f5es<\/li>\n\n\n\n<li>Reduzindo doen\u00e7as de plantas<\/li>\n\n\n\n<li>Aumentando o vigor das plantas<\/li>\n<\/ul>\n\n\n\n<p>Os fertilizantes \u00e0 base de pot\u00e1ssio atuam como catalisadores para a sobreviv\u00eancia e o crescimento das plantas.<\/p>\n\n\n\n<h2 class=\"wp-block-heading\">Principais empregos<\/h2>\n\n\n\n<h3 class=\"wp-block-heading\">V\u00e1rios empregos est\u00e3o associados \u00e0 ind\u00fastria de fertilizantes \u00e0 base de pot\u00e1ssio:<\/h3>\n\n\n\n<ul class=\"wp-block-list\">\n<li>Operadores de minas de pot\u00e1ssio<\/li>\n\n\n\n<li>T\u00e9cnicos qu\u00edmicos<\/li>\n\n\n\n<li>Mec\u00e2nica de manuten\u00e7\u00e3o<\/li>\n\n\n\n<li>Especialistas em constru\u00e7\u00e3o<\/li>\n\n\n\n<li>Engenheiros mec\u00e2nicos<\/li>\n\n\n\n<li>Coordenadores de Garantia de Qualidade<\/li>\n<\/ul>\n\n\n\n<p>O pot\u00e1ssio \u00e9 encontrado no fundo do mar, bem como no solo e nas rochas. Os processos de minera\u00e7\u00e3o e extra\u00e7\u00e3o s\u00e3o, portanto, altamente sofisticados.<\/p>\n\n\n\n<h2 class=\"wp-block-heading\">Sobre a pesquisa de mercado de fertilizantes \u00e0 base de pot\u00e1ssio<\/h2>\n\n\n\n<p>The leading role of potash fertilizers in the corresponding <a href=\"https:\/\/www.sisinternational.com\/pt\/quais-sao-algumas-tendencias-no-setor-de-pesquisa-de-mercado\/\" title=\"Quais s\u00e3o algumas tend\u00eancias no setor de pesquisa de mercado?\"  data-wpil-monitor-id=\"8173\">industry adds value to its research<\/a>. Their steady production and use in agriculture allow for increased food production, alleviate the problem of world hunger, and maintain the pattern of crop yields. Moreover, there is a qualitative difference that distinguishes potash fertilizers, because potassium is vital for human nutrition and plays an important role in the healthy growth of muscles and organs of the human body. As a result, potash fertilizers do not attract negative reactions for human health, as most fertilizers do.<\/p>\n\n\n\n<h2 class=\"wp-block-heading\">Fertilizantes \u00e0 base de pot\u00e1ssio e a ind\u00fastria da cannabis<\/h2>\n\n\n\n<figure class=\"gb-block-image gb-block-image-01d31e1c\"><img loading=\"lazy\" decoding=\"async\" width=\"1456\" height=\"816\" class=\"gb-image gb-image-01d31e1c\" src=\"https:\/\/www.sisinternational.com\/wp-content\/uploads\/2025\/08\/Agriculture-9.jpg\" alt=\"Pesquisa e Estrat\u00e9gia de Mercado Internacional da SIS\" title=\"Agriculture (9)\" srcset=\"https:\/\/www.sisinternational.com\/wp-content\/uploads\/2025\/08\/Agriculture-9.jpg 1456w, https:\/\/www.sisinternational.com\/wp-content\/uploads\/2025\/08\/Agriculture-9-300x168.jpg 300w, https:\/\/www.sisinternational.com\/wp-content\/uploads\/2025\/08\/Agriculture-9-1024x574.jpg 1024w, https:\/\/www.sisinternational.com\/wp-content\/uploads\/2025\/08\/Agriculture-9-768x430.jpg 768w, https:\/\/www.sisinternational.com\/wp-content\/uploads\/2025\/08\/Agriculture-9-18x10.jpg 18w\" sizes=\"auto, (max-width: 1456px) 100vw, 1456px\"><\/figure>\n\n\n\n<p><\/p>\n\n\n\n<p>Another important area of interest is the growing cannabis industry. Potash is extremely important for cannabis plants, increasing their size and density, improving water use efficiency and increasing their resistance to frost. With the <a href=\"https:\/\/www.sisinternational.com\/pt\/pericia\/industrias\/pesquisa-de-mercado-de-cannabis\/\" title=\"Pesquisa de mercado de cannabis\"  data-wpil-monitor-id=\"4927\">cannabis industry already a multi-billion dollar market<\/a> and the future opportunities that will arise as more countries understand its value and regulate their laws accordingly, it&#8217;s easy to see why potash fertilizers are such a valuable investment. Its importance is reflected in its <a href=\"https:\/\/www.sisinternational.com\/pt\/solucoes\/pesquisa-de-consultoria-em-estrategia-fintech\/pesquisa-de-mercado-de-precos\/\" title=\"Pesquisa de mercado de pre\u00e7os\"  data-wpil-monitor-id=\"8174\">prices on the stock markets<\/a>, which are steadily rising.<\/p>","protected":false},"excerpt":{"rendered":"<p>A produ\u00e7\u00e3o constante de fertilizante \u00e0 base de pot\u00e1ssio na agricultura permite o aumento da produ\u00e7\u00e3o de alimentos, ajuda a fome no mundo e preserva o rendimento das colheitas.<\/p>","protected":false},"author":1,"featured_media":63139,"parent":14514,"menu_order":186,"comment_status":"closed","ping_status":"closed","template":"","meta":{"footnotes":""},"class_list":["post-41574","page","type-page","status-publish","has-post-thumbnail"],"_links":{"self":[{"href":"https:\/\/www.sisinternational.com\/pt\/wp-json\/wp\/v2\/pages\/41574","targetHints":{"allow":["GET"]}}],"collection":[{"href":"https:\/\/www.sisinternational.com\/pt\/wp-json\/wp\/v2\/pages"}],"about":[{"href":"https:\/\/www.sisinternational.com\/pt\/wp-json\/wp\/v2\/types\/page"}],"author":[{"embeddable":true,"href":"https:\/\/www.sisinternational.com\/pt\/wp-json\/wp\/v2\/users\/1"}],"replies":[{"embeddable":true,"href":"https:\/\/www.sisinternational.com\/pt\/wp-json\/wp\/v2\/comments?post=41574"}],"version-history":[{"count":5,"href":"https:\/\/www.sisinternational.com\/pt\/wp-json\/wp\/v2\/pages\/41574\/revisions"}],"predecessor-version":[{"id":81376,"href":"https:\/\/www.sisinternational.com\/pt\/wp-json\/wp\/v2\/pages\/41574\/revisions\/81376"}],"up":[{"embeddable":true,"href":"https:\/\/www.sisinternational.com\/pt\/wp-json\/wp\/v2\/pages\/14514"}],"wp:featuredmedia":[{"embeddable":true,"href":"https:\/\/www.sisinternational.com\/pt\/wp-json\/wp\/v2\/media\/63139"}],"wp:attachment":[{"href":"https:\/\/www.sisinternational.com\/pt\/wp-json\/wp\/v2\/media?parent=41574"}],"curies":[{"name":"wp","href":"https:\/\/api.w.org\/{rel}","templated":true}]}}