{"id":41568,"date":"2023-02-13T04:01:17","date_gmt":"2023-02-13T04:01:17","guid":{"rendered":"https:\/\/www.sisinternational.com\/?page_id=41568"},"modified":"2026-01-24T21:27:18","modified_gmt":"2026-01-25T02:27:18","slug":"pesquisa-de-mercado-de-oleo-vegetal","status":"publish","type":"page","link":"https:\/\/www.sisinternational.com\/pt\/pericia\/pesquisa-de-mercado-de-oleo-vegetal\/","title":{"rendered":"Pesquisa de mercado de \u00f3leos vegetais"},"content":{"rendered":"<h1 class=\"wp-block-heading\">Pesquisa de mercado de \u00f3leos vegetais<\/h1>\n\n\n\n<figure class=\"gb-block-image gb-block-image-61d16bc2\"><img loading=\"lazy\" decoding=\"async\" width=\"1456\" height=\"816\" class=\"gb-image gb-image-61d16bc2\" src=\"https:\/\/www.sisinternational.com\/wp-content\/uploads\/2025\/08\/Palm-oiil-2.jpg\" alt=\"Pesquisa e Estrat\u00e9gia de Mercado Internacional da SIS\" title=\"Palm oiil (2)\" srcset=\"https:\/\/www.sisinternational.com\/wp-content\/uploads\/2025\/08\/Palm-oiil-2.jpg 1456w, https:\/\/www.sisinternational.com\/wp-content\/uploads\/2025\/08\/Palm-oiil-2-300x168.jpg 300w, https:\/\/www.sisinternational.com\/wp-content\/uploads\/2025\/08\/Palm-oiil-2-1024x574.jpg 1024w, https:\/\/www.sisinternational.com\/wp-content\/uploads\/2025\/08\/Palm-oiil-2-768x430.jpg 768w, https:\/\/www.sisinternational.com\/wp-content\/uploads\/2025\/08\/Palm-oiil-2-18x10.jpg 18w\" sizes=\"auto, (max-width: 1456px) 100vw, 1456px\"><\/figure>\n\n\n\n<p><\/p>\n\n\n\n<h2 class=\"wp-block-heading\">O que \u00e9 \u00f3leo vegetal?<\/h2>\n\n\n\n<p>O \u00f3leo vegetal vem de \u00f3leos vegetais extra\u00eddos n\u00e3o apenas de vegetais, mas tamb\u00e9m de sementes, nozes, gr\u00e3os ou alguns tipos de frutas. Possui grandes variedades, mas cada uma \u00e9 extremamente vers\u00e1til, atendendo a diversas finalidades na cozinha, como cozinhar, fritar, refogar, assar e temperar. A sua finalidade n\u00e3o termina na cozinha ou na ind\u00fastria alimentar. O \u00f3leo vegetal \u00e9 um ingrediente importante para muitos outros usos industriais e pecu\u00e1rios.<\/p>\n\n\n\n<h2 class=\"wp-block-heading\">Como \u00e9 feito o \u00f3leo vegetal?<\/h2>\n\n\n\n<p>As t\u00e9cnicas modernas de extra\u00e7\u00e3o podem extrair at\u00e9 98% do conte\u00fado de \u00f3leo em algumas plantas, ao contr\u00e1rio dos m\u00e9todos dispon\u00edveis nos primeiros tempos, onde apenas 10% de \u00f3leo podiam ser extra\u00eddos. Tais t\u00e9cnicas tornam a extra\u00e7\u00e3o de \u00f3leo de nozes e sementes mais eficiente e permitem que diferentes variedades de \u00f3leos vegetais estejam dispon\u00edveis no mercado.<\/p>\n\n\n\n<h2 class=\"wp-block-heading\">A extra\u00e7\u00e3o de \u00f3leos vegetais envolve um processo de quatro etapas que inclui o seguinte:<\/h2>\n\n\n\n<h3 class=\"wp-block-heading\">Limpeza<\/h3>\n\n\n\n<p>As sementes ou nozes devem passar por um processo de limpeza completo e depois passar por \u00edm\u00e3s para remover vest\u00edgios de metal. A pele ser\u00e1 removida e depois esmagada mecanicamente antes de ser aquecida.<\/p>\n\n\n\n<h3 class=\"wp-block-heading\">Pressionando<\/h3>\n\n\n\n<p>As sementes ou nozes trituradas e aquecidas ser\u00e3o prensadas mecanicamente, o que extrai o \u00f3leo.<\/p>\n\n\n\n<h3 class=\"wp-block-heading\">Extra\u00e7\u00e3o de solvente<\/h3>\n\n\n\n<p>Para uma extra\u00e7\u00e3o mais eficiente, um solvente ser\u00e1 adicionado ao \u00f3leo dissolvido assim que a \u201ctorta\u201d for removida. E ent\u00e3o, passar\u00e1 por destila\u00e7\u00e3o para retirada do solvente.<\/p>\n\n\n\n<h3 class=\"wp-block-heading\">Refino<\/h3>\n\n\n\n<p>O processo de refinamento envolve aquecer o \u00f3leo a 85 \u00b0C e mistur\u00e1-lo com uma subst\u00e2ncia alcalina. Posteriormente, o \u00f3leo ser\u00e1 tratado com \u00e1gua ou \u00e1cido para degom\u00e1-lo. Os \u00f3leos ser\u00e3o ent\u00e3o branqueados para remover as cores naturais. Por \u00faltimo, o vapor desodorizar\u00e1 os \u00f3leos e uma pequena quantidade de \u00e1cido c\u00edtrico ser\u00e1 adicionada para eliminar vest\u00edgios de materiais que podem reduzir a vida \u00fatil do \u00f3leo.<\/p>\n\n\n\n<h2 class=\"wp-block-heading\">Benef\u00edcios para a sa\u00fade<\/h2>\n\n\n\n<p>Some of the common vegetable <a href=\"https:\/\/www.sisinternational.com\/pt\/pericia\/industrias\/pesquisa-de-mercado-de-petroleo-e-gas\/\" title=\"Pesquisa de mercado de petr\u00f3leo e g\u00e1s\"  data-wpil-monitor-id=\"3088\">oils in the market<\/a> include sunflower oil, palm oil, canola oil, hazelnut oil, soybean oil, almond oil, and olive oil, to mention a few. These are known for providing many health benefits, particularly in controlling heart health.<\/p>\n\n\n\n<p>Os \u00f3leos vegetais cont\u00eam triglicer\u00eddeos como os encontrados em gorduras animais, como manteiga e banha. Mas, quando consumido em quantidades saud\u00e1veis, pode ajudar a controlar os n\u00edveis de colesterol, a\u00e7\u00facar no sangue e press\u00e3o arterial, reduzindo os riscos de doen\u00e7as cardiovasculares.<\/p>\n\n\n\n<p>Alguns \u00f3leos vegetais s\u00e3o ricos em vitamina E, um antioxidante que promove a imunidade e ajuda o corpo a combater os radicais livres. Al\u00e9m disso, os \u00f3leos vegetais tamb\u00e9m podem reduzir o risco de c\u00e2ncer de mama quando usados regularmente. Outros benef\u00edcios dos \u00f3leos vegetais para a sa\u00fade podem incluir a melhoria do metabolismo, a promo\u00e7\u00e3o do crescimento e repara\u00e7\u00e3o celular, a melhoria do humor, a preven\u00e7\u00e3o da osteoporose e muito mais.<\/p>\n\n\n\n<h2 class=\"wp-block-heading\">Ind\u00fastria aliment\u00edcia<\/h2>\n\n\n\n<p>Muitos restaurantes e empresas aliment\u00edcias usam \u00f3leos vegetais para cozinhar e fritar. Esses \u00f3leos podem resistir ao cozimento em altas temperaturas, o que n\u00e3o causa fuma\u00e7a e cria um sabor amargo e queimado nos alimentos. Al\u00e9m disso, esses \u00f3leos t\u00eam sabor suave ou nenhum sabor, o que n\u00e3o afeta o sabor de molhos para salada, p\u00e3es, bolos e outros produtos assados. Isso torna os \u00f3leos vegetais muito procurados na ind\u00fastria aliment\u00edcia.<\/p>\n\n\n\n<h2 class=\"wp-block-heading\">Outros usos industriais<\/h2>\n\n\n\n<figure class=\"gb-block-image gb-block-image-bc6b5ff4\"><img loading=\"lazy\" decoding=\"async\" width=\"1456\" height=\"816\" class=\"gb-image gb-image-bc6b5ff4\" src=\"https:\/\/www.sisinternational.com\/wp-content\/uploads\/2025\/08\/Palm-oiil-1.jpg\" alt=\"Pesquisa e Estrat\u00e9gia de Mercado Internacional da SIS\" title=\"Palm oiil (1)\" srcset=\"https:\/\/www.sisinternational.com\/wp-content\/uploads\/2025\/08\/Palm-oiil-1.jpg 1456w, https:\/\/www.sisinternational.com\/wp-content\/uploads\/2025\/08\/Palm-oiil-1-300x168.jpg 300w, https:\/\/www.sisinternational.com\/wp-content\/uploads\/2025\/08\/Palm-oiil-1-1024x574.jpg 1024w, https:\/\/www.sisinternational.com\/wp-content\/uploads\/2025\/08\/Palm-oiil-1-768x430.jpg 768w, https:\/\/www.sisinternational.com\/wp-content\/uploads\/2025\/08\/Palm-oiil-1-18x10.jpg 18w\" sizes=\"auto, (max-width: 1456px) 100vw, 1456px\"><\/figure>\n\n\n\n<p><\/p>\n\n\n\n<p>Os \u00f3leos vegetais s\u00e3o ingredientes importantes na fabrica\u00e7\u00e3o de sabonetes, detergentes, produtos para a pele, velas, perfumes e outros itens de higiene pessoal.<\/p>\n\n\n\n<p>Alguns \u00f3leos vegetais tamb\u00e9m s\u00e3o usados em formula\u00e7\u00f5es de tintas e produtos de tratamento de madeira. Estes tamb\u00e9m s\u00e3o usados como mat\u00e9ria-prima para a produ\u00e7\u00e3o de biocombust\u00edveis. A produ\u00e7\u00e3o de \u00f3leos vegetais tamb\u00e9m produz ra\u00e7\u00f5es para o gado como subproduto.<\/p>\n\n\n\n<h2 class=\"wp-block-heading\">Principais cargos<\/h2>\n\n\n\n<p>A ind\u00fastria de \u00f3leos vegetais precisa de v\u00e1rias habilidades especializadas em agricultura e cultivo e manejo de jardins. Pessoas com forma\u00e7\u00e3o respeit\u00e1vel em engenharia, ci\u00eancia e tecnologia e \u00e1reas afins tamb\u00e9m podem encontrar uma carreira nesta \u00e1rea. \u00c0 medida que a ind\u00fastria se expande, haver\u00e1 mais cargos dispon\u00edveis.<\/p>\n\n\n\n<h3 class=\"wp-block-heading\">Abaixo inclui alguns dos principais cargos:<\/h3>\n\n\n\n<ul class=\"wp-block-list\">\n<li>Horticultor<\/li>\n\n\n\n<li>Analista de Mat\u00e9rias-primas<\/li>\n\n\n\n<li>T\u00e9cnico de laborat\u00f3rio<\/li>\n\n\n\n<li>Gerenciador de extra\u00e7\u00e3o<\/li>\n\n\n\n<li>Gerente de Opera\u00e7\u00f5es da Planta<\/li>\n\n\n\n<li>Gerente Geral de Planta\u00e7\u00e3o<\/li>\n\n\n\n<li>Operador de Processo<\/li>\n\n\n\n<li>Operador Agr\u00edcola<\/li>\n\n\n\n<li>Engenheiro de F\u00e1brica<\/li>\n\n\n\n<li>Mec\u00e2nico de Manuten\u00e7\u00e3o<\/li>\n<\/ul>\n\n\n\n<h2 class=\"wp-block-heading\">Por que as empresas precisam de pesquisas de mercado de \u00f3leos vegetais?<\/h2>\n\n\n\n<p>Devido \u00e0 alta versatilidade, baixo custo de produ\u00e7\u00e3o e ampla disponibilidade de \u00f3leos vegetais, sua demanda no mercado tem aumentado continuamente.<\/p>\n\n\n\n<p>Os \u00f3leos vegetais cont\u00eam triglicer\u00eddeos, comumente conhecidos como gorduras, que podem ser um bom substituto para gorduras animais e produtos petroqu\u00edmicos para aplica\u00e7\u00f5es aliment\u00edcias e n\u00e3o aliment\u00edcias. Em linha com isto, a ind\u00fastria alimentar est\u00e1 em constante expans\u00e3o, juntamente com v\u00e1rios fabricantes que trabalham em diferentes inova\u00e7\u00f5es de produtos.<\/p>\n\n\n\n<p>Por estas raz\u00f5es, o mercado de \u00f3leos vegetais continua em expans\u00e3o. Al\u00e9m disso, muitos clientes mudaram para \u00f3leos vegetais devido aos seus benef\u00edcios para a sa\u00fade.<\/p>\n\n\n\n<p>Vegetable <a href=\"https:\/\/www.sisinternational.com\/pt\/solucoes\/pesquisa-de-mercado-de-oleodutos-e-gasodutos\/\" title=\"Pesquisa de mercado de oleodutos e gasodutos\"  data-wpil-monitor-id=\"2156\">oil market research<\/a> can help businesses gain valuable information from the current market conditions, consumers&#8217; insights and preferences, competitors&#8217; strategies, and industry trends.<\/p>\n\n\n\n<p>Isso pode ajudar as empresas a tomar decis\u00f5es estrat\u00e9gicas na melhoria de seus produtos, pre\u00e7os e marketing, bem como identificar potencial crescimento e expans\u00e3o para permanecerem competitivas no setor.<\/p>\n\n\n\n<h2 class=\"wp-block-heading\">Principais fatores de sucesso<\/h2>\n\n\n\n<p>A pesquisa de mercado \u00e9 essencial para identificar fatores que ajudar\u00e3o as empresas a crescer e permanecer competitivas. As empresas devem concentrar-se na recolha de dados de fontes fi\u00e1veis e na sua an\u00e1lise utilizando t\u00e9cnicas estat\u00edsticas adequadas.<\/p>\n\n\n\n<p>Uma an\u00e1lise criteriosa ajudar\u00e1 as empresas a obter uma compreens\u00e3o profunda das condi\u00e7\u00f5es e tend\u00eancias atuais na ind\u00fastria de \u00f3leos vegetais. N\u00e3o s\u00f3 isso, mas as empresas tamb\u00e9m devem identificar os seus objetivos espec\u00edficos para determinar o risco e o crescimento potenciais e compreender as prefer\u00eancias de cada cliente.<\/p>\n\n\n\n<p>Para que as empresas tomem decis\u00f5es estrat\u00e9gicas, tamb\u00e9m \u00e9 crucial que a pesquisa seja feita em tempo h\u00e1bil, fornecendo recomenda\u00e7\u00f5es que ajudem as empresas a tomar decis\u00f5es estrat\u00e9gicas.<\/p>\n\n\n\n<p>With the influence of technology in the cultivation, production, and distribution of vegetable oils, research can help evaluate its impact on the market. Most importantly, research can also help businesses understand the attitudes and preferences of customers towards <a href=\"https:\/\/www.sisinternational.com\/pt\/pericia\/industrias\/pesquisa-de-mercado-de-oleo-de-palma\/\" title=\"Pesquisa de mercado de \u00f3leo de palma\"  data-wpil-monitor-id=\"3462\">vegetable<\/a> oils.<\/p>\n\n\n\n<h2 class=\"wp-block-heading\">Sobre a pesquisa de mercado de \u00f3leo vegetal<\/h2>\n\n\n\n<figure class=\"gb-block-image gb-block-image-bd68a6d6\"><img loading=\"lazy\" decoding=\"async\" width=\"1456\" height=\"816\" class=\"gb-image gb-image-bd68a6d6\" src=\"https:\/\/www.sisinternational.com\/wp-content\/uploads\/2025\/08\/Palm-oiil-4.jpg\" alt=\"Pesquisa e Estrat\u00e9gia de Mercado Internacional da SIS\" title=\"Palm oiil (4)\" srcset=\"https:\/\/www.sisinternational.com\/wp-content\/uploads\/2025\/08\/Palm-oiil-4.jpg 1456w, https:\/\/www.sisinternational.com\/wp-content\/uploads\/2025\/08\/Palm-oiil-4-300x168.jpg 300w, https:\/\/www.sisinternational.com\/wp-content\/uploads\/2025\/08\/Palm-oiil-4-1024x574.jpg 1024w, https:\/\/www.sisinternational.com\/wp-content\/uploads\/2025\/08\/Palm-oiil-4-768x430.jpg 768w, https:\/\/www.sisinternational.com\/wp-content\/uploads\/2025\/08\/Palm-oiil-4-18x10.jpg 18w\" sizes=\"auto, (max-width: 1456px) 100vw, 1456px\"><\/figure>\n\n\n\n<p><\/p>\n\n\n\n<p>\u00c0 medida que o mercado de vegetais cresce continuamente, \u00e9 importante conhecer as suas condi\u00e7\u00f5es e tend\u00eancias actuais atrav\u00e9s da recolha e an\u00e1lise de dados precisos para identificar v\u00e1rios factores que podem afectar as empresas e ajud\u00e1-las a manterem-se competitivas na ind\u00fastria.<\/p>\n\n\n\n<p>A SIS International oferece Pesquisa Quantitativa, Qualitativa e Estrat\u00e9gica. Fornecemos dados, ferramentas, estrat\u00e9gias, relat\u00f3rios e insights para tomada de decis\u00f5es. Conduzimos entrevistas, pesquisas, grupos focais e muitos outros m\u00e9todos e abordagens de Pesquisa de Mercado. Contate-nos para o seu pr\u00f3ximo projeto de Pesquisa de Mercado.<\/p>","protected":false},"excerpt":{"rendered":"<p>Devido \u00e0 alta versatilidade, baixo custo de produ\u00e7\u00e3o e disponibilidade geral de \u00f3leos vegetais, a demanda do mercado tem aumentado continuamente.<\/p>","protected":false},"author":1,"featured_media":64224,"parent":14514,"menu_order":185,"comment_status":"closed","ping_status":"closed","template":"","meta":{"footnotes":""},"class_list":["post-41568","page","type-page","status-publish","has-post-thumbnail"],"_links":{"self":[{"href":"https:\/\/www.sisinternational.com\/pt\/wp-json\/wp\/v2\/pages\/41568","targetHints":{"allow":["GET"]}}],"collection":[{"href":"https:\/\/www.sisinternational.com\/pt\/wp-json\/wp\/v2\/pages"}],"about":[{"href":"https:\/\/www.sisinternational.com\/pt\/wp-json\/wp\/v2\/types\/page"}],"author":[{"embeddable":true,"href":"https:\/\/www.sisinternational.com\/pt\/wp-json\/wp\/v2\/users\/1"}],"replies":[{"embeddable":true,"href":"https:\/\/www.sisinternational.com\/pt\/wp-json\/wp\/v2\/comments?post=41568"}],"version-history":[{"count":6,"href":"https:\/\/www.sisinternational.com\/pt\/wp-json\/wp\/v2\/pages\/41568\/revisions"}],"predecessor-version":[{"id":77674,"href":"https:\/\/www.sisinternational.com\/pt\/wp-json\/wp\/v2\/pages\/41568\/revisions\/77674"}],"up":[{"embeddable":true,"href":"https:\/\/www.sisinternational.com\/pt\/wp-json\/wp\/v2\/pages\/14514"}],"wp:featuredmedia":[{"embeddable":true,"href":"https:\/\/www.sisinternational.com\/pt\/wp-json\/wp\/v2\/media\/64224"}],"wp:attachment":[{"href":"https:\/\/www.sisinternational.com\/pt\/wp-json\/wp\/v2\/media?parent=41568"}],"curies":[{"name":"wp","href":"https:\/\/api.w.org\/{rel}","templated":true}]}}