{"id":41566,"date":"2023-02-13T03:45:32","date_gmt":"2023-02-13T03:45:32","guid":{"rendered":"https:\/\/www.sisinternational.com\/?page_id=41566"},"modified":"2026-01-24T18:52:36","modified_gmt":"2026-01-24T23:52:36","slug":"dados-de-treinamento-pesquisa-de-mercado","status":"publish","type":"page","link":"https:\/\/www.sisinternational.com\/pt\/pericia\/dados-de-treinamento-pesquisa-de-mercado\/","title":{"rendered":"Pesquisa de mercado de dados de treinamento"},"content":{"rendered":"<h1 class=\"wp-block-heading\">Pesquisa de mercado de dados de treinamento<\/h1>\n\n\n\n<figure class=\"gb-block-image gb-block-image-d8516ef6\"><img loading=\"lazy\" decoding=\"async\" width=\"1456\" height=\"816\" class=\"gb-image gb-image-d8516ef6\" src=\"https:\/\/www.sisinternational.com\/wp-content\/uploads\/2025\/08\/Data-37.jpg\" alt=\"Pesquisa e Estrat\u00e9gia de Mercado Internacional da SIS\" title=\"Data (37)\" srcset=\"https:\/\/www.sisinternational.com\/wp-content\/uploads\/2025\/08\/Data-37.jpg 1456w, https:\/\/www.sisinternational.com\/wp-content\/uploads\/2025\/08\/Data-37-300x168.jpg 300w, https:\/\/www.sisinternational.com\/wp-content\/uploads\/2025\/08\/Data-37-1024x574.jpg 1024w, https:\/\/www.sisinternational.com\/wp-content\/uploads\/2025\/08\/Data-37-768x430.jpg 768w, https:\/\/www.sisinternational.com\/wp-content\/uploads\/2025\/08\/Data-37-18x10.jpg 18w\" sizes=\"auto, (max-width: 1456px) 100vw, 1456px\"><\/figure>\n\n\n\n<p><\/p>\n\n\n\n<h2 class=\"wp-block-heading\">O que s\u00e3o dados de treinamento?<\/h2>\n\n\n\n<p>O aprendizado de m\u00e1quina (ML) pode realizar feitos incr\u00edveis. Ele pode automatizar insights poderosos a partir de dados de texto. O ML funciona com tudo, desde pesquisas a documentos e e-mails. Ele tamb\u00e9m pode usar tickets de suporte ao cliente e m\u00eddias sociais. Mas primeiro, voc\u00ea precisa ter os dados de treinamento corretos para garantir que seus modelos de ML sejam configurados para o sucesso.<\/p>\n\n\n\n<p>Dados de treinamento s\u00e3o os dados iniciais usados para treinar modelos de ML. Geralmente \u00e9 um conjunto de dados enorme. Os cientistas de dados o utilizam para ensinar modelos de previs\u00e3o que usam algoritmos de ML. Eles mostram como extrair informa\u00e7\u00f5es relevantes para objetivos de neg\u00f3cios espec\u00edficos. Esses cientistas rotulam os dados de treinamento para modelos de ML supervisionados. Usar dados de treinamento em programas de ML \u00e9 um conceito simples.<\/p>\n\n\n\n<p>Os dados de treinamento de IA se enquadram em dois subconjuntos: aprendizagem supervisionada ou n\u00e3o supervisionada. A aprendizagem n\u00e3o supervisionada usa dados sem r\u00f3tulos. Os modelos devem, sem d\u00favida, encontrar padr\u00f5es nos dados para fazer infer\u00eancias e chegar a conclus\u00f5es. Mas a aprendizagem supervisionada \u00e9 diferente. Os humanos devem rotular, marcar ou anotar os dados ao us\u00e1-los. Eles ent\u00e3o o empregam para treinar o modelo para chegar \u00e0 conclus\u00e3o desejada.<\/p>\n\n\n\n<h2 class=\"wp-block-heading\">Por que a pesquisa de mercado de dados de treinamento \u00e9 importante?<\/h2>\n\n\n\n<p>IA e ML s\u00e3o novas ferramentas para os desenvolvedores criarem modelos mais eficientes e transformadores. Eles tornam as m\u00e1quinas inteligentes o suficiente para realizar diversas tarefas sem a ajuda de humanos. Igualmente importante, eles exigem dados de treinamento precisos para desenvolver os modelos de IA e ML. Esses dados de treinamento ajudam algoritmos. Ensina-lhes os padr\u00f5es ou s\u00e9ries de resultados que acompanham uma determinada pergunta.<\/p>\n\n\n\n<p>\u00c9 importante perceber que os Dados de Treinamento s\u00e3o essenciais para classificar conjuntos de dados em v\u00e1rios agrupamentos. Ajuda o algoritmo a encontrar e classificar objetos semelhantes no futuro. Se incorreto, pode prejudicar os resultados do modelo, o que pode causar falha no projeto de IA. Os dados de treinamento s\u00e3o a \u00fanica fonte que voc\u00ea pode usar como entrada em seus algoritmos. Isso ajudar\u00e1 seu modelo de IA a obter as informa\u00e7\u00f5es de que precisa. Em seguida, usar\u00e1 essas informa\u00e7\u00f5es para tomar decis\u00f5es cruciais como os humanos.<\/p>\n\n\n\n<h2 class=\"wp-block-heading\">Principais cargos em dados de treinamento<\/h2>\n\n\n\n<figure class=\"gb-block-image gb-block-image-19210f89\"><img loading=\"lazy\" decoding=\"async\" width=\"1456\" height=\"816\" class=\"gb-image gb-image-19210f89\" src=\"https:\/\/www.sisinternational.com\/wp-content\/uploads\/2025\/08\/Data-34.jpg\" alt=\"Pesquisa e Estrat\u00e9gia de Mercado Internacional da SIS\" title=\"Data (34)\" srcset=\"https:\/\/www.sisinternational.com\/wp-content\/uploads\/2025\/08\/Data-34.jpg 1456w, https:\/\/www.sisinternational.com\/wp-content\/uploads\/2025\/08\/Data-34-300x168.jpg 300w, https:\/\/www.sisinternational.com\/wp-content\/uploads\/2025\/08\/Data-34-1024x574.jpg 1024w, https:\/\/www.sisinternational.com\/wp-content\/uploads\/2025\/08\/Data-34-768x430.jpg 768w, https:\/\/www.sisinternational.com\/wp-content\/uploads\/2025\/08\/Data-34-18x10.jpg 18w\" sizes=\"auto, (max-width: 1456px) 100vw, 1456px\"><\/figure>\n\n\n\n<p><\/p>\n\n\n\n<p>A ci\u00eancia de dados continua a ser uma carreira promissora e muito procurada por profissionais qualificados. Muitos cargos podem usar dados de treinamento. Esses t\u00edtulos incluem analista de sistemas de computador, estat\u00edstico, administrador de banco de dados e desenvolvedor de software. Outros trabalhos na \u00e1rea s\u00e3o analista de redes de computadores, analista de dados e cientista de dados. Depois, h\u00e1 o engenheiro de dados e o gerente de dados. Existem muitas vagas de emprego para cientistas de dados. H\u00e1 tamb\u00e9m uma necessidade crescente de engenheiros de dados.<\/p>\n\n\n\n<p>There\u2019s also the \u201chuman in the loop.\u201d This term refers to the people involved in gathering and preparing Training Data. They <a href=\"https:\/\/www.sisinternational.com\/pt\/cobertura\/europa\/pesquisa-de-mercado-em-liverpool-reino-unido\/\" title=\"Pesquisa de Mercado em Liverpool | Grupos focais e coleta de dados no Reino Unido\"  data-wpil-monitor-id=\"8349\">collect raw data<\/a> from many sources. These sources include social media platforms, IoT devices, customer feedback, and websites. They then prepare the data by cleaning it and accounting for missing values. After that, they remove outliers and tag data points. The last step is to load it into suitable places for training ML algorithms.<\/p>\n\n\n\n<h2 class=\"wp-block-heading\">Por que as empresas precisam de dados de treinamento?<\/h2>\n\n\n\n<p>The use of AI and ML is only possible with ample amounts of high-quality Training Data. It plays a vital role in the model learning anything relevant. It is the backbone of any ML system. With enough Training Data, a machine can discover patterns and solve problems. Deficient or low-quality Training Data could <a href=\"https:\/\/www.sisinternational.com\/pt\/optimized-management-system-for-a-leading-us-immigration-law-firm\/\" title=\"Optimized Management System for a Leading US Immigration law firm\"  data-wpil-monitor-id=\"8351\">lead<\/a> to the failure of your ML system.<\/p>\n\n\n\n<h2 class=\"wp-block-heading\">Sobre a pesquisa de mercado de dados de treinamento<\/h2>\n\n\n\n<figure class=\"gb-block-image gb-block-image-192c4764\"><img loading=\"lazy\" decoding=\"async\" width=\"1456\" height=\"816\" class=\"gb-image gb-image-192c4764\" src=\"https:\/\/www.sisinternational.com\/wp-content\/uploads\/2025\/08\/Data-25.jpg\" alt=\"Pesquisa e Estrat\u00e9gia de Mercado Internacional da SIS\" title=\"Data (25)\" srcset=\"https:\/\/www.sisinternational.com\/wp-content\/uploads\/2025\/08\/Data-25.jpg 1456w, https:\/\/www.sisinternational.com\/wp-content\/uploads\/2025\/08\/Data-25-300x168.jpg 300w, https:\/\/www.sisinternational.com\/wp-content\/uploads\/2025\/08\/Data-25-1024x574.jpg 1024w, https:\/\/www.sisinternational.com\/wp-content\/uploads\/2025\/08\/Data-25-768x430.jpg 768w, https:\/\/www.sisinternational.com\/wp-content\/uploads\/2025\/08\/Data-25-18x10.jpg 18w\" sizes=\"auto, (max-width: 1456px) 100vw, 1456px\"><\/figure>\n\n\n\n<p><\/p>\n\n\n\n<p>Quantitativo <a href=\"https:\/\/www.sisinternational.com\/pt\/solucoes\/pesquisa-de-mercado-de-ia-e-consultoria-estrategica\/ciencia-de-dados-e-pesquisa-de-mercado-de-ia\/\" title=\"Pesquisa de mercado de IA em ci\u00eancia de dados\"  data-wpil-monitor-id=\"2395\">Market Research can reveal complex data<\/a> about the state of your business. Qualitative Market Research aims to explain the factors that led to that state. It focuses on the reasons and motives behind consumers\u2019 actions and desires. It also looks at their opinions and expectations. Companies can use it to gain insights that they can act on to improve their <a href=\"https:\/\/www.sisinternational.com\/pt\/solucoes\/consultoria-estrategica\/consultoria-em-estrategia-de-pesquisa-de-mercado-de-responsabilidade-do-produto\/\" title=\"Pesquisa de mercado de responsabilidade do produto e consultoria estrat\u00e9gica\"  data-wpil-monitor-id=\"8350\">products and strategies<\/a>.<\/p>\n\n\n\n<p>Voc\u00ea pode alimentar ambos os tipos de dados em seus modelos de treinamento para obter os resultados desejados. \u00c0 medida que voc\u00ea continua treinando seu modelo, ele se tornar\u00e1 mais s\u00e1bio, por isso \u00e9 melhor ter muitos dados de treinamento do que poucos.<\/p>","protected":false},"excerpt":{"rendered":"<p>Dados de treinamento s\u00e3o os dados iniciais usados para treinar modelos de ML. \u00c9 um conjunto de dados gigante que os cientistas usam com modelos de previs\u00e3o usando algoritmos de ML.<\/p>","protected":false},"author":1,"featured_media":64375,"parent":14514,"menu_order":184,"comment_status":"closed","ping_status":"closed","template":"","meta":{"footnotes":""},"class_list":["post-41566","page","type-page","status-publish","has-post-thumbnail"],"_links":{"self":[{"href":"https:\/\/www.sisinternational.com\/pt\/wp-json\/wp\/v2\/pages\/41566","targetHints":{"allow":["GET"]}}],"collection":[{"href":"https:\/\/www.sisinternational.com\/pt\/wp-json\/wp\/v2\/pages"}],"about":[{"href":"https:\/\/www.sisinternational.com\/pt\/wp-json\/wp\/v2\/types\/page"}],"author":[{"embeddable":true,"href":"https:\/\/www.sisinternational.com\/pt\/wp-json\/wp\/v2\/users\/1"}],"replies":[{"embeddable":true,"href":"https:\/\/www.sisinternational.com\/pt\/wp-json\/wp\/v2\/comments?post=41566"}],"version-history":[{"count":5,"href":"https:\/\/www.sisinternational.com\/pt\/wp-json\/wp\/v2\/pages\/41566\/revisions"}],"predecessor-version":[{"id":81403,"href":"https:\/\/www.sisinternational.com\/pt\/wp-json\/wp\/v2\/pages\/41566\/revisions\/81403"}],"up":[{"embeddable":true,"href":"https:\/\/www.sisinternational.com\/pt\/wp-json\/wp\/v2\/pages\/14514"}],"wp:featuredmedia":[{"embeddable":true,"href":"https:\/\/www.sisinternational.com\/pt\/wp-json\/wp\/v2\/media\/64375"}],"wp:attachment":[{"href":"https:\/\/www.sisinternational.com\/pt\/wp-json\/wp\/v2\/media?parent=41566"}],"curies":[{"name":"wp","href":"https:\/\/api.w.org\/{rel}","templated":true}]}}