{"id":41557,"date":"2023-02-13T03:15:47","date_gmt":"2023-02-13T03:15:47","guid":{"rendered":"https:\/\/www.sisinternational.com\/?page_id=41557"},"modified":"2026-01-24T21:21:41","modified_gmt":"2026-01-25T02:21:41","slug":"pesquisa-de-mercado-de-solventes","status":"publish","type":"page","link":"https:\/\/www.sisinternational.com\/pt\/pericia\/pesquisa-de-mercado-de-solventes\/","title":{"rendered":"Pesquisa de mercado de solventes"},"content":{"rendered":"<h1 class=\"wp-block-heading\">Pesquisa de mercado de solventes<\/h1>\n\n\n\n<figure class=\"gb-block-image gb-block-image-0035eaec\"><img loading=\"lazy\" decoding=\"async\" width=\"1456\" height=\"816\" class=\"gb-image gb-image-0035eaec\" src=\"https:\/\/www.sisinternational.com\/wp-content\/uploads\/2025\/08\/Solvent-3.jpg\" alt=\"Pesquisa e Estrat\u00e9gia de Mercado Internacional da SIS\" title=\"Solvent (3)\" srcset=\"https:\/\/www.sisinternational.com\/wp-content\/uploads\/2025\/08\/Solvent-3.jpg 1456w, https:\/\/www.sisinternational.com\/wp-content\/uploads\/2025\/08\/Solvent-3-300x168.jpg 300w, https:\/\/www.sisinternational.com\/wp-content\/uploads\/2025\/08\/Solvent-3-1024x574.jpg 1024w, https:\/\/www.sisinternational.com\/wp-content\/uploads\/2025\/08\/Solvent-3-768x430.jpg 768w, https:\/\/www.sisinternational.com\/wp-content\/uploads\/2025\/08\/Solvent-3-18x10.jpg 18w\" sizes=\"auto, (max-width: 1456px) 100vw, 1456px\"><\/figure>\n\n\n\n<p><\/p>\n\n\n\n<h2 class=\"wp-block-heading\">O que s\u00e3o solventes?<\/h2>\n\n\n\n<p>A maioria dos solventes est\u00e1 na forma l\u00edquida. Sua fun\u00e7\u00e3o \u00e9 suspender, dissolver ou extrair outras subst\u00e2ncias. Eles t\u00eam que fazer isso sem alterar a composi\u00e7\u00e3o qu\u00edmica do solvente ou de outras subst\u00e2ncias. Diferentes solventes atendem a necessidades espec\u00edficas para fabricar produtos com as melhores caracter\u00edsticas de desempenho. Por exemplo, as tintas que n\u00e3o mancham s\u00e3o solventes, assim como as tintas em spray que secam rapidamente e n\u00e3o obstruem o bico de pulveriza\u00e7\u00e3o. Outro exemplo s\u00e3o as tintas comuns que t\u00eam boa apar\u00eancia e duram muito tempo. Outra s\u00e3o os produtos de limpeza fortes, bons para trabalhos dif\u00edceis e gordurosos.<\/p>\n\n\n\n<p>Usamos solventes para tudo, desde produtos qu\u00edmicos para lavagem a seco at\u00e9 removedores de esmalte. Eles tamb\u00e9m est\u00e3o presentes em alguns medicamentos. A maioria \u00e9 inofensiva, mas alguns s\u00e3o inseguros. Muitos dos solventes em uso hoje s\u00e3o compostos org\u00e2nicos vol\u00e1teis. Assim, a ind\u00fastria de solventes necessita de encontrar substitutos mais seguros e eficientes. A maioria dos solventes s\u00e3o l\u00edquidos, mas tamb\u00e9m podem ser s\u00f3lidos ou gasosos.<\/p>\n\n\n\n<h2 class=\"wp-block-heading\">Por que os solventes s\u00e3o importantes?<\/h2>\n\n\n\n<p>Os solventes s\u00e3o vitais na ind\u00fastria. Eles podem diluir, dissolver e absorver outros compostos. Eles fazem isso sem afetar suas propriedades qu\u00edmicas.<\/p>\n\n\n\n<p>Muitas pessoas referem-se \u00e0 \u00e1gua como solvente universal \u2013 embora n\u00e3o seja verdadeiramente universal. Eles se referem a isso dessa forma porque dissolve mais coisas do que qualquer outro l\u00edquido. Sua propriedade como solvente \u00e9 vital para a vida. Por que? Porque pode transportar minerais, produtos qu\u00edmicos e nutrientes essenciais. Os solventes tamb\u00e9m s\u00e3o componentes de muitos produtos vitais para a vida moderna.<\/p>\n\n\n\n<h2 class=\"wp-block-heading\">Principais cargos<\/h2>\n\n\n\n<figure class=\"gb-block-image gb-block-image-d3a45f11\"><img loading=\"lazy\" decoding=\"async\" width=\"1456\" height=\"816\" class=\"gb-image gb-image-d3a45f11\" src=\"https:\/\/www.sisinternational.com\/wp-content\/uploads\/2025\/08\/Solvent-4.jpg\" alt=\"Pesquisa e Estrat\u00e9gia de Mercado Internacional da SIS\" title=\"Solvent (4)\" srcset=\"https:\/\/www.sisinternational.com\/wp-content\/uploads\/2025\/08\/Solvent-4.jpg 1456w, https:\/\/www.sisinternational.com\/wp-content\/uploads\/2025\/08\/Solvent-4-300x168.jpg 300w, https:\/\/www.sisinternational.com\/wp-content\/uploads\/2025\/08\/Solvent-4-1024x574.jpg 1024w, https:\/\/www.sisinternational.com\/wp-content\/uploads\/2025\/08\/Solvent-4-768x430.jpg 768w, https:\/\/www.sisinternational.com\/wp-content\/uploads\/2025\/08\/Solvent-4-18x10.jpg 18w\" sizes=\"auto, (max-width: 1456px) 100vw, 1456px\"><\/figure>\n\n\n\n<ul class=\"wp-block-list\">\n<li>Qu\u00edmico<\/li>\n\n\n\n<li>Gerente de Produ\u00e7\u00e3o<\/li>\n\n\n\n<li>Especialista em P&amp;D<\/li>\n\n\n\n<li>Especialista em Vendas e Marketing<\/li>\n\n\n\n<li>Engenheiro de Opera\u00e7\u00e3o de Caldeiras<\/li>\n\n\n\n<li>Trabalhador de planta de extra\u00e7\u00e3o de solventes<\/li>\n\n\n\n<li>Especialista em Compras<\/li>\n\n\n\n<li>Especialista em marketing<\/li>\n\n\n\n<li>Por que as empresas precisam de pesquisa de mercado de solventes<\/li>\n<\/ul>\n\n\n\n<p>Market Research starts with figuring out what data your business needs. Once you get that info, you can have it analyzed. For example, demand for chemical solvents from various end-use industries (such as construction) is rising. Researchers expect this will have a positive impact and drive the global market.&nbsp;From this example, it\u2019s easy to see how you can derive insights that will help you make business decisions. The last part is vital because our concern is about business outcomes. We use research to discover problems at the start of the journey, and then progress with it to test solutions.<\/p>\n\n\n\n<p>A pesquisa qualitativa de mercado \u00e9 vital. \u00c9 uma grande ajuda se voc\u00ea deseja abrir uma empresa solvente ou liderar um novo projeto. O mesmo acontece com a pesquisa quantitativa de mercado.<\/p>\n\n\n\n<p>Do you need to carry out <a href=\"https:\/\/www.sisinternational.com\/pt\/pericia\/industrias\/pesquisa-de-mercado-de-pesticidas\/\" title=\"Pesquisa de mercado de pesticidas\"  data-wpil-monitor-id=\"3381\">Pesquisa de oportunidades de mercado<\/a>? Not doing it is like planning a party at your home without inviting anyone. You can also liken it to traveling to a tropical island and packing woolen sweaters. Or buying a house without visiting the area.<\/p>\n\n\n\n<h2 class=\"wp-block-heading\">Principais fatores de sucesso<\/h2>\n\n\n\n<p>UX Market Research is a key success factor in the solvent industry. It provides vital insights into your customer\u2019s needs and behaviors. Another key success factor is Strategic Market Research. This type of <a href=\"https:\/\/www.sisinternational.com\/pt\/cobertura\/as-americas\/pesquisa-de-mercado-no-caribe\/pesquisa-de-mercado-granada\/\" title=\"Pesquisa de mercado em Granada\"  data-wpil-monitor-id=\"3388\">research broadly studies the solvent market<\/a> and its sources. It is vital if your company is going through an acquisition process.<\/p>\n\n\n\n<p>Outro fator de sucesso \u00e9 a An\u00e1lise Competitiva, que pode ajud\u00e1-lo a identificar oportunidades de inova\u00e7\u00e3o. Ele permite que voc\u00ea aprimore seus produtos e servi\u00e7os e promova seu neg\u00f3cio. Assim, voc\u00ea ofuscar\u00e1 as empresas rivais.<\/p>\n\n\n\n<h2 class=\"wp-block-heading\">Sobre a pesquisa de mercado de solventes<\/h2>\n\n\n\n<figure class=\"gb-block-image gb-block-image-34eda96d\"><img loading=\"lazy\" decoding=\"async\" width=\"1456\" height=\"816\" class=\"gb-image gb-image-34eda96d\" src=\"https:\/\/www.sisinternational.com\/wp-content\/uploads\/2025\/08\/Solvent-5.jpg\" alt=\"Pesquisa e Estrat\u00e9gia de Mercado Internacional da SIS\" title=\"Solvent (5)\" srcset=\"https:\/\/www.sisinternational.com\/wp-content\/uploads\/2025\/08\/Solvent-5.jpg 1456w, https:\/\/www.sisinternational.com\/wp-content\/uploads\/2025\/08\/Solvent-5-300x168.jpg 300w, https:\/\/www.sisinternational.com\/wp-content\/uploads\/2025\/08\/Solvent-5-1024x574.jpg 1024w, https:\/\/www.sisinternational.com\/wp-content\/uploads\/2025\/08\/Solvent-5-768x430.jpg 768w, https:\/\/www.sisinternational.com\/wp-content\/uploads\/2025\/08\/Solvent-5-18x10.jpg 18w\" sizes=\"auto, (max-width: 1456px) 100vw, 1456px\"><\/figure>\n\n\n\n<p><\/p>\n\n\n\n<p>Do you want to build new market segments? You will need to understand and attract new customer groups. SIS International delivers <a href=\"https:\/\/www.sisinternational.com\/pt\/pericia\/industrias\/pesquisa-de-mercado-de-sushi\/\" title=\"Pesquisa de mercado de sushi\"  data-wpil-monitor-id=\"3419\">Pesquisa de entrada no mercado<\/a> solutions. We help companies reach beyond their current customer base.<\/p>\n\n\n\n<p>We also conduct <a href=\"https:\/\/www.sisinternational.com\/pt\/pericia\/industrias\/pesquisa-de-mercado-de-oleo-de-palma\/\" title=\"Pesquisa de mercado de \u00f3leo de palma\"  data-wpil-monitor-id=\"3452\">Pesquisa de dimensionamento de mercado<\/a>, which is a crucial step. It enables you to figure out the demand for your product and find the best ways to distribute it. It will increase your brand share of the total market.<\/p>\n\n\n\n<p>Organizamos grupos focais, pesquisas e entrevistas para ajud\u00e1-lo a tra\u00e7ar sua estrat\u00e9gia de entrada no mercado. O SIS fornece os insights necess\u00e1rios para lan\u00e7ar novos produtos e servi\u00e7os. Esses insights mitigam os riscos inerentes ao lan\u00e7amento de um novo produto.<\/p>\n\n\n\n<p>Uma estrat\u00e9gia Go to Market t\u00edpica inclui um plano concreto de vendas e distribui\u00e7\u00e3o. A SIS criar\u00e1 perfis de mercado-alvo para sua empresa como parte dessa estrat\u00e9gia. Tamb\u00e9m forneceremos um plano de marketing para garantir o sucesso da sua empresa.<\/p>","protected":false},"excerpt":{"rendered":"<p>Os solventes s\u00e3o vitais na ind\u00fastria. Eles diluem, dissolvem e absorvem outros compostos. Eles fazem isso sem afetar suas propriedades qu\u00edmicas.<\/p>","protected":false},"author":1,"featured_media":63871,"parent":14514,"menu_order":183,"comment_status":"closed","ping_status":"closed","template":"","meta":{"footnotes":""},"class_list":["post-41557","page","type-page","status-publish","has-post-thumbnail"],"_links":{"self":[{"href":"https:\/\/www.sisinternational.com\/pt\/wp-json\/wp\/v2\/pages\/41557","targetHints":{"allow":["GET"]}}],"collection":[{"href":"https:\/\/www.sisinternational.com\/pt\/wp-json\/wp\/v2\/pages"}],"about":[{"href":"https:\/\/www.sisinternational.com\/pt\/wp-json\/wp\/v2\/types\/page"}],"author":[{"embeddable":true,"href":"https:\/\/www.sisinternational.com\/pt\/wp-json\/wp\/v2\/users\/1"}],"replies":[{"embeddable":true,"href":"https:\/\/www.sisinternational.com\/pt\/wp-json\/wp\/v2\/comments?post=41557"}],"version-history":[{"count":8,"href":"https:\/\/www.sisinternational.com\/pt\/wp-json\/wp\/v2\/pages\/41557\/revisions"}],"predecessor-version":[{"id":77665,"href":"https:\/\/www.sisinternational.com\/pt\/wp-json\/wp\/v2\/pages\/41557\/revisions\/77665"}],"up":[{"embeddable":true,"href":"https:\/\/www.sisinternational.com\/pt\/wp-json\/wp\/v2\/pages\/14514"}],"wp:featuredmedia":[{"embeddable":true,"href":"https:\/\/www.sisinternational.com\/pt\/wp-json\/wp\/v2\/media\/63871"}],"wp:attachment":[{"href":"https:\/\/www.sisinternational.com\/pt\/wp-json\/wp\/v2\/media?parent=41557"}],"curies":[{"name":"wp","href":"https:\/\/api.w.org\/{rel}","templated":true}]}}