{"id":41554,"date":"2023-02-13T03:02:57","date_gmt":"2023-02-13T03:02:57","guid":{"rendered":"https:\/\/www.sisinternational.com\/?page_id=41554"},"modified":"2026-01-24T21:21:42","modified_gmt":"2026-01-25T02:21:42","slug":"pesquisa-de-mercado-semiotica","status":"publish","type":"page","link":"https:\/\/www.sisinternational.com\/pt\/pericia\/pesquisa-de-mercado-semiotica\/","title":{"rendered":"Pesquisa de mercado semi\u00f3tica"},"content":{"rendered":"<h1 class=\"wp-block-heading\">Pesquisa de mercado semi\u00f3tica<\/h1>\n\n\n\n<figure class=\"gb-block-image gb-block-image-084d1608\"><img loading=\"lazy\" decoding=\"async\" width=\"1456\" height=\"816\" class=\"gb-image gb-image-084d1608\" src=\"https:\/\/www.sisinternational.com\/wp-content\/uploads\/2025\/08\/Consumer-electronics-4.jpg\" alt=\"Pesquisa e Estrat\u00e9gia de Mercado Internacional da SIS\" title=\"Consumer electronics (4)\" srcset=\"https:\/\/www.sisinternational.com\/wp-content\/uploads\/2025\/08\/Consumer-electronics-4.jpg 1456w, https:\/\/www.sisinternational.com\/wp-content\/uploads\/2025\/08\/Consumer-electronics-4-300x168.jpg 300w, https:\/\/www.sisinternational.com\/wp-content\/uploads\/2025\/08\/Consumer-electronics-4-1024x574.jpg 1024w, https:\/\/www.sisinternational.com\/wp-content\/uploads\/2025\/08\/Consumer-electronics-4-768x430.jpg 768w, https:\/\/www.sisinternational.com\/wp-content\/uploads\/2025\/08\/Consumer-electronics-4-18x10.jpg 18w\" sizes=\"auto, (max-width: 1456px) 100vw, 1456px\"><\/figure>\n\n\n\n<p><\/p>\n\n\n\n<p>A cultura tem um papel importante na mentalidade do consumidor, e a pesquisa de mercado semi\u00f3tica pode revelar os sentimentos e opini\u00f5es mais profundos dos consumidores em rela\u00e7\u00e3o a novos produtos. Com a pesquisa de mercado semi\u00f3tica, as empresas podem compreender as atitudes, percep\u00e7\u00f5es e motiva\u00e7\u00f5es do consumidor, decodificando os significados subjacentes de produtos, marcas, logotipos, embalagens, publicidade e outros elementos de comunica\u00e7\u00e3o de marketing.<\/p>\n\n\n\n<p>Isto oferece \u00e0s empresas uma compreens\u00e3o abrangente do comportamento, prefer\u00eancias, nuances culturais e tend\u00eancias do consumidor que se traduzir\u00e3o numa vantagem no mercado.<\/p>\n\n\n\n<h2 class=\"wp-block-heading\">O que \u00e9 pesquisa de mercado semi\u00f3tica?<\/h2>\n\n\n\n<p>A semi\u00f3tica \u00e9 o campo que explora s\u00edmbolos e signos em nossa cultura. Examina como os significados s\u00e3o desenvolvidos e transmitidos \u2013 e ao compreender esses significados, as empresas podem tomar decis\u00f5es informadas sobre design de produtos, branding, publicidade, posicionamento de mercado e otimizar as suas campanhas de marketing para obter o m\u00e1ximo impacto.<\/p>\n\n\n\n<p>Assim, uma compreens\u00e3o profunda de como os consumidores podem reagir aos produtos permite \u00e0s empresas transmitir uma mensagem muito mais forte que ressoe com as suas expectativas e cultura. Eventualmente, isso aumenta as vendas e a aceita\u00e7\u00e3o geral de novos produtos pelo consumidor.<\/p>\n\n\n\n<h2 class=\"wp-block-heading\">Import\u00e2ncia da pesquisa de mercado semi\u00f3tica<\/h2>\n\n\n\n<p>A semi\u00f3tica \u00e9 particularmente valiosa para o desenvolvimento da marca, o posicionamento da marca e a gest\u00e3o da marca a longo prazo porque analisa o contexto e ajuda as empresas a transmitir mensagens significativas que repercutem naturalmente nos consumidores. Por isso, a pesquisa de mercado semi\u00f3tica \u00e9 muito \u00fatil para otimizar campanhas de marketing. Pode levar a uma publicidade mais eficaz e impactante e identificar novas oportunidades para inova\u00e7\u00e3o e diferencia\u00e7\u00e3o de produtos, atrav\u00e9s da compreens\u00e3o das associa\u00e7\u00f5es culturais e emocionais dos consumidores com os produtos.<\/p>\n\n\n\n<p>In addition, semiotics market research enables companies to determine the significance of symbols in diverse segments of the population \u2013&nbsp; especially in foreign markets where cultural differences can affect the sale of a product.<\/p>\n\n\n\n<p>Para os consultores, a pesquisa de mercado semi\u00f3tica oferece uma oportunidade inestim\u00e1vel de agregar valor aos clientes e diferenciar seus servi\u00e7os no mercado.<\/p>\n\n\n\n<h2 class=\"wp-block-heading\">Por que as empresas usam atualmente pesquisas de mercado semi\u00f3ticas?<\/h2>\n\n\n\n<figure class=\"gb-block-image gb-block-image-b9e0708d\"><img loading=\"lazy\" decoding=\"async\" width=\"1456\" height=\"816\" class=\"gb-image gb-image-b9e0708d\" src=\"https:\/\/www.sisinternational.com\/wp-content\/uploads\/2025\/08\/Interview-4.jpg\" alt=\"Pesquisa e Estrat\u00e9gia de Mercado Internacional da SIS\" title=\"Interview (4)\" srcset=\"https:\/\/www.sisinternational.com\/wp-content\/uploads\/2025\/08\/Interview-4.jpg 1456w, https:\/\/www.sisinternational.com\/wp-content\/uploads\/2025\/08\/Interview-4-300x168.jpg 300w, https:\/\/www.sisinternational.com\/wp-content\/uploads\/2025\/08\/Interview-4-1024x574.jpg 1024w, https:\/\/www.sisinternational.com\/wp-content\/uploads\/2025\/08\/Interview-4-768x430.jpg 768w, https:\/\/www.sisinternational.com\/wp-content\/uploads\/2025\/08\/Interview-4-18x10.jpg 18w\" sizes=\"auto, (max-width: 1456px) 100vw, 1456px\"><\/figure>\n\n\n\n<p><\/p>\n\n\n\n<p>No mercado competitivo de hoje, compreender o comportamento e as prefer\u00eancias do consumidor \u00e9 crucial para o sucesso de uma empresa. A an\u00e1lise qualitativa aprofundada pode revelar os significados e associa\u00e7\u00f5es mais profundos que os consumidores t\u00eam com marcas e produtos. Assim, a pesquisa de mercado semi\u00f3tica pode ser \u00fatil em uma ampla gama de projetos de pesquisa de mercado, incluindo:<\/p>\n\n\n\n<ul class=\"wp-block-list\">\n<li><a href=\"https:\/\/www.sisinternational.com\/pt\/pericia\/curriculos-de-experiencia\/pesquisa-de-marca\/\" title=\"Empresa de pesquisa de marca\"  data-wpil-monitor-id=\"10123\">Branding and packaging research:<\/a> This research enables businesses to understand the impact of branding, logos, and packaging design on consumer behavior and preferences. By decoding the symbolic meanings of packaging elements, organizations can identify the strengths and weaknesses of their products and make informed decisions based on the cultural preferences of the local market. It also delivers valuable insights such as the target market&#8217;s favorite colors or the exact words to appeal to more potential customers.<\/li>\n\n\n\n<li>Pesquisa publicit\u00e1ria: pode ajudar as empresas a compreender como os consumidores respondem a diferentes tipos de mensagens publicit\u00e1rias. Ao interpretar os significados simb\u00f3licos dos elementos publicit\u00e1rios, como imagens e tipografia, as empresas otimizam as suas campanhas publicit\u00e1rias para obter o m\u00e1ximo impacto.<\/li>\n\n\n\n<li><a class=\"wpil_keyword_link\" href=\"https:\/\/www.sisinternational.com\/pt\/pericia\/industrias\/pesquisa-de-produto\/\"   title=\"Pesquisa de produto\" data-wpil-keyword-link=\"linked\"  data-wpil-monitor-id=\"722\">Pesquisa de produto<\/a>: Semiotics can help businesses understand consumers&#8217; cultural and emotional associations with their products. It helps decision-makers identify new opportunities for product innovation and <a href=\"https:\/\/www.sisinternational.com\/pt\/solucoes\/solucoes-de-branding-e-pesquisa-de-clientes\/pesquisa-de-mercado-de-diferenciacao-de-marca\/\" title=\"Pesquisa de mercado de diferencia\u00e7\u00e3o de marca\"  data-wpil-monitor-id=\"10126\">differentiation in highly competitive markets<\/a>.<\/li>\n\n\n\n<li><a href=\"https:\/\/www.sisinternational.com\/pt\/pericia\/industrias\/pesquisa-de-mercado-de-pesticidas\/\" title=\"Pesquisa de mercado de pesticidas\"  data-wpil-monitor-id=\"3384\">Market positioning research<\/a>: It also helps organizations understand how their products and brands are positioned relative to their competitors in the minds of consumers because semiotics experts can decipher the perception of brands \u2013 and easily compare them to determine their strengths and weaknesses.<\/li>\n<\/ul>\n\n\n\n<h2 class=\"wp-block-heading\">Benef\u00edcios da pesquisa de mercado semi\u00f3tica<\/h2>\n\n\n\n<ul class=\"wp-block-list\">\n<li>A pesquisa de mercado semi\u00f3tica pode revelar insights \u00fateis sobre as atitudes, pensamentos e comportamentos dos consumidores que podem ajudar as empresas a inovar ou melhorar seus produtos no mercado. Esses dados podem servir de base para o design e desenvolvimento de produtos, estrat\u00e9gias de branding e publicidade e futuros esfor\u00e7os e an\u00e1lises de recrutamento de consumidores.<\/li>\n\n\n\n<li>Esta pesquisa contribui para o desenvolvimento de novos produtos que repercutam nos consumidores-alvo. Pode aumentar a probabilidade de sucesso do produto e ajudar as empresas a permanecerem \u00e0 frente da concorr\u00eancia.<\/li>\n\n\n\n<li>Semiotics market research findings can be employed to segment markets based on cultural and symbolic characteristics, enabling organizations to target specific groups of consumers with greater effectiveness. It can increase the impact of <a href=\"https:\/\/www.sisinternational.com\/pt\/campanha-de-marketing-multicanal\/\" title=\"Otimizando estrat\u00e9gias de marketing multicanal para maior penetra\u00e7\u00e3o no mercado\"  data-wpil-monitor-id=\"10129\">marketing and advertising outreach efforts and enhance<\/a> the ROI.<\/li>\n<\/ul>\n\n\n\n<h2 class=\"wp-block-heading\">Limita\u00e7\u00f5es da pesquisa de mercado semi\u00f3tica<\/h2>\n\n\n\n<ul class=\"wp-block-list\">\n<li>A an\u00e1lise semi\u00f3tica \u00e9 complexa, exigindo profundo conhecimento e experi\u00eancia. Como tal, a ajuda de semioticistas experientes \u00e9 frequentemente procurada na condu\u00e7\u00e3o de pesquisas desta natureza.<\/li>\n\n\n\n<li>Analisar o significado cultural e simb\u00f3lico de produtos, servi\u00e7os e marcas pode representar uma tarefa desafiadora. Pode exigir uma compreens\u00e3o completa das teorias e m\u00e9todos semi\u00f3ticos e uma interpreta\u00e7\u00e3o precisa da informa\u00e7\u00e3o cultural.<\/li>\n\n\n\n<li>Uma vez que a investiga\u00e7\u00e3o neste dom\u00ednio depende frequentemente da interpreta\u00e7\u00e3o pessoal de s\u00edmbolos e significados culturais, existe o risco de preconceitos culturais afectarem os resultados, resultando potencialmente em resultados imprecisos ou n\u00e3o fi\u00e1veis.<\/li>\n\n\n\n<li>Despite the rising demand for semiotics research, there is limited access to data and information that can accurately provide insight into the cultural and symbolic significance of products, services, and brands. This scarcity of data can make it challenging for <a href=\"https:\/\/www.sisinternational.com\/pt\/pericia\/curriculos-de-experiencia\/curriculo-de-experiencia-na-industria-automotiva\/\" title=\"Empresa de pesquisa de mercado da ind\u00fastria automotiva\"  data-wpil-monitor-id=\"10131\">companies to successfully conduct semiotics research<\/a> and to make informed decisions in response to the result.<\/li>\n<\/ul>\n\n\n\n<h2 class=\"wp-block-heading\">Tend\u00eancias em pesquisa de mercado semi\u00f3tica<\/h2>\n\n\n\n<figure class=\"gb-block-image gb-block-image-c2006b51\"><img loading=\"lazy\" decoding=\"async\" width=\"1456\" height=\"816\" class=\"gb-image gb-image-c2006b51\" src=\"https:\/\/www.sisinternational.com\/wp-content\/uploads\/2025\/08\/Consumer-electronics-1.jpg\" alt=\"Pesquisa e Estrat\u00e9gia de Mercado Internacional da SIS\" title=\"Consumer electronics (1)\" srcset=\"https:\/\/www.sisinternational.com\/wp-content\/uploads\/2025\/08\/Consumer-electronics-1.jpg 1456w, https:\/\/www.sisinternational.com\/wp-content\/uploads\/2025\/08\/Consumer-electronics-1-300x168.jpg 300w, https:\/\/www.sisinternational.com\/wp-content\/uploads\/2025\/08\/Consumer-electronics-1-1024x574.jpg 1024w, https:\/\/www.sisinternational.com\/wp-content\/uploads\/2025\/08\/Consumer-electronics-1-768x430.jpg 768w, https:\/\/www.sisinternational.com\/wp-content\/uploads\/2025\/08\/Consumer-electronics-1-18x10.jpg 18w\" sizes=\"auto, (max-width: 1456px) 100vw, 1456px\"><\/figure>\n\n\n\n<ul class=\"wp-block-list\">\n<li>With advancements in technology, there is an increased use of <a href=\"https:\/\/www.sisinternational.com\/pt\/sis-lanca-novas-solucoes-de-pesquisa-digital\/\" title=\"SIS lan\u00e7a novas solu\u00e7\u00f5es de Pesquisa Digital\"  data-wpil-monitor-id=\"10132\">digital semiotics research<\/a> tools such as image recognition software, machine learning algorithms, and sentiment analysis tools. These tools allow for the rapid analysis of large volumes of data and provide more accurate and reliable results.<\/li>\n\n\n\n<li>There is a growing interest in neuro-semiotics, which combines semiotics with neuropsychology to study the brain processes involved in perception, cognition, and emotion. This trend is helping businesses to understand how <a href=\"https:\/\/www.sisinternational.com\/pt\/publicacoes\/comportamento-do-comprador-apos-coronavirus-novo-consumidor\/\" title=\"Comportamento do comprador ap\u00f3s o coronav\u00edrus \u2013 Pesquisa de mercado de consumo\"  data-wpil-monitor-id=\"10134\">consumers respond to different types of marketing<\/a> messages and make more effective advertising decisions.<\/li>\n\n\n\n<li>A pesquisa de mercado semi\u00f3tica est\u00e1 se tornando mais integrada com outros m\u00e9todos de pesquisa, como etnografia, pesquisa qualitativa e observa\u00e7\u00f5es comportamentais. Essa integra\u00e7\u00e3o fornece uma compreens\u00e3o mais abrangente do comportamento e das prefer\u00eancias do consumidor.<\/li>\n\n\n\n<li>It is also becoming more widely used in emerging markets, where consumer behavior is rapidly evolving. By understanding the symbolic meanings and cultural <a href=\"https:\/\/www.sisinternational.com\/pt\/solucoes\/solucoes-de-branding-e-pesquisa-de-clientes\/pesquisa-de-mercado-de-influenciadores\/\" title=\"Pesquisa de mercado de influenciadores\"  data-wpil-monitor-id=\"10133\">influences in these markets<\/a>, businesses can make informed decisions about product design, branding, and advertising.<\/li>\n\n\n\n<li>Outro foco da pesquisa de mercado semi\u00f3tica \u00e9 a sustentabilidade, com \u00eanfase na compreens\u00e3o das atitudes e comportamentos dos consumidores em rela\u00e7\u00e3o a produtos e embalagens ecologicamente corretos.<\/li>\n<\/ul>\n\n\n\n<p><a href=\"https:\/\/www.sisinternational.com\/pt\/sis-revela-plataforma-de-ciencia-de-dados-e-analise-quantitativa\/\" title=\"SIS revela plataforma de ci\u00eancia de dados e an\u00e1lise quantitativa\"  data-wpil-monitor-id=\"10119\">SIS International offers Quantitative<\/a>, Qualitative, and Strategy Research. We provide data, tools, strategies, reports and insights for decision-making. We conduct interviews, surveys, focus groups and many other Market Research methods and approaches. Contact us for your next Market Research project.<\/p>","protected":false},"excerpt":{"rendered":"<p>A pesquisa de mercado semi\u00f3tica revela insights \u00fateis sobre as atitudes, pensamentos e comportamentos dos consumidores para ajudar as empresas a inovar seus produtos.<\/p>","protected":false},"author":1,"featured_media":64247,"parent":14514,"menu_order":182,"comment_status":"closed","ping_status":"closed","template":"","meta":{"footnotes":""},"class_list":["post-41554","page","type-page","status-publish","has-post-thumbnail"],"_links":{"self":[{"href":"https:\/\/www.sisinternational.com\/pt\/wp-json\/wp\/v2\/pages\/41554","targetHints":{"allow":["GET"]}}],"collection":[{"href":"https:\/\/www.sisinternational.com\/pt\/wp-json\/wp\/v2\/pages"}],"about":[{"href":"https:\/\/www.sisinternational.com\/pt\/wp-json\/wp\/v2\/types\/page"}],"author":[{"embeddable":true,"href":"https:\/\/www.sisinternational.com\/pt\/wp-json\/wp\/v2\/users\/1"}],"replies":[{"embeddable":true,"href":"https:\/\/www.sisinternational.com\/pt\/wp-json\/wp\/v2\/comments?post=41554"}],"version-history":[{"count":6,"href":"https:\/\/www.sisinternational.com\/pt\/wp-json\/wp\/v2\/pages\/41554\/revisions"}],"predecessor-version":[{"id":81673,"href":"https:\/\/www.sisinternational.com\/pt\/wp-json\/wp\/v2\/pages\/41554\/revisions\/81673"}],"up":[{"embeddable":true,"href":"https:\/\/www.sisinternational.com\/pt\/wp-json\/wp\/v2\/pages\/14514"}],"wp:featuredmedia":[{"embeddable":true,"href":"https:\/\/www.sisinternational.com\/pt\/wp-json\/wp\/v2\/media\/64247"}],"wp:attachment":[{"href":"https:\/\/www.sisinternational.com\/pt\/wp-json\/wp\/v2\/media?parent=41554"}],"curies":[{"name":"wp","href":"https:\/\/api.w.org\/{rel}","templated":true}]}}