{"id":41545,"date":"2023-02-13T02:33:46","date_gmt":"2023-02-13T02:33:46","guid":{"rendered":"https:\/\/www.sisinternational.com\/?page_id=41545"},"modified":"2025-10-20T01:12:35","modified_gmt":"2025-10-20T05:12:35","slug":"pesquisa-de-mercado-de-propano","status":"publish","type":"page","link":"https:\/\/www.sisinternational.com\/pt\/pericia\/pesquisa-de-mercado-de-propano\/","title":{"rendered":"Pesquisa de mercado de propano"},"content":{"rendered":"<h1 class=\"wp-block-heading\">Pesquisa de mercado de propano<\/h1>\n\n\n\n<figure class=\"gb-block-image gb-block-image-00eaaa8c\"><img loading=\"lazy\" decoding=\"async\" width=\"1456\" height=\"816\" class=\"gb-image gb-image-00eaaa8c\" src=\"https:\/\/www.sisinternational.com\/wp-content\/uploads\/2025\/08\/Butane-2.jpg\" alt=\"Pesquisa e Estrat\u00e9gia de Mercado Internacional da SIS\" title=\"Butane (2)\" srcset=\"https:\/\/www.sisinternational.com\/wp-content\/uploads\/2025\/08\/Butane-2.jpg 1456w, https:\/\/www.sisinternational.com\/wp-content\/uploads\/2025\/08\/Butane-2-300x168.jpg 300w, https:\/\/www.sisinternational.com\/wp-content\/uploads\/2025\/08\/Butane-2-1024x574.jpg 1024w, https:\/\/www.sisinternational.com\/wp-content\/uploads\/2025\/08\/Butane-2-768x430.jpg 768w, https:\/\/www.sisinternational.com\/wp-content\/uploads\/2025\/08\/Butane-2-18x10.jpg 18w\" sizes=\"auto, (max-width: 1456px) 100vw, 1456px\"><\/figure>\n\n\n\n<p><\/p>\n\n\n\n<p>A Pesquisa de Mercado de Propano explora a ind\u00fastria de propano, suas tend\u00eancias de mercado e seu impacto em diversos setores, tanto nas empresas quanto na economia. Juntamente com a an\u00e1lise de dados e estrat\u00e9gias na ind\u00fastria do propano, a pesquisa de mercado fornece insights sobre a din\u00e2mica do mercado que abrangem fatores essenciais, como indicadores de pre\u00e7os e demanda.<\/p>\n\n\n\n<h2 class=\"wp-block-heading\">O que \u00e9 propano?<\/h2>\n\n\n\n<p>O propano, classificado como GLP (g\u00e1s liquefeito de petr\u00f3leo), \u00e9 um g\u00e1s que pode ser convertido na forma liquefeita. Na press\u00e3o e temperatura padr\u00e3o, o propano est\u00e1 na forma de g\u00e1s, mas pode ser comprimido e convertido em estado liquefeito. Normalmente usado como fonte de combust\u00edvel, o propano \u00e9 um coproduto do refino de petr\u00f3leo bruto e do processamento de g\u00e1s natural.<\/p>\n\n\n\n<h3 class=\"wp-block-heading\">Fatos adicionais sobre propano<\/h3>\n\n\n\n<ul class=\"wp-block-list\">\n<li>Como hidrocarboneto, a estrutura molecular do propano \u00e9 composta por 3 \u00e1tomos de carbono e oito \u00e1tomos de hidrog\u00eanio.<\/li>\n\n\n\n<li>O propano, em seu estado natural, \u00e9 incolor e inodoro. No entanto, parece \u00e1gua na forma l\u00edquida e ferve a -42\u00b0C, convertendo-a em vapor gasoso.<\/li>\n\n\n\n<li>Propano \u00e9 GLP, mas nem todo GLP \u00e9 propano. Outros exemplos de GLP s\u00e3o butileno, propileno, isobutano e butano.<\/li>\n\n\n\n<li>Pode-se comprimir o g\u00e1s propano em um l\u00edquido a uma press\u00e3o relativamente baixa.<\/li>\n\n\n\n<li>O propano \u00e9 armazenado principalmente na forma l\u00edquida. Os recipientes de armazenamento incluem recipientes de a\u00e7o, garrafas de g\u00e1s ou podem ser cilindros de g\u00e1s e tanques de armazenamento maiores.<\/li>\n\n\n\n<li>Os tamanhos e volumes dos tanques de armazenamento de propano dependem principalmente de sua aplica\u00e7\u00e3o.<\/li>\n\n\n\n<li>Explos\u00f5es de tanques de propano raramente acontecem, mas quando acontecem, \u00e9 porque est\u00e3o nas circunst\u00e2ncias certas, como por exemplo, dentro dos limites de inflamabilidade.<\/li>\n<\/ul>\n\n\n\n<h2 class=\"wp-block-heading\">Compreendendo os usos do propano para pesquisa de mercado de propano<\/h2>\n\n\n\n<p><a href=\"https:\/\/www.sisinternational.com\/pt\/estudo-de-caso-sis-em-insights-de-lojas-em-todo-o-mundo\/\" title=\"Insights do comprador na loja \u2013 estudo de caso de pesquisa de mercado\"  data-wpil-monitor-id=\"8990\">Market Research provides insights<\/a> into the propane industry, and understanding the use of propane will add value to the information gathered.<\/p>\n\n\n\n<h3 class=\"wp-block-heading\">Usos comuns de propano:<\/h3>\n\n\n\n<ul class=\"wp-block-list\">\n<li>O propano tem centenas de utiliza\u00e7\u00f5es em atividades cotidianas, como cozinhar, lareiras, aquecimento externo para piscinas e p\u00e1tios e geradores de reserva.<\/li>\n\n\n\n<li>O propano \u00e9 usado em sistemas de aquecimento dom\u00e9stico por meio de aquecedores a g\u00e1s fluido ou aquecedores a g\u00e1s port\u00e1teis.<\/li>\n\n\n\n<li>Tamb\u00e9m \u00e9 usado para alimentar aparelhos como secadores de roupa, aquecedores de \u00e1gua, fog\u00f5es a g\u00e1s, geladeiras e freezers.<\/li>\n\n\n\n<li>O propano tamb\u00e9m \u00e9 fonte de combust\u00edvel para alguns ve\u00edculos, como \u00f4nibus e transporte p\u00fablico e privado. Al\u00e9m disso, \u00e9 utilizado em ve\u00edculos recreativos, bal\u00f5es de ar quente, barcos e caravanas.<\/li>\n<\/ul>\n\n\n\n<h3 class=\"wp-block-heading\">Aplica\u00e7\u00e3o industrial e comercial de propano:<\/h3>\n\n\n\n<figure class=\"gb-block-image gb-block-image-eeb5df19\"><img loading=\"lazy\" decoding=\"async\" width=\"1456\" height=\"816\" class=\"gb-image gb-image-eeb5df19\" src=\"https:\/\/www.sisinternational.com\/wp-content\/uploads\/2025\/08\/Butane-1.jpg\" alt=\"Pesquisa e Estrat\u00e9gia de Mercado Internacional da SIS\" title=\"Butane (1)\" srcset=\"https:\/\/www.sisinternational.com\/wp-content\/uploads\/2025\/08\/Butane-1.jpg 1456w, https:\/\/www.sisinternational.com\/wp-content\/uploads\/2025\/08\/Butane-1-300x168.jpg 300w, https:\/\/www.sisinternational.com\/wp-content\/uploads\/2025\/08\/Butane-1-1024x574.jpg 1024w, https:\/\/www.sisinternational.com\/wp-content\/uploads\/2025\/08\/Butane-1-768x430.jpg 768w, https:\/\/www.sisinternational.com\/wp-content\/uploads\/2025\/08\/Butane-1-18x10.jpg 18w\" sizes=\"auto, (max-width: 1456px) 100vw, 1456px\"><\/figure>\n\n\n\n<ul class=\"wp-block-list\">\n<li>Na ind\u00fastria manufatureira, o propano \u00e9 uma fonte de energia limpa e confi\u00e1vel que pode alimentar geradores e ve\u00edculos e atuar como refrigerante.<\/li>\n\n\n\n<li>O propano \u00e9 o g\u00e1s preferido na ind\u00fastria de fus\u00e3o ou fundi\u00e7\u00e3o de metais porque pode queimar at\u00e9 quase 2.000 graus Celsius. Pode ser usado em fornos e estruturas para derreter ouro, prata, cobre, lat\u00e3o, bronze, ferro fundido e outros metais.<\/li>\n\n\n\n<li>No neg\u00f3cio de impress\u00e3o, o propano \u00e9 usado para impress\u00e3o em grande escala. As ind\u00fastrias gr\u00e1ficas empregam g\u00e1s propano quente para acelerar a secagem da tinta em v\u00e1rias superf\u00edcies de materiais de impress\u00e3o, como papel, glassine, celofane e folha de alum\u00ednio.<\/li>\n\n\n\n<li>A ind\u00fastria agr\u00edcola tamb\u00e9m usa propano em tarefas significativas, como remo\u00e7\u00e3o de ervas daninhas, bombas de irriga\u00e7\u00e3o e equipamentos de secagem de colheitas, como secadores de tabaco, secadores de feno, secadores de milho e muito mais.<\/li>\n<\/ul>\n\n\n\n<h2 class=\"wp-block-heading\">Escopo da Pesquisa de Mercado de Propano<\/h2>\n\n\n\n<p><a href=\"https:\/\/www.sisinternational.com\/pt\/solucoes\/solucoes-de-pesquisa-quantitativa-qualitativa\/pesquisa-de-mercado-de-fatores-humanos\/\" title=\"Pesquisa de mercado de fatores humanos\"  data-wpil-monitor-id=\"8991\">Pesquisa de mercado<\/a> provides insights into the various factors impacting the Propane industry. Below are some market drivers that are part of the market scope and segmentation.<\/p>\n\n\n\n<h3 class=\"wp-block-heading\">A Necessidade de Alternativas de Combust\u00edvel para a Sustentabilidade Econ\u00f3mica e Ambiental<\/h3>\n\n\n\n<p>Quando combust\u00edveis convencionais como diesel e gasolina s\u00e3o consumidos, eles geram uma grande quantidade de di\u00f3xido de carbono. Isto aumenta a pegada de carbono em geral. O propano emite um pouco menos que o g\u00e1s natural. Consequentemente, produz 70% menos subprodutos de carbono do que os combust\u00edveis tradicionais durante a queima. As ag\u00eancias governamentais est\u00e3o a estabelecer regulamentos e leis para incentivar a utiliza\u00e7\u00e3o de combust\u00edveis com baixas emiss\u00f5es de carbono.<\/p>\n\n\n\n<h3 class=\"wp-block-heading\">Impacto dos pre\u00e7os na ind\u00fastria de propano<\/h3>\n\n\n\n<p>Os aumentos dos pre\u00e7os dos combust\u00edveis e o esgotamento dos recursos naturais est\u00e3o a aumentar o desejo por combust\u00edveis mais ecol\u00f3gicos e limpos. Os motores a propano emitem uma percentagem menor de v\u00e1rias emiss\u00f5es de carbono do que os motores a gasolina. Al\u00e9m disso, os motores a propano geram menos hidrocarbonetos causadores de polui\u00e7\u00e3o atmosf\u00e9rica do que os motores a diesel. Em termos de pre\u00e7o, conte\u00fado energ\u00e9tico e impacto ambiental, o g\u00e1s natural liquefeito supera o petr\u00f3leo bruto. Projeta-se que isso aumente a demanda por propano.<\/p>\n\n\n\n<h3 class=\"wp-block-heading\">Demanda significativa por GLP<\/h3>\n\n\n\n<p>O GLP cont\u00e9m uma quantidade significativa de propano. Contribui com cerca de 100% do conte\u00fado de GLP em certos pa\u00edses. O aumento da popula\u00e7\u00e3o mundial e o aumento substancial do rendimento dispon\u00edvel, especialmente nos pa\u00edses em desenvolvimento, est\u00e3o a impulsionar a procura crescente de GPL para a procura de energia residencial.<\/p>\n\n\n\n<h2 class=\"wp-block-heading\">Oportunidades na ind\u00fastria do mercado de propano<\/h2>\n\n\n\n<p>Overall, the propane market industry is highly exclusive and is continuously experiencing consolidation. As various industrial and business sector sites compete against one another, the propane market has a tremendous chance. Another potential is to adhere to the government&#8217;s rules and regulations so that not only the government but also the <a href=\"https:\/\/www.sisinternational.com\/pt\/publicacoes\/comportamento-do-comprador-apos-coronavirus-novo-consumidor\/\" title=\"Comportamento do comprador ap\u00f3s o coronav\u00edrus \u2013 Pesquisa de mercado de consumo\"  data-wpil-monitor-id=\"8992\">consumers can become the market&#8217;s<\/a> foundation.<\/p>\n\n\n\n<h3 class=\"wp-block-heading\">Flutua\u00e7\u00e3o nos custos de combust\u00edvel como restri\u00e7\u00f5es no mercado de propano<\/h3>\n\n\n\n<p>Changes in the prices of petroleum and crude oil, as well as the detrimental effects of propane at greater concentrations, will function as significant restraints on the expansion of the propane industry. Mineral oil will face market hurdles due to insufficient <a href=\"https:\/\/www.sisinternational.com\/pt\/analise-de-satisfacao-do-cliente\/\" title=\"8 maneiras de aumentar a satisfa\u00e7\u00e3o do cliente no varejo\"  data-wpil-monitor-id=\"8988\">retail infrastructure for propane and inadequate consumer<\/a> knowledge.<\/p>\n\n\n\n<h2 class=\"wp-block-heading\">A pesquisa de mercado de propano fornece insights com base nos seguintes fatores:<\/h2>\n\n\n\n<ul class=\"wp-block-list\">\n<li>detalhes dos desenvolvimentos recentes do mercado<\/li>\n\n\n\n<li>an\u00e1lise de importa\u00e7\u00e3o-exporta\u00e7\u00e3o e an\u00e1lise de produ\u00e7\u00e3o<\/li>\n\n\n\n<li>valor <a href=\"https:\/\/www.sisinternational.com\/pt\/solucoes\/consultoria-estrategica\/pesquisa-de-mercado-da-cadeia-de-suprimentos\/\" title=\"Pesquisa de mercado da cadeia de suprimentos\"  data-wpil-monitor-id=\"8994\">chain optimization and market<\/a> share<\/li>\n\n\n\n<li>impacto dos participantes do mercado nacionais e localizados<\/li>\n\n\n\n<li>analisando oportunidades em termos de bolsas de receitas emergentes,<\/li>\n\n\n\n<li>impact of the <a href=\"https:\/\/www.sisinternational.com\/pt\/pericia\/industrias\/pesquisa-de-mercado-sobre-mudancas-climaticas\/\" title=\"Pesquisa de mercado sobre mudan\u00e7as clim\u00e1ticas\"  data-wpil-monitor-id=\"8995\">changes in market<\/a> regulations<\/li>\n\n\n\n<li>strategic <a href=\"https:\/\/www.sisinternational.com\/pt\/solucoes\/solucoes-de-pesquisa-quantitativa-qualitativa\/pesquisa-de-mercado-de-analise-chaid\/\" title=\"Pesquisa de mercado de an\u00e1lise CHAID\"  data-wpil-monitor-id=\"8993\">market growth analysis<\/a><\/li>\n\n\n\n<li>avaliando nichos de aplica\u00e7\u00e3o e dom\u00ednio<\/li>\n<\/ul>\n\n\n\n<p>Outros fatores que podem impactar o mercado de propano, como aprova\u00e7\u00f5es de produtos, lan\u00e7amentos de novos produtos e expans\u00e3o geogr\u00e1fica<\/p>\n\n\n\n<h2 class=\"wp-block-heading\">Sobre a Pesquisa de Mercado de Propano<\/h2>\n\n\n\n<p>O GLP \u00e9 uma fonte moderna de energia com m\u00ednimo impacto ambiental. \u00c9 utilizado em uma variedade de contextos, incluindo agricultura, geradores de energia, aquecimento, culin\u00e1ria e recrea\u00e7\u00e3o. A utiliza\u00e7\u00e3o global de GPL aumentou como resultado de iniciativas internacionais e locais para incentivar os utilizadores finais a passarem de fontes de energia convencionais para fontes de energia renov\u00e1veis.<\/p>\n\n\n\n<p>The propane market research includes in-depth expert analysis of market scenarios such as market value, growth rate, segmentation, geographical coverage, and major players in the industry. The end report will be beneficial for critical players in the propane industry who <a href=\"https:\/\/www.sisinternational.com\/pt\/a-necessidade-de-inteligencia-competitiva-nesta-recessao\/\" title=\"A necessidade de intelig\u00eancia competitiva em uma recess\u00e3o\"  data-wpil-monitor-id=\"8989\">needs data and strategies<\/a> in the propane industry for decision-making and marketing implementations.<\/p>","protected":false},"excerpt":{"rendered":"<p>A Pesquisa de Mercado de Propano explora a ind\u00fastria de propano, suas tend\u00eancias de mercado e seu impacto em diversos setores empresariais e econ\u00f4micos.<\/p>","protected":false},"author":1,"featured_media":63923,"parent":14514,"menu_order":180,"comment_status":"closed","ping_status":"closed","template":"","meta":{"footnotes":""},"class_list":["post-41545","page","type-page","status-publish","has-post-thumbnail"],"_links":{"self":[{"href":"https:\/\/www.sisinternational.com\/pt\/wp-json\/wp\/v2\/pages\/41545","targetHints":{"allow":["GET"]}}],"collection":[{"href":"https:\/\/www.sisinternational.com\/pt\/wp-json\/wp\/v2\/pages"}],"about":[{"href":"https:\/\/www.sisinternational.com\/pt\/wp-json\/wp\/v2\/types\/page"}],"author":[{"embeddable":true,"href":"https:\/\/www.sisinternational.com\/pt\/wp-json\/wp\/v2\/users\/1"}],"replies":[{"embeddable":true,"href":"https:\/\/www.sisinternational.com\/pt\/wp-json\/wp\/v2\/comments?post=41545"}],"version-history":[{"count":3,"href":"https:\/\/www.sisinternational.com\/pt\/wp-json\/wp\/v2\/pages\/41545\/revisions"}],"predecessor-version":[{"id":81504,"href":"https:\/\/www.sisinternational.com\/pt\/wp-json\/wp\/v2\/pages\/41545\/revisions\/81504"}],"up":[{"embeddable":true,"href":"https:\/\/www.sisinternational.com\/pt\/wp-json\/wp\/v2\/pages\/14514"}],"wp:featuredmedia":[{"embeddable":true,"href":"https:\/\/www.sisinternational.com\/pt\/wp-json\/wp\/v2\/media\/63923"}],"wp:attachment":[{"href":"https:\/\/www.sisinternational.com\/pt\/wp-json\/wp\/v2\/media?parent=41545"}],"curies":[{"name":"wp","href":"https:\/\/api.w.org\/{rel}","templated":true}]}}