{"id":41542,"date":"2023-02-13T02:22:20","date_gmt":"2023-02-13T02:22:20","guid":{"rendered":"https:\/\/www.sisinternational.com\/?page_id=41542"},"modified":"2026-01-25T17:17:28","modified_gmt":"2026-01-25T22:17:28","slug":"pesquisa-de-mercado-da-industria-fotografica","status":"publish","type":"page","link":"https:\/\/www.sisinternational.com\/pt\/pericia\/pesquisa-de-mercado-da-industria-fotografica\/","title":{"rendered":"Pesquisa de mercado da ind\u00fastria fotogr\u00e1fica"},"content":{"rendered":"<h1 class=\"wp-block-heading\">Pesquisa de mercado da ind\u00fastria fotogr\u00e1fica<\/h1>\n\n\n\n<p><\/p>\n\n\n\n<figure class=\"gb-block-image gb-block-image-1243a93b\"><img loading=\"lazy\" decoding=\"async\" width=\"1456\" height=\"816\" class=\"gb-image gb-image-1243a93b\" src=\"https:\/\/www.sisinternational.com\/wp-content\/uploads\/2025\/08\/Photography-2.jpg\" alt=\"Pesquisa e Estrat\u00e9gia de Mercado Internacional da SIS\" title=\"Photography (2)\" srcset=\"https:\/\/www.sisinternational.com\/wp-content\/uploads\/2025\/08\/Photography-2.jpg 1456w, https:\/\/www.sisinternational.com\/wp-content\/uploads\/2025\/08\/Photography-2-300x168.jpg 300w, https:\/\/www.sisinternational.com\/wp-content\/uploads\/2025\/08\/Photography-2-1024x574.jpg 1024w, https:\/\/www.sisinternational.com\/wp-content\/uploads\/2025\/08\/Photography-2-768x430.jpg 768w, https:\/\/www.sisinternational.com\/wp-content\/uploads\/2025\/08\/Photography-2-18x10.jpg 18w\" sizes=\"auto, (max-width: 1456px) 100vw, 1456px\"><\/figure>\n\n\n\n<p>A ascens\u00e3o das m\u00eddias sociais mostrou o poder da influ\u00eancia. As pessoas come\u00e7am a usar essas plataformas para compartilhar suas fotos e conte\u00fado online para o mundo ver. Uma das ind\u00fastrias positivamente afetadas por este aumento \u00e9 a Ind\u00fastria da Fotografia.<\/p>\n\n\n\n<p>A ind\u00fastria fotogr\u00e1fica experimentou um crescimento constante ao longo dos anos devido \u00e0 demanda consistente do consumidor. Espera-se que mantenha seu \u00edmpeto \u00e0 medida que a ind\u00fastria se expande e introduz novos nichos e inova\u00e7\u00f5es no mercado.<\/p>\n\n\n\n<p>The growth creates more lucrative opportunities, challenging enterprises to keep up with the latest developments and market trends to lead and dominate the competition. Hence, the Photography <a href=\"https:\/\/www.sisinternational.com\/pt\/pesquisa-de-mercado-da-industria-educacional\/\" title=\"Pesquisa de mercado da ind\u00fastria educacional\"  data-wpil-monitor-id=\"1806\">Industry Market Research<\/a> has been gaining traction as it guides businesses and professionals to understand the market with in-depth analysis and discussions.<\/p>\n\n\n\n<h2 class=\"wp-block-heading\">A import\u00e2ncia da pesquisa de mercado da ind\u00fastria fotogr\u00e1fica<\/h2>\n\n\n\n<p>The Photography <a href=\"https:\/\/www.sisinternational.com\/pt\/pericia\/industrias\/pesquisa-de-mercado-de-design-industrial\/\" title=\"Pesquisa de mercado de design industrial\"  data-wpil-monitor-id=\"4152\">Industry Market Research<\/a> is essential in understanding the ever-changing environment of the industry, changes in consumer behavior, developments in the technology used, and analyzing the competition. Therefore, it helps enterprises determine their next business decision with all the factors considered.<\/p>\n\n\n\n<h3 class=\"wp-block-heading\">Diferentes m\u00e9todos para adquirir informa\u00e7\u00f5es para a pesquisa incluem, mas n\u00e3o est\u00e3o limitados a, o seguinte:<\/h3>\n\n\n\n<ul class=\"wp-block-list\">\n<li>Pesquisa com clientes e\/ou partes interessadas<\/li>\n\n\n\n<li>Entrevista com autoridades relevantes<\/li>\n\n\n\n<li>Detalhamento de novos produtos, servi\u00e7os e\/ou \u00faltimas tend\u00eancias<\/li>\n\n\n\n<li>An\u00e1lise da concorr\u00eancia dentro da mesma regi\u00e3o\/cidade<\/li>\n\n\n\n<li>Observa\u00e7\u00e3o do comportamento do cliente<\/li>\n<\/ul>\n\n\n\n<p>Se for realizado com sucesso, os dados relevantes recolhidos servir\u00e3o como uma ferramenta na tomada de decis\u00f5es. Assim, a cria\u00e7\u00e3o da pesquisa de mercado inicial \u00e9 vital para determinar a viabilidade de uma empresa e como ela resistir\u00e1 aos problemas j\u00e1 existentes e potenciais do setor. Sem isso, pode levar a um passo em falso dispendioso e at\u00e9 fazer o neg\u00f3cio retroceder alguns passos.<\/p>\n\n\n\n<p>In addition, the Photography <a href=\"https:\/\/www.sisinternational.com\/pt\/pericia\/industrias\/pesquisa-de-mercado-de-automacao-industrial\/\" title=\"Pesquisa de mercado de automa\u00e7\u00e3o industrial\"  data-wpil-monitor-id=\"4803\">Industry Market Research<\/a> serves in developing marketing strategies to effectively reach the company&#8217;s target audience. It is also instrumental in ensuring that the enterprise considers the environment and culture in which it wishes to operate.<\/p>\n\n\n\n<h2 class=\"wp-block-heading\">Principais cargos na ind\u00fastria fotogr\u00e1fica<\/h2>\n\n\n\n<p>Embora gire em torno do mesmo servi\u00e7o, a Ind\u00fastria da Fotografia possui diversos segmentos de nicho. Para saber mais sobre eles, aqui est\u00e3o alguns dos principais cargos conhecidos na ind\u00fastria fotogr\u00e1fica:<\/p>\n\n\n\n<ul class=\"wp-block-list\">\n<li>Fot\u00f3grafo comercial: envolve-se principalmente com clientes que se concentram em usos comerciais ou marketing, como editoriais, campanhas publicit\u00e1rias e fotos de produtos.<\/li>\n\n\n\n<li>Fotojornalista\/Fot\u00f3grafo de not\u00edcias: Concentra-se na captura de fotos para publica\u00e7\u00f5es de not\u00edcias, cobrindo diferentes hist\u00f3rias de diversas \u00e1reas.<\/li>\n\n\n\n<li>Fot\u00f3grafo de eventos: geralmente uma empresa de pequeno a m\u00e9dio porte que cobre eventos de ritmo acelerado, como casamentos, concertos e festas.<\/li>\n\n\n\n<li>Fot\u00f3grafo Freelancer: Profissional que trabalha a partir da necessidade de um cliente para outro, geralmente focando em um nicho espec\u00edfico da fotografia.<\/li>\n\n\n\n<li>Editor de fotos: Principalmente aquele que edita as imagens brutas do fot\u00f3grafo, embora os editores de fotos tamb\u00e9m possam atuar como coordenadores e gerentes gerais.<\/li>\n\n\n\n<li>Diretor de Arte: Aquele que direciona o fot\u00f3grafo sobre o conceito que ele deseja alcan\u00e7ar com a filmagem; geralmente prepara o storyboard como inspira\u00e7\u00e3o para fotos est\u00e1ticas.<\/li>\n<\/ul>\n\n\n\n<h2 class=\"wp-block-heading\">C\u00e2meras comumente usadas na ind\u00fastria fotogr\u00e1fica<\/h2>\n\n\n\n<p>Os profissionais se diferenciam por seus estilos e c\u00e2meras. Eles encontram a melhor configura\u00e7\u00e3o de c\u00e2mera que funcionar\u00e1 em seu nicho e ambiente espec\u00edficos. Alguns dos tipos comuns de c\u00e2meras usadas s\u00e3o:<\/p>\n\n\n\n<ul class=\"wp-block-list\">\n<li>C\u00e2mera DSLR: Comumente utilizada em usos comerciais devido \u00e0s suas imagens de alta resolu\u00e7\u00e3o, proporcionando imagens n\u00edtidas e detalhadas.<\/li>\n\n\n\n<li>C\u00e2mera Mirrorless: Ganhou atra\u00e7\u00e3o pelo design compacto e sem espelho interno; serve como uma alternativa para a c\u00e2mera DSLR por seu peso mais leve \u2013 popular para profissionais que fotografam ao ar livre.<\/li>\n\n\n\n<li>C\u00e2mera Bridge: Geralmente usada porque fotografa perfeitamente qualquer assunto; tamb\u00e9m para profissionais interessados na grande faixa de zoom.<\/li>\n\n\n\n<li>C\u00e2mera Digital Cine: Tamb\u00e9m usada para fins comerciais por sua resolu\u00e7\u00e3o 4k e op\u00e7\u00f5es de lentes intercambi\u00e1veis, embora agora sejam comumente usadas para grava\u00e7\u00e3o de v\u00eddeo.<\/li>\n<\/ul>\n\n\n\n<h2 class=\"wp-block-heading\">Tend\u00eancias e oportunidades na ind\u00fastria fotogr\u00e1fica<\/h2>\n\n\n\n<p>Com a cont\u00ednua expans\u00e3o da Ind\u00fastria da Fotografia, novas tecnologias e oportunidades s\u00e3o gradualmente introduzidas no mercado, e aqui est\u00e3o algumas relevantes:<\/p>\n\n\n\n<ul class=\"wp-block-list\">\n<li>Cabines\/Est\u00fadio de Autoatendimento: Uma das tecnologias mais populares, apelando \u00e0 gera\u00e7\u00e3o mais jovem pela sua op\u00e7\u00e3o de autoatendimento. A configura\u00e7\u00e3o da c\u00e2mera \u00e9 preparada e os consumidores podem tirar fotos de si mesmos dentro de um tempo limitado. Por\u00e9m, os editores de fotos ir\u00e3o auxili\u00e1-los ap\u00f3s a sess\u00e3o de fotos do cliente.<\/li>\n\n\n\n<li>Recurso GPS inclu\u00eddo: Outra nova tecnologia adaptada s\u00e3o as unidades GPS nas c\u00e2meras. Ele registra automaticamente os locais onde as fotos capturadas foram tiradas, completo com o sistema de coordenadas.<\/li>\n\n\n\n<li>Edi\u00e7\u00e3o na c\u00e2mera: Este novo recurso permitir\u00e1 que os fot\u00f3grafos editem automaticamente suas imagens brutas em suas c\u00e2meras. Ele conter\u00e1 as ferramentas b\u00e1sicas, como redimensionamento e ajuste de balan\u00e7o de branco.<\/li>\n\n\n\n<li>C\u00e2meras mais compactas: Novos designs de c\u00e2meras s\u00e3o introduzidos para funcionar t\u00e3o bem quanto as DSLR, mas com peso mais leve e tamanho menor. As c\u00e2meras sem espelho foram os designs pioneiros.<\/li>\n\n\n\n<li>Lente Ultra Zoom: Esta tecnologia emergente \u00e9 altamente esperada, mesmo para amadores. Ele promete tirar fotos de longe enquanto tira imagens n\u00edtidas, o que o torna muito procurado por observadores do c\u00e9u e fot\u00f3grafos de exteriores. Sup\u00f5e-se tamb\u00e9m que a lente Ultra Zoom fa\u00e7a maravilhas ao tirar fotos de detalhes minuciosos em objetos.<\/li>\n<\/ul>\n\n\n\n<h2 class=\"wp-block-heading\">Desafios na ind\u00fastria fotogr\u00e1fica<\/h2>\n\n\n\n<p>Apesar de todas as oportunidades que a ind\u00fastria da fotografia tem, ela enfrenta muitos desafios. As empresas enfrentam o problema das novas tecnologias que podem assumir o controle dos seus neg\u00f3cios ou de como um fot\u00f3grafo tradicional se compara a uma pessoa comum com uma c\u00e2mera.<\/p>\n\n\n\n<h3 class=\"wp-block-heading\">Estes s\u00e3o os desafios que est\u00e3o testando a ind\u00fastria fotogr\u00e1fica:<\/h3>\n\n\n\n<ul class=\"wp-block-list\">\n<li>Gerador de imagens de IA: afirma-se que os geradores de IA substituem as fun\u00e7\u00f5es dos editores de fotos. Ao contr\u00e1rio deste \u00faltimo, a IA pode editar uma foto bruta com o clique de um bot\u00e3o, sem usar qualquer ferramenta de edi\u00e7\u00e3o de software, economizando tempo e dinheiro para as empresas.<\/li>\n\n\n\n<li>A abund\u00e2ncia de smartphones: Quase todo mundo tem um telefone com c\u00e2mera. Isso significa uma menor necessidade de fot\u00f3grafo, a menos que seja para um grande evento. As pessoas tiram \u201cretratos\u201d e fotos de fam\u00edlia usando seus telefones, sem custo nenhum e sem agendamento.<\/li>\n\n\n\n<li>Fot\u00f3grafos \u201cileg\u00edtimos\u201d: As plataformas de m\u00eddia social s\u00e3o lugares incr\u00edveis para endossar seu neg\u00f3cio e suas habilidades, mas tamb\u00e9m significa que \u201cpessoas com uma c\u00e2mera\u201d podem participar da competi\u00e7\u00e3o. A maioria dessas pessoas n\u00e3o tem o conhecimento adequado de como tirar ou editar uma foto.<\/li>\n\n\n\n<li>Viola\u00e7\u00e3o de Direitos Autorais: Ainda nas Redes Sociais, fot\u00f3grafos podem ter suas fotos \u201croubadas\u201d por outros criadores de conte\u00fado.<\/li>\n<\/ul>","protected":false},"excerpt":{"rendered":"<p>A pesquisa de mercado da ind\u00fastria fotogr\u00e1fica \u00e9 vital para compreender o comportamento do consumidor e os desenvolvimentos tecnol\u00f3gicos e analisar a concorr\u00eancia.<\/p>","protected":false},"author":1,"featured_media":64318,"parent":14514,"menu_order":179,"comment_status":"closed","ping_status":"closed","template":"","meta":{"footnotes":""},"class_list":["post-41542","page","type-page","status-publish","has-post-thumbnail"],"_links":{"self":[{"href":"https:\/\/www.sisinternational.com\/pt\/wp-json\/wp\/v2\/pages\/41542","targetHints":{"allow":["GET"]}}],"collection":[{"href":"https:\/\/www.sisinternational.com\/pt\/wp-json\/wp\/v2\/pages"}],"about":[{"href":"https:\/\/www.sisinternational.com\/pt\/wp-json\/wp\/v2\/types\/page"}],"author":[{"embeddable":true,"href":"https:\/\/www.sisinternational.com\/pt\/wp-json\/wp\/v2\/users\/1"}],"replies":[{"embeddable":true,"href":"https:\/\/www.sisinternational.com\/pt\/wp-json\/wp\/v2\/comments?post=41542"}],"version-history":[{"count":6,"href":"https:\/\/www.sisinternational.com\/pt\/wp-json\/wp\/v2\/pages\/41542\/revisions"}],"predecessor-version":[{"id":78761,"href":"https:\/\/www.sisinternational.com\/pt\/wp-json\/wp\/v2\/pages\/41542\/revisions\/78761"}],"up":[{"embeddable":true,"href":"https:\/\/www.sisinternational.com\/pt\/wp-json\/wp\/v2\/pages\/14514"}],"wp:featuredmedia":[{"embeddable":true,"href":"https:\/\/www.sisinternational.com\/pt\/wp-json\/wp\/v2\/media\/64318"}],"wp:attachment":[{"href":"https:\/\/www.sisinternational.com\/pt\/wp-json\/wp\/v2\/media?parent=41542"}],"curies":[{"name":"wp","href":"https:\/\/api.w.org\/{rel}","templated":true}]}}