{"id":41529,"date":"2023-02-12T22:42:42","date_gmt":"2023-02-12T22:42:42","guid":{"rendered":"https:\/\/www.sisinternational.com\/?page_id=41529"},"modified":"2026-01-25T19:27:46","modified_gmt":"2026-01-26T00:27:46","slug":"pesquisa-de-mercado-de-aplicativos-de-namoro-online","status":"publish","type":"page","link":"https:\/\/www.sisinternational.com\/pt\/pericia\/pesquisa-de-mercado-de-aplicativos-de-namoro-online\/","title":{"rendered":"Pesquisa de mercado de aplicativos de namoro online"},"content":{"rendered":"<h1 class=\"wp-block-heading\">Pesquisa de mercado de aplicativos de namoro online<\/h1>\n\n\n\n<figure class=\"gb-block-image gb-block-image-3bf76e71\"><img decoding=\"async\" class=\"gb-image gb-image-3bf76e71\" src=\"https:\/\/www.sisinternational.com\/wp-content\/uploads\/2025\/08\/Online-dating-app-2.jpg\" alt=\"Pesquisa e Estrat\u00e9gia de Mercado Internacional da SIS\" title=\"Online dating app (2)\"><\/figure>\n\n\n\n<p><\/p>\n\n\n\n<p>A pesquisa de mercado de aplicativos de namoro online fornece insights sobre o que est\u00e1 acontecendo na ind\u00fastria de namoro online, seu impacto em v\u00e1rios indiv\u00edduos e suas prefer\u00eancias. \u00c0 medida que o namoro online ou pela Internet tem crescido nos \u00faltimos anos, os dados e estrat\u00e9gias na ind\u00fastria de aplicativos de namoro online tornaram-se valiosos para setores de neg\u00f3cios espec\u00edficos.<\/p>\n\n\n\n<p>A pesquisa de mercado de aplicativos de namoro online fornece insights que permitir\u00e3o que v\u00e1rios indiv\u00edduos, empresas e neg\u00f3cios que oferecem servi\u00e7os relevantes no setor entendam fatores baseados nas prefer\u00eancias e comportamentos dos usu\u00e1rios de aplicativos de namoro.<\/p>\n\n\n\n<h2 class=\"wp-block-heading\">O que \u00e9 um aplicativo de namoro online?<\/h2>\n\n\n\n<p>To better understand the information gathered for the <a href=\"https:\/\/www.sisinternational.com\/pt\/pericia\/industrias\/diretor-de-informacoes-cio-pesquisa-de-mercado\/\" title=\"Diretor de Informa\u00e7\u00f5es (CIO) Pesquisa de Mercado\"  data-wpil-monitor-id=\"5655\">pesquisa de mercado de aplicativos de namoro online<\/a>, one must have a clear definition of what online dating is and the users\u2019 goals.<\/p>\n\n\n\n<p>Online dating or internet dating is a method wherein various individuals get in touch with each other virtually, with the goal of setting up a personal meeting or date. &nbsp; Those who participate in online dating seek relationships for various reasons, but mostly the goal is to find someone who can be a potential romantic partner. Other reasons why individuals join online dating platforms also include:<\/p>\n\n\n\n<ul class=\"wp-block-list\">\n<li>Encontrar algu\u00e9m com quem possam se conectar ou fazer amigos<\/li>\n\n\n\n<li>Para entretenimento pessoal ou por curiosidade<\/li>\n\n\n\n<li>Procurando algu\u00e9m que compartilhe interesses e atividades semelhantes que possam realizar juntos<\/li>\n\n\n\n<li>Autovalida\u00e7\u00e3o ou constru\u00e7\u00e3o de autoconfian\u00e7a<\/li>\n<\/ul>\n\n\n\n<p>Nos \u00faltimos anos, os aplicativos de namoro online ganharam popularidade crescente para aqueles que gostam de namoro pela Internet. Aplicativos de namoro online s\u00e3o m\u00eddias sociais ou plataformas de namoro dispon\u00edveis como aplicativos para telefones celulares. Esta se tornou a melhor escolha para usu\u00e1rios de namoro online, n\u00e3o apenas por conveni\u00eancia, mas tamb\u00e9m devido \u00e0 crescente acessibilidade \u00e0 internet e \u00e0 crescente produ\u00e7\u00e3o de smartphones.<\/p>\n\n\n\n<h2 class=\"wp-block-heading\">Como funcionam os aplicativos de namoro online?<\/h2>\n\n\n\n<figure class=\"gb-block-image gb-block-image-37dca354\"><img loading=\"lazy\" decoding=\"async\" width=\"1456\" height=\"816\" class=\"gb-image gb-image-37dca354\" src=\"https:\/\/www.sisinternational.com\/wp-content\/uploads\/2025\/08\/Online-dating-app-4.jpg\" alt=\"Pesquisa e Estrat\u00e9gia de Mercado Internacional da SIS\" title=\"Online dating app (4)\" srcset=\"https:\/\/www.sisinternational.com\/wp-content\/uploads\/2025\/08\/Online-dating-app-4.jpg 1456w, https:\/\/www.sisinternational.com\/wp-content\/uploads\/2025\/08\/Online-dating-app-4-300x168.jpg 300w, https:\/\/www.sisinternational.com\/wp-content\/uploads\/2025\/08\/Online-dating-app-4-1024x574.jpg 1024w, https:\/\/www.sisinternational.com\/wp-content\/uploads\/2025\/08\/Online-dating-app-4-768x430.jpg 768w, https:\/\/www.sisinternational.com\/wp-content\/uploads\/2025\/08\/Online-dating-app-4-18x10.jpg 18w\" sizes=\"auto, (max-width: 1456px) 100vw, 1456px\"><\/figure>\n\n\n\n<p><\/p>\n\n\n\n<p>A maioria dos aplicativos de namoro online funciona de forma semelhante a outras plataformas de m\u00eddia social. Os usu\u00e1rios precisar\u00e3o criar suas pr\u00f3prias contas no aplicativo de namoro online de sua prefer\u00eancia. Eles devem criar seu pr\u00f3prio perfil individual como membro, que inclui, entre outros, os seguintes detalhes:<\/p>\n\n\n\n<ul class=\"wp-block-list\">\n<li>Nome, nome de usu\u00e1rio ou apelido<\/li>\n\n\n\n<li>Idade (deve ter 18 anos ou mais)<\/li>\n\n\n\n<li>G\u00eanero<\/li>\n\n\n\n<li>Sua orienta\u00e7\u00e3o ou prefer\u00eancia sexual<\/li>\n\n\n\n<li>Onde eles est\u00e3o localizados<\/li>\n\n\n\n<li>Uma descri\u00e7\u00e3o de si mesmo ou de sua apar\u00eancia<\/li>\n\n\n\n<li>Lista de prefer\u00eancias de personagem (das pessoas que desejam conhecer)<\/li>\n\n\n\n<li>Na maioria das vezes, esses aplicativos de namoro tamb\u00e9m solicitam que os membros carreguem fotos ou v\u00eddeos de si mesmos.<\/li>\n<\/ul>\n\n\n\n<p>Depois que o usu\u00e1rio se torna membro, o aplicativo de namoro m\u00f3vel usa certos algoritmos para comparar dados e combinar pessoas. Essas fun\u00e7\u00f5es de correspond\u00eancia e emparelhamento do aplicativo geralmente continuam \u00e0 medida que os membros usam a plataforma. Isso serve para reunir a intera\u00e7\u00e3o deles dentro do aplicativo, que tamb\u00e9m pode ser usada ao combin\u00e1-los com outra pessoa.<\/p>\n\n\n\n<h2 class=\"wp-block-heading\">Fatores adicionais que impactam a pesquisa de mercado de aplicativos de namoro online<\/h2>\n\n\n\n<h3 class=\"wp-block-heading\">Servi\u00e7os do mercado de namoro online<\/h3>\n\n\n\n<p>The growth and expansion of the online dating app <a href=\"https:\/\/www.sisinternational.com\/pt\/pericia\/industrias\/pesquisa-de-mercado-industrial\/\" title=\"Pesquisa e Estrat\u00e9gia de Mercado Industrial\"  data-wpil-monitor-id=\"10360\">industry have divided the market<\/a> into various segments that include: social dating, adult dating, niche dating, and matchmaking. The types of services found in online dating platforms influence the membership signups as well as how specific dating app functions.<\/p>\n\n\n\n<h3 class=\"wp-block-heading\">Modelos de neg\u00f3cios de namoro online<\/h3>\n\n\n\n<p>Para a Pesquisa de Mercado de Aplicativos de Namoro Online, reconhecer os modelos de neg\u00f3cios pode fornecer mais dados e estrat\u00e9gias na ind\u00fastria de Aplicativos de Namoro Online. Os principais modelos de neg\u00f3cios incluem:<\/p>\n\n\n\n<ul class=\"wp-block-list\">\n<li>Uma assinatura paga do aplicativo de namoro online. \u00c9 aqui que os usu\u00e1rios pagam uma determinada quantia para fazer parte da plataforma de aplicativos de namoro online.<\/li>\n\n\n\n<li>Assinatura gratuita ou freemium. \u00c9 aqui que os recursos b\u00e1sicos do aplicativo de namoro online s\u00e3o oferecidos gratuitamente, mas vantagens ou fun\u00e7\u00f5es adicionais podem ser adquiridas por um custo adicional ou como compras no aplicativo.<\/li>\n<\/ul>\n\n\n\n<h2 class=\"wp-block-heading\">Principais participantes da ind\u00fastria de namoro online<\/h2>\n\n\n\n<figure class=\"gb-block-image gb-block-image-33764489\"><img loading=\"lazy\" decoding=\"async\" width=\"1456\" height=\"816\" class=\"gb-image gb-image-33764489\" src=\"https:\/\/www.sisinternational.com\/wp-content\/uploads\/2025\/08\/Online-dating-app-5.jpg\" alt=\"Pesquisa e Estrat\u00e9gia de Mercado Internacional da SIS\" title=\"Online dating app (5)\" srcset=\"https:\/\/www.sisinternational.com\/wp-content\/uploads\/2025\/08\/Online-dating-app-5.jpg 1456w, https:\/\/www.sisinternational.com\/wp-content\/uploads\/2025\/08\/Online-dating-app-5-300x168.jpg 300w, https:\/\/www.sisinternational.com\/wp-content\/uploads\/2025\/08\/Online-dating-app-5-1024x574.jpg 1024w, https:\/\/www.sisinternational.com\/wp-content\/uploads\/2025\/08\/Online-dating-app-5-768x430.jpg 768w, https:\/\/www.sisinternational.com\/wp-content\/uploads\/2025\/08\/Online-dating-app-5-18x10.jpg 18w\" sizes=\"auto, (max-width: 1456px) 100vw, 1456px\"><\/figure>\n\n\n\n<p><\/p>\n\n\n\n<p>O desenvolvimento cont\u00ednuo de portais de namoro online e aplicativos m\u00f3veis trouxe participantes importantes na ind\u00fastria. Os relat\u00f3rios mais recentes mostram os seguintes intervenientes principais sem uma ordem espec\u00edfica:<\/p>\n\n\n\n<ul class=\"wp-block-list\">\n<li>Corresponder<\/li>\n\n\n\n<li>Inflam\u00e1vel<\/li>\n\n\n\n<li>Bumble<\/li>\n\n\n\n<li>Kipo<\/li>\n\n\n\n<li>Abund\u00e2ncia de peixes<\/li>\n\n\n\n<li>OkCupid<\/li>\n\n\n\n<li>eHarmonia<\/li>\n\n\n\n<li>Grindr<\/li>\n\n\n\n<li>Caf\u00e9 encontra bagel<\/li>\n\n\n\n<li>Dobradi\u00e7a<\/li>\n<\/ul>\n\n\n\n<h2 class=\"wp-block-heading\">M\u00e9todos e pr\u00e1ticas recomendadas de pesquisa de mercado de aplicativos de namoro online<\/h2>\n\n\n\n<p><a href=\"https:\/\/www.sisinternational.com\/pt\/garantindo-que-os-clientes-se-lembrem-de-sua-mensagem\/\" title=\"Pesquisa de mercado de ativa\u00e7\u00e3o de marca\"  data-wpil-monitor-id=\"10349\">Market Research provides insights into the activities<\/a> of users in online dating application as well as gather data and strategies in the Online Dating App industry. In order to come up with accurate <a href=\"https:\/\/www.sisinternational.com\/pt\/pericia\/industrias\/pesquisa-de-mercado-de-pesticidas\/\" title=\"Pesquisa de mercado de pesticidas\"  data-wpil-monitor-id=\"3386\">research data and market<\/a> forecasts, the following methods are implemented:<\/p>\n\n\n\n<ul class=\"wp-block-list\">\n<li>Identificar as metas e objetivos da pesquisa. Isso \u00e9 para garantir que a pesquisa realizada, bem como os dados coletados, sejam focados no objetivo.<\/li>\n\n\n\n<li>Profiling the users of the online dating app. <a href=\"https:\/\/www.sisinternational.com\/pt\/estudo-de-caso-sis-em-insights-de-lojas-em-todo-o-mundo\/\" title=\"Insights do comprador na loja \u2013 estudo de caso de pesquisa de mercado\"  data-wpil-monitor-id=\"10355\">Market Research provides insights<\/a> based on the profiles and activities the users have within the online dating platform.<\/li>\n\n\n\n<li>Categoriza\u00e7\u00e3o do escopo do relat\u00f3rio para melhor an\u00e1lise dos dados. A pesquisa pode incluir idade, sexo, tipo de assinatura, perspectiva regional ou demogr\u00e1fica e outros fatores relevantes para a pesquisa de mercado de aplicativos de namoro online.<\/li>\n\n\n\n<li>Selecionar o m\u00e9todo mais apropriado para usar com base nos dados e estrat\u00e9gias alvo da ind\u00fastria de aplicativos de namoro online. Alguns dos m\u00e9todos de minera\u00e7\u00e3o de dados mais populares e confi\u00e1veis incluem entrevistas com usu\u00e1rios, pesquisas e tamb\u00e9m escuta nas redes sociais.<\/li>\n\n\n\n<li>Assessment and validation of online dating app market research outcomes. Accurate <a href=\"https:\/\/www.sisinternational.com\/pt\/solucoes\/consultoria-estrategica\/consultoria-em-estrategia-de-pesquisa-de-mercado-de-capacitacao-de-vendas\/\" title=\"Pesquisa de mercado e consultoria estrat\u00e9gica para capacita\u00e7\u00e3o de vendas\"  data-wpil-monitor-id=\"10350\">market research provides insights that enable<\/a> top market figures, leaders, and businesses to gain unparalleled business knowledge.<\/li>\n<\/ul>\n\n\n\n<h2 class=\"wp-block-heading\">Benef\u00edcios da pesquisa de mercado de aplicativos de namoro online<\/h2>\n\n\n\n<figure class=\"gb-block-image gb-block-image-dd3e43d5\"><img loading=\"lazy\" decoding=\"async\" width=\"1456\" height=\"816\" class=\"gb-image gb-image-dd3e43d5\" src=\"https:\/\/www.sisinternational.com\/wp-content\/uploads\/2025\/08\/Online-dating-app-3.jpg\" alt=\"Pesquisa e Estrat\u00e9gia de Mercado Internacional da SIS\" title=\"Online dating app (3)\" srcset=\"https:\/\/www.sisinternational.com\/wp-content\/uploads\/2025\/08\/Online-dating-app-3.jpg 1456w, https:\/\/www.sisinternational.com\/wp-content\/uploads\/2025\/08\/Online-dating-app-3-300x168.jpg 300w, https:\/\/www.sisinternational.com\/wp-content\/uploads\/2025\/08\/Online-dating-app-3-1024x574.jpg 1024w, https:\/\/www.sisinternational.com\/wp-content\/uploads\/2025\/08\/Online-dating-app-3-768x430.jpg 768w, https:\/\/www.sisinternational.com\/wp-content\/uploads\/2025\/08\/Online-dating-app-3-18x10.jpg 18w\" sizes=\"auto, (max-width: 1456px) 100vw, 1456px\"><\/figure>\n\n\n\n<p><\/p>\n\n\n\n<p>A pesquisa de mercado de aplicativos de namoro online fornece insights sobre indiv\u00edduos, empresas e neg\u00f3cios espec\u00edficos que fornecem servi\u00e7os de aplicativos de namoro online. Os resultados da pesquisa s\u00e3o ben\u00e9ficos das seguintes maneiras:<\/p>\n\n\n\n<ul class=\"wp-block-list\">\n<li>Gather data and strategies in the online dating app <a href=\"https:\/\/www.sisinternational.com\/pt\/industry-forecast\/construction-industry-forecast\/\" title=\"Construction Industry Forecast\"  data-wpil-monitor-id=\"10361\">industry that will help construct<\/a> better programs and services.<\/li>\n\n\n\n<li>Construct a <a href=\"https:\/\/www.sisinternational.com\/pt\/solucoes\/consultoria-estrategica\/consultoria-em-estrategia-de-pesquisa-de-mercado-para-usuarios-finais\/\" title=\"Pesquisa de mercado para usu\u00e1rios finais e consultoria estrat\u00e9gica\"  data-wpil-monitor-id=\"10358\">marketing strategy<\/a> that will target certain application users and identify their preferences for future product offerings.<\/li>\n\n\n\n<li>Detecte \u00e1reas onde s\u00e3o poss\u00edveis oportunidades para criar servi\u00e7os lucrativos e como torn\u00e1-las vis\u00edveis para usu\u00e1rios de aplicativos de namoro online.<\/li>\n\n\n\n<li>Planejar e implementar recursos para aplicativos m\u00f3veis que forne\u00e7am resultados lucrativos para usu\u00e1rios e provedores de servi\u00e7os.<\/li>\n\n\n\n<li>A pesquisa de mercado de aplicativos de namoro online pode ajudar a reconhecer an\u00e1lises de tend\u00eancias e oportunidades de crescimento na ind\u00fastria de namoro e aplicativos m\u00f3veis.<\/li>\n<\/ul>\n\n\n\n<h2 class=\"wp-block-heading\">Sobre pesquisa de mercado de aplicativos de namoro online<\/h2>\n\n\n\n<p>As more and more individuals are expected to join or try out the various online dating apps available, the market dynamics should be understood. The <a href=\"https:\/\/www.sisinternational.com\/pt\/fintech-market-research-trends\/\" title=\"Tend\u00eancias de pesquisa de mercado das fintechs\"  data-wpil-monitor-id=\"10353\">market research provides insights that include trends<\/a> and factors impacting user preferences and decisions, as well as the evolution of mobile applications.<\/p>\n\n\n\n<p>The data and strategies in the <a href=\"https:\/\/www.sisinternational.com\/pt\/solucoes\/solucoes-de-pesquisa-quantitativa-qualitativa\/foruns-de-discussao-de-boletins-on-line\/\" title=\"Pesquisa de mercado qualitativa online\"  data-wpil-monitor-id=\"10362\">Online Dating App industry research<\/a> will help individuals with key roles in the industry or related businesses to implement sustainable growth techniques as well as strengthen their position in the industry.<\/p>","protected":false},"excerpt":{"rendered":"<p>A pesquisa de mercado de aplicativos de namoro online fornece insights sobre a ind\u00fastria de namoro online, seu impacto nos indiv\u00edduos e suas prefer\u00eancias.<\/p>","protected":false},"author":1,"featured_media":0,"parent":14514,"menu_order":177,"comment_status":"closed","ping_status":"closed","template":"","meta":{"footnotes":""},"class_list":["post-41529","page","type-page","status-publish"],"_links":{"self":[{"href":"https:\/\/www.sisinternational.com\/pt\/wp-json\/wp\/v2\/pages\/41529","targetHints":{"allow":["GET"]}}],"collection":[{"href":"https:\/\/www.sisinternational.com\/pt\/wp-json\/wp\/v2\/pages"}],"about":[{"href":"https:\/\/www.sisinternational.com\/pt\/wp-json\/wp\/v2\/types\/page"}],"author":[{"embeddable":true,"href":"https:\/\/www.sisinternational.com\/pt\/wp-json\/wp\/v2\/users\/1"}],"replies":[{"embeddable":true,"href":"https:\/\/www.sisinternational.com\/pt\/wp-json\/wp\/v2\/comments?post=41529"}],"version-history":[{"count":6,"href":"https:\/\/www.sisinternational.com\/pt\/wp-json\/wp\/v2\/pages\/41529\/revisions"}],"predecessor-version":[{"id":81707,"href":"https:\/\/www.sisinternational.com\/pt\/wp-json\/wp\/v2\/pages\/41529\/revisions\/81707"}],"up":[{"embeddable":true,"href":"https:\/\/www.sisinternational.com\/pt\/wp-json\/wp\/v2\/pages\/14514"}],"wp:attachment":[{"href":"https:\/\/www.sisinternational.com\/pt\/wp-json\/wp\/v2\/media?parent=41529"}],"curies":[{"name":"wp","href":"https:\/\/api.w.org\/{rel}","templated":true}]}}