{"id":41485,"date":"2023-02-12T20:43:26","date_gmt":"2023-02-12T20:43:26","guid":{"rendered":"https:\/\/www.sisinternational.com\/?page_id=41485"},"modified":"2026-01-27T16:47:22","modified_gmt":"2026-01-27T21:47:22","slug":"pesquisa-de-mercado-de-joias","status":"publish","type":"page","link":"https:\/\/www.sisinternational.com\/pt\/pericia\/pesquisa-de-mercado-de-joias\/","title":{"rendered":"Pesquisa de mercado de joias"},"content":{"rendered":"<h1 class=\"wp-block-heading\">Pesquisa de mercado de joias<\/h1>\n\n\n\n<figure class=\"gb-block-image gb-block-image-8f05c9cd\"><img loading=\"lazy\" decoding=\"async\" width=\"1456\" height=\"816\" class=\"gb-image gb-image-8f05c9cd\" src=\"https:\/\/www.sisinternational.com\/wp-content\/uploads\/2025\/08\/fashion-accesories-4.jpg\" alt=\"Pesquisa e Estrat\u00e9gia de Mercado Internacional da SIS\" title=\"fashion accesories (4)\" srcset=\"https:\/\/www.sisinternational.com\/wp-content\/uploads\/2025\/08\/fashion-accesories-4.jpg 1456w, https:\/\/www.sisinternational.com\/wp-content\/uploads\/2025\/08\/fashion-accesories-4-300x168.jpg 300w, https:\/\/www.sisinternational.com\/wp-content\/uploads\/2025\/08\/fashion-accesories-4-1024x574.jpg 1024w, https:\/\/www.sisinternational.com\/wp-content\/uploads\/2025\/08\/fashion-accesories-4-768x430.jpg 768w, https:\/\/www.sisinternational.com\/wp-content\/uploads\/2025\/08\/fashion-accesories-4-18x10.jpg 18w\" sizes=\"auto, (max-width: 1456px) 100vw, 1456px\"><\/figure>\n\n\n\n<p><\/p>\n\n\n\n<hr class=\"wp-block-separator has-alpha-channel-opacity is-style-dots\"\/>\n\n\n\n<div class=\"wp-block-columns has-global-color-9-color has-text-color has-background has-link-color wp-elements-af6c8a4f99e5feea657a4b476b2e166f is-layout-flex wp-container-core-columns-is-layout-9d6595d7 wp-block-columns-is-layout-flex\" style=\"background-color:#f7f9fa6e\">\n<div class=\"wp-block-column is-layout-flow wp-block-column-is-layout-flow\" style=\"flex-basis:18%\"><\/div>\n\n\n\n<div class=\"wp-block-column is-vertically-aligned-center is-layout-flow wp-block-column-is-layout-flow\" style=\"flex-basis:71.28%\">\n<div class=\"wp-block-rank-math-toc-block aligncenter has-global-color-9-color has-text-color has-link-color wp-elements-7631775f09165e19889649c1cce77cb0\" style=\"font-size:16px\" id=\"rank-math-toc\"><h2><br><strong>T<\/strong>able of Contents<\/h2><nav><ul><li class=\"\"><a href=\"#what-is-jewelry-market-research\">O que \u00e9 pesquisa de mercado de joias<\/a><\/li><li class=\"\"><a href=\"#why-its-important\">Por que \u00e9 importante<\/a><\/li><li class=\"\"><a href=\"#key-job-titles-in-the-industry\">Principais cargos no setor<\/a><\/li><li class=\"\"><a href=\"#why-businesses-need-jewelry-market-research\">Por que as empresas precisam de pesquisas de mercado de joias<\/a><\/li><li class=\"\"><a href=\"#key-success-factors\">Principais fatores de sucesso<\/a><\/li><li class=\"\"><a href=\"#about-jewelry-market-research\">Sobre pesquisa de mercado de joias<\/a><\/li><\/ul><\/nav><\/div>\n<\/div>\n<\/div>\n\n\n\n<p><\/p>\n\n\n\n<h2 class=\"wp-block-heading\" id=\"what-is-jewelry-market-research\">O que \u00e9 pesquisa de mercado de joias<\/h2>\n\n\n\n<p>A pesquisa de mercado de joias se concentra na coleta de informa\u00e7\u00f5es sobre os tipos de joias e na compreens\u00e3o da influ\u00eancia que o mercado pode ter sobre as diversas empresas fabricantes e vendedores particulares.<\/p>\n\n\n\n<p>As joias s\u00e3o objetos est\u00e9ticos que nos \u00faltimos anos se tornaram acess\u00edveis a todos, gra\u00e7as a diversas marcas capazes de fabricar produtos de qualidade e vend\u00ea-los a pre\u00e7os acess\u00edveis.<\/p>\n\n\n\n<p>Da mesma forma, as joias tamb\u00e9m est\u00e3o ligadas \u00e0 cultura, pois podem representar um status ou ser utilizadas para ritos religiosos.<\/p>\n\n\n\n<p>Para avaliar o valor da pesquisa de mercado de joias, \u00e9 necess\u00e1rio compreender a import\u00e2ncia e o impacto das joias em v\u00e1rios aspectos da nossa sociedade.<\/p>\n\n\n\n<h3 class=\"wp-block-heading\">Uma joia \u00e9 um ornamento feito de metal precioso, embelezado com gemas, p\u00e9rolas ou pedras. Em geral, as Joias s\u00e3o divididas em:<\/h3>\n\n\n\n<figure class=\"gb-block-image gb-block-image-28b7b894\"><img loading=\"lazy\" decoding=\"async\" width=\"1456\" height=\"816\" class=\"gb-image gb-image-28b7b894\" src=\"https:\/\/www.sisinternational.com\/wp-content\/uploads\/2025\/08\/fashion-accesories-3.jpg\" alt=\"Pesquisa e Estrat\u00e9gia de Mercado Internacional da SIS\" title=\"fashion accesories (3)\" srcset=\"https:\/\/www.sisinternational.com\/wp-content\/uploads\/2025\/08\/fashion-accesories-3.jpg 1456w, https:\/\/www.sisinternational.com\/wp-content\/uploads\/2025\/08\/fashion-accesories-3-300x168.jpg 300w, https:\/\/www.sisinternational.com\/wp-content\/uploads\/2025\/08\/fashion-accesories-3-1024x574.jpg 1024w, https:\/\/www.sisinternational.com\/wp-content\/uploads\/2025\/08\/fashion-accesories-3-768x430.jpg 768w, https:\/\/www.sisinternational.com\/wp-content\/uploads\/2025\/08\/fashion-accesories-3-18x10.jpg 18w\" sizes=\"auto, (max-width: 1456px) 100vw, 1456px\"><\/figure>\n\n\n\n<p><\/p>\n\n\n\n<ul class=\"wp-block-list\">\n<li>Colares<\/li>\n\n\n\n<li>Brincos<\/li>\n\n\n\n<li>argolas<\/li>\n\n\n\n<li>Pulseiras<\/li>\n\n\n\n<li>Encantos<\/li>\n<\/ul>\n\n\n\n<p>Quanto aos materiais utilizados na confec\u00e7\u00e3o das joias, o mais utilizado \u00e9 a prata, por estar facilmente dispon\u00edvel. O segundo material mais utilizado \u00e9 o ouro, mas tem um custo mais elevado.<\/p>\n\n\n\n<p>A platina est\u00e1 entre os materiais menos comuns, seu valor fica entre o ouro e a prata. O r\u00f3dio, por outro lado, \u00e9 muito mais caro, mas geralmente \u00e9 usado para embelezar joias de prata.<\/p>\n\n\n\n<p>O tit\u00e2nio \u00e9 um metal relativamente novo no campo da joalheria e \u00e9 usado principalmente para criar pequenas joias ou para refor\u00e7ar outros materiais.<\/p>\n\n\n\n<h2 class=\"wp-block-heading\" id=\"why-its-important\">Por que \u00e9 importante<\/h2>\n\n\n\n<p>O objetivo da pesquisa de mercado \u00e9 fornecer conhecimento aprofundado sobre um setor, no caso o joalheiro. Reunir informa\u00e7\u00f5es e ter uma vis\u00e3o geral do mercado de joias pode ser importante por v\u00e1rios motivos:<\/p>\n\n\n\n<ul class=\"wp-block-list\">\n<li>Um conhecimento mais profundo sobre quais s\u00e3o as marcas de joias mais populares do mercado. Com a pesquisa do mercado de joias \u00e9 poss\u00edvel ter informa\u00e7\u00f5es sobre as tend\u00eancias mundiais.<\/li>\n\n\n\n<li>Conhecer o papel das joias na sociedade. Hoje em dia, as joias n\u00e3o s\u00e3o objeto de interesse apenas das mulheres pertencentes a uma determinada faixa et\u00e1ria. Na verdade, as joias tamb\u00e9m s\u00e3o apreciadas e compradas por jovens e tamb\u00e9m por homens.<\/li>\n\n\n\n<li>Informa\u00e7\u00f5es sobre quais tipos de joias s\u00e3o mais apreciadas e as diversas novidades do setor. Isso porque o mundo da joalheria \u00e9 extremamente diversificado, com marcas especializadas exclusivamente na produ\u00e7\u00e3o de determinados tipos como an\u00e9is, pulseiras e pingentes.<\/li>\n\n\n\n<li>Aprenda a diferen\u00e7a e a for\u00e7a de mercado das joalherias e vendedores particulares.<\/li>\n\n\n\n<li>Aprenda quais materiais s\u00e3o usados na produ\u00e7\u00e3o de joias e os pr\u00f3prios m\u00e9todos de produ\u00e7\u00e3o.<\/li>\n\n\n\n<li>Analyze the market for jewelry sold by common brands, as well as the <a href=\"https:\/\/www.sisinternational.com\/pt\/pesquisa-de-mercado-de-perfumes-de-luxo\/\" title=\"Pesquisa de mercado de perfumes de luxo\"  data-wpil-monitor-id=\"7579\">market for luxury<\/a> jewelry, so that a comparison can be made.<\/li>\n\n\n\n<li>A pesquisa de mercado sobre joias pode ajudar empresas e indiv\u00edduos a obter informa\u00e7\u00f5es que lhes permitir\u00e3o ser competitivos.<\/li>\n<\/ul>\n\n\n\n<h2 class=\"wp-block-heading\" id=\"key-job-titles-in-the-industry\">Principais cargos no setor<\/h2>\n\n\n\n<p>A ind\u00fastria de vendas e fabrica\u00e7\u00e3o de joias est\u00e1 dividida em diferentes empregos, fun\u00e7\u00f5es e profiss\u00f5es. Em geral, tanto a venda quanto a fabrica\u00e7\u00e3o de joias exigem conhecimentos espec\u00edficos sobre os materiais e tipos de joias.<\/p>\n\n\n\n<h3 class=\"wp-block-heading\">Abaixo est\u00e1 uma lista de alguns dos principais empregos na ind\u00fastria joalheira:<\/h3>\n\n\n\n<figure class=\"gb-block-image gb-block-image-ce96fbd8\"><img loading=\"lazy\" decoding=\"async\" width=\"1456\" height=\"816\" class=\"gb-image gb-image-ce96fbd8\" src=\"https:\/\/www.sisinternational.com\/wp-content\/uploads\/2025\/08\/fashion-accesories-2.jpg\" alt=\"Pesquisa e Estrat\u00e9gia de Mercado Internacional da SIS\" title=\"fashion accesories (2)\" srcset=\"https:\/\/www.sisinternational.com\/wp-content\/uploads\/2025\/08\/fashion-accesories-2.jpg 1456w, https:\/\/www.sisinternational.com\/wp-content\/uploads\/2025\/08\/fashion-accesories-2-300x168.jpg 300w, https:\/\/www.sisinternational.com\/wp-content\/uploads\/2025\/08\/fashion-accesories-2-1024x574.jpg 1024w, https:\/\/www.sisinternational.com\/wp-content\/uploads\/2025\/08\/fashion-accesories-2-768x430.jpg 768w, https:\/\/www.sisinternational.com\/wp-content\/uploads\/2025\/08\/fashion-accesories-2-18x10.jpg 18w\" sizes=\"auto, (max-width: 1456px) 100vw, 1456px\"><\/figure>\n\n\n\n<p><\/p>\n\n\n\n<ul class=\"wp-block-list\">\n<li>Gravador<\/li>\n\n\n\n<li>T\u00e9cnico de garantia de qualidade<\/li>\n\n\n\n<li>Polidor<\/li>\n\n\n\n<li>Joalheiro de bancada<\/li>\n\n\n\n<li>Metal\u00fargico<\/li>\n\n\n\n<li>Ourives<\/li>\n\n\n\n<li>Gerente de loja<\/li>\n\n\n\n<li>Assistente de vendas<\/li>\n\n\n\n<li>Profissional de vendas no varejo<\/li>\n\n\n\n<li>Avaliador de joias<\/li>\n\n\n\n<li>Designer de j\u00f3ias<\/li>\n<\/ul>\n\n\n\n<h2 class=\"wp-block-heading\" id=\"why-businesses-need-jewelry-market-research\">Por que as empresas precisam de pesquisas de mercado de joias<\/h2>\n\n\n\n<p>As informa\u00e7\u00f5es sobre a ind\u00fastria joalheira coletadas em pesquisas de mercado, bem como diversas estrat\u00e9gias, podem ser muito \u00fateis para diversos neg\u00f3cios. Esses neg\u00f3cios incluem os seguintes setores:<\/p>\n\n\n\n<ul class=\"wp-block-list\">\n<li>Setor de fabrica\u00e7\u00e3o de joias<\/li>\n\n\n\n<li>Setor de vendas de joias<\/li>\n\n\n\n<li>Setor de com\u00e9rcio eletr\u00f4nico de joias<\/li>\n\n\n\n<li>Vendedores privados<\/li>\n\n\n\n<li>Influenciadores da web<\/li>\n<\/ul>\n\n\n\n<p><\/p>\n\n\n\n<!DOCTYPE html>\n<html lang=\"en\">\n<head>\n    <meta charset=\"UTF-8\">\n    <meta name=\"viewport\" content=\"width=device-width, initial-scale=1.0\">\n    <title>AI Blog Banner<\/title>\n    <style>\n        * {\n            margin: 0;\n            padding: 0;\n            box-sizing: border-box;\n        }\n\n        .banner {\n            position: relative;\n            width: 100%;\n            height: 350px;\n            overflow: hidden;\n            display: flex;\n            align-items: center;\n            justify-content: center;\n            font-family: 'Arial', sans-serif;\n            border-radius: 25px;\n        }\n\n        .animated-background {\n            position: absolute;\n            top: 0;\n            left: 0;\n            width: 100%;\n            height: 100%;\n            background: linear-gradient(45deg, #003f6b, #2d5a7b, #003f6b, #2d5a7b);\n            background-size: 400% 400%;\n            animation: gradientMove 8s ease-in-out infinite;\n        }\n\n        .ai-pattern {\n            position: absolute;\n            top: 0;\n            left: 0;\n            width: 100%;\n            height: 100%;\n            opacity: 0.1;\n            background-image: \n                radial-gradient(circle at 20% 20%, rgba(255,255,255,0.3) 2px, transparent 2px),\n                radial-gradient(circle at 80% 80%, rgba(255,255,255,0.2) 1px, transparent 1px),\n                radial-gradient(circle at 40% 60%, rgba(255,255,255,0.15) 1.5px, transparent 1.5px),\n                radial-gradient(circle at 60% 20%, rgba(255,255,255,0.25) 1px, transparent 1px),\n                radial-gradient(circle at 80% 40%, rgba(255,255,255,0.2) 2px, transparent 2px);\n            background-size: 100px 100px, 150px 150px, 80px 80px, 120px 120px, 90px 90px;\n            animation: patternFloat 12s linear infinite;\n        }\n\n        .neural-network {\n            position: absolute;\n            top: 0;\n            left: 0;\n            width: 100%;\n            height: 100%;\n            opacity: 0.08;\n        }\n\n        .neural-line {\n            position: absolute;\n            height: 1px;\n            background: linear-gradient(90deg, transparent, rgba(255,255,255,0.5), transparent);\n            animation: neuralPulse 6s ease-in-out infinite;\n        }\n\n        .neural-line:nth-child(1) {\n            top: 30%;\n            left: 0;\n            width: 60%;\n            animation-delay: 0s;\n        }\n\n        .neural-line:nth-child(2) {\n            top: 50%;\n            right: 0;\n            width: 70%;\n            animation-delay: 2s;\n        }\n\n        .neural-line:nth-child(3) {\n            top: 70%;\n            left: 20%;\n            width: 50%;\n            animation-delay: 4s;\n        }\n\n        .content {\n            position: relative;\n            z-index: 10;\n            text-align: center;\n            color: white !important;\n            max-width: 800px;\n            padding: 30px;\n        }\n\n        .content * {\n            color: white !important;\n        }\n\n        .cta-text {\n            font-size: 1.9rem;\n            font-weight: 700;\n            margin-bottom: 15px;\n            color: white !important;\n            background: linear-gradient(90deg, rgba(255,255,255,0.6), rgba(255,255,255,1), rgba(230,230,230,1), rgba(255,255,255,1), rgba(240,240,240,0.8), rgba(255,255,255,0.6));\n            background-size: 200% 100%;\n            -webkit-background-clip: text;\n            -webkit-text-fill-color: transparent;\n            background-clip: text;\n            animation: shineEffect 10s ease-in-out infinite;\n            line-height: 1.3;\n        }\n\n        .cta-subheading {\n            font-size: 1rem;\n            font-weight: 400;\n            margin-bottom: 25px;\n            color: white !important;\n            line-height: 1.6;\n            opacity: 0.95;\n        }\n\n        .cta-button {\n            background: linear-gradient(135deg, #8a6b0f, #bd9013, #d4a519);\n            border: 2px solid #8a6b0f;\n            color: white !important;\n            padding: 18px 40px;\n            font-size: 1.2rem;\n            font-weight: 600;\n            border-radius: 50px;\n            cursor: pointer;\n            transition: all 0.3s ease;\n            text-decoration: none;\n            display: inline-block;\n            position: relative;\n            overflow: hidden;\n        }\n\n        .cta-button::before {\n            content: '';\n            position: absolute;\n            top: 0;\n            left: -100%;\n            width: 100%;\n            height: 100%;\n            background: linear-gradient(90deg, \n                transparent 0%, \n                rgba(255, 255, 255, 0.3) 25%,\n                rgba(255, 255, 255, 0.6) 50%,\n                rgba(255, 255, 255, 0.3) 75%,\n                transparent 100%);\n            animation: shine 3s ease-in-out infinite;\n        }\n\n        .cta-button:hover {\n            transform: translateY(-3px);\n            box-shadow: 0 10px 25px rgba(0,0,0,0.2);\n            border-color: #bd9013;\n            background: linear-gradient(135deg, #bd9013, #d4a519, #e6b61f);\n        }\n\n        .floating-elements {\n            position: absolute;\n            top: 0;\n            left: 0;\n            width: 100%;\n            height: 100%;\n            pointer-events: none;\n        }\n\n        .floating-circle {\n            position: absolute;\n            border-radius: 50%;\n            background: rgba(255,255,255,0.1);\n            animation: float 8s ease-in-out infinite;\n        }\n\n        .floating-circle:nth-child(1) {\n            width: 80px;\n            height: 80px;\n            top: 20%;\n            left: 10%;\n            animation-delay: 0s;\n        }\n\n        .floating-circle:nth-child(2) {\n            width: 60px;\n            height: 60px;\n            top: 60%;\n            right: 15%;\n            animation-delay: 3s;\n        }\n\n        .floating-circle:nth-child(3) {\n            width: 40px;\n            height: 40px;\n            top: 80%;\n            left: 80%;\n            animation-delay: 6s;\n        }\n\n        .floating-circle:nth-child(4) {\n            width: 70px;\n            height: 70px;\n            top: 10%;\n            right: 20%;\n            animation-delay: 1.5s;\n        }\n\n        .floating-circle:nth-child(5) {\n            width: 50px;\n            height: 50px;\n            top: 75%;\n            left: 30%;\n            animation-delay: 4.5s;\n        }\n\n        @keyframes gradientMove {\n            0% { background-position: 0% 50%; }\n            25% { background-position: 100% 50%; }\n            50% { background-position: 100% 100%; }\n            75% { background-position: 0% 100%; }\n            100% { background-position: 0% 50%; }\n        }\n\n        @keyframes patternFloat {\n            0% { transform: translateX(0) translateY(0); }\n            33% { transform: translateX(30px) translateY(-20px); }\n            66% { transform: translateX(-20px) translateY(10px); }\n            100% { transform: translateX(0) translateY(0); }\n        }\n\n        @keyframes neuralPulse {\n            0%, 100% { opacity: 0.08; }\n            50% { opacity: 0.2; }\n        }\n\n        @keyframes shineEffect {\n            0% { background-position: 200% 0; }\n            100% { background-position: -200% 0; }\n        }\n\n        @keyframes shine {\n            0% {\n                left: -100%;\n            }\n            20%, 100% {\n                left: 100%;\n            }\n        }\n\n        @keyframes float {\n            0%, 100% { transform: translateY(0px) rotate(0deg); }\n            33% { transform: translateY(-30px) rotate(120deg); }\n            66% { transform: translateY(15px) rotate(240deg); }\n        }\n\n        @media (max-width: 768px) {\n            .banner {\n                height: 320px;\n                padding: 30px 0;\n            }\n            \n            .content {\n                padding: 40px 20px;\n            }\n            \n            .cta-text {\n                font-size: 1.3rem;\n                margin-bottom: 12px;\n            }\n            \n            .cta-subheading {\n                font-size: 0.85rem;\n                margin-bottom: 20px;\n            }\n            \n            .cta-button {\n                padding: 14px 28px;\n                font-size: 0.95rem;\n            }\n        }\n    <\/style>\n<\/head>\n<body>\n    <div class=\"banner\">\n        <div class=\"animated-background\"><\/div>\n        \n        <div class=\"ai-pattern\"><\/div>\n        \n        <div class=\"neural-network\">\n            <div class=\"neural-line\"><\/div>\n            <div class=\"neural-line\"><\/div>\n            <div class=\"neural-line\"><\/div>\n        <\/div>\n        \n        <div class=\"floating-elements\">\n            <div class=\"floating-circle\"><\/div>\n            <div class=\"floating-circle\"><\/div>\n            <div class=\"floating-circle\"><\/div>\n            <div class=\"floating-circle\"><\/div>\n            <div class=\"floating-circle\"><\/div>\n        <\/div>\n        \n        <div class=\"content\">\n            <div class=\"cta-text\">Ready to explore the insights that drive smarter decisions?<\/div>\n            <div class=\"cta-subheading\">Contact our Research experts today.<\/div>\n            <a href=\"mailto:Research@sisinternational.com\" class=\"cta-button\">Contact us now!<\/a>\n        <\/div>\n    <\/div>\n<\/body>\n<\/html>\n\n\n\n<p><\/p>\n\n\n\n<h2 class=\"wp-block-heading\" id=\"key-success-factors\">Principais fatores de sucesso<\/h2>\n\n\n\n<p>Os fatores de sucesso na pesquisa de mercado de joias s\u00e3o muito semelhantes aos de outras ind\u00fastrias. A coleta de dados e informa\u00e7\u00f5es \u00e9 fundamental, pois permite que as empresas abordem o mercado com vantagem. A pesquisa de mercado \u00e9 feita com precis\u00e3o para fornecer informa\u00e7\u00f5es v\u00e1lidas e confi\u00e1veis.<\/p>\n\n\n\n<ul class=\"wp-block-list\">\n<li>Coletando informa\u00e7\u00f5es sobre o produto<\/li>\n\n\n\n<li>Coletando resultados<\/li>\n\n\n\n<li>Compara\u00e7\u00e3o dos resultados por localiza\u00e7\u00e3o (em todo o mundo)<\/li>\n\n\n\n<li>Analisando os diversos concorrentes do mercado de joias<\/li>\n<\/ul>\n\n\n\n<h2 class=\"wp-block-heading\" id=\"about-jewelry-market-research\">Sobre pesquisa de mercado de joias<\/h2>\n\n\n\n<p>As joias desempenham um papel muito importante na moda e nos costumes da sociedade moderna. A Pesquisa de Mercado de Joias coleta informa\u00e7\u00f5es e dados confi\u00e1veis. \u00c9 uma ferramenta muito \u00fatil para quem deseja tomar decis\u00f5es curadas em termos de produ\u00e7\u00e3o, vendas, marketing e planejamento de neg\u00f3cios.<\/p>\n\n\n<h2>Localiza\u00e7\u00e3o de nossas instala\u00e7\u00f5es em Nova York<\/h2>\n<p><!-- \/wp:post-content --> <!-- wp:html --> <iframe loading=\"lazy\" src=\"https:\/\/www.google.com\/maps\/embed?pb=!1m18!1m12!1m3!1d3022.976188376966!2d-73.99130312499956!3d40.740549471389315!2m3!1f0!2f0!3f0!3m2!1i1024!2i768!4f13.1!3m3!1m2!1s0x89c259a15798c731%3A0xd695d09bdd495f25!2s11%20E%2022nd%20St%20FL%202%2C%20New%20York%2C%20NY%2010010%2C%20USA!5e0!3m2!1sen!2spe!4v1726171763526!5m2!1sen!2spe\" width=\"600\" height=\"450\" allowfullscreen=\"allowfullscreen\" data-mce-fragment=\"1\"><\/iframe> <!-- \/wp:html --> <!-- wp:paragraph --><\/p>\n<h3 class=\"wp-block-heading\">11 E 22nd Street, andar 2, Nova York, NY 10010 T: +1(212) 505-6805<\/h3>\n<hr \/>\n<h2><span style=\"font-weight: 400;\">Sobre SIS Internacional<\/span><\/h2>\n<p><a href=\"https:\/\/www.sisinternational.com\/pt\/\"><span style=\"font-weight: 400;\">SIS Internacional<\/span><\/a><span style=\"font-weight: 400;\"> oferece pesquisa quantitativa, qualitativa e estrat\u00e9gica. Fornecemos dados, ferramentas, estrat\u00e9gias, relat\u00f3rios e insights para a tomada de decis\u00f5es. Tamb\u00e9m realizamos entrevistas, pesquisas, grupos focais e outros m\u00e9todos e abordagens de Pesquisa de Mercado.<\/span><a href=\"https:\/\/www.sisinternational.com\/pt\/sobre-a-sis-international-research\/contact-sis-international-market-research\/\"><span style=\"font-weight: 400;\"> Entre em contato conosco<\/span><\/a><span style=\"font-weight: 400;\"> para o seu pr\u00f3ximo projeto de pesquisa de mercado.<\/span><\/p>\n<p>\u00a0<\/p>","protected":false},"excerpt":{"rendered":"<p>A pesquisa de mercado de joias re\u00fane informa\u00e7\u00f5es sobre os tipos de joias e a influ\u00eancia do mercado sobre empresas fabricantes e vendedores particulares.<\/p>","protected":false},"author":1,"featured_media":64623,"parent":14514,"menu_order":176,"comment_status":"closed","ping_status":"closed","template":"","meta":{"footnotes":""},"class_list":["post-41485","page","type-page","status-publish","has-post-thumbnail"],"_links":{"self":[{"href":"https:\/\/www.sisinternational.com\/pt\/wp-json\/wp\/v2\/pages\/41485","targetHints":{"allow":["GET"]}}],"collection":[{"href":"https:\/\/www.sisinternational.com\/pt\/wp-json\/wp\/v2\/pages"}],"about":[{"href":"https:\/\/www.sisinternational.com\/pt\/wp-json\/wp\/v2\/types\/page"}],"author":[{"embeddable":true,"href":"https:\/\/www.sisinternational.com\/pt\/wp-json\/wp\/v2\/users\/1"}],"replies":[{"embeddable":true,"href":"https:\/\/www.sisinternational.com\/pt\/wp-json\/wp\/v2\/comments?post=41485"}],"version-history":[{"count":8,"href":"https:\/\/www.sisinternational.com\/pt\/wp-json\/wp\/v2\/pages\/41485\/revisions"}],"predecessor-version":[{"id":81202,"href":"https:\/\/www.sisinternational.com\/pt\/wp-json\/wp\/v2\/pages\/41485\/revisions\/81202"}],"up":[{"embeddable":true,"href":"https:\/\/www.sisinternational.com\/pt\/wp-json\/wp\/v2\/pages\/14514"}],"wp:featuredmedia":[{"embeddable":true,"href":"https:\/\/www.sisinternational.com\/pt\/wp-json\/wp\/v2\/media\/64623"}],"wp:attachment":[{"href":"https:\/\/www.sisinternational.com\/pt\/wp-json\/wp\/v2\/media?parent=41485"}],"curies":[{"name":"wp","href":"https:\/\/api.w.org\/{rel}","templated":true}]}}