{"id":41480,"date":"2023-02-12T03:19:00","date_gmt":"2023-02-12T03:19:00","guid":{"rendered":"https:\/\/www.sisinternational.com\/?page_id=41480"},"modified":"2026-01-24T21:02:05","modified_gmt":"2026-01-25T02:02:05","slug":"pesquisa-de-mercado-de-oleo-para-aquecimento-2","status":"publish","type":"page","link":"https:\/\/www.sisinternational.com\/pt\/pericia\/pesquisa-de-mercado-de-oleo-para-aquecimento-2\/","title":{"rendered":"Pesquisa de mercado de \u00f3leo para aquecimento"},"content":{"rendered":"<h1 class=\"wp-block-heading\">Pesquisa de mercado de \u00f3leo para aquecimento<\/h1>\n\n\n\n<figure class=\"gb-block-image gb-block-image-988cff31\"><img loading=\"lazy\" decoding=\"async\" width=\"1456\" height=\"816\" class=\"gb-image gb-image-988cff31\" src=\"https:\/\/www.sisinternational.com\/wp-content\/uploads\/2025\/08\/Palm-oiil-5.jpg\" alt=\"Pesquisa e Estrat\u00e9gia de Mercado Internacional da SIS\" title=\"Palm oiil (5)\" srcset=\"https:\/\/www.sisinternational.com\/wp-content\/uploads\/2025\/08\/Palm-oiil-5.jpg 1456w, https:\/\/www.sisinternational.com\/wp-content\/uploads\/2025\/08\/Palm-oiil-5-300x168.jpg 300w, https:\/\/www.sisinternational.com\/wp-content\/uploads\/2025\/08\/Palm-oiil-5-1024x574.jpg 1024w, https:\/\/www.sisinternational.com\/wp-content\/uploads\/2025\/08\/Palm-oiil-5-768x430.jpg 768w, https:\/\/www.sisinternational.com\/wp-content\/uploads\/2025\/08\/Palm-oiil-5-18x10.jpg 18w\" sizes=\"auto, (max-width: 1456px) 100vw, 1456px\"><\/figure>\n\n\n\n<p><\/p>\n\n\n\n<p>A pesquisa de mercado de \u00f3leo para aquecimento concentra-se nas tend\u00eancias, dados e insights tanto sobre \u00f3leo para aquecimento para resid\u00eancias quanto sobre \u00f3leo para aquecimento para empresas. A ind\u00fastria do \u00f3leo para aquecimento tem crescido continuamente ao longo dos anos, especialmente porque desempenha um papel importante na economia global. A Pesquisa de Mercado fornece insights sobre a ind\u00fastria de \u00f3leo para aquecimento e sua influ\u00eancia em v\u00e1rios setores, e seus muitos usos tanto para resid\u00eancias quanto para empresas.<\/p>\n\n\n\n<h2 class=\"wp-block-heading\">Compreendendo o \u00f3leo para aquecimento<\/h2>\n\n\n\n<p>O \u00f3leo para aquecimento \u00e9 um tipo de l\u00edquido derivado do petr\u00f3leo que passa por um processo de destila\u00e7\u00e3o. Suas propriedades s\u00e3o as mesmas do diesel, exceto por pequenas diferen\u00e7as em sua estrutura qu\u00edmica. O principal uso do \u00f3leo para aquecimento \u00e9 em fornos, caldeiras e aquecedores de \u00e1gua.<\/p>\n\n\n\n<h3 class=\"wp-block-heading\">Benef\u00edcios do uso de \u00f3leo para aquecimento<\/h3>\n\n\n\n<p>Dado que o aquecimento \u00e9 necess\u00e1rio para muitas atividades quotidianas, pode-se dizer que a compreens\u00e3o dos dados e das estrat\u00e9gias da ind\u00fastria do \u00f3leo para aquecimento ajudar\u00e1 v\u00e1rios setores. Podem ser empresas que produzem ou distribuem \u00f3leo para aquecimento, ou pode ser qualquer ind\u00fastria que utilize \u00f3leo para aquecimento em seus processos ou m\u00e1quinas.<\/p>\n\n\n\n<h3 class=\"wp-block-heading\">Abaixo est\u00e3o alguns dos principais usos do \u00f3leo para aquecimento que t\u00eam um grande impacto nos v\u00e1rios setores econ\u00f3micos que o utilizam:<\/h3>\n\n\n\n<p>Confi\u00e1vel e seguro. O \u00f3leo para aquecimento tem um processo de aquecimento mais eficiente. N\u00e3o produz mon\u00f3xido de carbono e n\u00e3o apresenta risco de explos\u00e3o quando armazenado.<\/p>\n\n\n\n<p>Os sistemas duram mais. Nas ind\u00fastrias onde o \u00f3leo para aquecimento \u00e9 usado para aquecer o ar ou mesmo o sistema de \u00e1gua, ele pode durar muito tempo. Desde que o interior do tanque de \u00f3leo esteja livre de sujeira ou outras impurezas, voc\u00ea pode esperar que o sistema de aquecimento funcione de forma eficiente.<\/p>\n\n\n\n<p>Mais quente e vers\u00e1til. Tamb\u00e9m \u00e9 mais quente que o g\u00e1s natural; portanto, aquece mais r\u00e1pido e requer menos quantidade de \u00f3leo usado com os mesmos resultados.<\/p>\n\n\n\n<p>O \u00f3leo de aquecimento est\u00e1 limpo. Nas \u00faltimas d\u00e9cadas, o \u00f3leo para aquecimento se desenvolveu e agora \u00e9 mais limpo que o 90% devido a melhores processos de destila\u00e7\u00e3o e purifica\u00e7\u00e3o. Tamb\u00e9m n\u00e3o produz fuligem nem odor e \u00e9 diferente do g\u00e1s natural, que produz emiss\u00f5es de metano que contribuem para o aquecimento global.<\/p>\n\n\n\n<h2 class=\"wp-block-heading\">An\u00e1lise do segmento de mercado de \u00f3leo de aquecimento<\/h2>\n\n\n\n<figure class=\"gb-block-image gb-block-image-d92e4f13\"><img loading=\"lazy\" decoding=\"async\" width=\"1456\" height=\"816\" class=\"gb-image gb-image-d92e4f13\" src=\"https:\/\/www.sisinternational.com\/wp-content\/uploads\/2025\/08\/Palm-oiil-1.jpg\" alt=\"Pesquisa e Estrat\u00e9gia de Mercado Internacional da SIS\" title=\"Palm oiil (1)\" srcset=\"https:\/\/www.sisinternational.com\/wp-content\/uploads\/2025\/08\/Palm-oiil-1.jpg 1456w, https:\/\/www.sisinternational.com\/wp-content\/uploads\/2025\/08\/Palm-oiil-1-300x168.jpg 300w, https:\/\/www.sisinternational.com\/wp-content\/uploads\/2025\/08\/Palm-oiil-1-1024x574.jpg 1024w, https:\/\/www.sisinternational.com\/wp-content\/uploads\/2025\/08\/Palm-oiil-1-768x430.jpg 768w, https:\/\/www.sisinternational.com\/wp-content\/uploads\/2025\/08\/Palm-oiil-1-18x10.jpg 18w\" sizes=\"auto, (max-width: 1456px) 100vw, 1456px\"><\/figure>\n\n\n\n<h3 class=\"wp-block-heading\">O mercado global de \u00f3leo de aquecimento \u00e9 segmentado por tipo de produto e suas aplica\u00e7\u00f5es. Existem v\u00e1rios tipos de \u00f3leo para aquecimento e suas utiliza\u00e7\u00f5es:<\/h3>\n\n\n\n<p><strong>Gas\u00f3leo \u2013<\/strong> Este \u00e9 o tipo mais pesado entre os outros tipos de \u00f3leo para aquecimento e \u00e9 usado principalmente em ve\u00edculos todo-o-terreno, como os utilizados na agricultura e no transporte ferrovi\u00e1rio. Al\u00e9m disso, este \u00e9 o tipo de \u00f3leo de aquecimento usado para alimentar geradores, certas m\u00e1quinas e caldeiras mais antigas.<\/p>\n\n\n\n<p><strong>Combust\u00edvel de Forno \u2013<\/strong> Este \u00e9 o tipo de \u00f3leo usado para alimentar fornos em edif\u00edcios comunit\u00e1rios, como escolas e caldeiras comerciais, e caldeiras a vapor em usinas de energia. Este tipo de \u00f3leo para aquecimento \u00e9 geralmente escuro e viscoso, sem teor de umidade.<\/p>\n\n\n\n<p><strong>Querosene \u2013<\/strong> Comumente conhecido como \u00f3leo para aquecimento dom\u00e9stico, o querosene \u00e9 mais leve que o gas\u00f3leo e um hidrocarboneto l\u00edquido inflam\u00e1vel. Sua composi\u00e7\u00e3o qu\u00edmica \u00e9 formada por uma mistura de parafina, naftenos e areno, ou hidrocarbonetos arom\u00e1ticos. Este \u00e9 o tipo de \u00f3leo de aquecimento utilizado em sistemas de aquecimento dom\u00e9stico ou central.<\/p>\n\n\n\n<p><strong>Querosene Premium \u2013<\/strong> Este \u00e9 outro tipo de \u00f3leo para aquecimento dom\u00e9stico que \u00e9 simplesmente um querosene padr\u00e3o que cont\u00e9m aditivos. Esses aditivos tornam o querosene premium uma escolha melhor do que o padr\u00e3o, pois minimiza o ac\u00famulo de dep\u00f3sitos, diminuindo assim a necessidade de manuten\u00e7\u00e3o e tornando-o um combust\u00edvel mais ecol\u00f3gico e limpo.<\/p>\n\n\n\n<p><strong>Querosene Kleenburn \u2013<\/strong> Heating <a href=\"https:\/\/www.sisinternational.com\/pt\/solucoes\/pesquisa-de-mercado-de-oleodutos-e-gasodutos\/\" title=\"Pesquisa de mercado de oleodutos e gasodutos\"  data-wpil-monitor-id=\"2160\">oil market research<\/a> provides insights for years, which is why the development of better fuel options is possible. This is the same with the Kleenburn kerosene, as this is specifically designed to improve oil performance. This type reduces fuel consumption, thus resulting in low emissions and being environmentally safe.<\/p>\n\n\n\n<h2 class=\"wp-block-heading\">Principais impulsionadores e tend\u00eancias na ind\u00fastria de \u00f3leo para aquecimento<\/h2>\n\n\n\n<p>The fluctuation in heating oil prices has affected a lot of businesses in the heating oil sector, including other refinancing companies. Market <a href=\"https:\/\/www.sisinternational.com\/pt\/pericia\/industrias\/pesquisa-de-mercado-com-mapa-de-calor\/\" title=\"Pesquisa de mercado com mapa de calor\"  data-wpil-monitor-id=\"3102\">pesquisar<\/a> provides insights into these factors that can impact the growth process of the global heating oil market.<\/p>\n\n\n\n<h3 class=\"wp-block-heading\">Alguns dos fatores que afetam os pre\u00e7os do \u00f3leo para aquecimento s\u00e3o:<\/h3>\n\n\n\n<p>Clima. O inverno \u00e9 quando o uso de \u00f3leo para aquecimento aumenta devido \u00e0 queda da temperatura. Al\u00e9m disso, existem tempestades de inverno que podem afetar o fornecimento de \u00f3leos para aquecimento. Olhando para o panorama geral, isto ter\u00e1 impacto na oferta e na procura, o que ter\u00e1 impacto direto nos pre\u00e7os do \u00f3leo para aquecimento.<\/p>\n\n\n\n<p>Consumo. Pode-se esperar que a popula\u00e7\u00e3o mundial s\u00f3 cres\u00e7a. Quanto mais pessoas houver, mais r\u00e1pido o \u00f3leo para aquecimento poder\u00e1 ser consumido em v\u00e1rios processos e sistemas de aquecimento. Isso pode diminuir a oferta e aumentar a demanda.<\/p>\n\n\n\n<p>\u00d3leo cru. O pre\u00e7o do petr\u00f3leo bruto \u00e9 baseado na oferta e procura globais. Os acontecimentos pol\u00edticos e mesmo as altera\u00e7\u00f5es clim\u00e1ticas, bem como a quantidade de petr\u00f3leo bruto produzido, tamb\u00e9m ter\u00e3o impacto na ind\u00fastria do \u00f3leo para aquecimento.<\/p>\n\n\n\n<p>Custos operacionais. A distribui\u00e7\u00e3o e entrega de \u00f3leo para aquecimento tamb\u00e9m est\u00e3o a afectar os pre\u00e7os do \u00f3leo para aquecimento. O custo de produ\u00e7\u00e3o, de fazer neg\u00f3cios e a dist\u00e2ncia de onde o \u00f3leo para aquecimento veio e \u00e9 entregue desempenham um papel importante nos pre\u00e7os do \u00f3leo para aquecimento.<\/p>\n\n\n\n<h2 class=\"wp-block-heading\">O que voc\u00ea pode extrair da pesquisa de mercado de \u00f3leo para aquecimento<\/h2>\n\n\n\n<figure class=\"gb-block-image gb-block-image-d00ceb8a\"><img loading=\"lazy\" decoding=\"async\" width=\"1456\" height=\"816\" class=\"gb-image gb-image-d00ceb8a\" src=\"https:\/\/www.sisinternational.com\/wp-content\/uploads\/2025\/08\/Palm-oiil-3.jpg\" alt=\"Pesquisa e Estrat\u00e9gia de Mercado Internacional da SIS\" title=\"Palm oiil (3)\" srcset=\"https:\/\/www.sisinternational.com\/wp-content\/uploads\/2025\/08\/Palm-oiil-3.jpg 1456w, https:\/\/www.sisinternational.com\/wp-content\/uploads\/2025\/08\/Palm-oiil-3-300x168.jpg 300w, https:\/\/www.sisinternational.com\/wp-content\/uploads\/2025\/08\/Palm-oiil-3-1024x574.jpg 1024w, https:\/\/www.sisinternational.com\/wp-content\/uploads\/2025\/08\/Palm-oiil-3-768x430.jpg 768w, https:\/\/www.sisinternational.com\/wp-content\/uploads\/2025\/08\/Palm-oiil-3-18x10.jpg 18w\" sizes=\"auto, (max-width: 1456px) 100vw, 1456px\"><\/figure>\n\n\n\n<p><\/p>\n\n\n\n<h3 class=\"wp-block-heading\">A Pesquisa de Mercado fornece insights sobre a ind\u00fastria de \u00f3leo para aquecimento com base no objetivo da pesquisa. Listados est\u00e3o alguns dos dados e informa\u00e7\u00f5es da Pesquisa de Mercado de \u00d3leo de Aquecimento:<\/h3>\n\n\n\n<ul class=\"wp-block-list\">\n<li>Defini\u00e7\u00e3o do mercado de \u00f3leo para aquecimento<\/li>\n\n\n\n<li>An\u00e1lise do segmento de mercado de \u00f3leo de aquecimento<\/li>\n\n\n\n<li>Segmenta\u00e7\u00e3o geogr\u00e1fica e compara\u00e7\u00e3o<\/li>\n\n\n\n<li>Principais regi\u00f5es ou pa\u00edses l\u00edderes na ind\u00fastria de \u00f3leo para aquecimento<\/li>\n\n\n\n<li>Drivers de mercado, bem como dados e estrat\u00e9gias na ind\u00fastria de \u00f3leo para aquecimento<\/li>\n\n\n\n<li>Desafios e oportunidades do mercado<\/li>\n\n\n\n<li>Condi\u00e7\u00f5es e amea\u00e7as do mercado de petr\u00f3leo para aquecimento<\/li>\n\n\n\n<li>Tend\u00eancias e previs\u00f5es do mercado de \u00f3leo para aquecimento<\/li>\n\n\n\n<li>Cen\u00e1rio e an\u00e1lise do fornecedor<\/li>\n\n\n\n<li>Descubra estrat\u00e9gias que ajudar\u00e3o a estabelecer o crescimento competitivo no setor<\/li>\n\n\n\n<li>Encontre maneiras de colaborar com outras empresas e setores para expans\u00e3o<\/li>\n<\/ul>\n\n\n\n<h2 class=\"wp-block-heading\">Sobre a pesquisa de mercado de \u00f3leo para aquecimento<\/h2>\n\n\n\n<p>Heating <a href=\"https:\/\/www.sisinternational.com\/pt\/pericia\/industrias\/pesquisa-de-mercado-de-plataformas-de-petroleo\/\" title=\"Pesquisa de mercado de plataformas petrol\u00edferas\"  data-wpil-monitor-id=\"3076\">Oil Market Research<\/a> provides valuable information and insights to key players in the heating oil industry and other sectors that are using it. The need to gather credible and reliable data and strategies in the heating oil industry can help the heating oil sector grow as well as the businesses around it.<\/p>\n\n\n\n<p><\/p>","protected":false},"excerpt":{"rendered":"<p>A pesquisa de mercado de \u00f3leo de aquecimento fornece informa\u00e7\u00f5es e insights valiosos para os principais players da ind\u00fastria de \u00f3leo de aquecimento e outros setores.<\/p>","protected":false},"author":1,"featured_media":64227,"parent":14514,"menu_order":174,"comment_status":"closed","ping_status":"closed","template":"","meta":{"footnotes":""},"class_list":["post-41480","page","type-page","status-publish","has-post-thumbnail"],"_links":{"self":[{"href":"https:\/\/www.sisinternational.com\/pt\/wp-json\/wp\/v2\/pages\/41480","targetHints":{"allow":["GET"]}}],"collection":[{"href":"https:\/\/www.sisinternational.com\/pt\/wp-json\/wp\/v2\/pages"}],"about":[{"href":"https:\/\/www.sisinternational.com\/pt\/wp-json\/wp\/v2\/types\/page"}],"author":[{"embeddable":true,"href":"https:\/\/www.sisinternational.com\/pt\/wp-json\/wp\/v2\/users\/1"}],"replies":[{"embeddable":true,"href":"https:\/\/www.sisinternational.com\/pt\/wp-json\/wp\/v2\/comments?post=41480"}],"version-history":[{"count":6,"href":"https:\/\/www.sisinternational.com\/pt\/wp-json\/wp\/v2\/pages\/41480\/revisions"}],"predecessor-version":[{"id":77399,"href":"https:\/\/www.sisinternational.com\/pt\/wp-json\/wp\/v2\/pages\/41480\/revisions\/77399"}],"up":[{"embeddable":true,"href":"https:\/\/www.sisinternational.com\/pt\/wp-json\/wp\/v2\/pages\/14514"}],"wp:featuredmedia":[{"embeddable":true,"href":"https:\/\/www.sisinternational.com\/pt\/wp-json\/wp\/v2\/media\/64227"}],"wp:attachment":[{"href":"https:\/\/www.sisinternational.com\/pt\/wp-json\/wp\/v2\/media?parent=41480"}],"curies":[{"name":"wp","href":"https:\/\/api.w.org\/{rel}","templated":true}]}}